{"id":70702,"date":"2025-11-21T08:25:56","date_gmt":"2025-11-21T07:25:56","guid":{"rendered":"https:\/\/meblekuchenne.pl\/sklep\/?post_type=product&#038;p=70702"},"modified":"2026-03-31T12:59:27","modified_gmt":"2026-03-31T10:59:27","slug":"zw8lp-p4","status":"publish","type":"product","link":"https:\/\/meblekuchenne.pl\/sklep\/product\/zw8lp-p4\/","title":{"rendered":"Wyspa kuchenna Kam ZW8LP &#8211; P4"},"content":{"rendered":"<h2>Wyspa kuchenna Kam ZW8LP &#8211; P4<\/h2>\n<p>&nbsp;<\/p>\n<h2 data-start=\"227\" data-end=\"299\"><strong data-start=\"227\" data-end=\"299\">Wyspy kuchenne KAM MONO \u2013 gotowe rozwi\u0105zania do kuchni<\/strong><\/h2>\n<p data-start=\"301\" data-end=\"633\">Wyspy kuchenne KAM MONO to gotowe modu\u0142y dopasowane wymiarowo i stylistycznie do zabudowy tej kolekcji. U\u0142atwiaj\u0105 budow\u0119 mebli kuchennych z wysp\u0105 \u2013 zar\u00f3wno w aneksach, jak i w kuchniach zamkni\u0119tych czy otwartych na salon. W jednym elemencie zyskujesz dodatkowy blat roboczy i czytelne domkni\u0119cie strefy kuchennej.<\/p>\n<p data-start=\"635\" data-end=\"1045\">Ka\u017cda wyspa jest konfigurowana po wymiarze wewn\u0119trznym (odleg\u0142o\u015b\u0107 mi\u0119dzy bokami). Pozwala to dopasowa\u0107 j\u0105 do istniej\u0105cego pomieszczenia i zachowa\u0107 wymagane przej\u015bcia w kuchni. Konstrukcje bazuj\u0105 na systemie Kammono, dzi\u0119ki czemu mo\u017cna je \u0142\u0105czy\u0107 z szafkami dolnymi i blatami z tej samej kolekcji. Niemniej s\u0105 to przede wszystkim <strong>niezale\u017cne gotowe wyspy kuchenne<\/strong>. Mog\u0105 sta\u0107 samodzielnie w kuchni lub uzupe\u0142nia\u0107 inne zestawy mebli kuchennych.<\/p>\n<h3 data-start=\"1047\" data-end=\"1085\"><strong data-start=\"1047\" data-end=\"1085\">Wyspa kuchenna KAM MONO &#8211; najwa\u017cniejsze cechy<\/strong><\/h3>\n<ul data-start=\"1087\" data-end=\"1352\">\n<li data-start=\"1087\" data-end=\"1137\">\n<p data-start=\"1089\" data-end=\"1137\">sp\u00f3jno\u015b\u0107 wymiar\u00f3w i dekor\u00f3w z systemem szafek,<\/p>\n<\/li>\n<li data-start=\"1138\" data-end=\"1209\">\n<p data-start=\"1140\" data-end=\"1209\">powtarzalna, przewidywalna konstrukcja \u2013 bez projektowania od zera,<\/p>\n<\/li>\n<li data-start=\"1210\" data-end=\"1290\">\n<p data-start=\"1212\" data-end=\"1290\">mo\u017cliwo\u015b\u0107 pracy jako samodzielna wyspa kuchenna lub element pe\u0142nej zabudowy,<\/p>\n<\/li>\n<li data-start=\"1291\" data-end=\"1352\">\n<p data-start=\"1293\" data-end=\"1352\">zastosowanie w aneksach, kuchniach zamkni\u0119tych i otwartych.<\/p>\n<\/li>\n<\/ul>\n<h3 data-start=\"1354\" data-end=\"1404\"><strong data-start=\"1354\" data-end=\"1404\">Jak zam\u00f3wi\u0107 wysp\u0119 kuchenn\u0105 KAM MONO w sklepie:<\/strong><\/h3>\n<ol data-start=\"1406\" data-end=\"1704\">\n<li data-start=\"1406\" data-end=\"1515\">\n<p data-start=\"1409\" data-end=\"1515\">Wybierz model odpowiadaj\u0105cy uk\u0142adowi pomieszczenia (z przegrod\u0105, pod szafki, z miejscem na hokery itd.).<\/p>\n<\/li>\n<li data-start=\"1516\" data-end=\"1613\">\n<p data-start=\"1519\" data-end=\"1613\">W konfiguratorze wpisz wymagany <strong data-start=\"1551\" data-end=\"1578\">wymiar wewn\u0119trzny wyspy<\/strong> i uzupe\u0142nij pozosta\u0142e parametry.<\/p>\n<\/li>\n<li data-start=\"1614\" data-end=\"1704\">\n<p data-start=\"1617\" data-end=\"1704\">Dobierz dekor front\u00f3w i blat tak, aby ca\u0142o\u015b\u0107 by\u0142a sp\u00f3jna z reszt\u0105 <strong data-start=\"1683\" data-end=\"1703\">mebli kuchennych<\/strong>.<\/p>\n<\/li>\n<\/ol>\n<p data-start=\"1706\" data-end=\"2035\">Je\u015bli planujesz pe\u0142n\u0105 <strong data-start=\"1728\" data-end=\"1747\">kuchni\u0119 z wysp\u0105<\/strong> w systemie KAM MONO, mo\u017cesz skorzysta\u0107 z naszej pomocy zamawiaj\u0105c projekt kuchni. Pomo\u017cemy Ci na ka\u017cdym etapie &#8211; od doboru korpus\u00f3w i front\u00f3w, przez uk\u0142ad stref roboczych, po wyposa\u017cenie wn\u0119trz szafek. Dzi\u0119ki temu wybrana wyspa kuchenna stanie si\u0119 integralnym elementem funkcjonalnej zabudowy, a nie osobnym meblem \u201edostawionym\u201d do kuchni.<\/p>\n","protected":false},"excerpt":{"rendered":"<p>Wyspa kuchenna Kam ZW8LP &#8211; P4 &nbsp; Wyspy kuchenne KAM MONO \u2013 gotowe rozwi\u0105zania do kuchni Wyspy kuchenne KAM MONO to gotowe modu\u0142y dopasowane wymiarowo i stylistycznie do zabudowy tej kolekcji. U\u0142atwiaj\u0105 budow\u0119 mebli kuchennych z wysp\u0105 \u2013 zar\u00f3wno w aneksach, jak i w kuchniach zamkni\u0119tych czy otwartych na salon. W jednym elemencie zyskujesz dodatkowy [&hellip;]<\/p>\n","protected":false},"featured_media":71530,"template":"","meta":[],"product_brand":[710],"product_cat":[775,796,767,454],"product_tag":[],"class_list":{"0":"post-70702","1":"product","2":"type-product","3":"status-publish","4":"has-post-thumbnail","6":"product_brand-meble-kam","7":"product_cat-wszystko","8":"product_cat-wyspy-kuchenne-sklep","9":"product_cat-wyspy-kam","10":"product_cat-meble-kam-mono","11":"product_shipping_class-wyspy-kam","13":"first","14":"instock","15":"shipping-taxable","16":"purchasable","17":"product-type-simple"},"yoast_head":"<!-- This site is optimized with the Yoast SEO Premium plugin v25.0 (Yoast SEO v25.0) - https:\/\/yoast.com\/wordpress\/plugins\/seo\/ -->\n<title>Wyspa kuchenna Kam ZW8LP - P4 - MebleKuchenne.PL - SKLEP<\/title>\n<meta name=\"robots\" content=\"index, follow, max-snippet:-1, max-image-preview:large, max-video-preview:-1\" \/>\n<link rel=\"canonical\" href=\"https:\/\/meblekuchenne.pl\/sklep\/product\/zw8lp-p4\/\" \/>\n<meta property=\"og:locale\" content=\"pl_PL\" \/>\n<meta property=\"og:type\" content=\"article\" \/>\n<meta property=\"og:title\" content=\"Wyspa kuchenna Kam ZW8LP - P4\" \/>\n<meta property=\"og:description\" content=\"Wyspa kuchenna Kam ZW8LP &#8211; P4 &nbsp; Wyspy kuchenne KAM MONO \u2013 gotowe rozwi\u0105zania do kuchni Wyspy kuchenne KAM MONO to gotowe modu\u0142y dopasowane wymiarowo i stylistycznie do zabudowy tej kolekcji. U\u0142atwiaj\u0105 budow\u0119 mebli kuchennych z wysp\u0105 \u2013 zar\u00f3wno w aneksach, jak i w kuchniach zamkni\u0119tych czy otwartych na salon. W jednym elemencie zyskujesz dodatkowy [&hellip;]\" \/>\n<meta property=\"og:url\" content=\"https:\/\/meblekuchenne.pl\/sklep\/product\/zw8lp-p4\/\" \/>\n<meta property=\"og:site_name\" content=\"MebleKuchenne.PL - SKLEP\" \/>\n<meta property=\"article:modified_time\" content=\"2026-03-31T10:59:27+00:00\" \/>\n<meta property=\"og:image\" content=\"https:\/\/meblekuchenne.pl\/sklep\/wp-content\/uploads\/2025\/11\/ZW8LP-11.webp\" \/>\n\t<meta property=\"og:image:width\" content=\"2000\" \/>\n\t<meta property=\"og:image:height\" content=\"2000\" \/>\n\t<meta property=\"og:image:type\" content=\"image\/webp\" \/>\n<meta name=\"twitter:card\" content=\"summary_large_image\" \/>\n<meta name=\"twitter:label1\" content=\"Cena\" \/>\n\t<meta name=\"twitter:data1\" content=\"0,00&nbsp;&#122;&#322;\" \/>\n\t<meta name=\"twitter:label2\" content=\"Dost\u0119pno\u015b\u0107\" \/>\n\t<meta name=\"twitter:data2\" content=\"Dost\u0119pny\" \/>\n<script type=\"application\/ld+json\" class=\"yoast-schema-graph\">{\"@context\":\"https:\/\/schema.org\",\"@graph\":[{\"@type\":\"WebPage\",\"@id\":\"https:\/\/meblekuchenne.pl\/sklep\/product\/zw8lp-p4\/\",\"url\":\"https:\/\/meblekuchenne.pl\/sklep\/product\/zw8lp-p4\/\",\"name\":\"Wyspa kuchenna Kam ZW8LP - P4 - MebleKuchenne.PL - SKLEP\",\"isPartOf\":{\"@id\":\"https:\/\/meblekuchenne.pl\/sklep\/#website\"},\"primaryImageOfPage\":{\"@id\":\"https:\/\/meblekuchenne.pl\/sklep\/product\/zw8lp-p4\/#primaryimage\"},\"image\":{\"@id\":\"https:\/\/meblekuchenne.pl\/sklep\/product\/zw8lp-p4\/#primaryimage\"},\"thumbnailUrl\":\"https:\/\/meblekuchenne.pl\/sklep\/wp-content\/uploads\/2025\/11\/ZW8LP-11.webp\",\"datePublished\":\"2025-11-21T07:25:56+00:00\",\"dateModified\":\"2026-03-31T10:59:27+00:00\",\"breadcrumb\":{\"@id\":\"https:\/\/meblekuchenne.pl\/sklep\/product\/zw8lp-p4\/#breadcrumb\"},\"inLanguage\":\"pl-PL\",\"potentialAction\":[{\"@type\":\"ReadAction\",\"target\":[\"https:\/\/meblekuchenne.pl\/sklep\/product\/zw8lp-p4\/\"]}]},{\"@type\":\"ImageObject\",\"inLanguage\":\"pl-PL\",\"@id\":\"https:\/\/meblekuchenne.pl\/sklep\/product\/zw8lp-p4\/#primaryimage\",\"url\":\"https:\/\/meblekuchenne.pl\/sklep\/wp-content\/uploads\/2025\/11\/ZW8LP-11.webp\",\"contentUrl\":\"https:\/\/meblekuchenne.pl\/sklep\/wp-content\/uploads\/2025\/11\/ZW8LP-11.webp\",\"width\":2000,\"height\":2000},{\"@type\":\"BreadcrumbList\",\"@id\":\"https:\/\/meblekuchenne.pl\/sklep\/product\/zw8lp-p4\/#breadcrumb\",\"itemListElement\":[{\"@type\":\"ListItem\",\"position\":1,\"name\":\"Strona g\u0142\u00f3wna\",\"item\":\"https:\/\/meblekuchenne.pl\/sklep\/\"},{\"@type\":\"ListItem\",\"position\":2,\"name\":\"Sklep\",\"item\":\"https:\/\/meblekuchenne.pl\/sklep\/sklep\/\"},{\"@type\":\"ListItem\",\"position\":3,\"name\":\"Wyspa kuchenna Kam ZW8LP &#8211; P4\"}]},{\"@type\":\"WebSite\",\"@id\":\"https:\/\/meblekuchenne.pl\/sklep\/#website\",\"url\":\"https:\/\/meblekuchenne.pl\/sklep\/\",\"name\":\"MebleKuchenne.PL - SKLEP\",\"description\":\"\",\"publisher\":{\"@id\":\"https:\/\/meblekuchenne.pl\/sklep\/#organization\"},\"potentialAction\":[{\"@type\":\"SearchAction\",\"target\":{\"@type\":\"EntryPoint\",\"urlTemplate\":\"https:\/\/meblekuchenne.pl\/sklep\/?s={search_term_string}\"},\"query-input\":{\"@type\":\"PropertyValueSpecification\",\"valueRequired\":true,\"valueName\":\"search_term_string\"}}],\"inLanguage\":\"pl-PL\"},{\"@type\":\"Organization\",\"@id\":\"https:\/\/meblekuchenne.pl\/sklep\/#organization\",\"name\":\"MebleKuchenne.PL - SKLEP\",\"url\":\"https:\/\/meblekuchenne.pl\/sklep\/\",\"logo\":{\"@type\":\"ImageObject\",\"inLanguage\":\"pl-PL\",\"@id\":\"https:\/\/meblekuchenne.pl\/sklep\/#\/schema\/logo\/image\/\",\"url\":\"https:\/\/meblekuchenne.pl\/sklep\/wp-content\/uploads\/2025\/06\/cropped-cropped-logo.webp\",\"contentUrl\":\"https:\/\/meblekuchenne.pl\/sklep\/wp-content\/uploads\/2025\/06\/cropped-cropped-logo.webp\",\"width\":735,\"height\":715,\"caption\":\"MebleKuchenne.PL - SKLEP\"},\"image\":{\"@id\":\"https:\/\/meblekuchenne.pl\/sklep\/#\/schema\/logo\/image\/\"}}]}<\/script>\n<meta property=\"product:price:amount\" content=\"0.00\" \/>\n<meta property=\"product:price:currency\" content=\"PLN\" \/>\n<meta property=\"og:availability\" content=\"instock\" \/>\n<meta property=\"product:availability\" content=\"instock\" \/>\n<meta property=\"product:condition\" content=\"new\" \/>\n<!-- \/ Yoast SEO Premium plugin. -->","yoast_head_json":{"title":"Wyspa kuchenna Kam ZW8LP - P4 - MebleKuchenne.PL - SKLEP","robots":{"index":"index","follow":"follow","max-snippet":"max-snippet:-1","max-image-preview":"max-image-preview:large","max-video-preview":"max-video-preview:-1"},"canonical":"https:\/\/meblekuchenne.pl\/sklep\/product\/zw8lp-p4\/","og_locale":"pl_PL","og_type":"article","og_title":"Wyspa kuchenna Kam ZW8LP - P4","og_description":"Wyspa kuchenna Kam ZW8LP &#8211; P4 &nbsp; Wyspy kuchenne KAM MONO \u2013 gotowe rozwi\u0105zania do kuchni Wyspy kuchenne KAM MONO to gotowe modu\u0142y dopasowane wymiarowo i stylistycznie do zabudowy tej kolekcji. U\u0142atwiaj\u0105 budow\u0119 mebli kuchennych z wysp\u0105 \u2013 zar\u00f3wno w aneksach, jak i w kuchniach zamkni\u0119tych czy otwartych na salon. W jednym elemencie zyskujesz dodatkowy [&hellip;]","og_url":"https:\/\/meblekuchenne.pl\/sklep\/product\/zw8lp-p4\/","og_site_name":"MebleKuchenne.PL - SKLEP","article_modified_time":"2026-03-31T10:59:27+00:00","og_image":[{"width":2000,"height":2000,"url":"https:\/\/meblekuchenne.pl\/sklep\/wp-content\/uploads\/2025\/11\/ZW8LP-11.webp","type":"image\/webp"}],"twitter_card":"summary_large_image","twitter_misc":{"Cena":"0,00&nbsp;&#122;&#322;","Dost\u0119pno\u015b\u0107":"Dost\u0119pny"},"schema":{"@context":"https:\/\/schema.org","@graph":[{"@type":"WebPage","@id":"https:\/\/meblekuchenne.pl\/sklep\/product\/zw8lp-p4\/","url":"https:\/\/meblekuchenne.pl\/sklep\/product\/zw8lp-p4\/","name":"Wyspa kuchenna Kam ZW8LP - P4 - MebleKuchenne.PL - SKLEP","isPartOf":{"@id":"https:\/\/meblekuchenne.pl\/sklep\/#website"},"primaryImageOfPage":{"@id":"https:\/\/meblekuchenne.pl\/sklep\/product\/zw8lp-p4\/#primaryimage"},"image":{"@id":"https:\/\/meblekuchenne.pl\/sklep\/product\/zw8lp-p4\/#primaryimage"},"thumbnailUrl":"https:\/\/meblekuchenne.pl\/sklep\/wp-content\/uploads\/2025\/11\/ZW8LP-11.webp","datePublished":"2025-11-21T07:25:56+00:00","dateModified":"2026-03-31T10:59:27+00:00","breadcrumb":{"@id":"https:\/\/meblekuchenne.pl\/sklep\/product\/zw8lp-p4\/#breadcrumb"},"inLanguage":"pl-PL","potentialAction":[{"@type":"ReadAction","target":["https:\/\/meblekuchenne.pl\/sklep\/product\/zw8lp-p4\/"]}]},{"@type":"ImageObject","inLanguage":"pl-PL","@id":"https:\/\/meblekuchenne.pl\/sklep\/product\/zw8lp-p4\/#primaryimage","url":"https:\/\/meblekuchenne.pl\/sklep\/wp-content\/uploads\/2025\/11\/ZW8LP-11.webp","contentUrl":"https:\/\/meblekuchenne.pl\/sklep\/wp-content\/uploads\/2025\/11\/ZW8LP-11.webp","width":2000,"height":2000},{"@type":"BreadcrumbList","@id":"https:\/\/meblekuchenne.pl\/sklep\/product\/zw8lp-p4\/#breadcrumb","itemListElement":[{"@type":"ListItem","position":1,"name":"Strona g\u0142\u00f3wna","item":"https:\/\/meblekuchenne.pl\/sklep\/"},{"@type":"ListItem","position":2,"name":"Sklep","item":"https:\/\/meblekuchenne.pl\/sklep\/sklep\/"},{"@type":"ListItem","position":3,"name":"Wyspa kuchenna Kam ZW8LP &#8211; P4"}]},{"@type":"WebSite","@id":"https:\/\/meblekuchenne.pl\/sklep\/#website","url":"https:\/\/meblekuchenne.pl\/sklep\/","name":"MebleKuchenne.PL - SKLEP","description":"","publisher":{"@id":"https:\/\/meblekuchenne.pl\/sklep\/#organization"},"potentialAction":[{"@type":"SearchAction","target":{"@type":"EntryPoint","urlTemplate":"https:\/\/meblekuchenne.pl\/sklep\/?s={search_term_string}"},"query-input":{"@type":"PropertyValueSpecification","valueRequired":true,"valueName":"search_term_string"}}],"inLanguage":"pl-PL"},{"@type":"Organization","@id":"https:\/\/meblekuchenne.pl\/sklep\/#organization","name":"MebleKuchenne.PL - SKLEP","url":"https:\/\/meblekuchenne.pl\/sklep\/","logo":{"@type":"ImageObject","inLanguage":"pl-PL","@id":"https:\/\/meblekuchenne.pl\/sklep\/#\/schema\/logo\/image\/","url":"https:\/\/meblekuchenne.pl\/sklep\/wp-content\/uploads\/2025\/06\/cropped-cropped-logo.webp","contentUrl":"https:\/\/meblekuchenne.pl\/sklep\/wp-content\/uploads\/2025\/06\/cropped-cropped-logo.webp","width":735,"height":715,"caption":"MebleKuchenne.PL - SKLEP"},"image":{"@id":"https:\/\/meblekuchenne.pl\/sklep\/#\/schema\/logo\/image\/"}}]},"product_price_amount":"0.00","product_price_currency":"PLN","og_availability":"instock","product_availability":"instock","product_condition":"new"},"_links":{"self":[{"href":"https:\/\/meblekuchenne.pl\/sklep\/wp-json\/wp\/v2\/product\/70702","targetHints":{"allow":["GET"]}}],"collection":[{"href":"https:\/\/meblekuchenne.pl\/sklep\/wp-json\/wp\/v2\/product"}],"about":[{"href":"https:\/\/meblekuchenne.pl\/sklep\/wp-json\/wp\/v2\/types\/product"}],"wp:featuredmedia":[{"embeddable":true,"href":"https:\/\/meblekuchenne.pl\/sklep\/wp-json\/wp\/v2\/media\/71530"}],"wp:attachment":[{"href":"https:\/\/meblekuchenne.pl\/sklep\/wp-json\/wp\/v2\/media?parent=70702"}],"wp:term":[{"taxonomy":"product_brand","embeddable":true,"href":"https:\/\/meblekuchenne.pl\/sklep\/wp-json\/wp\/v2\/product_brand?post=70702"},{"taxonomy":"product_cat","embeddable":true,"href":"https:\/\/meblekuchenne.pl\/sklep\/wp-json\/wp\/v2\/product_cat?post=70702"},{"taxonomy":"product_tag","embeddable":true,"href":"https:\/\/meblekuchenne.pl\/sklep\/wp-json\/wp\/v2\/product_tag?post=70702"}],"curies":[{"name":"wp","href":"https:\/\/api.w.org\/{rel}","templated":true}]}}