{"id":56477,"date":"2025-04-08T14:34:05","date_gmt":"2025-04-08T12:34:05","guid":{"rendered":"https:\/\/meblekuchenne.pl\/sklep\/?post_type=product&#038;p=56477"},"modified":"2026-03-31T13:00:01","modified_gmt":"2026-03-31T11:00:01","slug":"kuchnia-kaszmirowa-z-drewnem-zestaw","status":"publish","type":"product","link":"https:\/\/meblekuchenne.pl\/sklep\/product\/kuchnia-kaszmirowa-z-drewnem-zestaw\/","title":{"rendered":"Nowoczesna kuchnia naro\u017cna w kszta\u0142cie L \u2013 zabudowa pod sufit, 415 \u00d7 320 cm \u2013 meble kuchenne KAM"},"content":{"rendered":"<h2><strong>Nowoczesna kuchnia naro\u017cna w kszta\u0142cie L \u2013 zabudowa pod sufit, 415 \u00d7 320 cm \u2013 meble kuchenne KAM<\/strong><\/h2>\n<p><span style=\"font-weight: 400;\">Kuchnia kaszmirowa z drewnem &#8211; Je\u015bli szukasz kuchni, kt\u00f3ra b\u0119dzie funkcjonalna, nowoczesna i pi\u0119knie wyko\u0144czona \u2013 ten gotowy zestaw mebli kuchennych KAM jest dla Ciebie. Zabudowa w kszta\u0142cie litery L o wymiarach 415 \u00d7 320 cm zosta\u0142a zaprojektowana z my\u015bl\u0105 o wygodzie i estetyce. Si\u0119ga sufitu, co pozwala maksymalnie wykorzysta\u0107 przestrze\u0144 i stworzy\u0107 sp\u00f3jne, eleganckie wn\u0119trze. To doskona\u0142e rozwi\u0105zanie zar\u00f3wno do otwartych kuchni po\u0142\u0105czonych z salonem, jak i do samodzielnych pomieszcze\u0144.<\/span><\/p>\n<h2><b>Kuchnia kaszmirowa z drewnem \u2013 ciep\u0142o, elegancja i styl<\/b><\/h2>\n<p><span style=\"font-weight: 400;\">W tej propozycji dominuj\u0105 modne, a zarazem uniwersalne zestawienia kolorystyczne. <\/span><b>Kuchnia w kolorze kaszmir z drewnem<\/b><span style=\"font-weight: 400;\"> to po\u0142\u0105czenie ciep\u0142ego be\u017cu z naturalnym dekorem drewna, kt\u00f3re tworzy przytulne, eleganckie wn\u0119trze. Kaszmir wprowadza do przestrzeni subtelno\u015b\u0107 i harmoni\u0119, a drewniane akcenty dodaj\u0105 jej przytulno\u015bci i ponadczasowego charakteru. Takie zestawienie doskonale sprawdza si\u0119 w aran\u017cacjach nowoczesnych, minimalistycznych, a tak\u017ce klasycznych z nut\u0105 natury.<\/span><\/p>\n<h3><b>Inne kolory? Oczywi\u015bcie \u2013 wybierz idealn\u0105 wersj\u0119 swojej kuchni KAM<\/b><\/h3>\n<p><span style=\"font-weight: 400;\">Opr\u00f3cz kolor\u00f3w <\/span><b>sza\u0142wia z drewnem<\/b><span style=\"font-weight: 400;\"> oraz <\/span><b>kaszmir z drewnem<\/b><span style=\"font-weight: 400;\">, gotowy zestaw mo\u017cesz zam\u00f3wi\u0107 tak\u017ce w innych wariantach kolorystycznych dost\u0119pnych w ofercie <\/span><b>mebli kuchennych KAM<\/b><span style=\"font-weight: 400;\">. Szeroka paleta dekor\u00f3w p\u0142yt pozwala stworzy\u0107 <\/span><b>kuchni\u0119 L<\/b><span style=\"font-weight: 400;\"> dopasowan\u0105 do ka\u017cdego stylu i wn\u0119trza.<\/span><\/p>\n<h2><b>Kuchnia KAM w kszta\u0142cie L \u2013 funkcjonalny i przemy\u015blany uk\u0142ad &#8211; Kuchnia kaszmirowa z drewnem<\/b><\/h2>\n<p><span style=\"font-weight: 400;\">W zestawie znajdziesz pe\u0142en komplet dolnej i g\u00f3rnej zabudowy:<\/span><\/p>\n<h3><b>Szafki dolne:<\/b><\/h3>\n<ul>\n<li style=\"font-weight: 400;\" aria-level=\"1\"><b>Szafka zlewozmywakowa z du\u017c\u0105 szuflad\u0105 do segregacji odpad\u00f3w<\/b><span style=\"font-weight: 400;\"> \u2013 funkcjonalno\u015b\u0107 i porz\u0105dek w jednym.<\/span><\/li>\n<li style=\"font-weight: 400;\" aria-level=\"1\"><b>Szafka naro\u017cna<\/b><span style=\"font-weight: 400;\"> \u2013 maksymalnie wykorzystuje przestrze\u0144 w rogu.<\/span><\/li>\n<li style=\"font-weight: 400;\" aria-level=\"1\"><b>Front zmywarkowy<\/b><span style=\"font-weight: 400;\"> \u2013 gotowy do zabudowy zmywarki.<\/span><\/li>\n<li style=\"font-weight: 400;\" aria-level=\"1\"><b>Szafka z szufladami<\/b><span style=\"font-weight: 400;\"> \u2013 idealna na akcesoria kuchenne i garnki.<\/span><\/li>\n<li style=\"font-weight: 400;\" aria-level=\"1\"><b>Szafka do zabudowy piekarnika<\/b><span style=\"font-weight: 400;\"> \u2013 ergonomiczna i estetyczna.<\/span><\/li>\n<li style=\"font-weight: 400;\" aria-level=\"1\"><b>Szafka otwierana<\/b><span style=\"font-weight: 400;\"> \u2013 uniwersalna, o wszechstronnym zastosowaniu.<\/span><\/li>\n<li style=\"font-weight: 400;\" aria-level=\"1\"><b>S\u0142upek cargo 30 cm<\/b><span style=\"font-weight: 400;\"> \u2013 \u015bwietny na zapasy i drobne produkty spo\u017cywcze.<\/span><\/li>\n<\/ul>\n<h3><b>Szafki wisz\u0105ce:<\/b><\/h3>\n<ul>\n<li style=\"font-weight: 400;\" aria-level=\"1\"><b>Szafka do zabudowy mikrofal\u00f3wki<\/b><span style=\"font-weight: 400;\"> \u2013 kompaktowe i wygodne rozwi\u0105zanie.<\/span><\/li>\n<li style=\"font-weight: 400;\" aria-level=\"1\"><b>Szafka z okapem<\/b><span style=\"font-weight: 400;\"> \u2013 dyskretnie ukryta wentylacja.<\/span><\/li>\n<li style=\"font-weight: 400;\" aria-level=\"1\"><b>Szafka naro\u017cna wisz\u0105ca<\/b><span style=\"font-weight: 400;\"> \u2013 dodatkowe miejsce na przyprawy lub kubki.<\/span><\/li>\n<li style=\"font-weight: 400;\" aria-level=\"1\"><b>Szafki otwierane<\/b><span style=\"font-weight: 400;\"> \u2013 pojemne i praktyczne.<\/span><\/li>\n<li style=\"font-weight: 400;\" aria-level=\"1\"><b>Nadstawki do zabudowy lod\u00f3wki typu side by side<\/b><span style=\"font-weight: 400;\"> \u2013 elegancka forma i pe\u0142na integracja.<\/span><\/li>\n<\/ul>\n<h2><b>Meble kuchenne KAM \u2013 zabudowa do samego sufitu i nowoczesny design &#8211; Kuchnia kaszmirowa z drewnem<\/b><\/h2>\n<p><span style=\"font-weight: 400;\">Dzi\u0119ki dopracowanym detalom i praktycznemu uk\u0142adowi szafek, ten gotowy zestaw kuchenny jest nie tylko estetyczny, ale te\u017c wyj\u0105tkowo wygodny na co dzie\u0144. <\/span><b>Nowoczesna kuchnia naro\u017cna w kszta\u0142cie L<\/b><span style=\"font-weight: 400;\"> pozwala uporz\u0105dkowa\u0107 przestrze\u0144 w spos\u00f3b ergonomiczny, a jednocze\u015bnie atrakcyjny wizualnie.<\/span><\/p>\n<h2><b>Masz w\u0142asn\u0105 wizj\u0119 kuchni? Zrealizujemy j\u0105 dla Ciebie!<\/b><\/h2>\n<p><span style=\"font-weight: 400;\">Gotowa zabudowa to tylko jeden z wielu wariant\u00f3w. Je\u015bli marzysz o innym uk\u0142adzie, innym zestawieniu kolor\u00f3w lub zupe\u0142nie indywidualnym rozwi\u0105zaniu \u2013 projektujemy kuchnie <\/span><b>na wymiar<\/b><span style=\"font-weight: 400;\">, dopasowane do Twoich potrzeb. <\/span><b>Meble kuchenne KAM<\/b><span style=\"font-weight: 400;\"> to jako\u015b\u0107, na kt\u00f3rej mo\u017cesz polega\u0107 \u2013 a my pomo\u017cemy Ci zaprojektowa\u0107 kuchni\u0119, kt\u00f3ra b\u0119dzie idealna w\u0142a\u015bnie dla Ciebie.<\/span><\/p>\n<p><b>Skontaktuj si\u0119 z nami i zam\u00f3w bezp\u0142atny projekt kuchni \u2013 stworzymy razem przestrze\u0144, w kt\u00f3rej chce si\u0119 gotowa\u0107 i mieszka\u0107.<\/b><\/p>\n","protected":false},"excerpt":{"rendered":"<p class=\"\" data-start=\"101\" data-end=\"176\"><strong data-start=\"101\" data-end=\"176\">Kuchnia KAM Kaszmir z Drewnem \u2013 elegancja, funkcjonalno\u015b\u0107, nowoczesno\u015b\u0107<\/strong><\/p>\n<p class=\"\" data-start=\"178\" data-end=\"596\">Stylowa kuchnia naro\u017cna w kszta\u0142cie litery L (415 \u00d7 320 cm) w modnym zestawieniu kaszmiru z drewnem to idealne po\u0142\u0105czenie estetyki i wygody. Zabudowa si\u0119ga sufitu, maksymalnie wykorzystuj\u0105c przestrze\u0144 i tworz\u0105c sp\u00f3jne, przytulne wn\u0119trze. Przemy\u015blany uk\u0142ad szafek, miejsce na sprz\u0119ty AGD i funkcjonalne rozwi\u0105zania, jak szuflada do segregacji odpad\u00f3w czy s\u0142upek cargo, czyni\u0105 z niej praktyczne centrum domowego \u017cycia.<\/p>\n<p class=\"\" data-start=\"598\" data-end=\"701\">Dost\u0119pna tak\u017ce w innych wariantach kolorystycznych. Gotowy zestaw lub kuchnia na wymiar \u2013 Ty wybierasz!<\/p>\n","protected":false},"featured_media":56479,"template":"","meta":[],"product_brand":[710],"product_cat":[769,454],"product_tag":[],"class_list":{"0":"post-56477","1":"product","2":"type-product","3":"status-publish","4":"has-post-thumbnail","6":"product_brand-meble-kam","7":"product_cat-kuchnie-na-wymiar","8":"product_cat-meble-kam-mono","9":"product_shipping_class-zestawy","11":"first","12":"instock","13":"shipping-taxable","14":"purchasable","15":"product-type-simple"},"yoast_head":"<!-- This site is optimized with the Yoast SEO Premium plugin v25.0 (Yoast SEO v25.0) - https:\/\/yoast.com\/wordpress\/plugins\/seo\/ -->\n<title>Kuchnia kaszmirowa z drewnem \u2013 elegancka kuchnia naro\u017cna<\/title>\n<meta name=\"description\" content=\"Kuchnia kaszmirowa z drewnem - Odkryj wyj\u0105tkowy zestaw mebli kuchennych w stylu kaszmirowym, kt\u00f3ry idealnie \u0142\u0105czy elegancj\u0119 z ciep\u0142em naturalnego drewna.\" \/>\n<meta name=\"robots\" content=\"index, follow, max-snippet:-1, max-image-preview:large, max-video-preview:-1\" \/>\n<link rel=\"canonical\" href=\"https:\/\/meblekuchenne.pl\/sklep\/product\/kuchnia-kaszmirowa-z-drewnem-zestaw\/\" \/>\n<meta property=\"og:locale\" content=\"pl_PL\" \/>\n<meta property=\"og:type\" content=\"article\" \/>\n<meta property=\"og:title\" content=\"Nowoczesna kuchnia naro\u017cna w kszta\u0142cie L \u2013 zabudowa pod sufit, 415 \u00d7 320 cm \u2013 meble kuchenne KAM\" \/>\n<meta property=\"og:description\" content=\"Kuchnia kaszmirowa z drewnem - Odkryj wyj\u0105tkowy zestaw mebli kuchennych w stylu kaszmirowym, kt\u00f3ry idealnie \u0142\u0105czy elegancj\u0119 z ciep\u0142em naturalnego drewna.\" \/>\n<meta property=\"og:url\" content=\"https:\/\/meblekuchenne.pl\/sklep\/product\/kuchnia-kaszmirowa-z-drewnem-zestaw\/\" \/>\n<meta property=\"og:site_name\" content=\"MebleKuchenne.PL - SKLEP\" \/>\n<meta property=\"article:modified_time\" content=\"2026-03-31T11:00:01+00:00\" \/>\n<meta property=\"og:image\" content=\"https:\/\/meblekuchenne.pl\/sklep\/wp-content\/uploads\/2025\/04\/1_w.webp\" \/>\n\t<meta property=\"og:image:width\" content=\"1920\" \/>\n\t<meta property=\"og:image:height\" content=\"1080\" \/>\n\t<meta property=\"og:image:type\" content=\"image\/webp\" \/>\n<meta name=\"twitter:card\" content=\"summary_large_image\" \/>\n<meta name=\"twitter:label1\" content=\"Cena\" \/>\n\t<meta name=\"twitter:data1\" content=\"15500,00&nbsp;&#122;&#322;\" \/>\n\t<meta name=\"twitter:label2\" content=\"Dost\u0119pno\u015b\u0107\" \/>\n\t<meta name=\"twitter:data2\" content=\"Dost\u0119pny\" \/>\n<script type=\"application\/ld+json\" class=\"yoast-schema-graph\">{\"@context\":\"https:\/\/schema.org\",\"@graph\":[{\"@type\":\"WebPage\",\"@id\":\"https:\/\/meblekuchenne.pl\/sklep\/product\/kuchnia-kaszmirowa-z-drewnem-zestaw\/\",\"url\":\"https:\/\/meblekuchenne.pl\/sklep\/product\/kuchnia-kaszmirowa-z-drewnem-zestaw\/\",\"name\":\"Kuchnia kaszmirowa z drewnem \u2013 elegancka kuchnia naro\u017cna\",\"isPartOf\":{\"@id\":\"https:\/\/meblekuchenne.pl\/sklep\/#website\"},\"primaryImageOfPage\":{\"@id\":\"https:\/\/meblekuchenne.pl\/sklep\/product\/kuchnia-kaszmirowa-z-drewnem-zestaw\/#primaryimage\"},\"image\":{\"@id\":\"https:\/\/meblekuchenne.pl\/sklep\/product\/kuchnia-kaszmirowa-z-drewnem-zestaw\/#primaryimage\"},\"thumbnailUrl\":\"https:\/\/meblekuchenne.pl\/sklep\/wp-content\/uploads\/2025\/04\/1_w.webp\",\"datePublished\":\"2025-04-08T12:34:05+00:00\",\"dateModified\":\"2026-03-31T11:00:01+00:00\",\"description\":\"Kuchnia kaszmirowa z drewnem - Odkryj wyj\u0105tkowy zestaw mebli kuchennych w stylu kaszmirowym, kt\u00f3ry idealnie \u0142\u0105czy elegancj\u0119 z ciep\u0142em naturalnego drewna.\",\"breadcrumb\":{\"@id\":\"https:\/\/meblekuchenne.pl\/sklep\/product\/kuchnia-kaszmirowa-z-drewnem-zestaw\/#breadcrumb\"},\"inLanguage\":\"pl-PL\",\"potentialAction\":[{\"@type\":\"ReadAction\",\"target\":[\"https:\/\/meblekuchenne.pl\/sklep\/product\/kuchnia-kaszmirowa-z-drewnem-zestaw\/\"]}]},{\"@type\":\"ImageObject\",\"inLanguage\":\"pl-PL\",\"@id\":\"https:\/\/meblekuchenne.pl\/sklep\/product\/kuchnia-kaszmirowa-z-drewnem-zestaw\/#primaryimage\",\"url\":\"https:\/\/meblekuchenne.pl\/sklep\/wp-content\/uploads\/2025\/04\/1_w.webp\",\"contentUrl\":\"https:\/\/meblekuchenne.pl\/sklep\/wp-content\/uploads\/2025\/04\/1_w.webp\",\"width\":1920,\"height\":1080,\"caption\":\"Zestaw - Kuchnia kaszmirowa z drewnem\"},{\"@type\":\"BreadcrumbList\",\"@id\":\"https:\/\/meblekuchenne.pl\/sklep\/product\/kuchnia-kaszmirowa-z-drewnem-zestaw\/#breadcrumb\",\"itemListElement\":[{\"@type\":\"ListItem\",\"position\":1,\"name\":\"Strona g\u0142\u00f3wna\",\"item\":\"https:\/\/meblekuchenne.pl\/sklep\/\"},{\"@type\":\"ListItem\",\"position\":2,\"name\":\"Sklep\",\"item\":\"https:\/\/meblekuchenne.pl\/sklep\/sklep\/\"},{\"@type\":\"ListItem\",\"position\":3,\"name\":\"Nowoczesna kuchnia naro\u017cna w kszta\u0142cie L \u2013 zabudowa pod sufit, 415 \u00d7 320 cm \u2013 meble kuchenne KAM\"}]},{\"@type\":\"WebSite\",\"@id\":\"https:\/\/meblekuchenne.pl\/sklep\/#website\",\"url\":\"https:\/\/meblekuchenne.pl\/sklep\/\",\"name\":\"MebleKuchenne.PL - SKLEP\",\"description\":\"\",\"publisher\":{\"@id\":\"https:\/\/meblekuchenne.pl\/sklep\/#organization\"},\"potentialAction\":[{\"@type\":\"SearchAction\",\"target\":{\"@type\":\"EntryPoint\",\"urlTemplate\":\"https:\/\/meblekuchenne.pl\/sklep\/?s={search_term_string}\"},\"query-input\":{\"@type\":\"PropertyValueSpecification\",\"valueRequired\":true,\"valueName\":\"search_term_string\"}}],\"inLanguage\":\"pl-PL\"},{\"@type\":\"Organization\",\"@id\":\"https:\/\/meblekuchenne.pl\/sklep\/#organization\",\"name\":\"MebleKuchenne.PL - SKLEP\",\"url\":\"https:\/\/meblekuchenne.pl\/sklep\/\",\"logo\":{\"@type\":\"ImageObject\",\"inLanguage\":\"pl-PL\",\"@id\":\"https:\/\/meblekuchenne.pl\/sklep\/#\/schema\/logo\/image\/\",\"url\":\"https:\/\/meblekuchenne.pl\/sklep\/wp-content\/uploads\/2025\/06\/cropped-cropped-logo.webp\",\"contentUrl\":\"https:\/\/meblekuchenne.pl\/sklep\/wp-content\/uploads\/2025\/06\/cropped-cropped-logo.webp\",\"width\":735,\"height\":715,\"caption\":\"MebleKuchenne.PL - SKLEP\"},\"image\":{\"@id\":\"https:\/\/meblekuchenne.pl\/sklep\/#\/schema\/logo\/image\/\"}}]}<\/script>\n<meta property=\"product:price:amount\" content=\"15500.00\" \/>\n<meta property=\"product:price:currency\" content=\"PLN\" \/>\n<meta property=\"og:availability\" content=\"instock\" \/>\n<meta property=\"product:availability\" content=\"instock\" \/>\n<meta property=\"product:retailer_item_id\" content=\"GZMKK1\" \/>\n<meta property=\"product:condition\" content=\"new\" \/>\n<!-- \/ Yoast SEO Premium plugin. -->","yoast_head_json":{"title":"Kuchnia kaszmirowa z drewnem \u2013 elegancka kuchnia naro\u017cna","description":"Kuchnia kaszmirowa z drewnem - Odkryj wyj\u0105tkowy zestaw mebli kuchennych w stylu kaszmirowym, kt\u00f3ry idealnie \u0142\u0105czy elegancj\u0119 z ciep\u0142em naturalnego drewna.","robots":{"index":"index","follow":"follow","max-snippet":"max-snippet:-1","max-image-preview":"max-image-preview:large","max-video-preview":"max-video-preview:-1"},"canonical":"https:\/\/meblekuchenne.pl\/sklep\/product\/kuchnia-kaszmirowa-z-drewnem-zestaw\/","og_locale":"pl_PL","og_type":"article","og_title":"Nowoczesna kuchnia naro\u017cna w kszta\u0142cie L \u2013 zabudowa pod sufit, 415 \u00d7 320 cm \u2013 meble kuchenne KAM","og_description":"Kuchnia kaszmirowa z drewnem - Odkryj wyj\u0105tkowy zestaw mebli kuchennych w stylu kaszmirowym, kt\u00f3ry idealnie \u0142\u0105czy elegancj\u0119 z ciep\u0142em naturalnego drewna.","og_url":"https:\/\/meblekuchenne.pl\/sklep\/product\/kuchnia-kaszmirowa-z-drewnem-zestaw\/","og_site_name":"MebleKuchenne.PL - SKLEP","article_modified_time":"2026-03-31T11:00:01+00:00","og_image":[{"width":1920,"height":1080,"url":"https:\/\/meblekuchenne.pl\/sklep\/wp-content\/uploads\/2025\/04\/1_w.webp","type":"image\/webp"}],"twitter_card":"summary_large_image","twitter_misc":{"Cena":"15500,00&nbsp;&#122;&#322;","Dost\u0119pno\u015b\u0107":"Dost\u0119pny"},"schema":{"@context":"https:\/\/schema.org","@graph":[{"@type":"WebPage","@id":"https:\/\/meblekuchenne.pl\/sklep\/product\/kuchnia-kaszmirowa-z-drewnem-zestaw\/","url":"https:\/\/meblekuchenne.pl\/sklep\/product\/kuchnia-kaszmirowa-z-drewnem-zestaw\/","name":"Kuchnia kaszmirowa z drewnem \u2013 elegancka kuchnia naro\u017cna","isPartOf":{"@id":"https:\/\/meblekuchenne.pl\/sklep\/#website"},"primaryImageOfPage":{"@id":"https:\/\/meblekuchenne.pl\/sklep\/product\/kuchnia-kaszmirowa-z-drewnem-zestaw\/#primaryimage"},"image":{"@id":"https:\/\/meblekuchenne.pl\/sklep\/product\/kuchnia-kaszmirowa-z-drewnem-zestaw\/#primaryimage"},"thumbnailUrl":"https:\/\/meblekuchenne.pl\/sklep\/wp-content\/uploads\/2025\/04\/1_w.webp","datePublished":"2025-04-08T12:34:05+00:00","dateModified":"2026-03-31T11:00:01+00:00","description":"Kuchnia kaszmirowa z drewnem - Odkryj wyj\u0105tkowy zestaw mebli kuchennych w stylu kaszmirowym, kt\u00f3ry idealnie \u0142\u0105czy elegancj\u0119 z ciep\u0142em naturalnego drewna.","breadcrumb":{"@id":"https:\/\/meblekuchenne.pl\/sklep\/product\/kuchnia-kaszmirowa-z-drewnem-zestaw\/#breadcrumb"},"inLanguage":"pl-PL","potentialAction":[{"@type":"ReadAction","target":["https:\/\/meblekuchenne.pl\/sklep\/product\/kuchnia-kaszmirowa-z-drewnem-zestaw\/"]}]},{"@type":"ImageObject","inLanguage":"pl-PL","@id":"https:\/\/meblekuchenne.pl\/sklep\/product\/kuchnia-kaszmirowa-z-drewnem-zestaw\/#primaryimage","url":"https:\/\/meblekuchenne.pl\/sklep\/wp-content\/uploads\/2025\/04\/1_w.webp","contentUrl":"https:\/\/meblekuchenne.pl\/sklep\/wp-content\/uploads\/2025\/04\/1_w.webp","width":1920,"height":1080,"caption":"Zestaw - Kuchnia kaszmirowa z drewnem"},{"@type":"BreadcrumbList","@id":"https:\/\/meblekuchenne.pl\/sklep\/product\/kuchnia-kaszmirowa-z-drewnem-zestaw\/#breadcrumb","itemListElement":[{"@type":"ListItem","position":1,"name":"Strona g\u0142\u00f3wna","item":"https:\/\/meblekuchenne.pl\/sklep\/"},{"@type":"ListItem","position":2,"name":"Sklep","item":"https:\/\/meblekuchenne.pl\/sklep\/sklep\/"},{"@type":"ListItem","position":3,"name":"Nowoczesna kuchnia naro\u017cna w kszta\u0142cie L \u2013 zabudowa pod sufit, 415 \u00d7 320 cm \u2013 meble kuchenne KAM"}]},{"@type":"WebSite","@id":"https:\/\/meblekuchenne.pl\/sklep\/#website","url":"https:\/\/meblekuchenne.pl\/sklep\/","name":"MebleKuchenne.PL - SKLEP","description":"","publisher":{"@id":"https:\/\/meblekuchenne.pl\/sklep\/#organization"},"potentialAction":[{"@type":"SearchAction","target":{"@type":"EntryPoint","urlTemplate":"https:\/\/meblekuchenne.pl\/sklep\/?s={search_term_string}"},"query-input":{"@type":"PropertyValueSpecification","valueRequired":true,"valueName":"search_term_string"}}],"inLanguage":"pl-PL"},{"@type":"Organization","@id":"https:\/\/meblekuchenne.pl\/sklep\/#organization","name":"MebleKuchenne.PL - SKLEP","url":"https:\/\/meblekuchenne.pl\/sklep\/","logo":{"@type":"ImageObject","inLanguage":"pl-PL","@id":"https:\/\/meblekuchenne.pl\/sklep\/#\/schema\/logo\/image\/","url":"https:\/\/meblekuchenne.pl\/sklep\/wp-content\/uploads\/2025\/06\/cropped-cropped-logo.webp","contentUrl":"https:\/\/meblekuchenne.pl\/sklep\/wp-content\/uploads\/2025\/06\/cropped-cropped-logo.webp","width":735,"height":715,"caption":"MebleKuchenne.PL - SKLEP"},"image":{"@id":"https:\/\/meblekuchenne.pl\/sklep\/#\/schema\/logo\/image\/"}}]},"product_price_amount":"15500.00","product_price_currency":"PLN","og_availability":"instock","product_availability":"instock","product_retailer_item_id":"GZMKK1","product_condition":"new"},"_links":{"self":[{"href":"https:\/\/meblekuchenne.pl\/sklep\/wp-json\/wp\/v2\/product\/56477","targetHints":{"allow":["GET"]}}],"collection":[{"href":"https:\/\/meblekuchenne.pl\/sklep\/wp-json\/wp\/v2\/product"}],"about":[{"href":"https:\/\/meblekuchenne.pl\/sklep\/wp-json\/wp\/v2\/types\/product"}],"wp:featuredmedia":[{"embeddable":true,"href":"https:\/\/meblekuchenne.pl\/sklep\/wp-json\/wp\/v2\/media\/56479"}],"wp:attachment":[{"href":"https:\/\/meblekuchenne.pl\/sklep\/wp-json\/wp\/v2\/media?parent=56477"}],"wp:term":[{"taxonomy":"product_brand","embeddable":true,"href":"https:\/\/meblekuchenne.pl\/sklep\/wp-json\/wp\/v2\/product_brand?post=56477"},{"taxonomy":"product_cat","embeddable":true,"href":"https:\/\/meblekuchenne.pl\/sklep\/wp-json\/wp\/v2\/product_cat?post=56477"},{"taxonomy":"product_tag","embeddable":true,"href":"https:\/\/meblekuchenne.pl\/sklep\/wp-json\/wp\/v2\/product_tag?post=56477"}],"curies":[{"name":"wp","href":"https:\/\/api.w.org\/{rel}","templated":true}]}}