{"id":53402,"date":"2025-02-21T20:35:18","date_gmt":"2025-02-21T19:35:18","guid":{"rendered":"https:\/\/meblekuchenne.pl\/sklep\/?post_type=product&#038;p=53402"},"modified":"2026-04-01T13:41:22","modified_gmt":"2026-04-01T11:41:22","slug":"bok-nakladany-wys-35-gl58-do-szafki-wiszacej-meble-kam","status":"publish","type":"product","link":"https:\/\/meblekuchenne.pl\/sklep\/product\/bok-nakladany-wys-35-gl58-do-szafki-wiszacej-meble-kam\/","title":{"rendered":"Bok nak\u0142adany wys. 35 G\u0141=58 &#8211; do szafki  wisz\u0105cej &#8211; Meble Kam"},"content":{"rendered":"<h2 data-start=\"0\" data-end=\"103\"><strong data-start=\"0\" data-end=\"103\">Bok nak\u0142adany wys. 35 cm g\u0142. 58 cm <\/strong><\/h2>\n<h3 data-start=\"0\" data-end=\"103\"><strong data-start=\"0\" data-end=\"103\">Eleganckie wyko\u0144czenie szafek wisz\u0105cych i g\u0142\u0119bokich nadstawek<\/strong><\/h3>\n<p data-start=\"105\" data-end=\"381\">Bok nak\u0142adany wys. 35 cm g\u0142. 58 cm to istotny element zabudowy kuchennej, kt\u00f3ry zapewnia estetyczne wyko\u0144czenie oraz ochron\u0119 szafek wisz\u0105cych i g\u0142\u0119bokich nadstawek. Jego g\u0142\u00f3wn\u0105 rol\u0105 jest zamaskowanie bocznych kraw\u0119dzi, co pozwala uzyska\u0107 sp\u00f3jn\u0105 i eleganck\u0105 aran\u017cacj\u0119 wn\u0119trza.<\/p>\n<p data-start=\"383\" data-end=\"426\"><strong data-start=\"383\" data-end=\"426\">Idealne dopasowanie do szafek wisz\u0105cych boku nak\u0142adanego<\/strong><\/p>\n<p data-start=\"428\" data-end=\"739\">Bok nak\u0142adany wys. 35 cm g\u0142. 58 cm zosta\u0142 zaprojektowany z my\u015bl\u0105 o szafkach wisz\u0105cych i g\u0142\u0119bokich nadstawkach. Dzi\u0119ki swoim wymiarom, doskonale komponuje si\u0119 z modu\u0142ami Meble KAM, tworz\u0105c jednolite i estetyczne wyko\u0144czenie. Monta\u017c tego elementu skutkuje eliminowaniem wszelkich nier\u00f3wno\u015bci i widocznych \u0142\u0105cze\u0144.<\/p>\n<p data-start=\"741\" data-end=\"785\"><strong data-start=\"741\" data-end=\"785\">Wytrzyma\u0142o\u015b\u0107 i trwa\u0142o\u015b\u0107 mebli kuchennych<\/strong><\/p>\n<p data-start=\"787\" data-end=\"1042\">Bok nak\u0142adany wys. 35 cm g\u0142. 58 cm pe\u0142ni nie tylko funkcj\u0119 estetyczn\u0105, ale tak\u017ce ochronn\u0105. Chroni meble przed: \u2714 Uszkodzeniami mechanicznymi, np. podczas codziennego u\u017cytkowania \u2714 Wilgoci\u0105, zabrudzeniami oraz osadami t\u0142uszczu \u2714 \u015acieraniem i zarysowaniami<\/p>\n<p data-start=\"1044\" data-end=\"1197\">Solidna konstrukcja tego elementu sprawia, \u017ce bok nak\u0142adany jest odporny na intensywn\u0105 eksploatacj\u0119, a jego powierzchnia \u0142atwa do utrzymania w czysto\u015bci.<\/p>\n<p data-start=\"1199\" data-end=\"1233\"><strong data-start=\"1199\" data-end=\"1233\">Nowoczesny wygl\u0105d ca\u0142ej kuchni<\/strong><\/p>\n<p data-start=\"1235\" data-end=\"1422\">Dost\u0119pno\u015b\u0107 szerokiej gamy kolorystycznej pozwala na idealne dopasowanie boku nak\u0142adanego do front\u00f3w szafek i nadstawek, co pozwala na stworzenie sp\u00f3jnej, nowoczesnej i eleganckiej kuchni.<\/p>\n<p data-start=\"1424\" data-end=\"1463\"><strong data-start=\"1424\" data-end=\"1463\">Funkcjonalno\u015b\u0107 i elegancja w jednym<\/strong><\/p>\n<p data-start=\"1465\" data-end=\"1711\">Bok nak\u0142adany wys. 35 cm g\u0142. 58 cm to niezast\u0105piony element ka\u017cdej kuchni, kt\u00f3ry \u0142\u0105czy w sobie trwa\u0142o\u015b\u0107, estetyk\u0119 oraz funkcjonalno\u015b\u0107. To rozwi\u0105zanie, kt\u00f3re nie tylko upi\u0119ksza wn\u0119trze, ale tak\u017ce skutecznie chroni meble przed codziennym zu\u017cyciem.<\/p>\n<p data-start=\"1713\" data-end=\"1942\" data-is-last-node=\"\" data-is-only-node=\"\">\n","protected":false},"excerpt":{"rendered":"<h2 data-start=\"0\" data-end=\"103\"><strong data-start=\"0\" data-end=\"103\">Bok nak\u0142adany wys. 35 cm g\u0142. 58 cm <\/strong><\/h2>\n<h3 data-start=\"0\" data-end=\"103\"><strong data-start=\"0\" data-end=\"103\">Eleganckie wyko\u0144czenie szafek wisz\u0105cych i g\u0142\u0119bokich nadstawek<\/strong><\/h3>\n<p data-start=\"105\" data-end=\"381\">Bok nak\u0142adany wys. 35 cm g\u0142. 58 cm to istotny element zabudowy kuchennej, kt\u00f3ry zapewnia estetyczne wyko\u0144czenie oraz ochron\u0119 g\u0142\u0119bokich nadstawek.<\/p>\n","protected":false},"featured_media":40574,"template":"","meta":[],"product_brand":[710],"product_cat":[804,799,775,634,454,479,502],"product_tag":[],"class_list":{"0":"post-53402","1":"product","2":"type-product","3":"status-publish","4":"has-post-thumbnail","6":"product_brand-meble-kam","7":"product_cat-boki-nakladane-sklep","8":"product_cat-elementy-wykonczeniowe-sklep","9":"product_cat-wszystko","10":"product_cat-elementy-wykonczeniowe-2","11":"product_cat-meble-kam-mono","12":"product_cat-elementy-wykonczeniowe","13":"product_cat-bok-nakladany-do-szafki-wiszacej","14":"product_shipping_class-akcesoria-kam","15":"pa_front-f10","16":"pa_front-f11","17":"pa_front-f4","18":"pa_front-f6","19":"pa_front-f7","20":"pa_front-f8","21":"pa_front-fg2","22":"pa_front-k2","23":"pa_front-kc2","24":"pa_front-kc4","25":"pa_front-l4-mat","26":"pa_front-l4-polysk","27":"pa_front-m4","28":"pa_front-os_2","29":"pa_front-os_2black","30":"pa_front-p00","31":"pa_front-p2","32":"pa_front-p4","34":"first","35":"instock","36":"shipping-taxable","37":"purchasable","38":"product-type-variable"},"yoast_head":"<!-- This site is optimized with the Yoast SEO Premium plugin v25.0 (Yoast SEO v25.0) - https:\/\/yoast.com\/wordpress\/plugins\/seo\/ -->\n<title>Bok nak\u0142adany wys. 35 cm g\u0142. 58 cm<\/title>\n<meta name=\"description\" content=\"Bok nak\u0142adany wys. 35 cm g\u0142. 58 cm - estetyczne wyko\u0144czenie g\u0142\u0119bokich nadstawek o wysoko\u015bci 35 cm. Zadbaj o swoj\u0105 kuchni\u0119\" \/>\n<meta name=\"robots\" content=\"index, follow, max-snippet:-1, max-image-preview:large, max-video-preview:-1\" \/>\n<link rel=\"canonical\" href=\"https:\/\/meblekuchenne.pl\/sklep\/product\/bok-nakladany-wys-35-gl58-do-szafki-wiszacej-meble-kam\/\" \/>\n<meta property=\"og:locale\" content=\"pl_PL\" \/>\n<meta property=\"og:type\" content=\"article\" \/>\n<meta property=\"og:title\" content=\"Bok nak\u0142adany wys. 35 G\u0141=58 - do szafki wisz\u0105cej - Meble Kam\" \/>\n<meta property=\"og:description\" content=\"Bok nak\u0142adany wys. 35 cm g\u0142. 58 cm - estetyczne wyko\u0144czenie g\u0142\u0119bokich nadstawek o wysoko\u015bci 35 cm. Zadbaj o swoj\u0105 kuchni\u0119\" \/>\n<meta property=\"og:url\" content=\"https:\/\/meblekuchenne.pl\/sklep\/product\/bok-nakladany-wys-35-gl58-do-szafki-wiszacej-meble-kam\/\" \/>\n<meta property=\"og:site_name\" content=\"MebleKuchenne.PL - SKLEP\" \/>\n<meta property=\"article:modified_time\" content=\"2026-04-01T11:41:22+00:00\" \/>\n<meta property=\"og:image\" content=\"https:\/\/meblekuchenne.pl\/sklep\/wp-content\/uploads\/2025\/02\/page43_img2_1_w-1-1.webp\" \/>\n\t<meta property=\"og:image:width\" content=\"856\" \/>\n\t<meta property=\"og:image:height\" content=\"476\" \/>\n\t<meta property=\"og:image:type\" content=\"image\/webp\" \/>\n<meta name=\"twitter:card\" content=\"summary_large_image\" \/>\n<meta name=\"twitter:label1\" content=\"Dost\u0119pno\u015b\u0107\" \/>\n\t<meta name=\"twitter:data1\" content=\"Dost\u0119pny\" \/>\n<script type=\"application\/ld+json\" class=\"yoast-schema-graph\">{\"@context\":\"https:\/\/schema.org\",\"@graph\":[{\"@type\":\"WebPage\",\"@id\":\"https:\/\/meblekuchenne.pl\/sklep\/product\/bok-nakladany-wys-35-gl58-do-szafki-wiszacej-meble-kam\/\",\"url\":\"https:\/\/meblekuchenne.pl\/sklep\/product\/bok-nakladany-wys-35-gl58-do-szafki-wiszacej-meble-kam\/\",\"name\":\"Bok nak\u0142adany wys. 35 cm g\u0142. 58 cm\",\"isPartOf\":{\"@id\":\"https:\/\/meblekuchenne.pl\/sklep\/#website\"},\"primaryImageOfPage\":{\"@id\":\"https:\/\/meblekuchenne.pl\/sklep\/product\/bok-nakladany-wys-35-gl58-do-szafki-wiszacej-meble-kam\/#primaryimage\"},\"image\":{\"@id\":\"https:\/\/meblekuchenne.pl\/sklep\/product\/bok-nakladany-wys-35-gl58-do-szafki-wiszacej-meble-kam\/#primaryimage\"},\"thumbnailUrl\":\"https:\/\/meblekuchenne.pl\/sklep\/wp-content\/uploads\/2025\/02\/page43_img2_1_w-1-1.webp\",\"datePublished\":\"2025-02-21T19:35:18+00:00\",\"dateModified\":\"2026-04-01T11:41:22+00:00\",\"description\":\"Bok nak\u0142adany wys. 35 cm g\u0142. 58 cm - estetyczne wyko\u0144czenie g\u0142\u0119bokich nadstawek o wysoko\u015bci 35 cm. Zadbaj o swoj\u0105 kuchni\u0119\",\"breadcrumb\":{\"@id\":\"https:\/\/meblekuchenne.pl\/sklep\/product\/bok-nakladany-wys-35-gl58-do-szafki-wiszacej-meble-kam\/#breadcrumb\"},\"inLanguage\":\"pl-PL\",\"potentialAction\":[{\"@type\":\"ReadAction\",\"target\":[\"https:\/\/meblekuchenne.pl\/sklep\/product\/bok-nakladany-wys-35-gl58-do-szafki-wiszacej-meble-kam\/\"]}]},{\"@type\":\"ImageObject\",\"inLanguage\":\"pl-PL\",\"@id\":\"https:\/\/meblekuchenne.pl\/sklep\/product\/bok-nakladany-wys-35-gl58-do-szafki-wiszacej-meble-kam\/#primaryimage\",\"url\":\"https:\/\/meblekuchenne.pl\/sklep\/wp-content\/uploads\/2025\/02\/page43_img2_1_w-1-1.webp\",\"contentUrl\":\"https:\/\/meblekuchenne.pl\/sklep\/wp-content\/uploads\/2025\/02\/page43_img2_1_w-1-1.webp\",\"width\":856,\"height\":476},{\"@type\":\"BreadcrumbList\",\"@id\":\"https:\/\/meblekuchenne.pl\/sklep\/product\/bok-nakladany-wys-35-gl58-do-szafki-wiszacej-meble-kam\/#breadcrumb\",\"itemListElement\":[{\"@type\":\"ListItem\",\"position\":1,\"name\":\"Strona g\u0142\u00f3wna\",\"item\":\"https:\/\/meblekuchenne.pl\/sklep\/\"},{\"@type\":\"ListItem\",\"position\":2,\"name\":\"Sklep\",\"item\":\"https:\/\/meblekuchenne.pl\/sklep\/sklep\/\"},{\"@type\":\"ListItem\",\"position\":3,\"name\":\"Bok nak\u0142adany wys. 35 G\u0141=58 &#8211; do szafki wisz\u0105cej &#8211; Meble Kam\"}]},{\"@type\":\"WebSite\",\"@id\":\"https:\/\/meblekuchenne.pl\/sklep\/#website\",\"url\":\"https:\/\/meblekuchenne.pl\/sklep\/\",\"name\":\"MebleKuchenne.PL - SKLEP\",\"description\":\"\",\"publisher\":{\"@id\":\"https:\/\/meblekuchenne.pl\/sklep\/#organization\"},\"potentialAction\":[{\"@type\":\"SearchAction\",\"target\":{\"@type\":\"EntryPoint\",\"urlTemplate\":\"https:\/\/meblekuchenne.pl\/sklep\/?s={search_term_string}\"},\"query-input\":{\"@type\":\"PropertyValueSpecification\",\"valueRequired\":true,\"valueName\":\"search_term_string\"}}],\"inLanguage\":\"pl-PL\"},{\"@type\":\"Organization\",\"@id\":\"https:\/\/meblekuchenne.pl\/sklep\/#organization\",\"name\":\"MebleKuchenne.PL - SKLEP\",\"url\":\"https:\/\/meblekuchenne.pl\/sklep\/\",\"logo\":{\"@type\":\"ImageObject\",\"inLanguage\":\"pl-PL\",\"@id\":\"https:\/\/meblekuchenne.pl\/sklep\/#\/schema\/logo\/image\/\",\"url\":\"https:\/\/meblekuchenne.pl\/sklep\/wp-content\/uploads\/2025\/06\/cropped-cropped-logo.webp\",\"contentUrl\":\"https:\/\/meblekuchenne.pl\/sklep\/wp-content\/uploads\/2025\/06\/cropped-cropped-logo.webp\",\"width\":735,\"height\":715,\"caption\":\"MebleKuchenne.PL - SKLEP\"},\"image\":{\"@id\":\"https:\/\/meblekuchenne.pl\/sklep\/#\/schema\/logo\/image\/\"}}]}<\/script>\n<meta property=\"og:availability\" content=\"instock\" \/>\n<meta property=\"product:availability\" content=\"instock\" \/>\n<meta property=\"product:retailer_item_id\" content=\"bok_nak\u0142adany_35_g\u0142=58\" \/>\n<meta property=\"product:condition\" content=\"new\" \/>\n<!-- \/ Yoast SEO Premium plugin. -->","yoast_head_json":{"title":"Bok nak\u0142adany wys. 35 cm g\u0142. 58 cm","description":"Bok nak\u0142adany wys. 35 cm g\u0142. 58 cm - estetyczne wyko\u0144czenie g\u0142\u0119bokich nadstawek o wysoko\u015bci 35 cm. Zadbaj o swoj\u0105 kuchni\u0119","robots":{"index":"index","follow":"follow","max-snippet":"max-snippet:-1","max-image-preview":"max-image-preview:large","max-video-preview":"max-video-preview:-1"},"canonical":"https:\/\/meblekuchenne.pl\/sklep\/product\/bok-nakladany-wys-35-gl58-do-szafki-wiszacej-meble-kam\/","og_locale":"pl_PL","og_type":"article","og_title":"Bok nak\u0142adany wys. 35 G\u0141=58 - do szafki wisz\u0105cej - Meble Kam","og_description":"Bok nak\u0142adany wys. 35 cm g\u0142. 58 cm - estetyczne wyko\u0144czenie g\u0142\u0119bokich nadstawek o wysoko\u015bci 35 cm. Zadbaj o swoj\u0105 kuchni\u0119","og_url":"https:\/\/meblekuchenne.pl\/sklep\/product\/bok-nakladany-wys-35-gl58-do-szafki-wiszacej-meble-kam\/","og_site_name":"MebleKuchenne.PL - SKLEP","article_modified_time":"2026-04-01T11:41:22+00:00","og_image":[{"width":856,"height":476,"url":"https:\/\/meblekuchenne.pl\/sklep\/wp-content\/uploads\/2025\/02\/page43_img2_1_w-1-1.webp","type":"image\/webp"}],"twitter_card":"summary_large_image","twitter_misc":{"Dost\u0119pno\u015b\u0107":"Dost\u0119pny"},"schema":{"@context":"https:\/\/schema.org","@graph":[{"@type":"WebPage","@id":"https:\/\/meblekuchenne.pl\/sklep\/product\/bok-nakladany-wys-35-gl58-do-szafki-wiszacej-meble-kam\/","url":"https:\/\/meblekuchenne.pl\/sklep\/product\/bok-nakladany-wys-35-gl58-do-szafki-wiszacej-meble-kam\/","name":"Bok nak\u0142adany wys. 35 cm g\u0142. 58 cm","isPartOf":{"@id":"https:\/\/meblekuchenne.pl\/sklep\/#website"},"primaryImageOfPage":{"@id":"https:\/\/meblekuchenne.pl\/sklep\/product\/bok-nakladany-wys-35-gl58-do-szafki-wiszacej-meble-kam\/#primaryimage"},"image":{"@id":"https:\/\/meblekuchenne.pl\/sklep\/product\/bok-nakladany-wys-35-gl58-do-szafki-wiszacej-meble-kam\/#primaryimage"},"thumbnailUrl":"https:\/\/meblekuchenne.pl\/sklep\/wp-content\/uploads\/2025\/02\/page43_img2_1_w-1-1.webp","datePublished":"2025-02-21T19:35:18+00:00","dateModified":"2026-04-01T11:41:22+00:00","description":"Bok nak\u0142adany wys. 35 cm g\u0142. 58 cm - estetyczne wyko\u0144czenie g\u0142\u0119bokich nadstawek o wysoko\u015bci 35 cm. Zadbaj o swoj\u0105 kuchni\u0119","breadcrumb":{"@id":"https:\/\/meblekuchenne.pl\/sklep\/product\/bok-nakladany-wys-35-gl58-do-szafki-wiszacej-meble-kam\/#breadcrumb"},"inLanguage":"pl-PL","potentialAction":[{"@type":"ReadAction","target":["https:\/\/meblekuchenne.pl\/sklep\/product\/bok-nakladany-wys-35-gl58-do-szafki-wiszacej-meble-kam\/"]}]},{"@type":"ImageObject","inLanguage":"pl-PL","@id":"https:\/\/meblekuchenne.pl\/sklep\/product\/bok-nakladany-wys-35-gl58-do-szafki-wiszacej-meble-kam\/#primaryimage","url":"https:\/\/meblekuchenne.pl\/sklep\/wp-content\/uploads\/2025\/02\/page43_img2_1_w-1-1.webp","contentUrl":"https:\/\/meblekuchenne.pl\/sklep\/wp-content\/uploads\/2025\/02\/page43_img2_1_w-1-1.webp","width":856,"height":476},{"@type":"BreadcrumbList","@id":"https:\/\/meblekuchenne.pl\/sklep\/product\/bok-nakladany-wys-35-gl58-do-szafki-wiszacej-meble-kam\/#breadcrumb","itemListElement":[{"@type":"ListItem","position":1,"name":"Strona g\u0142\u00f3wna","item":"https:\/\/meblekuchenne.pl\/sklep\/"},{"@type":"ListItem","position":2,"name":"Sklep","item":"https:\/\/meblekuchenne.pl\/sklep\/sklep\/"},{"@type":"ListItem","position":3,"name":"Bok nak\u0142adany wys. 35 G\u0141=58 &#8211; do szafki wisz\u0105cej &#8211; Meble Kam"}]},{"@type":"WebSite","@id":"https:\/\/meblekuchenne.pl\/sklep\/#website","url":"https:\/\/meblekuchenne.pl\/sklep\/","name":"MebleKuchenne.PL - SKLEP","description":"","publisher":{"@id":"https:\/\/meblekuchenne.pl\/sklep\/#organization"},"potentialAction":[{"@type":"SearchAction","target":{"@type":"EntryPoint","urlTemplate":"https:\/\/meblekuchenne.pl\/sklep\/?s={search_term_string}"},"query-input":{"@type":"PropertyValueSpecification","valueRequired":true,"valueName":"search_term_string"}}],"inLanguage":"pl-PL"},{"@type":"Organization","@id":"https:\/\/meblekuchenne.pl\/sklep\/#organization","name":"MebleKuchenne.PL - SKLEP","url":"https:\/\/meblekuchenne.pl\/sklep\/","logo":{"@type":"ImageObject","inLanguage":"pl-PL","@id":"https:\/\/meblekuchenne.pl\/sklep\/#\/schema\/logo\/image\/","url":"https:\/\/meblekuchenne.pl\/sklep\/wp-content\/uploads\/2025\/06\/cropped-cropped-logo.webp","contentUrl":"https:\/\/meblekuchenne.pl\/sklep\/wp-content\/uploads\/2025\/06\/cropped-cropped-logo.webp","width":735,"height":715,"caption":"MebleKuchenne.PL - SKLEP"},"image":{"@id":"https:\/\/meblekuchenne.pl\/sklep\/#\/schema\/logo\/image\/"}}]},"og_availability":"instock","product_availability":"instock","product_retailer_item_id":"bok_nak\u0142adany_35_g\u0142=58","product_condition":"new"},"_links":{"self":[{"href":"https:\/\/meblekuchenne.pl\/sklep\/wp-json\/wp\/v2\/product\/53402","targetHints":{"allow":["GET"]}}],"collection":[{"href":"https:\/\/meblekuchenne.pl\/sklep\/wp-json\/wp\/v2\/product"}],"about":[{"href":"https:\/\/meblekuchenne.pl\/sklep\/wp-json\/wp\/v2\/types\/product"}],"wp:featuredmedia":[{"embeddable":true,"href":"https:\/\/meblekuchenne.pl\/sklep\/wp-json\/wp\/v2\/media\/40574"}],"wp:attachment":[{"href":"https:\/\/meblekuchenne.pl\/sklep\/wp-json\/wp\/v2\/media?parent=53402"}],"wp:term":[{"taxonomy":"product_brand","embeddable":true,"href":"https:\/\/meblekuchenne.pl\/sklep\/wp-json\/wp\/v2\/product_brand?post=53402"},{"taxonomy":"product_cat","embeddable":true,"href":"https:\/\/meblekuchenne.pl\/sklep\/wp-json\/wp\/v2\/product_cat?post=53402"},{"taxonomy":"product_tag","embeddable":true,"href":"https:\/\/meblekuchenne.pl\/sklep\/wp-json\/wp\/v2\/product_tag?post=53402"}],"curies":[{"name":"wp","href":"https:\/\/api.w.org\/{rel}","templated":true}]}}