{"id":53215,"date":"2025-02-21T20:32:28","date_gmt":"2025-02-21T19:32:28","guid":{"rendered":"https:\/\/meblekuchenne.pl\/sklep\/?post_type=product&#038;p=53215"},"modified":"2026-04-01T13:22:21","modified_gmt":"2026-04-01T11:22:21","slug":"szafka-wiszaca-gleboka-bwwar80-100-witryna-alu-kammono","status":"publish","type":"product","link":"https:\/\/meblekuchenne.pl\/sklep\/product\/szafka-wiszaca-gleboka-bwwar80-100-witryna-alu-kammono\/","title":{"rendered":"Szafka wisz\u0105ca g\u0142\u0119boka BWWAR80\/100 &#8211; witryna alu &#8211; KamMono"},"content":{"rendered":"<h2 data-start=\"2333\" data-end=\"2415\"><strong data-start=\"2337\" data-end=\"2413\">Szafka wisz\u0105ca g\u0142\u0119boka BWWAR80.1\/100 &#8211; witryna ALU<\/strong><\/h2>\n<p>Szafka z witryn\u0105 &#8211; szer. 80 cm, wys. 100 cm, g\u0142. 36 cm<\/p>\n<h3><strong data-start=\"2337\" data-end=\"2413\">Szeroka witryna kuchenna z dwiema szybami<\/strong><\/h3>\n<p data-start=\"2417\" data-end=\"2795\">Szafka wisz\u0105ca g\u0142\u0119boka BWWAR80.1\/100 &#8211; witryna ALU to wyj\u0105tkowy model, kt\u00f3ry \u0142\u0105czy nowoczesny wygl\u0105d z du\u017c\u0105 pojemno\u015bci\u0105. Dzi\u0119ki <strong data-start=\"2527\" data-end=\"2547\">szeroko\u015bci 80 cm<\/strong>, <strong data-start=\"2549\" data-end=\"2569\">wysoko\u015bci 100 cm<\/strong> i <strong data-start=\"2572\" data-end=\"2592\">g\u0142\u0119boko\u015bci 36 cm<\/strong> oferuje przestrze\u0144 na wszystkie niezb\u0119dne akcesoria kuchenne. <strong data-start=\"2655\" data-end=\"2668\">Ramka ALU<\/strong> dost\u0119pna w kolorze <strong data-start=\"2688\" data-end=\"2710\">z\u0142otym lub czarnym<\/strong> oraz szk\u0142o <strong data-start=\"2722\" data-end=\"2764\">bezbarwne lub antisol ciemny grafitowy<\/strong> nadaj\u0105 jej elegancki wygl\u0105d.<\/p>\n<h3><strong data-start=\"2801\" data-end=\"2863\">Meble kuchenne &#8211; wi\u0119ksza szafka wisz\u0105ca z podw\u00f3jnym frontem<\/strong><\/h3>\n<p data-start=\"2867\" data-end=\"3153\">W odr\u00f3\u017cnieniu od w\u0119\u017cszych modeli, szafka <strong data-start=\"2908\" data-end=\"2925\">BWWAR80.1\/100<\/strong> posiada <strong data-start=\"2934\" data-end=\"2948\">dwa fronty<\/strong>, co u\u0142atwia dost\u0119p do przechowywanych przedmiot\u00f3w i pozwala na lepsz\u0105 organizacj\u0119 przestrzeni. <strong data-start=\"3044\" data-end=\"3061\">Szklane p\u00f3\u0142ki<\/strong> dodaj\u0105 lekko\u015bci, a nowoczesny system <strong data-start=\"3099\" data-end=\"3109\">tip-on<\/strong> pozwala na otwieranie drzwi bez uchwyt\u00f3w.<\/p>\n<h3><strong data-start=\"3159\" data-end=\"3231\">Podkre\u015bl wyj\u0105tkowy design dzi\u0119ki o\u015bwietleniu<\/strong><\/h3>\n<p data-start=\"3235\" data-end=\"3428\">Podobnie jak w pozosta\u0142ych modelach, <strong data-start=\"3272\" data-end=\"3303\">g\u00f3rny wieniec o\u015bwietleniowy<\/strong> pozwala na monta\u017c dedykowanego \u015bwiat\u0142a, kt\u00f3re efektownie eksponuje zawarto\u015b\u0107 szafki i nadaje wn\u0119trzu nowoczesny charakter.<\/p>\n<h3 data-start=\"3430\" data-end=\"3482\"><strong data-start=\"3435\" data-end=\"3480\">Najwa\u017cniejsze cechy:<\/strong><\/h3>\n<p data-start=\"3483\" data-end=\"4030\">\u2714 <strong data-start=\"3485\" data-end=\"3499\">Szeroko\u015b\u0107:<\/strong> 80 cm \u2013 jeszcze wi\u0119cej przestrzeni na przechowywanie<br data-start=\"3552\" data-end=\"3555\" \/>\u2714 <strong data-start=\"3557\" data-end=\"3570\">Wysoko\u015b\u0107:<\/strong> 100 cm \u2013 optymalne rozwi\u0105zanie do wysokich kuchni<br data-start=\"3620\" data-end=\"3623\" \/>\u2714 <strong data-start=\"3625\" data-end=\"3639\">G\u0142\u0119boko\u015b\u0107:<\/strong> 36 cm \u2013 wi\u0119ksza pojemno\u015b\u0107 ni\u017c standardowe modele<br data-start=\"3688\" data-end=\"3691\" \/>\u2714 <strong data-start=\"3693\" data-end=\"3706\">Ramka ALU<\/strong>: z\u0142ota lub czarna<br data-start=\"3724\" data-end=\"3727\" \/>\u2714 <strong data-start=\"3729\" data-end=\"3738\">Szk\u0142o<\/strong>: bezbarwne lub antisol ciemny grafitowy<br data-start=\"3778\" data-end=\"3781\" \/>\u2714 <strong data-start=\"3783\" data-end=\"3797\">Dwa fronty<\/strong> \u2013 lepsza organizacja przestrzeni i \u0142atwiejszy dost\u0119p<br data-start=\"3850\" data-end=\"3853\" \/>\u2714 <strong data-start=\"3855\" data-end=\"3872\">Szklane p\u00f3\u0142ki<\/strong> \u2013 eleganckie i funkcjonalne rozwi\u0105zanie<br data-start=\"3912\" data-end=\"3915\" \/>\u2714 <strong data-start=\"3917\" data-end=\"3934\">System tip-on<\/strong> \u2013 otwieranie bez uchwyt\u00f3w<br data-start=\"3960\" data-end=\"3963\" \/>\u2714 <strong data-start=\"3965\" data-end=\"3996\">G\u00f3rny wieniec o\u015bwietleniowy<\/strong> \u2013 miejsce na dedykowane \u015bwiat\u0142o<\/p>\n<h3><strong data-start=\"4036\" data-end=\"4095\">Nowoczesna i przestronna szafka wisz\u0105ca<\/strong><\/h3>\n<p data-start=\"4099\" data-end=\"4453\">Dzi\u0119ki szeroko\u015bci <strong data-start=\"4117\" data-end=\"4126\">80 cm<\/strong>, <strong data-start=\"4128\" data-end=\"4148\">wysoko\u015bci 100 cm<\/strong> i <strong data-start=\"4151\" data-end=\"4173\">g\u0142\u0119bokiemu wn\u0119trzu<\/strong>, szafka <strong data-start=\"4182\" data-end=\"4199\">BWWAR80.1\/100<\/strong> doskonale sprawdzi si\u0119 w wi\u0119kszych kuchniach, zapewniaj\u0105c optymalne warunki do przechowywania. Eleganckie przeszklenie i mo\u017cliwo\u015b\u0107 dodania o\u015bwietlenia sprawiaj\u0105, \u017ce mebel ten staje si\u0119 zar\u00f3wno praktycznym, jak i stylowym elementem aran\u017cacji kuchennej. Niech Twoje meble kuchenne dostan\u0105 dodatkowego blasku<\/p>\n","protected":false},"excerpt":{"rendered":"<h3 data-start=\"2333\" data-end=\"2415\"><strong data-start=\"2337\" data-end=\"2413\">Szafka wisz\u0105ca g\u0142\u0119boka BWWAR80.1\/100 &#8211; witryna ALU<\/strong><\/h3>\n<p data-start=\"2417\" data-end=\"2795\">Szafka wisz\u0105ca <strong data-start=\"2432\" data-end=\"2449\">BWWAR80.1\/100<\/strong> to wyj\u0105tkowy model, kt\u00f3ry \u0142\u0105czy nowoczesny wygl\u0105d z du\u017c\u0105 pojemno\u015bci\u0105. Dzi\u0119ki <strong data-start=\"2527\" data-end=\"2547\">szeroko\u015bci 80 cm<\/strong>, <strong data-start=\"2549\" data-end=\"2569\">wysoko\u015bci 100 cm<\/strong> i <strong data-start=\"2572\" data-end=\"2592\">g\u0142\u0119boko\u015bci 36 cm<\/strong> oferuje przestrze\u0144 na wszystkie niezb\u0119dne akcesoria kuchenne. <strong data-start=\"2655\" data-end=\"2668\">Ramka ALU<\/strong> dost\u0119pna w kolorze <strong data-start=\"2688\" data-end=\"2710\">z\u0142otym lub czarnym<\/strong> oraz szk\u0142o <strong data-start=\"2722\" data-end=\"2764\">bezbarwne lub antisol ciemny grafitowy<\/strong> nadaj\u0105 jej elegancki wygl\u0105d.<\/p>\n","protected":false},"featured_media":60104,"template":"","meta":[],"product_brand":[710],"product_cat":[778,784,775,454,474,498,550],"product_tag":[],"class_list":{"0":"post-53215","1":"product","2":"type-product","3":"status-publish","4":"has-post-thumbnail","6":"product_brand-meble-kam","7":"product_cat-szafki-kuchenne-wiszace-sklep","8":"product_cat-witryny-kuchenne-sklep","9":"product_cat-wszystko","10":"product_cat-meble-kam-mono","11":"product_cat-szafki-wiszace","12":"product_cat-szafki-wiszace-100","13":"product_cat-szafki-wiszace-z-ramka-alu-szafki-wiszace-100","14":"product_shipping_class-szafka-wiszaca-kam","16":"first","17":"instock","18":"shipping-taxable","19":"purchasable","20":"product-type-variable"},"yoast_head":"<!-- This site is optimized with the Yoast SEO Premium plugin v25.0 (Yoast SEO v25.0) - https:\/\/yoast.com\/wordpress\/plugins\/seo\/ -->\n<title>Szafka wisz\u0105ca g\u0142\u0119boka BWWAR80.1\/100 - witryna ALU<\/title>\n<meta name=\"description\" content=\"Szafka wisz\u0105ca g\u0142\u0119boka BWWAR80.1\/100 - witryna ALU nada Twojej kuchni elegancji w nowoczesnym wydaniu dzi\u0119ki \u015bwietnemu designowi.\" \/>\n<meta name=\"robots\" content=\"index, follow, max-snippet:-1, max-image-preview:large, max-video-preview:-1\" \/>\n<link rel=\"canonical\" href=\"https:\/\/meblekuchenne.pl\/sklep\/product\/szafka-wiszaca-gleboka-bwwar80-100-witryna-alu-kammono\/\" \/>\n<meta property=\"og:locale\" content=\"pl_PL\" \/>\n<meta property=\"og:type\" content=\"article\" \/>\n<meta property=\"og:title\" content=\"Szafka wisz\u0105ca g\u0142\u0119boka BWWAR80\/100 - witryna alu - KamMono\" \/>\n<meta property=\"og:description\" content=\"Szafka wisz\u0105ca g\u0142\u0119boka BWWAR80.1\/100 - witryna ALU nada Twojej kuchni elegancji w nowoczesnym wydaniu dzi\u0119ki \u015bwietnemu designowi.\" \/>\n<meta property=\"og:url\" content=\"https:\/\/meblekuchenne.pl\/sklep\/product\/szafka-wiszaca-gleboka-bwwar80-100-witryna-alu-kammono\/\" \/>\n<meta property=\"og:site_name\" content=\"MebleKuchenne.PL - SKLEP\" \/>\n<meta property=\"article:modified_time\" content=\"2026-04-01T11:22:21+00:00\" \/>\n<meta property=\"og:image\" content=\"https:\/\/meblekuchenne.pl\/sklep\/wp-content\/uploads\/2025\/02\/wwar80-100.webp\" \/>\n\t<meta property=\"og:image:width\" content=\"1600\" \/>\n\t<meta property=\"og:image:height\" content=\"1080\" \/>\n\t<meta property=\"og:image:type\" content=\"image\/webp\" \/>\n<meta name=\"twitter:card\" content=\"summary_large_image\" \/>\n<meta name=\"twitter:label1\" content=\"Dost\u0119pno\u015b\u0107\" \/>\n\t<meta name=\"twitter:data1\" content=\"Dost\u0119pny\" \/>\n<script type=\"application\/ld+json\" class=\"yoast-schema-graph\">{\"@context\":\"https:\/\/schema.org\",\"@graph\":[{\"@type\":\"WebPage\",\"@id\":\"https:\/\/meblekuchenne.pl\/sklep\/product\/szafka-wiszaca-gleboka-bwwar80-100-witryna-alu-kammono\/\",\"url\":\"https:\/\/meblekuchenne.pl\/sklep\/product\/szafka-wiszaca-gleboka-bwwar80-100-witryna-alu-kammono\/\",\"name\":\"Szafka wisz\u0105ca g\u0142\u0119boka BWWAR80.1\/100 - witryna ALU\",\"isPartOf\":{\"@id\":\"https:\/\/meblekuchenne.pl\/sklep\/#website\"},\"primaryImageOfPage\":{\"@id\":\"https:\/\/meblekuchenne.pl\/sklep\/product\/szafka-wiszaca-gleboka-bwwar80-100-witryna-alu-kammono\/#primaryimage\"},\"image\":{\"@id\":\"https:\/\/meblekuchenne.pl\/sklep\/product\/szafka-wiszaca-gleboka-bwwar80-100-witryna-alu-kammono\/#primaryimage\"},\"thumbnailUrl\":\"https:\/\/meblekuchenne.pl\/sklep\/wp-content\/uploads\/2025\/02\/wwar80-100.webp\",\"datePublished\":\"2025-02-21T19:32:28+00:00\",\"dateModified\":\"2026-04-01T11:22:21+00:00\",\"description\":\"Szafka wisz\u0105ca g\u0142\u0119boka BWWAR80.1\/100 - witryna ALU nada Twojej kuchni elegancji w nowoczesnym wydaniu dzi\u0119ki \u015bwietnemu designowi.\",\"breadcrumb\":{\"@id\":\"https:\/\/meblekuchenne.pl\/sklep\/product\/szafka-wiszaca-gleboka-bwwar80-100-witryna-alu-kammono\/#breadcrumb\"},\"inLanguage\":\"pl-PL\",\"potentialAction\":[{\"@type\":\"ReadAction\",\"target\":[\"https:\/\/meblekuchenne.pl\/sklep\/product\/szafka-wiszaca-gleboka-bwwar80-100-witryna-alu-kammono\/\"]}]},{\"@type\":\"ImageObject\",\"inLanguage\":\"pl-PL\",\"@id\":\"https:\/\/meblekuchenne.pl\/sklep\/product\/szafka-wiszaca-gleboka-bwwar80-100-witryna-alu-kammono\/#primaryimage\",\"url\":\"https:\/\/meblekuchenne.pl\/sklep\/wp-content\/uploads\/2025\/02\/wwar80-100.webp\",\"contentUrl\":\"https:\/\/meblekuchenne.pl\/sklep\/wp-content\/uploads\/2025\/02\/wwar80-100.webp\",\"width\":1600,\"height\":1080},{\"@type\":\"BreadcrumbList\",\"@id\":\"https:\/\/meblekuchenne.pl\/sklep\/product\/szafka-wiszaca-gleboka-bwwar80-100-witryna-alu-kammono\/#breadcrumb\",\"itemListElement\":[{\"@type\":\"ListItem\",\"position\":1,\"name\":\"Strona g\u0142\u00f3wna\",\"item\":\"https:\/\/meblekuchenne.pl\/sklep\/\"},{\"@type\":\"ListItem\",\"position\":2,\"name\":\"Sklep\",\"item\":\"https:\/\/meblekuchenne.pl\/sklep\/sklep\/\"},{\"@type\":\"ListItem\",\"position\":3,\"name\":\"Szafka wisz\u0105ca g\u0142\u0119boka BWWAR80\/100 &#8211; witryna alu &#8211; KamMono\"}]},{\"@type\":\"WebSite\",\"@id\":\"https:\/\/meblekuchenne.pl\/sklep\/#website\",\"url\":\"https:\/\/meblekuchenne.pl\/sklep\/\",\"name\":\"MebleKuchenne.PL - SKLEP\",\"description\":\"\",\"publisher\":{\"@id\":\"https:\/\/meblekuchenne.pl\/sklep\/#organization\"},\"potentialAction\":[{\"@type\":\"SearchAction\",\"target\":{\"@type\":\"EntryPoint\",\"urlTemplate\":\"https:\/\/meblekuchenne.pl\/sklep\/?s={search_term_string}\"},\"query-input\":{\"@type\":\"PropertyValueSpecification\",\"valueRequired\":true,\"valueName\":\"search_term_string\"}}],\"inLanguage\":\"pl-PL\"},{\"@type\":\"Organization\",\"@id\":\"https:\/\/meblekuchenne.pl\/sklep\/#organization\",\"name\":\"MebleKuchenne.PL - SKLEP\",\"url\":\"https:\/\/meblekuchenne.pl\/sklep\/\",\"logo\":{\"@type\":\"ImageObject\",\"inLanguage\":\"pl-PL\",\"@id\":\"https:\/\/meblekuchenne.pl\/sklep\/#\/schema\/logo\/image\/\",\"url\":\"https:\/\/meblekuchenne.pl\/sklep\/wp-content\/uploads\/2025\/06\/cropped-cropped-logo.webp\",\"contentUrl\":\"https:\/\/meblekuchenne.pl\/sklep\/wp-content\/uploads\/2025\/06\/cropped-cropped-logo.webp\",\"width\":735,\"height\":715,\"caption\":\"MebleKuchenne.PL - SKLEP\"},\"image\":{\"@id\":\"https:\/\/meblekuchenne.pl\/sklep\/#\/schema\/logo\/image\/\"}}]}<\/script>\n<meta property=\"og:availability\" content=\"instock\" \/>\n<meta property=\"product:availability\" content=\"instock\" \/>\n<meta property=\"product:retailer_item_id\" content=\"BWWAR80\/100\" \/>\n<meta property=\"product:condition\" content=\"new\" \/>\n<!-- \/ Yoast SEO Premium plugin. -->","yoast_head_json":{"title":"Szafka wisz\u0105ca g\u0142\u0119boka BWWAR80.1\/100 - witryna ALU","description":"Szafka wisz\u0105ca g\u0142\u0119boka BWWAR80.1\/100 - witryna ALU nada Twojej kuchni elegancji w nowoczesnym wydaniu dzi\u0119ki \u015bwietnemu designowi.","robots":{"index":"index","follow":"follow","max-snippet":"max-snippet:-1","max-image-preview":"max-image-preview:large","max-video-preview":"max-video-preview:-1"},"canonical":"https:\/\/meblekuchenne.pl\/sklep\/product\/szafka-wiszaca-gleboka-bwwar80-100-witryna-alu-kammono\/","og_locale":"pl_PL","og_type":"article","og_title":"Szafka wisz\u0105ca g\u0142\u0119boka BWWAR80\/100 - witryna alu - KamMono","og_description":"Szafka wisz\u0105ca g\u0142\u0119boka BWWAR80.1\/100 - witryna ALU nada Twojej kuchni elegancji w nowoczesnym wydaniu dzi\u0119ki \u015bwietnemu designowi.","og_url":"https:\/\/meblekuchenne.pl\/sklep\/product\/szafka-wiszaca-gleboka-bwwar80-100-witryna-alu-kammono\/","og_site_name":"MebleKuchenne.PL - SKLEP","article_modified_time":"2026-04-01T11:22:21+00:00","og_image":[{"width":1600,"height":1080,"url":"https:\/\/meblekuchenne.pl\/sklep\/wp-content\/uploads\/2025\/02\/wwar80-100.webp","type":"image\/webp"}],"twitter_card":"summary_large_image","twitter_misc":{"Dost\u0119pno\u015b\u0107":"Dost\u0119pny"},"schema":{"@context":"https:\/\/schema.org","@graph":[{"@type":"WebPage","@id":"https:\/\/meblekuchenne.pl\/sklep\/product\/szafka-wiszaca-gleboka-bwwar80-100-witryna-alu-kammono\/","url":"https:\/\/meblekuchenne.pl\/sklep\/product\/szafka-wiszaca-gleboka-bwwar80-100-witryna-alu-kammono\/","name":"Szafka wisz\u0105ca g\u0142\u0119boka BWWAR80.1\/100 - witryna ALU","isPartOf":{"@id":"https:\/\/meblekuchenne.pl\/sklep\/#website"},"primaryImageOfPage":{"@id":"https:\/\/meblekuchenne.pl\/sklep\/product\/szafka-wiszaca-gleboka-bwwar80-100-witryna-alu-kammono\/#primaryimage"},"image":{"@id":"https:\/\/meblekuchenne.pl\/sklep\/product\/szafka-wiszaca-gleboka-bwwar80-100-witryna-alu-kammono\/#primaryimage"},"thumbnailUrl":"https:\/\/meblekuchenne.pl\/sklep\/wp-content\/uploads\/2025\/02\/wwar80-100.webp","datePublished":"2025-02-21T19:32:28+00:00","dateModified":"2026-04-01T11:22:21+00:00","description":"Szafka wisz\u0105ca g\u0142\u0119boka BWWAR80.1\/100 - witryna ALU nada Twojej kuchni elegancji w nowoczesnym wydaniu dzi\u0119ki \u015bwietnemu designowi.","breadcrumb":{"@id":"https:\/\/meblekuchenne.pl\/sklep\/product\/szafka-wiszaca-gleboka-bwwar80-100-witryna-alu-kammono\/#breadcrumb"},"inLanguage":"pl-PL","potentialAction":[{"@type":"ReadAction","target":["https:\/\/meblekuchenne.pl\/sklep\/product\/szafka-wiszaca-gleboka-bwwar80-100-witryna-alu-kammono\/"]}]},{"@type":"ImageObject","inLanguage":"pl-PL","@id":"https:\/\/meblekuchenne.pl\/sklep\/product\/szafka-wiszaca-gleboka-bwwar80-100-witryna-alu-kammono\/#primaryimage","url":"https:\/\/meblekuchenne.pl\/sklep\/wp-content\/uploads\/2025\/02\/wwar80-100.webp","contentUrl":"https:\/\/meblekuchenne.pl\/sklep\/wp-content\/uploads\/2025\/02\/wwar80-100.webp","width":1600,"height":1080},{"@type":"BreadcrumbList","@id":"https:\/\/meblekuchenne.pl\/sklep\/product\/szafka-wiszaca-gleboka-bwwar80-100-witryna-alu-kammono\/#breadcrumb","itemListElement":[{"@type":"ListItem","position":1,"name":"Strona g\u0142\u00f3wna","item":"https:\/\/meblekuchenne.pl\/sklep\/"},{"@type":"ListItem","position":2,"name":"Sklep","item":"https:\/\/meblekuchenne.pl\/sklep\/sklep\/"},{"@type":"ListItem","position":3,"name":"Szafka wisz\u0105ca g\u0142\u0119boka BWWAR80\/100 &#8211; witryna alu &#8211; KamMono"}]},{"@type":"WebSite","@id":"https:\/\/meblekuchenne.pl\/sklep\/#website","url":"https:\/\/meblekuchenne.pl\/sklep\/","name":"MebleKuchenne.PL - SKLEP","description":"","publisher":{"@id":"https:\/\/meblekuchenne.pl\/sklep\/#organization"},"potentialAction":[{"@type":"SearchAction","target":{"@type":"EntryPoint","urlTemplate":"https:\/\/meblekuchenne.pl\/sklep\/?s={search_term_string}"},"query-input":{"@type":"PropertyValueSpecification","valueRequired":true,"valueName":"search_term_string"}}],"inLanguage":"pl-PL"},{"@type":"Organization","@id":"https:\/\/meblekuchenne.pl\/sklep\/#organization","name":"MebleKuchenne.PL - SKLEP","url":"https:\/\/meblekuchenne.pl\/sklep\/","logo":{"@type":"ImageObject","inLanguage":"pl-PL","@id":"https:\/\/meblekuchenne.pl\/sklep\/#\/schema\/logo\/image\/","url":"https:\/\/meblekuchenne.pl\/sklep\/wp-content\/uploads\/2025\/06\/cropped-cropped-logo.webp","contentUrl":"https:\/\/meblekuchenne.pl\/sklep\/wp-content\/uploads\/2025\/06\/cropped-cropped-logo.webp","width":735,"height":715,"caption":"MebleKuchenne.PL - SKLEP"},"image":{"@id":"https:\/\/meblekuchenne.pl\/sklep\/#\/schema\/logo\/image\/"}}]},"og_availability":"instock","product_availability":"instock","product_retailer_item_id":"BWWAR80\/100","product_condition":"new"},"_links":{"self":[{"href":"https:\/\/meblekuchenne.pl\/sklep\/wp-json\/wp\/v2\/product\/53215","targetHints":{"allow":["GET"]}}],"collection":[{"href":"https:\/\/meblekuchenne.pl\/sklep\/wp-json\/wp\/v2\/product"}],"about":[{"href":"https:\/\/meblekuchenne.pl\/sklep\/wp-json\/wp\/v2\/types\/product"}],"wp:featuredmedia":[{"embeddable":true,"href":"https:\/\/meblekuchenne.pl\/sklep\/wp-json\/wp\/v2\/media\/60104"}],"wp:attachment":[{"href":"https:\/\/meblekuchenne.pl\/sklep\/wp-json\/wp\/v2\/media?parent=53215"}],"wp:term":[{"taxonomy":"product_brand","embeddable":true,"href":"https:\/\/meblekuchenne.pl\/sklep\/wp-json\/wp\/v2\/product_brand?post=53215"},{"taxonomy":"product_cat","embeddable":true,"href":"https:\/\/meblekuchenne.pl\/sklep\/wp-json\/wp\/v2\/product_cat?post=53215"},{"taxonomy":"product_tag","embeddable":true,"href":"https:\/\/meblekuchenne.pl\/sklep\/wp-json\/wp\/v2\/product_tag?post=53215"}],"curies":[{"name":"wp","href":"https:\/\/api.w.org\/{rel}","templated":true}]}}