{"id":53213,"date":"2025-02-21T20:32:28","date_gmt":"2025-02-21T19:32:28","guid":{"rendered":"https:\/\/meblekuchenne.pl\/sklep\/?post_type=product&#038;p=53213"},"modified":"2026-04-01T13:22:22","modified_gmt":"2026-04-01T11:22:22","slug":"szafka-wiszaca-gleboka-bwwar40-1-100-witryna-alu-kammono","status":"publish","type":"product","link":"https:\/\/meblekuchenne.pl\/sklep\/product\/szafka-wiszaca-gleboka-bwwar40-1-100-witryna-alu-kammono\/","title":{"rendered":"Szafka wisz\u0105ca g\u0142\u0119boka BWWAR40.1\/100 &#8211; witryna alu &#8211; KamMono"},"content":{"rendered":"<h2 data-start=\"93\" data-end=\"161\"><strong data-start=\"96\" data-end=\"159\">Szafka wisz\u0105ca BWWAR40.1\/100<\/strong><\/h2>\n<p>Szafka z witryn\u0105 &#8211; szer. 40 cm, wys. 100 cm, g\u0142. 36 cm<\/p>\n<h3 data-start=\"93\" data-end=\"161\"><strong data-start=\"96\" data-end=\"159\">Nowoczesna witryna do kuchni<\/strong><\/h3>\n<p data-start=\"163\" data-end=\"501\">Szafka wisz\u0105ca g\u0142\u0119boka BWWAR40.1\/100 &#8211; witryna alu to po\u0142\u0105czenie elegancji i funkcjonalno\u015bci, idealne do nowoczesnej kuchni. Dzi\u0119ki <strong data-start=\"277\" data-end=\"290\">ramce ALU<\/strong> dost\u0119pnej w kolorze <strong data-start=\"311\" data-end=\"333\">z\u0142otym lub czarnym<\/strong> oraz <strong data-start=\"339\" data-end=\"355\">przeszkleniu<\/strong> do wyboru (<strong data-start=\"367\" data-end=\"409\">bezbarwne lub antisol ciemny grafitowy<\/strong>), ten model doskonale komponuje si\u0119 gdy posiadasz zar\u00f3wno jasne, jak i ciemne meble kuchenne.<\/p>\n<p data-start=\"503\" data-end=\"763\">Dodatkowym atutem jest jej <strong data-start=\"530\" data-end=\"559\">wi\u0119ksza g\u0142\u0119boko\u015b\u0107 \u2013 36 cm<\/strong>, co zapewnia wi\u0119cej miejsca na przechowywanie ni\u017c w standardowych szafkach wisz\u0105cych. To praktyczne rozwi\u0105zanie pozwala na wygodniejsze przechowywanie naczy\u0144, szklanek czy innych akcesori\u00f3w kuchennych.<\/p>\n<h3 data-start=\"765\" data-end=\"834\"><strong data-start=\"768\" data-end=\"832\">Szafka wisz\u0105ca z witryn\u0105 i szklanymi p\u00f3\u0142kami<\/strong><\/h3>\n<p data-start=\"836\" data-end=\"1131\">Szafka wisz\u0105ca g\u0142\u0119boka BWWAR40.1\/100 &#8211; witryna alu o szeroko\u015bci <strong data-start=\"883\" data-end=\"892\">40 cm<\/strong> posiada <strong data-start=\"901\" data-end=\"916\">jeden front<\/strong>, kt\u00f3ry mo\u017cna zamontowa\u0107 jako <strong data-start=\"946\" data-end=\"964\">prawy lub lewy<\/strong>, dostosowuj\u0105c go do uk\u0142adu kuchni. <strong data-start=\"1000\" data-end=\"1017\">Szklane p\u00f3\u0142ki<\/strong> nie tylko podkre\u015blaj\u0105 elegancki charakter mebla, ale r\u00f3wnie\u017c u\u0142atwiaj\u0105 organizacj\u0119 przechowywanych przedmiot\u00f3w.<\/p>\n<h3 data-start=\"1133\" data-end=\"1200\"><strong data-start=\"1136\" data-end=\"1198\">O\u015bwietlenie\u00a0 \u2013 funkcjonalno\u015b\u0107 i styl<\/strong><\/h3>\n<p data-start=\"1202\" data-end=\"1521\">Model <strong data-start=\"1208\" data-end=\"1225\">BWWAR40.1\/100<\/strong> wyposa\u017cony jest w <strong data-start=\"1244\" data-end=\"1275\">g\u00f3rny wieniec o\u015bwietleniowy<\/strong> z miejscem na dedykowane \u015bwiat\u0142o, co pozwala na efektowne podkre\u015blenie zawarto\u015bci szafki oraz stworzenie klimatycznej atmosfery w kuchni. Dodatkowo, <strong data-start=\"1425\" data-end=\"1453\">system otwierania tip-on<\/strong> zapewnia wygod\u0119 u\u017cytkowania bez konieczno\u015bci stosowania uchwyt\u00f3w.<\/p>\n<p><strong data-start=\"1527\" data-end=\"1572\">Najwa\u017cniejsze cechy szafki BWWAR40.1\/100:<\/strong><\/p>\n<p data-start=\"1575\" data-end=\"2011\">\u2714 <strong data-start=\"1577\" data-end=\"1591\">Szeroko\u015b\u0107:<\/strong> 40 cm<br data-start=\"1597\" data-end=\"1600\" \/>\u2714 <strong data-start=\"1602\" data-end=\"1616\">G\u0142\u0119boko\u015b\u0107:<\/strong> 36 cm (wi\u0119cej przestrzeni ni\u017c w standardowych szafkach)<br data-start=\"1672\" data-end=\"1675\" \/>\u2714 <strong data-start=\"1677\" data-end=\"1690\">Ramka ALU<\/strong>: z\u0142ota lub czarna<br data-start=\"1708\" data-end=\"1711\" \/>\u2714 <strong data-start=\"1713\" data-end=\"1722\">Szk\u0142o<\/strong>: bezbarwne lub antisol ciemny grafitowy<br data-start=\"1762\" data-end=\"1765\" \/>\u2714 <strong data-start=\"1767\" data-end=\"1787\">Front prawy\/lewy<\/strong> \u2013 mo\u017cliwo\u015b\u0107 monta\u017cu w obu wariantach<br data-start=\"1824\" data-end=\"1827\" \/>\u2714 <strong data-start=\"1829\" data-end=\"1846\">Szklane p\u00f3\u0142ki<\/strong> \u2013 elegancki wygl\u0105d i praktyczne przechowywanie<br data-start=\"1893\" data-end=\"1896\" \/>\u2714 <strong data-start=\"1898\" data-end=\"1915\">System tip-on<\/strong> \u2013 otwieranie bez uchwyt\u00f3w<br data-start=\"1941\" data-end=\"1944\" \/>\u2714 <strong data-start=\"1946\" data-end=\"1977\">G\u00f3rny wieniec o\u015bwietleniowy<\/strong> \u2013 miejsce na dedykowane \u015bwiat\u0142o<\/p>\n<h3 data-start=\"2013\" data-end=\"2069\"><strong data-start=\"2017\" data-end=\"2067\">Meble kuchenne. Idealny wyb\u00f3r do Twojej kuchni<\/strong><\/h3>\n<p data-start=\"2071\" data-end=\"2335\">Nowoczesna <strong data-start=\"2082\" data-end=\"2114\">szafka wisz\u0105ca BWWAR40.1\/100<\/strong> to \u015bwietne rozwi\u0105zanie dla os\u00f3b ceni\u0105cych estetyk\u0119 i funkcjonalno\u015b\u0107. Jej <strong data-start=\"2188\" data-end=\"2209\">wi\u0119ksza g\u0142\u0119boko\u015b\u0107<\/strong>, elegancki wygl\u0105d, wysokiej jako\u015bci materia\u0142y oraz dodatkowe o\u015bwietlenie sprawiaj\u0105, \u017ce kuchnia zyskuje wyj\u0105tkowy charakter.<\/p>\n","protected":false},"excerpt":{"rendered":"<h2 data-start=\"93\" data-end=\"161\"><strong data-start=\"96\" data-end=\"159\">Szafka wisz\u0105ca BWWAR40.1\/100 <\/strong><\/h2>\n<p data-start=\"163\" data-end=\"501\">Szafka wisz\u0105ca g\u0142\u0119boka BWWAR40.1\/100 &#8211; witryna alu to po\u0142\u0105czenie elegancji i funkcjonalno\u015bci, idealne do nowoczesnej kuchni. Dzi\u0119ki <strong data-start=\"277\" data-end=\"290\">ramce ALU<\/strong> dost\u0119pnej w kolorze <strong data-start=\"311\" data-end=\"333\">z\u0142otym lub czarnym<\/strong> oraz <strong data-start=\"339\" data-end=\"355\">przeszkleniu<\/strong> do wyboru (<strong data-start=\"367\" data-end=\"409\">bezbarwne lub antisol ciemny grafitowy<\/strong>), ten model doskonale komponuje si\u0119 zar\u00f3wno z jasnymi, jak i ciemnymi meblami kuchennymi.<\/p>\n","protected":false},"featured_media":60106,"template":"","meta":[],"product_brand":[710],"product_cat":[778,784,775,454,474,498,550],"product_tag":[],"class_list":{"0":"post-53213","1":"product","2":"type-product","3":"status-publish","4":"has-post-thumbnail","6":"product_brand-meble-kam","7":"product_cat-szafki-kuchenne-wiszace-sklep","8":"product_cat-witryny-kuchenne-sklep","9":"product_cat-wszystko","10":"product_cat-meble-kam-mono","11":"product_cat-szafki-wiszace","12":"product_cat-szafki-wiszace-100","13":"product_cat-szafki-wiszace-z-ramka-alu-szafki-wiszace-100","14":"product_shipping_class-szafka-wiszaca-kam","16":"first","17":"instock","18":"shipping-taxable","19":"purchasable","20":"product-type-variable"},"yoast_head":"<!-- This site is optimized with the Yoast SEO Premium plugin v25.0 (Yoast SEO v25.0) - https:\/\/yoast.com\/wordpress\/plugins\/seo\/ -->\n<title>Szafka wisz\u0105ca g\u0142\u0119boka BWWAR40.1\/100 - witryna alu<\/title>\n<meta name=\"description\" content=\"Szafka wisz\u0105ca g\u0142\u0119boka BWWAR40.1\/100 - witryna alu to po\u0142\u0105czenie elegancji i funkcjonalno\u015bci, idealne do nowoczesnej kuchni.\" \/>\n<meta name=\"robots\" content=\"index, follow, max-snippet:-1, max-image-preview:large, max-video-preview:-1\" \/>\n<link rel=\"canonical\" href=\"https:\/\/meblekuchenne.pl\/sklep\/product\/szafka-wiszaca-gleboka-bwwar40-1-100-witryna-alu-kammono\/\" \/>\n<meta property=\"og:locale\" content=\"pl_PL\" \/>\n<meta property=\"og:type\" content=\"article\" \/>\n<meta property=\"og:title\" content=\"Szafka wisz\u0105ca g\u0142\u0119boka BWWAR40.1\/100 - witryna alu - KamMono\" \/>\n<meta property=\"og:description\" content=\"Szafka wisz\u0105ca g\u0142\u0119boka BWWAR40.1\/100 - witryna alu to po\u0142\u0105czenie elegancji i funkcjonalno\u015bci, idealne do nowoczesnej kuchni.\" \/>\n<meta property=\"og:url\" content=\"https:\/\/meblekuchenne.pl\/sklep\/product\/szafka-wiszaca-gleboka-bwwar40-1-100-witryna-alu-kammono\/\" \/>\n<meta property=\"og:site_name\" content=\"MebleKuchenne.PL - SKLEP\" \/>\n<meta property=\"article:modified_time\" content=\"2026-04-01T11:22:22+00:00\" \/>\n<meta property=\"og:image\" content=\"https:\/\/meblekuchenne.pl\/sklep\/wp-content\/uploads\/2025\/02\/wwar40.1-100.webp\" \/>\n\t<meta property=\"og:image:width\" content=\"1600\" \/>\n\t<meta property=\"og:image:height\" content=\"1080\" \/>\n\t<meta property=\"og:image:type\" content=\"image\/webp\" \/>\n<meta name=\"twitter:card\" content=\"summary_large_image\" \/>\n<meta name=\"twitter:label1\" content=\"Dost\u0119pno\u015b\u0107\" \/>\n\t<meta name=\"twitter:data1\" content=\"Dost\u0119pny\" \/>\n<script type=\"application\/ld+json\" class=\"yoast-schema-graph\">{\"@context\":\"https:\/\/schema.org\",\"@graph\":[{\"@type\":\"WebPage\",\"@id\":\"https:\/\/meblekuchenne.pl\/sklep\/product\/szafka-wiszaca-gleboka-bwwar40-1-100-witryna-alu-kammono\/\",\"url\":\"https:\/\/meblekuchenne.pl\/sklep\/product\/szafka-wiszaca-gleboka-bwwar40-1-100-witryna-alu-kammono\/\",\"name\":\"Szafka wisz\u0105ca g\u0142\u0119boka BWWAR40.1\/100 - witryna alu\",\"isPartOf\":{\"@id\":\"https:\/\/meblekuchenne.pl\/sklep\/#website\"},\"primaryImageOfPage\":{\"@id\":\"https:\/\/meblekuchenne.pl\/sklep\/product\/szafka-wiszaca-gleboka-bwwar40-1-100-witryna-alu-kammono\/#primaryimage\"},\"image\":{\"@id\":\"https:\/\/meblekuchenne.pl\/sklep\/product\/szafka-wiszaca-gleboka-bwwar40-1-100-witryna-alu-kammono\/#primaryimage\"},\"thumbnailUrl\":\"https:\/\/meblekuchenne.pl\/sklep\/wp-content\/uploads\/2025\/02\/wwar40.1-100.webp\",\"datePublished\":\"2025-02-21T19:32:28+00:00\",\"dateModified\":\"2026-04-01T11:22:22+00:00\",\"description\":\"Szafka wisz\u0105ca g\u0142\u0119boka BWWAR40.1\/100 - witryna alu to po\u0142\u0105czenie elegancji i funkcjonalno\u015bci, idealne do nowoczesnej kuchni.\",\"breadcrumb\":{\"@id\":\"https:\/\/meblekuchenne.pl\/sklep\/product\/szafka-wiszaca-gleboka-bwwar40-1-100-witryna-alu-kammono\/#breadcrumb\"},\"inLanguage\":\"pl-PL\",\"potentialAction\":[{\"@type\":\"ReadAction\",\"target\":[\"https:\/\/meblekuchenne.pl\/sklep\/product\/szafka-wiszaca-gleboka-bwwar40-1-100-witryna-alu-kammono\/\"]}]},{\"@type\":\"ImageObject\",\"inLanguage\":\"pl-PL\",\"@id\":\"https:\/\/meblekuchenne.pl\/sklep\/product\/szafka-wiszaca-gleboka-bwwar40-1-100-witryna-alu-kammono\/#primaryimage\",\"url\":\"https:\/\/meblekuchenne.pl\/sklep\/wp-content\/uploads\/2025\/02\/wwar40.1-100.webp\",\"contentUrl\":\"https:\/\/meblekuchenne.pl\/sklep\/wp-content\/uploads\/2025\/02\/wwar40.1-100.webp\",\"width\":1600,\"height\":1080},{\"@type\":\"BreadcrumbList\",\"@id\":\"https:\/\/meblekuchenne.pl\/sklep\/product\/szafka-wiszaca-gleboka-bwwar40-1-100-witryna-alu-kammono\/#breadcrumb\",\"itemListElement\":[{\"@type\":\"ListItem\",\"position\":1,\"name\":\"Strona g\u0142\u00f3wna\",\"item\":\"https:\/\/meblekuchenne.pl\/sklep\/\"},{\"@type\":\"ListItem\",\"position\":2,\"name\":\"Sklep\",\"item\":\"https:\/\/meblekuchenne.pl\/sklep\/sklep\/\"},{\"@type\":\"ListItem\",\"position\":3,\"name\":\"Szafka wisz\u0105ca g\u0142\u0119boka BWWAR40.1\/100 &#8211; witryna alu &#8211; KamMono\"}]},{\"@type\":\"WebSite\",\"@id\":\"https:\/\/meblekuchenne.pl\/sklep\/#website\",\"url\":\"https:\/\/meblekuchenne.pl\/sklep\/\",\"name\":\"MebleKuchenne.PL - SKLEP\",\"description\":\"\",\"publisher\":{\"@id\":\"https:\/\/meblekuchenne.pl\/sklep\/#organization\"},\"potentialAction\":[{\"@type\":\"SearchAction\",\"target\":{\"@type\":\"EntryPoint\",\"urlTemplate\":\"https:\/\/meblekuchenne.pl\/sklep\/?s={search_term_string}\"},\"query-input\":{\"@type\":\"PropertyValueSpecification\",\"valueRequired\":true,\"valueName\":\"search_term_string\"}}],\"inLanguage\":\"pl-PL\"},{\"@type\":\"Organization\",\"@id\":\"https:\/\/meblekuchenne.pl\/sklep\/#organization\",\"name\":\"MebleKuchenne.PL - SKLEP\",\"url\":\"https:\/\/meblekuchenne.pl\/sklep\/\",\"logo\":{\"@type\":\"ImageObject\",\"inLanguage\":\"pl-PL\",\"@id\":\"https:\/\/meblekuchenne.pl\/sklep\/#\/schema\/logo\/image\/\",\"url\":\"https:\/\/meblekuchenne.pl\/sklep\/wp-content\/uploads\/2025\/06\/cropped-cropped-logo.webp\",\"contentUrl\":\"https:\/\/meblekuchenne.pl\/sklep\/wp-content\/uploads\/2025\/06\/cropped-cropped-logo.webp\",\"width\":735,\"height\":715,\"caption\":\"MebleKuchenne.PL - SKLEP\"},\"image\":{\"@id\":\"https:\/\/meblekuchenne.pl\/sklep\/#\/schema\/logo\/image\/\"}}]}<\/script>\n<meta property=\"og:availability\" content=\"instock\" \/>\n<meta property=\"product:availability\" content=\"instock\" \/>\n<meta property=\"product:retailer_item_id\" content=\"BWWAR40.1\/100\" \/>\n<meta property=\"product:condition\" content=\"new\" \/>\n<!-- \/ Yoast SEO Premium plugin. -->","yoast_head_json":{"title":"Szafka wisz\u0105ca g\u0142\u0119boka BWWAR40.1\/100 - witryna alu","description":"Szafka wisz\u0105ca g\u0142\u0119boka BWWAR40.1\/100 - witryna alu to po\u0142\u0105czenie elegancji i funkcjonalno\u015bci, idealne do nowoczesnej kuchni.","robots":{"index":"index","follow":"follow","max-snippet":"max-snippet:-1","max-image-preview":"max-image-preview:large","max-video-preview":"max-video-preview:-1"},"canonical":"https:\/\/meblekuchenne.pl\/sklep\/product\/szafka-wiszaca-gleboka-bwwar40-1-100-witryna-alu-kammono\/","og_locale":"pl_PL","og_type":"article","og_title":"Szafka wisz\u0105ca g\u0142\u0119boka BWWAR40.1\/100 - witryna alu - KamMono","og_description":"Szafka wisz\u0105ca g\u0142\u0119boka BWWAR40.1\/100 - witryna alu to po\u0142\u0105czenie elegancji i funkcjonalno\u015bci, idealne do nowoczesnej kuchni.","og_url":"https:\/\/meblekuchenne.pl\/sklep\/product\/szafka-wiszaca-gleboka-bwwar40-1-100-witryna-alu-kammono\/","og_site_name":"MebleKuchenne.PL - SKLEP","article_modified_time":"2026-04-01T11:22:22+00:00","og_image":[{"width":1600,"height":1080,"url":"https:\/\/meblekuchenne.pl\/sklep\/wp-content\/uploads\/2025\/02\/wwar40.1-100.webp","type":"image\/webp"}],"twitter_card":"summary_large_image","twitter_misc":{"Dost\u0119pno\u015b\u0107":"Dost\u0119pny"},"schema":{"@context":"https:\/\/schema.org","@graph":[{"@type":"WebPage","@id":"https:\/\/meblekuchenne.pl\/sklep\/product\/szafka-wiszaca-gleboka-bwwar40-1-100-witryna-alu-kammono\/","url":"https:\/\/meblekuchenne.pl\/sklep\/product\/szafka-wiszaca-gleboka-bwwar40-1-100-witryna-alu-kammono\/","name":"Szafka wisz\u0105ca g\u0142\u0119boka BWWAR40.1\/100 - witryna alu","isPartOf":{"@id":"https:\/\/meblekuchenne.pl\/sklep\/#website"},"primaryImageOfPage":{"@id":"https:\/\/meblekuchenne.pl\/sklep\/product\/szafka-wiszaca-gleboka-bwwar40-1-100-witryna-alu-kammono\/#primaryimage"},"image":{"@id":"https:\/\/meblekuchenne.pl\/sklep\/product\/szafka-wiszaca-gleboka-bwwar40-1-100-witryna-alu-kammono\/#primaryimage"},"thumbnailUrl":"https:\/\/meblekuchenne.pl\/sklep\/wp-content\/uploads\/2025\/02\/wwar40.1-100.webp","datePublished":"2025-02-21T19:32:28+00:00","dateModified":"2026-04-01T11:22:22+00:00","description":"Szafka wisz\u0105ca g\u0142\u0119boka BWWAR40.1\/100 - witryna alu to po\u0142\u0105czenie elegancji i funkcjonalno\u015bci, idealne do nowoczesnej kuchni.","breadcrumb":{"@id":"https:\/\/meblekuchenne.pl\/sklep\/product\/szafka-wiszaca-gleboka-bwwar40-1-100-witryna-alu-kammono\/#breadcrumb"},"inLanguage":"pl-PL","potentialAction":[{"@type":"ReadAction","target":["https:\/\/meblekuchenne.pl\/sklep\/product\/szafka-wiszaca-gleboka-bwwar40-1-100-witryna-alu-kammono\/"]}]},{"@type":"ImageObject","inLanguage":"pl-PL","@id":"https:\/\/meblekuchenne.pl\/sklep\/product\/szafka-wiszaca-gleboka-bwwar40-1-100-witryna-alu-kammono\/#primaryimage","url":"https:\/\/meblekuchenne.pl\/sklep\/wp-content\/uploads\/2025\/02\/wwar40.1-100.webp","contentUrl":"https:\/\/meblekuchenne.pl\/sklep\/wp-content\/uploads\/2025\/02\/wwar40.1-100.webp","width":1600,"height":1080},{"@type":"BreadcrumbList","@id":"https:\/\/meblekuchenne.pl\/sklep\/product\/szafka-wiszaca-gleboka-bwwar40-1-100-witryna-alu-kammono\/#breadcrumb","itemListElement":[{"@type":"ListItem","position":1,"name":"Strona g\u0142\u00f3wna","item":"https:\/\/meblekuchenne.pl\/sklep\/"},{"@type":"ListItem","position":2,"name":"Sklep","item":"https:\/\/meblekuchenne.pl\/sklep\/sklep\/"},{"@type":"ListItem","position":3,"name":"Szafka wisz\u0105ca g\u0142\u0119boka BWWAR40.1\/100 &#8211; witryna alu &#8211; KamMono"}]},{"@type":"WebSite","@id":"https:\/\/meblekuchenne.pl\/sklep\/#website","url":"https:\/\/meblekuchenne.pl\/sklep\/","name":"MebleKuchenne.PL - SKLEP","description":"","publisher":{"@id":"https:\/\/meblekuchenne.pl\/sklep\/#organization"},"potentialAction":[{"@type":"SearchAction","target":{"@type":"EntryPoint","urlTemplate":"https:\/\/meblekuchenne.pl\/sklep\/?s={search_term_string}"},"query-input":{"@type":"PropertyValueSpecification","valueRequired":true,"valueName":"search_term_string"}}],"inLanguage":"pl-PL"},{"@type":"Organization","@id":"https:\/\/meblekuchenne.pl\/sklep\/#organization","name":"MebleKuchenne.PL - SKLEP","url":"https:\/\/meblekuchenne.pl\/sklep\/","logo":{"@type":"ImageObject","inLanguage":"pl-PL","@id":"https:\/\/meblekuchenne.pl\/sklep\/#\/schema\/logo\/image\/","url":"https:\/\/meblekuchenne.pl\/sklep\/wp-content\/uploads\/2025\/06\/cropped-cropped-logo.webp","contentUrl":"https:\/\/meblekuchenne.pl\/sklep\/wp-content\/uploads\/2025\/06\/cropped-cropped-logo.webp","width":735,"height":715,"caption":"MebleKuchenne.PL - SKLEP"},"image":{"@id":"https:\/\/meblekuchenne.pl\/sklep\/#\/schema\/logo\/image\/"}}]},"og_availability":"instock","product_availability":"instock","product_retailer_item_id":"BWWAR40.1\/100","product_condition":"new"},"_links":{"self":[{"href":"https:\/\/meblekuchenne.pl\/sklep\/wp-json\/wp\/v2\/product\/53213","targetHints":{"allow":["GET"]}}],"collection":[{"href":"https:\/\/meblekuchenne.pl\/sklep\/wp-json\/wp\/v2\/product"}],"about":[{"href":"https:\/\/meblekuchenne.pl\/sklep\/wp-json\/wp\/v2\/types\/product"}],"wp:featuredmedia":[{"embeddable":true,"href":"https:\/\/meblekuchenne.pl\/sklep\/wp-json\/wp\/v2\/media\/60106"}],"wp:attachment":[{"href":"https:\/\/meblekuchenne.pl\/sklep\/wp-json\/wp\/v2\/media?parent=53213"}],"wp:term":[{"taxonomy":"product_brand","embeddable":true,"href":"https:\/\/meblekuchenne.pl\/sklep\/wp-json\/wp\/v2\/product_brand?post=53213"},{"taxonomy":"product_cat","embeddable":true,"href":"https:\/\/meblekuchenne.pl\/sklep\/wp-json\/wp\/v2\/product_cat?post=53213"},{"taxonomy":"product_tag","embeddable":true,"href":"https:\/\/meblekuchenne.pl\/sklep\/wp-json\/wp\/v2\/product_tag?post=53213"}],"curies":[{"name":"wp","href":"https:\/\/api.w.org\/{rel}","templated":true}]}}