{"id":53208,"date":"2025-02-21T20:32:25","date_gmt":"2025-02-21T19:32:25","guid":{"rendered":"https:\/\/meblekuchenne.pl\/sklep\/?post_type=product&#038;p=53208"},"modified":"2026-04-01T13:22:27","modified_gmt":"2026-04-01T11:22:27","slug":"szafka-gleboka-bwwar60-1-90-witryna-alu-kammono","status":"publish","type":"product","link":"https:\/\/meblekuchenne.pl\/sklep\/product\/szafka-gleboka-bwwar60-1-90-witryna-alu-kammono\/","title":{"rendered":"Szafka g\u0142\u0119boka BWWAR60.1\/90 &#8211; witryna alu &#8211; KamMono"},"content":{"rendered":"<h2 data-start=\"0\" data-end=\"68\"><strong data-start=\"0\" data-end=\"68\">Szafka g\u0142\u0119boka BWWAR60.1\/90 &#8211; witryna ALU<\/strong><\/h2>\n<p data-start=\"0\" data-end=\"68\">Szafka z witryn\u0105 na ramce ALU &#8211; szer. 60 cm, wys. 90 cm, g\u0142. 36 cm<\/p>\n<h3 data-start=\"0\" data-end=\"68\"><strong data-start=\"0\" data-end=\"68\">Nowoczesna szafka wisz\u0105ca z przestronnym wn\u0119trzem<\/strong><\/h3>\n<p data-start=\"70\" data-end=\"374\">Szafka wisz\u0105ca <strong>BBWAR60.1\/90<\/strong> to funkcjonalny i estetyczny element zabudowy, kt\u00f3ry \u015bwietnie komponuje si\u0119 w kuchniach o \u015bredniej wielko\u015bci. Z szeroko\u015bci\u0105 60 cm, wysoko\u015bci\u0105 90 cm i g\u0142\u0119boko\u015bci\u0105 36 cm oferuje przestronno\u015b\u0107, zachowuj\u0105c jednocze\u015bnie kompaktowe wymiary, kt\u00f3re sprawdz\u0105 si\u0119 w r\u00f3\u017cnych aran\u017cacjach.<\/p>\n<h3 data-start=\"376\" data-end=\"728\"><strong data-start=\"376\" data-end=\"414\">Stylowa i funkcjonalna konstrukcja<\/strong><\/h3>\n<p data-start=\"376\" data-end=\"728\">Nowoczesny wygl\u0105d <strong>BBWAR60.1\/90<\/strong> podkre\u015bla jego <strong>elegancki, minimalistyczny design<\/strong>. Wykonana z wysokiej jako\u015bci materia\u0142\u00f3w, szafka zapewnia trwa\u0142o\u015b\u0107 i odporno\u015b\u0107 na codzienne u\u017cytkowanie. G\u0142adkie powierzchnie i brak widocznych uchwyt\u00f3w nadaj\u0105 jej wyj\u0105tkow\u0105 estetyk\u0119, kt\u00f3ra pasuje do nowoczesnych i klasycznych wn\u0119trz.<\/p>\n<h3 data-start=\"730\" data-end=\"1168\"><strong data-start=\"730\" data-end=\"777\">Przestronne wn\u0119trze i optymalna organizacja<\/strong><\/h3>\n<p data-start=\"730\" data-end=\"1168\">Dzi\u0119ki dw\u00f3m frontom, szafka <strong>BBWAR60.1\/9<\/strong>0 oferuje wygodny dost\u0119p do wn\u0119trza, w kt\u00f3rym mo\u017cna przechowywa\u0107 zar\u00f3wno naczynia, jak i dekoracyjne akcesoria. Dzi\u0119ki du\u017cej g\u0142\u0119boko\u015bci, \u0142atwo zmie\u015bcisz w niej wi\u0119ksze przedmioty, co czyni j\u0105 praktycznym rozwi\u0105zaniem do przechowywania w kuchni. Wn\u0119trze szafki mo\u017cna dodatkowo wyposa\u017cy\u0107 w szklane p\u00f3\u0142ki, kt\u00f3re pozwol\u0105 na lepsz\u0105 organizacj\u0119 przestrzeni.<\/p>\n<h3 data-start=\"1170\" data-end=\"1461\"><strong data-start=\"1170\" data-end=\"1234\">Bezuchwytowe otwieranie \u2013 funkcjonalno\u015b\u0107 w nowoczesnym stylu<\/strong><\/h3>\n<p data-start=\"1170\" data-end=\"1461\"><strong>BBWAR60.1\/90<\/strong> wyposa\u017cona jest w system<strong> tip-on,<\/strong> co pozwala na wygodne, bezuchwytowe otwieranie front\u00f3w. To idealne rozwi\u0105zanie do kuchni, kt\u00f3re ceni\u0105 prostot\u0119 i minimalizm w formie, jednocze\u015bnie nie rezygnuj\u0105c z funkcjonalno\u015bci.<\/p>\n<h3 data-start=\"1463\" data-end=\"1781\"><strong data-start=\"1463\" data-end=\"1500\">Mo\u017cliwo\u015b\u0107 monta\u017cu o\u015bwietlenia LED<\/strong><\/h3>\n<p data-start=\"1463\" data-end=\"1781\">Szafka <strong>BBWAR60.1\/90<\/strong> posiada mo\u017cliwo\u015b\u0107 monta\u017cu <strong>o\u015bwietlenia LED<\/strong>, kt\u00f3re mo\u017ce by\u0107 zamontowane w g\u00f3rnym wie\u0144cu o\u015bwietleniowym. Taki dodatkowy element o\u015bwietleniowy pozwala podkre\u015bli\u0107 zawarto\u015b\u0107 szafki oraz wprowadza przyjemny nastr\u00f3j w kuchni, zw\u0142aszcza podczas wieczornego u\u017cytkowania.<\/p>\n<h3 data-start=\"1783\" data-end=\"2062\"><strong data-start=\"1783\" data-end=\"1859\">BBWAR60.1\/90 \u2013 elegancka i funkcjonalna szafka do mniejszych przestrzeni<\/strong><\/h3>\n<p data-start=\"1783\" data-end=\"2062\">Idealna do mniejszych kuchni, gdzie liczy si\u0119 zar\u00f3wno przestronno\u015b\u0107, jak i oszcz\u0119dno\u015b\u0107 miejsca. BBWAR60.1\/90 \u0142\u0105czy nowoczesny design z praktyczno\u015bci\u0105, zapewniaj\u0105c wygod\u0119 u\u017cytkowania i estetyczny wygl\u0105d.<\/p>\n<h3 data-start=\"2064\" data-end=\"2484\"><strong data-start=\"2064\" data-end=\"2108\">Najwa\u017cniejsze cechy szafki BBWAR60.1\/90:<\/strong><\/h3>\n<p data-start=\"2064\" data-end=\"2484\">\u2714 Szeroko\u015b\u0107: 60 cm \u2013 idealna do \u015bredniej wielko\u015bci kuchni<br \/>\n\u2714 Wysoko\u015b\u0107: 90 cm \u2013 dopasowana do wi\u0119kszo\u015bci zabud\u00f3w<br \/>\n\u2714 G\u0142\u0119boko\u015b\u0107: 36 cm \u2013 przestronno\u015b\u0107 do przechowywania r\u00f3\u017cnych akcesori\u00f3w<br \/>\n\u2714 System tip-on \u2013 bezuchwytowe otwieranie front\u00f3w<br \/>\n\u2714 Mo\u017cliwo\u015b\u0107 monta\u017cu o\u015bwietlenia LED \u2013 dodatkowe pod\u015bwietlenie szafki<br \/>\n\u2714 Mo\u017cliwo\u015b\u0107 zastosowania szklanych p\u00f3\u0142ek \u2013 lepsza organizacja przestrzeni<\/p>\n<h3 data-start=\"2064\" data-end=\"2484\">Meble kuchenne Twoich marze\u0144 &#8211; wybierz Meble KAM<\/h3>\n<p data-start=\"2486\" data-end=\"2654\" data-is-last-node=\"\" data-is-only-node=\"\">BBWAR60.1\/90 to szafka, kt\u00f3ra nie tylko spe\u0142nia funkcje praktyczne, ale tak\u017ce stanowi elegancki element dekoracyjny w kuchni, podkre\u015blaj\u0105c nowoczesny charakter wn\u0119trza i pi\u0119kne meble kuchenne.<\/p>\n","protected":false},"excerpt":{"rendered":"<h2 data-start=\"0\" data-end=\"68\"><strong data-start=\"0\" data-end=\"68\">Szafka g\u0142\u0119boka BWWAR60.1\/90 &#8211; witryna ALU<\/strong><\/h2>\n<p data-start=\"70\" data-end=\"374\">Szafka wisz\u0105ca <strong>BBWAR60.1\/90<\/strong> to funkcjonalny i estetyczny element zabudowy, kt\u00f3ry \u015bwietnie komponuje si\u0119 w kuchniach o \u015bredniej wielko\u015bci. Z szeroko\u015bci\u0105 60 cm, wysoko\u015bci\u0105 90 cm i g\u0142\u0119boko\u015bci\u0105 36 cm oferuje przestronno\u015b\u0107, zachowuj\u0105c jednocze\u015bnie kompaktowe wymiary, kt\u00f3re sprawdz\u0105 si\u0119 w r\u00f3\u017cnych aran\u017cacjach.<\/p>\n","protected":false},"featured_media":60079,"template":"","meta":[],"product_brand":[710],"product_cat":[778,784,775,454,474,497,546],"product_tag":[],"class_list":{"0":"post-53208","1":"product","2":"type-product","3":"status-publish","4":"has-post-thumbnail","6":"product_brand-meble-kam","7":"product_cat-szafki-kuchenne-wiszace-sklep","8":"product_cat-witryny-kuchenne-sklep","9":"product_cat-wszystko","10":"product_cat-meble-kam-mono","11":"product_cat-szafki-wiszace","12":"product_cat-szafki-wiszace-90","13":"product_cat-szafki-wiszace-z-ramka-alu-szafki-wiszace-90","14":"product_shipping_class-szafka-wiszaca-kam","16":"first","17":"instock","18":"shipping-taxable","19":"purchasable","20":"product-type-variable"},"yoast_head":"<!-- This site is optimized with the Yoast SEO Premium plugin v25.0 (Yoast SEO v25.0) - https:\/\/yoast.com\/wordpress\/plugins\/seo\/ -->\n<title>Szafka g\u0142\u0119boka BWWAR60.1\/90 - witryna ALU<\/title>\n<meta name=\"description\" content=\"Szafka g\u0142\u0119boka BWWAR60.1\/90 - witryna ALU stanowi elegancki element dekoracyjny w kuchni, podkre\u015blaj\u0105c nowoczesny charakter wn\u0119trza.\" \/>\n<meta name=\"robots\" content=\"index, follow, max-snippet:-1, max-image-preview:large, max-video-preview:-1\" \/>\n<link rel=\"canonical\" href=\"https:\/\/meblekuchenne.pl\/sklep\/product\/szafka-gleboka-bwwar60-1-90-witryna-alu-kammono\/\" \/>\n<meta property=\"og:locale\" content=\"pl_PL\" \/>\n<meta property=\"og:type\" content=\"article\" \/>\n<meta property=\"og:title\" content=\"Szafka g\u0142\u0119boka BWWAR60.1\/90 - witryna alu - KamMono\" \/>\n<meta property=\"og:description\" content=\"Szafka g\u0142\u0119boka BWWAR60.1\/90 - witryna ALU stanowi elegancki element dekoracyjny w kuchni, podkre\u015blaj\u0105c nowoczesny charakter wn\u0119trza.\" \/>\n<meta property=\"og:url\" content=\"https:\/\/meblekuchenne.pl\/sklep\/product\/szafka-gleboka-bwwar60-1-90-witryna-alu-kammono\/\" \/>\n<meta property=\"og:site_name\" content=\"MebleKuchenne.PL - SKLEP\" \/>\n<meta property=\"article:modified_time\" content=\"2026-04-01T11:22:27+00:00\" \/>\n<meta property=\"og:image\" content=\"https:\/\/meblekuchenne.pl\/sklep\/wp-content\/uploads\/2025\/02\/wwar60.1-90.webp\" \/>\n\t<meta property=\"og:image:width\" content=\"1600\" \/>\n\t<meta property=\"og:image:height\" content=\"1080\" \/>\n\t<meta property=\"og:image:type\" content=\"image\/webp\" \/>\n<meta name=\"twitter:card\" content=\"summary_large_image\" \/>\n<meta name=\"twitter:label1\" content=\"Dost\u0119pno\u015b\u0107\" \/>\n\t<meta name=\"twitter:data1\" content=\"Dost\u0119pny\" \/>\n<script type=\"application\/ld+json\" class=\"yoast-schema-graph\">{\"@context\":\"https:\/\/schema.org\",\"@graph\":[{\"@type\":\"WebPage\",\"@id\":\"https:\/\/meblekuchenne.pl\/sklep\/product\/szafka-gleboka-bwwar60-1-90-witryna-alu-kammono\/\",\"url\":\"https:\/\/meblekuchenne.pl\/sklep\/product\/szafka-gleboka-bwwar60-1-90-witryna-alu-kammono\/\",\"name\":\"Szafka g\u0142\u0119boka BWWAR60.1\/90 - witryna ALU\",\"isPartOf\":{\"@id\":\"https:\/\/meblekuchenne.pl\/sklep\/#website\"},\"primaryImageOfPage\":{\"@id\":\"https:\/\/meblekuchenne.pl\/sklep\/product\/szafka-gleboka-bwwar60-1-90-witryna-alu-kammono\/#primaryimage\"},\"image\":{\"@id\":\"https:\/\/meblekuchenne.pl\/sklep\/product\/szafka-gleboka-bwwar60-1-90-witryna-alu-kammono\/#primaryimage\"},\"thumbnailUrl\":\"https:\/\/meblekuchenne.pl\/sklep\/wp-content\/uploads\/2025\/02\/wwar60.1-90.webp\",\"datePublished\":\"2025-02-21T19:32:25+00:00\",\"dateModified\":\"2026-04-01T11:22:27+00:00\",\"description\":\"Szafka g\u0142\u0119boka BWWAR60.1\/90 - witryna ALU stanowi elegancki element dekoracyjny w kuchni, podkre\u015blaj\u0105c nowoczesny charakter wn\u0119trza.\",\"breadcrumb\":{\"@id\":\"https:\/\/meblekuchenne.pl\/sklep\/product\/szafka-gleboka-bwwar60-1-90-witryna-alu-kammono\/#breadcrumb\"},\"inLanguage\":\"pl-PL\",\"potentialAction\":[{\"@type\":\"ReadAction\",\"target\":[\"https:\/\/meblekuchenne.pl\/sklep\/product\/szafka-gleboka-bwwar60-1-90-witryna-alu-kammono\/\"]}]},{\"@type\":\"ImageObject\",\"inLanguage\":\"pl-PL\",\"@id\":\"https:\/\/meblekuchenne.pl\/sklep\/product\/szafka-gleboka-bwwar60-1-90-witryna-alu-kammono\/#primaryimage\",\"url\":\"https:\/\/meblekuchenne.pl\/sklep\/wp-content\/uploads\/2025\/02\/wwar60.1-90.webp\",\"contentUrl\":\"https:\/\/meblekuchenne.pl\/sklep\/wp-content\/uploads\/2025\/02\/wwar60.1-90.webp\",\"width\":1600,\"height\":1080},{\"@type\":\"BreadcrumbList\",\"@id\":\"https:\/\/meblekuchenne.pl\/sklep\/product\/szafka-gleboka-bwwar60-1-90-witryna-alu-kammono\/#breadcrumb\",\"itemListElement\":[{\"@type\":\"ListItem\",\"position\":1,\"name\":\"Strona g\u0142\u00f3wna\",\"item\":\"https:\/\/meblekuchenne.pl\/sklep\/\"},{\"@type\":\"ListItem\",\"position\":2,\"name\":\"Sklep\",\"item\":\"https:\/\/meblekuchenne.pl\/sklep\/sklep\/\"},{\"@type\":\"ListItem\",\"position\":3,\"name\":\"Szafka g\u0142\u0119boka BWWAR60.1\/90 &#8211; witryna alu &#8211; KamMono\"}]},{\"@type\":\"WebSite\",\"@id\":\"https:\/\/meblekuchenne.pl\/sklep\/#website\",\"url\":\"https:\/\/meblekuchenne.pl\/sklep\/\",\"name\":\"MebleKuchenne.PL - SKLEP\",\"description\":\"\",\"publisher\":{\"@id\":\"https:\/\/meblekuchenne.pl\/sklep\/#organization\"},\"potentialAction\":[{\"@type\":\"SearchAction\",\"target\":{\"@type\":\"EntryPoint\",\"urlTemplate\":\"https:\/\/meblekuchenne.pl\/sklep\/?s={search_term_string}\"},\"query-input\":{\"@type\":\"PropertyValueSpecification\",\"valueRequired\":true,\"valueName\":\"search_term_string\"}}],\"inLanguage\":\"pl-PL\"},{\"@type\":\"Organization\",\"@id\":\"https:\/\/meblekuchenne.pl\/sklep\/#organization\",\"name\":\"MebleKuchenne.PL - SKLEP\",\"url\":\"https:\/\/meblekuchenne.pl\/sklep\/\",\"logo\":{\"@type\":\"ImageObject\",\"inLanguage\":\"pl-PL\",\"@id\":\"https:\/\/meblekuchenne.pl\/sklep\/#\/schema\/logo\/image\/\",\"url\":\"https:\/\/meblekuchenne.pl\/sklep\/wp-content\/uploads\/2025\/06\/cropped-cropped-logo.webp\",\"contentUrl\":\"https:\/\/meblekuchenne.pl\/sklep\/wp-content\/uploads\/2025\/06\/cropped-cropped-logo.webp\",\"width\":735,\"height\":715,\"caption\":\"MebleKuchenne.PL - SKLEP\"},\"image\":{\"@id\":\"https:\/\/meblekuchenne.pl\/sklep\/#\/schema\/logo\/image\/\"}}]}<\/script>\n<meta property=\"og:availability\" content=\"instock\" \/>\n<meta property=\"product:availability\" content=\"instock\" \/>\n<meta property=\"product:retailer_item_id\" content=\"BWWAR60.1\/90\" \/>\n<meta property=\"product:condition\" content=\"new\" \/>\n<!-- \/ Yoast SEO Premium plugin. -->","yoast_head_json":{"title":"Szafka g\u0142\u0119boka BWWAR60.1\/90 - witryna ALU","description":"Szafka g\u0142\u0119boka BWWAR60.1\/90 - witryna ALU stanowi elegancki element dekoracyjny w kuchni, podkre\u015blaj\u0105c nowoczesny charakter wn\u0119trza.","robots":{"index":"index","follow":"follow","max-snippet":"max-snippet:-1","max-image-preview":"max-image-preview:large","max-video-preview":"max-video-preview:-1"},"canonical":"https:\/\/meblekuchenne.pl\/sklep\/product\/szafka-gleboka-bwwar60-1-90-witryna-alu-kammono\/","og_locale":"pl_PL","og_type":"article","og_title":"Szafka g\u0142\u0119boka BWWAR60.1\/90 - witryna alu - KamMono","og_description":"Szafka g\u0142\u0119boka BWWAR60.1\/90 - witryna ALU stanowi elegancki element dekoracyjny w kuchni, podkre\u015blaj\u0105c nowoczesny charakter wn\u0119trza.","og_url":"https:\/\/meblekuchenne.pl\/sklep\/product\/szafka-gleboka-bwwar60-1-90-witryna-alu-kammono\/","og_site_name":"MebleKuchenne.PL - SKLEP","article_modified_time":"2026-04-01T11:22:27+00:00","og_image":[{"width":1600,"height":1080,"url":"https:\/\/meblekuchenne.pl\/sklep\/wp-content\/uploads\/2025\/02\/wwar60.1-90.webp","type":"image\/webp"}],"twitter_card":"summary_large_image","twitter_misc":{"Dost\u0119pno\u015b\u0107":"Dost\u0119pny"},"schema":{"@context":"https:\/\/schema.org","@graph":[{"@type":"WebPage","@id":"https:\/\/meblekuchenne.pl\/sklep\/product\/szafka-gleboka-bwwar60-1-90-witryna-alu-kammono\/","url":"https:\/\/meblekuchenne.pl\/sklep\/product\/szafka-gleboka-bwwar60-1-90-witryna-alu-kammono\/","name":"Szafka g\u0142\u0119boka BWWAR60.1\/90 - witryna ALU","isPartOf":{"@id":"https:\/\/meblekuchenne.pl\/sklep\/#website"},"primaryImageOfPage":{"@id":"https:\/\/meblekuchenne.pl\/sklep\/product\/szafka-gleboka-bwwar60-1-90-witryna-alu-kammono\/#primaryimage"},"image":{"@id":"https:\/\/meblekuchenne.pl\/sklep\/product\/szafka-gleboka-bwwar60-1-90-witryna-alu-kammono\/#primaryimage"},"thumbnailUrl":"https:\/\/meblekuchenne.pl\/sklep\/wp-content\/uploads\/2025\/02\/wwar60.1-90.webp","datePublished":"2025-02-21T19:32:25+00:00","dateModified":"2026-04-01T11:22:27+00:00","description":"Szafka g\u0142\u0119boka BWWAR60.1\/90 - witryna ALU stanowi elegancki element dekoracyjny w kuchni, podkre\u015blaj\u0105c nowoczesny charakter wn\u0119trza.","breadcrumb":{"@id":"https:\/\/meblekuchenne.pl\/sklep\/product\/szafka-gleboka-bwwar60-1-90-witryna-alu-kammono\/#breadcrumb"},"inLanguage":"pl-PL","potentialAction":[{"@type":"ReadAction","target":["https:\/\/meblekuchenne.pl\/sklep\/product\/szafka-gleboka-bwwar60-1-90-witryna-alu-kammono\/"]}]},{"@type":"ImageObject","inLanguage":"pl-PL","@id":"https:\/\/meblekuchenne.pl\/sklep\/product\/szafka-gleboka-bwwar60-1-90-witryna-alu-kammono\/#primaryimage","url":"https:\/\/meblekuchenne.pl\/sklep\/wp-content\/uploads\/2025\/02\/wwar60.1-90.webp","contentUrl":"https:\/\/meblekuchenne.pl\/sklep\/wp-content\/uploads\/2025\/02\/wwar60.1-90.webp","width":1600,"height":1080},{"@type":"BreadcrumbList","@id":"https:\/\/meblekuchenne.pl\/sklep\/product\/szafka-gleboka-bwwar60-1-90-witryna-alu-kammono\/#breadcrumb","itemListElement":[{"@type":"ListItem","position":1,"name":"Strona g\u0142\u00f3wna","item":"https:\/\/meblekuchenne.pl\/sklep\/"},{"@type":"ListItem","position":2,"name":"Sklep","item":"https:\/\/meblekuchenne.pl\/sklep\/sklep\/"},{"@type":"ListItem","position":3,"name":"Szafka g\u0142\u0119boka BWWAR60.1\/90 &#8211; witryna alu &#8211; KamMono"}]},{"@type":"WebSite","@id":"https:\/\/meblekuchenne.pl\/sklep\/#website","url":"https:\/\/meblekuchenne.pl\/sklep\/","name":"MebleKuchenne.PL - SKLEP","description":"","publisher":{"@id":"https:\/\/meblekuchenne.pl\/sklep\/#organization"},"potentialAction":[{"@type":"SearchAction","target":{"@type":"EntryPoint","urlTemplate":"https:\/\/meblekuchenne.pl\/sklep\/?s={search_term_string}"},"query-input":{"@type":"PropertyValueSpecification","valueRequired":true,"valueName":"search_term_string"}}],"inLanguage":"pl-PL"},{"@type":"Organization","@id":"https:\/\/meblekuchenne.pl\/sklep\/#organization","name":"MebleKuchenne.PL - SKLEP","url":"https:\/\/meblekuchenne.pl\/sklep\/","logo":{"@type":"ImageObject","inLanguage":"pl-PL","@id":"https:\/\/meblekuchenne.pl\/sklep\/#\/schema\/logo\/image\/","url":"https:\/\/meblekuchenne.pl\/sklep\/wp-content\/uploads\/2025\/06\/cropped-cropped-logo.webp","contentUrl":"https:\/\/meblekuchenne.pl\/sklep\/wp-content\/uploads\/2025\/06\/cropped-cropped-logo.webp","width":735,"height":715,"caption":"MebleKuchenne.PL - SKLEP"},"image":{"@id":"https:\/\/meblekuchenne.pl\/sklep\/#\/schema\/logo\/image\/"}}]},"og_availability":"instock","product_availability":"instock","product_retailer_item_id":"BWWAR60.1\/90","product_condition":"new"},"_links":{"self":[{"href":"https:\/\/meblekuchenne.pl\/sklep\/wp-json\/wp\/v2\/product\/53208","targetHints":{"allow":["GET"]}}],"collection":[{"href":"https:\/\/meblekuchenne.pl\/sklep\/wp-json\/wp\/v2\/product"}],"about":[{"href":"https:\/\/meblekuchenne.pl\/sklep\/wp-json\/wp\/v2\/types\/product"}],"wp:featuredmedia":[{"embeddable":true,"href":"https:\/\/meblekuchenne.pl\/sklep\/wp-json\/wp\/v2\/media\/60079"}],"wp:attachment":[{"href":"https:\/\/meblekuchenne.pl\/sklep\/wp-json\/wp\/v2\/media?parent=53208"}],"wp:term":[{"taxonomy":"product_brand","embeddable":true,"href":"https:\/\/meblekuchenne.pl\/sklep\/wp-json\/wp\/v2\/product_brand?post=53208"},{"taxonomy":"product_cat","embeddable":true,"href":"https:\/\/meblekuchenne.pl\/sklep\/wp-json\/wp\/v2\/product_cat?post=53208"},{"taxonomy":"product_tag","embeddable":true,"href":"https:\/\/meblekuchenne.pl\/sklep\/wp-json\/wp\/v2\/product_tag?post=53208"}],"curies":[{"name":"wp","href":"https:\/\/api.w.org\/{rel}","templated":true}]}}