{"id":53195,"date":"2025-02-21T20:32:06","date_gmt":"2025-02-21T19:32:06","guid":{"rendered":"https:\/\/meblekuchenne.pl\/sklep\/?post_type=product&#038;p=53195"},"modified":"2026-04-01T13:22:35","modified_gmt":"2026-04-01T11:22:35","slug":"szafka-wiszaca-gleboka-bwwar40-1-61-witryna-alu-kammono","status":"publish","type":"product","link":"https:\/\/meblekuchenne.pl\/sklep\/product\/szafka-wiszaca-gleboka-bwwar40-1-61-witryna-alu-kammono\/","title":{"rendered":"Szafka wisz\u0105ca g\u0142\u0119boka BWWAR40.1\/61 &#8211; witryna alu &#8211; KamMono"},"content":{"rendered":"<h2 data-start=\"79\" data-end=\"164\">Szafka wisz\u0105ca g\u0142\u0119boka BWWAR40.1\/61 &#8211; witryna ALU<\/h2>\n<p>Szafka z witryn\u0105 na ramce ALU &#8211; szer. 40 cm, wys. 61 cm, g\u0142. 36 cm<\/p>\n<h3 data-start=\"79\" data-end=\"164\"><strong data-start=\"83\" data-end=\"162\">Elegancka i kompaktowa szafka wisz\u0105ca do nowoczesnych kuchni<\/strong><\/h3>\n<p data-start=\"166\" data-end=\"542\">Szafka <strong data-start=\"173\" data-end=\"189\">BWWAR40.1\/61<\/strong> to doskona\u0142y wyb\u00f3r dla os\u00f3b, kt\u00f3re szukaj\u0105 <strong data-start=\"233\" data-end=\"257\">funkcjonalnego mebla<\/strong> w <strong data-start=\"260\" data-end=\"285\">kompaktowym rozmiarze<\/strong>. Z wymiarami <strong data-start=\"299\" data-end=\"358\">40 cm szeroko\u015bci, 61 cm wysoko\u015bci oraz 36 cm g\u0142\u0119boko\u015bci<\/strong>, zapewnia wystarczaj\u0105c\u0105 przestrze\u0144 do przechowywania, nie zajmuj\u0105c przy tym zbyt wiele miejsca. Idealnie sprawdzi si\u0119 w mniejszych kuchniach lub jako uzupe\u0142nienie wi\u0119kszej zabudowy.<\/p>\n<h3 data-start=\"544\" data-end=\"605\"><strong data-start=\"548\" data-end=\"603\">Bezuchwytowy system tip-on \u2013 nowoczesne rozwi\u0105zanie<\/strong><\/h3>\n<p data-start=\"607\" data-end=\"1003\">Szafka <strong data-start=\"614\" data-end=\"630\">BWWAR40.1\/61<\/strong> wyposa\u017cona jest w <strong data-start=\"649\" data-end=\"664\">jeden front<\/strong> z systemem <strong data-start=\"676\" data-end=\"686\">tip-on<\/strong>, kt\u00f3ry umo\u017cliwia <strong data-start=\"704\" data-end=\"731\">bezuchwytowe otwieranie<\/strong>. To praktyczne rozwi\u0105zanie, kt\u00f3re pozwala zachowa\u0107 elegancki i minimalistyczny wygl\u0105d mebla, a jednocze\u015bnie zwi\u0119ksza wygod\u0119 u\u017cytkowania. Dzi\u0119ki temu meble kuchenne otwieraj\u0105 si\u0119 jednym delikatnym naci\u015bni\u0119ciem, co daje poczucie nowoczesno\u015bci i \u0142atwo\u015bci w codziennym u\u017cytkowaniu.<\/p>\n<h3 data-start=\"1005\" data-end=\"1086\"><strong data-start=\"1009\" data-end=\"1084\">Elegancka ramka i szklane p\u00f3\u0142ki \u2013 po\u0142\u0105czenie estetyki i funkcjonalno\u015bci<\/strong><\/h3>\n<p data-start=\"1088\" data-end=\"1545\">Szafka posiada <strong data-start=\"1103\" data-end=\"1120\">szklane p\u00f3\u0142ki<\/strong>, kt\u00f3re nadaj\u0105 jej lekko\u015bci i nowoczesnego charakteru. Idealnie nadaj\u0105 si\u0119 do przechowywania kieliszk\u00f3w, fili\u017canek czy innych dekoracyjnych akcesori\u00f3w. W zale\u017cno\u015bci od wybranego koloru ramki, <strong data-start=\"1312\" data-end=\"1336\">czarnego lub z\u0142otego<\/strong>, szafka z \u0142atwo\u015bci\u0105 dopasuje si\u0119 do r\u00f3\u017cnych styl\u00f3w kuchennych. Mo\u017cesz wybra\u0107 tak\u017ce rodzaj przeszklenia \u2013 <strong data-start=\"1442\" data-end=\"1455\">bezbarwne<\/strong> lub <strong data-start=\"1460\" data-end=\"1488\">antosol ciemny grafitowy<\/strong>, co dodatkowo umo\u017cliwia personalizacj\u0119 wygl\u0105du szafki.<\/p>\n<h3 data-start=\"1547\" data-end=\"1586\"><strong data-start=\"1551\" data-end=\"1584\">Opcja monta\u017cu o\u015bwietlenia LED<\/strong><\/h3>\n<p data-start=\"1588\" data-end=\"1956\">Model <strong data-start=\"1594\" data-end=\"1610\">BWWAR40.1\/61<\/strong> umo\u017cliwia monta\u017c <strong data-start=\"1628\" data-end=\"1647\">o\u015bwietlenia LED<\/strong>, co stanowi \u015bwietn\u0105 opcj\u0119 do podkre\u015blenia zawarto\u015bci szafki oraz stworzenia <strong data-start=\"1724\" data-end=\"1748\">przytulnej atmosfery<\/strong> w kuchni. Dzi\u0119ki wbudowanemu <strong data-start=\"1778\" data-end=\"1798\">g\u00f3rnemu wie\u0144cowi<\/strong> o\u015bwietleniowemu, mo\u017cesz \u0142atwo zamontowa\u0107 o\u015bwietlenie LED, kt\u00f3re doda <strong data-start=\"1868\" data-end=\"1892\">nowoczesnego akcentu<\/strong> i umo\u017cliwi lepsze wyeksponowanie przechowywanych przedmiot\u00f3w.<\/p>\n<h3 data-start=\"1958\" data-end=\"2016\"><strong data-start=\"1962\" data-end=\"2014\">BWWAR40.1\/61 \u2013 idealna do mniejszych przestrzeni<\/strong><\/h3>\n<p data-start=\"2018\" data-end=\"2395\">Szafka <strong data-start=\"2025\" data-end=\"2041\">BWWAR40.1\/61<\/strong> to <strong data-start=\"2045\" data-end=\"2085\">doskona\u0142a opcja do mniejszych kuchni<\/strong>, gdzie ka\u017cdy centymetr przestrzeni jest cenny. Dzi\u0119ki <strong data-start=\"2140\" data-end=\"2160\">szeroko\u015bci 40 cm<\/strong> jest wystarczaj\u0105co przestronna, by pomie\u015bci\u0107 najpotrzebniejsze akcesoria, a jednocze\u015bnie nie przyt\u0142acza wn\u0119trza. Mo\u017cesz j\u0105 wykorzysta\u0107 samodzielnie lub jako cz\u0119\u015b\u0107 wi\u0119kszej zabudowy kuchennej, dodaj\u0105c jej <strong data-start=\"2365\" data-end=\"2392\">nowoczesnego charakteru<\/strong>.<\/p>\n<h3 data-start=\"2397\" data-end=\"2447\"><strong data-start=\"2401\" data-end=\"2445\">Najwa\u017cniejsze cechy szafki BWWAR40.1\/61:<\/strong><\/h3>\n<p data-start=\"2449\" data-end=\"3037\">\u2714 <strong data-start=\"2451\" data-end=\"2465\">Szeroko\u015b\u0107:<\/strong> 40 cm \u2013 kompaktowy rozmiar idealny do ma\u0142ych kuchni<br data-start=\"2517\" data-end=\"2520\" \/>\u2714 <strong data-start=\"2522\" data-end=\"2535\">Wysoko\u015b\u0107:<\/strong> 61 cm \u2013 dopasowana do standardowych uk\u0142ad\u00f3w zabudowy<br data-start=\"2588\" data-end=\"2591\" \/>\u2714 <strong data-start=\"2593\" data-end=\"2607\">G\u0142\u0119boko\u015b\u0107:<\/strong> 36 cm \u2013 przestronno\u015b\u0107, mimo niewielkich rozmiar\u00f3w<br data-start=\"2657\" data-end=\"2660\" \/>\u2714 <strong data-start=\"2662\" data-end=\"2692\">Bezuchwytowy system tip-on<\/strong> \u2013 \u0142atwe otwieranie na dotyk<br data-start=\"2720\" data-end=\"2723\" \/>\u2714 <strong data-start=\"2725\" data-end=\"2742\">Szklane p\u00f3\u0142ki<\/strong> \u2013 eleganckie i praktyczne rozwi\u0105zanie do przechowywania<br data-start=\"2798\" data-end=\"2801\" \/>\u2714 <strong data-start=\"2803\" data-end=\"2840\">Mo\u017cliwo\u015b\u0107 monta\u017cu o\u015bwietlenia LED<\/strong> \u2013 nowoczesne i funkcjonalne o\u015bwietlenie<br data-start=\"2880\" data-end=\"2883\" \/>\u2714 <strong data-start=\"2885\" data-end=\"2901\">Kolor ramki:<\/strong> czarny lub z\u0142oty \u2013 opcja dopasowania do stylu wn\u0119trza<br data-start=\"2955\" data-end=\"2958\" \/>\u2714 <strong data-start=\"2960\" data-end=\"2977\">Rodzaj szk\u0142a:<\/strong> bezbarwne lub antisol ciemny grafitowy \u2013 mo\u017cliwo\u015b\u0107 wyboru<\/p>\n<h3 data-start=\"3039\" data-end=\"3102\"><strong data-start=\"3043\" data-end=\"3100\">Meble kuchenne \u2013 eleganckie szafki do nowoczesnej kuchni<\/strong><\/h3>\n<p data-start=\"3104\" data-end=\"3477\">Szafka <strong data-start=\"3111\" data-end=\"3127\">BWWAR40.1\/61<\/strong> to <strong data-start=\"3131\" data-end=\"3182\">praktyczne po\u0142\u0105czenie elegancji i nowoczesno\u015bci<\/strong>. Dzi\u0119ki minimalistycznemu wygl\u0105dowi, szklanym p\u00f3\u0142kom i mo\u017cliwo\u015bci zamontowania o\u015bwietlenia LED, stanowi <strong data-start=\"3287\" data-end=\"3304\">idealny wyb\u00f3r<\/strong> do nowoczesnej kuchni. Jej <strong data-start=\"3332\" data-end=\"3354\">kompaktowy rozmiar<\/strong> sprawia, \u017ce pasuje do r\u00f3\u017cnorodnych aran\u017cacji, oferuj\u0105c przestronn\u0105 przestrze\u0144 do przechowywania w niewielkich kuchniach.<\/p>\n","protected":false},"excerpt":{"rendered":"<h2 data-start=\"79\" data-end=\"164\">Szafka wisz\u0105ca g\u0142\u0119boka BWWAR40.1\/61 &#8211; witryna ALU<\/h2>\n<p data-start=\"166\" data-end=\"542\">Szafka <strong data-start=\"173\" data-end=\"189\">BWWAR40.1\/61<\/strong> to doskona\u0142y wyb\u00f3r dla os\u00f3b, kt\u00f3re szukaj\u0105 <strong data-start=\"233\" data-end=\"257\">funkcjonalnego mebla<\/strong> w <strong data-start=\"260\" data-end=\"285\">kompaktowym rozmiarze<\/strong>. Z wymiarami <strong data-start=\"299\" data-end=\"358\">40 cm szeroko\u015bci, 61 cm wysoko\u015bci oraz 36 cm g\u0142\u0119boko\u015bci<\/strong>, zapewnia wystarczaj\u0105c\u0105 przestrze\u0144 do przechowywania, nie zajmuj\u0105c przy tym zbyt wiele miejsca. Idealnie sprawdzi si\u0119 w mniejszych kuchniach lub jako uzupe\u0142nienie wi\u0119kszej zabudowy.<\/p>\n","protected":false},"featured_media":60039,"template":"","meta":[],"product_brand":[710],"product_cat":[778,784,775,454,474,495,538],"product_tag":[],"class_list":{"0":"post-53195","1":"product","2":"type-product","3":"status-publish","4":"has-post-thumbnail","6":"product_brand-meble-kam","7":"product_cat-szafki-kuchenne-wiszace-sklep","8":"product_cat-witryny-kuchenne-sklep","9":"product_cat-wszystko","10":"product_cat-meble-kam-mono","11":"product_cat-szafki-wiszace","12":"product_cat-szafki-wiszace-61","13":"product_cat-szafki-wiszace-z-ramka-alu","14":"product_shipping_class-szafka-wiszaca-kam","16":"first","17":"instock","18":"shipping-taxable","19":"purchasable","20":"product-type-variable"},"yoast_head":"<!-- This site is optimized with the Yoast SEO Premium plugin v25.0 (Yoast SEO v25.0) - https:\/\/yoast.com\/wordpress\/plugins\/seo\/ -->\n<title>Szafka wisz\u0105ca g\u0142\u0119boka BWWAR40.1\/61 - witryna alu - KamMono - MebleKuchenne.PL - SKLEP<\/title>\n<meta name=\"description\" content=\"BWWAR40.1\/6Szafka wisz\u0105ca g\u0142\u0119boka BWWAR40.1\/61 - witryna ALU to doskona\u0142y wyb\u00f3r dla os\u00f3b, kt\u00f3re szukaj\u0105 funkcjonalnego mebla w kompaktowym rozmiarze.\" \/>\n<meta name=\"robots\" content=\"index, follow, max-snippet:-1, max-image-preview:large, max-video-preview:-1\" \/>\n<link rel=\"canonical\" href=\"https:\/\/meblekuchenne.pl\/sklep\/product\/szafka-wiszaca-gleboka-bwwar40-1-61-witryna-alu-kammono\/\" \/>\n<meta property=\"og:locale\" content=\"pl_PL\" \/>\n<meta property=\"og:type\" content=\"article\" \/>\n<meta property=\"og:title\" content=\"Szafka wisz\u0105ca g\u0142\u0119boka BWWAR40.1\/61 - witryna alu - KamMono\" \/>\n<meta property=\"og:description\" content=\"BWWAR40.1\/6Szafka wisz\u0105ca g\u0142\u0119boka BWWAR40.1\/61 - witryna ALU to doskona\u0142y wyb\u00f3r dla os\u00f3b, kt\u00f3re szukaj\u0105 funkcjonalnego mebla w kompaktowym rozmiarze.\" \/>\n<meta property=\"og:url\" content=\"https:\/\/meblekuchenne.pl\/sklep\/product\/szafka-wiszaca-gleboka-bwwar40-1-61-witryna-alu-kammono\/\" \/>\n<meta property=\"og:site_name\" content=\"MebleKuchenne.PL - SKLEP\" \/>\n<meta property=\"article:modified_time\" content=\"2026-04-01T11:22:35+00:00\" \/>\n<meta property=\"og:image\" content=\"https:\/\/meblekuchenne.pl\/sklep\/wp-content\/uploads\/2025\/02\/wwar40-1-61.webp\" \/>\n\t<meta property=\"og:image:width\" content=\"1600\" \/>\n\t<meta property=\"og:image:height\" content=\"1080\" \/>\n\t<meta property=\"og:image:type\" content=\"image\/webp\" \/>\n<meta name=\"twitter:card\" content=\"summary_large_image\" \/>\n<meta name=\"twitter:label1\" content=\"Dost\u0119pno\u015b\u0107\" \/>\n\t<meta name=\"twitter:data1\" content=\"Dost\u0119pny\" \/>\n<script type=\"application\/ld+json\" class=\"yoast-schema-graph\">{\"@context\":\"https:\/\/schema.org\",\"@graph\":[{\"@type\":\"WebPage\",\"@id\":\"https:\/\/meblekuchenne.pl\/sklep\/product\/szafka-wiszaca-gleboka-bwwar40-1-61-witryna-alu-kammono\/\",\"url\":\"https:\/\/meblekuchenne.pl\/sklep\/product\/szafka-wiszaca-gleboka-bwwar40-1-61-witryna-alu-kammono\/\",\"name\":\"Szafka wisz\u0105ca g\u0142\u0119boka BWWAR40.1\/61 - witryna alu - KamMono - MebleKuchenne.PL - SKLEP\",\"isPartOf\":{\"@id\":\"https:\/\/meblekuchenne.pl\/sklep\/#website\"},\"primaryImageOfPage\":{\"@id\":\"https:\/\/meblekuchenne.pl\/sklep\/product\/szafka-wiszaca-gleboka-bwwar40-1-61-witryna-alu-kammono\/#primaryimage\"},\"image\":{\"@id\":\"https:\/\/meblekuchenne.pl\/sklep\/product\/szafka-wiszaca-gleboka-bwwar40-1-61-witryna-alu-kammono\/#primaryimage\"},\"thumbnailUrl\":\"https:\/\/meblekuchenne.pl\/sklep\/wp-content\/uploads\/2025\/02\/wwar40-1-61.webp\",\"datePublished\":\"2025-02-21T19:32:06+00:00\",\"dateModified\":\"2026-04-01T11:22:35+00:00\",\"description\":\"BWWAR40.1\/6Szafka wisz\u0105ca g\u0142\u0119boka BWWAR40.1\/61 - witryna ALU to doskona\u0142y wyb\u00f3r dla os\u00f3b, kt\u00f3re szukaj\u0105 funkcjonalnego mebla w kompaktowym rozmiarze.\",\"breadcrumb\":{\"@id\":\"https:\/\/meblekuchenne.pl\/sklep\/product\/szafka-wiszaca-gleboka-bwwar40-1-61-witryna-alu-kammono\/#breadcrumb\"},\"inLanguage\":\"pl-PL\",\"potentialAction\":[{\"@type\":\"ReadAction\",\"target\":[\"https:\/\/meblekuchenne.pl\/sklep\/product\/szafka-wiszaca-gleboka-bwwar40-1-61-witryna-alu-kammono\/\"]}]},{\"@type\":\"ImageObject\",\"inLanguage\":\"pl-PL\",\"@id\":\"https:\/\/meblekuchenne.pl\/sklep\/product\/szafka-wiszaca-gleboka-bwwar40-1-61-witryna-alu-kammono\/#primaryimage\",\"url\":\"https:\/\/meblekuchenne.pl\/sklep\/wp-content\/uploads\/2025\/02\/wwar40-1-61.webp\",\"contentUrl\":\"https:\/\/meblekuchenne.pl\/sklep\/wp-content\/uploads\/2025\/02\/wwar40-1-61.webp\",\"width\":1600,\"height\":1080},{\"@type\":\"BreadcrumbList\",\"@id\":\"https:\/\/meblekuchenne.pl\/sklep\/product\/szafka-wiszaca-gleboka-bwwar40-1-61-witryna-alu-kammono\/#breadcrumb\",\"itemListElement\":[{\"@type\":\"ListItem\",\"position\":1,\"name\":\"Strona g\u0142\u00f3wna\",\"item\":\"https:\/\/meblekuchenne.pl\/sklep\/\"},{\"@type\":\"ListItem\",\"position\":2,\"name\":\"Sklep\",\"item\":\"https:\/\/meblekuchenne.pl\/sklep\/sklep\/\"},{\"@type\":\"ListItem\",\"position\":3,\"name\":\"Szafka wisz\u0105ca g\u0142\u0119boka BWWAR40.1\/61 &#8211; witryna alu &#8211; KamMono\"}]},{\"@type\":\"WebSite\",\"@id\":\"https:\/\/meblekuchenne.pl\/sklep\/#website\",\"url\":\"https:\/\/meblekuchenne.pl\/sklep\/\",\"name\":\"MebleKuchenne.PL - SKLEP\",\"description\":\"\",\"publisher\":{\"@id\":\"https:\/\/meblekuchenne.pl\/sklep\/#organization\"},\"potentialAction\":[{\"@type\":\"SearchAction\",\"target\":{\"@type\":\"EntryPoint\",\"urlTemplate\":\"https:\/\/meblekuchenne.pl\/sklep\/?s={search_term_string}\"},\"query-input\":{\"@type\":\"PropertyValueSpecification\",\"valueRequired\":true,\"valueName\":\"search_term_string\"}}],\"inLanguage\":\"pl-PL\"},{\"@type\":\"Organization\",\"@id\":\"https:\/\/meblekuchenne.pl\/sklep\/#organization\",\"name\":\"MebleKuchenne.PL - SKLEP\",\"url\":\"https:\/\/meblekuchenne.pl\/sklep\/\",\"logo\":{\"@type\":\"ImageObject\",\"inLanguage\":\"pl-PL\",\"@id\":\"https:\/\/meblekuchenne.pl\/sklep\/#\/schema\/logo\/image\/\",\"url\":\"https:\/\/meblekuchenne.pl\/sklep\/wp-content\/uploads\/2025\/06\/cropped-cropped-logo.webp\",\"contentUrl\":\"https:\/\/meblekuchenne.pl\/sklep\/wp-content\/uploads\/2025\/06\/cropped-cropped-logo.webp\",\"width\":735,\"height\":715,\"caption\":\"MebleKuchenne.PL - SKLEP\"},\"image\":{\"@id\":\"https:\/\/meblekuchenne.pl\/sklep\/#\/schema\/logo\/image\/\"}}]}<\/script>\n<meta property=\"og:availability\" content=\"instock\" \/>\n<meta property=\"product:availability\" content=\"instock\" \/>\n<meta property=\"product:retailer_item_id\" content=\"BWWAR40.1\/61\" \/>\n<meta property=\"product:condition\" content=\"new\" \/>\n<!-- \/ Yoast SEO Premium plugin. -->","yoast_head_json":{"title":"Szafka wisz\u0105ca g\u0142\u0119boka BWWAR40.1\/61 - witryna alu - KamMono - MebleKuchenne.PL - SKLEP","description":"BWWAR40.1\/6Szafka wisz\u0105ca g\u0142\u0119boka BWWAR40.1\/61 - witryna ALU to doskona\u0142y wyb\u00f3r dla os\u00f3b, kt\u00f3re szukaj\u0105 funkcjonalnego mebla w kompaktowym rozmiarze.","robots":{"index":"index","follow":"follow","max-snippet":"max-snippet:-1","max-image-preview":"max-image-preview:large","max-video-preview":"max-video-preview:-1"},"canonical":"https:\/\/meblekuchenne.pl\/sklep\/product\/szafka-wiszaca-gleboka-bwwar40-1-61-witryna-alu-kammono\/","og_locale":"pl_PL","og_type":"article","og_title":"Szafka wisz\u0105ca g\u0142\u0119boka BWWAR40.1\/61 - witryna alu - KamMono","og_description":"BWWAR40.1\/6Szafka wisz\u0105ca g\u0142\u0119boka BWWAR40.1\/61 - witryna ALU to doskona\u0142y wyb\u00f3r dla os\u00f3b, kt\u00f3re szukaj\u0105 funkcjonalnego mebla w kompaktowym rozmiarze.","og_url":"https:\/\/meblekuchenne.pl\/sklep\/product\/szafka-wiszaca-gleboka-bwwar40-1-61-witryna-alu-kammono\/","og_site_name":"MebleKuchenne.PL - SKLEP","article_modified_time":"2026-04-01T11:22:35+00:00","og_image":[{"width":1600,"height":1080,"url":"https:\/\/meblekuchenne.pl\/sklep\/wp-content\/uploads\/2025\/02\/wwar40-1-61.webp","type":"image\/webp"}],"twitter_card":"summary_large_image","twitter_misc":{"Dost\u0119pno\u015b\u0107":"Dost\u0119pny"},"schema":{"@context":"https:\/\/schema.org","@graph":[{"@type":"WebPage","@id":"https:\/\/meblekuchenne.pl\/sklep\/product\/szafka-wiszaca-gleboka-bwwar40-1-61-witryna-alu-kammono\/","url":"https:\/\/meblekuchenne.pl\/sklep\/product\/szafka-wiszaca-gleboka-bwwar40-1-61-witryna-alu-kammono\/","name":"Szafka wisz\u0105ca g\u0142\u0119boka BWWAR40.1\/61 - witryna alu - KamMono - MebleKuchenne.PL - SKLEP","isPartOf":{"@id":"https:\/\/meblekuchenne.pl\/sklep\/#website"},"primaryImageOfPage":{"@id":"https:\/\/meblekuchenne.pl\/sklep\/product\/szafka-wiszaca-gleboka-bwwar40-1-61-witryna-alu-kammono\/#primaryimage"},"image":{"@id":"https:\/\/meblekuchenne.pl\/sklep\/product\/szafka-wiszaca-gleboka-bwwar40-1-61-witryna-alu-kammono\/#primaryimage"},"thumbnailUrl":"https:\/\/meblekuchenne.pl\/sklep\/wp-content\/uploads\/2025\/02\/wwar40-1-61.webp","datePublished":"2025-02-21T19:32:06+00:00","dateModified":"2026-04-01T11:22:35+00:00","description":"BWWAR40.1\/6Szafka wisz\u0105ca g\u0142\u0119boka BWWAR40.1\/61 - witryna ALU to doskona\u0142y wyb\u00f3r dla os\u00f3b, kt\u00f3re szukaj\u0105 funkcjonalnego mebla w kompaktowym rozmiarze.","breadcrumb":{"@id":"https:\/\/meblekuchenne.pl\/sklep\/product\/szafka-wiszaca-gleboka-bwwar40-1-61-witryna-alu-kammono\/#breadcrumb"},"inLanguage":"pl-PL","potentialAction":[{"@type":"ReadAction","target":["https:\/\/meblekuchenne.pl\/sklep\/product\/szafka-wiszaca-gleboka-bwwar40-1-61-witryna-alu-kammono\/"]}]},{"@type":"ImageObject","inLanguage":"pl-PL","@id":"https:\/\/meblekuchenne.pl\/sklep\/product\/szafka-wiszaca-gleboka-bwwar40-1-61-witryna-alu-kammono\/#primaryimage","url":"https:\/\/meblekuchenne.pl\/sklep\/wp-content\/uploads\/2025\/02\/wwar40-1-61.webp","contentUrl":"https:\/\/meblekuchenne.pl\/sklep\/wp-content\/uploads\/2025\/02\/wwar40-1-61.webp","width":1600,"height":1080},{"@type":"BreadcrumbList","@id":"https:\/\/meblekuchenne.pl\/sklep\/product\/szafka-wiszaca-gleboka-bwwar40-1-61-witryna-alu-kammono\/#breadcrumb","itemListElement":[{"@type":"ListItem","position":1,"name":"Strona g\u0142\u00f3wna","item":"https:\/\/meblekuchenne.pl\/sklep\/"},{"@type":"ListItem","position":2,"name":"Sklep","item":"https:\/\/meblekuchenne.pl\/sklep\/sklep\/"},{"@type":"ListItem","position":3,"name":"Szafka wisz\u0105ca g\u0142\u0119boka BWWAR40.1\/61 &#8211; witryna alu &#8211; KamMono"}]},{"@type":"WebSite","@id":"https:\/\/meblekuchenne.pl\/sklep\/#website","url":"https:\/\/meblekuchenne.pl\/sklep\/","name":"MebleKuchenne.PL - SKLEP","description":"","publisher":{"@id":"https:\/\/meblekuchenne.pl\/sklep\/#organization"},"potentialAction":[{"@type":"SearchAction","target":{"@type":"EntryPoint","urlTemplate":"https:\/\/meblekuchenne.pl\/sklep\/?s={search_term_string}"},"query-input":{"@type":"PropertyValueSpecification","valueRequired":true,"valueName":"search_term_string"}}],"inLanguage":"pl-PL"},{"@type":"Organization","@id":"https:\/\/meblekuchenne.pl\/sklep\/#organization","name":"MebleKuchenne.PL - SKLEP","url":"https:\/\/meblekuchenne.pl\/sklep\/","logo":{"@type":"ImageObject","inLanguage":"pl-PL","@id":"https:\/\/meblekuchenne.pl\/sklep\/#\/schema\/logo\/image\/","url":"https:\/\/meblekuchenne.pl\/sklep\/wp-content\/uploads\/2025\/06\/cropped-cropped-logo.webp","contentUrl":"https:\/\/meblekuchenne.pl\/sklep\/wp-content\/uploads\/2025\/06\/cropped-cropped-logo.webp","width":735,"height":715,"caption":"MebleKuchenne.PL - SKLEP"},"image":{"@id":"https:\/\/meblekuchenne.pl\/sklep\/#\/schema\/logo\/image\/"}}]},"og_availability":"instock","product_availability":"instock","product_retailer_item_id":"BWWAR40.1\/61","product_condition":"new"},"_links":{"self":[{"href":"https:\/\/meblekuchenne.pl\/sklep\/wp-json\/wp\/v2\/product\/53195","targetHints":{"allow":["GET"]}}],"collection":[{"href":"https:\/\/meblekuchenne.pl\/sklep\/wp-json\/wp\/v2\/product"}],"about":[{"href":"https:\/\/meblekuchenne.pl\/sklep\/wp-json\/wp\/v2\/types\/product"}],"wp:featuredmedia":[{"embeddable":true,"href":"https:\/\/meblekuchenne.pl\/sklep\/wp-json\/wp\/v2\/media\/60039"}],"wp:attachment":[{"href":"https:\/\/meblekuchenne.pl\/sklep\/wp-json\/wp\/v2\/media?parent=53195"}],"wp:term":[{"taxonomy":"product_brand","embeddable":true,"href":"https:\/\/meblekuchenne.pl\/sklep\/wp-json\/wp\/v2\/product_brand?post=53195"},{"taxonomy":"product_cat","embeddable":true,"href":"https:\/\/meblekuchenne.pl\/sklep\/wp-json\/wp\/v2\/product_cat?post=53195"},{"taxonomy":"product_tag","embeddable":true,"href":"https:\/\/meblekuchenne.pl\/sklep\/wp-json\/wp\/v2\/product_tag?post=53195"}],"curies":[{"name":"wp","href":"https:\/\/api.w.org\/{rel}","templated":true}]}}