{"id":53089,"date":"2025-02-21T20:29:29","date_gmt":"2025-02-21T19:29:29","guid":{"rendered":"https:\/\/meblekuchenne.pl\/sklep\/?post_type=product&#038;p=53089"},"modified":"2026-04-10T10:42:04","modified_gmt":"2026-04-10T08:42:04","slug":"stol-do-kuchni-jadalni-140x80-cm-rozne-kolory-meble-kam","status":"publish","type":"product","link":"https:\/\/meblekuchenne.pl\/sklep\/product\/stol-do-kuchni-jadalni-140x80-cm-rozne-kolory-meble-kam\/","title":{"rendered":"St\u00f3\u0142  do kuchni\/jadalni &#8211; 140&#215;80 cm &#8211; r\u00f3\u017cne kolory &#8211; meble Kam"},"content":{"rendered":"<h2 data-start=\"0\" data-end=\"42\">St\u00f3\u0142 do Kuchni\/Jadalni 140&#215;80 cm &#8211; Kam<\/h2>\n<p>St\u00f3\u0142 &#8211; szer. 80 cm, g\u0142. 140 cm, wys. 75 cm<\/p>\n<p class=\"\" data-start=\"44\" data-end=\"356\">St\u00f3\u0142 <strong data-start=\"49\" data-end=\"56\">Kam<\/strong> o wymiarach 140&#215;80 cm to doskona\u0142y wyb\u00f3r do \u015bredniej wielko\u015bci kuchni i jadalni. Jego przestronno\u015b\u0107 zapewnia komfortowe warunki do codziennych posi\u0142k\u00f3w, a tak\u017ce do spotka\u0144 rodzinnych czy przyj\u0119\u0107. Z pewno\u015bci\u0105 stanie si\u0119 centralnym punktem ka\u017cdego wn\u0119trza, \u0142\u0105cz\u0105c funkcjonalno\u015b\u0107 z eleganckim wygl\u0105dem.<\/p>\n<h3 data-start=\"358\" data-end=\"377\">Wymiary Sto\u0142u:<\/h3>\n<ul data-start=\"378\" data-end=\"444\">\n<li class=\"\" data-start=\"378\" data-end=\"399\">\n<p class=\"\" data-start=\"380\" data-end=\"399\"><strong data-start=\"380\" data-end=\"392\">Wysoko\u015b\u0107<\/strong>: 75 cm<\/p>\n<\/li>\n<li class=\"\" data-start=\"400\" data-end=\"422\">\n<p class=\"\" data-start=\"402\" data-end=\"422\"><strong data-start=\"402\" data-end=\"415\">Szeroko\u015b\u0107<\/strong>: 80 cm<\/p>\n<\/li>\n<li class=\"\" data-start=\"423\" data-end=\"444\">\n<p class=\"\" data-start=\"425\" data-end=\"444\"><strong data-start=\"425\" data-end=\"436\">D\u0142ugo\u015b\u0107<\/strong>: 140 cm<\/p>\n<\/li>\n<\/ul>\n<h3 data-start=\"446\" data-end=\"462\">Kolorystyka<\/h3>\n<p class=\"\" data-start=\"463\" data-end=\"716\">St\u00f3\u0142 <strong data-start=\"468\" data-end=\"475\">Kam<\/strong> dost\u0119pny jest w bogatej palecie kolor\u00f3w, kt\u00f3re umo\u017cliwiaj\u0105 dopasowanie mebla do r\u00f3\u017cnych aran\u017cacji. Wyb\u00f3r spo\u015br\u00f3d r\u00f3\u017cnych wybarwie\u0144 p\u0142yt P2 oraz kolor\u00f3w n\u00f3g daje pe\u0142n\u0105 swobod\u0119 personalizacji, aby st\u00f3\u0142 idealnie wpasowa\u0142 si\u0119 w wystr\u00f3j wn\u0119trza.<\/p>\n<p class=\"\" data-start=\"718\" data-end=\"752\"><strong data-start=\"718\" data-end=\"752\">Kolory sto\u0142u (wybarwienia P2):<\/strong><\/p>\n<ul data-start=\"753\" data-end=\"1016\">\n<li class=\"\" data-start=\"753\" data-end=\"772\">\n<p class=\"\" data-start=\"755\" data-end=\"772\"><strong data-start=\"755\" data-end=\"772\">San Sebastian<\/strong><\/p>\n<\/li>\n<li class=\"\" data-start=\"773\" data-end=\"791\">\n<p class=\"\" data-start=\"775\" data-end=\"791\"><strong data-start=\"775\" data-end=\"791\">D\u0105b Nebraska<\/strong><\/p>\n<\/li>\n<li class=\"\" data-start=\"792\" data-end=\"805\">\n<p class=\"\" data-start=\"794\" data-end=\"805\"><strong data-start=\"794\" data-end=\"805\">Jode\u0142ka<\/strong><\/p>\n<\/li>\n<li class=\"\" data-start=\"806\" data-end=\"829\">\n<p class=\"\" data-start=\"808\" data-end=\"829\"><strong data-start=\"808\" data-end=\"829\">Beton Ciemnoszary<\/strong><\/p>\n<\/li>\n<li class=\"\" data-start=\"830\" data-end=\"852\">\n<p class=\"\" data-start=\"832\" data-end=\"852\"><strong data-start=\"832\" data-end=\"852\">Beton Jasnoszary<\/strong><\/p>\n<\/li>\n<li class=\"\" data-start=\"853\" data-end=\"869\">\n<p class=\"\" data-start=\"855\" data-end=\"869\"><strong data-start=\"855\" data-end=\"869\">D\u0105b Estana<\/strong><\/p>\n<\/li>\n<li class=\"\" data-start=\"870\" data-end=\"885\">\n<p class=\"\" data-start=\"872\" data-end=\"885\"><strong data-start=\"872\" data-end=\"885\">D\u0105b Z\u0142oty<\/strong><\/p>\n<\/li>\n<li class=\"\" data-start=\"886\" data-end=\"902\">\n<p class=\"\" data-start=\"888\" data-end=\"902\"><strong data-start=\"888\" data-end=\"902\">D\u0105b Hikora<\/strong><\/p>\n<\/li>\n<li class=\"\" data-start=\"903\" data-end=\"922\">\n<p class=\"\" data-start=\"905\" data-end=\"922\"><strong data-start=\"905\" data-end=\"922\">D\u0105b Arlington<\/strong><\/p>\n<\/li>\n<li class=\"\" data-start=\"923\" data-end=\"945\">\n<p class=\"\" data-start=\"925\" data-end=\"945\"><strong data-start=\"925\" data-end=\"945\">Marmur Calacatta<\/strong><\/p>\n<\/li>\n<li class=\"\" data-start=\"946\" data-end=\"963\">\n<p class=\"\" data-start=\"948\" data-end=\"963\"><strong data-start=\"948\" data-end=\"963\">D\u0105b Belmont<\/strong><\/p>\n<\/li>\n<li class=\"\" data-start=\"964\" data-end=\"981\">\n<p class=\"\" data-start=\"966\" data-end=\"981\"><strong data-start=\"966\" data-end=\"981\">D\u0105b Vicenza<\/strong><\/p>\n<\/li>\n<li class=\"\" data-start=\"982\" data-end=\"995\">\n<p class=\"\" data-start=\"984\" data-end=\"995\"><strong data-start=\"984\" data-end=\"995\">Kaszmir<\/strong><\/p>\n<\/li>\n<li class=\"\" data-start=\"996\" data-end=\"1016\">\n<p class=\"\" data-start=\"998\" data-end=\"1016\"><strong data-start=\"998\" data-end=\"1016\">Marmur Crystal<\/strong><\/p>\n<\/li>\n<\/ul>\n<p class=\"\" data-start=\"1018\" data-end=\"1055\"><strong data-start=\"1018\" data-end=\"1055\">Kolory n\u00f3g (ozdobne wype\u0142nienie):<\/strong><\/p>\n<ul data-start=\"1056\" data-end=\"1144\">\n<li class=\"\" data-start=\"1056\" data-end=\"1067\">\n<p class=\"\" data-start=\"1058\" data-end=\"1067\"><strong data-start=\"1058\" data-end=\"1067\">Bia\u0142y<\/strong><\/p>\n<\/li>\n<li class=\"\" data-start=\"1068\" data-end=\"1080\">\n<p class=\"\" data-start=\"1070\" data-end=\"1080\"><strong data-start=\"1070\" data-end=\"1080\">Czarny<\/strong><\/p>\n<\/li>\n<li class=\"\" data-start=\"1081\" data-end=\"1092\">\n<p class=\"\" data-start=\"1083\" data-end=\"1092\"><strong data-start=\"1083\" data-end=\"1092\">Szary<\/strong><\/p>\n<\/li>\n<li class=\"\" data-start=\"1093\" data-end=\"1144\">\n<p class=\"\" data-start=\"1095\" data-end=\"1144\"><strong data-start=\"1095\" data-end=\"1110\">Kolor sto\u0142u<\/strong> (dopasowany do wybarwienia p\u0142yty)<\/p>\n<\/li>\n<\/ul>\n<h3 data-start=\"1146\" data-end=\"1184\">Wyj\u0105tkowy Design i Funkcjonalno\u015b\u0107<\/h3>\n<p class=\"\" data-start=\"1185\" data-end=\"1478\">St\u00f3\u0142 <strong data-start=\"1190\" data-end=\"1197\">Kam<\/strong> \u0142\u0105czy nowoczesny design z wysok\u0105 jako\u015bci\u0105 wykonania. Ozdobne wype\u0142nienie n\u00f3g nadaje mu elegancki wygl\u0105d, a solidna konstrukcja zapewnia stabilno\u015b\u0107 i trwa\u0142o\u015b\u0107 na d\u0142ugie lata. Dzi\u0119ki odpowiedniej wysoko\u015bci, st\u00f3\u0142 jest wygodny do u\u017cytku na co dzie\u0144, oferuj\u0105c komfort podczas posi\u0142k\u00f3w.<\/p>\n<h3 data-start=\"1480\" data-end=\"1497\">Zastosowanie<\/h3>\n<p class=\"\" data-start=\"1498\" data-end=\"1825\">St\u00f3\u0142 do Kuchni\/Jadalni 140&#215;80 cm to idealna opcja do wi\u0119kszych kuchni, jadalni oraz przestronnych wn\u0119trz. Jego uniwersalny rozmiar sprawia, \u017ce pasuje zar\u00f3wno do tradycyjnych, jak i nowoczesnych aran\u017cacji. Dzi\u0119ki szerokiej ofercie kolor\u00f3w, mo\u017cna go \u0142atwo dopasowa\u0107 do r\u00f3\u017cnych styl\u00f3w wn\u0119trz, od minimalistycznych po bardziej klasyczne.<\/p>\n<p class=\"\" data-start=\"1832\" data-end=\"2035\"><strong data-start=\"1832\" data-end=\"1844\">St\u00f3\u0142 Kam<\/strong> to doskona\u0142a propozycja do Twojej kuchni lub jadalni, \u0142\u0105cz\u0105c wygod\u0119 i nowoczesny design w jednym meblu. Dzi\u0119ki wyborowi kolor\u00f3w p\u0142yty i n\u00f3g, st\u00f3\u0142 b\u0119dzie idealnie wsp\u00f3\u0142gra\u0142 z ka\u017cdym wn\u0119trzem.<\/p>\n","protected":false},"excerpt":{"rendered":"<p>St\u00f3\u0142 <strong data-start=\"49\" data-end=\"56\">Kam<\/strong> o wymiarach 140&#215;80 cm to doskona\u0142y wyb\u00f3r do \u015bredniej wielko\u015bci kuchni i jadalni. Jego przestronno\u015b\u0107 zapewnia komfortowe warunki do codziennych posi\u0142k\u00f3w, a tak\u017ce do spotka\u0144 rodzinnych czy przyj\u0119\u0107. Z pewno\u015bci\u0105 stanie si\u0119 centralnym punktem ka\u017cdego wn\u0119trza, \u0142\u0105cz\u0105c funkcjonalno\u015b\u0107 z eleganckim wygl\u0105dem.<\/p>\n","protected":false},"featured_media":40047,"template":"","meta":[],"product_brand":[710],"product_cat":[798,759,775,454,479,505,564],"product_tag":[],"class_list":{"0":"post-53089","1":"product","2":"type-product","3":"status-publish","4":"has-post-thumbnail","6":"product_brand-meble-kam","7":"product_cat-stoly-kuchenne-sklep","8":"product_cat-stoly-prostokatne","9":"product_cat-wszystko","10":"product_cat-meble-kam-mono","11":"product_cat-elementy-wykonczeniowe","12":"product_cat-stoly-kuchenne","13":"product_cat-stol","14":"product_shipping_class-wyspy-kam","16":"first","17":"instock","18":"shipping-taxable","19":"purchasable","20":"product-type-simple"},"yoast_head":"<!-- This site is optimized with the Yoast SEO Premium plugin v25.0 (Yoast SEO v25.0) - https:\/\/yoast.com\/wordpress\/plugins\/seo\/ -->\n<title>St\u00f3\u0142 do Kuchni\/Jadalni 140x80 cm<\/title>\n<meta name=\"description\" content=\"St\u00f3\u0142 do Kuchni\/Jadalni 140x80 cm to doskona\u0142y wyb\u00f3r do \u015bredniej wielko\u015bci kuchni i jadalni.\" \/>\n<meta name=\"robots\" content=\"index, follow, max-snippet:-1, max-image-preview:large, max-video-preview:-1\" \/>\n<link rel=\"canonical\" href=\"https:\/\/meblekuchenne.pl\/sklep\/product\/stol-do-kuchni-jadalni-140x80-cm-rozne-kolory-meble-kam\/\" \/>\n<meta property=\"og:locale\" content=\"pl_PL\" \/>\n<meta property=\"og:type\" content=\"article\" \/>\n<meta property=\"og:title\" content=\"St\u00f3\u0142 do kuchni\/jadalni - 140x80 cm - r\u00f3\u017cne kolory - meble Kam\" \/>\n<meta property=\"og:description\" content=\"St\u00f3\u0142 do Kuchni\/Jadalni 140x80 cm to doskona\u0142y wyb\u00f3r do \u015bredniej wielko\u015bci kuchni i jadalni.\" \/>\n<meta property=\"og:url\" content=\"https:\/\/meblekuchenne.pl\/sklep\/product\/stol-do-kuchni-jadalni-140x80-cm-rozne-kolory-meble-kam\/\" \/>\n<meta property=\"og:site_name\" content=\"MebleKuchenne.PL - SKLEP\" \/>\n<meta property=\"article:modified_time\" content=\"2026-04-10T08:42:04+00:00\" \/>\n<meta property=\"og:image\" content=\"https:\/\/meblekuchenne.pl\/sklep\/wp-content\/uploads\/2025\/02\/page46_img2_1_w-2.webp\" \/>\n\t<meta property=\"og:image:width\" content=\"856\" \/>\n\t<meta property=\"og:image:height\" content=\"476\" \/>\n\t<meta property=\"og:image:type\" content=\"image\/webp\" \/>\n<meta name=\"twitter:card\" content=\"summary_large_image\" \/>\n<meta name=\"twitter:label1\" content=\"Cena\" \/>\n\t<meta name=\"twitter:data1\" content=\"583,00&nbsp;&#122;&#322;\" \/>\n\t<meta name=\"twitter:label2\" content=\"Dost\u0119pno\u015b\u0107\" \/>\n\t<meta name=\"twitter:data2\" content=\"Dost\u0119pny\" \/>\n<script type=\"application\/ld+json\" class=\"yoast-schema-graph\">{\"@context\":\"https:\/\/schema.org\",\"@graph\":[{\"@type\":\"WebPage\",\"@id\":\"https:\/\/meblekuchenne.pl\/sklep\/product\/stol-do-kuchni-jadalni-140x80-cm-rozne-kolory-meble-kam\/\",\"url\":\"https:\/\/meblekuchenne.pl\/sklep\/product\/stol-do-kuchni-jadalni-140x80-cm-rozne-kolory-meble-kam\/\",\"name\":\"St\u00f3\u0142 do Kuchni\/Jadalni 140x80 cm\",\"isPartOf\":{\"@id\":\"https:\/\/meblekuchenne.pl\/sklep\/#website\"},\"primaryImageOfPage\":{\"@id\":\"https:\/\/meblekuchenne.pl\/sklep\/product\/stol-do-kuchni-jadalni-140x80-cm-rozne-kolory-meble-kam\/#primaryimage\"},\"image\":{\"@id\":\"https:\/\/meblekuchenne.pl\/sklep\/product\/stol-do-kuchni-jadalni-140x80-cm-rozne-kolory-meble-kam\/#primaryimage\"},\"thumbnailUrl\":\"https:\/\/meblekuchenne.pl\/sklep\/wp-content\/uploads\/2025\/02\/page46_img2_1_w-2.webp\",\"datePublished\":\"2025-02-21T19:29:29+00:00\",\"dateModified\":\"2026-04-10T08:42:04+00:00\",\"description\":\"St\u00f3\u0142 do Kuchni\/Jadalni 140x80 cm to doskona\u0142y wyb\u00f3r do \u015bredniej wielko\u015bci kuchni i jadalni.\",\"breadcrumb\":{\"@id\":\"https:\/\/meblekuchenne.pl\/sklep\/product\/stol-do-kuchni-jadalni-140x80-cm-rozne-kolory-meble-kam\/#breadcrumb\"},\"inLanguage\":\"pl-PL\",\"potentialAction\":[{\"@type\":\"ReadAction\",\"target\":[\"https:\/\/meblekuchenne.pl\/sklep\/product\/stol-do-kuchni-jadalni-140x80-cm-rozne-kolory-meble-kam\/\"]}]},{\"@type\":\"ImageObject\",\"inLanguage\":\"pl-PL\",\"@id\":\"https:\/\/meblekuchenne.pl\/sklep\/product\/stol-do-kuchni-jadalni-140x80-cm-rozne-kolory-meble-kam\/#primaryimage\",\"url\":\"https:\/\/meblekuchenne.pl\/sklep\/wp-content\/uploads\/2025\/02\/page46_img2_1_w-2.webp\",\"contentUrl\":\"https:\/\/meblekuchenne.pl\/sklep\/wp-content\/uploads\/2025\/02\/page46_img2_1_w-2.webp\",\"width\":856,\"height\":476},{\"@type\":\"BreadcrumbList\",\"@id\":\"https:\/\/meblekuchenne.pl\/sklep\/product\/stol-do-kuchni-jadalni-140x80-cm-rozne-kolory-meble-kam\/#breadcrumb\",\"itemListElement\":[{\"@type\":\"ListItem\",\"position\":1,\"name\":\"Strona g\u0142\u00f3wna\",\"item\":\"https:\/\/meblekuchenne.pl\/sklep\/\"},{\"@type\":\"ListItem\",\"position\":2,\"name\":\"Sklep\",\"item\":\"https:\/\/meblekuchenne.pl\/sklep\/sklep\/\"},{\"@type\":\"ListItem\",\"position\":3,\"name\":\"St\u00f3\u0142 do kuchni\/jadalni &#8211; 140&#215;80 cm &#8211; r\u00f3\u017cne kolory &#8211; meble Kam\"}]},{\"@type\":\"WebSite\",\"@id\":\"https:\/\/meblekuchenne.pl\/sklep\/#website\",\"url\":\"https:\/\/meblekuchenne.pl\/sklep\/\",\"name\":\"MebleKuchenne.PL - SKLEP\",\"description\":\"\",\"publisher\":{\"@id\":\"https:\/\/meblekuchenne.pl\/sklep\/#organization\"},\"potentialAction\":[{\"@type\":\"SearchAction\",\"target\":{\"@type\":\"EntryPoint\",\"urlTemplate\":\"https:\/\/meblekuchenne.pl\/sklep\/?s={search_term_string}\"},\"query-input\":{\"@type\":\"PropertyValueSpecification\",\"valueRequired\":true,\"valueName\":\"search_term_string\"}}],\"inLanguage\":\"pl-PL\"},{\"@type\":\"Organization\",\"@id\":\"https:\/\/meblekuchenne.pl\/sklep\/#organization\",\"name\":\"MebleKuchenne.PL - SKLEP\",\"url\":\"https:\/\/meblekuchenne.pl\/sklep\/\",\"logo\":{\"@type\":\"ImageObject\",\"inLanguage\":\"pl-PL\",\"@id\":\"https:\/\/meblekuchenne.pl\/sklep\/#\/schema\/logo\/image\/\",\"url\":\"https:\/\/meblekuchenne.pl\/sklep\/wp-content\/uploads\/2025\/06\/cropped-cropped-logo.webp\",\"contentUrl\":\"https:\/\/meblekuchenne.pl\/sklep\/wp-content\/uploads\/2025\/06\/cropped-cropped-logo.webp\",\"width\":735,\"height\":715,\"caption\":\"MebleKuchenne.PL - SKLEP\"},\"image\":{\"@id\":\"https:\/\/meblekuchenne.pl\/sklep\/#\/schema\/logo\/image\/\"}}]}<\/script>\n<meta property=\"product:price:amount\" content=\"583.00\" \/>\n<meta property=\"product:price:currency\" content=\"PLN\" \/>\n<meta property=\"og:availability\" content=\"instock\" \/>\n<meta property=\"product:availability\" content=\"instock\" \/>\n<meta property=\"product:condition\" content=\"new\" \/>\n<!-- \/ Yoast SEO Premium plugin. -->","yoast_head_json":{"title":"St\u00f3\u0142 do Kuchni\/Jadalni 140x80 cm","description":"St\u00f3\u0142 do Kuchni\/Jadalni 140x80 cm to doskona\u0142y wyb\u00f3r do \u015bredniej wielko\u015bci kuchni i jadalni.","robots":{"index":"index","follow":"follow","max-snippet":"max-snippet:-1","max-image-preview":"max-image-preview:large","max-video-preview":"max-video-preview:-1"},"canonical":"https:\/\/meblekuchenne.pl\/sklep\/product\/stol-do-kuchni-jadalni-140x80-cm-rozne-kolory-meble-kam\/","og_locale":"pl_PL","og_type":"article","og_title":"St\u00f3\u0142 do kuchni\/jadalni - 140x80 cm - r\u00f3\u017cne kolory - meble Kam","og_description":"St\u00f3\u0142 do Kuchni\/Jadalni 140x80 cm to doskona\u0142y wyb\u00f3r do \u015bredniej wielko\u015bci kuchni i jadalni.","og_url":"https:\/\/meblekuchenne.pl\/sklep\/product\/stol-do-kuchni-jadalni-140x80-cm-rozne-kolory-meble-kam\/","og_site_name":"MebleKuchenne.PL - SKLEP","article_modified_time":"2026-04-10T08:42:04+00:00","og_image":[{"width":856,"height":476,"url":"https:\/\/meblekuchenne.pl\/sklep\/wp-content\/uploads\/2025\/02\/page46_img2_1_w-2.webp","type":"image\/webp"}],"twitter_card":"summary_large_image","twitter_misc":{"Cena":"583,00&nbsp;&#122;&#322;","Dost\u0119pno\u015b\u0107":"Dost\u0119pny"},"schema":{"@context":"https:\/\/schema.org","@graph":[{"@type":"WebPage","@id":"https:\/\/meblekuchenne.pl\/sklep\/product\/stol-do-kuchni-jadalni-140x80-cm-rozne-kolory-meble-kam\/","url":"https:\/\/meblekuchenne.pl\/sklep\/product\/stol-do-kuchni-jadalni-140x80-cm-rozne-kolory-meble-kam\/","name":"St\u00f3\u0142 do Kuchni\/Jadalni 140x80 cm","isPartOf":{"@id":"https:\/\/meblekuchenne.pl\/sklep\/#website"},"primaryImageOfPage":{"@id":"https:\/\/meblekuchenne.pl\/sklep\/product\/stol-do-kuchni-jadalni-140x80-cm-rozne-kolory-meble-kam\/#primaryimage"},"image":{"@id":"https:\/\/meblekuchenne.pl\/sklep\/product\/stol-do-kuchni-jadalni-140x80-cm-rozne-kolory-meble-kam\/#primaryimage"},"thumbnailUrl":"https:\/\/meblekuchenne.pl\/sklep\/wp-content\/uploads\/2025\/02\/page46_img2_1_w-2.webp","datePublished":"2025-02-21T19:29:29+00:00","dateModified":"2026-04-10T08:42:04+00:00","description":"St\u00f3\u0142 do Kuchni\/Jadalni 140x80 cm to doskona\u0142y wyb\u00f3r do \u015bredniej wielko\u015bci kuchni i jadalni.","breadcrumb":{"@id":"https:\/\/meblekuchenne.pl\/sklep\/product\/stol-do-kuchni-jadalni-140x80-cm-rozne-kolory-meble-kam\/#breadcrumb"},"inLanguage":"pl-PL","potentialAction":[{"@type":"ReadAction","target":["https:\/\/meblekuchenne.pl\/sklep\/product\/stol-do-kuchni-jadalni-140x80-cm-rozne-kolory-meble-kam\/"]}]},{"@type":"ImageObject","inLanguage":"pl-PL","@id":"https:\/\/meblekuchenne.pl\/sklep\/product\/stol-do-kuchni-jadalni-140x80-cm-rozne-kolory-meble-kam\/#primaryimage","url":"https:\/\/meblekuchenne.pl\/sklep\/wp-content\/uploads\/2025\/02\/page46_img2_1_w-2.webp","contentUrl":"https:\/\/meblekuchenne.pl\/sklep\/wp-content\/uploads\/2025\/02\/page46_img2_1_w-2.webp","width":856,"height":476},{"@type":"BreadcrumbList","@id":"https:\/\/meblekuchenne.pl\/sklep\/product\/stol-do-kuchni-jadalni-140x80-cm-rozne-kolory-meble-kam\/#breadcrumb","itemListElement":[{"@type":"ListItem","position":1,"name":"Strona g\u0142\u00f3wna","item":"https:\/\/meblekuchenne.pl\/sklep\/"},{"@type":"ListItem","position":2,"name":"Sklep","item":"https:\/\/meblekuchenne.pl\/sklep\/sklep\/"},{"@type":"ListItem","position":3,"name":"St\u00f3\u0142 do kuchni\/jadalni &#8211; 140&#215;80 cm &#8211; r\u00f3\u017cne kolory &#8211; meble Kam"}]},{"@type":"WebSite","@id":"https:\/\/meblekuchenne.pl\/sklep\/#website","url":"https:\/\/meblekuchenne.pl\/sklep\/","name":"MebleKuchenne.PL - SKLEP","description":"","publisher":{"@id":"https:\/\/meblekuchenne.pl\/sklep\/#organization"},"potentialAction":[{"@type":"SearchAction","target":{"@type":"EntryPoint","urlTemplate":"https:\/\/meblekuchenne.pl\/sklep\/?s={search_term_string}"},"query-input":{"@type":"PropertyValueSpecification","valueRequired":true,"valueName":"search_term_string"}}],"inLanguage":"pl-PL"},{"@type":"Organization","@id":"https:\/\/meblekuchenne.pl\/sklep\/#organization","name":"MebleKuchenne.PL - SKLEP","url":"https:\/\/meblekuchenne.pl\/sklep\/","logo":{"@type":"ImageObject","inLanguage":"pl-PL","@id":"https:\/\/meblekuchenne.pl\/sklep\/#\/schema\/logo\/image\/","url":"https:\/\/meblekuchenne.pl\/sklep\/wp-content\/uploads\/2025\/06\/cropped-cropped-logo.webp","contentUrl":"https:\/\/meblekuchenne.pl\/sklep\/wp-content\/uploads\/2025\/06\/cropped-cropped-logo.webp","width":735,"height":715,"caption":"MebleKuchenne.PL - SKLEP"},"image":{"@id":"https:\/\/meblekuchenne.pl\/sklep\/#\/schema\/logo\/image\/"}}]},"product_price_amount":"583.00","product_price_currency":"PLN","og_availability":"instock","product_availability":"instock","product_condition":"new"},"_links":{"self":[{"href":"https:\/\/meblekuchenne.pl\/sklep\/wp-json\/wp\/v2\/product\/53089","targetHints":{"allow":["GET"]}}],"collection":[{"href":"https:\/\/meblekuchenne.pl\/sklep\/wp-json\/wp\/v2\/product"}],"about":[{"href":"https:\/\/meblekuchenne.pl\/sklep\/wp-json\/wp\/v2\/types\/product"}],"wp:featuredmedia":[{"embeddable":true,"href":"https:\/\/meblekuchenne.pl\/sklep\/wp-json\/wp\/v2\/media\/40047"}],"wp:attachment":[{"href":"https:\/\/meblekuchenne.pl\/sklep\/wp-json\/wp\/v2\/media?parent=53089"}],"wp:term":[{"taxonomy":"product_brand","embeddable":true,"href":"https:\/\/meblekuchenne.pl\/sklep\/wp-json\/wp\/v2\/product_brand?post=53089"},{"taxonomy":"product_cat","embeddable":true,"href":"https:\/\/meblekuchenne.pl\/sklep\/wp-json\/wp\/v2\/product_cat?post=53089"},{"taxonomy":"product_tag","embeddable":true,"href":"https:\/\/meblekuchenne.pl\/sklep\/wp-json\/wp\/v2\/product_tag?post=53089"}],"curies":[{"name":"wp","href":"https:\/\/api.w.org\/{rel}","templated":true}]}}