{"id":53085,"date":"2025-02-21T20:29:07","date_gmt":"2025-02-21T19:29:07","guid":{"rendered":"https:\/\/meblekuchenne.pl\/sklep\/?post_type=product&#038;p=53085"},"modified":"2026-04-10T10:42:06","modified_gmt":"2026-04-10T08:42:06","slug":"stol-rozkladany-do-kuchni-jadalni-120-161-202x88-kolory-meble-kam","status":"publish","type":"product","link":"https:\/\/meblekuchenne.pl\/sklep\/product\/stol-rozkladany-do-kuchni-jadalni-120-161-202x88-kolory-meble-kam\/","title":{"rendered":"St\u00f3\u0142 rozk\u0142adany do kuchni &#8211; jadalni 120\/161\/202&#215;88 &#8211; kolory &#8211; meble Kam"},"content":{"rendered":"<h3 class=\"\" data-start=\"0\" data-end=\"60\">St\u00f3\u0142 Rozk\u0142adany do Kuchni i Jadalni du\u017cy 120\/161\/202&#215;88 &#8211; Kam<\/h3>\n<p>St\u00f3\u0142 &#8211; szer. 88 cm, d\u0142. 120 &#8211; 161 &#8211; 202 cm, wys. 75 cm<\/p>\n<p class=\"\" data-start=\"62\" data-end=\"489\">St\u00f3\u0142 rozk\u0142adany <strong data-start=\"78\" data-end=\"85\">Kam<\/strong> to funkcjonalny mebel, kt\u00f3ry doskonale sprawdzi si\u0119 w ka\u017cdej kuchni lub jadalni, oferuj\u0105c przestronno\u015b\u0107 oraz elegancki wygl\u0105d. Dzi\u0119ki opcji rozk\u0142adania, st\u00f3\u0142 ten zapewnia du\u017c\u0105 elastyczno\u015b\u0107, a centralna noga podporowa dodatkowo stabilizuje konstrukcj\u0119. To idealne rozwi\u0105zanie do przestronnych pomieszcze\u0144, kt\u00f3re wymagaj\u0105 du\u017cej powierzchni roboczej lub miejsca na wsp\u00f3lne posi\u0142ki z rodzin\u0105 i przyjaci\u00f3\u0142mi.<\/p>\n<h4 class=\"\" data-start=\"491\" data-end=\"509\">Wymiary Sto\u0142u<\/h4>\n<ul data-start=\"510\" data-end=\"666\">\n<li class=\"\" data-start=\"510\" data-end=\"531\">\n<p class=\"\" data-start=\"512\" data-end=\"531\"><strong data-start=\"512\" data-end=\"524\">Wysoko\u015b\u0107<\/strong>: 75 cm<\/p>\n<\/li>\n<li class=\"\" data-start=\"532\" data-end=\"554\">\n<p class=\"\" data-start=\"534\" data-end=\"554\"><strong data-start=\"534\" data-end=\"547\">Szeroko\u015b\u0107<\/strong>: 88 cm<\/p>\n<\/li>\n<li class=\"\" data-start=\"555\" data-end=\"666\">\n<p class=\"\" data-start=\"557\" data-end=\"569\"><strong data-start=\"557\" data-end=\"568\">D\u0142ugo\u015b\u0107<\/strong>:<\/p>\n<ul data-start=\"572\" data-end=\"666\">\n<li class=\"\" data-start=\"572\" data-end=\"603\">\n<p class=\"\" data-start=\"574\" data-end=\"603\">120 cm (standardowa d\u0142ugo\u015b\u0107),<\/p>\n<\/li>\n<li class=\"\" data-start=\"606\" data-end=\"633\">\n<p class=\"\" data-start=\"608\" data-end=\"633\">161 cm (z jedn\u0105 wk\u0142adk\u0105),<\/p>\n<\/li>\n<li class=\"\" data-start=\"636\" data-end=\"666\">\n<p class=\"\" data-start=\"638\" data-end=\"666\">202 cm (z dwiema wk\u0142adkami).<\/p>\n<\/li>\n<\/ul>\n<\/li>\n<\/ul>\n<h4 class=\"\" data-start=\"668\" data-end=\"692\">Funkcja Rozk\u0142adania<\/h4>\n<p class=\"\" data-start=\"693\" data-end=\"1046\">St\u00f3\u0142 rozk\u0142ada si\u0119 od 120 cm do 161 cm oraz do 202 cm, co zapewnia du\u017c\u0105 powierzchni\u0119 robocz\u0105 lub miejsca do siedzenia, w zale\u017cno\u015bci od liczby go\u015bci. Zaledwie kilka chwil dzieli Ci\u0119 od komfortowego, przestronnego sto\u0142u na wi\u0119ksze spotkania rodzinne lub przyj\u0119cia. Dzi\u0119ki prostej funkcji rozk\u0142adania, mo\u017cesz dostosowa\u0107 wielko\u015b\u0107 sto\u0142u do aktualnych potrzeb.<\/p>\n<h4 class=\"\" data-start=\"1048\" data-end=\"1077\">Centralna Noga Podporowa<\/h4>\n<p class=\"\" data-start=\"1078\" data-end=\"1429\">St\u00f3\u0142 wyposa\u017cony jest w <strong data-start=\"1101\" data-end=\"1129\">centraln\u0105 nog\u0119 podporow\u0105<\/strong>, kt\u00f3ra zapewnia dodatkow\u0105 stabilno\u015b\u0107, szczeg\u00f3lnie przy roz\u0142o\u017conym stole. To praktyczne rozwi\u0105zanie, kt\u00f3re zwi\u0119ksza wytrzyma\u0142o\u015b\u0107 mebla, zapobiegaj\u0105c jego niestabilno\u015bci, szczeg\u00f3lnie przy wi\u0119kszych wymiarach. Noga podporowa jest subtelnie wkomponowana w design sto\u0142u, zachowuj\u0105c jego elegancki wygl\u0105d.<\/p>\n<h4 class=\"\" data-start=\"1431\" data-end=\"1453\">Kolorystyka Sto\u0142u<\/h4>\n<p class=\"\" data-start=\"1454\" data-end=\"1621\">St\u00f3\u0142 dost\u0119pny jest w szerokiej gamie wybarwie\u0144 p\u0142yty P2, co pozwala na idealne dopasowanie do wn\u0119trza Twojej kuchni czy jadalni. Wybierz spo\u015br\u00f3d nast\u0119puj\u0105cych kolor\u00f3w:<\/p>\n<ul data-start=\"1623\" data-end=\"1886\">\n<li class=\"\" data-start=\"1623\" data-end=\"1642\">\n<p class=\"\" data-start=\"1625\" data-end=\"1642\"><strong data-start=\"1625\" data-end=\"1642\">San Sebastian<\/strong><\/p>\n<\/li>\n<li class=\"\" data-start=\"1643\" data-end=\"1661\">\n<p class=\"\" data-start=\"1645\" data-end=\"1661\"><strong data-start=\"1645\" data-end=\"1661\">D\u0105b Nebraska<\/strong><\/p>\n<\/li>\n<li class=\"\" data-start=\"1662\" data-end=\"1675\">\n<p class=\"\" data-start=\"1664\" data-end=\"1675\"><strong data-start=\"1664\" data-end=\"1675\">Jode\u0142ka<\/strong><\/p>\n<\/li>\n<li class=\"\" data-start=\"1676\" data-end=\"1699\">\n<p class=\"\" data-start=\"1678\" data-end=\"1699\"><strong data-start=\"1678\" data-end=\"1699\">Beton Ciemnoszary<\/strong><\/p>\n<\/li>\n<li class=\"\" data-start=\"1700\" data-end=\"1722\">\n<p class=\"\" data-start=\"1702\" data-end=\"1722\"><strong data-start=\"1702\" data-end=\"1722\">Beton Jasnoszary<\/strong><\/p>\n<\/li>\n<li class=\"\" data-start=\"1723\" data-end=\"1739\">\n<p class=\"\" data-start=\"1725\" data-end=\"1739\"><strong data-start=\"1725\" data-end=\"1739\">D\u0105b Estana<\/strong><\/p>\n<\/li>\n<li class=\"\" data-start=\"1740\" data-end=\"1755\">\n<p class=\"\" data-start=\"1742\" data-end=\"1755\"><strong data-start=\"1742\" data-end=\"1755\">D\u0105b Z\u0142oty<\/strong><\/p>\n<\/li>\n<li class=\"\" data-start=\"1756\" data-end=\"1772\">\n<p class=\"\" data-start=\"1758\" data-end=\"1772\"><strong data-start=\"1758\" data-end=\"1772\">D\u0105b Hikora<\/strong><\/p>\n<\/li>\n<li class=\"\" data-start=\"1773\" data-end=\"1792\">\n<p class=\"\" data-start=\"1775\" data-end=\"1792\"><strong data-start=\"1775\" data-end=\"1792\">D\u0105b Arlington<\/strong><\/p>\n<\/li>\n<li class=\"\" data-start=\"1793\" data-end=\"1815\">\n<p class=\"\" data-start=\"1795\" data-end=\"1815\"><strong data-start=\"1795\" data-end=\"1815\">Marmur Calacatta<\/strong><\/p>\n<\/li>\n<li class=\"\" data-start=\"1816\" data-end=\"1833\">\n<p class=\"\" data-start=\"1818\" data-end=\"1833\"><strong data-start=\"1818\" data-end=\"1833\">D\u0105b Belmont<\/strong><\/p>\n<\/li>\n<li class=\"\" data-start=\"1834\" data-end=\"1851\">\n<p class=\"\" data-start=\"1836\" data-end=\"1851\"><strong data-start=\"1836\" data-end=\"1851\">D\u0105b Vicenza<\/strong><\/p>\n<\/li>\n<li class=\"\" data-start=\"1852\" data-end=\"1865\">\n<p class=\"\" data-start=\"1854\" data-end=\"1865\"><strong data-start=\"1854\" data-end=\"1865\">Kaszmir<\/strong><\/p>\n<\/li>\n<li class=\"\" data-start=\"1866\" data-end=\"1886\">\n<p class=\"\" data-start=\"1868\" data-end=\"1886\"><strong data-start=\"1868\" data-end=\"1886\">Marmur Crystal<\/strong><\/p>\n<\/li>\n<\/ul>\n<h4 class=\"\" data-start=\"1888\" data-end=\"1903\">Nogi Sto\u0142u<\/h4>\n<p class=\"\" data-start=\"1904\" data-end=\"2072\">Nogi sto\u0142u maj\u0105 nowoczesny design, a ozdobne wype\u0142nienie n\u00f3g dost\u0119pne jest w kolorach do wyboru, co pozwala na dopasowanie sto\u0142u do reszty wyposa\u017cenia. Wybierz z opcji:<\/p>\n<ul data-start=\"2074\" data-end=\"2128\">\n<li class=\"\" data-start=\"2074\" data-end=\"2085\">\n<p class=\"\" data-start=\"2076\" data-end=\"2085\"><strong data-start=\"2076\" data-end=\"2085\">Bia\u0142e<\/strong><\/p>\n<\/li>\n<li class=\"\" data-start=\"2086\" data-end=\"2098\">\n<p class=\"\" data-start=\"2088\" data-end=\"2098\"><strong data-start=\"2088\" data-end=\"2098\">Czarne<\/strong><\/p>\n<\/li>\n<li class=\"\" data-start=\"2099\" data-end=\"2110\">\n<p class=\"\" data-start=\"2101\" data-end=\"2110\"><strong data-start=\"2101\" data-end=\"2110\">Szare<\/strong><\/p>\n<\/li>\n<li class=\"\" data-start=\"2111\" data-end=\"2128\">\n<p class=\"\" data-start=\"2113\" data-end=\"2128\"><strong data-start=\"2113\" data-end=\"2128\">Kolor sto\u0142u<\/strong><\/p>\n<\/li>\n<\/ul>\n<h4 class=\"\" data-start=\"2130\" data-end=\"2176\">Nowoczesny Design i Wysoka Funkcjonalno\u015b\u0107<\/h4>\n<p class=\"\" data-start=\"2177\" data-end=\"2558\">St\u00f3\u0142 Rozk\u0142adany do Kuchni i Jadalni du\u017cy to elegancka i funkcjonalna opcja do ka\u017cdego wn\u0119trza. Jego klasyczny wygl\u0105d w po\u0142\u0105czeniu z nowoczesn\u0105 funkcjonalno\u015bci\u0105, jak\u0105 daje mo\u017cliwo\u015b\u0107 rozk\u0142adania, sprawia, \u017ce jest to idealny wyb\u00f3r zar\u00f3wno do kuchni, jak i jadalni. Dzi\u0119ki centralnej nodze podporowej st\u00f3\u0142 zyskuje na stabilno\u015bci i trwa\u0142o\u015bci, zapewniaj\u0105c komfortowe warunki do wsp\u00f3lnych posi\u0142k\u00f3w w wi\u0119kszym gronie.<\/p>\n<p class=\"\" data-start=\"2565\" data-end=\"2811\">St\u00f3\u0142 rozk\u0142adany <strong data-start=\"2581\" data-end=\"2588\">Kam<\/strong> to elegancki i wygodny mebel, kt\u00f3ry doda Twojej przestrzeni nowoczesnego charakteru. Dzi\u0119ki elastyczno\u015bci w rozk\u0142adaniu i solidnej konstrukcji, jest idealnym rozwi\u0105zaniem do codziennego u\u017cytku, a tak\u017ce na specjalne okazje.<\/p>\n","protected":false},"excerpt":{"rendered":"<p>St\u00f3\u0142 rozk\u0142adany <strong data-start=\"78\" data-end=\"85\">Kam<\/strong> to funkcjonalny mebel, kt\u00f3ry doskonale sprawdzi si\u0119 w ka\u017cdej kuchni lub jadalni, oferuj\u0105c przestronno\u015b\u0107 oraz elegancki wygl\u0105d. Dzi\u0119ki opcji rozk\u0142adania, st\u00f3\u0142 ten zapewnia du\u017c\u0105 elastyczno\u015b\u0107, a centralna noga podporowa dodatkowo stabilizuje konstrukcj\u0119. To idealne rozwi\u0105zanie do przestronnych pomieszcze\u0144, kt\u00f3re wymagaj\u0105 du\u017cej powierzchni roboczej lub miejsca na wsp\u00f3lne posi\u0142ki z rodzin\u0105 i przyjaci\u00f3\u0142mi.<\/p>\n","protected":false},"featured_media":31196,"template":"","meta":[],"product_brand":[710],"product_cat":[798,759,775,454,479,505,565],"product_tag":[],"class_list":{"0":"post-53085","1":"product","2":"type-product","3":"status-publish","4":"has-post-thumbnail","6":"product_brand-meble-kam","7":"product_cat-stoly-kuchenne-sklep","8":"product_cat-stoly-prostokatne","9":"product_cat-wszystko","10":"product_cat-meble-kam-mono","11":"product_cat-elementy-wykonczeniowe","12":"product_cat-stoly-kuchenne","13":"product_cat-stol-rozkladany","14":"product_shipping_class-wyspy-kam","16":"first","17":"instock","18":"shipping-taxable","19":"purchasable","20":"product-type-simple"},"yoast_head":"<!-- This site is optimized with the Yoast SEO Premium plugin v25.0 (Yoast SEO v25.0) - https:\/\/yoast.com\/wordpress\/plugins\/seo\/ -->\n<title>St\u00f3\u0142 Rozk\u0142adany do Kuchni i Jadalni du\u017cy<\/title>\n<meta name=\"description\" content=\"St\u00f3\u0142 Rozk\u0142adany do Kuchni i Jadalni du\u017cy zapewnia du\u017c\u0105 elastyczno\u015b\u0107, a centralna noga podporowa dodatkowo stabilizuje konstrukcj\u0119.\" \/>\n<meta name=\"robots\" content=\"index, follow, max-snippet:-1, max-image-preview:large, max-video-preview:-1\" \/>\n<link rel=\"canonical\" href=\"https:\/\/meblekuchenne.pl\/sklep\/product\/stol-rozkladany-do-kuchni-jadalni-120-161-202x88-kolory-meble-kam\/\" \/>\n<meta property=\"og:locale\" content=\"pl_PL\" \/>\n<meta property=\"og:type\" content=\"article\" \/>\n<meta property=\"og:title\" content=\"St\u00f3\u0142 rozk\u0142adany do kuchni - jadalni 120\/161\/202x88 - kolory - meble Kam\" \/>\n<meta property=\"og:description\" content=\"St\u00f3\u0142 Rozk\u0142adany do Kuchni i Jadalni du\u017cy zapewnia du\u017c\u0105 elastyczno\u015b\u0107, a centralna noga podporowa dodatkowo stabilizuje konstrukcj\u0119.\" \/>\n<meta property=\"og:url\" content=\"https:\/\/meblekuchenne.pl\/sklep\/product\/stol-rozkladany-do-kuchni-jadalni-120-161-202x88-kolory-meble-kam\/\" \/>\n<meta property=\"og:site_name\" content=\"MebleKuchenne.PL - SKLEP\" \/>\n<meta property=\"article:modified_time\" content=\"2026-04-10T08:42:06+00:00\" \/>\n<meta property=\"og:image\" content=\"https:\/\/meblekuchenne.pl\/sklep\/wp-content\/uploads\/2025\/02\/page46_img1_1_w-1.webp\" \/>\n\t<meta property=\"og:image:width\" content=\"856\" \/>\n\t<meta property=\"og:image:height\" content=\"476\" \/>\n\t<meta property=\"og:image:type\" content=\"image\/webp\" \/>\n<meta name=\"twitter:card\" content=\"summary_large_image\" \/>\n<meta name=\"twitter:label1\" content=\"Cena\" \/>\n\t<meta name=\"twitter:data1\" content=\"1386,00&nbsp;&#122;&#322;\" \/>\n\t<meta name=\"twitter:label2\" content=\"Dost\u0119pno\u015b\u0107\" \/>\n\t<meta name=\"twitter:data2\" content=\"Dost\u0119pny\" \/>\n<script type=\"application\/ld+json\" class=\"yoast-schema-graph\">{\"@context\":\"https:\/\/schema.org\",\"@graph\":[{\"@type\":\"WebPage\",\"@id\":\"https:\/\/meblekuchenne.pl\/sklep\/product\/stol-rozkladany-do-kuchni-jadalni-120-161-202x88-kolory-meble-kam\/\",\"url\":\"https:\/\/meblekuchenne.pl\/sklep\/product\/stol-rozkladany-do-kuchni-jadalni-120-161-202x88-kolory-meble-kam\/\",\"name\":\"St\u00f3\u0142 Rozk\u0142adany do Kuchni i Jadalni du\u017cy\",\"isPartOf\":{\"@id\":\"https:\/\/meblekuchenne.pl\/sklep\/#website\"},\"primaryImageOfPage\":{\"@id\":\"https:\/\/meblekuchenne.pl\/sklep\/product\/stol-rozkladany-do-kuchni-jadalni-120-161-202x88-kolory-meble-kam\/#primaryimage\"},\"image\":{\"@id\":\"https:\/\/meblekuchenne.pl\/sklep\/product\/stol-rozkladany-do-kuchni-jadalni-120-161-202x88-kolory-meble-kam\/#primaryimage\"},\"thumbnailUrl\":\"https:\/\/meblekuchenne.pl\/sklep\/wp-content\/uploads\/2025\/02\/page46_img1_1_w-1.webp\",\"datePublished\":\"2025-02-21T19:29:07+00:00\",\"dateModified\":\"2026-04-10T08:42:06+00:00\",\"description\":\"St\u00f3\u0142 Rozk\u0142adany do Kuchni i Jadalni du\u017cy zapewnia du\u017c\u0105 elastyczno\u015b\u0107, a centralna noga podporowa dodatkowo stabilizuje konstrukcj\u0119.\",\"breadcrumb\":{\"@id\":\"https:\/\/meblekuchenne.pl\/sklep\/product\/stol-rozkladany-do-kuchni-jadalni-120-161-202x88-kolory-meble-kam\/#breadcrumb\"},\"inLanguage\":\"pl-PL\",\"potentialAction\":[{\"@type\":\"ReadAction\",\"target\":[\"https:\/\/meblekuchenne.pl\/sklep\/product\/stol-rozkladany-do-kuchni-jadalni-120-161-202x88-kolory-meble-kam\/\"]}]},{\"@type\":\"ImageObject\",\"inLanguage\":\"pl-PL\",\"@id\":\"https:\/\/meblekuchenne.pl\/sklep\/product\/stol-rozkladany-do-kuchni-jadalni-120-161-202x88-kolory-meble-kam\/#primaryimage\",\"url\":\"https:\/\/meblekuchenne.pl\/sklep\/wp-content\/uploads\/2025\/02\/page46_img1_1_w-1.webp\",\"contentUrl\":\"https:\/\/meblekuchenne.pl\/sklep\/wp-content\/uploads\/2025\/02\/page46_img1_1_w-1.webp\",\"width\":856,\"height\":476},{\"@type\":\"BreadcrumbList\",\"@id\":\"https:\/\/meblekuchenne.pl\/sklep\/product\/stol-rozkladany-do-kuchni-jadalni-120-161-202x88-kolory-meble-kam\/#breadcrumb\",\"itemListElement\":[{\"@type\":\"ListItem\",\"position\":1,\"name\":\"Strona g\u0142\u00f3wna\",\"item\":\"https:\/\/meblekuchenne.pl\/sklep\/\"},{\"@type\":\"ListItem\",\"position\":2,\"name\":\"Sklep\",\"item\":\"https:\/\/meblekuchenne.pl\/sklep\/sklep\/\"},{\"@type\":\"ListItem\",\"position\":3,\"name\":\"St\u00f3\u0142 rozk\u0142adany do kuchni &#8211; jadalni 120\/161\/202&#215;88 &#8211; kolory &#8211; meble Kam\"}]},{\"@type\":\"WebSite\",\"@id\":\"https:\/\/meblekuchenne.pl\/sklep\/#website\",\"url\":\"https:\/\/meblekuchenne.pl\/sklep\/\",\"name\":\"MebleKuchenne.PL - SKLEP\",\"description\":\"\",\"publisher\":{\"@id\":\"https:\/\/meblekuchenne.pl\/sklep\/#organization\"},\"potentialAction\":[{\"@type\":\"SearchAction\",\"target\":{\"@type\":\"EntryPoint\",\"urlTemplate\":\"https:\/\/meblekuchenne.pl\/sklep\/?s={search_term_string}\"},\"query-input\":{\"@type\":\"PropertyValueSpecification\",\"valueRequired\":true,\"valueName\":\"search_term_string\"}}],\"inLanguage\":\"pl-PL\"},{\"@type\":\"Organization\",\"@id\":\"https:\/\/meblekuchenne.pl\/sklep\/#organization\",\"name\":\"MebleKuchenne.PL - SKLEP\",\"url\":\"https:\/\/meblekuchenne.pl\/sklep\/\",\"logo\":{\"@type\":\"ImageObject\",\"inLanguage\":\"pl-PL\",\"@id\":\"https:\/\/meblekuchenne.pl\/sklep\/#\/schema\/logo\/image\/\",\"url\":\"https:\/\/meblekuchenne.pl\/sklep\/wp-content\/uploads\/2025\/06\/cropped-cropped-logo.webp\",\"contentUrl\":\"https:\/\/meblekuchenne.pl\/sklep\/wp-content\/uploads\/2025\/06\/cropped-cropped-logo.webp\",\"width\":735,\"height\":715,\"caption\":\"MebleKuchenne.PL - SKLEP\"},\"image\":{\"@id\":\"https:\/\/meblekuchenne.pl\/sklep\/#\/schema\/logo\/image\/\"}}]}<\/script>\n<meta property=\"product:price:amount\" content=\"1386.00\" \/>\n<meta property=\"product:price:currency\" content=\"PLN\" \/>\n<meta property=\"og:availability\" content=\"instock\" \/>\n<meta property=\"product:availability\" content=\"instock\" \/>\n<meta property=\"product:condition\" content=\"new\" \/>\n<!-- \/ Yoast SEO Premium plugin. -->","yoast_head_json":{"title":"St\u00f3\u0142 Rozk\u0142adany do Kuchni i Jadalni du\u017cy","description":"St\u00f3\u0142 Rozk\u0142adany do Kuchni i Jadalni du\u017cy zapewnia du\u017c\u0105 elastyczno\u015b\u0107, a centralna noga podporowa dodatkowo stabilizuje konstrukcj\u0119.","robots":{"index":"index","follow":"follow","max-snippet":"max-snippet:-1","max-image-preview":"max-image-preview:large","max-video-preview":"max-video-preview:-1"},"canonical":"https:\/\/meblekuchenne.pl\/sklep\/product\/stol-rozkladany-do-kuchni-jadalni-120-161-202x88-kolory-meble-kam\/","og_locale":"pl_PL","og_type":"article","og_title":"St\u00f3\u0142 rozk\u0142adany do kuchni - jadalni 120\/161\/202x88 - kolory - meble Kam","og_description":"St\u00f3\u0142 Rozk\u0142adany do Kuchni i Jadalni du\u017cy zapewnia du\u017c\u0105 elastyczno\u015b\u0107, a centralna noga podporowa dodatkowo stabilizuje konstrukcj\u0119.","og_url":"https:\/\/meblekuchenne.pl\/sklep\/product\/stol-rozkladany-do-kuchni-jadalni-120-161-202x88-kolory-meble-kam\/","og_site_name":"MebleKuchenne.PL - SKLEP","article_modified_time":"2026-04-10T08:42:06+00:00","og_image":[{"width":856,"height":476,"url":"https:\/\/meblekuchenne.pl\/sklep\/wp-content\/uploads\/2025\/02\/page46_img1_1_w-1.webp","type":"image\/webp"}],"twitter_card":"summary_large_image","twitter_misc":{"Cena":"1386,00&nbsp;&#122;&#322;","Dost\u0119pno\u015b\u0107":"Dost\u0119pny"},"schema":{"@context":"https:\/\/schema.org","@graph":[{"@type":"WebPage","@id":"https:\/\/meblekuchenne.pl\/sklep\/product\/stol-rozkladany-do-kuchni-jadalni-120-161-202x88-kolory-meble-kam\/","url":"https:\/\/meblekuchenne.pl\/sklep\/product\/stol-rozkladany-do-kuchni-jadalni-120-161-202x88-kolory-meble-kam\/","name":"St\u00f3\u0142 Rozk\u0142adany do Kuchni i Jadalni du\u017cy","isPartOf":{"@id":"https:\/\/meblekuchenne.pl\/sklep\/#website"},"primaryImageOfPage":{"@id":"https:\/\/meblekuchenne.pl\/sklep\/product\/stol-rozkladany-do-kuchni-jadalni-120-161-202x88-kolory-meble-kam\/#primaryimage"},"image":{"@id":"https:\/\/meblekuchenne.pl\/sklep\/product\/stol-rozkladany-do-kuchni-jadalni-120-161-202x88-kolory-meble-kam\/#primaryimage"},"thumbnailUrl":"https:\/\/meblekuchenne.pl\/sklep\/wp-content\/uploads\/2025\/02\/page46_img1_1_w-1.webp","datePublished":"2025-02-21T19:29:07+00:00","dateModified":"2026-04-10T08:42:06+00:00","description":"St\u00f3\u0142 Rozk\u0142adany do Kuchni i Jadalni du\u017cy zapewnia du\u017c\u0105 elastyczno\u015b\u0107, a centralna noga podporowa dodatkowo stabilizuje konstrukcj\u0119.","breadcrumb":{"@id":"https:\/\/meblekuchenne.pl\/sklep\/product\/stol-rozkladany-do-kuchni-jadalni-120-161-202x88-kolory-meble-kam\/#breadcrumb"},"inLanguage":"pl-PL","potentialAction":[{"@type":"ReadAction","target":["https:\/\/meblekuchenne.pl\/sklep\/product\/stol-rozkladany-do-kuchni-jadalni-120-161-202x88-kolory-meble-kam\/"]}]},{"@type":"ImageObject","inLanguage":"pl-PL","@id":"https:\/\/meblekuchenne.pl\/sklep\/product\/stol-rozkladany-do-kuchni-jadalni-120-161-202x88-kolory-meble-kam\/#primaryimage","url":"https:\/\/meblekuchenne.pl\/sklep\/wp-content\/uploads\/2025\/02\/page46_img1_1_w-1.webp","contentUrl":"https:\/\/meblekuchenne.pl\/sklep\/wp-content\/uploads\/2025\/02\/page46_img1_1_w-1.webp","width":856,"height":476},{"@type":"BreadcrumbList","@id":"https:\/\/meblekuchenne.pl\/sklep\/product\/stol-rozkladany-do-kuchni-jadalni-120-161-202x88-kolory-meble-kam\/#breadcrumb","itemListElement":[{"@type":"ListItem","position":1,"name":"Strona g\u0142\u00f3wna","item":"https:\/\/meblekuchenne.pl\/sklep\/"},{"@type":"ListItem","position":2,"name":"Sklep","item":"https:\/\/meblekuchenne.pl\/sklep\/sklep\/"},{"@type":"ListItem","position":3,"name":"St\u00f3\u0142 rozk\u0142adany do kuchni &#8211; jadalni 120\/161\/202&#215;88 &#8211; kolory &#8211; meble Kam"}]},{"@type":"WebSite","@id":"https:\/\/meblekuchenne.pl\/sklep\/#website","url":"https:\/\/meblekuchenne.pl\/sklep\/","name":"MebleKuchenne.PL - SKLEP","description":"","publisher":{"@id":"https:\/\/meblekuchenne.pl\/sklep\/#organization"},"potentialAction":[{"@type":"SearchAction","target":{"@type":"EntryPoint","urlTemplate":"https:\/\/meblekuchenne.pl\/sklep\/?s={search_term_string}"},"query-input":{"@type":"PropertyValueSpecification","valueRequired":true,"valueName":"search_term_string"}}],"inLanguage":"pl-PL"},{"@type":"Organization","@id":"https:\/\/meblekuchenne.pl\/sklep\/#organization","name":"MebleKuchenne.PL - SKLEP","url":"https:\/\/meblekuchenne.pl\/sklep\/","logo":{"@type":"ImageObject","inLanguage":"pl-PL","@id":"https:\/\/meblekuchenne.pl\/sklep\/#\/schema\/logo\/image\/","url":"https:\/\/meblekuchenne.pl\/sklep\/wp-content\/uploads\/2025\/06\/cropped-cropped-logo.webp","contentUrl":"https:\/\/meblekuchenne.pl\/sklep\/wp-content\/uploads\/2025\/06\/cropped-cropped-logo.webp","width":735,"height":715,"caption":"MebleKuchenne.PL - SKLEP"},"image":{"@id":"https:\/\/meblekuchenne.pl\/sklep\/#\/schema\/logo\/image\/"}}]},"product_price_amount":"1386.00","product_price_currency":"PLN","og_availability":"instock","product_availability":"instock","product_condition":"new"},"_links":{"self":[{"href":"https:\/\/meblekuchenne.pl\/sklep\/wp-json\/wp\/v2\/product\/53085","targetHints":{"allow":["GET"]}}],"collection":[{"href":"https:\/\/meblekuchenne.pl\/sklep\/wp-json\/wp\/v2\/product"}],"about":[{"href":"https:\/\/meblekuchenne.pl\/sklep\/wp-json\/wp\/v2\/types\/product"}],"wp:featuredmedia":[{"embeddable":true,"href":"https:\/\/meblekuchenne.pl\/sklep\/wp-json\/wp\/v2\/media\/31196"}],"wp:attachment":[{"href":"https:\/\/meblekuchenne.pl\/sklep\/wp-json\/wp\/v2\/media?parent=53085"}],"wp:term":[{"taxonomy":"product_brand","embeddable":true,"href":"https:\/\/meblekuchenne.pl\/sklep\/wp-json\/wp\/v2\/product_brand?post=53085"},{"taxonomy":"product_cat","embeddable":true,"href":"https:\/\/meblekuchenne.pl\/sklep\/wp-json\/wp\/v2\/product_cat?post=53085"},{"taxonomy":"product_tag","embeddable":true,"href":"https:\/\/meblekuchenne.pl\/sklep\/wp-json\/wp\/v2\/product_tag?post=53085"}],"curies":[{"name":"wp","href":"https:\/\/api.w.org\/{rel}","templated":true}]}}