{"id":53083,"date":"2025-02-21T20:29:06","date_gmt":"2025-02-21T19:29:06","guid":{"rendered":"https:\/\/meblekuchenne.pl\/sklep\/?post_type=product&#038;p=53083"},"modified":"2026-04-10T10:42:06","modified_gmt":"2026-04-10T08:42:06","slug":"stol-rozkladany-do-kuchni-jadalni-100-150x80-kolory-meble-kam","status":"publish","type":"product","link":"https:\/\/meblekuchenne.pl\/sklep\/product\/stol-rozkladany-do-kuchni-jadalni-100-150x80-kolory-meble-kam\/","title":{"rendered":"St\u00f3\u0142 rozk\u0142adany do kuchni &#8211; jadalni 100\/150&#215;80 &#8211; kolory &#8211; meble Kam"},"content":{"rendered":"<article class=\"w-full text-token-text-primary\" dir=\"auto\" data-testid=\"conversation-turn-158\" data-scroll-anchor=\"true\">\n<div class=\"text-base my-auto mx-auto py-5 px-6\">\n<div class=\"mx-auto flex flex-1 text-base gap-4 md:gap-5 lg:gap-6 md:max-w-3xl lg:max-w-[40rem] xl:max-w-[48rem] group\/turn-messages focus-visible:outline-none\">\n<div class=\"group\/conversation-turn relative flex w-full min-w-0 flex-col agent-turn @xs\/thread:px-0 @sm\/thread:px-1.5 @md\/thread:px-4\">\n<div class=\"relative flex-col gap-1 md:gap-3\">\n<div class=\"flex max-w-full flex-col flex-grow\">\n<div class=\"min-h-8 text-message relative flex w-full flex-col items-end gap-2 whitespace-normal break-words text-start [.text-message+&amp;]:mt-5\" dir=\"auto\" data-message-author-role=\"assistant\" data-message-id=\"a3a86ed7-c2f7-46c1-a486-2c3e670e0597\" data-message-model-slug=\"gpt-4o-mini\">\n<div class=\"flex w-full flex-col gap-1 empty:hidden first:pt-[3px]\">\n<div class=\"markdown prose w-full break-words dark:prose-invert light\">\n<h3 class=\"\" data-start=\"0\" data-end=\"56\">St\u00f3\u0142 Rozk\u0142adany do Kuchni i Jadalni 100\/150&#215;80 &#8211; Kam<\/h3>\n<p>St\u00f3\u0142 &#8211; szer. 80 cm, d\u0142. 100 &#8211; 150 cm, wys. 75 cm<\/p>\n<p class=\"\" data-start=\"58\" data-end=\"409\">St\u00f3\u0142 rozk\u0142adany <strong data-start=\"74\" data-end=\"81\">Kam<\/strong> to elegancki i funkcjonalny mebel, idealny do kuchni lub jadalni. Dzi\u0119ki swojej kompaktowej formie, st\u00f3\u0142 sprawdzi si\u0119 zar\u00f3wno w mniejszych, jak i wi\u0119kszych pomieszczeniach, a opcja rozk\u0142adania zapewnia dodatkow\u0105 przestronno\u015b\u0107, gdy zajdzie taka potrzeba. To mebel, kt\u00f3ry \u0142\u0105czy nowoczesny design z wygod\u0105 codziennego u\u017cytkowania.<\/p>\n<h4 class=\"\" data-start=\"411\" data-end=\"429\">Wymiary Sto\u0142u<\/h4>\n<ul data-start=\"430\" data-end=\"542\">\n<li class=\"\" data-start=\"430\" data-end=\"451\">\n<p class=\"\" data-start=\"432\" data-end=\"451\"><strong data-start=\"432\" data-end=\"444\">Wysoko\u015b\u0107<\/strong>: 75 cm<\/p>\n<\/li>\n<li class=\"\" data-start=\"452\" data-end=\"474\">\n<p class=\"\" data-start=\"454\" data-end=\"474\"><strong data-start=\"454\" data-end=\"467\">Szeroko\u015b\u0107<\/strong>: 80 cm<\/p>\n<\/li>\n<li class=\"\" data-start=\"475\" data-end=\"542\">\n<p class=\"\" data-start=\"477\" data-end=\"542\"><strong data-start=\"477\" data-end=\"488\">D\u0142ugo\u015b\u0107<\/strong>: 100 cm (standardowa d\u0142ugo\u015b\u0107), rozk\u0142ada si\u0119 do 150 cm<\/p>\n<\/li>\n<\/ul>\n<h4 class=\"\" data-start=\"544\" data-end=\"568\">Funkcja Rozk\u0142adania<\/h4>\n<p class=\"\" data-start=\"569\" data-end=\"996\">St\u00f3\u0142 rozk\u0142ada si\u0119 z d\u0142ugo\u015bci 100 cm do 150 cm, co czyni go idealnym rozwi\u0105zaniem do jadalni i kuchni, w kt\u00f3rych zmieniaj\u0105ca si\u0119 liczba go\u015bci wymaga elastyczno\u015bci. Po roz\u0142o\u017ceniu st\u00f3\u0142 staje si\u0119 przestronniejszy, co pozwala na wygodne spo\u017cywanie posi\u0142k\u00f3w w wi\u0119kszym gronie. Dzi\u0119ki \u0142atwej funkcji rozk\u0142adania, st\u00f3\u0142 \u015bwietnie sprawdzi si\u0119 w codziennym u\u017cytkowaniu, zapewniaj\u0105c wygod\u0119 zar\u00f3wno przy ma\u0142ych, jak i wi\u0119kszych spotkaniach.<\/p>\n<h4 class=\"\" data-start=\"998\" data-end=\"1020\">Kolorystyka Sto\u0142u<\/h4>\n<p class=\"\" data-start=\"1021\" data-end=\"1158\">St\u00f3\u0142 dost\u0119pny jest w szerokiej gamie wybarwie\u0144 p\u0142yty P2, co pozwala na idealne dopasowanie go do charakteru wn\u0119trza. Oto dost\u0119pne kolory:<\/p>\n<ul data-start=\"1160\" data-end=\"1423\">\n<li class=\"\" data-start=\"1160\" data-end=\"1179\">\n<p class=\"\" data-start=\"1162\" data-end=\"1179\"><strong data-start=\"1162\" data-end=\"1179\">San Sebastian<\/strong><\/p>\n<\/li>\n<li class=\"\" data-start=\"1180\" data-end=\"1198\">\n<p class=\"\" data-start=\"1182\" data-end=\"1198\"><strong data-start=\"1182\" data-end=\"1198\">D\u0105b Nebraska<\/strong><\/p>\n<\/li>\n<li class=\"\" data-start=\"1199\" data-end=\"1212\">\n<p class=\"\" data-start=\"1201\" data-end=\"1212\"><strong data-start=\"1201\" data-end=\"1212\">Jode\u0142ka<\/strong><\/p>\n<\/li>\n<li class=\"\" data-start=\"1213\" data-end=\"1236\">\n<p class=\"\" data-start=\"1215\" data-end=\"1236\"><strong data-start=\"1215\" data-end=\"1236\">Beton Ciemnoszary<\/strong><\/p>\n<\/li>\n<li class=\"\" data-start=\"1237\" data-end=\"1259\">\n<p class=\"\" data-start=\"1239\" data-end=\"1259\"><strong data-start=\"1239\" data-end=\"1259\">Beton Jasnoszary<\/strong><\/p>\n<\/li>\n<li class=\"\" data-start=\"1260\" data-end=\"1276\">\n<p class=\"\" data-start=\"1262\" data-end=\"1276\"><strong data-start=\"1262\" data-end=\"1276\">D\u0105b Estana<\/strong><\/p>\n<\/li>\n<li class=\"\" data-start=\"1277\" data-end=\"1292\">\n<p class=\"\" data-start=\"1279\" data-end=\"1292\"><strong data-start=\"1279\" data-end=\"1292\">D\u0105b Z\u0142oty<\/strong><\/p>\n<\/li>\n<li class=\"\" data-start=\"1293\" data-end=\"1309\">\n<p class=\"\" data-start=\"1295\" data-end=\"1309\"><strong data-start=\"1295\" data-end=\"1309\">D\u0105b Hikora<\/strong><\/p>\n<\/li>\n<li class=\"\" data-start=\"1310\" data-end=\"1329\">\n<p class=\"\" data-start=\"1312\" data-end=\"1329\"><strong data-start=\"1312\" data-end=\"1329\">D\u0105b Arlington<\/strong><\/p>\n<\/li>\n<li class=\"\" data-start=\"1330\" data-end=\"1352\">\n<p class=\"\" data-start=\"1332\" data-end=\"1352\"><strong data-start=\"1332\" data-end=\"1352\">Marmur Calacatta<\/strong><\/p>\n<\/li>\n<li class=\"\" data-start=\"1353\" data-end=\"1370\">\n<p class=\"\" data-start=\"1355\" data-end=\"1370\"><strong data-start=\"1355\" data-end=\"1370\">D\u0105b Belmont<\/strong><\/p>\n<\/li>\n<li class=\"\" data-start=\"1371\" data-end=\"1388\">\n<p class=\"\" data-start=\"1373\" data-end=\"1388\"><strong data-start=\"1373\" data-end=\"1388\">D\u0105b Vicenza<\/strong><\/p>\n<\/li>\n<li class=\"\" data-start=\"1389\" data-end=\"1402\">\n<p class=\"\" data-start=\"1391\" data-end=\"1402\"><strong data-start=\"1391\" data-end=\"1402\">Kaszmir<\/strong><\/p>\n<\/li>\n<li class=\"\" data-start=\"1403\" data-end=\"1423\">\n<p class=\"\" data-start=\"1405\" data-end=\"1423\"><strong data-start=\"1405\" data-end=\"1423\">Marmur Crystal<\/strong><\/p>\n<\/li>\n<\/ul>\n<h4 class=\"\" data-start=\"1425\" data-end=\"1440\">Nogi Sto\u0142u<\/h4>\n<p class=\"\" data-start=\"1441\" data-end=\"1667\">Nogi sto\u0142u maj\u0105 klasyczny, elegancki wygl\u0105d, kt\u00f3ry doskonale komponuje si\u0119 z reszt\u0105 konstrukcji. Ozdobne wype\u0142nienie n\u00f3g dost\u0119pne jest w r\u00f3\u017cnych kolorach, dzi\u0119ki czemu \u0142atwo mo\u017cna dopasowa\u0107 je do kolorystyki sto\u0142u lub wn\u0119trza:<\/p>\n<ul data-start=\"1669\" data-end=\"1723\">\n<li class=\"\" data-start=\"1669\" data-end=\"1680\">\n<p class=\"\" data-start=\"1671\" data-end=\"1680\"><strong data-start=\"1671\" data-end=\"1680\">Bia\u0142e<\/strong><\/p>\n<\/li>\n<li class=\"\" data-start=\"1681\" data-end=\"1693\">\n<p class=\"\" data-start=\"1683\" data-end=\"1693\"><strong data-start=\"1683\" data-end=\"1693\">Czarne<\/strong><\/p>\n<\/li>\n<li class=\"\" data-start=\"1694\" data-end=\"1705\">\n<p class=\"\" data-start=\"1696\" data-end=\"1705\"><strong data-start=\"1696\" data-end=\"1705\">Szare<\/strong><\/p>\n<\/li>\n<li class=\"\" data-start=\"1706\" data-end=\"1723\">\n<p class=\"\" data-start=\"1708\" data-end=\"1723\"><strong data-start=\"1708\" data-end=\"1723\">Kolor sto\u0142u<\/strong><\/p>\n<\/li>\n<\/ul>\n<h4 class=\"\" data-start=\"1725\" data-end=\"1766\">Nowoczesny Design do Ka\u017cdego Wn\u0119trza<\/h4>\n<p class=\"\" data-start=\"1767\" data-end=\"2165\">St\u00f3\u0142 <strong data-start=\"1772\" data-end=\"1779\">Kam<\/strong> to doskona\u0142y wyb\u00f3r dla os\u00f3b szukaj\u0105cych funkcjonalnego, ale zarazem estetycznego rozwi\u0105zania do swojej kuchni czy jadalni. Jego prosty, ale elegancki design doskonale komponuje si\u0119 z r\u00f3\u017cnorodnymi aran\u017cacjami wn\u0119trz \u2013 zar\u00f3wno nowoczesnymi, jak i klasycznymi. Dzi\u0119ki opcji rozk\u0142adania, st\u00f3\u0142 ten zapewnia wygod\u0119 codziennego u\u017cytkowania oraz dodatkow\u0105 przestronno\u015b\u0107, gdy jest to konieczne.<\/p>\n<p class=\"\" data-start=\"2172\" data-end=\"2434\">St\u00f3\u0142 rozk\u0142adany <strong data-start=\"2188\" data-end=\"2195\">Kam<\/strong> to doskona\u0142e po\u0142\u0105czenie funkcjonalno\u015bci, nowoczesnego designu i wysokiej jako\u015bci wykonania. Idealny do kuchni i jadalni, b\u0119dzie stanowi\u0142 serce Twojego wn\u0119trza, gwarantuj\u0105c komfortowe warunki do posi\u0142k\u00f3w i spotka\u0144 z rodzin\u0105 i przyjaci\u00f3\u0142mi.<\/p>\n<p class=\"\" data-start=\"2436\" data-end=\"2518\">\n<\/div>\n<\/div>\n<\/div>\n<\/div>\n<div class=\"flex justify-start\">\n<div class=\"-me-1 -ms-2.5 flex select-none items-center p-1 touch:-me-2 touch:-ms-3.5 -mt-1 duration-[1.5s] focus-within:transition-none hover:transition-none pointer-events-none [mask-image:linear-gradient(to_right,black_33%,transparent_66%)] [mask-position:100%_0%] [mask-size:300%_100%] motion-safe:transition-[mask-position] group-hover\/turn-messages:pointer-events-auto group-hover\/turn-messages:[mask-position:0_0] group-focus-within\/turn-messages:pointer-events-auto group-focus-within\/turn-messages:[mask-position:0_0] has-[[data-state=open]]:pointer-events-auto has-[[data-state=open]]:[mask-position:0_0]\"><\/div>\n<\/div>\n<div class=\"mt-3 w-full empty:hidden\">\n<div class=\"text-center\"><\/div>\n<\/div>\n<\/div>\n<div class=\"absolute\">\n<div class=\"flex items-center justify-center\"><\/div>\n<\/div>\n<\/div>\n<\/div>\n<\/div>\n<\/article>\n<div class=\"pointer-events-none h-px w-px\" aria-hidden=\"true\" data-edge=\"true\"><\/div>\n","protected":false},"excerpt":{"rendered":"<p>St\u00f3\u0142 rozk\u0142adany <strong data-start=\"74\" data-end=\"81\">Kam<\/strong> to elegancki i funkcjonalny mebel, idealny do kuchni lub jadalni. Dzi\u0119ki swojej kompaktowej formie, st\u00f3\u0142 sprawdzi si\u0119 zar\u00f3wno w mniejszych, jak i wi\u0119kszych pomieszczeniach, a opcja rozk\u0142adania zapewnia dodatkow\u0105 przestronno\u015b\u0107, gdy zajdzie taka potrzeba. To mebel, kt\u00f3ry \u0142\u0105czy nowoczesny design z wygod\u0105 codziennego u\u017cytkowania.<\/p>\n","protected":false},"featured_media":31196,"template":"","meta":[],"product_brand":[710],"product_cat":[798,759,775,454,479,505,565],"product_tag":[],"class_list":{"0":"post-53083","1":"product","2":"type-product","3":"status-publish","4":"has-post-thumbnail","6":"product_brand-meble-kam","7":"product_cat-stoly-kuchenne-sklep","8":"product_cat-stoly-prostokatne","9":"product_cat-wszystko","10":"product_cat-meble-kam-mono","11":"product_cat-elementy-wykonczeniowe","12":"product_cat-stoly-kuchenne","13":"product_cat-stol-rozkladany","14":"product_shipping_class-wyspy-kam","16":"first","17":"instock","18":"shipping-taxable","19":"purchasable","20":"product-type-simple"},"yoast_head":"<!-- This site is optimized with the Yoast SEO Premium plugin v25.0 (Yoast SEO v25.0) - https:\/\/yoast.com\/wordpress\/plugins\/seo\/ -->\n<title>St\u00f3\u0142 Rozk\u0142adany do Kuchni i Jadalni<\/title>\n<meta name=\"description\" content=\"St\u00f3\u0142 Rozk\u0142adany do Kuchni i Jadalni prawdzi si\u0119 zar\u00f3wno w mniejszych, jak i wi\u0119kszych pomieszczeniach, a opcja rozk\u0142adania zapewnia dodatkow\u0105 przestronno\u015b\u0107\" \/>\n<meta name=\"robots\" content=\"index, follow, max-snippet:-1, max-image-preview:large, max-video-preview:-1\" \/>\n<link rel=\"canonical\" href=\"https:\/\/meblekuchenne.pl\/sklep\/product\/stol-rozkladany-do-kuchni-jadalni-100-150x80-kolory-meble-kam\/\" \/>\n<meta property=\"og:locale\" content=\"pl_PL\" \/>\n<meta property=\"og:type\" content=\"article\" \/>\n<meta property=\"og:title\" content=\"St\u00f3\u0142 rozk\u0142adany do kuchni - jadalni 100\/150x80 - kolory - meble Kam\" \/>\n<meta property=\"og:description\" content=\"St\u00f3\u0142 Rozk\u0142adany do Kuchni i Jadalni prawdzi si\u0119 zar\u00f3wno w mniejszych, jak i wi\u0119kszych pomieszczeniach, a opcja rozk\u0142adania zapewnia dodatkow\u0105 przestronno\u015b\u0107\" \/>\n<meta property=\"og:url\" content=\"https:\/\/meblekuchenne.pl\/sklep\/product\/stol-rozkladany-do-kuchni-jadalni-100-150x80-kolory-meble-kam\/\" \/>\n<meta property=\"og:site_name\" content=\"MebleKuchenne.PL - SKLEP\" \/>\n<meta property=\"article:modified_time\" content=\"2026-04-10T08:42:06+00:00\" \/>\n<meta property=\"og:image\" content=\"https:\/\/meblekuchenne.pl\/sklep\/wp-content\/uploads\/2025\/02\/page46_img1_1_w-1.webp\" \/>\n\t<meta property=\"og:image:width\" content=\"856\" \/>\n\t<meta property=\"og:image:height\" content=\"476\" \/>\n\t<meta property=\"og:image:type\" content=\"image\/webp\" \/>\n<meta name=\"twitter:card\" content=\"summary_large_image\" \/>\n<meta name=\"twitter:label1\" content=\"Cena\" \/>\n\t<meta name=\"twitter:data1\" content=\"1051,00&nbsp;&#122;&#322;\" \/>\n\t<meta name=\"twitter:label2\" content=\"Dost\u0119pno\u015b\u0107\" \/>\n\t<meta name=\"twitter:data2\" content=\"Dost\u0119pny\" \/>\n<script type=\"application\/ld+json\" class=\"yoast-schema-graph\">{\"@context\":\"https:\/\/schema.org\",\"@graph\":[{\"@type\":\"WebPage\",\"@id\":\"https:\/\/meblekuchenne.pl\/sklep\/product\/stol-rozkladany-do-kuchni-jadalni-100-150x80-kolory-meble-kam\/\",\"url\":\"https:\/\/meblekuchenne.pl\/sklep\/product\/stol-rozkladany-do-kuchni-jadalni-100-150x80-kolory-meble-kam\/\",\"name\":\"St\u00f3\u0142 Rozk\u0142adany do Kuchni i Jadalni\",\"isPartOf\":{\"@id\":\"https:\/\/meblekuchenne.pl\/sklep\/#website\"},\"primaryImageOfPage\":{\"@id\":\"https:\/\/meblekuchenne.pl\/sklep\/product\/stol-rozkladany-do-kuchni-jadalni-100-150x80-kolory-meble-kam\/#primaryimage\"},\"image\":{\"@id\":\"https:\/\/meblekuchenne.pl\/sklep\/product\/stol-rozkladany-do-kuchni-jadalni-100-150x80-kolory-meble-kam\/#primaryimage\"},\"thumbnailUrl\":\"https:\/\/meblekuchenne.pl\/sklep\/wp-content\/uploads\/2025\/02\/page46_img1_1_w-1.webp\",\"datePublished\":\"2025-02-21T19:29:06+00:00\",\"dateModified\":\"2026-04-10T08:42:06+00:00\",\"description\":\"St\u00f3\u0142 Rozk\u0142adany do Kuchni i Jadalni prawdzi si\u0119 zar\u00f3wno w mniejszych, jak i wi\u0119kszych pomieszczeniach, a opcja rozk\u0142adania zapewnia dodatkow\u0105 przestronno\u015b\u0107\",\"breadcrumb\":{\"@id\":\"https:\/\/meblekuchenne.pl\/sklep\/product\/stol-rozkladany-do-kuchni-jadalni-100-150x80-kolory-meble-kam\/#breadcrumb\"},\"inLanguage\":\"pl-PL\",\"potentialAction\":[{\"@type\":\"ReadAction\",\"target\":[\"https:\/\/meblekuchenne.pl\/sklep\/product\/stol-rozkladany-do-kuchni-jadalni-100-150x80-kolory-meble-kam\/\"]}]},{\"@type\":\"ImageObject\",\"inLanguage\":\"pl-PL\",\"@id\":\"https:\/\/meblekuchenne.pl\/sklep\/product\/stol-rozkladany-do-kuchni-jadalni-100-150x80-kolory-meble-kam\/#primaryimage\",\"url\":\"https:\/\/meblekuchenne.pl\/sklep\/wp-content\/uploads\/2025\/02\/page46_img1_1_w-1.webp\",\"contentUrl\":\"https:\/\/meblekuchenne.pl\/sklep\/wp-content\/uploads\/2025\/02\/page46_img1_1_w-1.webp\",\"width\":856,\"height\":476},{\"@type\":\"BreadcrumbList\",\"@id\":\"https:\/\/meblekuchenne.pl\/sklep\/product\/stol-rozkladany-do-kuchni-jadalni-100-150x80-kolory-meble-kam\/#breadcrumb\",\"itemListElement\":[{\"@type\":\"ListItem\",\"position\":1,\"name\":\"Strona g\u0142\u00f3wna\",\"item\":\"https:\/\/meblekuchenne.pl\/sklep\/\"},{\"@type\":\"ListItem\",\"position\":2,\"name\":\"Sklep\",\"item\":\"https:\/\/meblekuchenne.pl\/sklep\/sklep\/\"},{\"@type\":\"ListItem\",\"position\":3,\"name\":\"St\u00f3\u0142 rozk\u0142adany do kuchni &#8211; jadalni 100\/150&#215;80 &#8211; kolory &#8211; meble Kam\"}]},{\"@type\":\"WebSite\",\"@id\":\"https:\/\/meblekuchenne.pl\/sklep\/#website\",\"url\":\"https:\/\/meblekuchenne.pl\/sklep\/\",\"name\":\"MebleKuchenne.PL - SKLEP\",\"description\":\"\",\"publisher\":{\"@id\":\"https:\/\/meblekuchenne.pl\/sklep\/#organization\"},\"potentialAction\":[{\"@type\":\"SearchAction\",\"target\":{\"@type\":\"EntryPoint\",\"urlTemplate\":\"https:\/\/meblekuchenne.pl\/sklep\/?s={search_term_string}\"},\"query-input\":{\"@type\":\"PropertyValueSpecification\",\"valueRequired\":true,\"valueName\":\"search_term_string\"}}],\"inLanguage\":\"pl-PL\"},{\"@type\":\"Organization\",\"@id\":\"https:\/\/meblekuchenne.pl\/sklep\/#organization\",\"name\":\"MebleKuchenne.PL - SKLEP\",\"url\":\"https:\/\/meblekuchenne.pl\/sklep\/\",\"logo\":{\"@type\":\"ImageObject\",\"inLanguage\":\"pl-PL\",\"@id\":\"https:\/\/meblekuchenne.pl\/sklep\/#\/schema\/logo\/image\/\",\"url\":\"https:\/\/meblekuchenne.pl\/sklep\/wp-content\/uploads\/2025\/06\/cropped-cropped-logo.webp\",\"contentUrl\":\"https:\/\/meblekuchenne.pl\/sklep\/wp-content\/uploads\/2025\/06\/cropped-cropped-logo.webp\",\"width\":735,\"height\":715,\"caption\":\"MebleKuchenne.PL - SKLEP\"},\"image\":{\"@id\":\"https:\/\/meblekuchenne.pl\/sklep\/#\/schema\/logo\/image\/\"}}]}<\/script>\n<meta property=\"product:price:amount\" content=\"1051.00\" \/>\n<meta property=\"product:price:currency\" content=\"PLN\" \/>\n<meta property=\"og:availability\" content=\"instock\" \/>\n<meta property=\"product:availability\" content=\"instock\" \/>\n<meta property=\"product:condition\" content=\"new\" \/>\n<!-- \/ Yoast SEO Premium plugin. -->","yoast_head_json":{"title":"St\u00f3\u0142 Rozk\u0142adany do Kuchni i Jadalni","description":"St\u00f3\u0142 Rozk\u0142adany do Kuchni i Jadalni prawdzi si\u0119 zar\u00f3wno w mniejszych, jak i wi\u0119kszych pomieszczeniach, a opcja rozk\u0142adania zapewnia dodatkow\u0105 przestronno\u015b\u0107","robots":{"index":"index","follow":"follow","max-snippet":"max-snippet:-1","max-image-preview":"max-image-preview:large","max-video-preview":"max-video-preview:-1"},"canonical":"https:\/\/meblekuchenne.pl\/sklep\/product\/stol-rozkladany-do-kuchni-jadalni-100-150x80-kolory-meble-kam\/","og_locale":"pl_PL","og_type":"article","og_title":"St\u00f3\u0142 rozk\u0142adany do kuchni - jadalni 100\/150x80 - kolory - meble Kam","og_description":"St\u00f3\u0142 Rozk\u0142adany do Kuchni i Jadalni prawdzi si\u0119 zar\u00f3wno w mniejszych, jak i wi\u0119kszych pomieszczeniach, a opcja rozk\u0142adania zapewnia dodatkow\u0105 przestronno\u015b\u0107","og_url":"https:\/\/meblekuchenne.pl\/sklep\/product\/stol-rozkladany-do-kuchni-jadalni-100-150x80-kolory-meble-kam\/","og_site_name":"MebleKuchenne.PL - SKLEP","article_modified_time":"2026-04-10T08:42:06+00:00","og_image":[{"width":856,"height":476,"url":"https:\/\/meblekuchenne.pl\/sklep\/wp-content\/uploads\/2025\/02\/page46_img1_1_w-1.webp","type":"image\/webp"}],"twitter_card":"summary_large_image","twitter_misc":{"Cena":"1051,00&nbsp;&#122;&#322;","Dost\u0119pno\u015b\u0107":"Dost\u0119pny"},"schema":{"@context":"https:\/\/schema.org","@graph":[{"@type":"WebPage","@id":"https:\/\/meblekuchenne.pl\/sklep\/product\/stol-rozkladany-do-kuchni-jadalni-100-150x80-kolory-meble-kam\/","url":"https:\/\/meblekuchenne.pl\/sklep\/product\/stol-rozkladany-do-kuchni-jadalni-100-150x80-kolory-meble-kam\/","name":"St\u00f3\u0142 Rozk\u0142adany do Kuchni i Jadalni","isPartOf":{"@id":"https:\/\/meblekuchenne.pl\/sklep\/#website"},"primaryImageOfPage":{"@id":"https:\/\/meblekuchenne.pl\/sklep\/product\/stol-rozkladany-do-kuchni-jadalni-100-150x80-kolory-meble-kam\/#primaryimage"},"image":{"@id":"https:\/\/meblekuchenne.pl\/sklep\/product\/stol-rozkladany-do-kuchni-jadalni-100-150x80-kolory-meble-kam\/#primaryimage"},"thumbnailUrl":"https:\/\/meblekuchenne.pl\/sklep\/wp-content\/uploads\/2025\/02\/page46_img1_1_w-1.webp","datePublished":"2025-02-21T19:29:06+00:00","dateModified":"2026-04-10T08:42:06+00:00","description":"St\u00f3\u0142 Rozk\u0142adany do Kuchni i Jadalni prawdzi si\u0119 zar\u00f3wno w mniejszych, jak i wi\u0119kszych pomieszczeniach, a opcja rozk\u0142adania zapewnia dodatkow\u0105 przestronno\u015b\u0107","breadcrumb":{"@id":"https:\/\/meblekuchenne.pl\/sklep\/product\/stol-rozkladany-do-kuchni-jadalni-100-150x80-kolory-meble-kam\/#breadcrumb"},"inLanguage":"pl-PL","potentialAction":[{"@type":"ReadAction","target":["https:\/\/meblekuchenne.pl\/sklep\/product\/stol-rozkladany-do-kuchni-jadalni-100-150x80-kolory-meble-kam\/"]}]},{"@type":"ImageObject","inLanguage":"pl-PL","@id":"https:\/\/meblekuchenne.pl\/sklep\/product\/stol-rozkladany-do-kuchni-jadalni-100-150x80-kolory-meble-kam\/#primaryimage","url":"https:\/\/meblekuchenne.pl\/sklep\/wp-content\/uploads\/2025\/02\/page46_img1_1_w-1.webp","contentUrl":"https:\/\/meblekuchenne.pl\/sklep\/wp-content\/uploads\/2025\/02\/page46_img1_1_w-1.webp","width":856,"height":476},{"@type":"BreadcrumbList","@id":"https:\/\/meblekuchenne.pl\/sklep\/product\/stol-rozkladany-do-kuchni-jadalni-100-150x80-kolory-meble-kam\/#breadcrumb","itemListElement":[{"@type":"ListItem","position":1,"name":"Strona g\u0142\u00f3wna","item":"https:\/\/meblekuchenne.pl\/sklep\/"},{"@type":"ListItem","position":2,"name":"Sklep","item":"https:\/\/meblekuchenne.pl\/sklep\/sklep\/"},{"@type":"ListItem","position":3,"name":"St\u00f3\u0142 rozk\u0142adany do kuchni &#8211; jadalni 100\/150&#215;80 &#8211; kolory &#8211; meble Kam"}]},{"@type":"WebSite","@id":"https:\/\/meblekuchenne.pl\/sklep\/#website","url":"https:\/\/meblekuchenne.pl\/sklep\/","name":"MebleKuchenne.PL - SKLEP","description":"","publisher":{"@id":"https:\/\/meblekuchenne.pl\/sklep\/#organization"},"potentialAction":[{"@type":"SearchAction","target":{"@type":"EntryPoint","urlTemplate":"https:\/\/meblekuchenne.pl\/sklep\/?s={search_term_string}"},"query-input":{"@type":"PropertyValueSpecification","valueRequired":true,"valueName":"search_term_string"}}],"inLanguage":"pl-PL"},{"@type":"Organization","@id":"https:\/\/meblekuchenne.pl\/sklep\/#organization","name":"MebleKuchenne.PL - SKLEP","url":"https:\/\/meblekuchenne.pl\/sklep\/","logo":{"@type":"ImageObject","inLanguage":"pl-PL","@id":"https:\/\/meblekuchenne.pl\/sklep\/#\/schema\/logo\/image\/","url":"https:\/\/meblekuchenne.pl\/sklep\/wp-content\/uploads\/2025\/06\/cropped-cropped-logo.webp","contentUrl":"https:\/\/meblekuchenne.pl\/sklep\/wp-content\/uploads\/2025\/06\/cropped-cropped-logo.webp","width":735,"height":715,"caption":"MebleKuchenne.PL - SKLEP"},"image":{"@id":"https:\/\/meblekuchenne.pl\/sklep\/#\/schema\/logo\/image\/"}}]},"product_price_amount":"1051.00","product_price_currency":"PLN","og_availability":"instock","product_availability":"instock","product_condition":"new"},"_links":{"self":[{"href":"https:\/\/meblekuchenne.pl\/sklep\/wp-json\/wp\/v2\/product\/53083","targetHints":{"allow":["GET"]}}],"collection":[{"href":"https:\/\/meblekuchenne.pl\/sklep\/wp-json\/wp\/v2\/product"}],"about":[{"href":"https:\/\/meblekuchenne.pl\/sklep\/wp-json\/wp\/v2\/types\/product"}],"wp:featuredmedia":[{"embeddable":true,"href":"https:\/\/meblekuchenne.pl\/sklep\/wp-json\/wp\/v2\/media\/31196"}],"wp:attachment":[{"href":"https:\/\/meblekuchenne.pl\/sklep\/wp-json\/wp\/v2\/media?parent=53083"}],"wp:term":[{"taxonomy":"product_brand","embeddable":true,"href":"https:\/\/meblekuchenne.pl\/sklep\/wp-json\/wp\/v2\/product_brand?post=53083"},{"taxonomy":"product_cat","embeddable":true,"href":"https:\/\/meblekuchenne.pl\/sklep\/wp-json\/wp\/v2\/product_cat?post=53083"},{"taxonomy":"product_tag","embeddable":true,"href":"https:\/\/meblekuchenne.pl\/sklep\/wp-json\/wp\/v2\/product_tag?post=53083"}],"curies":[{"name":"wp","href":"https:\/\/api.w.org\/{rel}","templated":true}]}}