{"id":53082,"date":"2025-02-21T20:29:05","date_gmt":"2025-02-21T19:29:05","guid":{"rendered":"https:\/\/meblekuchenne.pl\/sklep\/?post_type=product&#038;p=53082"},"modified":"2026-04-01T13:39:59","modified_gmt":"2026-04-01T11:39:59","slug":"lamele-komplet-5-szt-formatek-kam","status":"publish","type":"product","link":"https:\/\/meblekuchenne.pl\/sklep\/product\/lamele-komplet-5-szt-formatek-kam\/","title":{"rendered":"Lamele &#8211; komplet 5 szt. formatek &#8211; Kam"},"content":{"rendered":"<h2 data-start=\"0\" data-end=\"43\">Lamele &#8211; Komplet 5 Sztuk Formatek &#8211; Kam<\/h2>\n<p>Lamele &#8211; szer. 5 x 7,6 cm, g\u0142. 1,8 cm, wys. 275 cm<\/p>\n<p class=\"\" data-start=\"45\" data-end=\"404\">Lamele to eleganckie i funkcjonalne rozwi\u0105zanie do nowoczesnych wn\u0119trz, kt\u00f3re doskonale sprawdza si\u0119 w kuchniach, jadalniach i salonach. Komplet sk\u0142ada si\u0119 z 5 formatek, kt\u00f3re mo\u017cna wykorzysta\u0107 do dekoracyjnych akcent\u00f3w \u015bcian lub jako elementy podzia\u0142u przestrzeni. Dzi\u0119ki swojej prostej, ale efektownej formie, idealnie wpisuj\u0105 si\u0119 w r\u00f3\u017cne style aran\u017cacyjne.<\/p>\n<h3 data-start=\"406\" data-end=\"432\">Wyj\u0105tkowe wybarwienia<\/h3>\n<p class=\"\" data-start=\"433\" data-end=\"675\">Lamele Kam dost\u0119pne s\u0105 w szerokiej gamie kolorystycznej, co pozwala na idealne dopasowanie do indywidualnych potrzeb oraz preferencji. Wyb\u00f3r z grupy P2 obejmuje eleganckie wyko\u0144czenia, kt\u00f3re wprowadz\u0105 do wn\u0119trza nowoczesny, loftowy charakter.<\/p>\n<p class=\"\" data-start=\"677\" data-end=\"698\">Dost\u0119pne wybarwienia:<\/p>\n<ul data-start=\"699\" data-end=\"962\">\n<li class=\"\" data-start=\"699\" data-end=\"718\">\n<p class=\"\" data-start=\"701\" data-end=\"718\"><strong data-start=\"701\" data-end=\"718\">San Sebastian<\/strong><\/p>\n<\/li>\n<li class=\"\" data-start=\"719\" data-end=\"737\">\n<p class=\"\" data-start=\"721\" data-end=\"737\"><strong data-start=\"721\" data-end=\"737\">D\u0105b Nebraska<\/strong><\/p>\n<\/li>\n<li class=\"\" data-start=\"738\" data-end=\"751\">\n<p class=\"\" data-start=\"740\" data-end=\"751\"><strong data-start=\"740\" data-end=\"751\">Jode\u0142ka<\/strong><\/p>\n<\/li>\n<li class=\"\" data-start=\"752\" data-end=\"775\">\n<p class=\"\" data-start=\"754\" data-end=\"775\"><strong data-start=\"754\" data-end=\"775\">Beton Ciemnoszary<\/strong><\/p>\n<\/li>\n<li class=\"\" data-start=\"776\" data-end=\"798\">\n<p class=\"\" data-start=\"778\" data-end=\"798\"><strong data-start=\"778\" data-end=\"798\">Beton Jasnoszary<\/strong><\/p>\n<\/li>\n<li class=\"\" data-start=\"799\" data-end=\"815\">\n<p class=\"\" data-start=\"801\" data-end=\"815\"><strong data-start=\"801\" data-end=\"815\">D\u0105b Estana<\/strong><\/p>\n<\/li>\n<li class=\"\" data-start=\"816\" data-end=\"831\">\n<p class=\"\" data-start=\"818\" data-end=\"831\"><strong data-start=\"818\" data-end=\"831\">D\u0105b Z\u0142oty<\/strong><\/p>\n<\/li>\n<li class=\"\" data-start=\"832\" data-end=\"848\">\n<p class=\"\" data-start=\"834\" data-end=\"848\"><strong data-start=\"834\" data-end=\"848\">D\u0105b Hikora<\/strong><\/p>\n<\/li>\n<li class=\"\" data-start=\"849\" data-end=\"868\">\n<p class=\"\" data-start=\"851\" data-end=\"868\"><strong data-start=\"851\" data-end=\"868\">D\u0105b Arlington<\/strong><\/p>\n<\/li>\n<li class=\"\" data-start=\"869\" data-end=\"891\">\n<p class=\"\" data-start=\"871\" data-end=\"891\"><strong data-start=\"871\" data-end=\"891\">Marmur Calacatta<\/strong><\/p>\n<\/li>\n<li class=\"\" data-start=\"892\" data-end=\"909\">\n<p class=\"\" data-start=\"894\" data-end=\"909\"><strong data-start=\"894\" data-end=\"909\">D\u0105b Belmont<\/strong><\/p>\n<\/li>\n<li class=\"\" data-start=\"910\" data-end=\"927\">\n<p class=\"\" data-start=\"912\" data-end=\"927\"><strong data-start=\"912\" data-end=\"927\">D\u0105b Vicenza<\/strong><\/p>\n<\/li>\n<li class=\"\" data-start=\"928\" data-end=\"941\">\n<p class=\"\" data-start=\"930\" data-end=\"941\"><strong data-start=\"930\" data-end=\"941\">Kaszmir<\/strong><\/p>\n<\/li>\n<li class=\"\" data-start=\"942\" data-end=\"962\">\n<p class=\"\" data-start=\"944\" data-end=\"962\"><strong data-start=\"944\" data-end=\"962\">Marmur Crystal<\/strong><\/p>\n<\/li>\n<\/ul>\n<h3 data-start=\"964\" data-end=\"994\">Funkcjonalno\u015b\u0107 i estetyka<\/h3>\n<p class=\"\" data-start=\"995\" data-end=\"1272\">Lamele &#8211; Komplet 5 Sztuk Formatek to doskona\u0142y wyb\u00f3r do nowoczesnych wn\u0119trz, kt\u00f3re wymagaj\u0105 eleganckiego, a zarazem praktycznego rozwi\u0105zania. Dzi\u0119ki r\u00f3\u017cnorodno\u015bci wybarwie\u0144 mo\u017cesz stworzy\u0107 subtelne akcenty dekoracyjne lub wyr\u00f3\u017cniaj\u0105ce si\u0119 elementy, kt\u00f3re wprowadz\u0105 do przestrzeni ciep\u0142o i charakter.<\/p>\n<p class=\"\" data-start=\"1274\" data-end=\"1424\">Optymalizowane pod k\u0105tem <strong data-start=\"1299\" data-end=\"1313\">kuchni KAM<\/strong>, <strong data-start=\"1315\" data-end=\"1328\">mebli KAM<\/strong> i <strong data-start=\"1331\" data-end=\"1342\">KAMMONO<\/strong>, lamele Kam to doskona\u0142y wyb\u00f3r, kt\u00f3ry \u0142\u0105czy funkcjonalno\u015b\u0107 z eleganckim wygl\u0105dem.<\/p>\n","protected":false},"excerpt":{"rendered":"<p>Lamele to eleganckie i funkcjonalne rozwi\u0105zanie do nowoczesnych wn\u0119trz, kt\u00f3re doskonale sprawdza si\u0119 w kuchniach, jadalniach i salonach. Komplet sk\u0142ada si\u0119 z 5 formatek, kt\u00f3re mo\u017cna wykorzysta\u0107 do dekoracyjnych akcent\u00f3w \u015bcian lub jako elementy podzia\u0142u przestrzeni. Dzi\u0119ki swojej prostej, ale efektownej formie, idealnie wpisuj\u0105 si\u0119 w r\u00f3\u017cne style aran\u017cacyjne.<\/p>\n","protected":false},"featured_media":31195,"template":"","meta":[],"product_brand":[710],"product_cat":[799,800,775,634,454,479,504],"product_tag":[],"class_list":{"0":"post-53082","1":"product","2":"type-product","3":"status-publish","4":"has-post-thumbnail","6":"product_brand-meble-kam","7":"product_cat-elementy-wykonczeniowe-sklep","8":"product_cat-lamele-sklep","9":"product_cat-wszystko","10":"product_cat-elementy-wykonczeniowe-2","11":"product_cat-meble-kam-mono","12":"product_cat-elementy-wykonczeniowe","13":"product_cat-lamele","14":"product_shipping_class-akcesoria-kam","16":"first","17":"instock","18":"shipping-taxable","19":"purchasable","20":"product-type-simple"},"yoast_head":"<!-- This site is optimized with the Yoast SEO Premium plugin v25.0 (Yoast SEO v25.0) - https:\/\/yoast.com\/wordpress\/plugins\/seo\/ -->\n<title>Lamele - Komplet 5 Sztuk Formatek<\/title>\n<meta name=\"description\" content=\"Lamele - Komplet 5 Sztuk Formatek to eleganckie i rozwi\u0105zanie do nowoczesnych wn\u0119trz, kt\u00f3re doskonale sprawdza si\u0119 w kuchniach, jadalniach i salonach\" \/>\n<meta name=\"robots\" content=\"index, follow, max-snippet:-1, max-image-preview:large, max-video-preview:-1\" \/>\n<link rel=\"canonical\" href=\"https:\/\/meblekuchenne.pl\/sklep\/product\/lamele-komplet-5-szt-formatek-kam\/\" \/>\n<meta property=\"og:locale\" content=\"pl_PL\" \/>\n<meta property=\"og:type\" content=\"article\" \/>\n<meta property=\"og:title\" content=\"Lamele - komplet 5 szt. formatek - Kam\" \/>\n<meta property=\"og:description\" content=\"Lamele - Komplet 5 Sztuk Formatek to eleganckie i rozwi\u0105zanie do nowoczesnych wn\u0119trz, kt\u00f3re doskonale sprawdza si\u0119 w kuchniach, jadalniach i salonach\" \/>\n<meta property=\"og:url\" content=\"https:\/\/meblekuchenne.pl\/sklep\/product\/lamele-komplet-5-szt-formatek-kam\/\" \/>\n<meta property=\"og:site_name\" content=\"MebleKuchenne.PL - SKLEP\" \/>\n<meta property=\"article:modified_time\" content=\"2026-04-01T11:39:59+00:00\" \/>\n<meta property=\"og:image\" content=\"https:\/\/meblekuchenne.pl\/sklep\/wp-content\/uploads\/2025\/02\/page47_img1_1_w-1.webp\" \/>\n\t<meta property=\"og:image:width\" content=\"856\" \/>\n\t<meta property=\"og:image:height\" content=\"476\" \/>\n\t<meta property=\"og:image:type\" content=\"image\/webp\" \/>\n<meta name=\"twitter:card\" content=\"summary_large_image\" \/>\n<meta name=\"twitter:label1\" content=\"Cena\" \/>\n\t<meta name=\"twitter:data1\" content=\"220,00&nbsp;&#122;&#322;\" \/>\n\t<meta name=\"twitter:label2\" content=\"Dost\u0119pno\u015b\u0107\" \/>\n\t<meta name=\"twitter:data2\" content=\"Dost\u0119pny\" \/>\n<script type=\"application\/ld+json\" class=\"yoast-schema-graph\">{\"@context\":\"https:\/\/schema.org\",\"@graph\":[{\"@type\":\"WebPage\",\"@id\":\"https:\/\/meblekuchenne.pl\/sklep\/product\/lamele-komplet-5-szt-formatek-kam\/\",\"url\":\"https:\/\/meblekuchenne.pl\/sklep\/product\/lamele-komplet-5-szt-formatek-kam\/\",\"name\":\"Lamele - Komplet 5 Sztuk Formatek\",\"isPartOf\":{\"@id\":\"https:\/\/meblekuchenne.pl\/sklep\/#website\"},\"primaryImageOfPage\":{\"@id\":\"https:\/\/meblekuchenne.pl\/sklep\/product\/lamele-komplet-5-szt-formatek-kam\/#primaryimage\"},\"image\":{\"@id\":\"https:\/\/meblekuchenne.pl\/sklep\/product\/lamele-komplet-5-szt-formatek-kam\/#primaryimage\"},\"thumbnailUrl\":\"https:\/\/meblekuchenne.pl\/sklep\/wp-content\/uploads\/2025\/02\/page47_img1_1_w-1.webp\",\"datePublished\":\"2025-02-21T19:29:05+00:00\",\"dateModified\":\"2026-04-01T11:39:59+00:00\",\"description\":\"Lamele - Komplet 5 Sztuk Formatek to eleganckie i rozwi\u0105zanie do nowoczesnych wn\u0119trz, kt\u00f3re doskonale sprawdza si\u0119 w kuchniach, jadalniach i salonach\",\"breadcrumb\":{\"@id\":\"https:\/\/meblekuchenne.pl\/sklep\/product\/lamele-komplet-5-szt-formatek-kam\/#breadcrumb\"},\"inLanguage\":\"pl-PL\",\"potentialAction\":[{\"@type\":\"ReadAction\",\"target\":[\"https:\/\/meblekuchenne.pl\/sklep\/product\/lamele-komplet-5-szt-formatek-kam\/\"]}]},{\"@type\":\"ImageObject\",\"inLanguage\":\"pl-PL\",\"@id\":\"https:\/\/meblekuchenne.pl\/sklep\/product\/lamele-komplet-5-szt-formatek-kam\/#primaryimage\",\"url\":\"https:\/\/meblekuchenne.pl\/sklep\/wp-content\/uploads\/2025\/02\/page47_img1_1_w-1.webp\",\"contentUrl\":\"https:\/\/meblekuchenne.pl\/sklep\/wp-content\/uploads\/2025\/02\/page47_img1_1_w-1.webp\",\"width\":856,\"height\":476},{\"@type\":\"BreadcrumbList\",\"@id\":\"https:\/\/meblekuchenne.pl\/sklep\/product\/lamele-komplet-5-szt-formatek-kam\/#breadcrumb\",\"itemListElement\":[{\"@type\":\"ListItem\",\"position\":1,\"name\":\"Strona g\u0142\u00f3wna\",\"item\":\"https:\/\/meblekuchenne.pl\/sklep\/\"},{\"@type\":\"ListItem\",\"position\":2,\"name\":\"Sklep\",\"item\":\"https:\/\/meblekuchenne.pl\/sklep\/sklep\/\"},{\"@type\":\"ListItem\",\"position\":3,\"name\":\"Lamele &#8211; komplet 5 szt. formatek &#8211; Kam\"}]},{\"@type\":\"WebSite\",\"@id\":\"https:\/\/meblekuchenne.pl\/sklep\/#website\",\"url\":\"https:\/\/meblekuchenne.pl\/sklep\/\",\"name\":\"MebleKuchenne.PL - SKLEP\",\"description\":\"\",\"publisher\":{\"@id\":\"https:\/\/meblekuchenne.pl\/sklep\/#organization\"},\"potentialAction\":[{\"@type\":\"SearchAction\",\"target\":{\"@type\":\"EntryPoint\",\"urlTemplate\":\"https:\/\/meblekuchenne.pl\/sklep\/?s={search_term_string}\"},\"query-input\":{\"@type\":\"PropertyValueSpecification\",\"valueRequired\":true,\"valueName\":\"search_term_string\"}}],\"inLanguage\":\"pl-PL\"},{\"@type\":\"Organization\",\"@id\":\"https:\/\/meblekuchenne.pl\/sklep\/#organization\",\"name\":\"MebleKuchenne.PL - SKLEP\",\"url\":\"https:\/\/meblekuchenne.pl\/sklep\/\",\"logo\":{\"@type\":\"ImageObject\",\"inLanguage\":\"pl-PL\",\"@id\":\"https:\/\/meblekuchenne.pl\/sklep\/#\/schema\/logo\/image\/\",\"url\":\"https:\/\/meblekuchenne.pl\/sklep\/wp-content\/uploads\/2025\/06\/cropped-cropped-logo.webp\",\"contentUrl\":\"https:\/\/meblekuchenne.pl\/sklep\/wp-content\/uploads\/2025\/06\/cropped-cropped-logo.webp\",\"width\":735,\"height\":715,\"caption\":\"MebleKuchenne.PL - SKLEP\"},\"image\":{\"@id\":\"https:\/\/meblekuchenne.pl\/sklep\/#\/schema\/logo\/image\/\"}}]}<\/script>\n<meta property=\"product:price:amount\" content=\"220.00\" \/>\n<meta property=\"product:price:currency\" content=\"PLN\" \/>\n<meta property=\"og:availability\" content=\"instock\" \/>\n<meta property=\"product:availability\" content=\"instock\" \/>\n<meta property=\"product:condition\" content=\"new\" \/>\n<!-- \/ Yoast SEO Premium plugin. -->","yoast_head_json":{"title":"Lamele - Komplet 5 Sztuk Formatek","description":"Lamele - Komplet 5 Sztuk Formatek to eleganckie i rozwi\u0105zanie do nowoczesnych wn\u0119trz, kt\u00f3re doskonale sprawdza si\u0119 w kuchniach, jadalniach i salonach","robots":{"index":"index","follow":"follow","max-snippet":"max-snippet:-1","max-image-preview":"max-image-preview:large","max-video-preview":"max-video-preview:-1"},"canonical":"https:\/\/meblekuchenne.pl\/sklep\/product\/lamele-komplet-5-szt-formatek-kam\/","og_locale":"pl_PL","og_type":"article","og_title":"Lamele - komplet 5 szt. formatek - Kam","og_description":"Lamele - Komplet 5 Sztuk Formatek to eleganckie i rozwi\u0105zanie do nowoczesnych wn\u0119trz, kt\u00f3re doskonale sprawdza si\u0119 w kuchniach, jadalniach i salonach","og_url":"https:\/\/meblekuchenne.pl\/sklep\/product\/lamele-komplet-5-szt-formatek-kam\/","og_site_name":"MebleKuchenne.PL - SKLEP","article_modified_time":"2026-04-01T11:39:59+00:00","og_image":[{"width":856,"height":476,"url":"https:\/\/meblekuchenne.pl\/sklep\/wp-content\/uploads\/2025\/02\/page47_img1_1_w-1.webp","type":"image\/webp"}],"twitter_card":"summary_large_image","twitter_misc":{"Cena":"220,00&nbsp;&#122;&#322;","Dost\u0119pno\u015b\u0107":"Dost\u0119pny"},"schema":{"@context":"https:\/\/schema.org","@graph":[{"@type":"WebPage","@id":"https:\/\/meblekuchenne.pl\/sklep\/product\/lamele-komplet-5-szt-formatek-kam\/","url":"https:\/\/meblekuchenne.pl\/sklep\/product\/lamele-komplet-5-szt-formatek-kam\/","name":"Lamele - Komplet 5 Sztuk Formatek","isPartOf":{"@id":"https:\/\/meblekuchenne.pl\/sklep\/#website"},"primaryImageOfPage":{"@id":"https:\/\/meblekuchenne.pl\/sklep\/product\/lamele-komplet-5-szt-formatek-kam\/#primaryimage"},"image":{"@id":"https:\/\/meblekuchenne.pl\/sklep\/product\/lamele-komplet-5-szt-formatek-kam\/#primaryimage"},"thumbnailUrl":"https:\/\/meblekuchenne.pl\/sklep\/wp-content\/uploads\/2025\/02\/page47_img1_1_w-1.webp","datePublished":"2025-02-21T19:29:05+00:00","dateModified":"2026-04-01T11:39:59+00:00","description":"Lamele - Komplet 5 Sztuk Formatek to eleganckie i rozwi\u0105zanie do nowoczesnych wn\u0119trz, kt\u00f3re doskonale sprawdza si\u0119 w kuchniach, jadalniach i salonach","breadcrumb":{"@id":"https:\/\/meblekuchenne.pl\/sklep\/product\/lamele-komplet-5-szt-formatek-kam\/#breadcrumb"},"inLanguage":"pl-PL","potentialAction":[{"@type":"ReadAction","target":["https:\/\/meblekuchenne.pl\/sklep\/product\/lamele-komplet-5-szt-formatek-kam\/"]}]},{"@type":"ImageObject","inLanguage":"pl-PL","@id":"https:\/\/meblekuchenne.pl\/sklep\/product\/lamele-komplet-5-szt-formatek-kam\/#primaryimage","url":"https:\/\/meblekuchenne.pl\/sklep\/wp-content\/uploads\/2025\/02\/page47_img1_1_w-1.webp","contentUrl":"https:\/\/meblekuchenne.pl\/sklep\/wp-content\/uploads\/2025\/02\/page47_img1_1_w-1.webp","width":856,"height":476},{"@type":"BreadcrumbList","@id":"https:\/\/meblekuchenne.pl\/sklep\/product\/lamele-komplet-5-szt-formatek-kam\/#breadcrumb","itemListElement":[{"@type":"ListItem","position":1,"name":"Strona g\u0142\u00f3wna","item":"https:\/\/meblekuchenne.pl\/sklep\/"},{"@type":"ListItem","position":2,"name":"Sklep","item":"https:\/\/meblekuchenne.pl\/sklep\/sklep\/"},{"@type":"ListItem","position":3,"name":"Lamele &#8211; komplet 5 szt. formatek &#8211; Kam"}]},{"@type":"WebSite","@id":"https:\/\/meblekuchenne.pl\/sklep\/#website","url":"https:\/\/meblekuchenne.pl\/sklep\/","name":"MebleKuchenne.PL - SKLEP","description":"","publisher":{"@id":"https:\/\/meblekuchenne.pl\/sklep\/#organization"},"potentialAction":[{"@type":"SearchAction","target":{"@type":"EntryPoint","urlTemplate":"https:\/\/meblekuchenne.pl\/sklep\/?s={search_term_string}"},"query-input":{"@type":"PropertyValueSpecification","valueRequired":true,"valueName":"search_term_string"}}],"inLanguage":"pl-PL"},{"@type":"Organization","@id":"https:\/\/meblekuchenne.pl\/sklep\/#organization","name":"MebleKuchenne.PL - SKLEP","url":"https:\/\/meblekuchenne.pl\/sklep\/","logo":{"@type":"ImageObject","inLanguage":"pl-PL","@id":"https:\/\/meblekuchenne.pl\/sklep\/#\/schema\/logo\/image\/","url":"https:\/\/meblekuchenne.pl\/sklep\/wp-content\/uploads\/2025\/06\/cropped-cropped-logo.webp","contentUrl":"https:\/\/meblekuchenne.pl\/sklep\/wp-content\/uploads\/2025\/06\/cropped-cropped-logo.webp","width":735,"height":715,"caption":"MebleKuchenne.PL - SKLEP"},"image":{"@id":"https:\/\/meblekuchenne.pl\/sklep\/#\/schema\/logo\/image\/"}}]},"product_price_amount":"220.00","product_price_currency":"PLN","og_availability":"instock","product_availability":"instock","product_condition":"new"},"_links":{"self":[{"href":"https:\/\/meblekuchenne.pl\/sklep\/wp-json\/wp\/v2\/product\/53082","targetHints":{"allow":["GET"]}}],"collection":[{"href":"https:\/\/meblekuchenne.pl\/sklep\/wp-json\/wp\/v2\/product"}],"about":[{"href":"https:\/\/meblekuchenne.pl\/sklep\/wp-json\/wp\/v2\/types\/product"}],"wp:featuredmedia":[{"embeddable":true,"href":"https:\/\/meblekuchenne.pl\/sklep\/wp-json\/wp\/v2\/media\/31195"}],"wp:attachment":[{"href":"https:\/\/meblekuchenne.pl\/sklep\/wp-json\/wp\/v2\/media?parent=53082"}],"wp:term":[{"taxonomy":"product_brand","embeddable":true,"href":"https:\/\/meblekuchenne.pl\/sklep\/wp-json\/wp\/v2\/product_brand?post=53082"},{"taxonomy":"product_cat","embeddable":true,"href":"https:\/\/meblekuchenne.pl\/sklep\/wp-json\/wp\/v2\/product_cat?post=53082"},{"taxonomy":"product_tag","embeddable":true,"href":"https:\/\/meblekuchenne.pl\/sklep\/wp-json\/wp\/v2\/product_tag?post=53082"}],"curies":[{"name":"wp","href":"https:\/\/api.w.org\/{rel}","templated":true}]}}