{"id":53077,"date":"2025-02-21T20:29:03","date_gmt":"2025-02-21T19:29:03","guid":{"rendered":"https:\/\/meblekuchenne.pl\/sklep\/?post_type=product&#038;p=53077"},"modified":"2026-03-31T13:01:18","modified_gmt":"2026-03-31T11:01:18","slug":"hoker-czarny-loft-tapicerowane-siedzisko-i-oparcie-kam","status":"publish","type":"product","link":"https:\/\/meblekuchenne.pl\/sklep\/product\/hoker-czarny-loft-tapicerowane-siedzisko-i-oparcie-kam\/","title":{"rendered":"Hoker czarny &#8211; tapicerowane siedzisko i oparcie &#8211; Kam"},"content":{"rendered":"<h2 data-start=\"0\" data-end=\"72\"><strong data-start=\"4\" data-end=\"70\">Hoker czarny loft z tapicerowanym siedziskiem i oparciem \u2013 Kam<\/strong><\/h2>\n<p>Hoker kuchenny &#8211; szer. 35 cm, g\u0142. 35 cm, wys. 88 cm (siedzisko 60 cm)<\/p>\n<p class=\"\" data-start=\"74\" data-end=\"418\">Elegancki i wygodny <strong data-start=\"94\" data-end=\"115\">hoker czarny loft<\/strong> to doskona\u0142e rozwi\u0105zanie do nowoczesnych kuchni, jadalni oraz przestrzeni w stylu loftowym. Dzi\u0119ki <strong data-start=\"215\" data-end=\"253\">tapicerowanemu siedzisku i oparciu<\/strong>, zapewnia wyj\u0105tkowy komfort, a jego <strong data-start=\"290\" data-end=\"316\">czarny metalowy stela\u017c<\/strong> wprowadza industrialny charakter do wn\u0119trza. Idealny do wysokich blat\u00f3w kuchennych, wysp czy bar\u00f3w.<\/p>\n<h3 class=\"\" data-start=\"420\" data-end=\"450\"><strong data-start=\"424\" data-end=\"448\">Najwa\u017cniejsze cechy<\/strong><\/h3>\n<ul>\n<li data-start=\"451\" data-end=\"768\"><strong data-start=\"453\" data-end=\"472\">Wysoko\u015b\u0107: 60 cm<\/strong> \u2013 doskona\u0142y do wysp i bar\u00f3w kuchennych o standardowej wysoko\u015bci.<\/li>\n<li data-start=\"451\" data-end=\"768\"><strong data-start=\"542\" data-end=\"578\">Tapicerowane siedzisko i oparcie<\/strong> \u2013 zapewniaj\u0105 wygod\u0119 podczas siedzenia.<\/li>\n<li data-start=\"451\" data-end=\"768\"><strong data-start=\"622\" data-end=\"648\">Czarny metalowy stela\u017c<\/strong> \u2013 trwa\u0142y, elegancki i odporny na uszkodzenia.<\/li>\n<li data-start=\"451\" data-end=\"768\"><strong data-start=\"699\" data-end=\"715\">Styl loftowy<\/strong> \u2013 perfekcyjnie wpisuje si\u0119 w nowoczesne aran\u017cacje.<\/li>\n<\/ul>\n<h3 class=\"\" data-start=\"770\" data-end=\"806\"><strong data-start=\"774\" data-end=\"804\">Dost\u0119pne kolory tapicerki<\/strong><\/h3>\n<p class=\"\" data-start=\"807\" data-end=\"913\">Hoker dost\u0119pny jest w szerokiej gamie kolorystycznej, dzi\u0119ki czemu \u0142atwo dopasujesz go do swoich wn\u0119trz:<\/p>\n<ul data-start=\"941\" data-end=\"1032\">\n<li class=\"\" data-start=\"941\" data-end=\"951\">\n<p class=\"\" data-start=\"943\" data-end=\"951\">Be\u017cowy<\/p>\n<\/li>\n<li class=\"\" data-start=\"952\" data-end=\"962\">\n<p class=\"\" data-start=\"954\" data-end=\"962\">R\u00f3\u017cowy<\/p>\n<\/li>\n<li class=\"\" data-start=\"963\" data-end=\"972\">\n<p class=\"\" data-start=\"965\" data-end=\"972\">Z\u0142oty<\/p>\n<\/li>\n<li class=\"\" data-start=\"973\" data-end=\"985\">\n<p class=\"\" data-start=\"975\" data-end=\"985\">Czerwony<\/p>\n<\/li>\n<li class=\"\" data-start=\"986\" data-end=\"996\">\n<p class=\"\" data-start=\"988\" data-end=\"996\">Morski<\/p>\n<\/li>\n<li class=\"\" data-start=\"997\" data-end=\"1008\">\n<p class=\"\" data-start=\"999\" data-end=\"1008\">Zielony<\/p>\n<\/li>\n<li class=\"\" data-start=\"1009\" data-end=\"1018\">\n<p class=\"\" data-start=\"1011\" data-end=\"1018\">Szary<\/p>\n<\/li>\n<li class=\"\" data-start=\"1019\" data-end=\"1032\">\n<p class=\"\" data-start=\"1021\" data-end=\"1032\">Granatowy<\/p>\n<\/li>\n<li class=\"\" data-start=\"1052\" data-end=\"1061\">\n<p class=\"\" data-start=\"1054\" data-end=\"1061\">Ekosk\u00f3ra Szara<\/p>\n<\/li>\n<li class=\"\" data-start=\"1062\" data-end=\"1072\">\n<p class=\"\" data-start=\"1064\" data-end=\"1072\">Bazalt<\/p>\n<\/li>\n<li class=\"\" data-start=\"1073\" data-end=\"1083\">\n<p class=\"\" data-start=\"1075\" data-end=\"1083\">Czarny<\/p>\n<\/li>\n<\/ul>\n<h3 class=\"\" data-start=\"1085\" data-end=\"1136\"><strong data-start=\"1089\" data-end=\"1134\">Hoker &#8211; komfort i funkcjonalno\u015b\u0107 w stylu loftowym<\/strong><\/h3>\n<p class=\"\" data-start=\"1137\" data-end=\"1410\"><strong data-start=\"1137\" data-end=\"1158\">Hoker czarny loft<\/strong> z tapicerowanym siedziskiem i oparciem to \u015bwietny wyb\u00f3r dla os\u00f3b szukaj\u0105cych nie tylko stylowego, ale tak\u017ce wygodnego mebla do swojego wn\u0119trza. W po\u0142\u0105czeniu z meblami <strong data-start=\"1326\" data-end=\"1337\">KAMMONO<\/strong> tworzy harmonijn\u0105 przestrze\u0144, w kt\u00f3rej komfort i estetyka id\u0105 w parze.<\/p>\n<p class=\"\" data-start=\"1412\" data-end=\"1523\">Idealny do kuchni, jadalni, przestrzeni barowej lub wsz\u0119dzie tam, gdzie liczy si\u0119 nowoczesny, loftowy design.<\/p>\n","protected":false},"excerpt":{"rendered":"<p>Elegancki i wygodny <strong data-start=\"94\" data-end=\"115\">hoker czarny loft<\/strong> to doskona\u0142e rozwi\u0105zanie do nowoczesnych kuchni, jadalni oraz przestrzeni w stylu loftowym. Dzi\u0119ki <strong data-start=\"215\" data-end=\"253\">tapicerowanemu siedzisku i oparciu<\/strong>, zapewnia wyj\u0105tkowy komfort, a jego <strong data-start=\"290\" data-end=\"316\">czarny metalowy stela\u017c<\/strong> wprowadza industrialny charakter do wn\u0119trza. Idealny do wysokich blat\u00f3w kuchennych, wysp czy bar\u00f3w.<\/p>\n","protected":false},"featured_media":71633,"template":"","meta":[],"product_brand":[710],"product_cat":[797,775,454,479,507],"product_tag":[],"class_list":{"0":"post-53077","1":"product","2":"type-product","3":"status-publish","4":"has-post-thumbnail","6":"product_brand-meble-kam","7":"product_cat-hokery-do-kuchni-sklep","8":"product_cat-wszystko","9":"product_cat-meble-kam-mono","10":"product_cat-elementy-wykonczeniowe","11":"product_cat-hokery","12":"product_shipping_class-akcesoria-kam","14":"first","15":"instock","16":"shipping-taxable","17":"purchasable","18":"product-type-variable"},"yoast_head":"<!-- This site is optimized with the Yoast SEO Premium plugin v25.0 (Yoast SEO v25.0) - https:\/\/yoast.com\/wordpress\/plugins\/seo\/ -->\n<title>Hoker czarny loft<\/title>\n<meta name=\"description\" content=\"Hoker czarny loft to doskona\u0142e rozwi\u0105zanie do nowoczesnych kuchni, jadalni oraz przestrzeni w stylu loftowym. Idealny do blat\u00f3w kuchennych, wysp czy bar\u00f3w.\" \/>\n<meta name=\"robots\" content=\"index, follow, max-snippet:-1, max-image-preview:large, max-video-preview:-1\" \/>\n<link rel=\"canonical\" href=\"https:\/\/meblekuchenne.pl\/sklep\/product\/hoker-czarny-loft-tapicerowane-siedzisko-i-oparcie-kam\/\" \/>\n<meta property=\"og:locale\" content=\"pl_PL\" \/>\n<meta property=\"og:type\" content=\"article\" \/>\n<meta property=\"og:title\" content=\"Hoker czarny - tapicerowane siedzisko i oparcie - Kam\" \/>\n<meta property=\"og:description\" content=\"Hoker czarny loft to doskona\u0142e rozwi\u0105zanie do nowoczesnych kuchni, jadalni oraz przestrzeni w stylu loftowym. Idealny do blat\u00f3w kuchennych, wysp czy bar\u00f3w.\" \/>\n<meta property=\"og:url\" content=\"https:\/\/meblekuchenne.pl\/sklep\/product\/hoker-czarny-loft-tapicerowane-siedzisko-i-oparcie-kam\/\" \/>\n<meta property=\"og:site_name\" content=\"MebleKuchenne.PL - SKLEP\" \/>\n<meta property=\"article:modified_time\" content=\"2026-03-31T11:01:18+00:00\" \/>\n<meta property=\"og:image\" content=\"https:\/\/meblekuchenne.pl\/sklep\/wp-content\/uploads\/2025\/12\/002_w-1.webp\" \/>\n\t<meta property=\"og:image:width\" content=\"2000\" \/>\n\t<meta property=\"og:image:height\" content=\"2000\" \/>\n\t<meta property=\"og:image:type\" content=\"image\/webp\" \/>\n<meta name=\"twitter:card\" content=\"summary_large_image\" \/>\n<meta name=\"twitter:label1\" content=\"Dost\u0119pno\u015b\u0107\" \/>\n\t<meta name=\"twitter:data1\" content=\"Dost\u0119pny\" \/>\n<script type=\"application\/ld+json\" class=\"yoast-schema-graph\">{\"@context\":\"https:\/\/schema.org\",\"@graph\":[{\"@type\":\"WebPage\",\"@id\":\"https:\/\/meblekuchenne.pl\/sklep\/product\/hoker-czarny-loft-tapicerowane-siedzisko-i-oparcie-kam\/\",\"url\":\"https:\/\/meblekuchenne.pl\/sklep\/product\/hoker-czarny-loft-tapicerowane-siedzisko-i-oparcie-kam\/\",\"name\":\"Hoker czarny loft\",\"isPartOf\":{\"@id\":\"https:\/\/meblekuchenne.pl\/sklep\/#website\"},\"primaryImageOfPage\":{\"@id\":\"https:\/\/meblekuchenne.pl\/sklep\/product\/hoker-czarny-loft-tapicerowane-siedzisko-i-oparcie-kam\/#primaryimage\"},\"image\":{\"@id\":\"https:\/\/meblekuchenne.pl\/sklep\/product\/hoker-czarny-loft-tapicerowane-siedzisko-i-oparcie-kam\/#primaryimage\"},\"thumbnailUrl\":\"https:\/\/meblekuchenne.pl\/sklep\/wp-content\/uploads\/2025\/12\/002_w-1.webp\",\"datePublished\":\"2025-02-21T19:29:03+00:00\",\"dateModified\":\"2026-03-31T11:01:18+00:00\",\"description\":\"Hoker czarny loft to doskona\u0142e rozwi\u0105zanie do nowoczesnych kuchni, jadalni oraz przestrzeni w stylu loftowym. Idealny do blat\u00f3w kuchennych, wysp czy bar\u00f3w.\",\"breadcrumb\":{\"@id\":\"https:\/\/meblekuchenne.pl\/sklep\/product\/hoker-czarny-loft-tapicerowane-siedzisko-i-oparcie-kam\/#breadcrumb\"},\"inLanguage\":\"pl-PL\",\"potentialAction\":[{\"@type\":\"ReadAction\",\"target\":[\"https:\/\/meblekuchenne.pl\/sklep\/product\/hoker-czarny-loft-tapicerowane-siedzisko-i-oparcie-kam\/\"]}]},{\"@type\":\"ImageObject\",\"inLanguage\":\"pl-PL\",\"@id\":\"https:\/\/meblekuchenne.pl\/sklep\/product\/hoker-czarny-loft-tapicerowane-siedzisko-i-oparcie-kam\/#primaryimage\",\"url\":\"https:\/\/meblekuchenne.pl\/sklep\/wp-content\/uploads\/2025\/12\/002_w-1.webp\",\"contentUrl\":\"https:\/\/meblekuchenne.pl\/sklep\/wp-content\/uploads\/2025\/12\/002_w-1.webp\",\"width\":2000,\"height\":2000},{\"@type\":\"BreadcrumbList\",\"@id\":\"https:\/\/meblekuchenne.pl\/sklep\/product\/hoker-czarny-loft-tapicerowane-siedzisko-i-oparcie-kam\/#breadcrumb\",\"itemListElement\":[{\"@type\":\"ListItem\",\"position\":1,\"name\":\"Strona g\u0142\u00f3wna\",\"item\":\"https:\/\/meblekuchenne.pl\/sklep\/\"},{\"@type\":\"ListItem\",\"position\":2,\"name\":\"Sklep\",\"item\":\"https:\/\/meblekuchenne.pl\/sklep\/sklep\/\"},{\"@type\":\"ListItem\",\"position\":3,\"name\":\"Hoker czarny &#8211; tapicerowane siedzisko i oparcie &#8211; Kam\"}]},{\"@type\":\"WebSite\",\"@id\":\"https:\/\/meblekuchenne.pl\/sklep\/#website\",\"url\":\"https:\/\/meblekuchenne.pl\/sklep\/\",\"name\":\"MebleKuchenne.PL - SKLEP\",\"description\":\"\",\"publisher\":{\"@id\":\"https:\/\/meblekuchenne.pl\/sklep\/#organization\"},\"potentialAction\":[{\"@type\":\"SearchAction\",\"target\":{\"@type\":\"EntryPoint\",\"urlTemplate\":\"https:\/\/meblekuchenne.pl\/sklep\/?s={search_term_string}\"},\"query-input\":{\"@type\":\"PropertyValueSpecification\",\"valueRequired\":true,\"valueName\":\"search_term_string\"}}],\"inLanguage\":\"pl-PL\"},{\"@type\":\"Organization\",\"@id\":\"https:\/\/meblekuchenne.pl\/sklep\/#organization\",\"name\":\"MebleKuchenne.PL - SKLEP\",\"url\":\"https:\/\/meblekuchenne.pl\/sklep\/\",\"logo\":{\"@type\":\"ImageObject\",\"inLanguage\":\"pl-PL\",\"@id\":\"https:\/\/meblekuchenne.pl\/sklep\/#\/schema\/logo\/image\/\",\"url\":\"https:\/\/meblekuchenne.pl\/sklep\/wp-content\/uploads\/2025\/06\/cropped-cropped-logo.webp\",\"contentUrl\":\"https:\/\/meblekuchenne.pl\/sklep\/wp-content\/uploads\/2025\/06\/cropped-cropped-logo.webp\",\"width\":735,\"height\":715,\"caption\":\"MebleKuchenne.PL - SKLEP\"},\"image\":{\"@id\":\"https:\/\/meblekuchenne.pl\/sklep\/#\/schema\/logo\/image\/\"}}]}<\/script>\n<meta property=\"og:availability\" content=\"instock\" \/>\n<meta property=\"product:availability\" content=\"instock\" \/>\n<meta property=\"product:condition\" content=\"new\" \/>\n<!-- \/ Yoast SEO Premium plugin. -->","yoast_head_json":{"title":"Hoker czarny loft","description":"Hoker czarny loft to doskona\u0142e rozwi\u0105zanie do nowoczesnych kuchni, jadalni oraz przestrzeni w stylu loftowym. Idealny do blat\u00f3w kuchennych, wysp czy bar\u00f3w.","robots":{"index":"index","follow":"follow","max-snippet":"max-snippet:-1","max-image-preview":"max-image-preview:large","max-video-preview":"max-video-preview:-1"},"canonical":"https:\/\/meblekuchenne.pl\/sklep\/product\/hoker-czarny-loft-tapicerowane-siedzisko-i-oparcie-kam\/","og_locale":"pl_PL","og_type":"article","og_title":"Hoker czarny - tapicerowane siedzisko i oparcie - Kam","og_description":"Hoker czarny loft to doskona\u0142e rozwi\u0105zanie do nowoczesnych kuchni, jadalni oraz przestrzeni w stylu loftowym. Idealny do blat\u00f3w kuchennych, wysp czy bar\u00f3w.","og_url":"https:\/\/meblekuchenne.pl\/sklep\/product\/hoker-czarny-loft-tapicerowane-siedzisko-i-oparcie-kam\/","og_site_name":"MebleKuchenne.PL - SKLEP","article_modified_time":"2026-03-31T11:01:18+00:00","og_image":[{"width":2000,"height":2000,"url":"https:\/\/meblekuchenne.pl\/sklep\/wp-content\/uploads\/2025\/12\/002_w-1.webp","type":"image\/webp"}],"twitter_card":"summary_large_image","twitter_misc":{"Dost\u0119pno\u015b\u0107":"Dost\u0119pny"},"schema":{"@context":"https:\/\/schema.org","@graph":[{"@type":"WebPage","@id":"https:\/\/meblekuchenne.pl\/sklep\/product\/hoker-czarny-loft-tapicerowane-siedzisko-i-oparcie-kam\/","url":"https:\/\/meblekuchenne.pl\/sklep\/product\/hoker-czarny-loft-tapicerowane-siedzisko-i-oparcie-kam\/","name":"Hoker czarny loft","isPartOf":{"@id":"https:\/\/meblekuchenne.pl\/sklep\/#website"},"primaryImageOfPage":{"@id":"https:\/\/meblekuchenne.pl\/sklep\/product\/hoker-czarny-loft-tapicerowane-siedzisko-i-oparcie-kam\/#primaryimage"},"image":{"@id":"https:\/\/meblekuchenne.pl\/sklep\/product\/hoker-czarny-loft-tapicerowane-siedzisko-i-oparcie-kam\/#primaryimage"},"thumbnailUrl":"https:\/\/meblekuchenne.pl\/sklep\/wp-content\/uploads\/2025\/12\/002_w-1.webp","datePublished":"2025-02-21T19:29:03+00:00","dateModified":"2026-03-31T11:01:18+00:00","description":"Hoker czarny loft to doskona\u0142e rozwi\u0105zanie do nowoczesnych kuchni, jadalni oraz przestrzeni w stylu loftowym. Idealny do blat\u00f3w kuchennych, wysp czy bar\u00f3w.","breadcrumb":{"@id":"https:\/\/meblekuchenne.pl\/sklep\/product\/hoker-czarny-loft-tapicerowane-siedzisko-i-oparcie-kam\/#breadcrumb"},"inLanguage":"pl-PL","potentialAction":[{"@type":"ReadAction","target":["https:\/\/meblekuchenne.pl\/sklep\/product\/hoker-czarny-loft-tapicerowane-siedzisko-i-oparcie-kam\/"]}]},{"@type":"ImageObject","inLanguage":"pl-PL","@id":"https:\/\/meblekuchenne.pl\/sklep\/product\/hoker-czarny-loft-tapicerowane-siedzisko-i-oparcie-kam\/#primaryimage","url":"https:\/\/meblekuchenne.pl\/sklep\/wp-content\/uploads\/2025\/12\/002_w-1.webp","contentUrl":"https:\/\/meblekuchenne.pl\/sklep\/wp-content\/uploads\/2025\/12\/002_w-1.webp","width":2000,"height":2000},{"@type":"BreadcrumbList","@id":"https:\/\/meblekuchenne.pl\/sklep\/product\/hoker-czarny-loft-tapicerowane-siedzisko-i-oparcie-kam\/#breadcrumb","itemListElement":[{"@type":"ListItem","position":1,"name":"Strona g\u0142\u00f3wna","item":"https:\/\/meblekuchenne.pl\/sklep\/"},{"@type":"ListItem","position":2,"name":"Sklep","item":"https:\/\/meblekuchenne.pl\/sklep\/sklep\/"},{"@type":"ListItem","position":3,"name":"Hoker czarny &#8211; tapicerowane siedzisko i oparcie &#8211; Kam"}]},{"@type":"WebSite","@id":"https:\/\/meblekuchenne.pl\/sklep\/#website","url":"https:\/\/meblekuchenne.pl\/sklep\/","name":"MebleKuchenne.PL - SKLEP","description":"","publisher":{"@id":"https:\/\/meblekuchenne.pl\/sklep\/#organization"},"potentialAction":[{"@type":"SearchAction","target":{"@type":"EntryPoint","urlTemplate":"https:\/\/meblekuchenne.pl\/sklep\/?s={search_term_string}"},"query-input":{"@type":"PropertyValueSpecification","valueRequired":true,"valueName":"search_term_string"}}],"inLanguage":"pl-PL"},{"@type":"Organization","@id":"https:\/\/meblekuchenne.pl\/sklep\/#organization","name":"MebleKuchenne.PL - SKLEP","url":"https:\/\/meblekuchenne.pl\/sklep\/","logo":{"@type":"ImageObject","inLanguage":"pl-PL","@id":"https:\/\/meblekuchenne.pl\/sklep\/#\/schema\/logo\/image\/","url":"https:\/\/meblekuchenne.pl\/sklep\/wp-content\/uploads\/2025\/06\/cropped-cropped-logo.webp","contentUrl":"https:\/\/meblekuchenne.pl\/sklep\/wp-content\/uploads\/2025\/06\/cropped-cropped-logo.webp","width":735,"height":715,"caption":"MebleKuchenne.PL - SKLEP"},"image":{"@id":"https:\/\/meblekuchenne.pl\/sklep\/#\/schema\/logo\/image\/"}}]},"og_availability":"instock","product_availability":"instock","product_condition":"new"},"_links":{"self":[{"href":"https:\/\/meblekuchenne.pl\/sklep\/wp-json\/wp\/v2\/product\/53077","targetHints":{"allow":["GET"]}}],"collection":[{"href":"https:\/\/meblekuchenne.pl\/sklep\/wp-json\/wp\/v2\/product"}],"about":[{"href":"https:\/\/meblekuchenne.pl\/sklep\/wp-json\/wp\/v2\/types\/product"}],"wp:featuredmedia":[{"embeddable":true,"href":"https:\/\/meblekuchenne.pl\/sklep\/wp-json\/wp\/v2\/media\/71633"}],"wp:attachment":[{"href":"https:\/\/meblekuchenne.pl\/sklep\/wp-json\/wp\/v2\/media?parent=53077"}],"wp:term":[{"taxonomy":"product_brand","embeddable":true,"href":"https:\/\/meblekuchenne.pl\/sklep\/wp-json\/wp\/v2\/product_brand?post=53077"},{"taxonomy":"product_cat","embeddable":true,"href":"https:\/\/meblekuchenne.pl\/sklep\/wp-json\/wp\/v2\/product_cat?post=53077"},{"taxonomy":"product_tag","embeddable":true,"href":"https:\/\/meblekuchenne.pl\/sklep\/wp-json\/wp\/v2\/product_tag?post=53077"}],"curies":[{"name":"wp","href":"https:\/\/api.w.org\/{rel}","templated":true}]}}