{"id":52777,"date":"2025-02-21T20:23:50","date_gmt":"2025-02-21T19:23:50","guid":{"rendered":"https:\/\/meblekuchenne.pl\/sklep\/?post_type=product&#038;p=52777"},"modified":"2026-04-01T11:34:03","modified_gmt":"2026-04-01T09:34:03","slug":"szafka-wiszaca-gleboka-bwom60-90-mikrofala-wolnostojaca-kam-mono","status":"publish","type":"product","link":"https:\/\/meblekuchenne.pl\/sklep\/product\/szafka-wiszaca-gleboka-bwom60-90-mikrofala-wolnostojaca-kam-mono\/","title":{"rendered":"Szafka wisz\u0105ca g\u0142\u0119boka BWOM60\/90 &#8211; mikrofala wolnostoj\u0105ca &#8211; Kam Mono"},"content":{"rendered":"<h2 data-start=\"94\" data-end=\"166\"><strong data-start=\"94\" data-end=\"166\">Szafka wisz\u0105ca g\u0142\u0119boka BWOM60\/90 \u2013 Mikrofala Wolnostoj\u0105ca<\/strong><\/h2>\n<p data-start=\"168\" data-end=\"263\">Szafka wisz\u0105ca z miejscem na mikrofal\u00f3wk\u0119 wolnostoj\u0105c\u0105 \u2013 szer. 60 cm, wys. 90 cm, g\u0142. 36 cm<\/p>\n<h3 data-start=\"265\" data-end=\"356\"><strong data-start=\"265\" data-end=\"356\">Przestrze\u0144 na mikrofal\u00f3wk\u0119 w zabudowie \u2013 szafka BWOM60\/90 do mikrofal\u00f3wki wolnostoj\u0105cej<\/strong><\/h3>\n<p data-start=\"358\" data-end=\"936\">Szafka wisz\u0105ca g\u0142\u0119boka BWOM60\/90 to praktyczne rozwi\u0105zanie, kt\u00f3re pozwala na estetyczne przechowywanie mikrofal\u00f3wki wolnostoj\u0105cej w kuchni. Dzi\u0119ki g\u0142\u0119boko\u015bci 36 cm, szafka oferuje odpowiedni\u0105 przestrze\u0144 do ustawienia mikrofal\u00f3wki, pomagaj\u0105c zaoszcz\u0119dzi\u0107 miejsce na blacie roboczym. Jej kompaktowe wymiary sprawiaj\u0105, \u017ce \u015bwietnie sprawdzi si\u0119 w mniejszych kuchniach, gdzie liczy si\u0119 ka\u017cdy centymetr. Wybieraj\u0105c szafk\u0119 BWOM60\/90, otrzymujesz eleganckie, funkcjonalne rozwi\u0105zanie, kt\u00f3re pomo\u017ce w lepszej organizacji przestrzeni kuchennej, nie rezygnuj\u0105c przy tym z estetyki wn\u0119trza. Wykorzystaj w pe\u0142ni przestrze\u0144, kt\u00f3r\u0105 daj\u0105 Ci meble kuchenne KAM.<\/p>\n<h3 data-start=\"938\" data-end=\"966\"><strong data-start=\"938\" data-end=\"966\">Zalety:<\/strong><\/h3>\n<ul data-start=\"967\" data-end=\"1480\">\n<li data-start=\"967\" data-end=\"1130\"><strong data-start=\"969\" data-end=\"983\">Ergonomia:<\/strong> Przemy\u015blana konstrukcja zapewnia odpowiedni\u0105 przestrze\u0144 na mikrofal\u00f3wk\u0119 wolnostoj\u0105c\u0105, jednocze\u015bnie pozwalaj\u0105c na zaoszcz\u0119dzenie miejsca na blacie.<\/li>\n<li data-start=\"1131\" data-end=\"1254\"><strong data-start=\"1133\" data-end=\"1151\">Przestronno\u015b\u0107:<\/strong> Szafka o g\u0142\u0119boko\u015bci 36 cm umo\u017cliwia wygodne umieszczenie mikrofal\u00f3wki oraz innych sprz\u0119t\u00f3w kuchennych.<\/li>\n<li data-start=\"1255\" data-end=\"1369\"><strong data-start=\"1257\" data-end=\"1285\">Wysoka jako\u015b\u0107 wykonania:<\/strong> Solidna konstrukcja gwarantuje trwa\u0142o\u015b\u0107 i stabilno\u015b\u0107 szafki przez lata u\u017cytkowania.<\/li>\n<li data-start=\"1370\" data-end=\"1480\"><strong data-start=\"1372\" data-end=\"1390\">Prosty design:<\/strong> Elegancka i nowoczesna szafka, kt\u00f3ra doskonale komponuje si\u0119 z reszt\u0105 kuchennej zabudowy.<\/li>\n<\/ul>\n<h3 data-start=\"1482\" data-end=\"1535\"><strong data-start=\"1482\" data-end=\"1535\">Dopasowanie do wn\u0119trza \u2013 mo\u017cliwo\u015b\u0107 wyboru front\u00f3w<\/strong><\/h3>\n<p data-start=\"1537\" data-end=\"1781\">Szafka BWOM60\/90 dost\u0119pna jest w szerokiej gamie kolor\u00f3w front\u00f3w, co umo\u017cliwia jej dopasowanie do indywidualnych potrzeb i stylu kuchni. Dzi\u0119ki tej opcji mo\u017cesz \u0142atwo stworzy\u0107 sp\u00f3jn\u0105 aran\u017cacj\u0119 i wkomponowa\u0107 szafk\u0119 w pozosta\u0142e elementy zabudowy.<\/p>\n<h3 data-start=\"1783\" data-end=\"1826\"><strong data-start=\"1783\" data-end=\"1826\">Dlaczego warto wybra\u0107 szafk\u0119 BWOM60\/90?<\/strong><\/h3>\n<ul data-start=\"1827\" data-end=\"2270\">\n<li data-start=\"1827\" data-end=\"1974\"><strong data-start=\"1829\" data-end=\"1848\">Funkcjonalno\u015b\u0107:<\/strong> Dzi\u0119ki odpowiedniej przestrzeni na mikrofal\u00f3wk\u0119 wolnostoj\u0105c\u0105, szafka pomaga w lepszym zagospodarowaniu przestrzeni kuchennej.<\/li>\n<li data-start=\"1975\" data-end=\"2063\"><strong data-start=\"1977\" data-end=\"1999\">Nowoczesny wygl\u0105d:<\/strong> Prosty, elegancki design, kt\u00f3ry pasuje do ka\u017cdego stylu kuchni.<\/li>\n<li data-start=\"2064\" data-end=\"2155\"><strong data-start=\"2066\" data-end=\"2084\">Wysoka jako\u015b\u0107:<\/strong> Solidna konstrukcja, kt\u00f3ra zapewnia trwa\u0142o\u015b\u0107 szafki przez d\u0142ugie lata.<\/li>\n<li data-start=\"2156\" data-end=\"2270\"><strong data-start=\"2158\" data-end=\"2187\">Ergonomiczne rozwi\u0105zanie:<\/strong> Komfort u\u017cytkowania mikrofal\u00f3wki oraz przechowywania innych akcesori\u00f3w kuchennych.<\/li>\n<\/ul>\n<h3>Meble kuchenne KAM &#8211; jako\u015b\u0107, kt\u00f3ra zaskoczy<\/h3>\n<p data-start=\"2272\" data-end=\"2538\">Szafka wisz\u0105ca g\u0142\u0119boka BWOM60\/90 to doskona\u0142y wyb\u00f3r do ka\u017cdej kuchni, w kt\u00f3rej liczy si\u0119 oszcz\u0119dno\u015b\u0107 przestrzeni i funkcjonalno\u015b\u0107. Dzi\u0119ki swojej prostocie i elegancji, szafka ta stanie si\u0119 nie tylko praktycznym, ale i estetycznym elementem wyposa\u017cenia Twojej kuchni.<\/p>\n","protected":false},"excerpt":{"rendered":"<h2 data-start=\"94\" data-end=\"166\"><strong data-start=\"94\" data-end=\"166\">Szafka wisz\u0105ca g\u0142\u0119boka BWOM60\/90 \u2013 Mikrofala Wolnostoj\u0105ca<\/strong><\/h2>\n<p data-start=\"358\" data-end=\"936\">Szafka wisz\u0105ca g\u0142\u0119boka BWOM60\/90 to praktyczne rozwi\u0105zanie, kt\u00f3re pozwala na estetyczne przechowywanie mikrofal\u00f3wki wolnostoj\u0105cej w kuchni. Dzi\u0119ki g\u0142\u0119boko\u015bci 36 cm, szafka oferuje odpowiedni\u0105 przestrze\u0144 do ustawienia mikrofal\u00f3wki, pomagaj\u0105c zaoszcz\u0119dzi\u0107 miejsce na blacie roboczym. Jej kompaktowe wymiary sprawiaj\u0105, \u017ce \u015bwietnie sprawdzi si\u0119 w mniejszych kuchniach, gdzie liczy si\u0119 ka\u017cdy centymetr.<\/p>\n","protected":false},"featured_media":60176,"template":"","meta":[],"product_brand":[710],"product_cat":[786,775,777,454,471,486],"product_tag":[],"class_list":{"0":"post-52777","1":"product","2":"type-product","3":"status-publish","4":"has-post-thumbnail","6":"product_brand-meble-kam","7":"product_cat-pod-mikrofale-sklep","8":"product_cat-wszystko","9":"product_cat-zabudowa-agd-sklep","10":"product_cat-meble-kam-mono","11":"product_cat-szafki-agd","12":"product_cat-szafki-wiszace-do-mikrofali-wolnostojacej","13":"product_shipping_class-szafka-wiszaca-kam","14":"pa_front-f10","15":"pa_front-f11","16":"pa_front-f4","17":"pa_front-f6","18":"pa_front-f7","19":"pa_front-f8","20":"pa_front-fg2","21":"pa_front-k2","22":"pa_front-kc2","23":"pa_front-kc4","24":"pa_front-l4-mat","25":"pa_front-l4-polysk","26":"pa_front-m4","27":"pa_front-os_2","28":"pa_front-os_2black","29":"pa_front-p00","30":"pa_front-p2","31":"pa_front-p4","33":"first","34":"instock","35":"shipping-taxable","36":"purchasable","37":"product-type-variable"},"yoast_head":"<!-- This site is optimized with the Yoast SEO Premium plugin v25.0 (Yoast SEO v25.0) - https:\/\/yoast.com\/wordpress\/plugins\/seo\/ -->\n<title>Szafka wisz\u0105ca g\u0142\u0119boka BWOM60\/90 \u2013 Mikrofala Wolnostoj\u0105ca<\/title>\n<meta name=\"description\" content=\"Szafka wisz\u0105ca g\u0142\u0119boka BWOM60\/90 \u2013 Mikrofala Wolnostoj\u0105ca pozwala na estetyczne przechowywanie mikrofal\u00f3wki wolnostoj\u0105cej w kuchni.\" \/>\n<meta name=\"robots\" content=\"index, follow, max-snippet:-1, max-image-preview:large, max-video-preview:-1\" \/>\n<link rel=\"canonical\" href=\"https:\/\/meblekuchenne.pl\/sklep\/product\/szafka-wiszaca-gleboka-bwom60-90-mikrofala-wolnostojaca-kam-mono\/\" \/>\n<meta property=\"og:locale\" content=\"pl_PL\" \/>\n<meta property=\"og:type\" content=\"article\" \/>\n<meta property=\"og:title\" content=\"Szafka wisz\u0105ca g\u0142\u0119boka BWOM60\/90 - mikrofala wolnostoj\u0105ca - Kam Mono\" \/>\n<meta property=\"og:description\" content=\"Szafka wisz\u0105ca g\u0142\u0119boka BWOM60\/90 \u2013 Mikrofala Wolnostoj\u0105ca pozwala na estetyczne przechowywanie mikrofal\u00f3wki wolnostoj\u0105cej w kuchni.\" \/>\n<meta property=\"og:url\" content=\"https:\/\/meblekuchenne.pl\/sklep\/product\/szafka-wiszaca-gleboka-bwom60-90-mikrofala-wolnostojaca-kam-mono\/\" \/>\n<meta property=\"og:site_name\" content=\"MebleKuchenne.PL - SKLEP\" \/>\n<meta property=\"article:modified_time\" content=\"2026-04-01T09:34:03+00:00\" \/>\n<meta property=\"og:image\" content=\"https:\/\/meblekuchenne.pl\/sklep\/wp-content\/uploads\/2025\/02\/WOM60-90.webp\" \/>\n\t<meta property=\"og:image:width\" content=\"1600\" \/>\n\t<meta property=\"og:image:height\" content=\"1080\" \/>\n\t<meta property=\"og:image:type\" content=\"image\/webp\" \/>\n<meta name=\"twitter:card\" content=\"summary_large_image\" \/>\n<meta name=\"twitter:label1\" content=\"Dost\u0119pno\u015b\u0107\" \/>\n\t<meta name=\"twitter:data1\" content=\"Dost\u0119pny\" \/>\n<script type=\"application\/ld+json\" class=\"yoast-schema-graph\">{\"@context\":\"https:\/\/schema.org\",\"@graph\":[{\"@type\":\"WebPage\",\"@id\":\"https:\/\/meblekuchenne.pl\/sklep\/product\/szafka-wiszaca-gleboka-bwom60-90-mikrofala-wolnostojaca-kam-mono\/\",\"url\":\"https:\/\/meblekuchenne.pl\/sklep\/product\/szafka-wiszaca-gleboka-bwom60-90-mikrofala-wolnostojaca-kam-mono\/\",\"name\":\"Szafka wisz\u0105ca g\u0142\u0119boka BWOM60\/90 \u2013 Mikrofala Wolnostoj\u0105ca\",\"isPartOf\":{\"@id\":\"https:\/\/meblekuchenne.pl\/sklep\/#website\"},\"primaryImageOfPage\":{\"@id\":\"https:\/\/meblekuchenne.pl\/sklep\/product\/szafka-wiszaca-gleboka-bwom60-90-mikrofala-wolnostojaca-kam-mono\/#primaryimage\"},\"image\":{\"@id\":\"https:\/\/meblekuchenne.pl\/sklep\/product\/szafka-wiszaca-gleboka-bwom60-90-mikrofala-wolnostojaca-kam-mono\/#primaryimage\"},\"thumbnailUrl\":\"https:\/\/meblekuchenne.pl\/sklep\/wp-content\/uploads\/2025\/02\/WOM60-90.webp\",\"datePublished\":\"2025-02-21T19:23:50+00:00\",\"dateModified\":\"2026-04-01T09:34:03+00:00\",\"description\":\"Szafka wisz\u0105ca g\u0142\u0119boka BWOM60\/90 \u2013 Mikrofala Wolnostoj\u0105ca pozwala na estetyczne przechowywanie mikrofal\u00f3wki wolnostoj\u0105cej w kuchni.\",\"breadcrumb\":{\"@id\":\"https:\/\/meblekuchenne.pl\/sklep\/product\/szafka-wiszaca-gleboka-bwom60-90-mikrofala-wolnostojaca-kam-mono\/#breadcrumb\"},\"inLanguage\":\"pl-PL\",\"potentialAction\":[{\"@type\":\"ReadAction\",\"target\":[\"https:\/\/meblekuchenne.pl\/sklep\/product\/szafka-wiszaca-gleboka-bwom60-90-mikrofala-wolnostojaca-kam-mono\/\"]}]},{\"@type\":\"ImageObject\",\"inLanguage\":\"pl-PL\",\"@id\":\"https:\/\/meblekuchenne.pl\/sklep\/product\/szafka-wiszaca-gleboka-bwom60-90-mikrofala-wolnostojaca-kam-mono\/#primaryimage\",\"url\":\"https:\/\/meblekuchenne.pl\/sklep\/wp-content\/uploads\/2025\/02\/WOM60-90.webp\",\"contentUrl\":\"https:\/\/meblekuchenne.pl\/sklep\/wp-content\/uploads\/2025\/02\/WOM60-90.webp\",\"width\":1600,\"height\":1080},{\"@type\":\"BreadcrumbList\",\"@id\":\"https:\/\/meblekuchenne.pl\/sklep\/product\/szafka-wiszaca-gleboka-bwom60-90-mikrofala-wolnostojaca-kam-mono\/#breadcrumb\",\"itemListElement\":[{\"@type\":\"ListItem\",\"position\":1,\"name\":\"Strona g\u0142\u00f3wna\",\"item\":\"https:\/\/meblekuchenne.pl\/sklep\/\"},{\"@type\":\"ListItem\",\"position\":2,\"name\":\"Sklep\",\"item\":\"https:\/\/meblekuchenne.pl\/sklep\/sklep\/\"},{\"@type\":\"ListItem\",\"position\":3,\"name\":\"Szafka wisz\u0105ca g\u0142\u0119boka BWOM60\/90 &#8211; mikrofala wolnostoj\u0105ca &#8211; Kam Mono\"}]},{\"@type\":\"WebSite\",\"@id\":\"https:\/\/meblekuchenne.pl\/sklep\/#website\",\"url\":\"https:\/\/meblekuchenne.pl\/sklep\/\",\"name\":\"MebleKuchenne.PL - SKLEP\",\"description\":\"\",\"publisher\":{\"@id\":\"https:\/\/meblekuchenne.pl\/sklep\/#organization\"},\"potentialAction\":[{\"@type\":\"SearchAction\",\"target\":{\"@type\":\"EntryPoint\",\"urlTemplate\":\"https:\/\/meblekuchenne.pl\/sklep\/?s={search_term_string}\"},\"query-input\":{\"@type\":\"PropertyValueSpecification\",\"valueRequired\":true,\"valueName\":\"search_term_string\"}}],\"inLanguage\":\"pl-PL\"},{\"@type\":\"Organization\",\"@id\":\"https:\/\/meblekuchenne.pl\/sklep\/#organization\",\"name\":\"MebleKuchenne.PL - SKLEP\",\"url\":\"https:\/\/meblekuchenne.pl\/sklep\/\",\"logo\":{\"@type\":\"ImageObject\",\"inLanguage\":\"pl-PL\",\"@id\":\"https:\/\/meblekuchenne.pl\/sklep\/#\/schema\/logo\/image\/\",\"url\":\"https:\/\/meblekuchenne.pl\/sklep\/wp-content\/uploads\/2025\/06\/cropped-cropped-logo.webp\",\"contentUrl\":\"https:\/\/meblekuchenne.pl\/sklep\/wp-content\/uploads\/2025\/06\/cropped-cropped-logo.webp\",\"width\":735,\"height\":715,\"caption\":\"MebleKuchenne.PL - SKLEP\"},\"image\":{\"@id\":\"https:\/\/meblekuchenne.pl\/sklep\/#\/schema\/logo\/image\/\"}}]}<\/script>\n<meta property=\"og:availability\" content=\"instock\" \/>\n<meta property=\"product:availability\" content=\"instock\" \/>\n<meta property=\"product:retailer_item_id\" content=\"BWOM60\/90\" \/>\n<meta property=\"product:condition\" content=\"new\" \/>\n<!-- \/ Yoast SEO Premium plugin. -->","yoast_head_json":{"title":"Szafka wisz\u0105ca g\u0142\u0119boka BWOM60\/90 \u2013 Mikrofala Wolnostoj\u0105ca","description":"Szafka wisz\u0105ca g\u0142\u0119boka BWOM60\/90 \u2013 Mikrofala Wolnostoj\u0105ca pozwala na estetyczne przechowywanie mikrofal\u00f3wki wolnostoj\u0105cej w kuchni.","robots":{"index":"index","follow":"follow","max-snippet":"max-snippet:-1","max-image-preview":"max-image-preview:large","max-video-preview":"max-video-preview:-1"},"canonical":"https:\/\/meblekuchenne.pl\/sklep\/product\/szafka-wiszaca-gleboka-bwom60-90-mikrofala-wolnostojaca-kam-mono\/","og_locale":"pl_PL","og_type":"article","og_title":"Szafka wisz\u0105ca g\u0142\u0119boka BWOM60\/90 - mikrofala wolnostoj\u0105ca - Kam Mono","og_description":"Szafka wisz\u0105ca g\u0142\u0119boka BWOM60\/90 \u2013 Mikrofala Wolnostoj\u0105ca pozwala na estetyczne przechowywanie mikrofal\u00f3wki wolnostoj\u0105cej w kuchni.","og_url":"https:\/\/meblekuchenne.pl\/sklep\/product\/szafka-wiszaca-gleboka-bwom60-90-mikrofala-wolnostojaca-kam-mono\/","og_site_name":"MebleKuchenne.PL - SKLEP","article_modified_time":"2026-04-01T09:34:03+00:00","og_image":[{"width":1600,"height":1080,"url":"https:\/\/meblekuchenne.pl\/sklep\/wp-content\/uploads\/2025\/02\/WOM60-90.webp","type":"image\/webp"}],"twitter_card":"summary_large_image","twitter_misc":{"Dost\u0119pno\u015b\u0107":"Dost\u0119pny"},"schema":{"@context":"https:\/\/schema.org","@graph":[{"@type":"WebPage","@id":"https:\/\/meblekuchenne.pl\/sklep\/product\/szafka-wiszaca-gleboka-bwom60-90-mikrofala-wolnostojaca-kam-mono\/","url":"https:\/\/meblekuchenne.pl\/sklep\/product\/szafka-wiszaca-gleboka-bwom60-90-mikrofala-wolnostojaca-kam-mono\/","name":"Szafka wisz\u0105ca g\u0142\u0119boka BWOM60\/90 \u2013 Mikrofala Wolnostoj\u0105ca","isPartOf":{"@id":"https:\/\/meblekuchenne.pl\/sklep\/#website"},"primaryImageOfPage":{"@id":"https:\/\/meblekuchenne.pl\/sklep\/product\/szafka-wiszaca-gleboka-bwom60-90-mikrofala-wolnostojaca-kam-mono\/#primaryimage"},"image":{"@id":"https:\/\/meblekuchenne.pl\/sklep\/product\/szafka-wiszaca-gleboka-bwom60-90-mikrofala-wolnostojaca-kam-mono\/#primaryimage"},"thumbnailUrl":"https:\/\/meblekuchenne.pl\/sklep\/wp-content\/uploads\/2025\/02\/WOM60-90.webp","datePublished":"2025-02-21T19:23:50+00:00","dateModified":"2026-04-01T09:34:03+00:00","description":"Szafka wisz\u0105ca g\u0142\u0119boka BWOM60\/90 \u2013 Mikrofala Wolnostoj\u0105ca pozwala na estetyczne przechowywanie mikrofal\u00f3wki wolnostoj\u0105cej w kuchni.","breadcrumb":{"@id":"https:\/\/meblekuchenne.pl\/sklep\/product\/szafka-wiszaca-gleboka-bwom60-90-mikrofala-wolnostojaca-kam-mono\/#breadcrumb"},"inLanguage":"pl-PL","potentialAction":[{"@type":"ReadAction","target":["https:\/\/meblekuchenne.pl\/sklep\/product\/szafka-wiszaca-gleboka-bwom60-90-mikrofala-wolnostojaca-kam-mono\/"]}]},{"@type":"ImageObject","inLanguage":"pl-PL","@id":"https:\/\/meblekuchenne.pl\/sklep\/product\/szafka-wiszaca-gleboka-bwom60-90-mikrofala-wolnostojaca-kam-mono\/#primaryimage","url":"https:\/\/meblekuchenne.pl\/sklep\/wp-content\/uploads\/2025\/02\/WOM60-90.webp","contentUrl":"https:\/\/meblekuchenne.pl\/sklep\/wp-content\/uploads\/2025\/02\/WOM60-90.webp","width":1600,"height":1080},{"@type":"BreadcrumbList","@id":"https:\/\/meblekuchenne.pl\/sklep\/product\/szafka-wiszaca-gleboka-bwom60-90-mikrofala-wolnostojaca-kam-mono\/#breadcrumb","itemListElement":[{"@type":"ListItem","position":1,"name":"Strona g\u0142\u00f3wna","item":"https:\/\/meblekuchenne.pl\/sklep\/"},{"@type":"ListItem","position":2,"name":"Sklep","item":"https:\/\/meblekuchenne.pl\/sklep\/sklep\/"},{"@type":"ListItem","position":3,"name":"Szafka wisz\u0105ca g\u0142\u0119boka BWOM60\/90 &#8211; mikrofala wolnostoj\u0105ca &#8211; Kam Mono"}]},{"@type":"WebSite","@id":"https:\/\/meblekuchenne.pl\/sklep\/#website","url":"https:\/\/meblekuchenne.pl\/sklep\/","name":"MebleKuchenne.PL - SKLEP","description":"","publisher":{"@id":"https:\/\/meblekuchenne.pl\/sklep\/#organization"},"potentialAction":[{"@type":"SearchAction","target":{"@type":"EntryPoint","urlTemplate":"https:\/\/meblekuchenne.pl\/sklep\/?s={search_term_string}"},"query-input":{"@type":"PropertyValueSpecification","valueRequired":true,"valueName":"search_term_string"}}],"inLanguage":"pl-PL"},{"@type":"Organization","@id":"https:\/\/meblekuchenne.pl\/sklep\/#organization","name":"MebleKuchenne.PL - SKLEP","url":"https:\/\/meblekuchenne.pl\/sklep\/","logo":{"@type":"ImageObject","inLanguage":"pl-PL","@id":"https:\/\/meblekuchenne.pl\/sklep\/#\/schema\/logo\/image\/","url":"https:\/\/meblekuchenne.pl\/sklep\/wp-content\/uploads\/2025\/06\/cropped-cropped-logo.webp","contentUrl":"https:\/\/meblekuchenne.pl\/sklep\/wp-content\/uploads\/2025\/06\/cropped-cropped-logo.webp","width":735,"height":715,"caption":"MebleKuchenne.PL - SKLEP"},"image":{"@id":"https:\/\/meblekuchenne.pl\/sklep\/#\/schema\/logo\/image\/"}}]},"og_availability":"instock","product_availability":"instock","product_retailer_item_id":"BWOM60\/90","product_condition":"new"},"_links":{"self":[{"href":"https:\/\/meblekuchenne.pl\/sklep\/wp-json\/wp\/v2\/product\/52777","targetHints":{"allow":["GET"]}}],"collection":[{"href":"https:\/\/meblekuchenne.pl\/sklep\/wp-json\/wp\/v2\/product"}],"about":[{"href":"https:\/\/meblekuchenne.pl\/sklep\/wp-json\/wp\/v2\/types\/product"}],"wp:featuredmedia":[{"embeddable":true,"href":"https:\/\/meblekuchenne.pl\/sklep\/wp-json\/wp\/v2\/media\/60176"}],"wp:attachment":[{"href":"https:\/\/meblekuchenne.pl\/sklep\/wp-json\/wp\/v2\/media?parent=52777"}],"wp:term":[{"taxonomy":"product_brand","embeddable":true,"href":"https:\/\/meblekuchenne.pl\/sklep\/wp-json\/wp\/v2\/product_brand?post=52777"},{"taxonomy":"product_cat","embeddable":true,"href":"https:\/\/meblekuchenne.pl\/sklep\/wp-json\/wp\/v2\/product_cat?post=52777"},{"taxonomy":"product_tag","embeddable":true,"href":"https:\/\/meblekuchenne.pl\/sklep\/wp-json\/wp\/v2\/product_tag?post=52777"}],"curies":[{"name":"wp","href":"https:\/\/api.w.org\/{rel}","templated":true}]}}