{"id":52596,"date":"2025-02-21T20:21:32","date_gmt":"2025-02-21T19:21:32","guid":{"rendered":"https:\/\/meblekuchenne.pl\/sklep\/?post_type=product&#038;p=52596"},"modified":"2026-04-01T13:18:45","modified_gmt":"2026-04-01T11:18:45","slug":"szafka-wiszaca-gleboka-bwp3b60-1-100-okap-kuchenny-podszafkowy-slim-kammono","status":"publish","type":"product","link":"https:\/\/meblekuchenne.pl\/sklep\/product\/szafka-wiszaca-gleboka-bwp3b60-1-100-okap-kuchenny-podszafkowy-slim-kammono\/","title":{"rendered":"Szafka wisz\u0105ca g\u0142\u0119boka BWP3B60.1\/100 -okap kuchenny podszafkowy Slim &#8211; KamMono"},"content":{"rendered":"<h2 data-start=\"0\" data-end=\"70\">Szafka Wisz\u0105ca BWP3B60.1\/100 z Wbudowanym Okapem<\/h2>\n<p>Szafka z wbudowanym okapem P3B &#8211; szer. 60 cm, wys. 100 cm, g\u0142. 36 cm<\/p>\n<h3 data-start=\"72\" data-end=\"118\">Przemy\u015blane Rozwi\u0105zanie Do Twojej Kuchni<\/h3>\n<p data-start=\"119\" data-end=\"405\">Szafka wisz\u0105ca <strong data-start=\"134\" data-end=\"151\">BWP3B60.1\/100<\/strong> z wbudowanym okapem P3B to idealna opcja do zabudowy nowoczesnej kuchni. Dzi\u0119ki temu rozwi\u0105zaniu, \u0142\u0105czysz funkcjonalno\u015b\u0107 okapu z estetyk\u0105 szafki, tworz\u0105c sp\u00f3jn\u0105 i przestronn\u0105 zabudow\u0119, kt\u00f3ra skutecznie oczyszcza powietrze, zapewniaj\u0105c komfort gotowania.<\/p>\n<h3 data-start=\"407\" data-end=\"444\">Kluczowe Wymiary i Specyfikacja<\/h3>\n<p data-start=\"445\" data-end=\"519\">\u2022 <strong data-start=\"447\" data-end=\"461\">Szeroko\u015b\u0107:<\/strong> 60 cm<br data-start=\"467\" data-end=\"470\" \/>\u2022 <strong data-start=\"472\" data-end=\"485\">Wysoko\u015b\u0107:<\/strong> 100 cm<br data-start=\"492\" data-end=\"495\" \/>\u2022 <strong data-start=\"497\" data-end=\"511\">G\u0142\u0119boko\u015b\u0107:<\/strong> 36 cm<\/p>\n<p data-start=\"521\" data-end=\"836\">Szafka BWP3B60.1\/100 jest wystarczaj\u0105co przestronna, by pomie\u015bci\u0107 okap o wysokiej wydajno\u015bci, jednocze\u015bnie oferuj\u0105c du\u017co przestrzeni na przechowywanie kuchennych akcesori\u00f3w. Zosta\u0142a zaprojektowana z my\u015bl\u0105 o efektywnym wykorzystaniu przestrzeni, a jej kompaktowe wymiary idealnie komponuj\u0105 si\u0119 z nowoczesn\u0105 zabudow\u0105. Twoje meble kuchenne b\u0119d\u0105 wygl\u0105da\u0107 sp\u00f3jnie.<\/p>\n<h3 data-start=\"838\" data-end=\"884\">Wbudowany Okap P3B \u2013 Wydajno\u015b\u0107 i Komfort<\/h3>\n<p data-start=\"885\" data-end=\"1216\">Okap <strong data-start=\"890\" data-end=\"897\">P3B<\/strong>, zintegrowany w szafce, zapewnia skuteczn\u0105 wentylacj\u0119 podczas gotowania, eliminuj\u0105c pary i nieprzyjemne zapachy.<br data-start=\"1010\" data-end=\"1013\" \/>\u2022 <strong data-start=\"1015\" data-end=\"1025\">Kolor:<\/strong> Bia\u0142y<br data-start=\"1031\" data-end=\"1034\" \/>\u2022 <strong data-start=\"1036\" data-end=\"1050\">Wydajno\u015b\u0107:<\/strong> 61 m\u00b3\/h<br data-start=\"1058\" data-end=\"1061\" \/>\u2022 <strong data-start=\"1063\" data-end=\"1077\">Pr\u0119dko\u015bci:<\/strong> 3<br data-start=\"1079\" data-end=\"1082\" \/>\u2022 <strong data-start=\"1084\" data-end=\"1100\">O\u015bwietlenie:<\/strong> Zintegrowany LED 5W<br data-start=\"1120\" data-end=\"1123\" \/>\u2022 <strong data-start=\"1125\" data-end=\"1139\" data-is-only-node=\"\">Producent:<\/strong> Maan<br data-start=\"1144\" data-end=\"1147\" \/>\u2022 <strong data-start=\"1149\" data-end=\"1167\">Dedykowany do:<\/strong> P\u0142yty indukcyjnej (min. 50 cm wysoko\u015bci monta\u017cu)<\/p>\n<h3 data-start=\"1218\" data-end=\"1251\">Zalety Szafki BWP3B60.1\/100<\/h3>\n<p data-start=\"1252\" data-end=\"2045\">\u2022 <strong data-start=\"1254\" data-end=\"1276\">Zintegrowany Okap:<\/strong> Okap P3B o wydajno\u015bci 61 m\u00b3\/h skutecznie poch\u0142ania nieprzyjemne zapachy i pary wodne, dbaj\u0105c o czysto\u015b\u0107 powietrza w kuchni.<br data-start=\"1400\" data-end=\"1403\" \/>\u2022 <strong data-start=\"1405\" data-end=\"1427\">Estetyczny Design:<\/strong> Fronty szafki mo\u017cna dopasowa\u0107 do stylu kuchni, tworz\u0105c jednolit\u0105 zabudow\u0119, kt\u00f3ra b\u0119dzie pasowa\u0107 do innych element\u00f3w wyposa\u017cenia.<br data-start=\"1556\" data-end=\"1559\" \/>\u2022 <strong data-start=\"1561\" data-end=\"1580\">Funkcjonalno\u015b\u0107:<\/strong> Kompaktowe wymiary oraz dodatkowa przestrze\u0144 do przechowywania sprawiaj\u0105, \u017ce szafka jest praktycznym rozwi\u0105zaniem do ma\u0142ych i \u015brednich kuchni.<br data-start=\"1723\" data-end=\"1726\" \/>\u2022 <strong data-start=\"1728\" data-end=\"1763\">\u0141atwo\u015b\u0107 w Utrzymaniu Czysto\u015bci:<\/strong> Okap P3B zintegrowany w szafce ma system LED 5W, kt\u00f3ry zapewnia optymalne o\u015bwietlenie, a sam okap jest \u0142atwy w czyszczeniu.<br data-start=\"1887\" data-end=\"1890\" \/>\u2022 <strong data-start=\"1892\" data-end=\"1919\">Nowoczesna Technologia:<\/strong> Trzy pr\u0119dko\u015bci pracy oraz wydajno\u015b\u0107 okapu na poziomie 61 m\u00b3\/h zapewniaj\u0105 skuteczne oczyszczanie powietrza z par i zapach\u00f3w.<\/p>\n<h3 data-start=\"2047\" data-end=\"2102\">Dlaczego Szafka BWP3B60.1\/100 To Doskona\u0142y Wyb\u00f3r?<\/h3>\n<p data-start=\"2103\" data-end=\"2577\">Wybieraj\u0105c szafk\u0119 <strong data-start=\"2121\" data-end=\"2138\">BWP3B60.1\/100<\/strong> z okapem P3B, inwestujesz w produkt, kt\u00f3ry:<br data-start=\"2182\" data-end=\"2185\" \/>\u2022 Zapewnia skuteczn\u0105 wentylacj\u0119 dzi\u0119ki wydajnemu okapowi, eliminuj\u0105c zapachy i wilgo\u0107 z kuchni.<br data-start=\"2280\" data-end=\"2283\" \/>\u2022 Tworzy jednolit\u0105 zabudow\u0119, kt\u00f3ra pasuje do nowoczesnych kuchni.<br data-start=\"2348\" data-end=\"2351\" \/>\u2022 Dzi\u0119ki kompaktowym wymiarom, doskonale sprawdza si\u0119 w przestronnych kuchniach, ale i w mniejszych wn\u0119trzach.<br data-start=\"2461\" data-end=\"2464\" \/>\u2022 \u0141\u0105czy funkcjonalno\u015b\u0107 okapu i przestrzeni do przechowywania, maksymalizuj\u0105c wykorzystanie dost\u0119pnej przestrzeni.<\/p>\n<h3 data-start=\"2584\" data-end=\"2751\">Meble kuchenne KAM to dobre rozwi\u0105zanie<\/h3>\n<p data-start=\"2584\" data-end=\"2751\" data-is-last-node=\"\" data-is-only-node=\"\">Szafka wisz\u0105ca <strong data-start=\"2599\" data-end=\"2616\">BWP3B60.1\/100<\/strong> z wbudowanym okapem P3B to idealne rozwi\u0105zanie dla os\u00f3b, kt\u00f3re ceni\u0105 elegancki wygl\u0105d, funkcjonalno\u015b\u0107 i efektywn\u0105 wentylacj\u0119 w kuchni.<\/p>\n","protected":false},"excerpt":{"rendered":"<h2 data-start=\"0\" data-end=\"70\">Szafka Wisz\u0105ca G\u0142\u0119boka BWP3B60.1\/100 z Wbudowanym Okapem<\/h2>\n<p data-start=\"119\" data-end=\"405\">Szafka wisz\u0105ca <strong data-start=\"134\" data-end=\"151\">BWP3B60.1\/100<\/strong> z wbudowanym okapem P3B to idealna opcja do zabudowy nowoczesnej kuchni. Dzi\u0119ki temu rozwi\u0105zaniu, \u0142\u0105czysz funkcjonalno\u015b\u0107 okapu z estetyk\u0105 szafki, tworz\u0105c sp\u00f3jn\u0105 i przestronn\u0105 zabudow\u0119, kt\u00f3ra skutecznie oczyszcza powietrze, zapewniaj\u0105c komfort gotowania.<\/p>\n","protected":false},"featured_media":60187,"template":"","meta":[],"product_brand":[710],"product_cat":[778,785,775,777,454,471,487,528],"product_tag":[],"class_list":{"0":"post-52596","1":"product","2":"type-product","3":"status-publish","4":"has-post-thumbnail","6":"product_brand-meble-kam","7":"product_cat-szafki-kuchenne-wiszace-sklep","8":"product_cat-szafki-okapowe-sklep","9":"product_cat-wszystko","10":"product_cat-zabudowa-agd-sklep","11":"product_cat-meble-kam-mono","12":"product_cat-szafki-agd","13":"product_cat-szafki-z-okapem-podszafkowym","14":"product_cat-szafki-z-okapem-podszafkowym-100","15":"product_shipping_class-szafka-wiszaca-kam","16":"pa_front-f10","17":"pa_front-f11","18":"pa_front-f4","19":"pa_front-f6","20":"pa_front-f7","21":"pa_front-f8","22":"pa_front-fg2","23":"pa_front-k2","24":"pa_front-kc2","25":"pa_front-kc4","26":"pa_front-l4-mat","27":"pa_front-l4-polysk","28":"pa_front-m4","29":"pa_front-os_2","30":"pa_front-os_2black","31":"pa_front-p00","32":"pa_front-p2","33":"pa_front-p4","35":"first","36":"instock","37":"shipping-taxable","38":"purchasable","39":"product-type-variable"},"yoast_head":"<!-- This site is optimized with the Yoast SEO Premium plugin v25.0 (Yoast SEO v25.0) - https:\/\/yoast.com\/wordpress\/plugins\/seo\/ -->\n<title>Szafka Wisz\u0105ca G\u0142\u0119boka BWP3B60.1\/100 z Okapem<\/title>\n<meta name=\"description\" content=\"Szafka Wisz\u0105ca BWP3B60.1\/100 z Wbudowanym Okapem - dzi\u0119ki temu rozwi\u0105zaniu, \u0142\u0105czysz funkcjonalno\u015b\u0107 okapu z estetyk\u0105 szafki, tworz\u0105c sp\u00f3jn\u0105 zabudow\u0119\" \/>\n<meta name=\"robots\" content=\"index, follow, max-snippet:-1, max-image-preview:large, max-video-preview:-1\" \/>\n<link rel=\"canonical\" href=\"https:\/\/meblekuchenne.pl\/sklep\/product\/szafka-wiszaca-gleboka-bwp3b60-1-100-okap-kuchenny-podszafkowy-slim-kammono\/\" \/>\n<meta property=\"og:locale\" content=\"pl_PL\" \/>\n<meta property=\"og:type\" content=\"article\" \/>\n<meta property=\"og:title\" content=\"Szafka wisz\u0105ca g\u0142\u0119boka BWP3B60.1\/100 -okap kuchenny podszafkowy Slim - KamMono\" \/>\n<meta property=\"og:description\" content=\"Szafka Wisz\u0105ca BWP3B60.1\/100 z Wbudowanym Okapem - dzi\u0119ki temu rozwi\u0105zaniu, \u0142\u0105czysz funkcjonalno\u015b\u0107 okapu z estetyk\u0105 szafki, tworz\u0105c sp\u00f3jn\u0105 zabudow\u0119\" \/>\n<meta property=\"og:url\" content=\"https:\/\/meblekuchenne.pl\/sklep\/product\/szafka-wiszaca-gleboka-bwp3b60-1-100-okap-kuchenny-podszafkowy-slim-kammono\/\" \/>\n<meta property=\"og:site_name\" content=\"MebleKuchenne.PL - SKLEP\" \/>\n<meta property=\"article:modified_time\" content=\"2026-04-01T11:18:45+00:00\" \/>\n<meta property=\"og:image\" content=\"https:\/\/meblekuchenne.pl\/sklep\/wp-content\/uploads\/2025\/02\/WP3B60.1-100.webp\" \/>\n\t<meta property=\"og:image:width\" content=\"1600\" \/>\n\t<meta property=\"og:image:height\" content=\"1080\" \/>\n\t<meta property=\"og:image:type\" content=\"image\/webp\" \/>\n<meta name=\"twitter:card\" content=\"summary_large_image\" \/>\n<meta name=\"twitter:label1\" content=\"Dost\u0119pno\u015b\u0107\" \/>\n\t<meta name=\"twitter:data1\" content=\"Dost\u0119pny\" \/>\n<script type=\"application\/ld+json\" class=\"yoast-schema-graph\">{\"@context\":\"https:\/\/schema.org\",\"@graph\":[{\"@type\":\"WebPage\",\"@id\":\"https:\/\/meblekuchenne.pl\/sklep\/product\/szafka-wiszaca-gleboka-bwp3b60-1-100-okap-kuchenny-podszafkowy-slim-kammono\/\",\"url\":\"https:\/\/meblekuchenne.pl\/sklep\/product\/szafka-wiszaca-gleboka-bwp3b60-1-100-okap-kuchenny-podszafkowy-slim-kammono\/\",\"name\":\"Szafka Wisz\u0105ca G\u0142\u0119boka BWP3B60.1\/100 z Okapem\",\"isPartOf\":{\"@id\":\"https:\/\/meblekuchenne.pl\/sklep\/#website\"},\"primaryImageOfPage\":{\"@id\":\"https:\/\/meblekuchenne.pl\/sklep\/product\/szafka-wiszaca-gleboka-bwp3b60-1-100-okap-kuchenny-podszafkowy-slim-kammono\/#primaryimage\"},\"image\":{\"@id\":\"https:\/\/meblekuchenne.pl\/sklep\/product\/szafka-wiszaca-gleboka-bwp3b60-1-100-okap-kuchenny-podszafkowy-slim-kammono\/#primaryimage\"},\"thumbnailUrl\":\"https:\/\/meblekuchenne.pl\/sklep\/wp-content\/uploads\/2025\/02\/WP3B60.1-100.webp\",\"datePublished\":\"2025-02-21T19:21:32+00:00\",\"dateModified\":\"2026-04-01T11:18:45+00:00\",\"description\":\"Szafka Wisz\u0105ca BWP3B60.1\/100 z Wbudowanym Okapem - dzi\u0119ki temu rozwi\u0105zaniu, \u0142\u0105czysz funkcjonalno\u015b\u0107 okapu z estetyk\u0105 szafki, tworz\u0105c sp\u00f3jn\u0105 zabudow\u0119\",\"breadcrumb\":{\"@id\":\"https:\/\/meblekuchenne.pl\/sklep\/product\/szafka-wiszaca-gleboka-bwp3b60-1-100-okap-kuchenny-podszafkowy-slim-kammono\/#breadcrumb\"},\"inLanguage\":\"pl-PL\",\"potentialAction\":[{\"@type\":\"ReadAction\",\"target\":[\"https:\/\/meblekuchenne.pl\/sklep\/product\/szafka-wiszaca-gleboka-bwp3b60-1-100-okap-kuchenny-podszafkowy-slim-kammono\/\"]}]},{\"@type\":\"ImageObject\",\"inLanguage\":\"pl-PL\",\"@id\":\"https:\/\/meblekuchenne.pl\/sklep\/product\/szafka-wiszaca-gleboka-bwp3b60-1-100-okap-kuchenny-podszafkowy-slim-kammono\/#primaryimage\",\"url\":\"https:\/\/meblekuchenne.pl\/sklep\/wp-content\/uploads\/2025\/02\/WP3B60.1-100.webp\",\"contentUrl\":\"https:\/\/meblekuchenne.pl\/sklep\/wp-content\/uploads\/2025\/02\/WP3B60.1-100.webp\",\"width\":1600,\"height\":1080},{\"@type\":\"BreadcrumbList\",\"@id\":\"https:\/\/meblekuchenne.pl\/sklep\/product\/szafka-wiszaca-gleboka-bwp3b60-1-100-okap-kuchenny-podszafkowy-slim-kammono\/#breadcrumb\",\"itemListElement\":[{\"@type\":\"ListItem\",\"position\":1,\"name\":\"Strona g\u0142\u00f3wna\",\"item\":\"https:\/\/meblekuchenne.pl\/sklep\/\"},{\"@type\":\"ListItem\",\"position\":2,\"name\":\"Sklep\",\"item\":\"https:\/\/meblekuchenne.pl\/sklep\/sklep\/\"},{\"@type\":\"ListItem\",\"position\":3,\"name\":\"Szafka wisz\u0105ca g\u0142\u0119boka BWP3B60.1\/100 -okap kuchenny podszafkowy Slim &#8211; KamMono\"}]},{\"@type\":\"WebSite\",\"@id\":\"https:\/\/meblekuchenne.pl\/sklep\/#website\",\"url\":\"https:\/\/meblekuchenne.pl\/sklep\/\",\"name\":\"MebleKuchenne.PL - SKLEP\",\"description\":\"\",\"publisher\":{\"@id\":\"https:\/\/meblekuchenne.pl\/sklep\/#organization\"},\"potentialAction\":[{\"@type\":\"SearchAction\",\"target\":{\"@type\":\"EntryPoint\",\"urlTemplate\":\"https:\/\/meblekuchenne.pl\/sklep\/?s={search_term_string}\"},\"query-input\":{\"@type\":\"PropertyValueSpecification\",\"valueRequired\":true,\"valueName\":\"search_term_string\"}}],\"inLanguage\":\"pl-PL\"},{\"@type\":\"Organization\",\"@id\":\"https:\/\/meblekuchenne.pl\/sklep\/#organization\",\"name\":\"MebleKuchenne.PL - SKLEP\",\"url\":\"https:\/\/meblekuchenne.pl\/sklep\/\",\"logo\":{\"@type\":\"ImageObject\",\"inLanguage\":\"pl-PL\",\"@id\":\"https:\/\/meblekuchenne.pl\/sklep\/#\/schema\/logo\/image\/\",\"url\":\"https:\/\/meblekuchenne.pl\/sklep\/wp-content\/uploads\/2025\/06\/cropped-cropped-logo.webp\",\"contentUrl\":\"https:\/\/meblekuchenne.pl\/sklep\/wp-content\/uploads\/2025\/06\/cropped-cropped-logo.webp\",\"width\":735,\"height\":715,\"caption\":\"MebleKuchenne.PL - SKLEP\"},\"image\":{\"@id\":\"https:\/\/meblekuchenne.pl\/sklep\/#\/schema\/logo\/image\/\"}}]}<\/script>\n<meta property=\"og:availability\" content=\"instock\" \/>\n<meta property=\"product:availability\" content=\"instock\" \/>\n<meta property=\"product:retailer_item_id\" content=\"BWP3B60.1\/100\" \/>\n<meta property=\"product:condition\" content=\"new\" \/>\n<!-- \/ Yoast SEO Premium plugin. -->","yoast_head_json":{"title":"Szafka Wisz\u0105ca G\u0142\u0119boka BWP3B60.1\/100 z Okapem","description":"Szafka Wisz\u0105ca BWP3B60.1\/100 z Wbudowanym Okapem - dzi\u0119ki temu rozwi\u0105zaniu, \u0142\u0105czysz funkcjonalno\u015b\u0107 okapu z estetyk\u0105 szafki, tworz\u0105c sp\u00f3jn\u0105 zabudow\u0119","robots":{"index":"index","follow":"follow","max-snippet":"max-snippet:-1","max-image-preview":"max-image-preview:large","max-video-preview":"max-video-preview:-1"},"canonical":"https:\/\/meblekuchenne.pl\/sklep\/product\/szafka-wiszaca-gleboka-bwp3b60-1-100-okap-kuchenny-podszafkowy-slim-kammono\/","og_locale":"pl_PL","og_type":"article","og_title":"Szafka wisz\u0105ca g\u0142\u0119boka BWP3B60.1\/100 -okap kuchenny podszafkowy Slim - KamMono","og_description":"Szafka Wisz\u0105ca BWP3B60.1\/100 z Wbudowanym Okapem - dzi\u0119ki temu rozwi\u0105zaniu, \u0142\u0105czysz funkcjonalno\u015b\u0107 okapu z estetyk\u0105 szafki, tworz\u0105c sp\u00f3jn\u0105 zabudow\u0119","og_url":"https:\/\/meblekuchenne.pl\/sklep\/product\/szafka-wiszaca-gleboka-bwp3b60-1-100-okap-kuchenny-podszafkowy-slim-kammono\/","og_site_name":"MebleKuchenne.PL - SKLEP","article_modified_time":"2026-04-01T11:18:45+00:00","og_image":[{"width":1600,"height":1080,"url":"https:\/\/meblekuchenne.pl\/sklep\/wp-content\/uploads\/2025\/02\/WP3B60.1-100.webp","type":"image\/webp"}],"twitter_card":"summary_large_image","twitter_misc":{"Dost\u0119pno\u015b\u0107":"Dost\u0119pny"},"schema":{"@context":"https:\/\/schema.org","@graph":[{"@type":"WebPage","@id":"https:\/\/meblekuchenne.pl\/sklep\/product\/szafka-wiszaca-gleboka-bwp3b60-1-100-okap-kuchenny-podszafkowy-slim-kammono\/","url":"https:\/\/meblekuchenne.pl\/sklep\/product\/szafka-wiszaca-gleboka-bwp3b60-1-100-okap-kuchenny-podszafkowy-slim-kammono\/","name":"Szafka Wisz\u0105ca G\u0142\u0119boka BWP3B60.1\/100 z Okapem","isPartOf":{"@id":"https:\/\/meblekuchenne.pl\/sklep\/#website"},"primaryImageOfPage":{"@id":"https:\/\/meblekuchenne.pl\/sklep\/product\/szafka-wiszaca-gleboka-bwp3b60-1-100-okap-kuchenny-podszafkowy-slim-kammono\/#primaryimage"},"image":{"@id":"https:\/\/meblekuchenne.pl\/sklep\/product\/szafka-wiszaca-gleboka-bwp3b60-1-100-okap-kuchenny-podszafkowy-slim-kammono\/#primaryimage"},"thumbnailUrl":"https:\/\/meblekuchenne.pl\/sklep\/wp-content\/uploads\/2025\/02\/WP3B60.1-100.webp","datePublished":"2025-02-21T19:21:32+00:00","dateModified":"2026-04-01T11:18:45+00:00","description":"Szafka Wisz\u0105ca BWP3B60.1\/100 z Wbudowanym Okapem - dzi\u0119ki temu rozwi\u0105zaniu, \u0142\u0105czysz funkcjonalno\u015b\u0107 okapu z estetyk\u0105 szafki, tworz\u0105c sp\u00f3jn\u0105 zabudow\u0119","breadcrumb":{"@id":"https:\/\/meblekuchenne.pl\/sklep\/product\/szafka-wiszaca-gleboka-bwp3b60-1-100-okap-kuchenny-podszafkowy-slim-kammono\/#breadcrumb"},"inLanguage":"pl-PL","potentialAction":[{"@type":"ReadAction","target":["https:\/\/meblekuchenne.pl\/sklep\/product\/szafka-wiszaca-gleboka-bwp3b60-1-100-okap-kuchenny-podszafkowy-slim-kammono\/"]}]},{"@type":"ImageObject","inLanguage":"pl-PL","@id":"https:\/\/meblekuchenne.pl\/sklep\/product\/szafka-wiszaca-gleboka-bwp3b60-1-100-okap-kuchenny-podszafkowy-slim-kammono\/#primaryimage","url":"https:\/\/meblekuchenne.pl\/sklep\/wp-content\/uploads\/2025\/02\/WP3B60.1-100.webp","contentUrl":"https:\/\/meblekuchenne.pl\/sklep\/wp-content\/uploads\/2025\/02\/WP3B60.1-100.webp","width":1600,"height":1080},{"@type":"BreadcrumbList","@id":"https:\/\/meblekuchenne.pl\/sklep\/product\/szafka-wiszaca-gleboka-bwp3b60-1-100-okap-kuchenny-podszafkowy-slim-kammono\/#breadcrumb","itemListElement":[{"@type":"ListItem","position":1,"name":"Strona g\u0142\u00f3wna","item":"https:\/\/meblekuchenne.pl\/sklep\/"},{"@type":"ListItem","position":2,"name":"Sklep","item":"https:\/\/meblekuchenne.pl\/sklep\/sklep\/"},{"@type":"ListItem","position":3,"name":"Szafka wisz\u0105ca g\u0142\u0119boka BWP3B60.1\/100 -okap kuchenny podszafkowy Slim &#8211; KamMono"}]},{"@type":"WebSite","@id":"https:\/\/meblekuchenne.pl\/sklep\/#website","url":"https:\/\/meblekuchenne.pl\/sklep\/","name":"MebleKuchenne.PL - SKLEP","description":"","publisher":{"@id":"https:\/\/meblekuchenne.pl\/sklep\/#organization"},"potentialAction":[{"@type":"SearchAction","target":{"@type":"EntryPoint","urlTemplate":"https:\/\/meblekuchenne.pl\/sklep\/?s={search_term_string}"},"query-input":{"@type":"PropertyValueSpecification","valueRequired":true,"valueName":"search_term_string"}}],"inLanguage":"pl-PL"},{"@type":"Organization","@id":"https:\/\/meblekuchenne.pl\/sklep\/#organization","name":"MebleKuchenne.PL - SKLEP","url":"https:\/\/meblekuchenne.pl\/sklep\/","logo":{"@type":"ImageObject","inLanguage":"pl-PL","@id":"https:\/\/meblekuchenne.pl\/sklep\/#\/schema\/logo\/image\/","url":"https:\/\/meblekuchenne.pl\/sklep\/wp-content\/uploads\/2025\/06\/cropped-cropped-logo.webp","contentUrl":"https:\/\/meblekuchenne.pl\/sklep\/wp-content\/uploads\/2025\/06\/cropped-cropped-logo.webp","width":735,"height":715,"caption":"MebleKuchenne.PL - SKLEP"},"image":{"@id":"https:\/\/meblekuchenne.pl\/sklep\/#\/schema\/logo\/image\/"}}]},"og_availability":"instock","product_availability":"instock","product_retailer_item_id":"BWP3B60.1\/100","product_condition":"new"},"_links":{"self":[{"href":"https:\/\/meblekuchenne.pl\/sklep\/wp-json\/wp\/v2\/product\/52596","targetHints":{"allow":["GET"]}}],"collection":[{"href":"https:\/\/meblekuchenne.pl\/sklep\/wp-json\/wp\/v2\/product"}],"about":[{"href":"https:\/\/meblekuchenne.pl\/sklep\/wp-json\/wp\/v2\/types\/product"}],"wp:featuredmedia":[{"embeddable":true,"href":"https:\/\/meblekuchenne.pl\/sklep\/wp-json\/wp\/v2\/media\/60187"}],"wp:attachment":[{"href":"https:\/\/meblekuchenne.pl\/sklep\/wp-json\/wp\/v2\/media?parent=52596"}],"wp:term":[{"taxonomy":"product_brand","embeddable":true,"href":"https:\/\/meblekuchenne.pl\/sklep\/wp-json\/wp\/v2\/product_brand?post=52596"},{"taxonomy":"product_cat","embeddable":true,"href":"https:\/\/meblekuchenne.pl\/sklep\/wp-json\/wp\/v2\/product_cat?post=52596"},{"taxonomy":"product_tag","embeddable":true,"href":"https:\/\/meblekuchenne.pl\/sklep\/wp-json\/wp\/v2\/product_tag?post=52596"}],"curies":[{"name":"wp","href":"https:\/\/api.w.org\/{rel}","templated":true}]}}