{"id":52566,"date":"2025-02-21T20:21:10","date_gmt":"2025-02-21T19:21:10","guid":{"rendered":"https:\/\/meblekuchenne.pl\/sklep\/?post_type=product&#038;p=52566"},"modified":"2026-04-01T13:18:46","modified_gmt":"2026-04-01T11:18:46","slug":"szafka-wiszaca-gleboka-bwp3b60-1-90-okap-kuchenny-podszafkowy-slim-kammono","status":"publish","type":"product","link":"https:\/\/meblekuchenne.pl\/sklep\/product\/szafka-wiszaca-gleboka-bwp3b60-1-90-okap-kuchenny-podszafkowy-slim-kammono\/","title":{"rendered":"Szafka wisz\u0105ca g\u0142\u0119boka BWP3B60.1\/90 -okap kuchenny podszafkowy Slim &#8211; KamMono"},"content":{"rendered":"<h2 data-start=\"0\" data-end=\"69\">Szafka Wisz\u0105ca G\u0142\u0119boka BWP3B60.1\/90 z Wbudowanym Okapem<\/h2>\n<p>Szafka z wbudowanym okapem P3B &#8211; szer. 60 cm, wys. 90 cm, g\u0142. 36 cm<\/p>\n<h3 data-start=\"71\" data-end=\"114\">Nowoczesne Rozwi\u0105zanie do Twojej Kuchni<\/h3>\n<p data-start=\"115\" data-end=\"474\">Szafka wisz\u0105ca <strong data-start=\"130\" data-end=\"146\">BWP3B60.1\/90<\/strong> z wbudowanym okapem P3B to funkcjonalne i estetyczne rozwi\u0105zanie do kuchni, w kt\u00f3rym liczy si\u0119 zar\u00f3wno przestronno\u015b\u0107, jak i wydajno\u015b\u0107. Dzi\u0119ki temu okapowi Twoja kuchnia pozostanie wolna od nieprzyjemnych zapach\u00f3w, t\u0142uszczu oraz pary. Jest to \u015bwietny wyb\u00f3r dla os\u00f3b, kt\u00f3re ceni\u0105 efektywno\u015b\u0107 oraz nowoczesny wygl\u0105d swojej kuchni.<\/p>\n<h3 data-start=\"476\" data-end=\"504\">Wymiary i Specyfikacja<\/h3>\n<p data-start=\"505\" data-end=\"578\">\u2022 <strong data-start=\"507\" data-end=\"521\">Szeroko\u015b\u0107:<\/strong> 60 cm<br data-start=\"527\" data-end=\"530\" \/>\u2022 <strong data-start=\"532\" data-end=\"545\">Wysoko\u015b\u0107:<\/strong> 90 cm<br data-start=\"551\" data-end=\"554\" \/>\u2022 <strong data-start=\"556\" data-end=\"570\">G\u0142\u0119boko\u015b\u0107:<\/strong> 36 cm<\/p>\n<p data-start=\"580\" data-end=\"865\">Szafka <strong data-start=\"587\" data-end=\"603\">BWP3B60.1\/90<\/strong> ma odpowiedni\u0105 g\u0142\u0119boko\u015b\u0107, aby zapewni\u0107 przestronno\u015b\u0107, jednocze\u015bnie mieszcz\u0105c wydajny okap P3B. Dzi\u0119ki kompaktowym wymiarom szafka \u015bwietnie sprawdzi si\u0119 zar\u00f3wno w mniejszych, jak i wi\u0119kszych kuchniach, pozwalaj\u0105c na \u0142atw\u0105 integracj\u0119 z innymi elementami zabudowy.<\/p>\n<h3 data-start=\"867\" data-end=\"939\">Wbudowany Okap P3B \u2013 Skuteczna Wentylacja i Nowoczesna Technologia<\/h3>\n<p data-start=\"940\" data-end=\"1283\">Okap <strong data-start=\"945\" data-end=\"952\">P3B<\/strong> to teleskopowy model o doskona\u0142ej wydajno\u015bci, kt\u00f3ry skutecznie usuwa nieprzyjemne zapachy, wilgo\u0107 oraz t\u0142uszcz w kuchni.<br data-start=\"1073\" data-end=\"1076\" \/>\u2022 <strong data-start=\"1078\" data-end=\"1088\">Kolor:<\/strong> Bia\u0142y<br data-start=\"1094\" data-end=\"1097\" \/>\u2022 <strong data-start=\"1099\" data-end=\"1113\">Wydajno\u015b\u0107:<\/strong> 61 m\u00b3\/h<br data-start=\"1121\" data-end=\"1124\" \/>\u2022 <strong data-start=\"1126\" data-end=\"1140\">Pr\u0119dko\u015bci:<\/strong> 3<br data-start=\"1142\" data-end=\"1145\" \/>\u2022 <strong data-start=\"1147\" data-end=\"1163\">O\u015bwietlenie:<\/strong> Zintegrowany LED 5W<br data-start=\"1183\" data-end=\"1186\" \/>\u2022 <strong data-start=\"1188\" data-end=\"1202\" data-is-only-node=\"\">Producent:<\/strong> Maan<br data-start=\"1207\" data-end=\"1210\" \/>\u2022 <strong data-start=\"1212\" data-end=\"1230\">Dedykowany do:<\/strong> P\u0142yty indukcyjnej (minimalna wysoko\u015b\u0107 monta\u017cu 50 cm)<\/p>\n<h3 data-start=\"1285\" data-end=\"1316\">Zalet Szafki BWP3B60.1\/90<\/h3>\n<p data-start=\"1317\" data-end=\"1884\">\u2022 <strong data-start=\"1319\" data-end=\"1344\">Skuteczna Wentylacja:<\/strong> Okap P3B o wydajno\u015bci 61 m\u00b3\/h zapewnia efektywne usuwanie zapach\u00f3w i pary, co znacz\u0105co poprawia komfort gotowania.<br data-start=\"1459\" data-end=\"1462\" \/>\u2022 <strong data-start=\"1464\" data-end=\"1497\">Zaawansowane O\u015bwietlenie LED:<\/strong> Zintegrowany pasek LED 5W daje jasne o\u015bwietlenie, poprawiaj\u0105c widoczno\u015b\u0107 podczas gotowania.<br data-start=\"1589\" data-end=\"1592\" \/>\u2022 <strong data-start=\"1594\" data-end=\"1635\">Funkcjonalno\u015b\u0107 i Oszcz\u0119dno\u015b\u0107 Miejsca:<\/strong> Szafka \u0142\u0105czy przestronno\u015b\u0107 okapu z pojemno\u015bci\u0105 do przechowywania, pozwalaj\u0105c na efektywnie zagospodarowa\u0107 meble kuchenne.<br data-start=\"1764\" data-end=\"1767\" \/>\u2022 <strong data-start=\"1769\" data-end=\"1788\">Prosta Obs\u0142uga:<\/strong> Okap oferuje trzy pr\u0119dko\u015bci wentylacji, kt\u00f3re mo\u017cna \u0142atwo dostosowa\u0107 do indywidualnych potrzeb.<\/p>\n<h3 data-start=\"1886\" data-end=\"1938\">Dlaczego Szafka BWP3B60.1\/90 To Idealny Wyb\u00f3r?<\/h3>\n<p data-start=\"1939\" data-end=\"2348\">Wybieraj\u0105c szafk\u0119 <strong data-start=\"1957\" data-end=\"1973\">BWP3B60.1\/90<\/strong>, decydujesz si\u0119 na produkt, kt\u00f3ry:<br data-start=\"2008\" data-end=\"2011\" \/>\u2022 Zapewnia skuteczn\u0105 wentylacj\u0119 dzi\u0119ki okapowi P3B o wydajno\u015bci 61 m\u00b3\/h, kt\u00f3ry skutecznie radzi sobie z zapachami i wilgoci\u0105.<br data-start=\"2136\" data-end=\"2139\" \/>\u2022 \u0141\u0105czy funkcjonalno\u015b\u0107 z eleganckim designem, idealnie komponuj\u0105c si\u0119 z innymi elementami zabudowy kuchennej.<br data-start=\"2248\" data-end=\"2251\" \/>\u2022 Oferuje efektywne o\u015bwietlenie dzi\u0119ki wbudowanemu paskowi LED 5W, zapewniaj\u0105c komfort gotowania.<\/p>\n<h3 data-start=\"1939\" data-end=\"2348\">Meble kuchenne KAM &#8211; znajd\u017a swoj\u0105 wymarzon\u0105 kuchni\u0119<\/h3>\n<p data-start=\"2355\" data-end=\"2573\" data-is-last-node=\"\" data-is-only-node=\"\">Szafka wisz\u0105ca <strong data-start=\"2370\" data-end=\"2386\">BWP3B60.1\/90<\/strong> z okapem P3B to doskona\u0142e rozwi\u0105zanie dla kuchni, kt\u00f3re \u0142\u0105czy nowoczesny wygl\u0105d, funkcjonalno\u015b\u0107 i wydajno\u015b\u0107, tworz\u0105c przestronn\u0105, estetyczn\u0105 i dobrze wentylowan\u0105 przestrze\u0144 do gotowania.<\/p>\n","protected":false},"excerpt":{"rendered":"<h2 data-start=\"0\" data-end=\"69\">Szafka Wisz\u0105ca G\u0142\u0119boka BWP3B60.1\/90 z Wbudowanym Okapem<\/h2>\n<p>Szafka z wbudowanym okapem P3B &#8211; szer. 60 cm, wys. 90 cm, g\u0142. 36 cm<\/p>\n<h3 data-start=\"71\" data-end=\"114\">Nowoczesne Rozwi\u0105zanie do Twojej Kuchni<\/h3>\n<p data-start=\"115\" data-end=\"474\">Szafka wisz\u0105ca <strong data-start=\"130\" data-end=\"146\">BWP3B60.1\/90<\/strong> z wbudowanym okapem P3B to funkcjonalne i estetyczne rozwi\u0105zanie do kuchni, w kt\u00f3rym liczy si\u0119 zar\u00f3wno przestronno\u015b\u0107, jak i wydajno\u015b\u0107. Dzi\u0119ki temu okapowi Twoja kuchnia pozostanie wolna od nieprzyjemnych zapach\u00f3w, t\u0142uszczu oraz pary. Jest to \u015bwietny wyb\u00f3r dla os\u00f3b, kt\u00f3re ceni\u0105 efektywno\u015b\u0107 oraz nowoczesny wygl\u0105d swojej kuchni.<\/p>\n","protected":false},"featured_media":60188,"template":"","meta":[],"product_brand":[710],"product_cat":[778,785,775,777,454,471,487,527],"product_tag":[],"class_list":{"0":"post-52566","1":"product","2":"type-product","3":"status-publish","4":"has-post-thumbnail","6":"product_brand-meble-kam","7":"product_cat-szafki-kuchenne-wiszace-sklep","8":"product_cat-szafki-okapowe-sklep","9":"product_cat-wszystko","10":"product_cat-zabudowa-agd-sklep","11":"product_cat-meble-kam-mono","12":"product_cat-szafki-agd","13":"product_cat-szafki-z-okapem-podszafkowym","14":"product_cat-szafki-z-okapem-podszafkowym-90","15":"product_shipping_class-szafka-wiszaca-kam","16":"pa_front-f10","17":"pa_front-f11","18":"pa_front-f4","19":"pa_front-f6","20":"pa_front-f7","21":"pa_front-f8","22":"pa_front-fg2","23":"pa_front-k2","24":"pa_front-kc2","25":"pa_front-kc4","26":"pa_front-l4-mat","27":"pa_front-l4-polysk","28":"pa_front-m4","29":"pa_front-os_2","30":"pa_front-os_2black","31":"pa_front-p00","32":"pa_front-p2","33":"pa_front-p4","35":"first","36":"instock","37":"shipping-taxable","38":"purchasable","39":"product-type-variable"},"yoast_head":"<!-- This site is optimized with the Yoast SEO Premium plugin v25.0 (Yoast SEO v25.0) - https:\/\/yoast.com\/wordpress\/plugins\/seo\/ -->\n<title>Szafka Wisz\u0105ca BWP3B60.1\/90 z Okapem<\/title>\n<meta name=\"description\" content=\"Szafka Wisz\u0105ca BWP3B60.1\/90 z Okapem to doskona\u0142e rozwi\u0105zanie, kt\u00f3re \u0142\u0105czy nowoczesny wygl\u0105d i wydajno\u015b\u0107, tworz\u0105c dobrze wentylowan\u0105 przestrze\u0144 do gotowania\" \/>\n<meta name=\"robots\" content=\"index, follow, max-snippet:-1, max-image-preview:large, max-video-preview:-1\" \/>\n<link rel=\"canonical\" href=\"https:\/\/meblekuchenne.pl\/sklep\/product\/szafka-wiszaca-gleboka-bwp3b60-1-90-okap-kuchenny-podszafkowy-slim-kammono\/\" \/>\n<meta property=\"og:locale\" content=\"pl_PL\" \/>\n<meta property=\"og:type\" content=\"article\" \/>\n<meta property=\"og:title\" content=\"Szafka wisz\u0105ca g\u0142\u0119boka BWP3B60.1\/90 -okap kuchenny podszafkowy Slim - KamMono\" \/>\n<meta property=\"og:description\" content=\"Szafka Wisz\u0105ca BWP3B60.1\/90 z Okapem to doskona\u0142e rozwi\u0105zanie, kt\u00f3re \u0142\u0105czy nowoczesny wygl\u0105d i wydajno\u015b\u0107, tworz\u0105c dobrze wentylowan\u0105 przestrze\u0144 do gotowania\" \/>\n<meta property=\"og:url\" content=\"https:\/\/meblekuchenne.pl\/sklep\/product\/szafka-wiszaca-gleboka-bwp3b60-1-90-okap-kuchenny-podszafkowy-slim-kammono\/\" \/>\n<meta property=\"og:site_name\" content=\"MebleKuchenne.PL - SKLEP\" \/>\n<meta property=\"article:modified_time\" content=\"2026-04-01T11:18:46+00:00\" \/>\n<meta property=\"og:image\" content=\"https:\/\/meblekuchenne.pl\/sklep\/wp-content\/uploads\/2025\/02\/WP3B60.1-90.webp\" \/>\n\t<meta property=\"og:image:width\" content=\"1600\" \/>\n\t<meta property=\"og:image:height\" content=\"1080\" \/>\n\t<meta property=\"og:image:type\" content=\"image\/webp\" \/>\n<meta name=\"twitter:card\" content=\"summary_large_image\" \/>\n<meta name=\"twitter:label1\" content=\"Dost\u0119pno\u015b\u0107\" \/>\n\t<meta name=\"twitter:data1\" content=\"Dost\u0119pny\" \/>\n<script type=\"application\/ld+json\" class=\"yoast-schema-graph\">{\"@context\":\"https:\/\/schema.org\",\"@graph\":[{\"@type\":\"WebPage\",\"@id\":\"https:\/\/meblekuchenne.pl\/sklep\/product\/szafka-wiszaca-gleboka-bwp3b60-1-90-okap-kuchenny-podszafkowy-slim-kammono\/\",\"url\":\"https:\/\/meblekuchenne.pl\/sklep\/product\/szafka-wiszaca-gleboka-bwp3b60-1-90-okap-kuchenny-podszafkowy-slim-kammono\/\",\"name\":\"Szafka Wisz\u0105ca BWP3B60.1\/90 z Okapem\",\"isPartOf\":{\"@id\":\"https:\/\/meblekuchenne.pl\/sklep\/#website\"},\"primaryImageOfPage\":{\"@id\":\"https:\/\/meblekuchenne.pl\/sklep\/product\/szafka-wiszaca-gleboka-bwp3b60-1-90-okap-kuchenny-podszafkowy-slim-kammono\/#primaryimage\"},\"image\":{\"@id\":\"https:\/\/meblekuchenne.pl\/sklep\/product\/szafka-wiszaca-gleboka-bwp3b60-1-90-okap-kuchenny-podszafkowy-slim-kammono\/#primaryimage\"},\"thumbnailUrl\":\"https:\/\/meblekuchenne.pl\/sklep\/wp-content\/uploads\/2025\/02\/WP3B60.1-90.webp\",\"datePublished\":\"2025-02-21T19:21:10+00:00\",\"dateModified\":\"2026-04-01T11:18:46+00:00\",\"description\":\"Szafka Wisz\u0105ca BWP3B60.1\/90 z Okapem to doskona\u0142e rozwi\u0105zanie, kt\u00f3re \u0142\u0105czy nowoczesny wygl\u0105d i wydajno\u015b\u0107, tworz\u0105c dobrze wentylowan\u0105 przestrze\u0144 do gotowania\",\"breadcrumb\":{\"@id\":\"https:\/\/meblekuchenne.pl\/sklep\/product\/szafka-wiszaca-gleboka-bwp3b60-1-90-okap-kuchenny-podszafkowy-slim-kammono\/#breadcrumb\"},\"inLanguage\":\"pl-PL\",\"potentialAction\":[{\"@type\":\"ReadAction\",\"target\":[\"https:\/\/meblekuchenne.pl\/sklep\/product\/szafka-wiszaca-gleboka-bwp3b60-1-90-okap-kuchenny-podszafkowy-slim-kammono\/\"]}]},{\"@type\":\"ImageObject\",\"inLanguage\":\"pl-PL\",\"@id\":\"https:\/\/meblekuchenne.pl\/sklep\/product\/szafka-wiszaca-gleboka-bwp3b60-1-90-okap-kuchenny-podszafkowy-slim-kammono\/#primaryimage\",\"url\":\"https:\/\/meblekuchenne.pl\/sklep\/wp-content\/uploads\/2025\/02\/WP3B60.1-90.webp\",\"contentUrl\":\"https:\/\/meblekuchenne.pl\/sklep\/wp-content\/uploads\/2025\/02\/WP3B60.1-90.webp\",\"width\":1600,\"height\":1080},{\"@type\":\"BreadcrumbList\",\"@id\":\"https:\/\/meblekuchenne.pl\/sklep\/product\/szafka-wiszaca-gleboka-bwp3b60-1-90-okap-kuchenny-podszafkowy-slim-kammono\/#breadcrumb\",\"itemListElement\":[{\"@type\":\"ListItem\",\"position\":1,\"name\":\"Strona g\u0142\u00f3wna\",\"item\":\"https:\/\/meblekuchenne.pl\/sklep\/\"},{\"@type\":\"ListItem\",\"position\":2,\"name\":\"Sklep\",\"item\":\"https:\/\/meblekuchenne.pl\/sklep\/sklep\/\"},{\"@type\":\"ListItem\",\"position\":3,\"name\":\"Szafka wisz\u0105ca g\u0142\u0119boka BWP3B60.1\/90 -okap kuchenny podszafkowy Slim &#8211; KamMono\"}]},{\"@type\":\"WebSite\",\"@id\":\"https:\/\/meblekuchenne.pl\/sklep\/#website\",\"url\":\"https:\/\/meblekuchenne.pl\/sklep\/\",\"name\":\"MebleKuchenne.PL - SKLEP\",\"description\":\"\",\"publisher\":{\"@id\":\"https:\/\/meblekuchenne.pl\/sklep\/#organization\"},\"potentialAction\":[{\"@type\":\"SearchAction\",\"target\":{\"@type\":\"EntryPoint\",\"urlTemplate\":\"https:\/\/meblekuchenne.pl\/sklep\/?s={search_term_string}\"},\"query-input\":{\"@type\":\"PropertyValueSpecification\",\"valueRequired\":true,\"valueName\":\"search_term_string\"}}],\"inLanguage\":\"pl-PL\"},{\"@type\":\"Organization\",\"@id\":\"https:\/\/meblekuchenne.pl\/sklep\/#organization\",\"name\":\"MebleKuchenne.PL - SKLEP\",\"url\":\"https:\/\/meblekuchenne.pl\/sklep\/\",\"logo\":{\"@type\":\"ImageObject\",\"inLanguage\":\"pl-PL\",\"@id\":\"https:\/\/meblekuchenne.pl\/sklep\/#\/schema\/logo\/image\/\",\"url\":\"https:\/\/meblekuchenne.pl\/sklep\/wp-content\/uploads\/2025\/06\/cropped-cropped-logo.webp\",\"contentUrl\":\"https:\/\/meblekuchenne.pl\/sklep\/wp-content\/uploads\/2025\/06\/cropped-cropped-logo.webp\",\"width\":735,\"height\":715,\"caption\":\"MebleKuchenne.PL - SKLEP\"},\"image\":{\"@id\":\"https:\/\/meblekuchenne.pl\/sklep\/#\/schema\/logo\/image\/\"}}]}<\/script>\n<meta property=\"og:availability\" content=\"instock\" \/>\n<meta property=\"product:availability\" content=\"instock\" \/>\n<meta property=\"product:retailer_item_id\" content=\"BWP3B60.1\/90\" \/>\n<meta property=\"product:condition\" content=\"new\" \/>\n<!-- \/ Yoast SEO Premium plugin. -->","yoast_head_json":{"title":"Szafka Wisz\u0105ca BWP3B60.1\/90 z Okapem","description":"Szafka Wisz\u0105ca BWP3B60.1\/90 z Okapem to doskona\u0142e rozwi\u0105zanie, kt\u00f3re \u0142\u0105czy nowoczesny wygl\u0105d i wydajno\u015b\u0107, tworz\u0105c dobrze wentylowan\u0105 przestrze\u0144 do gotowania","robots":{"index":"index","follow":"follow","max-snippet":"max-snippet:-1","max-image-preview":"max-image-preview:large","max-video-preview":"max-video-preview:-1"},"canonical":"https:\/\/meblekuchenne.pl\/sklep\/product\/szafka-wiszaca-gleboka-bwp3b60-1-90-okap-kuchenny-podszafkowy-slim-kammono\/","og_locale":"pl_PL","og_type":"article","og_title":"Szafka wisz\u0105ca g\u0142\u0119boka BWP3B60.1\/90 -okap kuchenny podszafkowy Slim - KamMono","og_description":"Szafka Wisz\u0105ca BWP3B60.1\/90 z Okapem to doskona\u0142e rozwi\u0105zanie, kt\u00f3re \u0142\u0105czy nowoczesny wygl\u0105d i wydajno\u015b\u0107, tworz\u0105c dobrze wentylowan\u0105 przestrze\u0144 do gotowania","og_url":"https:\/\/meblekuchenne.pl\/sklep\/product\/szafka-wiszaca-gleboka-bwp3b60-1-90-okap-kuchenny-podszafkowy-slim-kammono\/","og_site_name":"MebleKuchenne.PL - SKLEP","article_modified_time":"2026-04-01T11:18:46+00:00","og_image":[{"width":1600,"height":1080,"url":"https:\/\/meblekuchenne.pl\/sklep\/wp-content\/uploads\/2025\/02\/WP3B60.1-90.webp","type":"image\/webp"}],"twitter_card":"summary_large_image","twitter_misc":{"Dost\u0119pno\u015b\u0107":"Dost\u0119pny"},"schema":{"@context":"https:\/\/schema.org","@graph":[{"@type":"WebPage","@id":"https:\/\/meblekuchenne.pl\/sklep\/product\/szafka-wiszaca-gleboka-bwp3b60-1-90-okap-kuchenny-podszafkowy-slim-kammono\/","url":"https:\/\/meblekuchenne.pl\/sklep\/product\/szafka-wiszaca-gleboka-bwp3b60-1-90-okap-kuchenny-podszafkowy-slim-kammono\/","name":"Szafka Wisz\u0105ca BWP3B60.1\/90 z Okapem","isPartOf":{"@id":"https:\/\/meblekuchenne.pl\/sklep\/#website"},"primaryImageOfPage":{"@id":"https:\/\/meblekuchenne.pl\/sklep\/product\/szafka-wiszaca-gleboka-bwp3b60-1-90-okap-kuchenny-podszafkowy-slim-kammono\/#primaryimage"},"image":{"@id":"https:\/\/meblekuchenne.pl\/sklep\/product\/szafka-wiszaca-gleboka-bwp3b60-1-90-okap-kuchenny-podszafkowy-slim-kammono\/#primaryimage"},"thumbnailUrl":"https:\/\/meblekuchenne.pl\/sklep\/wp-content\/uploads\/2025\/02\/WP3B60.1-90.webp","datePublished":"2025-02-21T19:21:10+00:00","dateModified":"2026-04-01T11:18:46+00:00","description":"Szafka Wisz\u0105ca BWP3B60.1\/90 z Okapem to doskona\u0142e rozwi\u0105zanie, kt\u00f3re \u0142\u0105czy nowoczesny wygl\u0105d i wydajno\u015b\u0107, tworz\u0105c dobrze wentylowan\u0105 przestrze\u0144 do gotowania","breadcrumb":{"@id":"https:\/\/meblekuchenne.pl\/sklep\/product\/szafka-wiszaca-gleboka-bwp3b60-1-90-okap-kuchenny-podszafkowy-slim-kammono\/#breadcrumb"},"inLanguage":"pl-PL","potentialAction":[{"@type":"ReadAction","target":["https:\/\/meblekuchenne.pl\/sklep\/product\/szafka-wiszaca-gleboka-bwp3b60-1-90-okap-kuchenny-podszafkowy-slim-kammono\/"]}]},{"@type":"ImageObject","inLanguage":"pl-PL","@id":"https:\/\/meblekuchenne.pl\/sklep\/product\/szafka-wiszaca-gleboka-bwp3b60-1-90-okap-kuchenny-podszafkowy-slim-kammono\/#primaryimage","url":"https:\/\/meblekuchenne.pl\/sklep\/wp-content\/uploads\/2025\/02\/WP3B60.1-90.webp","contentUrl":"https:\/\/meblekuchenne.pl\/sklep\/wp-content\/uploads\/2025\/02\/WP3B60.1-90.webp","width":1600,"height":1080},{"@type":"BreadcrumbList","@id":"https:\/\/meblekuchenne.pl\/sklep\/product\/szafka-wiszaca-gleboka-bwp3b60-1-90-okap-kuchenny-podszafkowy-slim-kammono\/#breadcrumb","itemListElement":[{"@type":"ListItem","position":1,"name":"Strona g\u0142\u00f3wna","item":"https:\/\/meblekuchenne.pl\/sklep\/"},{"@type":"ListItem","position":2,"name":"Sklep","item":"https:\/\/meblekuchenne.pl\/sklep\/sklep\/"},{"@type":"ListItem","position":3,"name":"Szafka wisz\u0105ca g\u0142\u0119boka BWP3B60.1\/90 -okap kuchenny podszafkowy Slim &#8211; KamMono"}]},{"@type":"WebSite","@id":"https:\/\/meblekuchenne.pl\/sklep\/#website","url":"https:\/\/meblekuchenne.pl\/sklep\/","name":"MebleKuchenne.PL - SKLEP","description":"","publisher":{"@id":"https:\/\/meblekuchenne.pl\/sklep\/#organization"},"potentialAction":[{"@type":"SearchAction","target":{"@type":"EntryPoint","urlTemplate":"https:\/\/meblekuchenne.pl\/sklep\/?s={search_term_string}"},"query-input":{"@type":"PropertyValueSpecification","valueRequired":true,"valueName":"search_term_string"}}],"inLanguage":"pl-PL"},{"@type":"Organization","@id":"https:\/\/meblekuchenne.pl\/sklep\/#organization","name":"MebleKuchenne.PL - SKLEP","url":"https:\/\/meblekuchenne.pl\/sklep\/","logo":{"@type":"ImageObject","inLanguage":"pl-PL","@id":"https:\/\/meblekuchenne.pl\/sklep\/#\/schema\/logo\/image\/","url":"https:\/\/meblekuchenne.pl\/sklep\/wp-content\/uploads\/2025\/06\/cropped-cropped-logo.webp","contentUrl":"https:\/\/meblekuchenne.pl\/sklep\/wp-content\/uploads\/2025\/06\/cropped-cropped-logo.webp","width":735,"height":715,"caption":"MebleKuchenne.PL - SKLEP"},"image":{"@id":"https:\/\/meblekuchenne.pl\/sklep\/#\/schema\/logo\/image\/"}}]},"og_availability":"instock","product_availability":"instock","product_retailer_item_id":"BWP3B60.1\/90","product_condition":"new"},"_links":{"self":[{"href":"https:\/\/meblekuchenne.pl\/sklep\/wp-json\/wp\/v2\/product\/52566","targetHints":{"allow":["GET"]}}],"collection":[{"href":"https:\/\/meblekuchenne.pl\/sklep\/wp-json\/wp\/v2\/product"}],"about":[{"href":"https:\/\/meblekuchenne.pl\/sklep\/wp-json\/wp\/v2\/types\/product"}],"wp:featuredmedia":[{"embeddable":true,"href":"https:\/\/meblekuchenne.pl\/sklep\/wp-json\/wp\/v2\/media\/60188"}],"wp:attachment":[{"href":"https:\/\/meblekuchenne.pl\/sklep\/wp-json\/wp\/v2\/media?parent=52566"}],"wp:term":[{"taxonomy":"product_brand","embeddable":true,"href":"https:\/\/meblekuchenne.pl\/sklep\/wp-json\/wp\/v2\/product_brand?post=52566"},{"taxonomy":"product_cat","embeddable":true,"href":"https:\/\/meblekuchenne.pl\/sklep\/wp-json\/wp\/v2\/product_cat?post=52566"},{"taxonomy":"product_tag","embeddable":true,"href":"https:\/\/meblekuchenne.pl\/sklep\/wp-json\/wp\/v2\/product_tag?post=52566"}],"curies":[{"name":"wp","href":"https:\/\/api.w.org\/{rel}","templated":true}]}}