{"id":52536,"date":"2025-02-21T20:20:48","date_gmt":"2025-02-21T19:20:48","guid":{"rendered":"https:\/\/meblekuchenne.pl\/sklep\/?post_type=product&#038;p=52536"},"modified":"2026-04-01T13:18:47","modified_gmt":"2026-04-01T11:18:47","slug":"szafka-wiszaca-gleboka-bwp3b60-1-61-okap-kuchenny-podszafkowy-slim-kammono","status":"publish","type":"product","link":"https:\/\/meblekuchenne.pl\/sklep\/product\/szafka-wiszaca-gleboka-bwp3b60-1-61-okap-kuchenny-podszafkowy-slim-kammono\/","title":{"rendered":"Szafka wisz\u0105ca g\u0142\u0119boka BWP3B60.1\/61 -okap kuchenny podszafkowy Slim &#8211; KamMono"},"content":{"rendered":"<h2 data-start=\"0\" data-end=\"69\">Szafka Wisz\u0105ca G\u0142\u0119boka BWP3B60.1\/61 z Wbudowanym Okapem<\/h2>\n<p>Szafka z wbudowanym okapem P3B &#8211; szer. 60 cm, wys. 61 cm, g\u0142. 36 cm<\/p>\n<h3 data-start=\"71\" data-end=\"117\">Idealne Po\u0142\u0105czenie Stylu i Funkcjonalno\u015bci<\/h3>\n<p data-start=\"118\" data-end=\"504\">Szafka wisz\u0105ca <strong data-start=\"133\" data-end=\"149\">BWP3B60.1\/61<\/strong> z wbudowanym okapem P3B to doskona\u0142e rozwi\u0105zanie dla kuchni, w kt\u00f3rej liczy si\u0119 estetyka, funkcjonalno\u015b\u0107 oraz efektywno\u015b\u0107. Dzi\u0119ki temu okapowi zapewnisz swojej kuchni doskona\u0142\u0105 wentylacj\u0119, eliminuj\u0105c zapachy, wilgo\u0107 oraz t\u0142uszcz z powietrza. Zastosowanie w tej szafce okapu teleskopowego P3B to inwestycja w nowoczesne i praktyczne rozwi\u0105zania, kt\u00f3re ulepsz\u0105 Twoje meble kuchenne.<\/p>\n<h3 data-start=\"506\" data-end=\"534\">Wymiary i Specyfikacja<\/h3>\n<p data-start=\"535\" data-end=\"608\">\u2022 <strong data-start=\"537\" data-end=\"551\">Szeroko\u015b\u0107:<\/strong> 60 cm<br data-start=\"557\" data-end=\"560\" \/>\u2022 <strong data-start=\"562\" data-end=\"575\">Wysoko\u015b\u0107:<\/strong> 61 cm<br data-start=\"581\" data-end=\"584\" \/>\u2022 <strong data-start=\"586\" data-end=\"600\">G\u0142\u0119boko\u015b\u0107:<\/strong> 36 cm<\/p>\n<p data-start=\"610\" data-end=\"879\">Szafka <strong data-start=\"617\" data-end=\"633\">BWP3B60.1\/61<\/strong> o standardowej g\u0142\u0119boko\u015bci 36 cm sprawdzi si\u0119 w mniejszych oraz \u015bredniej wielko\u015bci kuchniach. Jej kompaktowa konstrukcja zapewnia wygodne przechowywanie, a jednocze\u015bnie nie zajmuje zbyt wiele miejsca, co pozwala na swobodn\u0105 aran\u017cacj\u0119 przestrzeni.<\/p>\n<h3 data-start=\"881\" data-end=\"945\">Wbudowany Okap P3B \u2013 Nowoczesna Wentylacja i Komfort Pracy<\/h3>\n<p data-start=\"946\" data-end=\"1383\">Okap <strong data-start=\"951\" data-end=\"958\">P3B<\/strong> jest idealnym rozwi\u0105zaniem do kuchni, w kt\u00f3rych montowana jest p\u0142yta indukcyjna. Dzi\u0119ki zintegrowanemu o\u015bwietleniu LED oraz trzem pr\u0119dko\u015bciom wentylacji, okap skutecznie radzi sobie z eliminowaniem zapach\u00f3w i pary.<br data-start=\"1173\" data-end=\"1176\" \/>\u2022 <strong data-start=\"1178\" data-end=\"1188\">Kolor:<\/strong> Bia\u0142y<br data-start=\"1194\" data-end=\"1197\" \/>\u2022 <strong data-start=\"1199\" data-end=\"1213\">Wydajno\u015b\u0107:<\/strong> 61 m\u00b3\/h<br data-start=\"1221\" data-end=\"1224\" \/>\u2022 <strong data-start=\"1226\" data-end=\"1240\">Pr\u0119dko\u015bci:<\/strong> 3<br data-start=\"1242\" data-end=\"1245\" \/>\u2022 <strong data-start=\"1247\" data-end=\"1263\">O\u015bwietlenie:<\/strong> Zintegrowany LED 5W<br data-start=\"1283\" data-end=\"1286\" \/>\u2022 <strong data-start=\"1288\" data-end=\"1302\" data-is-only-node=\"\">Producent:<\/strong> Maan<br data-start=\"1307\" data-end=\"1310\" \/>\u2022 <strong data-start=\"1312\" data-end=\"1330\">Dedykowany do:<\/strong> P\u0142yty indukcyjnej (minimalna wysoko\u015b\u0107 monta\u017cu 50 cm)<\/p>\n<h3 data-start=\"1385\" data-end=\"1416\">Zalet Szafki BWP3B60.1\/61<\/h3>\n<p data-start=\"1417\" data-end=\"2006\">\u2022 <strong data-start=\"1419\" data-end=\"1444\">Skuteczna Wentylacja:<\/strong> Dzi\u0119ki okapowi P3B o wydajno\u015bci 61 m\u00b3\/h, Twoja kuchnia pozostanie wolna od nieprzyjemnych zapach\u00f3w i nadmiaru wilgoci.<br data-start=\"1563\" data-end=\"1566\" \/>\u2022 <strong data-start=\"1568\" data-end=\"1594\">Elegancka Konstrukcja:<\/strong> Kompaktowe wymiary szafki i prosty, ale elegancki wygl\u0105d sprawiaj\u0105, \u017ce idealnie komponuje si\u0119 z nowoczesnym wystrojem kuchni.<br data-start=\"1720\" data-end=\"1723\" \/>\u2022 <strong data-start=\"1725\" data-end=\"1755\">Efektywne O\u015bwietlenie LED:<\/strong> Zintegrowany pasek LED 5W zapewnia odpowiednie o\u015bwietlenie robocze, poprawiaj\u0105c komfort pracy w kuchni.<br data-start=\"1859\" data-end=\"1862\" \/>\u2022 <strong data-start=\"1864\" data-end=\"1894\">Trzy Pr\u0119dko\u015bci Wentylacji:<\/strong> Wyb\u00f3r odpowiedniej pr\u0119dko\u015bci wentylacji umo\u017cliwia dostosowanie intensywno\u015bci pracy okapu do aktualnych potrzeb.<\/p>\n<h3 data-start=\"2008\" data-end=\"2058\">Dlaczego Szafka BWP3B60.1\/61 to Dobry Wyb\u00f3r?<\/h3>\n<p data-start=\"2059\" data-end=\"2389\">Wybieraj\u0105c szafk\u0119 <strong data-start=\"2077\" data-end=\"2093\">BWP3B60.1\/61<\/strong>, decydujesz si\u0119 na:<br data-start=\"2113\" data-end=\"2116\" \/>\u2022 Wydajny okap P3B o wysokiej wydajno\u015bci 61 m\u00b3\/h, kt\u00f3ry skutecznie usuwa zapachy i par\u0119.<br data-start=\"2204\" data-end=\"2207\" \/>\u2022 Nowoczesne o\u015bwietlenie LED, kt\u00f3re zapewnia lepsz\u0105 widoczno\u015b\u0107 w kuchni.<br data-start=\"2279\" data-end=\"2282\" \/>\u2022 Kompaktowe wymiary, kt\u00f3re pasuj\u0105 do mniejszych przestrzeni, jednocze\u015bnie oferuj\u0105c wygodne przechowywanie.<\/p>\n<h3 data-start=\"2396\" data-end=\"2669\">Meble kuchenne dla Ciebie<\/h3>\n<p data-start=\"2396\" data-end=\"2669\" data-is-last-node=\"\" data-is-only-node=\"\">Szafka wisz\u0105ca <strong data-start=\"2411\" data-end=\"2427\">BWP3B60.1\/61<\/strong> z okapem P3B to optymalne rozwi\u0105zanie dla os\u00f3b, kt\u00f3re szukaj\u0105 po\u0142\u0105czenia estetyki i funkcjonalno\u015bci w kuchni. Dzi\u0119ki nowoczesnym technologiom okapu oraz eleganckiemu wygl\u0105dowi, ta szafka doskonale wpisuje si\u0119 w potrzeby wsp\u00f3\u0142czesnych kuchni.<\/p>\n","protected":false},"excerpt":{"rendered":"<h2 data-start=\"0\" data-end=\"69\">Szafka Wisz\u0105ca G\u0142\u0119boka BWP3B60.1\/61 z Wbudowanym Okapem<\/h2>\n<p data-start=\"118\" data-end=\"504\">Szafka wisz\u0105ca <strong data-start=\"133\" data-end=\"149\">BWP3B60.1\/61<\/strong> z wbudowanym okapem P3B to doskona\u0142e rozwi\u0105zanie dla kuchni, w kt\u00f3rej liczy si\u0119 estetyka, funkcjonalno\u015b\u0107 oraz efektywno\u015b\u0107. Dzi\u0119ki temu okapowi zapewnisz swojej kuchni doskona\u0142\u0105 wentylacj\u0119, eliminuj\u0105c zapachy, wilgo\u0107 oraz t\u0142uszcz z powietrza. Zastosowanie w tej szafce okapu teleskopowego P3B to inwestycja w nowoczesne i praktyczne rozwi\u0105zania do kuchni.<\/p>\n","protected":false},"featured_media":60190,"template":"","meta":[],"product_brand":[710],"product_cat":[778,785,775,777,454,471,487,525],"product_tag":[],"class_list":{"0":"post-52536","1":"product","2":"type-product","3":"status-publish","4":"has-post-thumbnail","6":"product_brand-meble-kam","7":"product_cat-szafki-kuchenne-wiszace-sklep","8":"product_cat-szafki-okapowe-sklep","9":"product_cat-wszystko","10":"product_cat-zabudowa-agd-sklep","11":"product_cat-meble-kam-mono","12":"product_cat-szafki-agd","13":"product_cat-szafki-z-okapem-podszafkowym","14":"product_cat-szafki-z-okapem-podszafkowym-61","15":"product_shipping_class-szafka-wiszaca-kam","16":"pa_front-f10","17":"pa_front-f11","18":"pa_front-f4","19":"pa_front-f6","20":"pa_front-f7","21":"pa_front-f8","22":"pa_front-fg2","23":"pa_front-k2","24":"pa_front-kc2","25":"pa_front-kc4","26":"pa_front-l4-mat","27":"pa_front-l4-polysk","28":"pa_front-m4","29":"pa_front-os_2","30":"pa_front-os_2black","31":"pa_front-p00","32":"pa_front-p2","33":"pa_front-p4","35":"first","36":"instock","37":"shipping-taxable","38":"purchasable","39":"product-type-variable"},"yoast_head":"<!-- This site is optimized with the Yoast SEO Premium plugin v25.0 (Yoast SEO v25.0) - https:\/\/yoast.com\/wordpress\/plugins\/seo\/ -->\n<title>Szafka Wisz\u0105ca BWP3B60.1\/61 z Okapem<\/title>\n<meta name=\"description\" content=\"Szafka Wisz\u0105ca BWP3B60.1\/61 z Okapem dzi\u0119ki nowoczesnym technologiom okapu oraz eleganckiemu wygl\u0105dowi, ta szafka doskonale wpisuje si\u0119 w potrzeby kuchni\" \/>\n<meta name=\"robots\" content=\"index, follow, max-snippet:-1, max-image-preview:large, max-video-preview:-1\" \/>\n<link rel=\"canonical\" href=\"https:\/\/meblekuchenne.pl\/sklep\/product\/szafka-wiszaca-gleboka-bwp3b60-1-61-okap-kuchenny-podszafkowy-slim-kammono\/\" \/>\n<meta property=\"og:locale\" content=\"pl_PL\" \/>\n<meta property=\"og:type\" content=\"article\" \/>\n<meta property=\"og:title\" content=\"Szafka wisz\u0105ca g\u0142\u0119boka BWP3B60.1\/61 -okap kuchenny podszafkowy Slim - KamMono\" \/>\n<meta property=\"og:description\" content=\"Szafka Wisz\u0105ca BWP3B60.1\/61 z Okapem dzi\u0119ki nowoczesnym technologiom okapu oraz eleganckiemu wygl\u0105dowi, ta szafka doskonale wpisuje si\u0119 w potrzeby kuchni\" \/>\n<meta property=\"og:url\" content=\"https:\/\/meblekuchenne.pl\/sklep\/product\/szafka-wiszaca-gleboka-bwp3b60-1-61-okap-kuchenny-podszafkowy-slim-kammono\/\" \/>\n<meta property=\"og:site_name\" content=\"MebleKuchenne.PL - SKLEP\" \/>\n<meta property=\"article:modified_time\" content=\"2026-04-01T11:18:47+00:00\" \/>\n<meta property=\"og:image\" content=\"https:\/\/meblekuchenne.pl\/sklep\/wp-content\/uploads\/2025\/02\/WP3B60.1-61.webp\" \/>\n\t<meta property=\"og:image:width\" content=\"1600\" \/>\n\t<meta property=\"og:image:height\" content=\"1080\" \/>\n\t<meta property=\"og:image:type\" content=\"image\/webp\" \/>\n<meta name=\"twitter:card\" content=\"summary_large_image\" \/>\n<meta name=\"twitter:label1\" content=\"Dost\u0119pno\u015b\u0107\" \/>\n\t<meta name=\"twitter:data1\" content=\"Dost\u0119pny\" \/>\n<script type=\"application\/ld+json\" class=\"yoast-schema-graph\">{\"@context\":\"https:\/\/schema.org\",\"@graph\":[{\"@type\":\"WebPage\",\"@id\":\"https:\/\/meblekuchenne.pl\/sklep\/product\/szafka-wiszaca-gleboka-bwp3b60-1-61-okap-kuchenny-podszafkowy-slim-kammono\/\",\"url\":\"https:\/\/meblekuchenne.pl\/sklep\/product\/szafka-wiszaca-gleboka-bwp3b60-1-61-okap-kuchenny-podszafkowy-slim-kammono\/\",\"name\":\"Szafka Wisz\u0105ca BWP3B60.1\/61 z Okapem\",\"isPartOf\":{\"@id\":\"https:\/\/meblekuchenne.pl\/sklep\/#website\"},\"primaryImageOfPage\":{\"@id\":\"https:\/\/meblekuchenne.pl\/sklep\/product\/szafka-wiszaca-gleboka-bwp3b60-1-61-okap-kuchenny-podszafkowy-slim-kammono\/#primaryimage\"},\"image\":{\"@id\":\"https:\/\/meblekuchenne.pl\/sklep\/product\/szafka-wiszaca-gleboka-bwp3b60-1-61-okap-kuchenny-podszafkowy-slim-kammono\/#primaryimage\"},\"thumbnailUrl\":\"https:\/\/meblekuchenne.pl\/sklep\/wp-content\/uploads\/2025\/02\/WP3B60.1-61.webp\",\"datePublished\":\"2025-02-21T19:20:48+00:00\",\"dateModified\":\"2026-04-01T11:18:47+00:00\",\"description\":\"Szafka Wisz\u0105ca BWP3B60.1\/61 z Okapem dzi\u0119ki nowoczesnym technologiom okapu oraz eleganckiemu wygl\u0105dowi, ta szafka doskonale wpisuje si\u0119 w potrzeby kuchni\",\"breadcrumb\":{\"@id\":\"https:\/\/meblekuchenne.pl\/sklep\/product\/szafka-wiszaca-gleboka-bwp3b60-1-61-okap-kuchenny-podszafkowy-slim-kammono\/#breadcrumb\"},\"inLanguage\":\"pl-PL\",\"potentialAction\":[{\"@type\":\"ReadAction\",\"target\":[\"https:\/\/meblekuchenne.pl\/sklep\/product\/szafka-wiszaca-gleboka-bwp3b60-1-61-okap-kuchenny-podszafkowy-slim-kammono\/\"]}]},{\"@type\":\"ImageObject\",\"inLanguage\":\"pl-PL\",\"@id\":\"https:\/\/meblekuchenne.pl\/sklep\/product\/szafka-wiszaca-gleboka-bwp3b60-1-61-okap-kuchenny-podszafkowy-slim-kammono\/#primaryimage\",\"url\":\"https:\/\/meblekuchenne.pl\/sklep\/wp-content\/uploads\/2025\/02\/WP3B60.1-61.webp\",\"contentUrl\":\"https:\/\/meblekuchenne.pl\/sklep\/wp-content\/uploads\/2025\/02\/WP3B60.1-61.webp\",\"width\":1600,\"height\":1080},{\"@type\":\"BreadcrumbList\",\"@id\":\"https:\/\/meblekuchenne.pl\/sklep\/product\/szafka-wiszaca-gleboka-bwp3b60-1-61-okap-kuchenny-podszafkowy-slim-kammono\/#breadcrumb\",\"itemListElement\":[{\"@type\":\"ListItem\",\"position\":1,\"name\":\"Strona g\u0142\u00f3wna\",\"item\":\"https:\/\/meblekuchenne.pl\/sklep\/\"},{\"@type\":\"ListItem\",\"position\":2,\"name\":\"Sklep\",\"item\":\"https:\/\/meblekuchenne.pl\/sklep\/sklep\/\"},{\"@type\":\"ListItem\",\"position\":3,\"name\":\"Szafka wisz\u0105ca g\u0142\u0119boka BWP3B60.1\/61 -okap kuchenny podszafkowy Slim &#8211; KamMono\"}]},{\"@type\":\"WebSite\",\"@id\":\"https:\/\/meblekuchenne.pl\/sklep\/#website\",\"url\":\"https:\/\/meblekuchenne.pl\/sklep\/\",\"name\":\"MebleKuchenne.PL - SKLEP\",\"description\":\"\",\"publisher\":{\"@id\":\"https:\/\/meblekuchenne.pl\/sklep\/#organization\"},\"potentialAction\":[{\"@type\":\"SearchAction\",\"target\":{\"@type\":\"EntryPoint\",\"urlTemplate\":\"https:\/\/meblekuchenne.pl\/sklep\/?s={search_term_string}\"},\"query-input\":{\"@type\":\"PropertyValueSpecification\",\"valueRequired\":true,\"valueName\":\"search_term_string\"}}],\"inLanguage\":\"pl-PL\"},{\"@type\":\"Organization\",\"@id\":\"https:\/\/meblekuchenne.pl\/sklep\/#organization\",\"name\":\"MebleKuchenne.PL - SKLEP\",\"url\":\"https:\/\/meblekuchenne.pl\/sklep\/\",\"logo\":{\"@type\":\"ImageObject\",\"inLanguage\":\"pl-PL\",\"@id\":\"https:\/\/meblekuchenne.pl\/sklep\/#\/schema\/logo\/image\/\",\"url\":\"https:\/\/meblekuchenne.pl\/sklep\/wp-content\/uploads\/2025\/06\/cropped-cropped-logo.webp\",\"contentUrl\":\"https:\/\/meblekuchenne.pl\/sklep\/wp-content\/uploads\/2025\/06\/cropped-cropped-logo.webp\",\"width\":735,\"height\":715,\"caption\":\"MebleKuchenne.PL - SKLEP\"},\"image\":{\"@id\":\"https:\/\/meblekuchenne.pl\/sklep\/#\/schema\/logo\/image\/\"}}]}<\/script>\n<meta property=\"og:availability\" content=\"instock\" \/>\n<meta property=\"product:availability\" content=\"instock\" \/>\n<meta property=\"product:retailer_item_id\" content=\"BWP3B60.1\/61\" \/>\n<meta property=\"product:condition\" content=\"new\" \/>\n<!-- \/ Yoast SEO Premium plugin. -->","yoast_head_json":{"title":"Szafka Wisz\u0105ca BWP3B60.1\/61 z Okapem","description":"Szafka Wisz\u0105ca BWP3B60.1\/61 z Okapem dzi\u0119ki nowoczesnym technologiom okapu oraz eleganckiemu wygl\u0105dowi, ta szafka doskonale wpisuje si\u0119 w potrzeby kuchni","robots":{"index":"index","follow":"follow","max-snippet":"max-snippet:-1","max-image-preview":"max-image-preview:large","max-video-preview":"max-video-preview:-1"},"canonical":"https:\/\/meblekuchenne.pl\/sklep\/product\/szafka-wiszaca-gleboka-bwp3b60-1-61-okap-kuchenny-podszafkowy-slim-kammono\/","og_locale":"pl_PL","og_type":"article","og_title":"Szafka wisz\u0105ca g\u0142\u0119boka BWP3B60.1\/61 -okap kuchenny podszafkowy Slim - KamMono","og_description":"Szafka Wisz\u0105ca BWP3B60.1\/61 z Okapem dzi\u0119ki nowoczesnym technologiom okapu oraz eleganckiemu wygl\u0105dowi, ta szafka doskonale wpisuje si\u0119 w potrzeby kuchni","og_url":"https:\/\/meblekuchenne.pl\/sklep\/product\/szafka-wiszaca-gleboka-bwp3b60-1-61-okap-kuchenny-podszafkowy-slim-kammono\/","og_site_name":"MebleKuchenne.PL - SKLEP","article_modified_time":"2026-04-01T11:18:47+00:00","og_image":[{"width":1600,"height":1080,"url":"https:\/\/meblekuchenne.pl\/sklep\/wp-content\/uploads\/2025\/02\/WP3B60.1-61.webp","type":"image\/webp"}],"twitter_card":"summary_large_image","twitter_misc":{"Dost\u0119pno\u015b\u0107":"Dost\u0119pny"},"schema":{"@context":"https:\/\/schema.org","@graph":[{"@type":"WebPage","@id":"https:\/\/meblekuchenne.pl\/sklep\/product\/szafka-wiszaca-gleboka-bwp3b60-1-61-okap-kuchenny-podszafkowy-slim-kammono\/","url":"https:\/\/meblekuchenne.pl\/sklep\/product\/szafka-wiszaca-gleboka-bwp3b60-1-61-okap-kuchenny-podszafkowy-slim-kammono\/","name":"Szafka Wisz\u0105ca BWP3B60.1\/61 z Okapem","isPartOf":{"@id":"https:\/\/meblekuchenne.pl\/sklep\/#website"},"primaryImageOfPage":{"@id":"https:\/\/meblekuchenne.pl\/sklep\/product\/szafka-wiszaca-gleboka-bwp3b60-1-61-okap-kuchenny-podszafkowy-slim-kammono\/#primaryimage"},"image":{"@id":"https:\/\/meblekuchenne.pl\/sklep\/product\/szafka-wiszaca-gleboka-bwp3b60-1-61-okap-kuchenny-podszafkowy-slim-kammono\/#primaryimage"},"thumbnailUrl":"https:\/\/meblekuchenne.pl\/sklep\/wp-content\/uploads\/2025\/02\/WP3B60.1-61.webp","datePublished":"2025-02-21T19:20:48+00:00","dateModified":"2026-04-01T11:18:47+00:00","description":"Szafka Wisz\u0105ca BWP3B60.1\/61 z Okapem dzi\u0119ki nowoczesnym technologiom okapu oraz eleganckiemu wygl\u0105dowi, ta szafka doskonale wpisuje si\u0119 w potrzeby kuchni","breadcrumb":{"@id":"https:\/\/meblekuchenne.pl\/sklep\/product\/szafka-wiszaca-gleboka-bwp3b60-1-61-okap-kuchenny-podszafkowy-slim-kammono\/#breadcrumb"},"inLanguage":"pl-PL","potentialAction":[{"@type":"ReadAction","target":["https:\/\/meblekuchenne.pl\/sklep\/product\/szafka-wiszaca-gleboka-bwp3b60-1-61-okap-kuchenny-podszafkowy-slim-kammono\/"]}]},{"@type":"ImageObject","inLanguage":"pl-PL","@id":"https:\/\/meblekuchenne.pl\/sklep\/product\/szafka-wiszaca-gleboka-bwp3b60-1-61-okap-kuchenny-podszafkowy-slim-kammono\/#primaryimage","url":"https:\/\/meblekuchenne.pl\/sklep\/wp-content\/uploads\/2025\/02\/WP3B60.1-61.webp","contentUrl":"https:\/\/meblekuchenne.pl\/sklep\/wp-content\/uploads\/2025\/02\/WP3B60.1-61.webp","width":1600,"height":1080},{"@type":"BreadcrumbList","@id":"https:\/\/meblekuchenne.pl\/sklep\/product\/szafka-wiszaca-gleboka-bwp3b60-1-61-okap-kuchenny-podszafkowy-slim-kammono\/#breadcrumb","itemListElement":[{"@type":"ListItem","position":1,"name":"Strona g\u0142\u00f3wna","item":"https:\/\/meblekuchenne.pl\/sklep\/"},{"@type":"ListItem","position":2,"name":"Sklep","item":"https:\/\/meblekuchenne.pl\/sklep\/sklep\/"},{"@type":"ListItem","position":3,"name":"Szafka wisz\u0105ca g\u0142\u0119boka BWP3B60.1\/61 -okap kuchenny podszafkowy Slim &#8211; KamMono"}]},{"@type":"WebSite","@id":"https:\/\/meblekuchenne.pl\/sklep\/#website","url":"https:\/\/meblekuchenne.pl\/sklep\/","name":"MebleKuchenne.PL - SKLEP","description":"","publisher":{"@id":"https:\/\/meblekuchenne.pl\/sklep\/#organization"},"potentialAction":[{"@type":"SearchAction","target":{"@type":"EntryPoint","urlTemplate":"https:\/\/meblekuchenne.pl\/sklep\/?s={search_term_string}"},"query-input":{"@type":"PropertyValueSpecification","valueRequired":true,"valueName":"search_term_string"}}],"inLanguage":"pl-PL"},{"@type":"Organization","@id":"https:\/\/meblekuchenne.pl\/sklep\/#organization","name":"MebleKuchenne.PL - SKLEP","url":"https:\/\/meblekuchenne.pl\/sklep\/","logo":{"@type":"ImageObject","inLanguage":"pl-PL","@id":"https:\/\/meblekuchenne.pl\/sklep\/#\/schema\/logo\/image\/","url":"https:\/\/meblekuchenne.pl\/sklep\/wp-content\/uploads\/2025\/06\/cropped-cropped-logo.webp","contentUrl":"https:\/\/meblekuchenne.pl\/sklep\/wp-content\/uploads\/2025\/06\/cropped-cropped-logo.webp","width":735,"height":715,"caption":"MebleKuchenne.PL - SKLEP"},"image":{"@id":"https:\/\/meblekuchenne.pl\/sklep\/#\/schema\/logo\/image\/"}}]},"og_availability":"instock","product_availability":"instock","product_retailer_item_id":"BWP3B60.1\/61","product_condition":"new"},"_links":{"self":[{"href":"https:\/\/meblekuchenne.pl\/sklep\/wp-json\/wp\/v2\/product\/52536","targetHints":{"allow":["GET"]}}],"collection":[{"href":"https:\/\/meblekuchenne.pl\/sklep\/wp-json\/wp\/v2\/product"}],"about":[{"href":"https:\/\/meblekuchenne.pl\/sklep\/wp-json\/wp\/v2\/types\/product"}],"wp:featuredmedia":[{"embeddable":true,"href":"https:\/\/meblekuchenne.pl\/sklep\/wp-json\/wp\/v2\/media\/60190"}],"wp:attachment":[{"href":"https:\/\/meblekuchenne.pl\/sklep\/wp-json\/wp\/v2\/media?parent=52536"}],"wp:term":[{"taxonomy":"product_brand","embeddable":true,"href":"https:\/\/meblekuchenne.pl\/sklep\/wp-json\/wp\/v2\/product_brand?post=52536"},{"taxonomy":"product_cat","embeddable":true,"href":"https:\/\/meblekuchenne.pl\/sklep\/wp-json\/wp\/v2\/product_cat?post=52536"},{"taxonomy":"product_tag","embeddable":true,"href":"https:\/\/meblekuchenne.pl\/sklep\/wp-json\/wp\/v2\/product_tag?post=52536"}],"curies":[{"name":"wp","href":"https:\/\/api.w.org\/{rel}","templated":true}]}}