{"id":52506,"date":"2025-02-21T20:20:25","date_gmt":"2025-02-21T19:20:25","guid":{"rendered":"https:\/\/meblekuchenne.pl\/sklep\/?post_type=product&#038;p=52506"},"modified":"2026-04-01T13:18:48","modified_gmt":"2026-04-01T11:18:48","slug":"szafka-wiszaca-gleboka-bwo60-51p1-okap-teleskopowy-kammono","status":"publish","type":"product","link":"https:\/\/meblekuchenne.pl\/sklep\/product\/szafka-wiszaca-gleboka-bwo60-51p1-okap-teleskopowy-kammono\/","title":{"rendered":"Szafka wisz\u0105ca g\u0142\u0119boka BWO60\/51P1 -okap teleskopowy  &#8211; KamMono"},"content":{"rendered":"<h2 data-start=\"0\" data-end=\"76\">Szafka wisz\u0105ca g\u0142\u0119boka BWO60\/51P1 z okapem | KAMMONO<\/h2>\n<p data-start=\"0\" data-end=\"76\">Szafka z wbudowanym okapem &#8211; szer. 60 cm, wys. 51 cm, g\u0142. 36 cm<\/p>\n<h3 data-start=\"78\" data-end=\"117\"><strong data-start=\"78\" data-end=\"115\">Optymalna zabudowa okapu w kuchni<\/strong><\/h3>\n<p data-start=\"119\" data-end=\"466\">Szafka wisz\u0105ca g\u0142\u0119boka BWO60\/51P1 to idealne rozwi\u0105zanie dla os\u00f3b poszukuj\u0105cych praktycznej i estetycznej zabudowy okapu teleskopowego P1. Dzi\u0119ki przemy\u015blanej konstrukcji oraz g\u0142\u0119boko\u015bci 36 cm, szafka doskonale wpisuje si\u0119 w nowoczesne meble kuchenne, zapewniaj\u0105c sp\u00f3jn\u0105 zabudow\u0119 sprz\u0119tu AGD i maksymalne wykorzystanie dost\u0119pnej przestrzeni.<\/p>\n<h3 data-start=\"468\" data-end=\"520\"><strong data-start=\"468\" data-end=\"518\">Podno\u015bniki gazowe \u2013 wygodne otwieranie do g\u00f3ry<\/strong><\/h3>\n<p data-start=\"522\" data-end=\"767\">Drzwiczki szafki BWO60\/51P1 otwieraj\u0105 si\u0119 do g\u00f3ry za pomoc\u0105 <strong data-start=\"582\" data-end=\"606\">podno\u015bnik\u00f3w gazowych<\/strong>, co zapewnia \u0142atwy dost\u0119p do wn\u0119trza i zwi\u0119ksza komfort u\u017cytkowania. Mechanizm ten sprawia, \u017ce szafka jest nie tylko wygodna, ale r\u00f3wnie\u017c trwa\u0142a i niezawodna.<\/p>\n<h3 data-start=\"769\" data-end=\"830\"><strong data-start=\"773\" data-end=\"828\">Okap teleskopowy P1 \u2013 skuteczna filtracja powietrza<\/strong><\/h3>\n<p data-start=\"832\" data-end=\"1087\">W zestawie znajduje si\u0119 <strong data-start=\"856\" data-end=\"867\">okap P1<\/strong> renomowanej marki Franke, kt\u00f3ry gwarantuje efektywne poch\u0142anianie opar\u00f3w i zapach\u00f3w podczas gotowania. Jego <strong data-start=\"976\" data-end=\"1005\">wydajno\u015b\u0107 wynosi 310 m\u00b3\/h<\/strong>, co pozwala utrzyma\u0107 \u015bwie\u017co\u015b\u0107 powietrza nawet w intensywnie u\u017cytkowanej kuchni.<\/p>\n<p><strong data-start=\"1089\" data-end=\"1126\">Najwa\u017cniejsze parametry okapu P1:<\/strong><\/p>\n<ul>\n<li data-start=\"1089\" data-end=\"1308\">\u00a0Kolor: inox<\/li>\n<li data-start=\"1089\" data-end=\"1308\">Wydajno\u015b\u0107: 310 m\u00b3\/h<\/li>\n<li data-start=\"1089\" data-end=\"1308\">Pr\u0119dko\u015bci: 3 poziomy regulacji<\/li>\n<li data-start=\"1089\" data-end=\"1308\">O\u015bwietlenie LED: 2\u00d74W<\/li>\n<li data-start=\"1089\" data-end=\"1308\">Dedykowany do monta\u017cu nad p\u0142yt\u0105 gazow\u0105 (minimalna wysoko\u015b\u0107 monta\u017cu: 65 cm)<\/li>\n<\/ul>\n<h3 data-start=\"1310\" data-end=\"1353\"><strong data-start=\"1314\" data-end=\"1351\">Nowoczesne rozwi\u0105zania i estetyka &#8211; BWO60\/51P1<\/strong><\/h3>\n<p data-start=\"1355\" data-end=\"1780\"><strong data-start=\"1357\" data-end=\"1380\">Idealne dopasowanie<\/strong> \u2013 szafka BWO60\/51P1 harmonijnie komponuje si\u0119 z pozosta\u0142ymi elementami zabudowy, tworz\u0105c sp\u00f3jn\u0105 ca\u0142o\u015b\u0107.<br data-start=\"1484\" data-end=\"1487\" \/><strong data-start=\"1489\" data-end=\"1507\">Funkcjonalno\u015b\u0107<\/strong> \u2013 podno\u015bniki gazowe zapewniaj\u0105 wygodne u\u017cytkowanie, a g\u0142\u0119boko\u015b\u0107 36 cm pozwala na komfortow\u0105 zabudow\u0119 okapu.<br data-start=\"1615\" data-end=\"1618\" \/><strong data-start=\"1620\" data-end=\"1652\">Opcja recyrkulacji powietrza<\/strong> \u2013 mo\u017cliwo\u015b\u0107 monta\u017cu filtr\u00f3w w\u0119glowych, co pozwala na u\u017cytkowanie okapu bez konieczno\u015bci pod\u0142\u0105czenia do kana\u0142u wentylacyjnego.<\/p>\n<h3 data-start=\"1355\" data-end=\"1780\">Meble kuchenne do zada\u0144 specjalnych<\/h3>\n<p data-start=\"1782\" data-end=\"2050\">Szafka wisz\u0105ca g\u0142\u0119boka BWO60\/51P1 to \u015bwietny wyb\u00f3r do ka\u017cdej nowoczesnej kuchni, \u0142\u0105cz\u0105cy wysok\u0105 jako\u015b\u0107 wykonania, funkcjonalno\u015b\u0107 i minimalistyczny design. Idealnie sprawdzi si\u0119 w eleganckiej zabudowie, zapewniaj\u0105c czyste powietrze i wygodne u\u017cytkowanie ka\u017cdego dnia.<\/p>\n","protected":false},"excerpt":{"rendered":"<h2 data-start=\"0\" data-end=\"76\">Szafka wisz\u0105ca g\u0142\u0119boka BWO60\/51P1 z okapem<\/h2>\n<p data-start=\"119\" data-end=\"466\">Szafka wisz\u0105ca g\u0142\u0119boka BWO60\/51P1 to idealne rozwi\u0105zanie dla os\u00f3b poszukuj\u0105cych praktycznej i estetycznej zabudowy okapu teleskopowego P1. Dzi\u0119ki przemy\u015blanej konstrukcji oraz g\u0142\u0119boko\u015bci 36 cm, szafka doskonale wpisuje si\u0119 w nowoczesne aran\u017cacje kuchenne, zapewniaj\u0105c sp\u00f3jn\u0105 zabudow\u0119 sprz\u0119tu AGD i maksymalne wykorzystanie dost\u0119pnej przestrzeni.<\/p>\n","protected":false},"featured_media":60192,"template":"","meta":[],"product_brand":[710],"product_cat":[778,785,775,777,454,471,488,530],"product_tag":[],"class_list":{"0":"post-52506","1":"product","2":"type-product","3":"status-publish","4":"has-post-thumbnail","6":"product_brand-meble-kam","7":"product_cat-szafki-kuchenne-wiszace-sklep","8":"product_cat-szafki-okapowe-sklep","9":"product_cat-wszystko","10":"product_cat-zabudowa-agd-sklep","11":"product_cat-meble-kam-mono","12":"product_cat-szafki-agd","13":"product_cat-szafki-z-okapem-teleskopowym","14":"product_cat-szafki-z-okapem-teleskopowym-51","15":"product_shipping_class-szafka-wiszaca-kam","16":"pa_front-f10","17":"pa_front-f11","18":"pa_front-f4","19":"pa_front-f6","20":"pa_front-f7","21":"pa_front-f8","22":"pa_front-fg2","23":"pa_front-k2","24":"pa_front-kc2","25":"pa_front-kc4","26":"pa_front-l4-mat","27":"pa_front-l4-polysk","28":"pa_front-m4","29":"pa_front-os_2","30":"pa_front-os_2black","31":"pa_front-p00","32":"pa_front-p2","33":"pa_front-p4","35":"first","36":"instock","37":"shipping-taxable","38":"purchasable","39":"product-type-variable"},"yoast_head":"<!-- This site is optimized with the Yoast SEO Premium plugin v25.0 (Yoast SEO v25.0) - https:\/\/yoast.com\/wordpress\/plugins\/seo\/ -->\n<title>Szafka wisz\u0105ca g\u0142\u0119boka BWO60\/51P1 z okapem<\/title>\n<meta name=\"description\" content=\"Szafka wisz\u0105ca g\u0142\u0119boka BWO60\/51P1 z okapem to \u015bwietny wyb\u00f3r do ka\u017cdej kuchni, \u0142\u0105cz\u0105cy wysok\u0105 jako\u015b\u0107 wykonania, funkcjonalno\u015b\u0107 i minimalistyczny design\" \/>\n<meta name=\"robots\" content=\"index, follow, max-snippet:-1, max-image-preview:large, max-video-preview:-1\" \/>\n<link rel=\"canonical\" href=\"https:\/\/meblekuchenne.pl\/sklep\/product\/szafka-wiszaca-gleboka-bwo60-51p1-okap-teleskopowy-kammono\/\" \/>\n<meta property=\"og:locale\" content=\"pl_PL\" \/>\n<meta property=\"og:type\" content=\"article\" \/>\n<meta property=\"og:title\" content=\"Szafka wisz\u0105ca g\u0142\u0119boka BWO60\/51P1 -okap teleskopowy - KamMono\" \/>\n<meta property=\"og:description\" content=\"Szafka wisz\u0105ca g\u0142\u0119boka BWO60\/51P1 z okapem to \u015bwietny wyb\u00f3r do ka\u017cdej kuchni, \u0142\u0105cz\u0105cy wysok\u0105 jako\u015b\u0107 wykonania, funkcjonalno\u015b\u0107 i minimalistyczny design\" \/>\n<meta property=\"og:url\" content=\"https:\/\/meblekuchenne.pl\/sklep\/product\/szafka-wiszaca-gleboka-bwo60-51p1-okap-teleskopowy-kammono\/\" \/>\n<meta property=\"og:site_name\" content=\"MebleKuchenne.PL - SKLEP\" \/>\n<meta property=\"article:modified_time\" content=\"2026-04-01T11:18:48+00:00\" \/>\n<meta property=\"og:image\" content=\"https:\/\/meblekuchenne.pl\/sklep\/wp-content\/uploads\/2025\/02\/WO60-51P1.webp\" \/>\n\t<meta property=\"og:image:width\" content=\"1600\" \/>\n\t<meta property=\"og:image:height\" content=\"1080\" \/>\n\t<meta property=\"og:image:type\" content=\"image\/webp\" \/>\n<meta name=\"twitter:card\" content=\"summary_large_image\" \/>\n<meta name=\"twitter:label1\" content=\"Dost\u0119pno\u015b\u0107\" \/>\n\t<meta name=\"twitter:data1\" content=\"Dost\u0119pny\" \/>\n<script type=\"application\/ld+json\" class=\"yoast-schema-graph\">{\"@context\":\"https:\/\/schema.org\",\"@graph\":[{\"@type\":\"WebPage\",\"@id\":\"https:\/\/meblekuchenne.pl\/sklep\/product\/szafka-wiszaca-gleboka-bwo60-51p1-okap-teleskopowy-kammono\/\",\"url\":\"https:\/\/meblekuchenne.pl\/sklep\/product\/szafka-wiszaca-gleboka-bwo60-51p1-okap-teleskopowy-kammono\/\",\"name\":\"Szafka wisz\u0105ca g\u0142\u0119boka BWO60\/51P1 z okapem\",\"isPartOf\":{\"@id\":\"https:\/\/meblekuchenne.pl\/sklep\/#website\"},\"primaryImageOfPage\":{\"@id\":\"https:\/\/meblekuchenne.pl\/sklep\/product\/szafka-wiszaca-gleboka-bwo60-51p1-okap-teleskopowy-kammono\/#primaryimage\"},\"image\":{\"@id\":\"https:\/\/meblekuchenne.pl\/sklep\/product\/szafka-wiszaca-gleboka-bwo60-51p1-okap-teleskopowy-kammono\/#primaryimage\"},\"thumbnailUrl\":\"https:\/\/meblekuchenne.pl\/sklep\/wp-content\/uploads\/2025\/02\/WO60-51P1.webp\",\"datePublished\":\"2025-02-21T19:20:25+00:00\",\"dateModified\":\"2026-04-01T11:18:48+00:00\",\"description\":\"Szafka wisz\u0105ca g\u0142\u0119boka BWO60\/51P1 z okapem to \u015bwietny wyb\u00f3r do ka\u017cdej kuchni, \u0142\u0105cz\u0105cy wysok\u0105 jako\u015b\u0107 wykonania, funkcjonalno\u015b\u0107 i minimalistyczny design\",\"breadcrumb\":{\"@id\":\"https:\/\/meblekuchenne.pl\/sklep\/product\/szafka-wiszaca-gleboka-bwo60-51p1-okap-teleskopowy-kammono\/#breadcrumb\"},\"inLanguage\":\"pl-PL\",\"potentialAction\":[{\"@type\":\"ReadAction\",\"target\":[\"https:\/\/meblekuchenne.pl\/sklep\/product\/szafka-wiszaca-gleboka-bwo60-51p1-okap-teleskopowy-kammono\/\"]}]},{\"@type\":\"ImageObject\",\"inLanguage\":\"pl-PL\",\"@id\":\"https:\/\/meblekuchenne.pl\/sklep\/product\/szafka-wiszaca-gleboka-bwo60-51p1-okap-teleskopowy-kammono\/#primaryimage\",\"url\":\"https:\/\/meblekuchenne.pl\/sklep\/wp-content\/uploads\/2025\/02\/WO60-51P1.webp\",\"contentUrl\":\"https:\/\/meblekuchenne.pl\/sklep\/wp-content\/uploads\/2025\/02\/WO60-51P1.webp\",\"width\":1600,\"height\":1080},{\"@type\":\"BreadcrumbList\",\"@id\":\"https:\/\/meblekuchenne.pl\/sklep\/product\/szafka-wiszaca-gleboka-bwo60-51p1-okap-teleskopowy-kammono\/#breadcrumb\",\"itemListElement\":[{\"@type\":\"ListItem\",\"position\":1,\"name\":\"Strona g\u0142\u00f3wna\",\"item\":\"https:\/\/meblekuchenne.pl\/sklep\/\"},{\"@type\":\"ListItem\",\"position\":2,\"name\":\"Sklep\",\"item\":\"https:\/\/meblekuchenne.pl\/sklep\/sklep\/\"},{\"@type\":\"ListItem\",\"position\":3,\"name\":\"Szafka wisz\u0105ca g\u0142\u0119boka BWO60\/51P1 -okap teleskopowy &#8211; KamMono\"}]},{\"@type\":\"WebSite\",\"@id\":\"https:\/\/meblekuchenne.pl\/sklep\/#website\",\"url\":\"https:\/\/meblekuchenne.pl\/sklep\/\",\"name\":\"MebleKuchenne.PL - SKLEP\",\"description\":\"\",\"publisher\":{\"@id\":\"https:\/\/meblekuchenne.pl\/sklep\/#organization\"},\"potentialAction\":[{\"@type\":\"SearchAction\",\"target\":{\"@type\":\"EntryPoint\",\"urlTemplate\":\"https:\/\/meblekuchenne.pl\/sklep\/?s={search_term_string}\"},\"query-input\":{\"@type\":\"PropertyValueSpecification\",\"valueRequired\":true,\"valueName\":\"search_term_string\"}}],\"inLanguage\":\"pl-PL\"},{\"@type\":\"Organization\",\"@id\":\"https:\/\/meblekuchenne.pl\/sklep\/#organization\",\"name\":\"MebleKuchenne.PL - SKLEP\",\"url\":\"https:\/\/meblekuchenne.pl\/sklep\/\",\"logo\":{\"@type\":\"ImageObject\",\"inLanguage\":\"pl-PL\",\"@id\":\"https:\/\/meblekuchenne.pl\/sklep\/#\/schema\/logo\/image\/\",\"url\":\"https:\/\/meblekuchenne.pl\/sklep\/wp-content\/uploads\/2025\/06\/cropped-cropped-logo.webp\",\"contentUrl\":\"https:\/\/meblekuchenne.pl\/sklep\/wp-content\/uploads\/2025\/06\/cropped-cropped-logo.webp\",\"width\":735,\"height\":715,\"caption\":\"MebleKuchenne.PL - SKLEP\"},\"image\":{\"@id\":\"https:\/\/meblekuchenne.pl\/sklep\/#\/schema\/logo\/image\/\"}}]}<\/script>\n<meta property=\"og:availability\" content=\"instock\" \/>\n<meta property=\"product:availability\" content=\"instock\" \/>\n<meta property=\"product:retailer_item_id\" content=\"BWO60\/51P1\" \/>\n<meta property=\"product:condition\" content=\"new\" \/>\n<!-- \/ Yoast SEO Premium plugin. -->","yoast_head_json":{"title":"Szafka wisz\u0105ca g\u0142\u0119boka BWO60\/51P1 z okapem","description":"Szafka wisz\u0105ca g\u0142\u0119boka BWO60\/51P1 z okapem to \u015bwietny wyb\u00f3r do ka\u017cdej kuchni, \u0142\u0105cz\u0105cy wysok\u0105 jako\u015b\u0107 wykonania, funkcjonalno\u015b\u0107 i minimalistyczny design","robots":{"index":"index","follow":"follow","max-snippet":"max-snippet:-1","max-image-preview":"max-image-preview:large","max-video-preview":"max-video-preview:-1"},"canonical":"https:\/\/meblekuchenne.pl\/sklep\/product\/szafka-wiszaca-gleboka-bwo60-51p1-okap-teleskopowy-kammono\/","og_locale":"pl_PL","og_type":"article","og_title":"Szafka wisz\u0105ca g\u0142\u0119boka BWO60\/51P1 -okap teleskopowy - KamMono","og_description":"Szafka wisz\u0105ca g\u0142\u0119boka BWO60\/51P1 z okapem to \u015bwietny wyb\u00f3r do ka\u017cdej kuchni, \u0142\u0105cz\u0105cy wysok\u0105 jako\u015b\u0107 wykonania, funkcjonalno\u015b\u0107 i minimalistyczny design","og_url":"https:\/\/meblekuchenne.pl\/sklep\/product\/szafka-wiszaca-gleboka-bwo60-51p1-okap-teleskopowy-kammono\/","og_site_name":"MebleKuchenne.PL - SKLEP","article_modified_time":"2026-04-01T11:18:48+00:00","og_image":[{"width":1600,"height":1080,"url":"https:\/\/meblekuchenne.pl\/sklep\/wp-content\/uploads\/2025\/02\/WO60-51P1.webp","type":"image\/webp"}],"twitter_card":"summary_large_image","twitter_misc":{"Dost\u0119pno\u015b\u0107":"Dost\u0119pny"},"schema":{"@context":"https:\/\/schema.org","@graph":[{"@type":"WebPage","@id":"https:\/\/meblekuchenne.pl\/sklep\/product\/szafka-wiszaca-gleboka-bwo60-51p1-okap-teleskopowy-kammono\/","url":"https:\/\/meblekuchenne.pl\/sklep\/product\/szafka-wiszaca-gleboka-bwo60-51p1-okap-teleskopowy-kammono\/","name":"Szafka wisz\u0105ca g\u0142\u0119boka BWO60\/51P1 z okapem","isPartOf":{"@id":"https:\/\/meblekuchenne.pl\/sklep\/#website"},"primaryImageOfPage":{"@id":"https:\/\/meblekuchenne.pl\/sklep\/product\/szafka-wiszaca-gleboka-bwo60-51p1-okap-teleskopowy-kammono\/#primaryimage"},"image":{"@id":"https:\/\/meblekuchenne.pl\/sklep\/product\/szafka-wiszaca-gleboka-bwo60-51p1-okap-teleskopowy-kammono\/#primaryimage"},"thumbnailUrl":"https:\/\/meblekuchenne.pl\/sklep\/wp-content\/uploads\/2025\/02\/WO60-51P1.webp","datePublished":"2025-02-21T19:20:25+00:00","dateModified":"2026-04-01T11:18:48+00:00","description":"Szafka wisz\u0105ca g\u0142\u0119boka BWO60\/51P1 z okapem to \u015bwietny wyb\u00f3r do ka\u017cdej kuchni, \u0142\u0105cz\u0105cy wysok\u0105 jako\u015b\u0107 wykonania, funkcjonalno\u015b\u0107 i minimalistyczny design","breadcrumb":{"@id":"https:\/\/meblekuchenne.pl\/sklep\/product\/szafka-wiszaca-gleboka-bwo60-51p1-okap-teleskopowy-kammono\/#breadcrumb"},"inLanguage":"pl-PL","potentialAction":[{"@type":"ReadAction","target":["https:\/\/meblekuchenne.pl\/sklep\/product\/szafka-wiszaca-gleboka-bwo60-51p1-okap-teleskopowy-kammono\/"]}]},{"@type":"ImageObject","inLanguage":"pl-PL","@id":"https:\/\/meblekuchenne.pl\/sklep\/product\/szafka-wiszaca-gleboka-bwo60-51p1-okap-teleskopowy-kammono\/#primaryimage","url":"https:\/\/meblekuchenne.pl\/sklep\/wp-content\/uploads\/2025\/02\/WO60-51P1.webp","contentUrl":"https:\/\/meblekuchenne.pl\/sklep\/wp-content\/uploads\/2025\/02\/WO60-51P1.webp","width":1600,"height":1080},{"@type":"BreadcrumbList","@id":"https:\/\/meblekuchenne.pl\/sklep\/product\/szafka-wiszaca-gleboka-bwo60-51p1-okap-teleskopowy-kammono\/#breadcrumb","itemListElement":[{"@type":"ListItem","position":1,"name":"Strona g\u0142\u00f3wna","item":"https:\/\/meblekuchenne.pl\/sklep\/"},{"@type":"ListItem","position":2,"name":"Sklep","item":"https:\/\/meblekuchenne.pl\/sklep\/sklep\/"},{"@type":"ListItem","position":3,"name":"Szafka wisz\u0105ca g\u0142\u0119boka BWO60\/51P1 -okap teleskopowy &#8211; KamMono"}]},{"@type":"WebSite","@id":"https:\/\/meblekuchenne.pl\/sklep\/#website","url":"https:\/\/meblekuchenne.pl\/sklep\/","name":"MebleKuchenne.PL - SKLEP","description":"","publisher":{"@id":"https:\/\/meblekuchenne.pl\/sklep\/#organization"},"potentialAction":[{"@type":"SearchAction","target":{"@type":"EntryPoint","urlTemplate":"https:\/\/meblekuchenne.pl\/sklep\/?s={search_term_string}"},"query-input":{"@type":"PropertyValueSpecification","valueRequired":true,"valueName":"search_term_string"}}],"inLanguage":"pl-PL"},{"@type":"Organization","@id":"https:\/\/meblekuchenne.pl\/sklep\/#organization","name":"MebleKuchenne.PL - SKLEP","url":"https:\/\/meblekuchenne.pl\/sklep\/","logo":{"@type":"ImageObject","inLanguage":"pl-PL","@id":"https:\/\/meblekuchenne.pl\/sklep\/#\/schema\/logo\/image\/","url":"https:\/\/meblekuchenne.pl\/sklep\/wp-content\/uploads\/2025\/06\/cropped-cropped-logo.webp","contentUrl":"https:\/\/meblekuchenne.pl\/sklep\/wp-content\/uploads\/2025\/06\/cropped-cropped-logo.webp","width":735,"height":715,"caption":"MebleKuchenne.PL - SKLEP"},"image":{"@id":"https:\/\/meblekuchenne.pl\/sklep\/#\/schema\/logo\/image\/"}}]},"og_availability":"instock","product_availability":"instock","product_retailer_item_id":"BWO60\/51P1","product_condition":"new"},"_links":{"self":[{"href":"https:\/\/meblekuchenne.pl\/sklep\/wp-json\/wp\/v2\/product\/52506","targetHints":{"allow":["GET"]}}],"collection":[{"href":"https:\/\/meblekuchenne.pl\/sklep\/wp-json\/wp\/v2\/product"}],"about":[{"href":"https:\/\/meblekuchenne.pl\/sklep\/wp-json\/wp\/v2\/types\/product"}],"wp:featuredmedia":[{"embeddable":true,"href":"https:\/\/meblekuchenne.pl\/sklep\/wp-json\/wp\/v2\/media\/60192"}],"wp:attachment":[{"href":"https:\/\/meblekuchenne.pl\/sklep\/wp-json\/wp\/v2\/media?parent=52506"}],"wp:term":[{"taxonomy":"product_brand","embeddable":true,"href":"https:\/\/meblekuchenne.pl\/sklep\/wp-json\/wp\/v2\/product_brand?post=52506"},{"taxonomy":"product_cat","embeddable":true,"href":"https:\/\/meblekuchenne.pl\/sklep\/wp-json\/wp\/v2\/product_cat?post=52506"},{"taxonomy":"product_tag","embeddable":true,"href":"https:\/\/meblekuchenne.pl\/sklep\/wp-json\/wp\/v2\/product_tag?post=52506"}],"curies":[{"name":"wp","href":"https:\/\/api.w.org\/{rel}","templated":true}]}}