{"id":52238,"date":"2025-02-21T20:17:06","date_gmt":"2025-02-21T19:17:06","guid":{"rendered":"https:\/\/meblekuchenne.pl\/sklep\/?post_type=product&#038;p=52238"},"modified":"2026-04-01T13:18:59","modified_gmt":"2026-04-01T11:18:59","slug":"szafka-wiszaca-z-okapem-teleskopowym-wo60-42p1-wys-42-cm-kammono","status":"publish","type":"product","link":"https:\/\/meblekuchenne.pl\/sklep\/product\/szafka-wiszaca-z-okapem-teleskopowym-wo60-42p1-wys-42-cm-kammono\/","title":{"rendered":"Szafka wisz\u0105ca z okapem teleskopowym WO60\/42P1 &#8211; wys. 42 cm &#8211; KamMono"},"content":{"rendered":"<h2 data-start=\"0\" data-end=\"55\">Szafka wisz\u0105ca WO60\/42P1 z okapem | KAMMONO<\/h2>\n<p data-start=\"57\" data-end=\"130\">Szafka z wbudowanym okapem \u2013 szer. 60 cm, wys. 42 cm, g\u0142. 32 cm<\/p>\n<h3 data-start=\"132\" data-end=\"184\">Nowoczesne rozwi\u0105zanie do kompaktowych kuchni<\/h3>\n<p data-start=\"186\" data-end=\"549\">Szafka wisz\u0105ca WO60\/42P1 to funkcjonalne i estetyczne rozwi\u0105zanie, kt\u00f3re sprawdzi si\u0119 w ka\u017cdej nowoczesnej kuchni. Dzi\u0119ki zastosowaniu okapu teleskopowego P1, szafka \u0142\u0105czy w sobie skuteczno\u015b\u0107 wentylacji z minimalistycznym designem. Drzwiczki szafki otwierane s\u0105 do g\u00f3ry za pomoc\u0105 podno\u015bnik\u00f3w gazowych, co u\u0142atwia dost\u0119p do wn\u0119trza i zwi\u0119ksza wygod\u0119 u\u017cytkowania.<\/p>\n<h3 data-start=\"551\" data-end=\"630\">Wydajny okap teleskopowy P1 \u2013 oszcz\u0119dno\u015b\u0107 miejsca i efektywno\u015b\u0107 dzia\u0142ania<\/h3>\n<p data-start=\"632\" data-end=\"905\">Zintegrowany okap podszafkowy P1 renomowanej marki <strong data-start=\"683\" data-end=\"693\">Franke<\/strong> to doskona\u0142e rozwi\u0105zanie do kuchni, gdzie liczy si\u0119 efektywno\u015b\u0107 i oszcz\u0119dno\u015b\u0107 miejsca. Dzi\u0119ki teleskopowej budowie, okap wysuwa si\u0119 podczas u\u017cytkowania, zwi\u0119kszaj\u0105c powierzchni\u0119 poch\u0142aniania opar\u00f3w i zapach\u00f3w.<\/p>\n<p data-start=\"907\" data-end=\"946\"><strong data-start=\"907\" data-end=\"944\">Najwa\u017cniejsze parametry okapu P1:<\/strong><\/p>\n<ul data-start=\"947\" data-end=\"1393\">\n<li data-start=\"947\" data-end=\"984\"><strong data-start=\"949\" data-end=\"959\">Kolor:<\/strong> inox (stal nierdzewna)<\/li>\n<li data-start=\"985\" data-end=\"1060\"><strong data-start=\"987\" data-end=\"1001\">Wydajno\u015b\u0107:<\/strong> 310 m\u00b3\/h \u2013 skuteczne usuwanie pary i zapach\u00f3w kuchennych<\/li>\n<li data-start=\"1061\" data-end=\"1130\"><strong data-start=\"1063\" data-end=\"1084\">Liczba pr\u0119dko\u015bci:<\/strong> 3 \u2013 mo\u017cliwo\u015b\u0107 regulacji intensywno\u015bci pracy<\/li>\n<li data-start=\"1131\" data-end=\"1225\"><strong data-start=\"1133\" data-end=\"1153\">O\u015bwietlenie LED:<\/strong> 2 x 4W \u2013 energooszcz\u0119dne i efektywne o\u015bwietlenie przestrzeni roboczej<\/li>\n<li data-start=\"1226\" data-end=\"1284\"><strong data-start=\"1228\" data-end=\"1276\">Minimalna wysoko\u015b\u0107 monta\u017cu nad p\u0142yt\u0105 gazow\u0105:<\/strong> 65 cm<\/li>\n<li data-start=\"1285\" data-end=\"1393\"><strong data-start=\"1287\" data-end=\"1303\">Tryby pracy:<\/strong> mo\u017cliwo\u015b\u0107 dzia\u0142ania w trybie wyci\u0105gu lub recyrkulacji po zamontowaniu filtr\u00f3w w\u0119glowych<\/li>\n<\/ul>\n<h3 data-start=\"1395\" data-end=\"1424\">Cechy szafki WO60\/42P1:<\/h3>\n<ul data-start=\"1425\" data-end=\"1923\">\n<li data-start=\"1425\" data-end=\"1520\"><strong data-start=\"1427\" data-end=\"1449\">Kompaktowy rozmiar<\/strong> \u2013 wysoko\u015b\u0107 42 cm pozwala na monta\u017c w ni\u017cszych zabudowach kuchennych.<\/li>\n<li data-start=\"1521\" data-end=\"1616\"><strong data-start=\"1523\" data-end=\"1544\">Podno\u015bniki gazowe<\/strong> \u2013 wygodne otwieranie do g\u00f3ry zapewnia \u0142atwy dost\u0119p do wn\u0119trza szafki.<\/li>\n<li data-start=\"1617\" data-end=\"1712\"><strong data-start=\"1619\" data-end=\"1640\">Nowoczesny design<\/strong> \u2013 elegancka stylistyka pasuj\u0105ca do nowoczesnych aran\u017cacji kuchennych.<\/li>\n<li data-start=\"1713\" data-end=\"1796\"><strong data-start=\"1715\" data-end=\"1747\">Zabudowa przewodu kominowego<\/strong> \u2013 estetyczne ukrycie instalacji wentylacyjnej.<\/li>\n<li data-start=\"1797\" data-end=\"1923\"><strong data-start=\"1799\" data-end=\"1821\">Opcja recyrkulacji<\/strong> \u2013 mo\u017cliwo\u015b\u0107 zamontowania filtr\u00f3w w\u0119glowych, co pozwala na dzia\u0142anie okapu w trybie recyrkulacyjnym.<\/li>\n<\/ul>\n<h3 data-start=\"1925\" data-end=\"1995\">Dlaczego warto wybra\u0107 meble kuchenne KAM?<\/h3>\n<p data-start=\"1997\" data-end=\"2398\">Szafka wisz\u0105ca WO60\/42P1 z okapem to doskona\u0142e rozwi\u0105zanie dla os\u00f3b poszukuj\u0105cych estetycznej i funkcjonalnej zabudowy kuchennej. Kompaktowy rozmiar, wygodne otwieranie oraz wydajny okap teleskopowy sprawiaj\u0105, \u017ce kuchnia staje si\u0119 bardziej komfortowa i nowoczesna. Dodatkowo energooszcz\u0119dne o\u015bwietlenie LED oraz mo\u017cliwo\u015b\u0107 pracy w trybie recyrkulacji sprawiaj\u0105, \u017ce to rozwi\u0105zanie sprawdzi si\u0119 w ka\u017cdej kuchni.<\/p>\n","protected":false},"excerpt":{"rendered":"<p>Szafka wisz\u0105ca WO60\/42P1 to funkcjonalne i estetyczne rozwi\u0105zanie, kt\u00f3re sprawdzi si\u0119 w ka\u017cdej nowoczesnej kuchni. Dzi\u0119ki zastosowaniu okapu teleskopowego P1, szafka \u0142\u0105czy w sobie skuteczno\u015b\u0107 wentylacji z minimalistycznym designem. Drzwiczki szafki otwierane s\u0105 do g\u00f3ry za pomoc\u0105 podno\u015bnik\u00f3w gazowych, co u\u0142atwia dost\u0119p do wn\u0119trza i zwi\u0119ksza wygod\u0119 u\u017cytkowania.<\/p>\n","protected":false},"featured_media":60207,"template":"","meta":[],"product_brand":[710],"product_cat":[778,785,775,777,454,471,488,529],"product_tag":[],"class_list":{"0":"post-52238","1":"product","2":"type-product","3":"status-publish","4":"has-post-thumbnail","6":"product_brand-meble-kam","7":"product_cat-szafki-kuchenne-wiszace-sklep","8":"product_cat-szafki-okapowe-sklep","9":"product_cat-wszystko","10":"product_cat-zabudowa-agd-sklep","11":"product_cat-meble-kam-mono","12":"product_cat-szafki-agd","13":"product_cat-szafki-z-okapem-teleskopowym","14":"product_cat-szafki-z-okapem-teleskopowym-42","15":"product_shipping_class-szafka-wiszaca-kam","16":"pa_front-f10","17":"pa_front-f11","18":"pa_front-f4","19":"pa_front-f6","20":"pa_front-f7","21":"pa_front-f8","22":"pa_front-fg2","23":"pa_front-k2","24":"pa_front-kc2","25":"pa_front-kc4","26":"pa_front-l4-mat","27":"pa_front-l4-polysk","28":"pa_front-m4","29":"pa_front-os_2","30":"pa_front-os_2black","31":"pa_front-p00","32":"pa_front-p2","33":"pa_front-p4","35":"first","36":"instock","37":"shipping-taxable","38":"purchasable","39":"product-type-variable"},"yoast_head":"<!-- This site is optimized with the Yoast SEO Premium plugin v25.0 (Yoast SEO v25.0) - https:\/\/yoast.com\/wordpress\/plugins\/seo\/ -->\n<title>Szafka wisz\u0105ca WO60\/42P1 z okapem\u00a0<\/title>\n<meta name=\"description\" content=\"Szafka wisz\u0105ca WO60\/42P1 z okapem\u00a0to doskona\u0142e rozwi\u0105zanie dla os\u00f3b poszukuj\u0105cych estetycznej i funkcjonalnej zabudowy kuchennej.\" \/>\n<meta name=\"robots\" content=\"index, follow, max-snippet:-1, max-image-preview:large, max-video-preview:-1\" \/>\n<link rel=\"canonical\" href=\"https:\/\/meblekuchenne.pl\/sklep\/product\/szafka-wiszaca-z-okapem-teleskopowym-wo60-42p1-wys-42-cm-kammono\/\" \/>\n<meta property=\"og:locale\" content=\"pl_PL\" \/>\n<meta property=\"og:type\" content=\"article\" \/>\n<meta property=\"og:title\" content=\"Szafka wisz\u0105ca z okapem teleskopowym WO60\/42P1 - wys. 42 cm - KamMono\" \/>\n<meta property=\"og:description\" content=\"Szafka wisz\u0105ca WO60\/42P1 z okapem\u00a0to doskona\u0142e rozwi\u0105zanie dla os\u00f3b poszukuj\u0105cych estetycznej i funkcjonalnej zabudowy kuchennej.\" \/>\n<meta property=\"og:url\" content=\"https:\/\/meblekuchenne.pl\/sklep\/product\/szafka-wiszaca-z-okapem-teleskopowym-wo60-42p1-wys-42-cm-kammono\/\" \/>\n<meta property=\"og:site_name\" content=\"MebleKuchenne.PL - SKLEP\" \/>\n<meta property=\"article:modified_time\" content=\"2026-04-01T11:18:59+00:00\" \/>\n<meta property=\"og:image\" content=\"https:\/\/meblekuchenne.pl\/sklep\/wp-content\/uploads\/2025\/02\/WO60-42P1-1.webp\" \/>\n\t<meta property=\"og:image:width\" content=\"1600\" \/>\n\t<meta property=\"og:image:height\" content=\"1080\" \/>\n\t<meta property=\"og:image:type\" content=\"image\/webp\" \/>\n<meta name=\"twitter:card\" content=\"summary_large_image\" \/>\n<meta name=\"twitter:label1\" content=\"Dost\u0119pno\u015b\u0107\" \/>\n\t<meta name=\"twitter:data1\" content=\"Dost\u0119pny\" \/>\n<script type=\"application\/ld+json\" class=\"yoast-schema-graph\">{\"@context\":\"https:\/\/schema.org\",\"@graph\":[{\"@type\":\"WebPage\",\"@id\":\"https:\/\/meblekuchenne.pl\/sklep\/product\/szafka-wiszaca-z-okapem-teleskopowym-wo60-42p1-wys-42-cm-kammono\/\",\"url\":\"https:\/\/meblekuchenne.pl\/sklep\/product\/szafka-wiszaca-z-okapem-teleskopowym-wo60-42p1-wys-42-cm-kammono\/\",\"name\":\"Szafka wisz\u0105ca WO60\/42P1 z okapem\u00a0\",\"isPartOf\":{\"@id\":\"https:\/\/meblekuchenne.pl\/sklep\/#website\"},\"primaryImageOfPage\":{\"@id\":\"https:\/\/meblekuchenne.pl\/sklep\/product\/szafka-wiszaca-z-okapem-teleskopowym-wo60-42p1-wys-42-cm-kammono\/#primaryimage\"},\"image\":{\"@id\":\"https:\/\/meblekuchenne.pl\/sklep\/product\/szafka-wiszaca-z-okapem-teleskopowym-wo60-42p1-wys-42-cm-kammono\/#primaryimage\"},\"thumbnailUrl\":\"https:\/\/meblekuchenne.pl\/sklep\/wp-content\/uploads\/2025\/02\/WO60-42P1-1.webp\",\"datePublished\":\"2025-02-21T19:17:06+00:00\",\"dateModified\":\"2026-04-01T11:18:59+00:00\",\"description\":\"Szafka wisz\u0105ca WO60\/42P1 z okapem\u00a0to doskona\u0142e rozwi\u0105zanie dla os\u00f3b poszukuj\u0105cych estetycznej i funkcjonalnej zabudowy kuchennej.\",\"breadcrumb\":{\"@id\":\"https:\/\/meblekuchenne.pl\/sklep\/product\/szafka-wiszaca-z-okapem-teleskopowym-wo60-42p1-wys-42-cm-kammono\/#breadcrumb\"},\"inLanguage\":\"pl-PL\",\"potentialAction\":[{\"@type\":\"ReadAction\",\"target\":[\"https:\/\/meblekuchenne.pl\/sklep\/product\/szafka-wiszaca-z-okapem-teleskopowym-wo60-42p1-wys-42-cm-kammono\/\"]}]},{\"@type\":\"ImageObject\",\"inLanguage\":\"pl-PL\",\"@id\":\"https:\/\/meblekuchenne.pl\/sklep\/product\/szafka-wiszaca-z-okapem-teleskopowym-wo60-42p1-wys-42-cm-kammono\/#primaryimage\",\"url\":\"https:\/\/meblekuchenne.pl\/sklep\/wp-content\/uploads\/2025\/02\/WO60-42P1-1.webp\",\"contentUrl\":\"https:\/\/meblekuchenne.pl\/sklep\/wp-content\/uploads\/2025\/02\/WO60-42P1-1.webp\",\"width\":1600,\"height\":1080},{\"@type\":\"BreadcrumbList\",\"@id\":\"https:\/\/meblekuchenne.pl\/sklep\/product\/szafka-wiszaca-z-okapem-teleskopowym-wo60-42p1-wys-42-cm-kammono\/#breadcrumb\",\"itemListElement\":[{\"@type\":\"ListItem\",\"position\":1,\"name\":\"Strona g\u0142\u00f3wna\",\"item\":\"https:\/\/meblekuchenne.pl\/sklep\/\"},{\"@type\":\"ListItem\",\"position\":2,\"name\":\"Sklep\",\"item\":\"https:\/\/meblekuchenne.pl\/sklep\/sklep\/\"},{\"@type\":\"ListItem\",\"position\":3,\"name\":\"Szafka wisz\u0105ca z okapem teleskopowym WO60\/42P1 &#8211; wys. 42 cm &#8211; KamMono\"}]},{\"@type\":\"WebSite\",\"@id\":\"https:\/\/meblekuchenne.pl\/sklep\/#website\",\"url\":\"https:\/\/meblekuchenne.pl\/sklep\/\",\"name\":\"MebleKuchenne.PL - SKLEP\",\"description\":\"\",\"publisher\":{\"@id\":\"https:\/\/meblekuchenne.pl\/sklep\/#organization\"},\"potentialAction\":[{\"@type\":\"SearchAction\",\"target\":{\"@type\":\"EntryPoint\",\"urlTemplate\":\"https:\/\/meblekuchenne.pl\/sklep\/?s={search_term_string}\"},\"query-input\":{\"@type\":\"PropertyValueSpecification\",\"valueRequired\":true,\"valueName\":\"search_term_string\"}}],\"inLanguage\":\"pl-PL\"},{\"@type\":\"Organization\",\"@id\":\"https:\/\/meblekuchenne.pl\/sklep\/#organization\",\"name\":\"MebleKuchenne.PL - SKLEP\",\"url\":\"https:\/\/meblekuchenne.pl\/sklep\/\",\"logo\":{\"@type\":\"ImageObject\",\"inLanguage\":\"pl-PL\",\"@id\":\"https:\/\/meblekuchenne.pl\/sklep\/#\/schema\/logo\/image\/\",\"url\":\"https:\/\/meblekuchenne.pl\/sklep\/wp-content\/uploads\/2025\/06\/cropped-cropped-logo.webp\",\"contentUrl\":\"https:\/\/meblekuchenne.pl\/sklep\/wp-content\/uploads\/2025\/06\/cropped-cropped-logo.webp\",\"width\":735,\"height\":715,\"caption\":\"MebleKuchenne.PL - SKLEP\"},\"image\":{\"@id\":\"https:\/\/meblekuchenne.pl\/sklep\/#\/schema\/logo\/image\/\"}}]}<\/script>\n<meta property=\"og:availability\" content=\"instock\" \/>\n<meta property=\"product:availability\" content=\"instock\" \/>\n<meta property=\"product:retailer_item_id\" content=\"WO60\/42P1\" \/>\n<meta property=\"product:condition\" content=\"new\" \/>\n<!-- \/ Yoast SEO Premium plugin. -->","yoast_head_json":{"title":"Szafka wisz\u0105ca WO60\/42P1 z okapem\u00a0","description":"Szafka wisz\u0105ca WO60\/42P1 z okapem\u00a0to doskona\u0142e rozwi\u0105zanie dla os\u00f3b poszukuj\u0105cych estetycznej i funkcjonalnej zabudowy kuchennej.","robots":{"index":"index","follow":"follow","max-snippet":"max-snippet:-1","max-image-preview":"max-image-preview:large","max-video-preview":"max-video-preview:-1"},"canonical":"https:\/\/meblekuchenne.pl\/sklep\/product\/szafka-wiszaca-z-okapem-teleskopowym-wo60-42p1-wys-42-cm-kammono\/","og_locale":"pl_PL","og_type":"article","og_title":"Szafka wisz\u0105ca z okapem teleskopowym WO60\/42P1 - wys. 42 cm - KamMono","og_description":"Szafka wisz\u0105ca WO60\/42P1 z okapem\u00a0to doskona\u0142e rozwi\u0105zanie dla os\u00f3b poszukuj\u0105cych estetycznej i funkcjonalnej zabudowy kuchennej.","og_url":"https:\/\/meblekuchenne.pl\/sklep\/product\/szafka-wiszaca-z-okapem-teleskopowym-wo60-42p1-wys-42-cm-kammono\/","og_site_name":"MebleKuchenne.PL - SKLEP","article_modified_time":"2026-04-01T11:18:59+00:00","og_image":[{"width":1600,"height":1080,"url":"https:\/\/meblekuchenne.pl\/sklep\/wp-content\/uploads\/2025\/02\/WO60-42P1-1.webp","type":"image\/webp"}],"twitter_card":"summary_large_image","twitter_misc":{"Dost\u0119pno\u015b\u0107":"Dost\u0119pny"},"schema":{"@context":"https:\/\/schema.org","@graph":[{"@type":"WebPage","@id":"https:\/\/meblekuchenne.pl\/sklep\/product\/szafka-wiszaca-z-okapem-teleskopowym-wo60-42p1-wys-42-cm-kammono\/","url":"https:\/\/meblekuchenne.pl\/sklep\/product\/szafka-wiszaca-z-okapem-teleskopowym-wo60-42p1-wys-42-cm-kammono\/","name":"Szafka wisz\u0105ca WO60\/42P1 z okapem\u00a0","isPartOf":{"@id":"https:\/\/meblekuchenne.pl\/sklep\/#website"},"primaryImageOfPage":{"@id":"https:\/\/meblekuchenne.pl\/sklep\/product\/szafka-wiszaca-z-okapem-teleskopowym-wo60-42p1-wys-42-cm-kammono\/#primaryimage"},"image":{"@id":"https:\/\/meblekuchenne.pl\/sklep\/product\/szafka-wiszaca-z-okapem-teleskopowym-wo60-42p1-wys-42-cm-kammono\/#primaryimage"},"thumbnailUrl":"https:\/\/meblekuchenne.pl\/sklep\/wp-content\/uploads\/2025\/02\/WO60-42P1-1.webp","datePublished":"2025-02-21T19:17:06+00:00","dateModified":"2026-04-01T11:18:59+00:00","description":"Szafka wisz\u0105ca WO60\/42P1 z okapem\u00a0to doskona\u0142e rozwi\u0105zanie dla os\u00f3b poszukuj\u0105cych estetycznej i funkcjonalnej zabudowy kuchennej.","breadcrumb":{"@id":"https:\/\/meblekuchenne.pl\/sklep\/product\/szafka-wiszaca-z-okapem-teleskopowym-wo60-42p1-wys-42-cm-kammono\/#breadcrumb"},"inLanguage":"pl-PL","potentialAction":[{"@type":"ReadAction","target":["https:\/\/meblekuchenne.pl\/sklep\/product\/szafka-wiszaca-z-okapem-teleskopowym-wo60-42p1-wys-42-cm-kammono\/"]}]},{"@type":"ImageObject","inLanguage":"pl-PL","@id":"https:\/\/meblekuchenne.pl\/sklep\/product\/szafka-wiszaca-z-okapem-teleskopowym-wo60-42p1-wys-42-cm-kammono\/#primaryimage","url":"https:\/\/meblekuchenne.pl\/sklep\/wp-content\/uploads\/2025\/02\/WO60-42P1-1.webp","contentUrl":"https:\/\/meblekuchenne.pl\/sklep\/wp-content\/uploads\/2025\/02\/WO60-42P1-1.webp","width":1600,"height":1080},{"@type":"BreadcrumbList","@id":"https:\/\/meblekuchenne.pl\/sklep\/product\/szafka-wiszaca-z-okapem-teleskopowym-wo60-42p1-wys-42-cm-kammono\/#breadcrumb","itemListElement":[{"@type":"ListItem","position":1,"name":"Strona g\u0142\u00f3wna","item":"https:\/\/meblekuchenne.pl\/sklep\/"},{"@type":"ListItem","position":2,"name":"Sklep","item":"https:\/\/meblekuchenne.pl\/sklep\/sklep\/"},{"@type":"ListItem","position":3,"name":"Szafka wisz\u0105ca z okapem teleskopowym WO60\/42P1 &#8211; wys. 42 cm &#8211; KamMono"}]},{"@type":"WebSite","@id":"https:\/\/meblekuchenne.pl\/sklep\/#website","url":"https:\/\/meblekuchenne.pl\/sklep\/","name":"MebleKuchenne.PL - SKLEP","description":"","publisher":{"@id":"https:\/\/meblekuchenne.pl\/sklep\/#organization"},"potentialAction":[{"@type":"SearchAction","target":{"@type":"EntryPoint","urlTemplate":"https:\/\/meblekuchenne.pl\/sklep\/?s={search_term_string}"},"query-input":{"@type":"PropertyValueSpecification","valueRequired":true,"valueName":"search_term_string"}}],"inLanguage":"pl-PL"},{"@type":"Organization","@id":"https:\/\/meblekuchenne.pl\/sklep\/#organization","name":"MebleKuchenne.PL - SKLEP","url":"https:\/\/meblekuchenne.pl\/sklep\/","logo":{"@type":"ImageObject","inLanguage":"pl-PL","@id":"https:\/\/meblekuchenne.pl\/sklep\/#\/schema\/logo\/image\/","url":"https:\/\/meblekuchenne.pl\/sklep\/wp-content\/uploads\/2025\/06\/cropped-cropped-logo.webp","contentUrl":"https:\/\/meblekuchenne.pl\/sklep\/wp-content\/uploads\/2025\/06\/cropped-cropped-logo.webp","width":735,"height":715,"caption":"MebleKuchenne.PL - SKLEP"},"image":{"@id":"https:\/\/meblekuchenne.pl\/sklep\/#\/schema\/logo\/image\/"}}]},"og_availability":"instock","product_availability":"instock","product_retailer_item_id":"WO60\/42P1","product_condition":"new"},"_links":{"self":[{"href":"https:\/\/meblekuchenne.pl\/sklep\/wp-json\/wp\/v2\/product\/52238","targetHints":{"allow":["GET"]}}],"collection":[{"href":"https:\/\/meblekuchenne.pl\/sklep\/wp-json\/wp\/v2\/product"}],"about":[{"href":"https:\/\/meblekuchenne.pl\/sklep\/wp-json\/wp\/v2\/types\/product"}],"wp:featuredmedia":[{"embeddable":true,"href":"https:\/\/meblekuchenne.pl\/sklep\/wp-json\/wp\/v2\/media\/60207"}],"wp:attachment":[{"href":"https:\/\/meblekuchenne.pl\/sklep\/wp-json\/wp\/v2\/media?parent=52238"}],"wp:term":[{"taxonomy":"product_brand","embeddable":true,"href":"https:\/\/meblekuchenne.pl\/sklep\/wp-json\/wp\/v2\/product_brand?post=52238"},{"taxonomy":"product_cat","embeddable":true,"href":"https:\/\/meblekuchenne.pl\/sklep\/wp-json\/wp\/v2\/product_cat?post=52238"},{"taxonomy":"product_tag","embeddable":true,"href":"https:\/\/meblekuchenne.pl\/sklep\/wp-json\/wp\/v2\/product_tag?post=52238"}],"curies":[{"name":"wp","href":"https:\/\/api.w.org\/{rel}","templated":true}]}}