{"id":52089,"date":"2025-02-21T20:15:13","date_gmt":"2025-02-21T19:15:13","guid":{"rendered":"https:\/\/meblekuchenne.pl\/sklep\/?post_type=product&#038;p=52089"},"modified":"2026-03-31T13:07:49","modified_gmt":"2026-03-31T11:07:49","slug":"blenda-do-szafki-wiszacej-bw7bl-61-element-uzupelniajacy-zabudowe-narozna-gl-36-cm","status":"publish","type":"product","link":"https:\/\/meblekuchenne.pl\/sklep\/product\/blenda-do-szafki-wiszacej-bw7bl-61-element-uzupelniajacy-zabudowe-narozna-gl-36-cm\/","title":{"rendered":"Blenda do szafki wisz\u0105cej BW7BL\/61 &#8211; element uzupe\u0142niaj\u0105cy zabudow\u0119 naro\u017cn\u0105 &#8211; g\u0142. 36 cm"},"content":{"rendered":"","protected":false},"excerpt":{"rendered":"","protected":false},"featured_media":59996,"template":"","meta":[],"product_brand":[710],"product_cat":[791,776,775,454,473,493],"product_tag":[],"class_list":{"0":"post-52089","1":"product","2":"type-product","3":"status-publish","4":"has-post-thumbnail","6":"product_brand-meble-kam","7":"product_cat-narozne-wiszace-sklep","8":"product_cat-szafki-narozne-sklep","9":"product_cat-wszystko","10":"product_cat-meble-kam-mono","11":"product_cat-szafki-do-zabudowy-naroznej","12":"product_cat-elementy-dodatkowe-zabudowy-naroznej","13":"product_shipping_class-akcesoria-kam","14":"pa_front-f10","15":"pa_front-f11","16":"pa_front-f4","17":"pa_front-f6","18":"pa_front-f7","19":"pa_front-f8","20":"pa_front-fg2","21":"pa_front-k2","22":"pa_front-kc2","23":"pa_front-kc4","24":"pa_front-l4-mat","25":"pa_front-l4-polysk","26":"pa_front-m4","27":"pa_front-os_2","28":"pa_front-os_2black","29":"pa_front-p00","30":"pa_front-p2","31":"pa_front-p4","33":"first","34":"instock","35":"shipping-taxable","36":"purchasable","37":"product-type-variable"},"yoast_head":"<!-- This site is optimized with the Yoast SEO Premium plugin v25.0 (Yoast SEO v25.0) - https:\/\/yoast.com\/wordpress\/plugins\/seo\/ -->\n<title>Blenda do szafki wisz\u0105cej BW7BL\/61 - element uzupe\u0142niaj\u0105cy zabudow\u0119 naro\u017cn\u0105 - g\u0142. 36 cm - MebleKuchenne.PL - SKLEP<\/title>\n<meta name=\"robots\" content=\"index, follow, max-snippet:-1, max-image-preview:large, max-video-preview:-1\" \/>\n<link rel=\"canonical\" href=\"https:\/\/meblekuchenne.pl\/sklep\/product\/blenda-do-szafki-wiszacej-bw7bl-61-element-uzupelniajacy-zabudowe-narozna-gl-36-cm\/\" \/>\n<meta property=\"og:locale\" content=\"pl_PL\" \/>\n<meta property=\"og:type\" content=\"article\" \/>\n<meta property=\"og:title\" content=\"Blenda do szafki wisz\u0105cej BW7BL\/61 - element uzupe\u0142niaj\u0105cy zabudow\u0119 naro\u017cn\u0105 - g\u0142. 36 cm\" \/>\n<meta property=\"og:url\" content=\"https:\/\/meblekuchenne.pl\/sklep\/product\/blenda-do-szafki-wiszacej-bw7bl-61-element-uzupelniajacy-zabudowe-narozna-gl-36-cm\/\" \/>\n<meta property=\"og:site_name\" content=\"MebleKuchenne.PL - SKLEP\" \/>\n<meta property=\"article:modified_time\" content=\"2026-03-31T11:07:49+00:00\" \/>\n<meta property=\"og:image\" content=\"https:\/\/meblekuchenne.pl\/sklep\/wp-content\/uploads\/2025\/02\/w7bl-61-1.webp\" \/>\n\t<meta property=\"og:image:width\" content=\"1600\" \/>\n\t<meta property=\"og:image:height\" content=\"1080\" \/>\n\t<meta property=\"og:image:type\" content=\"image\/webp\" \/>\n<meta name=\"twitter:card\" content=\"summary_large_image\" \/>\n<meta name=\"twitter:label1\" content=\"Dost\u0119pno\u015b\u0107\" \/>\n\t<meta name=\"twitter:data1\" content=\"Dost\u0119pny\" \/>\n<script type=\"application\/ld+json\" class=\"yoast-schema-graph\">{\"@context\":\"https:\/\/schema.org\",\"@graph\":[{\"@type\":\"WebPage\",\"@id\":\"https:\/\/meblekuchenne.pl\/sklep\/product\/blenda-do-szafki-wiszacej-bw7bl-61-element-uzupelniajacy-zabudowe-narozna-gl-36-cm\/\",\"url\":\"https:\/\/meblekuchenne.pl\/sklep\/product\/blenda-do-szafki-wiszacej-bw7bl-61-element-uzupelniajacy-zabudowe-narozna-gl-36-cm\/\",\"name\":\"Blenda do szafki wisz\u0105cej BW7BL\/61 - element uzupe\u0142niaj\u0105cy zabudow\u0119 naro\u017cn\u0105 - g\u0142. 36 cm - MebleKuchenne.PL - SKLEP\",\"isPartOf\":{\"@id\":\"https:\/\/meblekuchenne.pl\/sklep\/#website\"},\"primaryImageOfPage\":{\"@id\":\"https:\/\/meblekuchenne.pl\/sklep\/product\/blenda-do-szafki-wiszacej-bw7bl-61-element-uzupelniajacy-zabudowe-narozna-gl-36-cm\/#primaryimage\"},\"image\":{\"@id\":\"https:\/\/meblekuchenne.pl\/sklep\/product\/blenda-do-szafki-wiszacej-bw7bl-61-element-uzupelniajacy-zabudowe-narozna-gl-36-cm\/#primaryimage\"},\"thumbnailUrl\":\"https:\/\/meblekuchenne.pl\/sklep\/wp-content\/uploads\/2025\/02\/w7bl-61-1.webp\",\"datePublished\":\"2025-02-21T19:15:13+00:00\",\"dateModified\":\"2026-03-31T11:07:49+00:00\",\"breadcrumb\":{\"@id\":\"https:\/\/meblekuchenne.pl\/sklep\/product\/blenda-do-szafki-wiszacej-bw7bl-61-element-uzupelniajacy-zabudowe-narozna-gl-36-cm\/#breadcrumb\"},\"inLanguage\":\"pl-PL\",\"potentialAction\":[{\"@type\":\"ReadAction\",\"target\":[\"https:\/\/meblekuchenne.pl\/sklep\/product\/blenda-do-szafki-wiszacej-bw7bl-61-element-uzupelniajacy-zabudowe-narozna-gl-36-cm\/\"]}]},{\"@type\":\"ImageObject\",\"inLanguage\":\"pl-PL\",\"@id\":\"https:\/\/meblekuchenne.pl\/sklep\/product\/blenda-do-szafki-wiszacej-bw7bl-61-element-uzupelniajacy-zabudowe-narozna-gl-36-cm\/#primaryimage\",\"url\":\"https:\/\/meblekuchenne.pl\/sklep\/wp-content\/uploads\/2025\/02\/w7bl-61-1.webp\",\"contentUrl\":\"https:\/\/meblekuchenne.pl\/sklep\/wp-content\/uploads\/2025\/02\/w7bl-61-1.webp\",\"width\":1600,\"height\":1080},{\"@type\":\"BreadcrumbList\",\"@id\":\"https:\/\/meblekuchenne.pl\/sklep\/product\/blenda-do-szafki-wiszacej-bw7bl-61-element-uzupelniajacy-zabudowe-narozna-gl-36-cm\/#breadcrumb\",\"itemListElement\":[{\"@type\":\"ListItem\",\"position\":1,\"name\":\"Strona g\u0142\u00f3wna\",\"item\":\"https:\/\/meblekuchenne.pl\/sklep\/\"},{\"@type\":\"ListItem\",\"position\":2,\"name\":\"Sklep\",\"item\":\"https:\/\/meblekuchenne.pl\/sklep\/sklep\/\"},{\"@type\":\"ListItem\",\"position\":3,\"name\":\"Blenda do szafki wisz\u0105cej BW7BL\/61 &#8211; element uzupe\u0142niaj\u0105cy zabudow\u0119 naro\u017cn\u0105 &#8211; g\u0142. 36 cm\"}]},{\"@type\":\"WebSite\",\"@id\":\"https:\/\/meblekuchenne.pl\/sklep\/#website\",\"url\":\"https:\/\/meblekuchenne.pl\/sklep\/\",\"name\":\"MebleKuchenne.PL - SKLEP\",\"description\":\"\",\"publisher\":{\"@id\":\"https:\/\/meblekuchenne.pl\/sklep\/#organization\"},\"potentialAction\":[{\"@type\":\"SearchAction\",\"target\":{\"@type\":\"EntryPoint\",\"urlTemplate\":\"https:\/\/meblekuchenne.pl\/sklep\/?s={search_term_string}\"},\"query-input\":{\"@type\":\"PropertyValueSpecification\",\"valueRequired\":true,\"valueName\":\"search_term_string\"}}],\"inLanguage\":\"pl-PL\"},{\"@type\":\"Organization\",\"@id\":\"https:\/\/meblekuchenne.pl\/sklep\/#organization\",\"name\":\"MebleKuchenne.PL - SKLEP\",\"url\":\"https:\/\/meblekuchenne.pl\/sklep\/\",\"logo\":{\"@type\":\"ImageObject\",\"inLanguage\":\"pl-PL\",\"@id\":\"https:\/\/meblekuchenne.pl\/sklep\/#\/schema\/logo\/image\/\",\"url\":\"https:\/\/meblekuchenne.pl\/sklep\/wp-content\/uploads\/2025\/06\/cropped-cropped-logo.webp\",\"contentUrl\":\"https:\/\/meblekuchenne.pl\/sklep\/wp-content\/uploads\/2025\/06\/cropped-cropped-logo.webp\",\"width\":735,\"height\":715,\"caption\":\"MebleKuchenne.PL - SKLEP\"},\"image\":{\"@id\":\"https:\/\/meblekuchenne.pl\/sklep\/#\/schema\/logo\/image\/\"}}]}<\/script>\n<meta property=\"og:availability\" content=\"instock\" \/>\n<meta property=\"product:availability\" content=\"instock\" \/>\n<meta property=\"product:retailer_item_id\" content=\"BW7BL\/61\" \/>\n<meta property=\"product:condition\" content=\"new\" \/>\n<!-- \/ Yoast SEO Premium plugin. -->","yoast_head_json":{"title":"Blenda do szafki wisz\u0105cej BW7BL\/61 - element uzupe\u0142niaj\u0105cy zabudow\u0119 naro\u017cn\u0105 - g\u0142. 36 cm - MebleKuchenne.PL - SKLEP","robots":{"index":"index","follow":"follow","max-snippet":"max-snippet:-1","max-image-preview":"max-image-preview:large","max-video-preview":"max-video-preview:-1"},"canonical":"https:\/\/meblekuchenne.pl\/sklep\/product\/blenda-do-szafki-wiszacej-bw7bl-61-element-uzupelniajacy-zabudowe-narozna-gl-36-cm\/","og_locale":"pl_PL","og_type":"article","og_title":"Blenda do szafki wisz\u0105cej BW7BL\/61 - element uzupe\u0142niaj\u0105cy zabudow\u0119 naro\u017cn\u0105 - g\u0142. 36 cm","og_url":"https:\/\/meblekuchenne.pl\/sklep\/product\/blenda-do-szafki-wiszacej-bw7bl-61-element-uzupelniajacy-zabudowe-narozna-gl-36-cm\/","og_site_name":"MebleKuchenne.PL - SKLEP","article_modified_time":"2026-03-31T11:07:49+00:00","og_image":[{"width":1600,"height":1080,"url":"https:\/\/meblekuchenne.pl\/sklep\/wp-content\/uploads\/2025\/02\/w7bl-61-1.webp","type":"image\/webp"}],"twitter_card":"summary_large_image","twitter_misc":{"Dost\u0119pno\u015b\u0107":"Dost\u0119pny"},"schema":{"@context":"https:\/\/schema.org","@graph":[{"@type":"WebPage","@id":"https:\/\/meblekuchenne.pl\/sklep\/product\/blenda-do-szafki-wiszacej-bw7bl-61-element-uzupelniajacy-zabudowe-narozna-gl-36-cm\/","url":"https:\/\/meblekuchenne.pl\/sklep\/product\/blenda-do-szafki-wiszacej-bw7bl-61-element-uzupelniajacy-zabudowe-narozna-gl-36-cm\/","name":"Blenda do szafki wisz\u0105cej BW7BL\/61 - element uzupe\u0142niaj\u0105cy zabudow\u0119 naro\u017cn\u0105 - g\u0142. 36 cm - MebleKuchenne.PL - SKLEP","isPartOf":{"@id":"https:\/\/meblekuchenne.pl\/sklep\/#website"},"primaryImageOfPage":{"@id":"https:\/\/meblekuchenne.pl\/sklep\/product\/blenda-do-szafki-wiszacej-bw7bl-61-element-uzupelniajacy-zabudowe-narozna-gl-36-cm\/#primaryimage"},"image":{"@id":"https:\/\/meblekuchenne.pl\/sklep\/product\/blenda-do-szafki-wiszacej-bw7bl-61-element-uzupelniajacy-zabudowe-narozna-gl-36-cm\/#primaryimage"},"thumbnailUrl":"https:\/\/meblekuchenne.pl\/sklep\/wp-content\/uploads\/2025\/02\/w7bl-61-1.webp","datePublished":"2025-02-21T19:15:13+00:00","dateModified":"2026-03-31T11:07:49+00:00","breadcrumb":{"@id":"https:\/\/meblekuchenne.pl\/sklep\/product\/blenda-do-szafki-wiszacej-bw7bl-61-element-uzupelniajacy-zabudowe-narozna-gl-36-cm\/#breadcrumb"},"inLanguage":"pl-PL","potentialAction":[{"@type":"ReadAction","target":["https:\/\/meblekuchenne.pl\/sklep\/product\/blenda-do-szafki-wiszacej-bw7bl-61-element-uzupelniajacy-zabudowe-narozna-gl-36-cm\/"]}]},{"@type":"ImageObject","inLanguage":"pl-PL","@id":"https:\/\/meblekuchenne.pl\/sklep\/product\/blenda-do-szafki-wiszacej-bw7bl-61-element-uzupelniajacy-zabudowe-narozna-gl-36-cm\/#primaryimage","url":"https:\/\/meblekuchenne.pl\/sklep\/wp-content\/uploads\/2025\/02\/w7bl-61-1.webp","contentUrl":"https:\/\/meblekuchenne.pl\/sklep\/wp-content\/uploads\/2025\/02\/w7bl-61-1.webp","width":1600,"height":1080},{"@type":"BreadcrumbList","@id":"https:\/\/meblekuchenne.pl\/sklep\/product\/blenda-do-szafki-wiszacej-bw7bl-61-element-uzupelniajacy-zabudowe-narozna-gl-36-cm\/#breadcrumb","itemListElement":[{"@type":"ListItem","position":1,"name":"Strona g\u0142\u00f3wna","item":"https:\/\/meblekuchenne.pl\/sklep\/"},{"@type":"ListItem","position":2,"name":"Sklep","item":"https:\/\/meblekuchenne.pl\/sklep\/sklep\/"},{"@type":"ListItem","position":3,"name":"Blenda do szafki wisz\u0105cej BW7BL\/61 &#8211; element uzupe\u0142niaj\u0105cy zabudow\u0119 naro\u017cn\u0105 &#8211; g\u0142. 36 cm"}]},{"@type":"WebSite","@id":"https:\/\/meblekuchenne.pl\/sklep\/#website","url":"https:\/\/meblekuchenne.pl\/sklep\/","name":"MebleKuchenne.PL - SKLEP","description":"","publisher":{"@id":"https:\/\/meblekuchenne.pl\/sklep\/#organization"},"potentialAction":[{"@type":"SearchAction","target":{"@type":"EntryPoint","urlTemplate":"https:\/\/meblekuchenne.pl\/sklep\/?s={search_term_string}"},"query-input":{"@type":"PropertyValueSpecification","valueRequired":true,"valueName":"search_term_string"}}],"inLanguage":"pl-PL"},{"@type":"Organization","@id":"https:\/\/meblekuchenne.pl\/sklep\/#organization","name":"MebleKuchenne.PL - SKLEP","url":"https:\/\/meblekuchenne.pl\/sklep\/","logo":{"@type":"ImageObject","inLanguage":"pl-PL","@id":"https:\/\/meblekuchenne.pl\/sklep\/#\/schema\/logo\/image\/","url":"https:\/\/meblekuchenne.pl\/sklep\/wp-content\/uploads\/2025\/06\/cropped-cropped-logo.webp","contentUrl":"https:\/\/meblekuchenne.pl\/sklep\/wp-content\/uploads\/2025\/06\/cropped-cropped-logo.webp","width":735,"height":715,"caption":"MebleKuchenne.PL - SKLEP"},"image":{"@id":"https:\/\/meblekuchenne.pl\/sklep\/#\/schema\/logo\/image\/"}}]},"og_availability":"instock","product_availability":"instock","product_retailer_item_id":"BW7BL\/61","product_condition":"new"},"_links":{"self":[{"href":"https:\/\/meblekuchenne.pl\/sklep\/wp-json\/wp\/v2\/product\/52089","targetHints":{"allow":["GET"]}}],"collection":[{"href":"https:\/\/meblekuchenne.pl\/sklep\/wp-json\/wp\/v2\/product"}],"about":[{"href":"https:\/\/meblekuchenne.pl\/sklep\/wp-json\/wp\/v2\/types\/product"}],"wp:featuredmedia":[{"embeddable":true,"href":"https:\/\/meblekuchenne.pl\/sklep\/wp-json\/wp\/v2\/media\/59996"}],"wp:attachment":[{"href":"https:\/\/meblekuchenne.pl\/sklep\/wp-json\/wp\/v2\/media?parent=52089"}],"wp:term":[{"taxonomy":"product_brand","embeddable":true,"href":"https:\/\/meblekuchenne.pl\/sklep\/wp-json\/wp\/v2\/product_brand?post=52089"},{"taxonomy":"product_cat","embeddable":true,"href":"https:\/\/meblekuchenne.pl\/sklep\/wp-json\/wp\/v2\/product_cat?post=52089"},{"taxonomy":"product_tag","embeddable":true,"href":"https:\/\/meblekuchenne.pl\/sklep\/wp-json\/wp\/v2\/product_tag?post=52089"}],"curies":[{"name":"wp","href":"https:\/\/api.w.org\/{rel}","templated":true}]}}