{"id":51938,"date":"2025-02-21T20:13:15","date_gmt":"2025-02-21T19:13:15","guid":{"rendered":"https:\/\/meblekuchenne.pl\/sklep\/?post_type=product&#038;p=51938"},"modified":"2026-03-31T13:07:55","modified_gmt":"2026-03-31T11:07:55","slug":"szafka-wiszaca-snpr65-100-uzupelnienie-zabudowy-naroznej-przy-slupkach","status":"publish","type":"product","link":"https:\/\/meblekuchenne.pl\/sklep\/product\/szafka-wiszaca-snpr65-100-uzupelnienie-zabudowy-naroznej-przy-slupkach\/","title":{"rendered":"Szafka wisz\u0105ca SNPR65\/100 &#8211; uzupe\u0142nienie zabudowy naro\u017cnej przy s\u0142upkach"},"content":{"rendered":"<h2 data-start=\"0\" data-end=\"82\"><strong data-start=\"4\" data-end=\"80\">Szafka wisz\u0105ca SNPR65\/100 \u2013 uzupe\u0142nienie zabudowy naro\u017cnej przy s\u0142upkach | KAMMONO<\/strong><\/h2>\n<p>Szafka do zabudowy naro\u017cnej \u2013 szer. 65 cm, wys. 100 cm, g\u0142. 58 cm<\/p>\n<p class=\"\" data-start=\"84\" data-end=\"439\">Szafka <strong data-start=\"91\" data-end=\"105\">SNPR65\/100<\/strong> to element zaprojektowany do uzupe\u0142nienia zabudowy naro\u017cnej przy s\u0142upkach w kuchni, w kt\u00f3rej na <strong data-start=\"202\" data-end=\"254\">prostopad\u0142ej \u015bcianie znajduj\u0105 si\u0119 szafki wisz\u0105ce<\/strong>. Dzi\u0119ki odpowiedniemu dopasowaniu do uk\u0142adu mebli pozwala na estetyczne i funkcjonalne zagospodarowanie naro\u017cnika, eliminuj\u0105c puste przestrzenie i zapewniaj\u0105c sp\u00f3jne meble kuchenne.<\/p>\n<p class=\"\" data-start=\"441\" data-end=\"780\">W kuchniach z naro\u017cnym s\u0142upkiem kluczowe jest harmonijne po\u0142\u0105czenie mebli, aby ca\u0142o\u015b\u0107 prezentowa\u0142a si\u0119 elegancko i by\u0142a ergonomiczna w u\u017cytkowaniu. Szafka SNPR65\/100, jako cz\u0119\u015b\u0107 systemu KAMMONO, wpisuje si\u0119 w t\u0119 koncepcj\u0119, oferuj\u0105c rozwi\u0105zanie, kt\u00f3re u\u0142atwia organizacj\u0119 przestrzeni i pozwala na wygodne korzystanie z zabudowy kuchennej.<\/p>\n<h3 class=\"\" data-start=\"782\" data-end=\"826\"><strong data-start=\"786\" data-end=\"824\">Estetyka i funkcjonalno\u015b\u0107 w jednym<\/strong><\/h3>\n<p class=\"\" data-start=\"828\" data-end=\"1086\">Szafka SNPR65\/100 charakteryzuje si\u0119 dopracowanym designem, kt\u00f3ry pasuje do nowoczesnych i klasycznych aran\u017cacji kuchennych. Dzi\u0119ki starannie dobranym materia\u0142om i mo\u017cliwo\u015bci wyboru wyko\u0144czenia mo\u017cna j\u0105 idealnie dopasowa\u0107 do pozosta\u0142ych element\u00f3w zabudowy.<\/p>\n<p class=\"\" data-start=\"1088\" data-end=\"1436\">Fronty dost\u0119pne s\u0105 w r\u00f3\u017cnych wariantach \u2013 zar\u00f3wno matowych, jak i akrylowych, a tak\u017ce w dekorach drewnopodobnych, co pozwala na stworzenie sp\u00f3jnej i estetycznej kompozycji. W zale\u017cno\u015bci od wybranego stylu kuchni mo\u017cna zdecydowa\u0107 si\u0119 na uchwyty relingowe, klasyczne, frezowane lub ca\u0142kowicie zrezygnowa\u0107 z uchwyt\u00f3w, wybieraj\u0105c system push-to-open.<\/p>\n<h3 class=\"\" data-start=\"1438\" data-end=\"1475\"><strong data-start=\"1442\" data-end=\"1473\">Trwa\u0142o\u015b\u0107 i jako\u015b\u0107 wykonania<\/strong><\/h3>\n<p class=\"\" data-start=\"1477\" data-end=\"1745\">Szafka wykonana jest z wysokiej jako\u015bci materia\u0142\u00f3w, odpornych na codzienne u\u017cytkowanie i \u0142atwych w utrzymaniu czysto\u015bci. Wn\u0119trze szafki zapewnia optymaln\u0105 przestrze\u0144 do przechowywania, umo\u017cliwiaj\u0105c wygodne umieszczenie akcesori\u00f3w kuchennych lub zapasowych produkt\u00f3w.<\/p>\n<p class=\"\" data-start=\"1747\" data-end=\"1967\">Dzi\u0119ki przemy\u015blanemu projektowi szafka SNPR65\/100 gwarantuje stabilno\u015b\u0107 oraz \u0142atwy monta\u017c, co sprawia, \u017ce jest doskona\u0142ym wyborem zar\u00f3wno do nowych aran\u017cacji kuchennych, jak i przy modernizacji ju\u017c istniej\u0105cych wn\u0119trz.<\/p>\n<h3 class=\"\" data-start=\"1969\" data-end=\"2019\"><strong data-start=\"1973\" data-end=\"2017\">Dlaczego warto wybra\u0107 meble kuchenne KAM?<\/strong><\/h3>\n<ul data-start=\"2021\" data-end=\"2495\">\n<li class=\"\" data-start=\"2021\" data-end=\"2120\">\n<p class=\"\" data-start=\"2023\" data-end=\"2120\"><strong data-start=\"2023\" data-end=\"2073\">Dopasowanie do naro\u017cnej zabudowy przy s\u0142upkach<\/strong> \u2013 zapewnia sp\u00f3jno\u015b\u0107 i estetyk\u0119 ca\u0142ej kuchni.<\/p>\n<\/li>\n<li class=\"\" data-start=\"2121\" data-end=\"2220\">\n<p class=\"\" data-start=\"2123\" data-end=\"2220\"><strong data-start=\"2123\" data-end=\"2149\">R\u00f3\u017cnorodno\u015b\u0107 wyko\u0144cze\u0144<\/strong> \u2013 mo\u017cliwo\u015b\u0107 wyboru spo\u015br\u00f3d wielu wariant\u00f3w kolorystycznych i faktur.<\/p>\n<\/li>\n<li class=\"\" data-start=\"2221\" data-end=\"2297\">\n<p class=\"\" data-start=\"2223\" data-end=\"2297\"><strong data-start=\"2223\" data-end=\"2246\">Solidna konstrukcja<\/strong> \u2013 trwa\u0142o\u015b\u0107 i odporno\u015b\u0107 na codzienne u\u017cytkowanie.<\/p>\n<\/li>\n<li class=\"\" data-start=\"2298\" data-end=\"2389\">\n<p class=\"\" data-start=\"2300\" data-end=\"2389\"><strong data-start=\"2300\" data-end=\"2328\">Ergonomiczne rozwi\u0105zanie<\/strong> \u2013 wygodny dost\u0119p do wn\u0119trza szafki, bez strat przestrzeni.<\/p>\n<\/li>\n<li class=\"\" data-start=\"2390\" data-end=\"2495\">\n<p class=\"\" data-start=\"2392\" data-end=\"2495\"><strong data-start=\"2392\" data-end=\"2431\">Nowoczesny i minimalistyczny design<\/strong> \u2013 pasuje zar\u00f3wno do kuchni industrialnych, jak i klasycznych.<\/p>\n<\/li>\n<\/ul>\n<p class=\"\" data-start=\"2497\" data-end=\"2742\">Szafka wisz\u0105ca <strong data-start=\"2512\" data-end=\"2526\">SNPR65\/100<\/strong> to nie tylko praktyczny element zabudowy kuchennej, ale tak\u017ce spos\u00f3b na uzyskanie harmonijnego i estetycznego wn\u0119trza. Sprawdza si\u0119 wsz\u0119dzie tam, gdzie liczy si\u0119 ergonomia, funkcjonalno\u015b\u0107 i przemy\u015blany uk\u0142ad szafek.<\/p>\n","protected":false},"excerpt":{"rendered":"<p>Szafka <strong data-start=\"91\" data-end=\"105\">SNPR65\/100<\/strong> to element zaprojektowany do uzupe\u0142nienia zabudowy naro\u017cnej przy s\u0142upkach w kuchni, w kt\u00f3rej na <strong data-start=\"202\" data-end=\"254\">prostopad\u0142ej \u015bcianie znajduj\u0105 si\u0119 szafki wisz\u0105ce<\/strong>. Dzi\u0119ki odpowiedniemu dopasowaniu do uk\u0142adu mebli pozwala na estetyczne i funkcjonalne zagospodarowanie naro\u017cnika, eliminuj\u0105c puste przestrzenie i zapewniaj\u0105c sp\u00f3jny wygl\u0105d zabudowy.<\/p>\n","protected":false},"featured_media":59979,"template":"","meta":[],"product_brand":[710],"product_cat":[791,776,775,454,473,494,535],"product_tag":[],"class_list":{"0":"post-51938","1":"product","2":"type-product","3":"status-publish","4":"has-post-thumbnail","6":"product_brand-meble-kam","7":"product_cat-narozne-wiszace-sklep","8":"product_cat-szafki-narozne-sklep","9":"product_cat-wszystko","10":"product_cat-meble-kam-mono","11":"product_cat-szafki-do-zabudowy-naroznej","12":"product_cat-szafki-uzupelniajace","13":"product_cat-szafki-uzupelniajace-100","14":"product_shipping_class-szafka-wiszaca-kam","15":"pa_front-f10","16":"pa_front-f11","17":"pa_front-f4","18":"pa_front-f6","19":"pa_front-f7","20":"pa_front-f8","21":"pa_front-fg2","22":"pa_front-k2","23":"pa_front-kc2","24":"pa_front-kc4","25":"pa_front-l4-mat","26":"pa_front-l4-polysk","27":"pa_front-m4","28":"pa_front-os_2","29":"pa_front-os_2black","30":"pa_front-p00","31":"pa_front-p2","32":"pa_front-p4","34":"first","35":"instock","36":"shipping-taxable","37":"purchasable","38":"product-type-variable"},"yoast_head":"<!-- This site is optimized with the Yoast SEO Premium plugin v25.0 (Yoast SEO v25.0) - https:\/\/yoast.com\/wordpress\/plugins\/seo\/ -->\n<title>Szafka wisz\u0105ca SNPR65\/100<\/title>\n<meta name=\"description\" content=\"Szafka wisz\u0105ca SNPR65\/100 dzi\u0119ki odpowiedniemu dopasowaniu do uk\u0142adu mebli pozwala na estetyczne i funkcjonalne zagospodarowanie naro\u017cnika\" \/>\n<meta name=\"robots\" content=\"index, follow, max-snippet:-1, max-image-preview:large, max-video-preview:-1\" \/>\n<link rel=\"canonical\" href=\"https:\/\/meblekuchenne.pl\/sklep\/product\/szafka-wiszaca-snpr65-100-uzupelnienie-zabudowy-naroznej-przy-slupkach\/\" \/>\n<meta property=\"og:locale\" content=\"pl_PL\" \/>\n<meta property=\"og:type\" content=\"article\" \/>\n<meta property=\"og:title\" content=\"Szafka wisz\u0105ca SNPR65\/100 - uzupe\u0142nienie zabudowy naro\u017cnej przy s\u0142upkach\" \/>\n<meta property=\"og:description\" content=\"Szafka wisz\u0105ca SNPR65\/100 dzi\u0119ki odpowiedniemu dopasowaniu do uk\u0142adu mebli pozwala na estetyczne i funkcjonalne zagospodarowanie naro\u017cnika\" \/>\n<meta property=\"og:url\" content=\"https:\/\/meblekuchenne.pl\/sklep\/product\/szafka-wiszaca-snpr65-100-uzupelnienie-zabudowy-naroznej-przy-slupkach\/\" \/>\n<meta property=\"og:site_name\" content=\"MebleKuchenne.PL - SKLEP\" \/>\n<meta property=\"article:modified_time\" content=\"2026-03-31T11:07:55+00:00\" \/>\n<meta property=\"og:image\" content=\"https:\/\/meblekuchenne.pl\/sklep\/wp-content\/uploads\/2025\/02\/snpr65-100-1.webp\" \/>\n\t<meta property=\"og:image:width\" content=\"1600\" \/>\n\t<meta property=\"og:image:height\" content=\"1080\" \/>\n\t<meta property=\"og:image:type\" content=\"image\/webp\" \/>\n<meta name=\"twitter:card\" content=\"summary_large_image\" \/>\n<meta name=\"twitter:label1\" content=\"Dost\u0119pno\u015b\u0107\" \/>\n\t<meta name=\"twitter:data1\" content=\"Dost\u0119pny\" \/>\n<script type=\"application\/ld+json\" class=\"yoast-schema-graph\">{\"@context\":\"https:\/\/schema.org\",\"@graph\":[{\"@type\":\"WebPage\",\"@id\":\"https:\/\/meblekuchenne.pl\/sklep\/product\/szafka-wiszaca-snpr65-100-uzupelnienie-zabudowy-naroznej-przy-slupkach\/\",\"url\":\"https:\/\/meblekuchenne.pl\/sklep\/product\/szafka-wiszaca-snpr65-100-uzupelnienie-zabudowy-naroznej-przy-slupkach\/\",\"name\":\"Szafka wisz\u0105ca SNPR65\/100\",\"isPartOf\":{\"@id\":\"https:\/\/meblekuchenne.pl\/sklep\/#website\"},\"primaryImageOfPage\":{\"@id\":\"https:\/\/meblekuchenne.pl\/sklep\/product\/szafka-wiszaca-snpr65-100-uzupelnienie-zabudowy-naroznej-przy-slupkach\/#primaryimage\"},\"image\":{\"@id\":\"https:\/\/meblekuchenne.pl\/sklep\/product\/szafka-wiszaca-snpr65-100-uzupelnienie-zabudowy-naroznej-przy-slupkach\/#primaryimage\"},\"thumbnailUrl\":\"https:\/\/meblekuchenne.pl\/sklep\/wp-content\/uploads\/2025\/02\/snpr65-100-1.webp\",\"datePublished\":\"2025-02-21T19:13:15+00:00\",\"dateModified\":\"2026-03-31T11:07:55+00:00\",\"description\":\"Szafka wisz\u0105ca SNPR65\/100 dzi\u0119ki odpowiedniemu dopasowaniu do uk\u0142adu mebli pozwala na estetyczne i funkcjonalne zagospodarowanie naro\u017cnika\",\"breadcrumb\":{\"@id\":\"https:\/\/meblekuchenne.pl\/sklep\/product\/szafka-wiszaca-snpr65-100-uzupelnienie-zabudowy-naroznej-przy-slupkach\/#breadcrumb\"},\"inLanguage\":\"pl-PL\",\"potentialAction\":[{\"@type\":\"ReadAction\",\"target\":[\"https:\/\/meblekuchenne.pl\/sklep\/product\/szafka-wiszaca-snpr65-100-uzupelnienie-zabudowy-naroznej-przy-slupkach\/\"]}]},{\"@type\":\"ImageObject\",\"inLanguage\":\"pl-PL\",\"@id\":\"https:\/\/meblekuchenne.pl\/sklep\/product\/szafka-wiszaca-snpr65-100-uzupelnienie-zabudowy-naroznej-przy-slupkach\/#primaryimage\",\"url\":\"https:\/\/meblekuchenne.pl\/sklep\/wp-content\/uploads\/2025\/02\/snpr65-100-1.webp\",\"contentUrl\":\"https:\/\/meblekuchenne.pl\/sklep\/wp-content\/uploads\/2025\/02\/snpr65-100-1.webp\",\"width\":1600,\"height\":1080},{\"@type\":\"BreadcrumbList\",\"@id\":\"https:\/\/meblekuchenne.pl\/sklep\/product\/szafka-wiszaca-snpr65-100-uzupelnienie-zabudowy-naroznej-przy-slupkach\/#breadcrumb\",\"itemListElement\":[{\"@type\":\"ListItem\",\"position\":1,\"name\":\"Strona g\u0142\u00f3wna\",\"item\":\"https:\/\/meblekuchenne.pl\/sklep\/\"},{\"@type\":\"ListItem\",\"position\":2,\"name\":\"Sklep\",\"item\":\"https:\/\/meblekuchenne.pl\/sklep\/sklep\/\"},{\"@type\":\"ListItem\",\"position\":3,\"name\":\"Szafka wisz\u0105ca SNPR65\/100 &#8211; uzupe\u0142nienie zabudowy naro\u017cnej przy s\u0142upkach\"}]},{\"@type\":\"WebSite\",\"@id\":\"https:\/\/meblekuchenne.pl\/sklep\/#website\",\"url\":\"https:\/\/meblekuchenne.pl\/sklep\/\",\"name\":\"MebleKuchenne.PL - SKLEP\",\"description\":\"\",\"publisher\":{\"@id\":\"https:\/\/meblekuchenne.pl\/sklep\/#organization\"},\"potentialAction\":[{\"@type\":\"SearchAction\",\"target\":{\"@type\":\"EntryPoint\",\"urlTemplate\":\"https:\/\/meblekuchenne.pl\/sklep\/?s={search_term_string}\"},\"query-input\":{\"@type\":\"PropertyValueSpecification\",\"valueRequired\":true,\"valueName\":\"search_term_string\"}}],\"inLanguage\":\"pl-PL\"},{\"@type\":\"Organization\",\"@id\":\"https:\/\/meblekuchenne.pl\/sklep\/#organization\",\"name\":\"MebleKuchenne.PL - SKLEP\",\"url\":\"https:\/\/meblekuchenne.pl\/sklep\/\",\"logo\":{\"@type\":\"ImageObject\",\"inLanguage\":\"pl-PL\",\"@id\":\"https:\/\/meblekuchenne.pl\/sklep\/#\/schema\/logo\/image\/\",\"url\":\"https:\/\/meblekuchenne.pl\/sklep\/wp-content\/uploads\/2025\/06\/cropped-cropped-logo.webp\",\"contentUrl\":\"https:\/\/meblekuchenne.pl\/sklep\/wp-content\/uploads\/2025\/06\/cropped-cropped-logo.webp\",\"width\":735,\"height\":715,\"caption\":\"MebleKuchenne.PL - SKLEP\"},\"image\":{\"@id\":\"https:\/\/meblekuchenne.pl\/sklep\/#\/schema\/logo\/image\/\"}}]}<\/script>\n<meta property=\"og:availability\" content=\"instock\" \/>\n<meta property=\"product:availability\" content=\"instock\" \/>\n<meta property=\"product:retailer_item_id\" content=\"SNPR65\/100\" \/>\n<meta property=\"product:condition\" content=\"new\" \/>\n<!-- \/ Yoast SEO Premium plugin. -->","yoast_head_json":{"title":"Szafka wisz\u0105ca SNPR65\/100","description":"Szafka wisz\u0105ca SNPR65\/100 dzi\u0119ki odpowiedniemu dopasowaniu do uk\u0142adu mebli pozwala na estetyczne i funkcjonalne zagospodarowanie naro\u017cnika","robots":{"index":"index","follow":"follow","max-snippet":"max-snippet:-1","max-image-preview":"max-image-preview:large","max-video-preview":"max-video-preview:-1"},"canonical":"https:\/\/meblekuchenne.pl\/sklep\/product\/szafka-wiszaca-snpr65-100-uzupelnienie-zabudowy-naroznej-przy-slupkach\/","og_locale":"pl_PL","og_type":"article","og_title":"Szafka wisz\u0105ca SNPR65\/100 - uzupe\u0142nienie zabudowy naro\u017cnej przy s\u0142upkach","og_description":"Szafka wisz\u0105ca SNPR65\/100 dzi\u0119ki odpowiedniemu dopasowaniu do uk\u0142adu mebli pozwala na estetyczne i funkcjonalne zagospodarowanie naro\u017cnika","og_url":"https:\/\/meblekuchenne.pl\/sklep\/product\/szafka-wiszaca-snpr65-100-uzupelnienie-zabudowy-naroznej-przy-slupkach\/","og_site_name":"MebleKuchenne.PL - SKLEP","article_modified_time":"2026-03-31T11:07:55+00:00","og_image":[{"width":1600,"height":1080,"url":"https:\/\/meblekuchenne.pl\/sklep\/wp-content\/uploads\/2025\/02\/snpr65-100-1.webp","type":"image\/webp"}],"twitter_card":"summary_large_image","twitter_misc":{"Dost\u0119pno\u015b\u0107":"Dost\u0119pny"},"schema":{"@context":"https:\/\/schema.org","@graph":[{"@type":"WebPage","@id":"https:\/\/meblekuchenne.pl\/sklep\/product\/szafka-wiszaca-snpr65-100-uzupelnienie-zabudowy-naroznej-przy-slupkach\/","url":"https:\/\/meblekuchenne.pl\/sklep\/product\/szafka-wiszaca-snpr65-100-uzupelnienie-zabudowy-naroznej-przy-slupkach\/","name":"Szafka wisz\u0105ca SNPR65\/100","isPartOf":{"@id":"https:\/\/meblekuchenne.pl\/sklep\/#website"},"primaryImageOfPage":{"@id":"https:\/\/meblekuchenne.pl\/sklep\/product\/szafka-wiszaca-snpr65-100-uzupelnienie-zabudowy-naroznej-przy-slupkach\/#primaryimage"},"image":{"@id":"https:\/\/meblekuchenne.pl\/sklep\/product\/szafka-wiszaca-snpr65-100-uzupelnienie-zabudowy-naroznej-przy-slupkach\/#primaryimage"},"thumbnailUrl":"https:\/\/meblekuchenne.pl\/sklep\/wp-content\/uploads\/2025\/02\/snpr65-100-1.webp","datePublished":"2025-02-21T19:13:15+00:00","dateModified":"2026-03-31T11:07:55+00:00","description":"Szafka wisz\u0105ca SNPR65\/100 dzi\u0119ki odpowiedniemu dopasowaniu do uk\u0142adu mebli pozwala na estetyczne i funkcjonalne zagospodarowanie naro\u017cnika","breadcrumb":{"@id":"https:\/\/meblekuchenne.pl\/sklep\/product\/szafka-wiszaca-snpr65-100-uzupelnienie-zabudowy-naroznej-przy-slupkach\/#breadcrumb"},"inLanguage":"pl-PL","potentialAction":[{"@type":"ReadAction","target":["https:\/\/meblekuchenne.pl\/sklep\/product\/szafka-wiszaca-snpr65-100-uzupelnienie-zabudowy-naroznej-przy-slupkach\/"]}]},{"@type":"ImageObject","inLanguage":"pl-PL","@id":"https:\/\/meblekuchenne.pl\/sklep\/product\/szafka-wiszaca-snpr65-100-uzupelnienie-zabudowy-naroznej-przy-slupkach\/#primaryimage","url":"https:\/\/meblekuchenne.pl\/sklep\/wp-content\/uploads\/2025\/02\/snpr65-100-1.webp","contentUrl":"https:\/\/meblekuchenne.pl\/sklep\/wp-content\/uploads\/2025\/02\/snpr65-100-1.webp","width":1600,"height":1080},{"@type":"BreadcrumbList","@id":"https:\/\/meblekuchenne.pl\/sklep\/product\/szafka-wiszaca-snpr65-100-uzupelnienie-zabudowy-naroznej-przy-slupkach\/#breadcrumb","itemListElement":[{"@type":"ListItem","position":1,"name":"Strona g\u0142\u00f3wna","item":"https:\/\/meblekuchenne.pl\/sklep\/"},{"@type":"ListItem","position":2,"name":"Sklep","item":"https:\/\/meblekuchenne.pl\/sklep\/sklep\/"},{"@type":"ListItem","position":3,"name":"Szafka wisz\u0105ca SNPR65\/100 &#8211; uzupe\u0142nienie zabudowy naro\u017cnej przy s\u0142upkach"}]},{"@type":"WebSite","@id":"https:\/\/meblekuchenne.pl\/sklep\/#website","url":"https:\/\/meblekuchenne.pl\/sklep\/","name":"MebleKuchenne.PL - SKLEP","description":"","publisher":{"@id":"https:\/\/meblekuchenne.pl\/sklep\/#organization"},"potentialAction":[{"@type":"SearchAction","target":{"@type":"EntryPoint","urlTemplate":"https:\/\/meblekuchenne.pl\/sklep\/?s={search_term_string}"},"query-input":{"@type":"PropertyValueSpecification","valueRequired":true,"valueName":"search_term_string"}}],"inLanguage":"pl-PL"},{"@type":"Organization","@id":"https:\/\/meblekuchenne.pl\/sklep\/#organization","name":"MebleKuchenne.PL - SKLEP","url":"https:\/\/meblekuchenne.pl\/sklep\/","logo":{"@type":"ImageObject","inLanguage":"pl-PL","@id":"https:\/\/meblekuchenne.pl\/sklep\/#\/schema\/logo\/image\/","url":"https:\/\/meblekuchenne.pl\/sklep\/wp-content\/uploads\/2025\/06\/cropped-cropped-logo.webp","contentUrl":"https:\/\/meblekuchenne.pl\/sklep\/wp-content\/uploads\/2025\/06\/cropped-cropped-logo.webp","width":735,"height":715,"caption":"MebleKuchenne.PL - SKLEP"},"image":{"@id":"https:\/\/meblekuchenne.pl\/sklep\/#\/schema\/logo\/image\/"}}]},"og_availability":"instock","product_availability":"instock","product_retailer_item_id":"SNPR65\/100","product_condition":"new"},"_links":{"self":[{"href":"https:\/\/meblekuchenne.pl\/sklep\/wp-json\/wp\/v2\/product\/51938","targetHints":{"allow":["GET"]}}],"collection":[{"href":"https:\/\/meblekuchenne.pl\/sklep\/wp-json\/wp\/v2\/product"}],"about":[{"href":"https:\/\/meblekuchenne.pl\/sklep\/wp-json\/wp\/v2\/types\/product"}],"wp:featuredmedia":[{"embeddable":true,"href":"https:\/\/meblekuchenne.pl\/sklep\/wp-json\/wp\/v2\/media\/59979"}],"wp:attachment":[{"href":"https:\/\/meblekuchenne.pl\/sklep\/wp-json\/wp\/v2\/media?parent=51938"}],"wp:term":[{"taxonomy":"product_brand","embeddable":true,"href":"https:\/\/meblekuchenne.pl\/sklep\/wp-json\/wp\/v2\/product_brand?post=51938"},{"taxonomy":"product_cat","embeddable":true,"href":"https:\/\/meblekuchenne.pl\/sklep\/wp-json\/wp\/v2\/product_cat?post=51938"},{"taxonomy":"product_tag","embeddable":true,"href":"https:\/\/meblekuchenne.pl\/sklep\/wp-json\/wp\/v2\/product_tag?post=51938"}],"curies":[{"name":"wp","href":"https:\/\/api.w.org\/{rel}","templated":true}]}}