{"id":51908,"date":"2025-02-21T20:12:52","date_gmt":"2025-02-21T19:12:52","guid":{"rendered":"https:\/\/meblekuchenne.pl\/sklep\/?post_type=product&#038;p=51908"},"modified":"2026-03-31T13:07:55","modified_gmt":"2026-03-31T11:07:55","slug":"szafka-wiszaca-bsnpr65-90-uzupelnienie-zabudowy-naroznej-przy-slupkach","status":"publish","type":"product","link":"https:\/\/meblekuchenne.pl\/sklep\/product\/szafka-wiszaca-bsnpr65-90-uzupelnienie-zabudowy-naroznej-przy-slupkach\/","title":{"rendered":"Szafka wisz\u0105ca BSNPR65\/90 &#8211; uzupe\u0142nienie zabudowy naro\u017cnej przy s\u0142upkach"},"content":{"rendered":"<h2 data-start=\"0\" data-end=\"82\"><strong data-start=\"4\" data-end=\"80\">Szafka wisz\u0105ca BSNPR65\/90 \u2013 uzupe\u0142nienie zabudowy naro\u017cnej przy s\u0142upkach | KAMMONO<\/strong><\/h2>\n<p>Szafka do zabudowy naro\u017cnej \u2013 szer. 65 cm, wys. 90 cm, g\u0142. 58 cm<\/p>\n<h3>Meble kuchenne KAM &#8211; dla pragn\u0105cych najlepszej jako\u015bci<\/h3>\n<p class=\"\" data-start=\"84\" data-end=\"396\">Szafka <strong data-start=\"91\" data-end=\"105\">BSNPR65\/90<\/strong> to element uzupe\u0142niaj\u0105cy <strong data-start=\"131\" data-end=\"165\">zabudow\u0119 naro\u017cn\u0105 przy s\u0142upkach<\/strong>, idealny do kuchni, w kt\u00f3rych <strong data-start=\"196\" data-end=\"251\">na prostopad\u0142ej \u015bcianie znajduj\u0105 si\u0119 szafki wisz\u0105ce<\/strong>. Dzi\u0119ki <strong data-start=\"260\" data-end=\"281\">w\u0119\u017cszemu frontowi<\/strong> jest doskonale dopasowana do <strong data-start=\"311\" data-end=\"341\">g\u0142\u0119bokich szafek wisz\u0105cych<\/strong>, co zapewnia sp\u00f3jny wygl\u0105d oraz komfort u\u017cytkowania.<\/p>\n<h3 class=\"\" data-start=\"403\" data-end=\"432\"><strong data-start=\"407\" data-end=\"430\">G\u0142\u00f3wne zastosowanie<\/strong><\/h3>\n<p class=\"\" data-start=\"434\" data-end=\"714\">Szafka wisz\u0105ca BSNPR65\/90 sprawdzi si\u0119 w sytuacjach, gdy:<\/p>\n<ul>\n<li data-start=\"434\" data-end=\"714\"><strong data-start=\"492\" data-end=\"553\">Zabudowa kuchni obejmuje s\u0142upek i g\u0142\u0119bokie szafki wisz\u0105ce<\/strong><\/li>\n<li data-start=\"434\" data-end=\"714\"><strong data-start=\"558\" data-end=\"644\">Prostopad\u0142a \u015bciana posiada szafki wisz\u0105ce, do kt\u00f3rych szafka musi idealnie pasowa\u0107<\/strong><\/li>\n<li data-start=\"434\" data-end=\"714\"><strong data-start=\"649\" data-end=\"712\">Potrzebne jest optymalne wykorzystanie przestrzeni naro\u017cnej<\/strong><\/li>\n<\/ul>\n<h3 class=\"\" data-start=\"721\" data-end=\"756\"><strong data-start=\"725\" data-end=\"754\">Dopasowanie i konstrukcja<\/strong><\/h3>\n<ul>\n<li data-start=\"758\" data-end=\"970\"><strong data-start=\"761\" data-end=\"805\">Szeroko\u015b\u0107 dostosowana do systemu KAMMONO<\/strong><\/li>\n<li data-start=\"758\" data-end=\"970\"><strong data-start=\"811\" data-end=\"868\">G\u0142\u0119boko\u015b\u0107 kompatybilna z g\u0142\u0119bokimi szafkami wisz\u0105cymi<\/strong><\/li>\n<li data-start=\"758\" data-end=\"970\"><strong data-start=\"874\" data-end=\"926\">W\u0119\u017cszy front zapewniaj\u0105cy sp\u00f3jny wygl\u0105d zabudowy<\/strong><\/li>\n<li data-start=\"758\" data-end=\"970\"><strong data-start=\"932\" data-end=\"968\">\u0141atwy monta\u017c i solidne wykonanie<\/strong><\/li>\n<\/ul>\n<h3 class=\"\" data-start=\"977\" data-end=\"1009\"><strong data-start=\"981\" data-end=\"1007\">Wyko\u0144czenie i estetyka<\/strong><\/h3>\n<p class=\"\" data-start=\"1011\" data-end=\"1127\">Szafka <strong data-start=\"1018\" data-end=\"1032\">BSNPR65\/90<\/strong> dost\u0119pna jest w szerokiej gamie wyko\u0144cze\u0144, co pozwala dopasowa\u0107 j\u0105 do r\u00f3\u017cnych styl\u00f3w kuchni:<\/p>\n<h3 class=\"\" data-start=\"1258\" data-end=\"1292\"><strong data-start=\"1262\" data-end=\"1290\">Zalety szafki BSNPR65\/90<\/strong><\/h3>\n<ul>\n<li data-start=\"1294\" data-end=\"1545\"><strong data-start=\"1296\" data-end=\"1354\">Optymalne uzupe\u0142nienie zabudowy naro\u017cnej przy s\u0142upkach<\/strong><\/li>\n<li data-start=\"1294\" data-end=\"1545\"><strong data-start=\"1359\" data-end=\"1417\">W\u0119\u017cszy front dostosowany do g\u0142\u0119bokich szafek wisz\u0105cych<\/strong><\/li>\n<li data-start=\"1294\" data-end=\"1545\"><strong data-start=\"1422\" data-end=\"1487\">Sp\u00f3jna stylistyka z pozosta\u0142ymi elementami zabudowy kuchennej<\/strong><\/li>\n<li data-start=\"1294\" data-end=\"1545\"><strong data-start=\"1492\" data-end=\"1543\">Funkcjonalne wykorzystanie naro\u017cnej przestrzeni<\/strong><\/li>\n<\/ul>\n<p class=\"\" data-start=\"1547\" data-end=\"1668\">Szafka <strong data-start=\"1554\" data-end=\"1568\">BSNPR65\/90<\/strong> to doskona\u0142y wyb\u00f3r do nowoczesnych kuchni, gdzie <strong data-start=\"1618\" data-end=\"1665\">liczy si\u0119 zar\u00f3wno estetyka, jak i ergonomia<\/strong>. Meble kuchenne mog\u0105 by\u0107 pere\u0142k\u0105 w Twoim domu!<\/p>\n","protected":false},"excerpt":{"rendered":"<p>Szafka <strong data-start=\"91\" data-end=\"105\">BSNPR65\/90<\/strong> to element uzupe\u0142niaj\u0105cy <strong data-start=\"131\" data-end=\"165\">zabudow\u0119 naro\u017cn\u0105 przy s\u0142upkach<\/strong>, idealny do kuchni, w kt\u00f3rych <strong data-start=\"196\" data-end=\"251\">na prostopad\u0142ej \u015bcianie znajduj\u0105 si\u0119 szafki wisz\u0105ce<\/strong>. Dzi\u0119ki <strong data-start=\"260\" data-end=\"281\">w\u0119\u017cszemu frontowi<\/strong> jest doskonale dopasowana do <strong data-start=\"311\" data-end=\"341\">g\u0142\u0119bokich szafek wisz\u0105cych<\/strong>, co zapewnia sp\u00f3jny wygl\u0105d oraz komfort u\u017cytkowania.<\/p>\n","protected":false},"featured_media":59981,"template":"","meta":[],"product_brand":[710],"product_cat":[791,776,775,454,473,494,534],"product_tag":[],"class_list":{"0":"post-51908","1":"product","2":"type-product","3":"status-publish","4":"has-post-thumbnail","6":"product_brand-meble-kam","7":"product_cat-narozne-wiszace-sklep","8":"product_cat-szafki-narozne-sklep","9":"product_cat-wszystko","10":"product_cat-meble-kam-mono","11":"product_cat-szafki-do-zabudowy-naroznej","12":"product_cat-szafki-uzupelniajace","13":"product_cat-szafki-uzupelniajace-90","14":"product_shipping_class-szafka-wiszaca-kam","15":"pa_front-f10","16":"pa_front-f11","17":"pa_front-f4","18":"pa_front-f6","19":"pa_front-f7","20":"pa_front-f8","21":"pa_front-fg2","22":"pa_front-k2","23":"pa_front-kc2","24":"pa_front-kc4","25":"pa_front-l4-mat","26":"pa_front-l4-polysk","27":"pa_front-m4","28":"pa_front-os_2","29":"pa_front-os_2black","30":"pa_front-p00","31":"pa_front-p2","32":"pa_front-p4","34":"first","35":"instock","36":"shipping-taxable","37":"purchasable","38":"product-type-variable"},"yoast_head":"<!-- This site is optimized with the Yoast SEO Premium plugin v25.0 (Yoast SEO v25.0) - https:\/\/yoast.com\/wordpress\/plugins\/seo\/ -->\n<title>Szafka wisz\u0105ca BSNPR65\/90<\/title>\n<meta name=\"description\" content=\"Szafka wisz\u0105ca BSNPR65\/90 to element uzupe\u0142niaj\u0105cy zabudow\u0119 naro\u017cn\u0105 przy s\u0142upkach, w kuchnia, w kt\u00f3rej na prostopad\u0142ej \u015bcianie znajduj\u0105 si\u0119 szafki wisz\u0105ce.\" \/>\n<meta name=\"robots\" content=\"index, follow, max-snippet:-1, max-image-preview:large, max-video-preview:-1\" \/>\n<link rel=\"canonical\" href=\"https:\/\/meblekuchenne.pl\/sklep\/product\/szafka-wiszaca-bsnpr65-90-uzupelnienie-zabudowy-naroznej-przy-slupkach\/\" \/>\n<meta property=\"og:locale\" content=\"pl_PL\" \/>\n<meta property=\"og:type\" content=\"article\" \/>\n<meta property=\"og:title\" content=\"Szafka wisz\u0105ca BSNPR65\/90 - uzupe\u0142nienie zabudowy naro\u017cnej przy s\u0142upkach\" \/>\n<meta property=\"og:description\" content=\"Szafka wisz\u0105ca BSNPR65\/90 to element uzupe\u0142niaj\u0105cy zabudow\u0119 naro\u017cn\u0105 przy s\u0142upkach, w kuchnia, w kt\u00f3rej na prostopad\u0142ej \u015bcianie znajduj\u0105 si\u0119 szafki wisz\u0105ce.\" \/>\n<meta property=\"og:url\" content=\"https:\/\/meblekuchenne.pl\/sklep\/product\/szafka-wiszaca-bsnpr65-90-uzupelnienie-zabudowy-naroznej-przy-slupkach\/\" \/>\n<meta property=\"og:site_name\" content=\"MebleKuchenne.PL - SKLEP\" \/>\n<meta property=\"article:modified_time\" content=\"2026-03-31T11:07:55+00:00\" \/>\n<meta property=\"og:image\" content=\"https:\/\/meblekuchenne.pl\/sklep\/wp-content\/uploads\/2025\/02\/snpr65-90.webp\" \/>\n\t<meta property=\"og:image:width\" content=\"1600\" \/>\n\t<meta property=\"og:image:height\" content=\"1080\" \/>\n\t<meta property=\"og:image:type\" content=\"image\/webp\" \/>\n<meta name=\"twitter:card\" content=\"summary_large_image\" \/>\n<meta name=\"twitter:label1\" content=\"Dost\u0119pno\u015b\u0107\" \/>\n\t<meta name=\"twitter:data1\" content=\"Dost\u0119pny\" \/>\n<script type=\"application\/ld+json\" class=\"yoast-schema-graph\">{\"@context\":\"https:\/\/schema.org\",\"@graph\":[{\"@type\":\"WebPage\",\"@id\":\"https:\/\/meblekuchenne.pl\/sklep\/product\/szafka-wiszaca-bsnpr65-90-uzupelnienie-zabudowy-naroznej-przy-slupkach\/\",\"url\":\"https:\/\/meblekuchenne.pl\/sklep\/product\/szafka-wiszaca-bsnpr65-90-uzupelnienie-zabudowy-naroznej-przy-slupkach\/\",\"name\":\"Szafka wisz\u0105ca BSNPR65\/90\",\"isPartOf\":{\"@id\":\"https:\/\/meblekuchenne.pl\/sklep\/#website\"},\"primaryImageOfPage\":{\"@id\":\"https:\/\/meblekuchenne.pl\/sklep\/product\/szafka-wiszaca-bsnpr65-90-uzupelnienie-zabudowy-naroznej-przy-slupkach\/#primaryimage\"},\"image\":{\"@id\":\"https:\/\/meblekuchenne.pl\/sklep\/product\/szafka-wiszaca-bsnpr65-90-uzupelnienie-zabudowy-naroznej-przy-slupkach\/#primaryimage\"},\"thumbnailUrl\":\"https:\/\/meblekuchenne.pl\/sklep\/wp-content\/uploads\/2025\/02\/snpr65-90.webp\",\"datePublished\":\"2025-02-21T19:12:52+00:00\",\"dateModified\":\"2026-03-31T11:07:55+00:00\",\"description\":\"Szafka wisz\u0105ca BSNPR65\/90 to element uzupe\u0142niaj\u0105cy zabudow\u0119 naro\u017cn\u0105 przy s\u0142upkach, w kuchnia, w kt\u00f3rej na prostopad\u0142ej \u015bcianie znajduj\u0105 si\u0119 szafki wisz\u0105ce.\",\"breadcrumb\":{\"@id\":\"https:\/\/meblekuchenne.pl\/sklep\/product\/szafka-wiszaca-bsnpr65-90-uzupelnienie-zabudowy-naroznej-przy-slupkach\/#breadcrumb\"},\"inLanguage\":\"pl-PL\",\"potentialAction\":[{\"@type\":\"ReadAction\",\"target\":[\"https:\/\/meblekuchenne.pl\/sklep\/product\/szafka-wiszaca-bsnpr65-90-uzupelnienie-zabudowy-naroznej-przy-slupkach\/\"]}]},{\"@type\":\"ImageObject\",\"inLanguage\":\"pl-PL\",\"@id\":\"https:\/\/meblekuchenne.pl\/sklep\/product\/szafka-wiszaca-bsnpr65-90-uzupelnienie-zabudowy-naroznej-przy-slupkach\/#primaryimage\",\"url\":\"https:\/\/meblekuchenne.pl\/sklep\/wp-content\/uploads\/2025\/02\/snpr65-90.webp\",\"contentUrl\":\"https:\/\/meblekuchenne.pl\/sklep\/wp-content\/uploads\/2025\/02\/snpr65-90.webp\",\"width\":1600,\"height\":1080},{\"@type\":\"BreadcrumbList\",\"@id\":\"https:\/\/meblekuchenne.pl\/sklep\/product\/szafka-wiszaca-bsnpr65-90-uzupelnienie-zabudowy-naroznej-przy-slupkach\/#breadcrumb\",\"itemListElement\":[{\"@type\":\"ListItem\",\"position\":1,\"name\":\"Strona g\u0142\u00f3wna\",\"item\":\"https:\/\/meblekuchenne.pl\/sklep\/\"},{\"@type\":\"ListItem\",\"position\":2,\"name\":\"Sklep\",\"item\":\"https:\/\/meblekuchenne.pl\/sklep\/sklep\/\"},{\"@type\":\"ListItem\",\"position\":3,\"name\":\"Szafka wisz\u0105ca BSNPR65\/90 &#8211; uzupe\u0142nienie zabudowy naro\u017cnej przy s\u0142upkach\"}]},{\"@type\":\"WebSite\",\"@id\":\"https:\/\/meblekuchenne.pl\/sklep\/#website\",\"url\":\"https:\/\/meblekuchenne.pl\/sklep\/\",\"name\":\"MebleKuchenne.PL - SKLEP\",\"description\":\"\",\"publisher\":{\"@id\":\"https:\/\/meblekuchenne.pl\/sklep\/#organization\"},\"potentialAction\":[{\"@type\":\"SearchAction\",\"target\":{\"@type\":\"EntryPoint\",\"urlTemplate\":\"https:\/\/meblekuchenne.pl\/sklep\/?s={search_term_string}\"},\"query-input\":{\"@type\":\"PropertyValueSpecification\",\"valueRequired\":true,\"valueName\":\"search_term_string\"}}],\"inLanguage\":\"pl-PL\"},{\"@type\":\"Organization\",\"@id\":\"https:\/\/meblekuchenne.pl\/sklep\/#organization\",\"name\":\"MebleKuchenne.PL - SKLEP\",\"url\":\"https:\/\/meblekuchenne.pl\/sklep\/\",\"logo\":{\"@type\":\"ImageObject\",\"inLanguage\":\"pl-PL\",\"@id\":\"https:\/\/meblekuchenne.pl\/sklep\/#\/schema\/logo\/image\/\",\"url\":\"https:\/\/meblekuchenne.pl\/sklep\/wp-content\/uploads\/2025\/06\/cropped-cropped-logo.webp\",\"contentUrl\":\"https:\/\/meblekuchenne.pl\/sklep\/wp-content\/uploads\/2025\/06\/cropped-cropped-logo.webp\",\"width\":735,\"height\":715,\"caption\":\"MebleKuchenne.PL - SKLEP\"},\"image\":{\"@id\":\"https:\/\/meblekuchenne.pl\/sklep\/#\/schema\/logo\/image\/\"}}]}<\/script>\n<meta property=\"og:availability\" content=\"instock\" \/>\n<meta property=\"product:availability\" content=\"instock\" \/>\n<meta property=\"product:retailer_item_id\" content=\"BSNPR65\/90\" \/>\n<meta property=\"product:condition\" content=\"new\" \/>\n<!-- \/ Yoast SEO Premium plugin. -->","yoast_head_json":{"title":"Szafka wisz\u0105ca BSNPR65\/90","description":"Szafka wisz\u0105ca BSNPR65\/90 to element uzupe\u0142niaj\u0105cy zabudow\u0119 naro\u017cn\u0105 przy s\u0142upkach, w kuchnia, w kt\u00f3rej na prostopad\u0142ej \u015bcianie znajduj\u0105 si\u0119 szafki wisz\u0105ce.","robots":{"index":"index","follow":"follow","max-snippet":"max-snippet:-1","max-image-preview":"max-image-preview:large","max-video-preview":"max-video-preview:-1"},"canonical":"https:\/\/meblekuchenne.pl\/sklep\/product\/szafka-wiszaca-bsnpr65-90-uzupelnienie-zabudowy-naroznej-przy-slupkach\/","og_locale":"pl_PL","og_type":"article","og_title":"Szafka wisz\u0105ca BSNPR65\/90 - uzupe\u0142nienie zabudowy naro\u017cnej przy s\u0142upkach","og_description":"Szafka wisz\u0105ca BSNPR65\/90 to element uzupe\u0142niaj\u0105cy zabudow\u0119 naro\u017cn\u0105 przy s\u0142upkach, w kuchnia, w kt\u00f3rej na prostopad\u0142ej \u015bcianie znajduj\u0105 si\u0119 szafki wisz\u0105ce.","og_url":"https:\/\/meblekuchenne.pl\/sklep\/product\/szafka-wiszaca-bsnpr65-90-uzupelnienie-zabudowy-naroznej-przy-slupkach\/","og_site_name":"MebleKuchenne.PL - SKLEP","article_modified_time":"2026-03-31T11:07:55+00:00","og_image":[{"width":1600,"height":1080,"url":"https:\/\/meblekuchenne.pl\/sklep\/wp-content\/uploads\/2025\/02\/snpr65-90.webp","type":"image\/webp"}],"twitter_card":"summary_large_image","twitter_misc":{"Dost\u0119pno\u015b\u0107":"Dost\u0119pny"},"schema":{"@context":"https:\/\/schema.org","@graph":[{"@type":"WebPage","@id":"https:\/\/meblekuchenne.pl\/sklep\/product\/szafka-wiszaca-bsnpr65-90-uzupelnienie-zabudowy-naroznej-przy-slupkach\/","url":"https:\/\/meblekuchenne.pl\/sklep\/product\/szafka-wiszaca-bsnpr65-90-uzupelnienie-zabudowy-naroznej-przy-slupkach\/","name":"Szafka wisz\u0105ca BSNPR65\/90","isPartOf":{"@id":"https:\/\/meblekuchenne.pl\/sklep\/#website"},"primaryImageOfPage":{"@id":"https:\/\/meblekuchenne.pl\/sklep\/product\/szafka-wiszaca-bsnpr65-90-uzupelnienie-zabudowy-naroznej-przy-slupkach\/#primaryimage"},"image":{"@id":"https:\/\/meblekuchenne.pl\/sklep\/product\/szafka-wiszaca-bsnpr65-90-uzupelnienie-zabudowy-naroznej-przy-slupkach\/#primaryimage"},"thumbnailUrl":"https:\/\/meblekuchenne.pl\/sklep\/wp-content\/uploads\/2025\/02\/snpr65-90.webp","datePublished":"2025-02-21T19:12:52+00:00","dateModified":"2026-03-31T11:07:55+00:00","description":"Szafka wisz\u0105ca BSNPR65\/90 to element uzupe\u0142niaj\u0105cy zabudow\u0119 naro\u017cn\u0105 przy s\u0142upkach, w kuchnia, w kt\u00f3rej na prostopad\u0142ej \u015bcianie znajduj\u0105 si\u0119 szafki wisz\u0105ce.","breadcrumb":{"@id":"https:\/\/meblekuchenne.pl\/sklep\/product\/szafka-wiszaca-bsnpr65-90-uzupelnienie-zabudowy-naroznej-przy-slupkach\/#breadcrumb"},"inLanguage":"pl-PL","potentialAction":[{"@type":"ReadAction","target":["https:\/\/meblekuchenne.pl\/sklep\/product\/szafka-wiszaca-bsnpr65-90-uzupelnienie-zabudowy-naroznej-przy-slupkach\/"]}]},{"@type":"ImageObject","inLanguage":"pl-PL","@id":"https:\/\/meblekuchenne.pl\/sklep\/product\/szafka-wiszaca-bsnpr65-90-uzupelnienie-zabudowy-naroznej-przy-slupkach\/#primaryimage","url":"https:\/\/meblekuchenne.pl\/sklep\/wp-content\/uploads\/2025\/02\/snpr65-90.webp","contentUrl":"https:\/\/meblekuchenne.pl\/sklep\/wp-content\/uploads\/2025\/02\/snpr65-90.webp","width":1600,"height":1080},{"@type":"BreadcrumbList","@id":"https:\/\/meblekuchenne.pl\/sklep\/product\/szafka-wiszaca-bsnpr65-90-uzupelnienie-zabudowy-naroznej-przy-slupkach\/#breadcrumb","itemListElement":[{"@type":"ListItem","position":1,"name":"Strona g\u0142\u00f3wna","item":"https:\/\/meblekuchenne.pl\/sklep\/"},{"@type":"ListItem","position":2,"name":"Sklep","item":"https:\/\/meblekuchenne.pl\/sklep\/sklep\/"},{"@type":"ListItem","position":3,"name":"Szafka wisz\u0105ca BSNPR65\/90 &#8211; uzupe\u0142nienie zabudowy naro\u017cnej przy s\u0142upkach"}]},{"@type":"WebSite","@id":"https:\/\/meblekuchenne.pl\/sklep\/#website","url":"https:\/\/meblekuchenne.pl\/sklep\/","name":"MebleKuchenne.PL - SKLEP","description":"","publisher":{"@id":"https:\/\/meblekuchenne.pl\/sklep\/#organization"},"potentialAction":[{"@type":"SearchAction","target":{"@type":"EntryPoint","urlTemplate":"https:\/\/meblekuchenne.pl\/sklep\/?s={search_term_string}"},"query-input":{"@type":"PropertyValueSpecification","valueRequired":true,"valueName":"search_term_string"}}],"inLanguage":"pl-PL"},{"@type":"Organization","@id":"https:\/\/meblekuchenne.pl\/sklep\/#organization","name":"MebleKuchenne.PL - SKLEP","url":"https:\/\/meblekuchenne.pl\/sklep\/","logo":{"@type":"ImageObject","inLanguage":"pl-PL","@id":"https:\/\/meblekuchenne.pl\/sklep\/#\/schema\/logo\/image\/","url":"https:\/\/meblekuchenne.pl\/sklep\/wp-content\/uploads\/2025\/06\/cropped-cropped-logo.webp","contentUrl":"https:\/\/meblekuchenne.pl\/sklep\/wp-content\/uploads\/2025\/06\/cropped-cropped-logo.webp","width":735,"height":715,"caption":"MebleKuchenne.PL - SKLEP"},"image":{"@id":"https:\/\/meblekuchenne.pl\/sklep\/#\/schema\/logo\/image\/"}}]},"og_availability":"instock","product_availability":"instock","product_retailer_item_id":"BSNPR65\/90","product_condition":"new"},"_links":{"self":[{"href":"https:\/\/meblekuchenne.pl\/sklep\/wp-json\/wp\/v2\/product\/51908","targetHints":{"allow":["GET"]}}],"collection":[{"href":"https:\/\/meblekuchenne.pl\/sklep\/wp-json\/wp\/v2\/product"}],"about":[{"href":"https:\/\/meblekuchenne.pl\/sklep\/wp-json\/wp\/v2\/types\/product"}],"wp:featuredmedia":[{"embeddable":true,"href":"https:\/\/meblekuchenne.pl\/sklep\/wp-json\/wp\/v2\/media\/59981"}],"wp:attachment":[{"href":"https:\/\/meblekuchenne.pl\/sklep\/wp-json\/wp\/v2\/media?parent=51908"}],"wp:term":[{"taxonomy":"product_brand","embeddable":true,"href":"https:\/\/meblekuchenne.pl\/sklep\/wp-json\/wp\/v2\/product_brand?post=51908"},{"taxonomy":"product_cat","embeddable":true,"href":"https:\/\/meblekuchenne.pl\/sklep\/wp-json\/wp\/v2\/product_cat?post=51908"},{"taxonomy":"product_tag","embeddable":true,"href":"https:\/\/meblekuchenne.pl\/sklep\/wp-json\/wp\/v2\/product_tag?post=51908"}],"curies":[{"name":"wp","href":"https:\/\/api.w.org\/{rel}","templated":true}]}}