{"id":51248,"date":"2025-02-21T20:04:47","date_gmt":"2025-02-21T19:04:47","guid":{"rendered":"https:\/\/meblekuchenne.pl\/sklep\/?post_type=product&#038;p=51248"},"modified":"2026-03-31T13:08:04","modified_gmt":"2026-03-31T11:08:04","slug":"szafka-nadstawka-nad-slupki-wo-35n-szer-30-100-cm-kammono","status":"publish","type":"product","link":"https:\/\/meblekuchenne.pl\/sklep\/product\/szafka-nadstawka-nad-slupki-wo-35n-szer-30-100-cm-kammono\/","title":{"rendered":"Szafka nadstawka nad s\u0142upki WO&#8230;\/35N- szer. 30-100 cm KamMono"},"content":{"rendered":"<h2 data-start=\"0\" data-end=\"81\">Szafka nadstawka nad s\u0142upki WO&#8230;\/35N | KAMMONO<\/h2>\n<p data-start=\"0\" data-end=\"81\">G\u0142\u0119boka nadstawka &#8211; szer. 30, 40, 45, 50, 60, 70, 75, 80, 85, 90, 95, 100 cm, wys. 35 cm, g\u0142. 58 cm<\/p>\n<h3 data-start=\"0\" data-end=\"81\">Przestronno\u015b\u0107 i wentylacja w kuchni<\/h3>\n<p data-start=\"83\" data-end=\"336\">Szafka nadstawka WO&#8230;\/35N to funkcjonalne rozwi\u0105zanie, kt\u00f3re pozwala na efektywne zagospodarowanie przestrzeni nad s\u0142upkami. Zamontowanie jej nad p\u0142ytszymi szafkami wisz\u0105cymi jest ciekawym rozwi\u0105zaniem, kt\u00f3re pozwoli na monta\u017c o\u015bwietlenia.<\/p>\n<h3 data-start=\"338\" data-end=\"390\">Przemy\u015blane wymiary szafki nadstawki WO&#8230;\/35N<\/h3>\n<ul data-start=\"392\" data-end=\"525\">\n<li data-start=\"392\" data-end=\"411\">Wysoko\u015b\u0107: 35 cm<\/li>\n<li data-start=\"412\" data-end=\"441\">Szeroko\u015b\u0107: 30 cm \u2013 100 cm<\/li>\n<li data-start=\"442\" data-end=\"472\">G\u0142\u0119boko\u015b\u0107 z frontem: 58 cm<\/li>\n<li data-start=\"473\" data-end=\"525\">Wi\u0119ksza przestrze\u0144 wentylacyjna dla urz\u0105dze\u0144 AGD<\/li>\n<\/ul>\n<h3 data-start=\"527\" data-end=\"590\">Trwa\u0142a konstrukcja i nowoczesne rozwi\u0105zania &#8211; Meble KAM<\/h3>\n<p data-start=\"592\" data-end=\"923\">Szafka nadstawka nad s\u0142upki WO&#8230;\/35N wykonana jest z solidnej p\u0142yty meblowej o grubo\u015bci 16 mm, co zapewnia jej stabilno\u015b\u0107 oraz d\u0142ugowieczno\u015b\u0107. Front szafki ma grubo\u015b\u0107 16-19 mm (w zale\u017cno\u015bci od kolekcji), co daje jej elegancki wygl\u0105d i odporno\u015b\u0107 na uszkodzenia. Otwieranie na podno\u015bnikach gazowych zapewnia wygodny dost\u0119p do wn\u0119trza szafki.<\/p>\n<ul data-start=\"925\" data-end=\"1106\">\n<li data-start=\"925\" data-end=\"991\">Brak zawieszek \u2013 szafka montowana bezpo\u015brednio na s\u0142upkach<\/li>\n<li data-start=\"992\" data-end=\"1048\">Front o grubo\u015bci 16-19 mm (w zale\u017cno\u015bci od kolekcji)<\/li>\n<li data-start=\"1049\" data-end=\"1106\">Mechanizm podno\u015bnik\u00f3w gazowych u\u0142atwiaj\u0105cy otwieranie<\/li>\n<\/ul>\n<h3 data-start=\"1108\" data-end=\"1161\">Meble kuchenne &#8211; prosty monta\u017c i estetyczny design<\/h3>\n<p data-start=\"1163\" data-end=\"1522\">Szafka nadstawka WO&#8230;\/35N jest dostarczana w formie do samodzielnego monta\u017cu. W zestawie znajduj\u0105 si\u0119 wszystkie niezb\u0119dne elementy oraz czytelna instrukcja monta\u017cu, co pozwala na szybkie i bezproblemowe z\u0142o\u017cenie. Nowoczesny design oraz szeroka gama wyko\u0144cze\u0144 sprawiaj\u0105, \u017ce szafka doskonale komponuje si\u0119 z ka\u017cd\u0105 kuchenn\u0105 aran\u017cacj\u0105<\/p>\n<p data-start=\"1524\" data-end=\"1728\">Szafka nadstawka WO&#8230;\/35N to rozwi\u0105zanie, kt\u00f3re pozwala na optymalne wykorzystanie przestrzeni w kuchni, zapewniaj\u0105c dodatkow\u0105 przestrze\u0144 do przechowywania oraz odpowiedni\u0105 wentylacj\u0119 dla urz\u0105dze\u0144 AGD.<\/p>\n","protected":false},"excerpt":{"rendered":"<p>Szafka nadstawka WO&#8230;\/35N to funkcjonalne rozwi\u0105zanie, kt\u00f3re pozwala na efektywne zagospodarowanie przestrzeni nad s\u0142upkami AGD. Dzi\u0119ki g\u0142\u0119boko\u015bci 58 cm, zapewnia odpowiedni\u0105 wentylacj\u0119 urz\u0105dze\u0144, wp\u0142ywaj\u0105c na ich wydajno\u015b\u0107 i d\u0142ugotrwa\u0142\u0105 niezawodno\u015b\u0107.<\/p>\n","protected":false},"featured_media":60063,"template":"","meta":[],"product_brand":[710],"product_cat":[778,775,454,474,500,557],"product_tag":[],"class_list":{"0":"post-51248","1":"product","2":"type-product","3":"status-publish","4":"has-post-thumbnail","6":"product_brand-meble-kam","7":"product_cat-szafki-kuchenne-wiszace-sklep","8":"product_cat-wszystko","9":"product_cat-meble-kam-mono","10":"product_cat-szafki-wiszace","11":"product_cat-szafki-wiszace-35","12":"product_cat-szafki-wiszace-n-glebokosc-58-cm-szafki-wiszace-35","13":"product_shipping_class-szafka-wiszaca-kam","14":"pa_front-f10","15":"pa_front-f11","16":"pa_front-f4","17":"pa_front-f6","18":"pa_front-f7","19":"pa_front-f8","20":"pa_front-fg2","21":"pa_front-k2","22":"pa_front-kc2","23":"pa_front-kc4","24":"pa_front-l4-mat","25":"pa_front-l4-polysk","26":"pa_front-m4","27":"pa_front-os_2","28":"pa_front-os_2black","29":"pa_front-p00","30":"pa_front-p2","31":"pa_front-p4","32":"pa_rozmiar-100-cm","33":"pa_rozmiar-30-cm","34":"pa_rozmiar-40-cm","35":"pa_rozmiar-45-cm","36":"pa_rozmiar-50-cm","37":"pa_rozmiar-60-cm","38":"pa_rozmiar-70-cm","39":"pa_rozmiar-75-cm","40":"pa_rozmiar-80-cm","41":"pa_rozmiar-85-cm","42":"pa_rozmiar-90-cm","43":"pa_rozmiar-95-cm","45":"first","46":"instock","47":"shipping-taxable","48":"purchasable","49":"product-type-variable"},"yoast_head":"<!-- This site is optimized with the Yoast SEO Premium plugin v25.0 (Yoast SEO v25.0) - https:\/\/yoast.com\/wordpress\/plugins\/seo\/ -->\n<title>Szafka nadstawka nad s\u0142upki WO...\/35N<\/title>\n<meta name=\"description\" content=\"Szafka nadstawka nad s\u0142upki WO...\/35N to funkcjonalne rozwi\u0105zanie, kt\u00f3re pozwala na efektywne zagospodarowanie przestrzeni nad s\u0142upkami.\" \/>\n<meta name=\"robots\" content=\"index, follow, max-snippet:-1, max-image-preview:large, max-video-preview:-1\" \/>\n<link rel=\"canonical\" href=\"https:\/\/meblekuchenne.pl\/sklep\/product\/szafka-nadstawka-nad-slupki-wo-35n-szer-30-100-cm-kammono\/\" \/>\n<meta property=\"og:locale\" content=\"pl_PL\" \/>\n<meta property=\"og:type\" content=\"article\" \/>\n<meta property=\"og:title\" content=\"Szafka nadstawka nad s\u0142upki WO...\/35N- szer. 30-100 cm KamMono\" \/>\n<meta property=\"og:description\" content=\"Szafka nadstawka nad s\u0142upki WO...\/35N to funkcjonalne rozwi\u0105zanie, kt\u00f3re pozwala na efektywne zagospodarowanie przestrzeni nad s\u0142upkami.\" \/>\n<meta property=\"og:url\" content=\"https:\/\/meblekuchenne.pl\/sklep\/product\/szafka-nadstawka-nad-slupki-wo-35n-szer-30-100-cm-kammono\/\" \/>\n<meta property=\"og:site_name\" content=\"MebleKuchenne.PL - SKLEP\" \/>\n<meta property=\"article:modified_time\" content=\"2026-03-31T11:08:04+00:00\" \/>\n<meta property=\"og:image\" content=\"https:\/\/meblekuchenne.pl\/sklep\/wp-content\/uploads\/2025\/02\/wo60-35n.webp\" \/>\n\t<meta property=\"og:image:width\" content=\"1600\" \/>\n\t<meta property=\"og:image:height\" content=\"1080\" \/>\n\t<meta property=\"og:image:type\" content=\"image\/webp\" \/>\n<meta name=\"twitter:card\" content=\"summary_large_image\" \/>\n<meta name=\"twitter:label1\" content=\"Dost\u0119pno\u015b\u0107\" \/>\n\t<meta name=\"twitter:data1\" content=\"Dost\u0119pny\" \/>\n<script type=\"application\/ld+json\" class=\"yoast-schema-graph\">{\"@context\":\"https:\/\/schema.org\",\"@graph\":[{\"@type\":\"WebPage\",\"@id\":\"https:\/\/meblekuchenne.pl\/sklep\/product\/szafka-nadstawka-nad-slupki-wo-35n-szer-30-100-cm-kammono\/\",\"url\":\"https:\/\/meblekuchenne.pl\/sklep\/product\/szafka-nadstawka-nad-slupki-wo-35n-szer-30-100-cm-kammono\/\",\"name\":\"Szafka nadstawka nad s\u0142upki WO...\/35N\",\"isPartOf\":{\"@id\":\"https:\/\/meblekuchenne.pl\/sklep\/#website\"},\"primaryImageOfPage\":{\"@id\":\"https:\/\/meblekuchenne.pl\/sklep\/product\/szafka-nadstawka-nad-slupki-wo-35n-szer-30-100-cm-kammono\/#primaryimage\"},\"image\":{\"@id\":\"https:\/\/meblekuchenne.pl\/sklep\/product\/szafka-nadstawka-nad-slupki-wo-35n-szer-30-100-cm-kammono\/#primaryimage\"},\"thumbnailUrl\":\"https:\/\/meblekuchenne.pl\/sklep\/wp-content\/uploads\/2025\/02\/wo60-35n.webp\",\"datePublished\":\"2025-02-21T19:04:47+00:00\",\"dateModified\":\"2026-03-31T11:08:04+00:00\",\"description\":\"Szafka nadstawka nad s\u0142upki WO...\/35N to funkcjonalne rozwi\u0105zanie, kt\u00f3re pozwala na efektywne zagospodarowanie przestrzeni nad s\u0142upkami.\",\"breadcrumb\":{\"@id\":\"https:\/\/meblekuchenne.pl\/sklep\/product\/szafka-nadstawka-nad-slupki-wo-35n-szer-30-100-cm-kammono\/#breadcrumb\"},\"inLanguage\":\"pl-PL\",\"potentialAction\":[{\"@type\":\"ReadAction\",\"target\":[\"https:\/\/meblekuchenne.pl\/sklep\/product\/szafka-nadstawka-nad-slupki-wo-35n-szer-30-100-cm-kammono\/\"]}]},{\"@type\":\"ImageObject\",\"inLanguage\":\"pl-PL\",\"@id\":\"https:\/\/meblekuchenne.pl\/sklep\/product\/szafka-nadstawka-nad-slupki-wo-35n-szer-30-100-cm-kammono\/#primaryimage\",\"url\":\"https:\/\/meblekuchenne.pl\/sklep\/wp-content\/uploads\/2025\/02\/wo60-35n.webp\",\"contentUrl\":\"https:\/\/meblekuchenne.pl\/sklep\/wp-content\/uploads\/2025\/02\/wo60-35n.webp\",\"width\":1600,\"height\":1080},{\"@type\":\"BreadcrumbList\",\"@id\":\"https:\/\/meblekuchenne.pl\/sklep\/product\/szafka-nadstawka-nad-slupki-wo-35n-szer-30-100-cm-kammono\/#breadcrumb\",\"itemListElement\":[{\"@type\":\"ListItem\",\"position\":1,\"name\":\"Strona g\u0142\u00f3wna\",\"item\":\"https:\/\/meblekuchenne.pl\/sklep\/\"},{\"@type\":\"ListItem\",\"position\":2,\"name\":\"Sklep\",\"item\":\"https:\/\/meblekuchenne.pl\/sklep\/sklep\/\"},{\"@type\":\"ListItem\",\"position\":3,\"name\":\"Szafka nadstawka nad s\u0142upki WO&#8230;\/35N- szer. 30-100 cm KamMono\"}]},{\"@type\":\"WebSite\",\"@id\":\"https:\/\/meblekuchenne.pl\/sklep\/#website\",\"url\":\"https:\/\/meblekuchenne.pl\/sklep\/\",\"name\":\"MebleKuchenne.PL - SKLEP\",\"description\":\"\",\"publisher\":{\"@id\":\"https:\/\/meblekuchenne.pl\/sklep\/#organization\"},\"potentialAction\":[{\"@type\":\"SearchAction\",\"target\":{\"@type\":\"EntryPoint\",\"urlTemplate\":\"https:\/\/meblekuchenne.pl\/sklep\/?s={search_term_string}\"},\"query-input\":{\"@type\":\"PropertyValueSpecification\",\"valueRequired\":true,\"valueName\":\"search_term_string\"}}],\"inLanguage\":\"pl-PL\"},{\"@type\":\"Organization\",\"@id\":\"https:\/\/meblekuchenne.pl\/sklep\/#organization\",\"name\":\"MebleKuchenne.PL - SKLEP\",\"url\":\"https:\/\/meblekuchenne.pl\/sklep\/\",\"logo\":{\"@type\":\"ImageObject\",\"inLanguage\":\"pl-PL\",\"@id\":\"https:\/\/meblekuchenne.pl\/sklep\/#\/schema\/logo\/image\/\",\"url\":\"https:\/\/meblekuchenne.pl\/sklep\/wp-content\/uploads\/2025\/06\/cropped-cropped-logo.webp\",\"contentUrl\":\"https:\/\/meblekuchenne.pl\/sklep\/wp-content\/uploads\/2025\/06\/cropped-cropped-logo.webp\",\"width\":735,\"height\":715,\"caption\":\"MebleKuchenne.PL - SKLEP\"},\"image\":{\"@id\":\"https:\/\/meblekuchenne.pl\/sklep\/#\/schema\/logo\/image\/\"}}]}<\/script>\n<meta property=\"og:availability\" content=\"instock\" \/>\n<meta property=\"product:availability\" content=\"instock\" \/>\n<meta property=\"product:retailer_item_id\" content=\"WO\/35N\" \/>\n<meta property=\"product:condition\" content=\"new\" \/>\n<!-- \/ Yoast SEO Premium plugin. -->","yoast_head_json":{"title":"Szafka nadstawka nad s\u0142upki WO...\/35N","description":"Szafka nadstawka nad s\u0142upki WO...\/35N to funkcjonalne rozwi\u0105zanie, kt\u00f3re pozwala na efektywne zagospodarowanie przestrzeni nad s\u0142upkami.","robots":{"index":"index","follow":"follow","max-snippet":"max-snippet:-1","max-image-preview":"max-image-preview:large","max-video-preview":"max-video-preview:-1"},"canonical":"https:\/\/meblekuchenne.pl\/sklep\/product\/szafka-nadstawka-nad-slupki-wo-35n-szer-30-100-cm-kammono\/","og_locale":"pl_PL","og_type":"article","og_title":"Szafka nadstawka nad s\u0142upki WO...\/35N- szer. 30-100 cm KamMono","og_description":"Szafka nadstawka nad s\u0142upki WO...\/35N to funkcjonalne rozwi\u0105zanie, kt\u00f3re pozwala na efektywne zagospodarowanie przestrzeni nad s\u0142upkami.","og_url":"https:\/\/meblekuchenne.pl\/sklep\/product\/szafka-nadstawka-nad-slupki-wo-35n-szer-30-100-cm-kammono\/","og_site_name":"MebleKuchenne.PL - SKLEP","article_modified_time":"2026-03-31T11:08:04+00:00","og_image":[{"width":1600,"height":1080,"url":"https:\/\/meblekuchenne.pl\/sklep\/wp-content\/uploads\/2025\/02\/wo60-35n.webp","type":"image\/webp"}],"twitter_card":"summary_large_image","twitter_misc":{"Dost\u0119pno\u015b\u0107":"Dost\u0119pny"},"schema":{"@context":"https:\/\/schema.org","@graph":[{"@type":"WebPage","@id":"https:\/\/meblekuchenne.pl\/sklep\/product\/szafka-nadstawka-nad-slupki-wo-35n-szer-30-100-cm-kammono\/","url":"https:\/\/meblekuchenne.pl\/sklep\/product\/szafka-nadstawka-nad-slupki-wo-35n-szer-30-100-cm-kammono\/","name":"Szafka nadstawka nad s\u0142upki WO...\/35N","isPartOf":{"@id":"https:\/\/meblekuchenne.pl\/sklep\/#website"},"primaryImageOfPage":{"@id":"https:\/\/meblekuchenne.pl\/sklep\/product\/szafka-nadstawka-nad-slupki-wo-35n-szer-30-100-cm-kammono\/#primaryimage"},"image":{"@id":"https:\/\/meblekuchenne.pl\/sklep\/product\/szafka-nadstawka-nad-slupki-wo-35n-szer-30-100-cm-kammono\/#primaryimage"},"thumbnailUrl":"https:\/\/meblekuchenne.pl\/sklep\/wp-content\/uploads\/2025\/02\/wo60-35n.webp","datePublished":"2025-02-21T19:04:47+00:00","dateModified":"2026-03-31T11:08:04+00:00","description":"Szafka nadstawka nad s\u0142upki WO...\/35N to funkcjonalne rozwi\u0105zanie, kt\u00f3re pozwala na efektywne zagospodarowanie przestrzeni nad s\u0142upkami.","breadcrumb":{"@id":"https:\/\/meblekuchenne.pl\/sklep\/product\/szafka-nadstawka-nad-slupki-wo-35n-szer-30-100-cm-kammono\/#breadcrumb"},"inLanguage":"pl-PL","potentialAction":[{"@type":"ReadAction","target":["https:\/\/meblekuchenne.pl\/sklep\/product\/szafka-nadstawka-nad-slupki-wo-35n-szer-30-100-cm-kammono\/"]}]},{"@type":"ImageObject","inLanguage":"pl-PL","@id":"https:\/\/meblekuchenne.pl\/sklep\/product\/szafka-nadstawka-nad-slupki-wo-35n-szer-30-100-cm-kammono\/#primaryimage","url":"https:\/\/meblekuchenne.pl\/sklep\/wp-content\/uploads\/2025\/02\/wo60-35n.webp","contentUrl":"https:\/\/meblekuchenne.pl\/sklep\/wp-content\/uploads\/2025\/02\/wo60-35n.webp","width":1600,"height":1080},{"@type":"BreadcrumbList","@id":"https:\/\/meblekuchenne.pl\/sklep\/product\/szafka-nadstawka-nad-slupki-wo-35n-szer-30-100-cm-kammono\/#breadcrumb","itemListElement":[{"@type":"ListItem","position":1,"name":"Strona g\u0142\u00f3wna","item":"https:\/\/meblekuchenne.pl\/sklep\/"},{"@type":"ListItem","position":2,"name":"Sklep","item":"https:\/\/meblekuchenne.pl\/sklep\/sklep\/"},{"@type":"ListItem","position":3,"name":"Szafka nadstawka nad s\u0142upki WO&#8230;\/35N- szer. 30-100 cm KamMono"}]},{"@type":"WebSite","@id":"https:\/\/meblekuchenne.pl\/sklep\/#website","url":"https:\/\/meblekuchenne.pl\/sklep\/","name":"MebleKuchenne.PL - SKLEP","description":"","publisher":{"@id":"https:\/\/meblekuchenne.pl\/sklep\/#organization"},"potentialAction":[{"@type":"SearchAction","target":{"@type":"EntryPoint","urlTemplate":"https:\/\/meblekuchenne.pl\/sklep\/?s={search_term_string}"},"query-input":{"@type":"PropertyValueSpecification","valueRequired":true,"valueName":"search_term_string"}}],"inLanguage":"pl-PL"},{"@type":"Organization","@id":"https:\/\/meblekuchenne.pl\/sklep\/#organization","name":"MebleKuchenne.PL - SKLEP","url":"https:\/\/meblekuchenne.pl\/sklep\/","logo":{"@type":"ImageObject","inLanguage":"pl-PL","@id":"https:\/\/meblekuchenne.pl\/sklep\/#\/schema\/logo\/image\/","url":"https:\/\/meblekuchenne.pl\/sklep\/wp-content\/uploads\/2025\/06\/cropped-cropped-logo.webp","contentUrl":"https:\/\/meblekuchenne.pl\/sklep\/wp-content\/uploads\/2025\/06\/cropped-cropped-logo.webp","width":735,"height":715,"caption":"MebleKuchenne.PL - SKLEP"},"image":{"@id":"https:\/\/meblekuchenne.pl\/sklep\/#\/schema\/logo\/image\/"}}]},"og_availability":"instock","product_availability":"instock","product_retailer_item_id":"WO\/35N","product_condition":"new"},"_links":{"self":[{"href":"https:\/\/meblekuchenne.pl\/sklep\/wp-json\/wp\/v2\/product\/51248","targetHints":{"allow":["GET"]}}],"collection":[{"href":"https:\/\/meblekuchenne.pl\/sklep\/wp-json\/wp\/v2\/product"}],"about":[{"href":"https:\/\/meblekuchenne.pl\/sklep\/wp-json\/wp\/v2\/types\/product"}],"wp:featuredmedia":[{"embeddable":true,"href":"https:\/\/meblekuchenne.pl\/sklep\/wp-json\/wp\/v2\/media\/60063"}],"wp:attachment":[{"href":"https:\/\/meblekuchenne.pl\/sklep\/wp-json\/wp\/v2\/media?parent=51248"}],"wp:term":[{"taxonomy":"product_brand","embeddable":true,"href":"https:\/\/meblekuchenne.pl\/sklep\/wp-json\/wp\/v2\/product_brand?post=51248"},{"taxonomy":"product_cat","embeddable":true,"href":"https:\/\/meblekuchenne.pl\/sklep\/wp-json\/wp\/v2\/product_cat?post=51248"},{"taxonomy":"product_tag","embeddable":true,"href":"https:\/\/meblekuchenne.pl\/sklep\/wp-json\/wp\/v2\/product_tag?post=51248"}],"curies":[{"name":"wp","href":"https:\/\/api.w.org\/{rel}","templated":true}]}}