{"id":50654,"date":"2025-02-21T19:57:50","date_gmt":"2025-02-21T18:57:50","guid":{"rendered":"https:\/\/meblekuchenne.pl\/sklep\/?post_type=product&#038;p=50654"},"modified":"2026-03-31T13:08:09","modified_gmt":"2026-03-31T11:08:09","slug":"szafka-nadstawka-nad-slupki-wo-35n_spec-szer-co-1-cm-od-41-65-cm-kammono","status":"publish","type":"product","link":"https:\/\/meblekuchenne.pl\/sklep\/product\/szafka-nadstawka-nad-slupki-wo-35n_spec-szer-co-1-cm-od-41-65-cm-kammono\/","title":{"rendered":"Szafka nadstawka nad s\u0142upki WO&#8230;\/35N_SPEC &#8211;  szer. co 1 cm &#8211; od 41-65 cm &#8211; KamMono"},"content":{"rendered":"<h2 data-start=\"0\" data-end=\"92\"><strong data-start=\"4\" data-end=\"90\">Szafka nadstawka nad s\u0142upki WO&#8230;\/35N_SPEC <\/strong><\/h2>\n<p data-start=\"0\" data-end=\"92\">Szafka nadstawka specjalna &#8211; szer. co 1 cm w zakresie 41-65 cm, wys. 35 cm, g\u0142. 58 cm<\/p>\n<h3 data-start=\"0\" data-end=\"92\"><strong data-start=\"4\" data-end=\"90\">Idealne dopasowanie co do centymetra!<\/strong><\/h3>\n<p data-start=\"94\" data-end=\"388\">Szafka nadstawka nad s\u0142upki WO&#8230;\/35N_SPEC to wyj\u0105tkowe rozwi\u0105zanie z oferty Meble KAM, kt\u00f3re pozwala na pe\u0142n\u0105 personalizacj\u0119 szeroko\u015bci \u2013 od 41 do 65 cm, z mo\u017cliwo\u015bci\u0105 wyboru co 1 cm. Dzi\u0119ki temu mo\u017cesz idealnie dopasowa\u0107 szafk\u0119 do swojej zabudowy kuchennej, maksymalnie wykorzystuj\u0105c dost\u0119pne miejsce.<\/p>\n<h3 data-start=\"390\" data-end=\"451\"><strong data-start=\"394\" data-end=\"449\">Precyzyjne dopasowanie do Twojej kuchni \u2013 Meble KAM<\/strong><\/h3>\n<ul data-start=\"453\" data-end=\"641\">\n<li data-start=\"453\" data-end=\"476\"><strong data-start=\"455\" data-end=\"468\">Wysoko\u015b\u0107:<\/strong> 35 cm<\/li>\n<li data-start=\"477\" data-end=\"544\"><strong data-start=\"479\" data-end=\"493\">Szeroko\u015b\u0107:<\/strong> mo\u017cliwo\u015b\u0107 wyboru co 1 cm w zakresie <strong data-start=\"530\" data-end=\"542\">41-65 cm<\/strong><\/li>\n<li data-start=\"545\" data-end=\"579\"><strong data-start=\"547\" data-end=\"571\">G\u0142\u0119boko\u015b\u0107 z frontem:<\/strong> 58 cm<\/li>\n<li data-start=\"580\" data-end=\"641\"><strong data-start=\"582\" data-end=\"639\">Perfekcyjna integracja z wysokimi s\u0142upkami kuchennymi<\/strong><\/li>\n<\/ul>\n<h3 data-start=\"643\" data-end=\"682\"><strong data-start=\"647\" data-end=\"680\">Solidno\u015b\u0107 i estetyka w jednym<\/strong><\/h3>\n<p data-start=\"684\" data-end=\"940\">Szafka zosta\u0142a wykonana z wysokiej jako\u015bci p\u0142yty meblowej o grubo\u015bci 16 mm, co gwarantuje jej trwa\u0142o\u015b\u0107 i stabilno\u015b\u0107. Fronty o grubo\u015bci 16-19 mm (w zale\u017cno\u015bci od kolekcji) mo\u017cna dopasowa\u0107 kolorystycznie do reszty kuchni, tworz\u0105c sp\u00f3jny i elegancki wygl\u0105d.<\/p>\n<ul data-start=\"942\" data-end=\"1118\">\n<li data-start=\"942\" data-end=\"970\"><strong data-start=\"944\" data-end=\"968\">Korpus z p\u0142yty 16 mm<\/strong><\/li>\n<li data-start=\"971\" data-end=\"1032\"><strong data-start=\"973\" data-end=\"1030\">Fronty o grubo\u015bci 16-19 mm (w zale\u017cno\u015bci od kolekcji)<\/strong><\/li>\n<li data-start=\"1033\" data-end=\"1084\"><strong data-start=\"1035\" data-end=\"1082\">Otwieranie do g\u00f3ry na podno\u015bnikach gazowych<\/strong><\/li>\n<li data-start=\"1085\" data-end=\"1118\"><strong data-start=\"1087\" data-end=\"1116\">Mo\u017cliwo\u015b\u0107 wyboru uchwyt\u00f3w<\/strong><\/li>\n<\/ul>\n<h3 data-start=\"1120\" data-end=\"1164\"><strong data-start=\"1124\" data-end=\"1162\">\u0141atwy monta\u017c i wygodne u\u017cytkowanie WO&#8230;\/35N_SPEC<\/strong><\/h3>\n<p data-start=\"1166\" data-end=\"1354\">Szafka nadstawka nad s\u0142upki WO&#8230;\/35N_SPEC dostarczana jest w formie do samodzielnego monta\u017cu. W zestawie znajduje si\u0119 szczeg\u00f3\u0142owa instrukcja oraz wszystkie niezb\u0119dne elementy, co zapewnia szybkie i bezproblemowe z\u0142o\u017cenie.<\/p>\n<p data-start=\"1356\" data-end=\"1504\">Dzi\u0119ki tej szafce mo\u017cesz maksymalnie wykorzysta\u0107 przestrze\u0144 nad s\u0142upkami AGD, zachowuj\u0105c pe\u0142n\u0105 funkcjonalno\u015b\u0107 i estetyk\u0119 kuchni w stylu Meble KAM!<\/p>\n","protected":false},"excerpt":{"rendered":"<p>Szafka nadstawka WO&#8230;\/35N_SPEC to wyj\u0105tkowe rozwi\u0105zanie z oferty Meble KAM, kt\u00f3re pozwala na pe\u0142n\u0105 personalizacj\u0119 szeroko\u015bci \u2013 od 41 do 65 cm, z mo\u017cliwo\u015bci\u0105 wyboru co 1 cm. Dzi\u0119ki temu mo\u017cesz idealnie dopasowa\u0107 szafk\u0119 do swojej zabudowy kuchennej, maksymalnie wykorzystuj\u0105c dost\u0119pne miejsce.<\/p>\n","protected":false},"featured_media":60065,"template":"","meta":[],"product_brand":[710],"product_cat":[778,775,454,474,500,557],"product_tag":[],"class_list":{"0":"post-50654","1":"product","2":"type-product","3":"status-publish","4":"has-post-thumbnail","6":"product_brand-meble-kam","7":"product_cat-szafki-kuchenne-wiszace-sklep","8":"product_cat-wszystko","9":"product_cat-meble-kam-mono","10":"product_cat-szafki-wiszace","11":"product_cat-szafki-wiszace-35","12":"product_cat-szafki-wiszace-n-glebokosc-58-cm-szafki-wiszace-35","13":"product_shipping_class-szafka-wiszaca-kam","14":"pa_front-f10","15":"pa_front-f11","16":"pa_front-f4","17":"pa_front-f6","18":"pa_front-f7","19":"pa_front-f8","20":"pa_front-fg2","21":"pa_front-k2","22":"pa_front-kc2","23":"pa_front-kc4","24":"pa_front-l4-mat","25":"pa_front-l4-polysk","26":"pa_front-m4","27":"pa_front-os_2","28":"pa_front-os_2black","29":"pa_front-p00","30":"pa_front-p2","31":"pa_front-p4","32":"pa_rozmiar-29-cm","33":"pa_rozmiar-35-cm","35":"first","36":"instock","37":"shipping-taxable","38":"purchasable","39":"product-type-variable"},"yoast_head":"<!-- This site is optimized with the Yoast SEO Premium plugin v25.0 (Yoast SEO v25.0) - https:\/\/yoast.com\/wordpress\/plugins\/seo\/ -->\n<title>Szafka nadstawka nad s\u0142upki WO...\/35N_SPEC<\/title>\n<meta name=\"description\" content=\"Szafka nadstawka nad s\u0142upki WO...\/35N_SPEC to rozwi\u0105zanie, kt\u00f3re pozwala na pe\u0142n\u0105 personalizacj\u0119 szeroko\u015bci \u2013 od 41 do 65 cm, z mo\u017cliwo\u015bci\u0105 wyboru co 1 cm\" \/>\n<meta name=\"robots\" content=\"index, follow, max-snippet:-1, max-image-preview:large, max-video-preview:-1\" \/>\n<link rel=\"canonical\" href=\"https:\/\/meblekuchenne.pl\/sklep\/product\/szafka-nadstawka-nad-slupki-wo-35n_spec-szer-co-1-cm-od-41-65-cm-kammono\/\" \/>\n<meta property=\"og:locale\" content=\"pl_PL\" \/>\n<meta property=\"og:type\" content=\"article\" \/>\n<meta property=\"og:title\" content=\"Szafka nadstawka nad s\u0142upki WO...\/35N_SPEC - szer. co 1 cm - od 41-65 cm - KamMono\" \/>\n<meta property=\"og:description\" content=\"Szafka nadstawka nad s\u0142upki WO...\/35N_SPEC to rozwi\u0105zanie, kt\u00f3re pozwala na pe\u0142n\u0105 personalizacj\u0119 szeroko\u015bci \u2013 od 41 do 65 cm, z mo\u017cliwo\u015bci\u0105 wyboru co 1 cm\" \/>\n<meta property=\"og:url\" content=\"https:\/\/meblekuchenne.pl\/sklep\/product\/szafka-nadstawka-nad-slupki-wo-35n_spec-szer-co-1-cm-od-41-65-cm-kammono\/\" \/>\n<meta property=\"og:site_name\" content=\"MebleKuchenne.PL - SKLEP\" \/>\n<meta property=\"article:modified_time\" content=\"2026-03-31T11:08:09+00:00\" \/>\n<meta property=\"og:image\" content=\"https:\/\/meblekuchenne.pl\/sklep\/wp-content\/uploads\/2025\/02\/wo-35n-spec.webp\" \/>\n\t<meta property=\"og:image:width\" content=\"1600\" \/>\n\t<meta property=\"og:image:height\" content=\"1080\" \/>\n\t<meta property=\"og:image:type\" content=\"image\/webp\" \/>\n<meta name=\"twitter:card\" content=\"summary_large_image\" \/>\n<meta name=\"twitter:label1\" content=\"Dost\u0119pno\u015b\u0107\" \/>\n\t<meta name=\"twitter:data1\" content=\"Dost\u0119pny\" \/>\n<script type=\"application\/ld+json\" class=\"yoast-schema-graph\">{\"@context\":\"https:\/\/schema.org\",\"@graph\":[{\"@type\":\"WebPage\",\"@id\":\"https:\/\/meblekuchenne.pl\/sklep\/product\/szafka-nadstawka-nad-slupki-wo-35n_spec-szer-co-1-cm-od-41-65-cm-kammono\/\",\"url\":\"https:\/\/meblekuchenne.pl\/sklep\/product\/szafka-nadstawka-nad-slupki-wo-35n_spec-szer-co-1-cm-od-41-65-cm-kammono\/\",\"name\":\"Szafka nadstawka nad s\u0142upki WO...\/35N_SPEC\",\"isPartOf\":{\"@id\":\"https:\/\/meblekuchenne.pl\/sklep\/#website\"},\"primaryImageOfPage\":{\"@id\":\"https:\/\/meblekuchenne.pl\/sklep\/product\/szafka-nadstawka-nad-slupki-wo-35n_spec-szer-co-1-cm-od-41-65-cm-kammono\/#primaryimage\"},\"image\":{\"@id\":\"https:\/\/meblekuchenne.pl\/sklep\/product\/szafka-nadstawka-nad-slupki-wo-35n_spec-szer-co-1-cm-od-41-65-cm-kammono\/#primaryimage\"},\"thumbnailUrl\":\"https:\/\/meblekuchenne.pl\/sklep\/wp-content\/uploads\/2025\/02\/wo-35n-spec.webp\",\"datePublished\":\"2025-02-21T18:57:50+00:00\",\"dateModified\":\"2026-03-31T11:08:09+00:00\",\"description\":\"Szafka nadstawka nad s\u0142upki WO...\/35N_SPEC to rozwi\u0105zanie, kt\u00f3re pozwala na pe\u0142n\u0105 personalizacj\u0119 szeroko\u015bci \u2013 od 41 do 65 cm, z mo\u017cliwo\u015bci\u0105 wyboru co 1 cm\",\"breadcrumb\":{\"@id\":\"https:\/\/meblekuchenne.pl\/sklep\/product\/szafka-nadstawka-nad-slupki-wo-35n_spec-szer-co-1-cm-od-41-65-cm-kammono\/#breadcrumb\"},\"inLanguage\":\"pl-PL\",\"potentialAction\":[{\"@type\":\"ReadAction\",\"target\":[\"https:\/\/meblekuchenne.pl\/sklep\/product\/szafka-nadstawka-nad-slupki-wo-35n_spec-szer-co-1-cm-od-41-65-cm-kammono\/\"]}]},{\"@type\":\"ImageObject\",\"inLanguage\":\"pl-PL\",\"@id\":\"https:\/\/meblekuchenne.pl\/sklep\/product\/szafka-nadstawka-nad-slupki-wo-35n_spec-szer-co-1-cm-od-41-65-cm-kammono\/#primaryimage\",\"url\":\"https:\/\/meblekuchenne.pl\/sklep\/wp-content\/uploads\/2025\/02\/wo-35n-spec.webp\",\"contentUrl\":\"https:\/\/meblekuchenne.pl\/sklep\/wp-content\/uploads\/2025\/02\/wo-35n-spec.webp\",\"width\":1600,\"height\":1080},{\"@type\":\"BreadcrumbList\",\"@id\":\"https:\/\/meblekuchenne.pl\/sklep\/product\/szafka-nadstawka-nad-slupki-wo-35n_spec-szer-co-1-cm-od-41-65-cm-kammono\/#breadcrumb\",\"itemListElement\":[{\"@type\":\"ListItem\",\"position\":1,\"name\":\"Strona g\u0142\u00f3wna\",\"item\":\"https:\/\/meblekuchenne.pl\/sklep\/\"},{\"@type\":\"ListItem\",\"position\":2,\"name\":\"Sklep\",\"item\":\"https:\/\/meblekuchenne.pl\/sklep\/sklep\/\"},{\"@type\":\"ListItem\",\"position\":3,\"name\":\"Szafka nadstawka nad s\u0142upki WO&#8230;\/35N_SPEC &#8211; szer. co 1 cm &#8211; od 41-65 cm &#8211; KamMono\"}]},{\"@type\":\"WebSite\",\"@id\":\"https:\/\/meblekuchenne.pl\/sklep\/#website\",\"url\":\"https:\/\/meblekuchenne.pl\/sklep\/\",\"name\":\"MebleKuchenne.PL - SKLEP\",\"description\":\"\",\"publisher\":{\"@id\":\"https:\/\/meblekuchenne.pl\/sklep\/#organization\"},\"potentialAction\":[{\"@type\":\"SearchAction\",\"target\":{\"@type\":\"EntryPoint\",\"urlTemplate\":\"https:\/\/meblekuchenne.pl\/sklep\/?s={search_term_string}\"},\"query-input\":{\"@type\":\"PropertyValueSpecification\",\"valueRequired\":true,\"valueName\":\"search_term_string\"}}],\"inLanguage\":\"pl-PL\"},{\"@type\":\"Organization\",\"@id\":\"https:\/\/meblekuchenne.pl\/sklep\/#organization\",\"name\":\"MebleKuchenne.PL - SKLEP\",\"url\":\"https:\/\/meblekuchenne.pl\/sklep\/\",\"logo\":{\"@type\":\"ImageObject\",\"inLanguage\":\"pl-PL\",\"@id\":\"https:\/\/meblekuchenne.pl\/sklep\/#\/schema\/logo\/image\/\",\"url\":\"https:\/\/meblekuchenne.pl\/sklep\/wp-content\/uploads\/2025\/06\/cropped-cropped-logo.webp\",\"contentUrl\":\"https:\/\/meblekuchenne.pl\/sklep\/wp-content\/uploads\/2025\/06\/cropped-cropped-logo.webp\",\"width\":735,\"height\":715,\"caption\":\"MebleKuchenne.PL - SKLEP\"},\"image\":{\"@id\":\"https:\/\/meblekuchenne.pl\/sklep\/#\/schema\/logo\/image\/\"}}]}<\/script>\n<meta property=\"og:availability\" content=\"instock\" \/>\n<meta property=\"product:availability\" content=\"instock\" \/>\n<meta property=\"product:retailer_item_id\" content=\"WO__\/35N_SPEC\" \/>\n<meta property=\"product:condition\" content=\"new\" \/>\n<!-- \/ Yoast SEO Premium plugin. -->","yoast_head_json":{"title":"Szafka nadstawka nad s\u0142upki WO...\/35N_SPEC","description":"Szafka nadstawka nad s\u0142upki WO...\/35N_SPEC to rozwi\u0105zanie, kt\u00f3re pozwala na pe\u0142n\u0105 personalizacj\u0119 szeroko\u015bci \u2013 od 41 do 65 cm, z mo\u017cliwo\u015bci\u0105 wyboru co 1 cm","robots":{"index":"index","follow":"follow","max-snippet":"max-snippet:-1","max-image-preview":"max-image-preview:large","max-video-preview":"max-video-preview:-1"},"canonical":"https:\/\/meblekuchenne.pl\/sklep\/product\/szafka-nadstawka-nad-slupki-wo-35n_spec-szer-co-1-cm-od-41-65-cm-kammono\/","og_locale":"pl_PL","og_type":"article","og_title":"Szafka nadstawka nad s\u0142upki WO...\/35N_SPEC - szer. co 1 cm - od 41-65 cm - KamMono","og_description":"Szafka nadstawka nad s\u0142upki WO...\/35N_SPEC to rozwi\u0105zanie, kt\u00f3re pozwala na pe\u0142n\u0105 personalizacj\u0119 szeroko\u015bci \u2013 od 41 do 65 cm, z mo\u017cliwo\u015bci\u0105 wyboru co 1 cm","og_url":"https:\/\/meblekuchenne.pl\/sklep\/product\/szafka-nadstawka-nad-slupki-wo-35n_spec-szer-co-1-cm-od-41-65-cm-kammono\/","og_site_name":"MebleKuchenne.PL - SKLEP","article_modified_time":"2026-03-31T11:08:09+00:00","og_image":[{"width":1600,"height":1080,"url":"https:\/\/meblekuchenne.pl\/sklep\/wp-content\/uploads\/2025\/02\/wo-35n-spec.webp","type":"image\/webp"}],"twitter_card":"summary_large_image","twitter_misc":{"Dost\u0119pno\u015b\u0107":"Dost\u0119pny"},"schema":{"@context":"https:\/\/schema.org","@graph":[{"@type":"WebPage","@id":"https:\/\/meblekuchenne.pl\/sklep\/product\/szafka-nadstawka-nad-slupki-wo-35n_spec-szer-co-1-cm-od-41-65-cm-kammono\/","url":"https:\/\/meblekuchenne.pl\/sklep\/product\/szafka-nadstawka-nad-slupki-wo-35n_spec-szer-co-1-cm-od-41-65-cm-kammono\/","name":"Szafka nadstawka nad s\u0142upki WO...\/35N_SPEC","isPartOf":{"@id":"https:\/\/meblekuchenne.pl\/sklep\/#website"},"primaryImageOfPage":{"@id":"https:\/\/meblekuchenne.pl\/sklep\/product\/szafka-nadstawka-nad-slupki-wo-35n_spec-szer-co-1-cm-od-41-65-cm-kammono\/#primaryimage"},"image":{"@id":"https:\/\/meblekuchenne.pl\/sklep\/product\/szafka-nadstawka-nad-slupki-wo-35n_spec-szer-co-1-cm-od-41-65-cm-kammono\/#primaryimage"},"thumbnailUrl":"https:\/\/meblekuchenne.pl\/sklep\/wp-content\/uploads\/2025\/02\/wo-35n-spec.webp","datePublished":"2025-02-21T18:57:50+00:00","dateModified":"2026-03-31T11:08:09+00:00","description":"Szafka nadstawka nad s\u0142upki WO...\/35N_SPEC to rozwi\u0105zanie, kt\u00f3re pozwala na pe\u0142n\u0105 personalizacj\u0119 szeroko\u015bci \u2013 od 41 do 65 cm, z mo\u017cliwo\u015bci\u0105 wyboru co 1 cm","breadcrumb":{"@id":"https:\/\/meblekuchenne.pl\/sklep\/product\/szafka-nadstawka-nad-slupki-wo-35n_spec-szer-co-1-cm-od-41-65-cm-kammono\/#breadcrumb"},"inLanguage":"pl-PL","potentialAction":[{"@type":"ReadAction","target":["https:\/\/meblekuchenne.pl\/sklep\/product\/szafka-nadstawka-nad-slupki-wo-35n_spec-szer-co-1-cm-od-41-65-cm-kammono\/"]}]},{"@type":"ImageObject","inLanguage":"pl-PL","@id":"https:\/\/meblekuchenne.pl\/sklep\/product\/szafka-nadstawka-nad-slupki-wo-35n_spec-szer-co-1-cm-od-41-65-cm-kammono\/#primaryimage","url":"https:\/\/meblekuchenne.pl\/sklep\/wp-content\/uploads\/2025\/02\/wo-35n-spec.webp","contentUrl":"https:\/\/meblekuchenne.pl\/sklep\/wp-content\/uploads\/2025\/02\/wo-35n-spec.webp","width":1600,"height":1080},{"@type":"BreadcrumbList","@id":"https:\/\/meblekuchenne.pl\/sklep\/product\/szafka-nadstawka-nad-slupki-wo-35n_spec-szer-co-1-cm-od-41-65-cm-kammono\/#breadcrumb","itemListElement":[{"@type":"ListItem","position":1,"name":"Strona g\u0142\u00f3wna","item":"https:\/\/meblekuchenne.pl\/sklep\/"},{"@type":"ListItem","position":2,"name":"Sklep","item":"https:\/\/meblekuchenne.pl\/sklep\/sklep\/"},{"@type":"ListItem","position":3,"name":"Szafka nadstawka nad s\u0142upki WO&#8230;\/35N_SPEC &#8211; szer. co 1 cm &#8211; od 41-65 cm &#8211; KamMono"}]},{"@type":"WebSite","@id":"https:\/\/meblekuchenne.pl\/sklep\/#website","url":"https:\/\/meblekuchenne.pl\/sklep\/","name":"MebleKuchenne.PL - SKLEP","description":"","publisher":{"@id":"https:\/\/meblekuchenne.pl\/sklep\/#organization"},"potentialAction":[{"@type":"SearchAction","target":{"@type":"EntryPoint","urlTemplate":"https:\/\/meblekuchenne.pl\/sklep\/?s={search_term_string}"},"query-input":{"@type":"PropertyValueSpecification","valueRequired":true,"valueName":"search_term_string"}}],"inLanguage":"pl-PL"},{"@type":"Organization","@id":"https:\/\/meblekuchenne.pl\/sklep\/#organization","name":"MebleKuchenne.PL - SKLEP","url":"https:\/\/meblekuchenne.pl\/sklep\/","logo":{"@type":"ImageObject","inLanguage":"pl-PL","@id":"https:\/\/meblekuchenne.pl\/sklep\/#\/schema\/logo\/image\/","url":"https:\/\/meblekuchenne.pl\/sklep\/wp-content\/uploads\/2025\/06\/cropped-cropped-logo.webp","contentUrl":"https:\/\/meblekuchenne.pl\/sklep\/wp-content\/uploads\/2025\/06\/cropped-cropped-logo.webp","width":735,"height":715,"caption":"MebleKuchenne.PL - SKLEP"},"image":{"@id":"https:\/\/meblekuchenne.pl\/sklep\/#\/schema\/logo\/image\/"}}]},"og_availability":"instock","product_availability":"instock","product_retailer_item_id":"WO__\/35N_SPEC","product_condition":"new"},"_links":{"self":[{"href":"https:\/\/meblekuchenne.pl\/sklep\/wp-json\/wp\/v2\/product\/50654","targetHints":{"allow":["GET"]}}],"collection":[{"href":"https:\/\/meblekuchenne.pl\/sklep\/wp-json\/wp\/v2\/product"}],"about":[{"href":"https:\/\/meblekuchenne.pl\/sklep\/wp-json\/wp\/v2\/types\/product"}],"wp:featuredmedia":[{"embeddable":true,"href":"https:\/\/meblekuchenne.pl\/sklep\/wp-json\/wp\/v2\/media\/60065"}],"wp:attachment":[{"href":"https:\/\/meblekuchenne.pl\/sklep\/wp-json\/wp\/v2\/media?parent=50654"}],"wp:term":[{"taxonomy":"product_brand","embeddable":true,"href":"https:\/\/meblekuchenne.pl\/sklep\/wp-json\/wp\/v2\/product_brand?post=50654"},{"taxonomy":"product_cat","embeddable":true,"href":"https:\/\/meblekuchenne.pl\/sklep\/wp-json\/wp\/v2\/product_cat?post=50654"},{"taxonomy":"product_tag","embeddable":true,"href":"https:\/\/meblekuchenne.pl\/sklep\/wp-json\/wp\/v2\/product_tag?post=50654"}],"curies":[{"name":"wp","href":"https:\/\/api.w.org\/{rel}","templated":true}]}}