{"id":50063,"date":"2025-02-21T19:51:00","date_gmt":"2025-02-21T18:51:00","guid":{"rendered":"https:\/\/meblekuchenne.pl\/sklep\/?post_type=product&#038;p=50063"},"modified":"2026-03-31T13:08:15","modified_gmt":"2026-03-31T11:08:15","slug":"szafka-wiszaca-z-suszarka-gleboka-bws-100-szer-6080-cm-kammono","status":"publish","type":"product","link":"https:\/\/meblekuchenne.pl\/sklep\/product\/szafka-wiszaca-z-suszarka-gleboka-bws-100-szer-6080-cm-kammono\/","title":{"rendered":"Szafka wisz\u0105ca z suszark\u0105 g\u0142\u0119boka  BWS&#8230;\/100 &#8211; szer. 60,80 cm &#8211; KamMono"},"content":{"rendered":"<h3 data-start=\"0\" data-end=\"94\"><strong data-start=\"4\" data-end=\"94\">Szafka wisz\u0105ca z suszark\u0105 g\u0142\u0119boka BWS&#8230;\/100<\/strong><\/h3>\n<p>Szafka z suszark\u0105 &#8211; szer. 60, 80 cm, wys. 100 cm, g\u0142. 36 cm<\/p>\n<h3 data-start=\"0\" data-end=\"94\"><strong data-start=\"4\" data-end=\"94\">Wygoda i funkcjonalno\u015b\u0107 w Twojej kuchni<\/strong><\/h3>\n<p data-start=\"96\" data-end=\"481\">Szafka <strong data-start=\"103\" data-end=\"144\">wisz\u0105ca z suszark\u0105 g\u0142\u0119boka BWS&#8230;\/100<\/strong> to po\u0142\u0105czenie nowoczesnego designu z praktyczno\u015bci\u0105, idealne do ka\u017cdej kuchni, kt\u00f3ra potrzebuje <strong data-start=\"241\" data-end=\"282\">dodatkowego miejsca na przechowywanie<\/strong> oraz <strong data-start=\"288\" data-end=\"330\">optymalnego miejsca do suszenia naczy\u0144<\/strong>. Dzi\u0119ki g\u0142\u0119boko\u015bci 36 cm i szeroko\u015bci 60 cm lub 80 cm, ta szafka \u0142\u0105czy w sobie przestronno\u015b\u0107 oraz funkcjonalno\u015b\u0107, u\u0142atwiaj\u0105c codzienne prace kuchenne.<\/p>\n<h3 data-start=\"483\" data-end=\"512\"><strong data-start=\"487\" data-end=\"512\">Wymiary i dopasowanie<\/strong><\/h3>\n<ul data-start=\"514\" data-end=\"717\">\n<li data-start=\"514\" data-end=\"543\"><strong data-start=\"516\" data-end=\"530\">Szeroko\u015b\u0107:<\/strong> 60 cm, 80 cm<\/li>\n<li data-start=\"544\" data-end=\"566\"><strong data-start=\"546\" data-end=\"559\">Wysoko\u015b\u0107:<\/strong> 100 cm<\/li>\n<li data-start=\"567\" data-end=\"599\"><strong data-start=\"569\" data-end=\"593\">G\u0142\u0119boko\u015b\u0107 z frontem:<\/strong> 36 cm<\/li>\n<li data-start=\"600\" data-end=\"717\"><strong data-start=\"602\" data-end=\"621\">Funkcjonalno\u015b\u0107:<\/strong> Z wbudowan\u0105 suszark\u0105 na naczynia, co zapewnia wygod\u0119 przechowywania i suszenia w jednym miejscu<\/li>\n<\/ul>\n<h3 data-start=\"719\" data-end=\"765\"><strong data-start=\"723\" data-end=\"765\">Solidna konstrukcja i elegancki wygl\u0105d<\/strong><\/h3>\n<p data-start=\"767\" data-end=\"994\">Szafka <strong data-start=\"774\" data-end=\"788\">BWS&#8230;\/100<\/strong> zosta\u0142a wykonana z <strong data-start=\"808\" data-end=\"834\">wysokiej jako\u015bci p\u0142yty<\/strong>, co zapewnia jej du\u017c\u0105 trwa\u0142o\u015b\u0107. <strong data-start=\"867\" data-end=\"888\">Nowoczesny design<\/strong> i funkcjonalno\u015b\u0107 w po\u0142\u0105czeniu z eleganckim wygl\u0105dem sprawiaj\u0105, \u017ce jest to \u015bwietny wyb\u00f3r do ka\u017cdej kuchni.<\/p>\n<ul data-start=\"996\" data-end=\"1201\">\n<li data-start=\"996\" data-end=\"1043\"><strong data-start=\"998\" data-end=\"1009\">Korpus:<\/strong> P\u0142yta laminowana o grubo\u015bci 16 mm<\/li>\n<li data-start=\"1044\" data-end=\"1106\"><strong data-start=\"1046\" data-end=\"1056\">Front:<\/strong> Dost\u0119pny w r\u00f3\u017cnych wariantach, np. P2, K2, P4, M4<\/li>\n<li data-start=\"1107\" data-end=\"1201\"><strong data-start=\"1109\" data-end=\"1125\">Kolorystyka:<\/strong> Szeroka gama kolorystyczna pozwala na idealne dopasowanie do wn\u0119trza kuchni<\/li>\n<\/ul>\n<h3 data-start=\"1203\" data-end=\"1246\"><strong data-start=\"1207\" data-end=\"1246\">Funkcjonalno\u015b\u0107 i wygoda u\u017cytkowania &#8211; szafka z suszark\u0105<\/strong><\/h3>\n<p data-start=\"1248\" data-end=\"1504\">Dzi\u0119ki wbudowanej suszarce na naczynia szafka <strong data-start=\"1294\" data-end=\"1308\">BWS&#8230;\/100<\/strong> umo\u017cliwia <strong data-start=\"1319\" data-end=\"1348\">efektywne suszenie naczy\u0144<\/strong>, oszcz\u0119dzaj\u0105c przestrze\u0144 na blacie kuchennym. To <strong data-start=\"1398\" data-end=\"1424\">praktyczne rozwi\u0105zanie<\/strong> do przechowywania talerzy, fili\u017canek, kubk\u00f3w oraz innych akcesori\u00f3w kuchennych.<\/p>\n<ul data-start=\"1506\" data-end=\"1663\">\n<li data-start=\"1506\" data-end=\"1575\"><strong data-start=\"1508\" data-end=\"1542\">Wbudowana suszarka na naczynia<\/strong> \u2013 wygodna przestrze\u0144 do suszenia<\/li>\n<li data-start=\"1576\" data-end=\"1663\"><strong data-start=\"1578\" data-end=\"1617\">Dodatkowe miejsce na przechowywanie<\/strong> \u2013 g\u00f3rna cz\u0119\u015b\u0107 szafki idealna na inne naczynia<\/li>\n<\/ul>\n<h3 data-start=\"1665\" data-end=\"1685\"><strong data-start=\"1669\" data-end=\"1685\">\u0141atwy monta\u017c<\/strong><\/h3>\n<p data-start=\"1687\" data-end=\"1910\">Szafka <strong data-start=\"1694\" data-end=\"1708\">BWS&#8230;\/100<\/strong> dostarczana jest w formie do <strong data-start=\"1738\" data-end=\"1763\">samodzielnego monta\u017cu<\/strong>, a w zestawie znajduj\u0105 si\u0119 wszystkie niezb\u0119dne elementy monta\u017cowe oraz <strong data-start=\"1835\" data-end=\"1858\">czytelna instrukcja<\/strong>, co sprawia, \u017ce monta\u017c jest szybki i bezproblemowy.<\/p>\n<p data-start=\"1917\" data-end=\"2217\" data-is-last-node=\"\" data-is-only-node=\"\">Szafka <strong data-start=\"1924\" data-end=\"1965\">wisz\u0105ca z suszark\u0105 g\u0142\u0119boka BWS&#8230;\/100<\/strong> to <strong data-start=\"1969\" data-end=\"2008\">praktyczne i eleganckie rozwi\u0105zanie<\/strong>, kt\u00f3re u\u0142atwi Ci codzienne funkcjonowanie w kuchni. Dzi\u0119ki niej zyskasz dodatkow\u0105 przestrze\u0144 na naczynia oraz efektywne miejsce do ich suszenia, a nowoczesny design doda Twojej kuchni stylu i funkcjonalno\u015bci.<\/p>\n","protected":false},"excerpt":{"rendered":"<p>Szafka <strong data-start=\"103\" data-end=\"144\">wisz\u0105ca z suszark\u0105 g\u0142\u0119boka BWS&#8230;\/100<\/strong> to po\u0142\u0105czenie nowoczesnego designu z praktyczno\u015bci\u0105, idealne do ka\u017cdej kuchni, kt\u00f3ra potrzebuje <strong data-start=\"241\" data-end=\"282\">dodatkowego miejsca na przechowywanie<\/strong> oraz <strong data-start=\"288\" data-end=\"330\">optymalnego miejsca do suszenia naczy\u0144<\/strong>. Dzi\u0119ki g\u0142\u0119boko\u015bci 36 cm i szeroko\u015bci 60 cm lub 80 cm, ta szafka \u0142\u0105czy w sobie przestronno\u015b\u0107 oraz funkcjonalno\u015b\u0107, u\u0142atwiaj\u0105c codzienne prace kuchenne.<\/p>\n","protected":false},"featured_media":60116,"template":"","meta":[],"product_brand":[710],"product_cat":[778,775,454,474,498,549],"product_tag":[],"class_list":{"0":"post-50063","1":"product","2":"type-product","3":"status-publish","4":"has-post-thumbnail","6":"product_brand-meble-kam","7":"product_cat-szafki-kuchenne-wiszace-sklep","8":"product_cat-wszystko","9":"product_cat-meble-kam-mono","10":"product_cat-szafki-wiszace","11":"product_cat-szafki-wiszace-100","12":"product_cat-szafki-wiszace-bw-glebokosc-36-cm-szafki-wiszace-100","13":"product_shipping_class-szafka-wiszaca-kam","14":"pa_front-f10","15":"pa_front-f11","16":"pa_front-f4","17":"pa_front-f6","18":"pa_front-f7","19":"pa_front-f8","20":"pa_front-fg2","21":"pa_front-k2","22":"pa_front-kc2","23":"pa_front-kc4","24":"pa_front-l4-mat","25":"pa_front-l4-polysk","26":"pa_front-m4","27":"pa_front-os_2","28":"pa_front-os_2black","29":"pa_front-p00","30":"pa_front-p2","31":"pa_front-p4","33":"first","34":"instock","35":"shipping-taxable","36":"purchasable","37":"product-type-variable"},"yoast_head":"<!-- This site is optimized with the Yoast SEO Premium plugin v25.0 (Yoast SEO v25.0) - https:\/\/yoast.com\/wordpress\/plugins\/seo\/ -->\n<title>Szafka wisz\u0105ca z suszark\u0105 g\u0142\u0119boka BWS...\/100<\/title>\n<meta name=\"description\" content=\"Szafka wisz\u0105ca z suszark\u0105 g\u0142\u0119boka BWS...\/100 to rozwi\u0105zanie idealne do ka\u017cdej kuchni, kt\u00f3ra potrzebuje optymalnego miejsca do suszenia naczy\u0144\" \/>\n<meta name=\"robots\" content=\"index, follow, max-snippet:-1, max-image-preview:large, max-video-preview:-1\" \/>\n<link rel=\"canonical\" href=\"https:\/\/meblekuchenne.pl\/sklep\/product\/szafka-wiszaca-z-suszarka-gleboka-bws-100-szer-6080-cm-kammono\/\" \/>\n<meta property=\"og:locale\" content=\"pl_PL\" \/>\n<meta property=\"og:type\" content=\"article\" \/>\n<meta property=\"og:title\" content=\"Szafka wisz\u0105ca z suszark\u0105 g\u0142\u0119boka BWS...\/100 - szer. 60,80 cm - KamMono\" \/>\n<meta property=\"og:description\" content=\"Szafka wisz\u0105ca z suszark\u0105 g\u0142\u0119boka BWS...\/100 to rozwi\u0105zanie idealne do ka\u017cdej kuchni, kt\u00f3ra potrzebuje optymalnego miejsca do suszenia naczy\u0144\" \/>\n<meta property=\"og:url\" content=\"https:\/\/meblekuchenne.pl\/sklep\/product\/szafka-wiszaca-z-suszarka-gleboka-bws-100-szer-6080-cm-kammono\/\" \/>\n<meta property=\"og:site_name\" content=\"MebleKuchenne.PL - SKLEP\" \/>\n<meta property=\"article:modified_time\" content=\"2026-03-31T11:08:15+00:00\" \/>\n<meta property=\"og:image\" content=\"https:\/\/meblekuchenne.pl\/sklep\/wp-content\/uploads\/2025\/02\/ws60-100.webp\" \/>\n\t<meta property=\"og:image:width\" content=\"1600\" \/>\n\t<meta property=\"og:image:height\" content=\"1080\" \/>\n\t<meta property=\"og:image:type\" content=\"image\/webp\" \/>\n<meta name=\"twitter:card\" content=\"summary_large_image\" \/>\n<meta name=\"twitter:label1\" content=\"Dost\u0119pno\u015b\u0107\" \/>\n\t<meta name=\"twitter:data1\" content=\"Dost\u0119pny\" \/>\n<script type=\"application\/ld+json\" class=\"yoast-schema-graph\">{\"@context\":\"https:\/\/schema.org\",\"@graph\":[{\"@type\":\"WebPage\",\"@id\":\"https:\/\/meblekuchenne.pl\/sklep\/product\/szafka-wiszaca-z-suszarka-gleboka-bws-100-szer-6080-cm-kammono\/\",\"url\":\"https:\/\/meblekuchenne.pl\/sklep\/product\/szafka-wiszaca-z-suszarka-gleboka-bws-100-szer-6080-cm-kammono\/\",\"name\":\"Szafka wisz\u0105ca z suszark\u0105 g\u0142\u0119boka BWS...\/100\",\"isPartOf\":{\"@id\":\"https:\/\/meblekuchenne.pl\/sklep\/#website\"},\"primaryImageOfPage\":{\"@id\":\"https:\/\/meblekuchenne.pl\/sklep\/product\/szafka-wiszaca-z-suszarka-gleboka-bws-100-szer-6080-cm-kammono\/#primaryimage\"},\"image\":{\"@id\":\"https:\/\/meblekuchenne.pl\/sklep\/product\/szafka-wiszaca-z-suszarka-gleboka-bws-100-szer-6080-cm-kammono\/#primaryimage\"},\"thumbnailUrl\":\"https:\/\/meblekuchenne.pl\/sklep\/wp-content\/uploads\/2025\/02\/ws60-100.webp\",\"datePublished\":\"2025-02-21T18:51:00+00:00\",\"dateModified\":\"2026-03-31T11:08:15+00:00\",\"description\":\"Szafka wisz\u0105ca z suszark\u0105 g\u0142\u0119boka BWS...\/100 to rozwi\u0105zanie idealne do ka\u017cdej kuchni, kt\u00f3ra potrzebuje optymalnego miejsca do suszenia naczy\u0144\",\"breadcrumb\":{\"@id\":\"https:\/\/meblekuchenne.pl\/sklep\/product\/szafka-wiszaca-z-suszarka-gleboka-bws-100-szer-6080-cm-kammono\/#breadcrumb\"},\"inLanguage\":\"pl-PL\",\"potentialAction\":[{\"@type\":\"ReadAction\",\"target\":[\"https:\/\/meblekuchenne.pl\/sklep\/product\/szafka-wiszaca-z-suszarka-gleboka-bws-100-szer-6080-cm-kammono\/\"]}]},{\"@type\":\"ImageObject\",\"inLanguage\":\"pl-PL\",\"@id\":\"https:\/\/meblekuchenne.pl\/sklep\/product\/szafka-wiszaca-z-suszarka-gleboka-bws-100-szer-6080-cm-kammono\/#primaryimage\",\"url\":\"https:\/\/meblekuchenne.pl\/sklep\/wp-content\/uploads\/2025\/02\/ws60-100.webp\",\"contentUrl\":\"https:\/\/meblekuchenne.pl\/sklep\/wp-content\/uploads\/2025\/02\/ws60-100.webp\",\"width\":1600,\"height\":1080},{\"@type\":\"BreadcrumbList\",\"@id\":\"https:\/\/meblekuchenne.pl\/sklep\/product\/szafka-wiszaca-z-suszarka-gleboka-bws-100-szer-6080-cm-kammono\/#breadcrumb\",\"itemListElement\":[{\"@type\":\"ListItem\",\"position\":1,\"name\":\"Strona g\u0142\u00f3wna\",\"item\":\"https:\/\/meblekuchenne.pl\/sklep\/\"},{\"@type\":\"ListItem\",\"position\":2,\"name\":\"Sklep\",\"item\":\"https:\/\/meblekuchenne.pl\/sklep\/sklep\/\"},{\"@type\":\"ListItem\",\"position\":3,\"name\":\"Szafka wisz\u0105ca z suszark\u0105 g\u0142\u0119boka BWS&#8230;\/100 &#8211; szer. 60,80 cm &#8211; KamMono\"}]},{\"@type\":\"WebSite\",\"@id\":\"https:\/\/meblekuchenne.pl\/sklep\/#website\",\"url\":\"https:\/\/meblekuchenne.pl\/sklep\/\",\"name\":\"MebleKuchenne.PL - SKLEP\",\"description\":\"\",\"publisher\":{\"@id\":\"https:\/\/meblekuchenne.pl\/sklep\/#organization\"},\"potentialAction\":[{\"@type\":\"SearchAction\",\"target\":{\"@type\":\"EntryPoint\",\"urlTemplate\":\"https:\/\/meblekuchenne.pl\/sklep\/?s={search_term_string}\"},\"query-input\":{\"@type\":\"PropertyValueSpecification\",\"valueRequired\":true,\"valueName\":\"search_term_string\"}}],\"inLanguage\":\"pl-PL\"},{\"@type\":\"Organization\",\"@id\":\"https:\/\/meblekuchenne.pl\/sklep\/#organization\",\"name\":\"MebleKuchenne.PL - SKLEP\",\"url\":\"https:\/\/meblekuchenne.pl\/sklep\/\",\"logo\":{\"@type\":\"ImageObject\",\"inLanguage\":\"pl-PL\",\"@id\":\"https:\/\/meblekuchenne.pl\/sklep\/#\/schema\/logo\/image\/\",\"url\":\"https:\/\/meblekuchenne.pl\/sklep\/wp-content\/uploads\/2025\/06\/cropped-cropped-logo.webp\",\"contentUrl\":\"https:\/\/meblekuchenne.pl\/sklep\/wp-content\/uploads\/2025\/06\/cropped-cropped-logo.webp\",\"width\":735,\"height\":715,\"caption\":\"MebleKuchenne.PL - SKLEP\"},\"image\":{\"@id\":\"https:\/\/meblekuchenne.pl\/sklep\/#\/schema\/logo\/image\/\"}}]}<\/script>\n<meta property=\"og:availability\" content=\"instock\" \/>\n<meta property=\"product:availability\" content=\"instock\" \/>\n<meta property=\"product:retailer_item_id\" content=\"BWS60\/100\" \/>\n<meta property=\"product:condition\" content=\"new\" \/>\n<!-- \/ Yoast SEO Premium plugin. -->","yoast_head_json":{"title":"Szafka wisz\u0105ca z suszark\u0105 g\u0142\u0119boka BWS...\/100","description":"Szafka wisz\u0105ca z suszark\u0105 g\u0142\u0119boka BWS...\/100 to rozwi\u0105zanie idealne do ka\u017cdej kuchni, kt\u00f3ra potrzebuje optymalnego miejsca do suszenia naczy\u0144","robots":{"index":"index","follow":"follow","max-snippet":"max-snippet:-1","max-image-preview":"max-image-preview:large","max-video-preview":"max-video-preview:-1"},"canonical":"https:\/\/meblekuchenne.pl\/sklep\/product\/szafka-wiszaca-z-suszarka-gleboka-bws-100-szer-6080-cm-kammono\/","og_locale":"pl_PL","og_type":"article","og_title":"Szafka wisz\u0105ca z suszark\u0105 g\u0142\u0119boka BWS...\/100 - szer. 60,80 cm - KamMono","og_description":"Szafka wisz\u0105ca z suszark\u0105 g\u0142\u0119boka BWS...\/100 to rozwi\u0105zanie idealne do ka\u017cdej kuchni, kt\u00f3ra potrzebuje optymalnego miejsca do suszenia naczy\u0144","og_url":"https:\/\/meblekuchenne.pl\/sklep\/product\/szafka-wiszaca-z-suszarka-gleboka-bws-100-szer-6080-cm-kammono\/","og_site_name":"MebleKuchenne.PL - SKLEP","article_modified_time":"2026-03-31T11:08:15+00:00","og_image":[{"width":1600,"height":1080,"url":"https:\/\/meblekuchenne.pl\/sklep\/wp-content\/uploads\/2025\/02\/ws60-100.webp","type":"image\/webp"}],"twitter_card":"summary_large_image","twitter_misc":{"Dost\u0119pno\u015b\u0107":"Dost\u0119pny"},"schema":{"@context":"https:\/\/schema.org","@graph":[{"@type":"WebPage","@id":"https:\/\/meblekuchenne.pl\/sklep\/product\/szafka-wiszaca-z-suszarka-gleboka-bws-100-szer-6080-cm-kammono\/","url":"https:\/\/meblekuchenne.pl\/sklep\/product\/szafka-wiszaca-z-suszarka-gleboka-bws-100-szer-6080-cm-kammono\/","name":"Szafka wisz\u0105ca z suszark\u0105 g\u0142\u0119boka BWS...\/100","isPartOf":{"@id":"https:\/\/meblekuchenne.pl\/sklep\/#website"},"primaryImageOfPage":{"@id":"https:\/\/meblekuchenne.pl\/sklep\/product\/szafka-wiszaca-z-suszarka-gleboka-bws-100-szer-6080-cm-kammono\/#primaryimage"},"image":{"@id":"https:\/\/meblekuchenne.pl\/sklep\/product\/szafka-wiszaca-z-suszarka-gleboka-bws-100-szer-6080-cm-kammono\/#primaryimage"},"thumbnailUrl":"https:\/\/meblekuchenne.pl\/sklep\/wp-content\/uploads\/2025\/02\/ws60-100.webp","datePublished":"2025-02-21T18:51:00+00:00","dateModified":"2026-03-31T11:08:15+00:00","description":"Szafka wisz\u0105ca z suszark\u0105 g\u0142\u0119boka BWS...\/100 to rozwi\u0105zanie idealne do ka\u017cdej kuchni, kt\u00f3ra potrzebuje optymalnego miejsca do suszenia naczy\u0144","breadcrumb":{"@id":"https:\/\/meblekuchenne.pl\/sklep\/product\/szafka-wiszaca-z-suszarka-gleboka-bws-100-szer-6080-cm-kammono\/#breadcrumb"},"inLanguage":"pl-PL","potentialAction":[{"@type":"ReadAction","target":["https:\/\/meblekuchenne.pl\/sklep\/product\/szafka-wiszaca-z-suszarka-gleboka-bws-100-szer-6080-cm-kammono\/"]}]},{"@type":"ImageObject","inLanguage":"pl-PL","@id":"https:\/\/meblekuchenne.pl\/sklep\/product\/szafka-wiszaca-z-suszarka-gleboka-bws-100-szer-6080-cm-kammono\/#primaryimage","url":"https:\/\/meblekuchenne.pl\/sklep\/wp-content\/uploads\/2025\/02\/ws60-100.webp","contentUrl":"https:\/\/meblekuchenne.pl\/sklep\/wp-content\/uploads\/2025\/02\/ws60-100.webp","width":1600,"height":1080},{"@type":"BreadcrumbList","@id":"https:\/\/meblekuchenne.pl\/sklep\/product\/szafka-wiszaca-z-suszarka-gleboka-bws-100-szer-6080-cm-kammono\/#breadcrumb","itemListElement":[{"@type":"ListItem","position":1,"name":"Strona g\u0142\u00f3wna","item":"https:\/\/meblekuchenne.pl\/sklep\/"},{"@type":"ListItem","position":2,"name":"Sklep","item":"https:\/\/meblekuchenne.pl\/sklep\/sklep\/"},{"@type":"ListItem","position":3,"name":"Szafka wisz\u0105ca z suszark\u0105 g\u0142\u0119boka BWS&#8230;\/100 &#8211; szer. 60,80 cm &#8211; KamMono"}]},{"@type":"WebSite","@id":"https:\/\/meblekuchenne.pl\/sklep\/#website","url":"https:\/\/meblekuchenne.pl\/sklep\/","name":"MebleKuchenne.PL - SKLEP","description":"","publisher":{"@id":"https:\/\/meblekuchenne.pl\/sklep\/#organization"},"potentialAction":[{"@type":"SearchAction","target":{"@type":"EntryPoint","urlTemplate":"https:\/\/meblekuchenne.pl\/sklep\/?s={search_term_string}"},"query-input":{"@type":"PropertyValueSpecification","valueRequired":true,"valueName":"search_term_string"}}],"inLanguage":"pl-PL"},{"@type":"Organization","@id":"https:\/\/meblekuchenne.pl\/sklep\/#organization","name":"MebleKuchenne.PL - SKLEP","url":"https:\/\/meblekuchenne.pl\/sklep\/","logo":{"@type":"ImageObject","inLanguage":"pl-PL","@id":"https:\/\/meblekuchenne.pl\/sklep\/#\/schema\/logo\/image\/","url":"https:\/\/meblekuchenne.pl\/sklep\/wp-content\/uploads\/2025\/06\/cropped-cropped-logo.webp","contentUrl":"https:\/\/meblekuchenne.pl\/sklep\/wp-content\/uploads\/2025\/06\/cropped-cropped-logo.webp","width":735,"height":715,"caption":"MebleKuchenne.PL - SKLEP"},"image":{"@id":"https:\/\/meblekuchenne.pl\/sklep\/#\/schema\/logo\/image\/"}}]},"og_availability":"instock","product_availability":"instock","product_retailer_item_id":"BWS60\/100","product_condition":"new"},"_links":{"self":[{"href":"https:\/\/meblekuchenne.pl\/sklep\/wp-json\/wp\/v2\/product\/50063","targetHints":{"allow":["GET"]}}],"collection":[{"href":"https:\/\/meblekuchenne.pl\/sklep\/wp-json\/wp\/v2\/product"}],"about":[{"href":"https:\/\/meblekuchenne.pl\/sklep\/wp-json\/wp\/v2\/types\/product"}],"wp:featuredmedia":[{"embeddable":true,"href":"https:\/\/meblekuchenne.pl\/sklep\/wp-json\/wp\/v2\/media\/60116"}],"wp:attachment":[{"href":"https:\/\/meblekuchenne.pl\/sklep\/wp-json\/wp\/v2\/media?parent=50063"}],"wp:term":[{"taxonomy":"product_brand","embeddable":true,"href":"https:\/\/meblekuchenne.pl\/sklep\/wp-json\/wp\/v2\/product_brand?post=50063"},{"taxonomy":"product_cat","embeddable":true,"href":"https:\/\/meblekuchenne.pl\/sklep\/wp-json\/wp\/v2\/product_cat?post=50063"},{"taxonomy":"product_tag","embeddable":true,"href":"https:\/\/meblekuchenne.pl\/sklep\/wp-json\/wp\/v2\/product_tag?post=50063"}],"curies":[{"name":"wp","href":"https:\/\/api.w.org\/{rel}","templated":true}]}}