{"id":49823,"date":"2025-02-21T19:48:03","date_gmt":"2025-02-21T18:48:03","guid":{"rendered":"https:\/\/meblekuchenne.pl\/sklep\/?post_type=product&#038;p=49823"},"modified":"2026-03-31T13:08:17","modified_gmt":"2026-03-31T11:08:17","slug":"szafka-wiszaca-gleboka-bw-1-100-szer-15-60-cm-kammono","status":"publish","type":"product","link":"https:\/\/meblekuchenne.pl\/sklep\/product\/szafka-wiszaca-gleboka-bw-1-100-szer-15-60-cm-kammono\/","title":{"rendered":"Szafka wisz\u0105ca g\u0142\u0119boka BW&#8230; .1\/100 &#8211; szer. 15-60 cm &#8211; KamMono"},"content":{"rendered":"<h2 data-start=\"0\" data-end=\"81\"><strong data-start=\"4\" data-end=\"79\">Szafka wisz\u0105ca g\u0142\u0119boka BW&#8230; .1\/100<\/strong><\/h2>\n<p>Szafka wisz\u0105ca &#8211; szer. 15, 20, 30, 35, 40, 45, 50, 55, 60 cm, wys. 100 cm, g\u0142. 36 cm<\/p>\n<h3 data-start=\"0\" data-end=\"81\"><strong data-start=\"4\" data-end=\"79\">Funkcjonalno\u015b\u0107 w systemie KAMMONO<\/strong><\/h3>\n<p data-start=\"83\" data-end=\"407\">Szafka <strong data-start=\"90\" data-end=\"106\">BW&#8230; .1\/100<\/strong> to <strong data-start=\"110\" data-end=\"145\">g\u0142\u0119boka wisz\u0105ca szafka kuchenna<\/strong> z oferty <strong data-start=\"155\" data-end=\"168\">Meble KAM<\/strong>, zaprojektowana z my\u015bl\u0105 o nowoczesnych aran\u017cacjach i optymalnym zagospodarowaniu przestrzeni. Dzi\u0119ki <strong data-start=\"270\" data-end=\"302\">zwi\u0119kszonej g\u0142\u0119boko\u015bci 36 cm<\/strong> oraz szeroko\u015bci dost\u0119pnej w zakresie <strong data-start=\"340\" data-end=\"352\">15-60 cm<\/strong>, mo\u017cna j\u0105 \u0142atwo dopasowa\u0107 do indywidualnych potrzeb.<\/p>\n<h3 data-start=\"409\" data-end=\"439\"><strong data-start=\"413\" data-end=\"437\">Najwa\u017cniejsze cechy:<\/strong><\/h3>\n<ul data-start=\"440\" data-end=\"693\">\n<li data-start=\"440\" data-end=\"496\"><strong data-start=\"442\" data-end=\"456\">Szeroko\u015b\u0107:<\/strong> do wyboru w zakresie 15-60 cm<\/li>\n<li data-start=\"497\" data-end=\"521\"><strong data-start=\"499\" data-end=\"512\">Wysoko\u015b\u0107:<\/strong> 100 cm<\/li>\n<li data-start=\"522\" data-end=\"558\"><strong data-start=\"524\" data-end=\"538\">G\u0142\u0119boko\u015b\u0107:<\/strong> 36 cm (z frontem)<\/li>\n<li data-start=\"559\" data-end=\"646\"><strong data-start=\"561\" data-end=\"579\">System KAMMONO<\/strong> \u2013 idealne dopasowanie do innych element\u00f3w zabudowy <strong data-start=\"631\" data-end=\"644\">Meble KAM<\/strong><\/li>\n<li data-start=\"647\" data-end=\"693\"><strong data-start=\"649\" data-end=\"691\">Solidna konstrukcja i trwa\u0142e materia\u0142y<\/strong><\/li>\n<\/ul>\n<h3 data-start=\"695\" data-end=\"753\"><strong data-start=\"699\" data-end=\"751\">Meble KAM \u2013 idealne dopasowanie do ka\u017cdej kuchni<\/strong><\/h3>\n<p data-start=\"755\" data-end=\"978\">Szafka <strong data-start=\"762\" data-end=\"778\">BW&#8230; .1\/100<\/strong> to cz\u0119\u015b\u0107 systemu <strong data-start=\"796\" data-end=\"807\">KAMMONO<\/strong>, kt\u00f3ry wyr\u00f3\u017cnia si\u0119 modu\u0142ow\u0105 konstrukcj\u0105 i nowoczesnym designem. Mo\u017cliwo\u015b\u0107 wyboru szeroko\u015bci\u00a0pozwala na <strong data-start=\"924\" data-end=\"950\">precyzyjne dopasowanie<\/strong> do uk\u0142adu mebli w kuchni.<\/p>\n<ul data-start=\"980\" data-end=\"1171\">\n<li data-start=\"980\" data-end=\"1027\"><strong data-start=\"982\" data-end=\"1025\">Nowoczesna i minimalistyczna stylistyka<\/strong><\/li>\n<li data-start=\"1028\" data-end=\"1094\"><strong data-start=\"1030\" data-end=\"1092\">Optymalne wykorzystanie przestrzeni dzi\u0119ki du\u017cej wysoko\u015bci<\/strong><\/li>\n<li data-start=\"1095\" data-end=\"1171\"><strong data-start=\"1097\" data-end=\"1169\">Idealna do przechowywania naczy\u0144, \u017cywno\u015bci czy akcesori\u00f3w kuchennych<\/strong><\/li>\n<\/ul>\n<h3 data-start=\"1173\" data-end=\"1211\"><strong data-start=\"1177\" data-end=\"1209\">Solidne wykonanie i trwa\u0142o\u015b\u0107<\/strong><\/h3>\n<p data-start=\"1213\" data-end=\"1466\">Szafka wykonana jest z wysokiej jako\u015bci <strong data-start=\"1253\" data-end=\"1280\">p\u0142yty laminowanej 16 mm<\/strong>, odpornej na wilgo\u0107 i codzienne u\u017cytkowanie. Jest kompatybilna z r\u00f3\u017cnymi frontami dost\u0119pnymi w systemie <strong data-start=\"1385\" data-end=\"1396\">KAMMONO<\/strong>, co pozwala na stworzenie sp\u00f3jnej i estetycznej zabudowy kuchennej.<\/p>\n<ul data-start=\"1468\" data-end=\"1600\">\n<li data-start=\"1468\" data-end=\"1500\"><strong data-start=\"1470\" data-end=\"1481\">Korpus:<\/strong> p\u0142yta laminowana<\/li>\n<li data-start=\"1501\" data-end=\"1550\"><strong data-start=\"1503\" data-end=\"1513\">Front:<\/strong> do wyboru w ramach systemu KAMMONO<\/li>\n<li data-start=\"1551\" data-end=\"1600\"><strong data-start=\"1553\" data-end=\"1577\">Zawiasy i mocowania:<\/strong> solidne i wytrzyma\u0142e<\/li>\n<\/ul>\n<h3 data-start=\"1602\" data-end=\"1656\"><strong data-start=\"1606\" data-end=\"1654\">\u0141atwy monta\u017c i integracja z systemem KAMMONO<\/strong><\/h3>\n<p data-start=\"1658\" data-end=\"1843\">Szafka dostarczana jest w elementach do <strong data-start=\"1698\" data-end=\"1723\">samodzielnego monta\u017cu<\/strong>, a jej kompatybilno\u015b\u0107 z innymi modu\u0142ami <strong data-start=\"1764\" data-end=\"1777\">Meble KAM<\/strong> sprawia, \u017ce doskonale wpisuje si\u0119 w nowoczesne projekty kuchni.<\/p>\n<p data-start=\"1850\" data-end=\"2140\" data-is-last-node=\"\" data-is-only-node=\"\"><strong data-start=\"1850\" data-end=\"1881\">Szafka wisz\u0105ca BW&#8230; .1\/100<\/strong> to doskona\u0142e rozwi\u0105zanie dla os\u00f3b poszukuj\u0105cych <strong data-start=\"1930\" data-end=\"1977\">funkcjonalnych i stylowych mebli kuchennych<\/strong>. Dzi\u0119ki szeroko\u015bci dost\u0119pnej do wyboru\u00a0oraz nowoczesnemu designowi doskonale sprawdzi si\u0119 w <strong data-start=\"2072\" data-end=\"2092\">systemie KAMMONO<\/strong>, zapewniaj\u0105c wygod\u0119 i estetyk\u0119 w ka\u017cdej kuchni.<\/p>\n","protected":false},"excerpt":{"rendered":"<p>Szafka <strong data-start=\"90\" data-end=\"106\">BW&#8230; .1\/100<\/strong> to <strong data-start=\"110\" data-end=\"145\">g\u0142\u0119boka wisz\u0105ca szafka kuchenna<\/strong> z oferty <strong data-start=\"155\" data-end=\"168\">Meble KAM<\/strong>, zaprojektowana z my\u015bl\u0105 o nowoczesnych aran\u017cacjach i optymalnym zagospodarowaniu przestrzeni. Dzi\u0119ki <strong data-start=\"270\" data-end=\"302\">zwi\u0119kszonej g\u0142\u0119boko\u015bci 36 cm<\/strong> oraz szeroko\u015bci dost\u0119pnej w zakresie <strong data-start=\"340\" data-end=\"352\">15-60 cm<\/strong>, mo\u017cna j\u0105 \u0142atwo dopasowa\u0107 do indywidualnych potrzeb.<\/p>\n","protected":false},"featured_media":60118,"template":"","meta":[],"product_brand":[710],"product_cat":[778,775,454,474,498,549],"product_tag":[],"class_list":{"0":"post-49823","1":"product","2":"type-product","3":"status-publish","4":"has-post-thumbnail","6":"product_brand-meble-kam","7":"product_cat-szafki-kuchenne-wiszace-sklep","8":"product_cat-wszystko","9":"product_cat-meble-kam-mono","10":"product_cat-szafki-wiszace","11":"product_cat-szafki-wiszace-100","12":"product_cat-szafki-wiszace-bw-glebokosc-36-cm-szafki-wiszace-100","13":"product_shipping_class-szafka-wiszaca-kam","14":"pa_front-f10","15":"pa_front-f11","16":"pa_front-f4","17":"pa_front-f6","18":"pa_front-f7","19":"pa_front-f8","20":"pa_front-fg2","21":"pa_front-k2","22":"pa_front-kc2","23":"pa_front-kc4","24":"pa_front-l4-mat","25":"pa_front-l4-polysk","26":"pa_front-m4","27":"pa_front-os_2","28":"pa_front-os_2black","29":"pa_front-p00","30":"pa_front-p2","31":"pa_front-p4","32":"pa_rozmiar-15-cm","33":"pa_rozmiar-20-cm","34":"pa_rozmiar-30-cm","35":"pa_rozmiar-35-cm","36":"pa_rozmiar-40-cm","37":"pa_rozmiar-45-cm","38":"pa_rozmiar-50-cm","39":"pa_rozmiar-55-cm","40":"pa_rozmiar-60-cm","42":"first","43":"instock","44":"shipping-taxable","45":"purchasable","46":"product-type-variable"},"yoast_head":"<!-- This site is optimized with the Yoast SEO Premium plugin v25.0 (Yoast SEO v25.0) - https:\/\/yoast.com\/wordpress\/plugins\/seo\/ -->\n<title>Szafka wisz\u0105ca g\u0142\u0119boka BW... .1\/100<\/title>\n<meta name=\"description\" content=\"Szafka wisz\u0105ca g\u0142\u0119boka BW... .1\/100 zaprojektowana z my\u015bl\u0105 o nowoczesnych aran\u017cacjach i optymalnym zagospodarowaniu przestrzeni.\" \/>\n<meta name=\"robots\" content=\"index, follow, max-snippet:-1, max-image-preview:large, max-video-preview:-1\" \/>\n<link rel=\"canonical\" href=\"https:\/\/meblekuchenne.pl\/sklep\/product\/szafka-wiszaca-gleboka-bw-1-100-szer-15-60-cm-kammono\/\" \/>\n<meta property=\"og:locale\" content=\"pl_PL\" \/>\n<meta property=\"og:type\" content=\"article\" \/>\n<meta property=\"og:title\" content=\"Szafka wisz\u0105ca g\u0142\u0119boka BW... .1\/100 - szer. 15-60 cm - KamMono\" \/>\n<meta property=\"og:description\" content=\"Szafka wisz\u0105ca g\u0142\u0119boka BW... .1\/100 zaprojektowana z my\u015bl\u0105 o nowoczesnych aran\u017cacjach i optymalnym zagospodarowaniu przestrzeni.\" \/>\n<meta property=\"og:url\" content=\"https:\/\/meblekuchenne.pl\/sklep\/product\/szafka-wiszaca-gleboka-bw-1-100-szer-15-60-cm-kammono\/\" \/>\n<meta property=\"og:site_name\" content=\"MebleKuchenne.PL - SKLEP\" \/>\n<meta property=\"article:modified_time\" content=\"2026-03-31T11:08:17+00:00\" \/>\n<meta property=\"og:image\" content=\"https:\/\/meblekuchenne.pl\/sklep\/wp-content\/uploads\/2025\/02\/w.1-100-spec.webp\" \/>\n\t<meta property=\"og:image:width\" content=\"1600\" \/>\n\t<meta property=\"og:image:height\" content=\"1080\" \/>\n\t<meta property=\"og:image:type\" content=\"image\/webp\" \/>\n<meta name=\"twitter:card\" content=\"summary_large_image\" \/>\n<meta name=\"twitter:label1\" content=\"Dost\u0119pno\u015b\u0107\" \/>\n\t<meta name=\"twitter:data1\" content=\"Dost\u0119pny\" \/>\n<script type=\"application\/ld+json\" class=\"yoast-schema-graph\">{\"@context\":\"https:\/\/schema.org\",\"@graph\":[{\"@type\":\"WebPage\",\"@id\":\"https:\/\/meblekuchenne.pl\/sklep\/product\/szafka-wiszaca-gleboka-bw-1-100-szer-15-60-cm-kammono\/\",\"url\":\"https:\/\/meblekuchenne.pl\/sklep\/product\/szafka-wiszaca-gleboka-bw-1-100-szer-15-60-cm-kammono\/\",\"name\":\"Szafka wisz\u0105ca g\u0142\u0119boka BW... .1\/100\",\"isPartOf\":{\"@id\":\"https:\/\/meblekuchenne.pl\/sklep\/#website\"},\"primaryImageOfPage\":{\"@id\":\"https:\/\/meblekuchenne.pl\/sklep\/product\/szafka-wiszaca-gleboka-bw-1-100-szer-15-60-cm-kammono\/#primaryimage\"},\"image\":{\"@id\":\"https:\/\/meblekuchenne.pl\/sklep\/product\/szafka-wiszaca-gleboka-bw-1-100-szer-15-60-cm-kammono\/#primaryimage\"},\"thumbnailUrl\":\"https:\/\/meblekuchenne.pl\/sklep\/wp-content\/uploads\/2025\/02\/w.1-100-spec.webp\",\"datePublished\":\"2025-02-21T18:48:03+00:00\",\"dateModified\":\"2026-03-31T11:08:17+00:00\",\"description\":\"Szafka wisz\u0105ca g\u0142\u0119boka BW... .1\/100 zaprojektowana z my\u015bl\u0105 o nowoczesnych aran\u017cacjach i optymalnym zagospodarowaniu przestrzeni.\",\"breadcrumb\":{\"@id\":\"https:\/\/meblekuchenne.pl\/sklep\/product\/szafka-wiszaca-gleboka-bw-1-100-szer-15-60-cm-kammono\/#breadcrumb\"},\"inLanguage\":\"pl-PL\",\"potentialAction\":[{\"@type\":\"ReadAction\",\"target\":[\"https:\/\/meblekuchenne.pl\/sklep\/product\/szafka-wiszaca-gleboka-bw-1-100-szer-15-60-cm-kammono\/\"]}]},{\"@type\":\"ImageObject\",\"inLanguage\":\"pl-PL\",\"@id\":\"https:\/\/meblekuchenne.pl\/sklep\/product\/szafka-wiszaca-gleboka-bw-1-100-szer-15-60-cm-kammono\/#primaryimage\",\"url\":\"https:\/\/meblekuchenne.pl\/sklep\/wp-content\/uploads\/2025\/02\/w.1-100-spec.webp\",\"contentUrl\":\"https:\/\/meblekuchenne.pl\/sklep\/wp-content\/uploads\/2025\/02\/w.1-100-spec.webp\",\"width\":1600,\"height\":1080},{\"@type\":\"BreadcrumbList\",\"@id\":\"https:\/\/meblekuchenne.pl\/sklep\/product\/szafka-wiszaca-gleboka-bw-1-100-szer-15-60-cm-kammono\/#breadcrumb\",\"itemListElement\":[{\"@type\":\"ListItem\",\"position\":1,\"name\":\"Strona g\u0142\u00f3wna\",\"item\":\"https:\/\/meblekuchenne.pl\/sklep\/\"},{\"@type\":\"ListItem\",\"position\":2,\"name\":\"Sklep\",\"item\":\"https:\/\/meblekuchenne.pl\/sklep\/sklep\/\"},{\"@type\":\"ListItem\",\"position\":3,\"name\":\"Szafka wisz\u0105ca g\u0142\u0119boka BW&#8230; .1\/100 &#8211; szer. 15-60 cm &#8211; KamMono\"}]},{\"@type\":\"WebSite\",\"@id\":\"https:\/\/meblekuchenne.pl\/sklep\/#website\",\"url\":\"https:\/\/meblekuchenne.pl\/sklep\/\",\"name\":\"MebleKuchenne.PL - SKLEP\",\"description\":\"\",\"publisher\":{\"@id\":\"https:\/\/meblekuchenne.pl\/sklep\/#organization\"},\"potentialAction\":[{\"@type\":\"SearchAction\",\"target\":{\"@type\":\"EntryPoint\",\"urlTemplate\":\"https:\/\/meblekuchenne.pl\/sklep\/?s={search_term_string}\"},\"query-input\":{\"@type\":\"PropertyValueSpecification\",\"valueRequired\":true,\"valueName\":\"search_term_string\"}}],\"inLanguage\":\"pl-PL\"},{\"@type\":\"Organization\",\"@id\":\"https:\/\/meblekuchenne.pl\/sklep\/#organization\",\"name\":\"MebleKuchenne.PL - SKLEP\",\"url\":\"https:\/\/meblekuchenne.pl\/sklep\/\",\"logo\":{\"@type\":\"ImageObject\",\"inLanguage\":\"pl-PL\",\"@id\":\"https:\/\/meblekuchenne.pl\/sklep\/#\/schema\/logo\/image\/\",\"url\":\"https:\/\/meblekuchenne.pl\/sklep\/wp-content\/uploads\/2025\/06\/cropped-cropped-logo.webp\",\"contentUrl\":\"https:\/\/meblekuchenne.pl\/sklep\/wp-content\/uploads\/2025\/06\/cropped-cropped-logo.webp\",\"width\":735,\"height\":715,\"caption\":\"MebleKuchenne.PL - SKLEP\"},\"image\":{\"@id\":\"https:\/\/meblekuchenne.pl\/sklep\/#\/schema\/logo\/image\/\"}}]}<\/script>\n<meta property=\"og:availability\" content=\"instock\" \/>\n<meta property=\"product:availability\" content=\"instock\" \/>\n<meta property=\"product:retailer_item_id\" content=\"BW.1\/100\" \/>\n<meta property=\"product:condition\" content=\"new\" \/>\n<!-- \/ Yoast SEO Premium plugin. -->","yoast_head_json":{"title":"Szafka wisz\u0105ca g\u0142\u0119boka BW... .1\/100","description":"Szafka wisz\u0105ca g\u0142\u0119boka BW... .1\/100 zaprojektowana z my\u015bl\u0105 o nowoczesnych aran\u017cacjach i optymalnym zagospodarowaniu przestrzeni.","robots":{"index":"index","follow":"follow","max-snippet":"max-snippet:-1","max-image-preview":"max-image-preview:large","max-video-preview":"max-video-preview:-1"},"canonical":"https:\/\/meblekuchenne.pl\/sklep\/product\/szafka-wiszaca-gleboka-bw-1-100-szer-15-60-cm-kammono\/","og_locale":"pl_PL","og_type":"article","og_title":"Szafka wisz\u0105ca g\u0142\u0119boka BW... .1\/100 - szer. 15-60 cm - KamMono","og_description":"Szafka wisz\u0105ca g\u0142\u0119boka BW... .1\/100 zaprojektowana z my\u015bl\u0105 o nowoczesnych aran\u017cacjach i optymalnym zagospodarowaniu przestrzeni.","og_url":"https:\/\/meblekuchenne.pl\/sklep\/product\/szafka-wiszaca-gleboka-bw-1-100-szer-15-60-cm-kammono\/","og_site_name":"MebleKuchenne.PL - SKLEP","article_modified_time":"2026-03-31T11:08:17+00:00","og_image":[{"width":1600,"height":1080,"url":"https:\/\/meblekuchenne.pl\/sklep\/wp-content\/uploads\/2025\/02\/w.1-100-spec.webp","type":"image\/webp"}],"twitter_card":"summary_large_image","twitter_misc":{"Dost\u0119pno\u015b\u0107":"Dost\u0119pny"},"schema":{"@context":"https:\/\/schema.org","@graph":[{"@type":"WebPage","@id":"https:\/\/meblekuchenne.pl\/sklep\/product\/szafka-wiszaca-gleboka-bw-1-100-szer-15-60-cm-kammono\/","url":"https:\/\/meblekuchenne.pl\/sklep\/product\/szafka-wiszaca-gleboka-bw-1-100-szer-15-60-cm-kammono\/","name":"Szafka wisz\u0105ca g\u0142\u0119boka BW... .1\/100","isPartOf":{"@id":"https:\/\/meblekuchenne.pl\/sklep\/#website"},"primaryImageOfPage":{"@id":"https:\/\/meblekuchenne.pl\/sklep\/product\/szafka-wiszaca-gleboka-bw-1-100-szer-15-60-cm-kammono\/#primaryimage"},"image":{"@id":"https:\/\/meblekuchenne.pl\/sklep\/product\/szafka-wiszaca-gleboka-bw-1-100-szer-15-60-cm-kammono\/#primaryimage"},"thumbnailUrl":"https:\/\/meblekuchenne.pl\/sklep\/wp-content\/uploads\/2025\/02\/w.1-100-spec.webp","datePublished":"2025-02-21T18:48:03+00:00","dateModified":"2026-03-31T11:08:17+00:00","description":"Szafka wisz\u0105ca g\u0142\u0119boka BW... .1\/100 zaprojektowana z my\u015bl\u0105 o nowoczesnych aran\u017cacjach i optymalnym zagospodarowaniu przestrzeni.","breadcrumb":{"@id":"https:\/\/meblekuchenne.pl\/sklep\/product\/szafka-wiszaca-gleboka-bw-1-100-szer-15-60-cm-kammono\/#breadcrumb"},"inLanguage":"pl-PL","potentialAction":[{"@type":"ReadAction","target":["https:\/\/meblekuchenne.pl\/sklep\/product\/szafka-wiszaca-gleboka-bw-1-100-szer-15-60-cm-kammono\/"]}]},{"@type":"ImageObject","inLanguage":"pl-PL","@id":"https:\/\/meblekuchenne.pl\/sklep\/product\/szafka-wiszaca-gleboka-bw-1-100-szer-15-60-cm-kammono\/#primaryimage","url":"https:\/\/meblekuchenne.pl\/sklep\/wp-content\/uploads\/2025\/02\/w.1-100-spec.webp","contentUrl":"https:\/\/meblekuchenne.pl\/sklep\/wp-content\/uploads\/2025\/02\/w.1-100-spec.webp","width":1600,"height":1080},{"@type":"BreadcrumbList","@id":"https:\/\/meblekuchenne.pl\/sklep\/product\/szafka-wiszaca-gleboka-bw-1-100-szer-15-60-cm-kammono\/#breadcrumb","itemListElement":[{"@type":"ListItem","position":1,"name":"Strona g\u0142\u00f3wna","item":"https:\/\/meblekuchenne.pl\/sklep\/"},{"@type":"ListItem","position":2,"name":"Sklep","item":"https:\/\/meblekuchenne.pl\/sklep\/sklep\/"},{"@type":"ListItem","position":3,"name":"Szafka wisz\u0105ca g\u0142\u0119boka BW&#8230; .1\/100 &#8211; szer. 15-60 cm &#8211; KamMono"}]},{"@type":"WebSite","@id":"https:\/\/meblekuchenne.pl\/sklep\/#website","url":"https:\/\/meblekuchenne.pl\/sklep\/","name":"MebleKuchenne.PL - SKLEP","description":"","publisher":{"@id":"https:\/\/meblekuchenne.pl\/sklep\/#organization"},"potentialAction":[{"@type":"SearchAction","target":{"@type":"EntryPoint","urlTemplate":"https:\/\/meblekuchenne.pl\/sklep\/?s={search_term_string}"},"query-input":{"@type":"PropertyValueSpecification","valueRequired":true,"valueName":"search_term_string"}}],"inLanguage":"pl-PL"},{"@type":"Organization","@id":"https:\/\/meblekuchenne.pl\/sklep\/#organization","name":"MebleKuchenne.PL - SKLEP","url":"https:\/\/meblekuchenne.pl\/sklep\/","logo":{"@type":"ImageObject","inLanguage":"pl-PL","@id":"https:\/\/meblekuchenne.pl\/sklep\/#\/schema\/logo\/image\/","url":"https:\/\/meblekuchenne.pl\/sklep\/wp-content\/uploads\/2025\/06\/cropped-cropped-logo.webp","contentUrl":"https:\/\/meblekuchenne.pl\/sklep\/wp-content\/uploads\/2025\/06\/cropped-cropped-logo.webp","width":735,"height":715,"caption":"MebleKuchenne.PL - SKLEP"},"image":{"@id":"https:\/\/meblekuchenne.pl\/sklep\/#\/schema\/logo\/image\/"}}]},"og_availability":"instock","product_availability":"instock","product_retailer_item_id":"BW.1\/100","product_condition":"new"},"_links":{"self":[{"href":"https:\/\/meblekuchenne.pl\/sklep\/wp-json\/wp\/v2\/product\/49823","targetHints":{"allow":["GET"]}}],"collection":[{"href":"https:\/\/meblekuchenne.pl\/sklep\/wp-json\/wp\/v2\/product"}],"about":[{"href":"https:\/\/meblekuchenne.pl\/sklep\/wp-json\/wp\/v2\/types\/product"}],"wp:featuredmedia":[{"embeddable":true,"href":"https:\/\/meblekuchenne.pl\/sklep\/wp-json\/wp\/v2\/media\/60118"}],"wp:attachment":[{"href":"https:\/\/meblekuchenne.pl\/sklep\/wp-json\/wp\/v2\/media?parent=49823"}],"wp:term":[{"taxonomy":"product_brand","embeddable":true,"href":"https:\/\/meblekuchenne.pl\/sklep\/wp-json\/wp\/v2\/product_brand?post=49823"},{"taxonomy":"product_cat","embeddable":true,"href":"https:\/\/meblekuchenne.pl\/sklep\/wp-json\/wp\/v2\/product_cat?post=49823"},{"taxonomy":"product_tag","embeddable":true,"href":"https:\/\/meblekuchenne.pl\/sklep\/wp-json\/wp\/v2\/product_tag?post=49823"}],"curies":[{"name":"wp","href":"https:\/\/api.w.org\/{rel}","templated":true}]}}