{"id":49643,"date":"2025-02-21T19:45:58","date_gmt":"2025-02-21T18:45:58","guid":{"rendered":"https:\/\/meblekuchenne.pl\/sklep\/?post_type=product&#038;p=49643"},"modified":"2026-03-31T13:08:21","modified_gmt":"2026-03-31T11:08:21","slug":"szafka-wiszaca-narozna-wrp70x40-100-kammono","status":"publish","type":"product","link":"https:\/\/meblekuchenne.pl\/sklep\/product\/szafka-wiszaca-narozna-wrp70x40-100-kammono\/","title":{"rendered":"Szafka wisz\u0105ca naro\u017cna WRP70x40\/100 &#8211; KamMono"},"content":{"rendered":"<h2 data-start=\"0\" data-end=\"95\"><strong data-start=\"4\" data-end=\"93\">Szafka wisz\u0105ca naro\u017cna WRP70x40\/100<\/strong><\/h2>\n<p>Szafka wisz\u0105ca naro\u017cna &#8211; szer. 70 x 40 cm, wys. 100 cm, g\u0142. 32 cm<\/p>\n<h3 data-start=\"0\" data-end=\"95\"><strong data-start=\"4\" data-end=\"93\">Idealne rozwi\u0105zanie do naro\u017cnej zabudowy kuchni<\/strong><\/h3>\n<p data-start=\"97\" data-end=\"596\"><strong data-start=\"97\" data-end=\"136\">Szafka wisz\u0105ca naro\u017cna WRP70x40\/100<\/strong> to doskona\u0142a opcja do <strong data-start=\"159\" data-end=\"190\">naro\u017cnej zabudowy kuchennej<\/strong> w systemie <strong data-start=\"202\" data-end=\"213\">KAMMONO<\/strong>, oferuj\u0105ca <strong data-start=\"225\" data-end=\"265\">maksymalne wykorzystanie przestrzeni<\/strong> w trudnych do zagospodarowania miejscach. Dzi\u0119ki szeroko\u015bci <strong data-start=\"326\" data-end=\"335\">70 cm<\/strong>, g\u0142\u0119boko\u015bci <strong data-start=\"348\" data-end=\"357\">40 cm<\/strong> i wysoko\u015bci <strong data-start=\"370\" data-end=\"380\" data-is-only-node=\"\">100 cm<\/strong>, szafka zapewnia wystarczaj\u0105co du\u017co miejsca do przechowywania r\u00f3\u017cnych kuchennych akcesori\u00f3w \u2013 od naczy\u0144, przez przyprawy, a\u017c po produkty spo\u017cywcze. Jest to rozwi\u0105zanie, kt\u00f3re \u0142\u0105czy <strong data-start=\"562\" data-end=\"578\">praktyczno\u015b\u0107<\/strong> z <strong data-start=\"581\" data-end=\"593\">estetyk\u0105<\/strong>.<\/p>\n<h3 data-start=\"598\" data-end=\"628\"><strong data-start=\"602\" data-end=\"626\">Najwa\u017cniejsze cechy <\/strong><strong data-start=\"4\" data-end=\"93\">WRP70x40\/100<\/strong><strong data-start=\"602\" data-end=\"626\">:<\/strong><\/h3>\n<ul data-start=\"629\" data-end=\"1283\">\n<li data-start=\"629\" data-end=\"721\"><strong data-start=\"631\" data-end=\"645\">Szeroko\u015b\u0107:<\/strong> 70 x 40 cm \u2013 wystarczaj\u0105co szeroka, aby pomie\u015bci\u0107 niezb\u0119dne akcesoria kuchenne<\/li>\n<li data-start=\"722\" data-end=\"802\"><strong data-start=\"724\" data-end=\"738\">G\u0142\u0119boko\u015b\u0107:<\/strong> 32 cm \u2013 optymalna, by zapewni\u0107 \u0142atwy dost\u0119p do wn\u0119trza szafki<\/li>\n<li data-start=\"803\" data-end=\"891\"><strong data-start=\"805\" data-end=\"818\">Wysoko\u015b\u0107:<\/strong> 100 cm \u2013 wygodna wysoko\u015b\u0107, pasuj\u0105ca do standardowych szafek kuchennych<\/li>\n<li data-start=\"892\" data-end=\"999\"><strong data-start=\"894\" data-end=\"928\">Praktyczna konstrukcja naro\u017cna<\/strong> \u2013 umo\u017cliwia efektywne zagospodarowanie naro\u017cnej przestrzeni w kuchni<\/li>\n<li data-start=\"1000\" data-end=\"1154\"><strong data-start=\"1002\" data-end=\"1023\">Solidne wykonanie<\/strong> \u2013 korpus szafki jest wykonany z wysokiej jako\u015bci materia\u0142\u00f3w, co zapewnia <strong data-start=\"1097\" data-end=\"1115\">d\u0142ugowieczno\u015b\u0107<\/strong> i odporno\u015b\u0107 na codzienne u\u017cytkowanie<\/li>\n<li data-start=\"1155\" data-end=\"1283\"><strong data-start=\"1157\" data-end=\"1191\">Dopasowanie do systemu KAMMONO<\/strong> \u2013 idealnie wsp\u00f3\u0142pracuje z innymi elementami zabudowy Meble KAM, tworz\u0105c <strong data-start=\"1264\" data-end=\"1281\">sp\u00f3jn\u0105 ca\u0142o\u015b\u0107<\/strong><\/li>\n<\/ul>\n<h3 data-start=\"1285\" data-end=\"1351\"><strong data-start=\"1289\" data-end=\"1349\">Funkcjonalno\u015b\u0107, elegancja i niezawodno\u015b\u0107 w Twojej kuchni<\/strong><\/h3>\n<p data-start=\"1353\" data-end=\"1874\">Naro\u017cna szafka <strong data-start=\"1368\" data-end=\"1384\">WRP70x40\/100<\/strong> to <strong data-start=\"1388\" data-end=\"1411\">idealne rozwi\u0105zanie<\/strong> dla os\u00f3b, kt\u00f3re ceni\u0105 <strong data-start=\"1434\" data-end=\"1463\">maksymaln\u0105 funkcjonalno\u015b\u0107<\/strong> w kuchni, nie rezygnuj\u0105c z <strong data-start=\"1491\" data-end=\"1515\">nowoczesnego designu<\/strong>. Dzi\u0119ki swojej <strong data-start=\"1531\" data-end=\"1559\">przemy\u015blanej konstrukcji<\/strong>, umo\u017cliwia \u0142atwy dost\u0119p do przechowywanych przedmiot\u00f3w, a <strong data-start=\"1618\" data-end=\"1642\">szlachetne materia\u0142y<\/strong> sprawiaj\u0105, \u017ce b\u0119dzie s\u0142u\u017cy\u0107 przez d\u0142ugie lata. Jej <strong data-start=\"1694\" data-end=\"1716\">uniwersalny wygl\u0105d<\/strong> sprawia, \u017ce doskonale komponuje si\u0119 zar\u00f3wno w <strong data-start=\"1763\" data-end=\"1779\">nowoczesnych<\/strong>, jak i bardziej <strong data-start=\"1796\" data-end=\"1821\">klasycznych kuchniach<\/strong>, stanowi\u0105c <strong data-start=\"1833\" data-end=\"1871\">wyj\u0105tkowy element ka\u017cdej aran\u017cacji<\/strong>.<\/p>\n<p data-start=\"1876\" data-end=\"2158\" data-is-last-node=\"\" data-is-only-node=\"\">Decyduj\u0105c si\u0119 na <strong data-start=\"1893\" data-end=\"1921\">szafki naro\u017cne Meble KAM<\/strong>, inwestujesz w <strong data-start=\"1937\" data-end=\"1947\">wygod\u0119<\/strong>, <strong data-start=\"1949\" data-end=\"1961\">estetyk\u0119<\/strong> i <strong data-start=\"1964\" data-end=\"1974\">jako\u015b\u0107<\/strong>, kt\u00f3re idealnie wkomponuj\u0105 si\u0119 w przestrze\u0144 Twojej kuchni. Daj sobie szans\u0119 na stworzenie <strong data-start=\"2065\" data-end=\"2101\">praktycznej i eleganckiej kuchni<\/strong> z szafkami, kt\u00f3re s\u0105 <strong data-start=\"2123\" data-end=\"2157\">dopracowane w ka\u017cdym szczeg\u00f3le<\/strong>!<\/p>\n","protected":false},"excerpt":{"rendered":"<p><strong data-start=\"97\" data-end=\"136\">Szafka wisz\u0105ca naro\u017cna WRP70x40\/100<\/strong> to doskona\u0142a opcja do <strong data-start=\"159\" data-end=\"190\">naro\u017cnej zabudowy kuchennej<\/strong> w systemie <strong data-start=\"202\" data-end=\"213\">KAMMONO<\/strong>, oferuj\u0105ca <strong data-start=\"225\" data-end=\"265\">maksymalne wykorzystanie przestrzeni<\/strong> w trudnych do zagospodarowania miejscach. Dzi\u0119ki szeroko\u015bci <strong data-start=\"326\" data-end=\"335\">70 cm<\/strong>, g\u0142\u0119boko\u015bci <strong data-start=\"348\" data-end=\"357\">40 cm<\/strong> i wysoko\u015bci <strong data-start=\"370\" data-end=\"380\" data-is-only-node=\"\">100 cm<\/strong>, szafka zapewnia wystarczaj\u0105co du\u017co miejsca do przechowywania r\u00f3\u017cnych kuchennych akcesori\u00f3w \u2013 od naczy\u0144, przez przyprawy, a\u017c po produkty spo\u017cywcze. Jest to rozwi\u0105zanie, kt\u00f3re \u0142\u0105czy <strong data-start=\"562\" data-end=\"578\">praktyczno\u015b\u0107<\/strong> z <strong data-start=\"581\" data-end=\"593\">estetyk\u0105<\/strong>.<\/p>\n","protected":false},"featured_media":60125,"template":"","meta":[],"product_brand":[710],"product_cat":[778,775,454,474,498,548],"product_tag":[],"class_list":{"0":"post-49643","1":"product","2":"type-product","3":"status-publish","4":"has-post-thumbnail","6":"product_brand-meble-kam","7":"product_cat-szafki-kuchenne-wiszace-sklep","8":"product_cat-wszystko","9":"product_cat-meble-kam-mono","10":"product_cat-szafki-wiszace","11":"product_cat-szafki-wiszace-100","12":"product_cat-szafki-wiszace-w-glebokosc-32-cm-szafki-wiszace-100","13":"product_shipping_class-szafka-wiszaca-kam","14":"pa_front-f10","15":"pa_front-f11","16":"pa_front-f4","17":"pa_front-f6","18":"pa_front-f7","19":"pa_front-f8","20":"pa_front-fg2","21":"pa_front-k2","22":"pa_front-kc2","23":"pa_front-kc4","24":"pa_front-l4-mat","25":"pa_front-l4-polysk","26":"pa_front-m4","27":"pa_front-os_2","28":"pa_front-os_2black","29":"pa_front-p00","30":"pa_front-p2","31":"pa_front-p4","33":"first","34":"instock","35":"shipping-taxable","36":"purchasable","37":"product-type-variable"},"yoast_head":"<!-- This site is optimized with the Yoast SEO Premium plugin v25.0 (Yoast SEO v25.0) - https:\/\/yoast.com\/wordpress\/plugins\/seo\/ -->\n<title>Szafka wisz\u0105ca naro\u017cna WRP70x40\/100<\/title>\n<meta name=\"description\" content=\"Szafka wisz\u0105ca naro\u017cna WRP70x40\/100 zapewnia miejsce do przechowywania r\u00f3\u017cnych kuchennych akcesori\u00f3w \u2013 od naczy\u0144, przez przyprawy, a\u017c po produkty spo\u017cywcze.\" \/>\n<meta name=\"robots\" content=\"index, follow, max-snippet:-1, max-image-preview:large, max-video-preview:-1\" \/>\n<link rel=\"canonical\" href=\"https:\/\/meblekuchenne.pl\/sklep\/product\/szafka-wiszaca-narozna-wrp70x40-100-kammono\/\" \/>\n<meta property=\"og:locale\" content=\"pl_PL\" \/>\n<meta property=\"og:type\" content=\"article\" \/>\n<meta property=\"og:title\" content=\"Szafka wisz\u0105ca naro\u017cna WRP70x40\/100 - KamMono\" \/>\n<meta property=\"og:description\" content=\"Szafka wisz\u0105ca naro\u017cna WRP70x40\/100 zapewnia miejsce do przechowywania r\u00f3\u017cnych kuchennych akcesori\u00f3w \u2013 od naczy\u0144, przez przyprawy, a\u017c po produkty spo\u017cywcze.\" \/>\n<meta property=\"og:url\" content=\"https:\/\/meblekuchenne.pl\/sklep\/product\/szafka-wiszaca-narozna-wrp70x40-100-kammono\/\" \/>\n<meta property=\"og:site_name\" content=\"MebleKuchenne.PL - SKLEP\" \/>\n<meta property=\"article:modified_time\" content=\"2026-03-31T11:08:21+00:00\" \/>\n<meta property=\"og:image\" content=\"https:\/\/meblekuchenne.pl\/sklep\/wp-content\/uploads\/2025\/02\/wrp70x40-100-1.webp\" \/>\n\t<meta property=\"og:image:width\" content=\"1600\" \/>\n\t<meta property=\"og:image:height\" content=\"1080\" \/>\n\t<meta property=\"og:image:type\" content=\"image\/webp\" \/>\n<meta name=\"twitter:card\" content=\"summary_large_image\" \/>\n<meta name=\"twitter:label1\" content=\"Dost\u0119pno\u015b\u0107\" \/>\n\t<meta name=\"twitter:data1\" content=\"Dost\u0119pny\" \/>\n<script type=\"application\/ld+json\" class=\"yoast-schema-graph\">{\"@context\":\"https:\/\/schema.org\",\"@graph\":[{\"@type\":\"WebPage\",\"@id\":\"https:\/\/meblekuchenne.pl\/sklep\/product\/szafka-wiszaca-narozna-wrp70x40-100-kammono\/\",\"url\":\"https:\/\/meblekuchenne.pl\/sklep\/product\/szafka-wiszaca-narozna-wrp70x40-100-kammono\/\",\"name\":\"Szafka wisz\u0105ca naro\u017cna WRP70x40\/100\",\"isPartOf\":{\"@id\":\"https:\/\/meblekuchenne.pl\/sklep\/#website\"},\"primaryImageOfPage\":{\"@id\":\"https:\/\/meblekuchenne.pl\/sklep\/product\/szafka-wiszaca-narozna-wrp70x40-100-kammono\/#primaryimage\"},\"image\":{\"@id\":\"https:\/\/meblekuchenne.pl\/sklep\/product\/szafka-wiszaca-narozna-wrp70x40-100-kammono\/#primaryimage\"},\"thumbnailUrl\":\"https:\/\/meblekuchenne.pl\/sklep\/wp-content\/uploads\/2025\/02\/wrp70x40-100-1.webp\",\"datePublished\":\"2025-02-21T18:45:58+00:00\",\"dateModified\":\"2026-03-31T11:08:21+00:00\",\"description\":\"Szafka wisz\u0105ca naro\u017cna WRP70x40\/100 zapewnia miejsce do przechowywania r\u00f3\u017cnych kuchennych akcesori\u00f3w \u2013 od naczy\u0144, przez przyprawy, a\u017c po produkty spo\u017cywcze.\",\"breadcrumb\":{\"@id\":\"https:\/\/meblekuchenne.pl\/sklep\/product\/szafka-wiszaca-narozna-wrp70x40-100-kammono\/#breadcrumb\"},\"inLanguage\":\"pl-PL\",\"potentialAction\":[{\"@type\":\"ReadAction\",\"target\":[\"https:\/\/meblekuchenne.pl\/sklep\/product\/szafka-wiszaca-narozna-wrp70x40-100-kammono\/\"]}]},{\"@type\":\"ImageObject\",\"inLanguage\":\"pl-PL\",\"@id\":\"https:\/\/meblekuchenne.pl\/sklep\/product\/szafka-wiszaca-narozna-wrp70x40-100-kammono\/#primaryimage\",\"url\":\"https:\/\/meblekuchenne.pl\/sklep\/wp-content\/uploads\/2025\/02\/wrp70x40-100-1.webp\",\"contentUrl\":\"https:\/\/meblekuchenne.pl\/sklep\/wp-content\/uploads\/2025\/02\/wrp70x40-100-1.webp\",\"width\":1600,\"height\":1080},{\"@type\":\"BreadcrumbList\",\"@id\":\"https:\/\/meblekuchenne.pl\/sklep\/product\/szafka-wiszaca-narozna-wrp70x40-100-kammono\/#breadcrumb\",\"itemListElement\":[{\"@type\":\"ListItem\",\"position\":1,\"name\":\"Strona g\u0142\u00f3wna\",\"item\":\"https:\/\/meblekuchenne.pl\/sklep\/\"},{\"@type\":\"ListItem\",\"position\":2,\"name\":\"Sklep\",\"item\":\"https:\/\/meblekuchenne.pl\/sklep\/sklep\/\"},{\"@type\":\"ListItem\",\"position\":3,\"name\":\"Szafka wisz\u0105ca naro\u017cna WRP70x40\/100 &#8211; KamMono\"}]},{\"@type\":\"WebSite\",\"@id\":\"https:\/\/meblekuchenne.pl\/sklep\/#website\",\"url\":\"https:\/\/meblekuchenne.pl\/sklep\/\",\"name\":\"MebleKuchenne.PL - SKLEP\",\"description\":\"\",\"publisher\":{\"@id\":\"https:\/\/meblekuchenne.pl\/sklep\/#organization\"},\"potentialAction\":[{\"@type\":\"SearchAction\",\"target\":{\"@type\":\"EntryPoint\",\"urlTemplate\":\"https:\/\/meblekuchenne.pl\/sklep\/?s={search_term_string}\"},\"query-input\":{\"@type\":\"PropertyValueSpecification\",\"valueRequired\":true,\"valueName\":\"search_term_string\"}}],\"inLanguage\":\"pl-PL\"},{\"@type\":\"Organization\",\"@id\":\"https:\/\/meblekuchenne.pl\/sklep\/#organization\",\"name\":\"MebleKuchenne.PL - SKLEP\",\"url\":\"https:\/\/meblekuchenne.pl\/sklep\/\",\"logo\":{\"@type\":\"ImageObject\",\"inLanguage\":\"pl-PL\",\"@id\":\"https:\/\/meblekuchenne.pl\/sklep\/#\/schema\/logo\/image\/\",\"url\":\"https:\/\/meblekuchenne.pl\/sklep\/wp-content\/uploads\/2025\/06\/cropped-cropped-logo.webp\",\"contentUrl\":\"https:\/\/meblekuchenne.pl\/sklep\/wp-content\/uploads\/2025\/06\/cropped-cropped-logo.webp\",\"width\":735,\"height\":715,\"caption\":\"MebleKuchenne.PL - SKLEP\"},\"image\":{\"@id\":\"https:\/\/meblekuchenne.pl\/sklep\/#\/schema\/logo\/image\/\"}}]}<\/script>\n<meta property=\"og:availability\" content=\"instock\" \/>\n<meta property=\"product:availability\" content=\"instock\" \/>\n<meta property=\"product:retailer_item_id\" content=\"WRP70x40\/100\" \/>\n<meta property=\"product:condition\" content=\"new\" \/>\n<!-- \/ Yoast SEO Premium plugin. -->","yoast_head_json":{"title":"Szafka wisz\u0105ca naro\u017cna WRP70x40\/100","description":"Szafka wisz\u0105ca naro\u017cna WRP70x40\/100 zapewnia miejsce do przechowywania r\u00f3\u017cnych kuchennych akcesori\u00f3w \u2013 od naczy\u0144, przez przyprawy, a\u017c po produkty spo\u017cywcze.","robots":{"index":"index","follow":"follow","max-snippet":"max-snippet:-1","max-image-preview":"max-image-preview:large","max-video-preview":"max-video-preview:-1"},"canonical":"https:\/\/meblekuchenne.pl\/sklep\/product\/szafka-wiszaca-narozna-wrp70x40-100-kammono\/","og_locale":"pl_PL","og_type":"article","og_title":"Szafka wisz\u0105ca naro\u017cna WRP70x40\/100 - KamMono","og_description":"Szafka wisz\u0105ca naro\u017cna WRP70x40\/100 zapewnia miejsce do przechowywania r\u00f3\u017cnych kuchennych akcesori\u00f3w \u2013 od naczy\u0144, przez przyprawy, a\u017c po produkty spo\u017cywcze.","og_url":"https:\/\/meblekuchenne.pl\/sklep\/product\/szafka-wiszaca-narozna-wrp70x40-100-kammono\/","og_site_name":"MebleKuchenne.PL - SKLEP","article_modified_time":"2026-03-31T11:08:21+00:00","og_image":[{"width":1600,"height":1080,"url":"https:\/\/meblekuchenne.pl\/sklep\/wp-content\/uploads\/2025\/02\/wrp70x40-100-1.webp","type":"image\/webp"}],"twitter_card":"summary_large_image","twitter_misc":{"Dost\u0119pno\u015b\u0107":"Dost\u0119pny"},"schema":{"@context":"https:\/\/schema.org","@graph":[{"@type":"WebPage","@id":"https:\/\/meblekuchenne.pl\/sklep\/product\/szafka-wiszaca-narozna-wrp70x40-100-kammono\/","url":"https:\/\/meblekuchenne.pl\/sklep\/product\/szafka-wiszaca-narozna-wrp70x40-100-kammono\/","name":"Szafka wisz\u0105ca naro\u017cna WRP70x40\/100","isPartOf":{"@id":"https:\/\/meblekuchenne.pl\/sklep\/#website"},"primaryImageOfPage":{"@id":"https:\/\/meblekuchenne.pl\/sklep\/product\/szafka-wiszaca-narozna-wrp70x40-100-kammono\/#primaryimage"},"image":{"@id":"https:\/\/meblekuchenne.pl\/sklep\/product\/szafka-wiszaca-narozna-wrp70x40-100-kammono\/#primaryimage"},"thumbnailUrl":"https:\/\/meblekuchenne.pl\/sklep\/wp-content\/uploads\/2025\/02\/wrp70x40-100-1.webp","datePublished":"2025-02-21T18:45:58+00:00","dateModified":"2026-03-31T11:08:21+00:00","description":"Szafka wisz\u0105ca naro\u017cna WRP70x40\/100 zapewnia miejsce do przechowywania r\u00f3\u017cnych kuchennych akcesori\u00f3w \u2013 od naczy\u0144, przez przyprawy, a\u017c po produkty spo\u017cywcze.","breadcrumb":{"@id":"https:\/\/meblekuchenne.pl\/sklep\/product\/szafka-wiszaca-narozna-wrp70x40-100-kammono\/#breadcrumb"},"inLanguage":"pl-PL","potentialAction":[{"@type":"ReadAction","target":["https:\/\/meblekuchenne.pl\/sklep\/product\/szafka-wiszaca-narozna-wrp70x40-100-kammono\/"]}]},{"@type":"ImageObject","inLanguage":"pl-PL","@id":"https:\/\/meblekuchenne.pl\/sklep\/product\/szafka-wiszaca-narozna-wrp70x40-100-kammono\/#primaryimage","url":"https:\/\/meblekuchenne.pl\/sklep\/wp-content\/uploads\/2025\/02\/wrp70x40-100-1.webp","contentUrl":"https:\/\/meblekuchenne.pl\/sklep\/wp-content\/uploads\/2025\/02\/wrp70x40-100-1.webp","width":1600,"height":1080},{"@type":"BreadcrumbList","@id":"https:\/\/meblekuchenne.pl\/sklep\/product\/szafka-wiszaca-narozna-wrp70x40-100-kammono\/#breadcrumb","itemListElement":[{"@type":"ListItem","position":1,"name":"Strona g\u0142\u00f3wna","item":"https:\/\/meblekuchenne.pl\/sklep\/"},{"@type":"ListItem","position":2,"name":"Sklep","item":"https:\/\/meblekuchenne.pl\/sklep\/sklep\/"},{"@type":"ListItem","position":3,"name":"Szafka wisz\u0105ca naro\u017cna WRP70x40\/100 &#8211; KamMono"}]},{"@type":"WebSite","@id":"https:\/\/meblekuchenne.pl\/sklep\/#website","url":"https:\/\/meblekuchenne.pl\/sklep\/","name":"MebleKuchenne.PL - SKLEP","description":"","publisher":{"@id":"https:\/\/meblekuchenne.pl\/sklep\/#organization"},"potentialAction":[{"@type":"SearchAction","target":{"@type":"EntryPoint","urlTemplate":"https:\/\/meblekuchenne.pl\/sklep\/?s={search_term_string}"},"query-input":{"@type":"PropertyValueSpecification","valueRequired":true,"valueName":"search_term_string"}}],"inLanguage":"pl-PL"},{"@type":"Organization","@id":"https:\/\/meblekuchenne.pl\/sklep\/#organization","name":"MebleKuchenne.PL - SKLEP","url":"https:\/\/meblekuchenne.pl\/sklep\/","logo":{"@type":"ImageObject","inLanguage":"pl-PL","@id":"https:\/\/meblekuchenne.pl\/sklep\/#\/schema\/logo\/image\/","url":"https:\/\/meblekuchenne.pl\/sklep\/wp-content\/uploads\/2025\/06\/cropped-cropped-logo.webp","contentUrl":"https:\/\/meblekuchenne.pl\/sklep\/wp-content\/uploads\/2025\/06\/cropped-cropped-logo.webp","width":735,"height":715,"caption":"MebleKuchenne.PL - SKLEP"},"image":{"@id":"https:\/\/meblekuchenne.pl\/sklep\/#\/schema\/logo\/image\/"}}]},"og_availability":"instock","product_availability":"instock","product_retailer_item_id":"WRP70x40\/100","product_condition":"new"},"_links":{"self":[{"href":"https:\/\/meblekuchenne.pl\/sklep\/wp-json\/wp\/v2\/product\/49643","targetHints":{"allow":["GET"]}}],"collection":[{"href":"https:\/\/meblekuchenne.pl\/sklep\/wp-json\/wp\/v2\/product"}],"about":[{"href":"https:\/\/meblekuchenne.pl\/sklep\/wp-json\/wp\/v2\/types\/product"}],"wp:featuredmedia":[{"embeddable":true,"href":"https:\/\/meblekuchenne.pl\/sklep\/wp-json\/wp\/v2\/media\/60125"}],"wp:attachment":[{"href":"https:\/\/meblekuchenne.pl\/sklep\/wp-json\/wp\/v2\/media?parent=49643"}],"wp:term":[{"taxonomy":"product_brand","embeddable":true,"href":"https:\/\/meblekuchenne.pl\/sklep\/wp-json\/wp\/v2\/product_brand?post=49643"},{"taxonomy":"product_cat","embeddable":true,"href":"https:\/\/meblekuchenne.pl\/sklep\/wp-json\/wp\/v2\/product_cat?post=49643"},{"taxonomy":"product_tag","embeddable":true,"href":"https:\/\/meblekuchenne.pl\/sklep\/wp-json\/wp\/v2\/product_tag?post=49643"}],"curies":[{"name":"wp","href":"https:\/\/api.w.org\/{rel}","templated":true}]}}