{"id":49284,"date":"2025-02-21T19:41:47","date_gmt":"2025-02-21T18:41:47","guid":{"rendered":"https:\/\/meblekuchenne.pl\/sklep\/?post_type=product&#038;p=49284"},"modified":"2026-04-01T13:22:40","modified_gmt":"2026-04-01T11:22:40","slug":"szafka-wiszaca-witryna-bww-1-90-szer-40-60-cm-kammono","status":"publish","type":"product","link":"https:\/\/meblekuchenne.pl\/sklep\/product\/szafka-wiszaca-witryna-bww-1-90-szer-40-60-cm-kammono\/","title":{"rendered":"Szafka wisz\u0105ca witryna BWW&#8230; .1\/90 &#8211; szer. 40-60 cm &#8211; KamMono"},"content":{"rendered":"<h2 data-start=\"0\" data-end=\"66\"><strong data-start=\"4\" data-end=\"64\">Szafka wisz\u0105ca witryna BWW&#8230; .1\/90 \u2013 szeroko\u015b\u0107 40-60 cm<\/strong><\/h2>\n<p>Szafka z witryn\u0105 &#8211; szer. 40, 45, 50, 60 cm, wys. 90 cm, g\u0142. 36 cm<\/p>\n<p data-start=\"68\" data-end=\"148\"><strong data-start=\"68\" data-end=\"146\">Elegancka i funkcjonalna witryna do nowoczesnej kuchni \u2013 Meble KAM KAMMONO<\/strong><\/p>\n<p data-start=\"150\" data-end=\"567\">Szafka wisz\u0105ca witryna <strong data-start=\"173\" data-end=\"189\">BWW&#8230; .1\/90<\/strong> to stylowe i praktyczne rozwi\u0105zanie, kt\u00f3re sprawdzi si\u0119 zar\u00f3wno w klasycznych, jak i nowoczesnych aran\u017cacjach kuchennych. Dzi\u0119ki subtelnemu, poziomemu przeszkleniu w dolnej cz\u0119\u015bci frontu dodaje lekko\u015bci zabudowie kuchennej, jednocze\u015bnie eksponuj\u0105c przechowywane przedmioty. To model z systemu <strong data-start=\"483\" data-end=\"504\">Meble KAM KAMMONO<\/strong>, kt\u00f3ry \u0142\u0105czy wysok\u0105 jako\u015b\u0107 wykonania z nowoczesnym designem.<\/p>\n<h3 data-start=\"569\" data-end=\"615\"><strong data-start=\"573\" data-end=\"613\">Wymiary dopasowane do Twoich potrzeb<\/strong><\/h3>\n<p data-start=\"616\" data-end=\"733\">Szafka dost\u0119pna jest w kilku wariantach szeroko\u015bci, co pozwala na jej idealne dopasowanie do uk\u0142adu mebli w kuchni.<\/p>\n<ul data-start=\"735\" data-end=\"863\">\n<li data-start=\"735\" data-end=\"762\"><strong data-start=\"737\" data-end=\"751\">Szeroko\u015b\u0107:<\/strong> 40-60 cm<\/li>\n<li data-start=\"763\" data-end=\"786\"><strong data-start=\"765\" data-end=\"778\">Wysoko\u015b\u0107:<\/strong> 90 cm<\/li>\n<li data-start=\"787\" data-end=\"811\"><strong data-start=\"789\" data-end=\"803\">G\u0142\u0119boko\u015b\u0107:<\/strong> 36 cm<\/li>\n<li data-start=\"812\" data-end=\"863\"><strong data-start=\"814\" data-end=\"824\">Front:<\/strong> cz\u0119\u015bciowo przeszklony, szk\u0142o mleczne, dedykowane do front\u00f3w <strong>P2, K2, P4, M4<\/strong><\/li>\n<\/ul>\n<p data-start=\"865\" data-end=\"1010\">Dzi\u0119ki du\u017cej pojemno\u015bci i solidnej konstrukcji szafka zapewnia wygodne przechowywanie naczy\u0144, szklanek czy dekoracyjnych akcesori\u00f3w kuchennych.<\/p>\n<h3 data-start=\"1012\" data-end=\"1054\"><strong data-start=\"1016\" data-end=\"1052\">Nowoczesne wzornictwo i trwa\u0142o\u015b\u0107 <\/strong><strong data-start=\"4\" data-end=\"64\">BWW&#8230; .1\/90<\/strong><\/h3>\n<p data-start=\"1055\" data-end=\"1186\">Szafka wykonana zosta\u0142a z wysokiej jako\u015bci materia\u0142\u00f3w, co zapewnia jej trwa\u0142o\u015b\u0107 oraz odporno\u015b\u0107 na wilgo\u0107 i codzienne u\u017cytkowanie.<\/p>\n<ul data-start=\"1188\" data-end=\"1481\">\n<li data-start=\"1188\" data-end=\"1226\"><strong data-start=\"1190\" data-end=\"1201\">Korpus:<\/strong> p\u0142yta laminowana 16 mm<\/li>\n<li data-start=\"1227\" data-end=\"1320\"><strong data-start=\"1229\" data-end=\"1239\">Front:<\/strong> szk\u0142o mleczne w dolnej cz\u0119\u015bci, reszta dopasowana do stylistyki systemu KAMMONO <strong>P2, K2, P4, M4<\/strong><\/li>\n<li data-start=\"1321\" data-end=\"1364\"><strong data-start=\"1323\" data-end=\"1335\">Zawiasy:<\/strong> solidne, z cichym domykiem<\/li>\n<li data-start=\"1365\" data-end=\"1481\"><strong data-start=\"1367\" data-end=\"1378\">Monta\u017c:<\/strong> szafka dostarczana w paczkach do samodzielnego monta\u017cu, w komplecie instrukcja i akcesoria monta\u017cowe<\/li>\n<\/ul>\n<h3 data-start=\"1483\" data-end=\"1537\"><strong data-start=\"1487\" data-end=\"1535\">Stylowa i praktyczna szafka do ka\u017cdej kuchni<\/strong><\/h3>\n<p data-start=\"1538\" data-end=\"1814\">Witryna <strong data-start=\"1546\" data-end=\"1562\">BWW&#8230; .1\/90<\/strong> to doskona\u0142y wyb\u00f3r dla os\u00f3b, kt\u00f3re chc\u0105 doda\u0107 swojej kuchni nowoczesnego charakteru, nie rezygnuj\u0105c przy tym z funkcjonalno\u015bci. Przeszklenie w dolnej cz\u0119\u015bci frontu subtelnie eksponuje wn\u0119trze szafki, dodaj\u0105c zabudowie kuchennej lekko\u015bci i elegancji.<\/p>\n<p data-start=\"1816\" data-end=\"1907\" data-is-last-node=\"\" data-is-only-node=\"\">Wybierz <strong data-start=\"1824\" data-end=\"1845\">Meble KAM KAMMONO<\/strong> i stw\u00f3rz kuchni\u0119, kt\u00f3ra zachwyca stylem i wygod\u0105 u\u017cytkowania!<\/p>\n","protected":false},"excerpt":{"rendered":"<p>Szafka wisz\u0105ca witryna <strong data-start=\"173\" data-end=\"189\">BWW&#8230; .1\/90<\/strong> to stylowe i praktyczne rozwi\u0105zanie, kt\u00f3re sprawdzi si\u0119 zar\u00f3wno w klasycznych, jak i nowoczesnych aran\u017cacjach kuchennych. Dzi\u0119ki subtelnemu, poziomemu przeszkleniu w dolnej cz\u0119\u015bci frontu dodaje lekko\u015bci zabudowie kuchennej, jednocze\u015bnie eksponuj\u0105c przechowywane przedmioty. To model z systemu <strong data-start=\"483\" data-end=\"504\">Meble KAM KAMMONO<\/strong>, kt\u00f3ry \u0142\u0105czy wysok\u0105 jako\u015b\u0107 wykonania z nowoczesnym designem.<\/p>\n","protected":false},"featured_media":63628,"template":"","meta":[],"product_brand":[710],"product_cat":[778,784,775,454,474,497,545],"product_tag":[],"class_list":{"0":"post-49284","1":"product","2":"type-product","3":"status-publish","4":"has-post-thumbnail","6":"product_brand-meble-kam","7":"product_cat-szafki-kuchenne-wiszace-sklep","8":"product_cat-witryny-kuchenne-sklep","9":"product_cat-wszystko","10":"product_cat-meble-kam-mono","11":"product_cat-szafki-wiszace","12":"product_cat-szafki-wiszace-90","13":"product_cat-szafki-wiszace-bw-glebokosc-36-cm-szafki-wiszace-90","14":"product_shipping_class-szafka-wiszaca-kam","15":"pa_front-f10","16":"pa_front-f11","17":"pa_front-f4","18":"pa_front-f6","19":"pa_front-f7","20":"pa_front-f8","21":"pa_front-fg2","22":"pa_front-k2","23":"pa_front-kc2","24":"pa_front-kc4","25":"pa_front-l4-mat","26":"pa_front-l4-polysk","27":"pa_front-m4","28":"pa_front-os_2","29":"pa_front-os_2black","30":"pa_front-p00","31":"pa_front-p2","32":"pa_front-p4","33":"pa_rozmiar-40-cm","34":"pa_rozmiar-45-cm","35":"pa_rozmiar-50-cm","36":"pa_rozmiar-60-cm","38":"first","39":"instock","40":"shipping-taxable","41":"purchasable","42":"product-type-variable"},"yoast_head":"<!-- This site is optimized with the Yoast SEO Premium plugin v25.0 (Yoast SEO v25.0) - https:\/\/yoast.com\/wordpress\/plugins\/seo\/ -->\n<title>Szafka wisz\u0105ca witryna BWW... .1\/90<\/title>\n<meta name=\"description\" content=\"Szafka wisz\u0105ca witryna BWW... .1\/90 dzi\u0119ki subtelnemu, poziomemu przeszkleniu w dolnej cz\u0119\u015bci frontu dodaje lekko\u015bci zabudowie kuchennej\" \/>\n<meta name=\"robots\" content=\"index, follow, max-snippet:-1, max-image-preview:large, max-video-preview:-1\" \/>\n<link rel=\"canonical\" href=\"https:\/\/meblekuchenne.pl\/sklep\/product\/szafka-wiszaca-witryna-bww-1-90-szer-40-60-cm-kammono\/\" \/>\n<meta property=\"og:locale\" content=\"pl_PL\" \/>\n<meta property=\"og:type\" content=\"article\" \/>\n<meta property=\"og:title\" content=\"Szafka wisz\u0105ca witryna BWW... .1\/90 - szer. 40-60 cm - KamMono\" \/>\n<meta property=\"og:description\" content=\"Szafka wisz\u0105ca witryna BWW... .1\/90 dzi\u0119ki subtelnemu, poziomemu przeszkleniu w dolnej cz\u0119\u015bci frontu dodaje lekko\u015bci zabudowie kuchennej\" \/>\n<meta property=\"og:url\" content=\"https:\/\/meblekuchenne.pl\/sklep\/product\/szafka-wiszaca-witryna-bww-1-90-szer-40-60-cm-kammono\/\" \/>\n<meta property=\"og:site_name\" content=\"MebleKuchenne.PL - SKLEP\" \/>\n<meta property=\"article:modified_time\" content=\"2026-04-01T11:22:40+00:00\" \/>\n<meta property=\"og:image\" content=\"https:\/\/meblekuchenne.pl\/sklep\/wp-content\/uploads\/2025\/02\/001-23.webp\" \/>\n\t<meta property=\"og:image:width\" content=\"1600\" \/>\n\t<meta property=\"og:image:height\" content=\"1080\" \/>\n\t<meta property=\"og:image:type\" content=\"image\/webp\" \/>\n<meta name=\"twitter:card\" content=\"summary_large_image\" \/>\n<meta name=\"twitter:label1\" content=\"Dost\u0119pno\u015b\u0107\" \/>\n\t<meta name=\"twitter:data1\" content=\"Dost\u0119pny\" \/>\n<script type=\"application\/ld+json\" class=\"yoast-schema-graph\">{\"@context\":\"https:\/\/schema.org\",\"@graph\":[{\"@type\":\"WebPage\",\"@id\":\"https:\/\/meblekuchenne.pl\/sklep\/product\/szafka-wiszaca-witryna-bww-1-90-szer-40-60-cm-kammono\/\",\"url\":\"https:\/\/meblekuchenne.pl\/sklep\/product\/szafka-wiszaca-witryna-bww-1-90-szer-40-60-cm-kammono\/\",\"name\":\"Szafka wisz\u0105ca witryna BWW... .1\/90\",\"isPartOf\":{\"@id\":\"https:\/\/meblekuchenne.pl\/sklep\/#website\"},\"primaryImageOfPage\":{\"@id\":\"https:\/\/meblekuchenne.pl\/sklep\/product\/szafka-wiszaca-witryna-bww-1-90-szer-40-60-cm-kammono\/#primaryimage\"},\"image\":{\"@id\":\"https:\/\/meblekuchenne.pl\/sklep\/product\/szafka-wiszaca-witryna-bww-1-90-szer-40-60-cm-kammono\/#primaryimage\"},\"thumbnailUrl\":\"https:\/\/meblekuchenne.pl\/sklep\/wp-content\/uploads\/2025\/02\/001-23.webp\",\"datePublished\":\"2025-02-21T18:41:47+00:00\",\"dateModified\":\"2026-04-01T11:22:40+00:00\",\"description\":\"Szafka wisz\u0105ca witryna BWW... .1\/90 dzi\u0119ki subtelnemu, poziomemu przeszkleniu w dolnej cz\u0119\u015bci frontu dodaje lekko\u015bci zabudowie kuchennej\",\"breadcrumb\":{\"@id\":\"https:\/\/meblekuchenne.pl\/sklep\/product\/szafka-wiszaca-witryna-bww-1-90-szer-40-60-cm-kammono\/#breadcrumb\"},\"inLanguage\":\"pl-PL\",\"potentialAction\":[{\"@type\":\"ReadAction\",\"target\":[\"https:\/\/meblekuchenne.pl\/sklep\/product\/szafka-wiszaca-witryna-bww-1-90-szer-40-60-cm-kammono\/\"]}]},{\"@type\":\"ImageObject\",\"inLanguage\":\"pl-PL\",\"@id\":\"https:\/\/meblekuchenne.pl\/sklep\/product\/szafka-wiszaca-witryna-bww-1-90-szer-40-60-cm-kammono\/#primaryimage\",\"url\":\"https:\/\/meblekuchenne.pl\/sklep\/wp-content\/uploads\/2025\/02\/001-23.webp\",\"contentUrl\":\"https:\/\/meblekuchenne.pl\/sklep\/wp-content\/uploads\/2025\/02\/001-23.webp\",\"width\":1600,\"height\":1080},{\"@type\":\"BreadcrumbList\",\"@id\":\"https:\/\/meblekuchenne.pl\/sklep\/product\/szafka-wiszaca-witryna-bww-1-90-szer-40-60-cm-kammono\/#breadcrumb\",\"itemListElement\":[{\"@type\":\"ListItem\",\"position\":1,\"name\":\"Strona g\u0142\u00f3wna\",\"item\":\"https:\/\/meblekuchenne.pl\/sklep\/\"},{\"@type\":\"ListItem\",\"position\":2,\"name\":\"Sklep\",\"item\":\"https:\/\/meblekuchenne.pl\/sklep\/sklep\/\"},{\"@type\":\"ListItem\",\"position\":3,\"name\":\"Szafka wisz\u0105ca witryna BWW&#8230; .1\/90 &#8211; szer. 40-60 cm &#8211; KamMono\"}]},{\"@type\":\"WebSite\",\"@id\":\"https:\/\/meblekuchenne.pl\/sklep\/#website\",\"url\":\"https:\/\/meblekuchenne.pl\/sklep\/\",\"name\":\"MebleKuchenne.PL - SKLEP\",\"description\":\"\",\"publisher\":{\"@id\":\"https:\/\/meblekuchenne.pl\/sklep\/#organization\"},\"potentialAction\":[{\"@type\":\"SearchAction\",\"target\":{\"@type\":\"EntryPoint\",\"urlTemplate\":\"https:\/\/meblekuchenne.pl\/sklep\/?s={search_term_string}\"},\"query-input\":{\"@type\":\"PropertyValueSpecification\",\"valueRequired\":true,\"valueName\":\"search_term_string\"}}],\"inLanguage\":\"pl-PL\"},{\"@type\":\"Organization\",\"@id\":\"https:\/\/meblekuchenne.pl\/sklep\/#organization\",\"name\":\"MebleKuchenne.PL - SKLEP\",\"url\":\"https:\/\/meblekuchenne.pl\/sklep\/\",\"logo\":{\"@type\":\"ImageObject\",\"inLanguage\":\"pl-PL\",\"@id\":\"https:\/\/meblekuchenne.pl\/sklep\/#\/schema\/logo\/image\/\",\"url\":\"https:\/\/meblekuchenne.pl\/sklep\/wp-content\/uploads\/2025\/06\/cropped-cropped-logo.webp\",\"contentUrl\":\"https:\/\/meblekuchenne.pl\/sklep\/wp-content\/uploads\/2025\/06\/cropped-cropped-logo.webp\",\"width\":735,\"height\":715,\"caption\":\"MebleKuchenne.PL - SKLEP\"},\"image\":{\"@id\":\"https:\/\/meblekuchenne.pl\/sklep\/#\/schema\/logo\/image\/\"}}]}<\/script>\n<meta property=\"og:availability\" content=\"instock\" \/>\n<meta property=\"product:availability\" content=\"instock\" \/>\n<meta property=\"product:retailer_item_id\" content=\"BWW.1\/90\" \/>\n<meta property=\"product:condition\" content=\"new\" \/>\n<!-- \/ Yoast SEO Premium plugin. -->","yoast_head_json":{"title":"Szafka wisz\u0105ca witryna BWW... .1\/90","description":"Szafka wisz\u0105ca witryna BWW... .1\/90 dzi\u0119ki subtelnemu, poziomemu przeszkleniu w dolnej cz\u0119\u015bci frontu dodaje lekko\u015bci zabudowie kuchennej","robots":{"index":"index","follow":"follow","max-snippet":"max-snippet:-1","max-image-preview":"max-image-preview:large","max-video-preview":"max-video-preview:-1"},"canonical":"https:\/\/meblekuchenne.pl\/sklep\/product\/szafka-wiszaca-witryna-bww-1-90-szer-40-60-cm-kammono\/","og_locale":"pl_PL","og_type":"article","og_title":"Szafka wisz\u0105ca witryna BWW... .1\/90 - szer. 40-60 cm - KamMono","og_description":"Szafka wisz\u0105ca witryna BWW... .1\/90 dzi\u0119ki subtelnemu, poziomemu przeszkleniu w dolnej cz\u0119\u015bci frontu dodaje lekko\u015bci zabudowie kuchennej","og_url":"https:\/\/meblekuchenne.pl\/sklep\/product\/szafka-wiszaca-witryna-bww-1-90-szer-40-60-cm-kammono\/","og_site_name":"MebleKuchenne.PL - SKLEP","article_modified_time":"2026-04-01T11:22:40+00:00","og_image":[{"width":1600,"height":1080,"url":"https:\/\/meblekuchenne.pl\/sklep\/wp-content\/uploads\/2025\/02\/001-23.webp","type":"image\/webp"}],"twitter_card":"summary_large_image","twitter_misc":{"Dost\u0119pno\u015b\u0107":"Dost\u0119pny"},"schema":{"@context":"https:\/\/schema.org","@graph":[{"@type":"WebPage","@id":"https:\/\/meblekuchenne.pl\/sklep\/product\/szafka-wiszaca-witryna-bww-1-90-szer-40-60-cm-kammono\/","url":"https:\/\/meblekuchenne.pl\/sklep\/product\/szafka-wiszaca-witryna-bww-1-90-szer-40-60-cm-kammono\/","name":"Szafka wisz\u0105ca witryna BWW... .1\/90","isPartOf":{"@id":"https:\/\/meblekuchenne.pl\/sklep\/#website"},"primaryImageOfPage":{"@id":"https:\/\/meblekuchenne.pl\/sklep\/product\/szafka-wiszaca-witryna-bww-1-90-szer-40-60-cm-kammono\/#primaryimage"},"image":{"@id":"https:\/\/meblekuchenne.pl\/sklep\/product\/szafka-wiszaca-witryna-bww-1-90-szer-40-60-cm-kammono\/#primaryimage"},"thumbnailUrl":"https:\/\/meblekuchenne.pl\/sklep\/wp-content\/uploads\/2025\/02\/001-23.webp","datePublished":"2025-02-21T18:41:47+00:00","dateModified":"2026-04-01T11:22:40+00:00","description":"Szafka wisz\u0105ca witryna BWW... .1\/90 dzi\u0119ki subtelnemu, poziomemu przeszkleniu w dolnej cz\u0119\u015bci frontu dodaje lekko\u015bci zabudowie kuchennej","breadcrumb":{"@id":"https:\/\/meblekuchenne.pl\/sklep\/product\/szafka-wiszaca-witryna-bww-1-90-szer-40-60-cm-kammono\/#breadcrumb"},"inLanguage":"pl-PL","potentialAction":[{"@type":"ReadAction","target":["https:\/\/meblekuchenne.pl\/sklep\/product\/szafka-wiszaca-witryna-bww-1-90-szer-40-60-cm-kammono\/"]}]},{"@type":"ImageObject","inLanguage":"pl-PL","@id":"https:\/\/meblekuchenne.pl\/sklep\/product\/szafka-wiszaca-witryna-bww-1-90-szer-40-60-cm-kammono\/#primaryimage","url":"https:\/\/meblekuchenne.pl\/sklep\/wp-content\/uploads\/2025\/02\/001-23.webp","contentUrl":"https:\/\/meblekuchenne.pl\/sklep\/wp-content\/uploads\/2025\/02\/001-23.webp","width":1600,"height":1080},{"@type":"BreadcrumbList","@id":"https:\/\/meblekuchenne.pl\/sklep\/product\/szafka-wiszaca-witryna-bww-1-90-szer-40-60-cm-kammono\/#breadcrumb","itemListElement":[{"@type":"ListItem","position":1,"name":"Strona g\u0142\u00f3wna","item":"https:\/\/meblekuchenne.pl\/sklep\/"},{"@type":"ListItem","position":2,"name":"Sklep","item":"https:\/\/meblekuchenne.pl\/sklep\/sklep\/"},{"@type":"ListItem","position":3,"name":"Szafka wisz\u0105ca witryna BWW&#8230; .1\/90 &#8211; szer. 40-60 cm &#8211; KamMono"}]},{"@type":"WebSite","@id":"https:\/\/meblekuchenne.pl\/sklep\/#website","url":"https:\/\/meblekuchenne.pl\/sklep\/","name":"MebleKuchenne.PL - SKLEP","description":"","publisher":{"@id":"https:\/\/meblekuchenne.pl\/sklep\/#organization"},"potentialAction":[{"@type":"SearchAction","target":{"@type":"EntryPoint","urlTemplate":"https:\/\/meblekuchenne.pl\/sklep\/?s={search_term_string}"},"query-input":{"@type":"PropertyValueSpecification","valueRequired":true,"valueName":"search_term_string"}}],"inLanguage":"pl-PL"},{"@type":"Organization","@id":"https:\/\/meblekuchenne.pl\/sklep\/#organization","name":"MebleKuchenne.PL - SKLEP","url":"https:\/\/meblekuchenne.pl\/sklep\/","logo":{"@type":"ImageObject","inLanguage":"pl-PL","@id":"https:\/\/meblekuchenne.pl\/sklep\/#\/schema\/logo\/image\/","url":"https:\/\/meblekuchenne.pl\/sklep\/wp-content\/uploads\/2025\/06\/cropped-cropped-logo.webp","contentUrl":"https:\/\/meblekuchenne.pl\/sklep\/wp-content\/uploads\/2025\/06\/cropped-cropped-logo.webp","width":735,"height":715,"caption":"MebleKuchenne.PL - SKLEP"},"image":{"@id":"https:\/\/meblekuchenne.pl\/sklep\/#\/schema\/logo\/image\/"}}]},"og_availability":"instock","product_availability":"instock","product_retailer_item_id":"BWW.1\/90","product_condition":"new"},"_links":{"self":[{"href":"https:\/\/meblekuchenne.pl\/sklep\/wp-json\/wp\/v2\/product\/49284","targetHints":{"allow":["GET"]}}],"collection":[{"href":"https:\/\/meblekuchenne.pl\/sklep\/wp-json\/wp\/v2\/product"}],"about":[{"href":"https:\/\/meblekuchenne.pl\/sklep\/wp-json\/wp\/v2\/types\/product"}],"wp:featuredmedia":[{"embeddable":true,"href":"https:\/\/meblekuchenne.pl\/sklep\/wp-json\/wp\/v2\/media\/63628"}],"wp:attachment":[{"href":"https:\/\/meblekuchenne.pl\/sklep\/wp-json\/wp\/v2\/media?parent=49284"}],"wp:term":[{"taxonomy":"product_brand","embeddable":true,"href":"https:\/\/meblekuchenne.pl\/sklep\/wp-json\/wp\/v2\/product_brand?post=49284"},{"taxonomy":"product_cat","embeddable":true,"href":"https:\/\/meblekuchenne.pl\/sklep\/wp-json\/wp\/v2\/product_cat?post=49284"},{"taxonomy":"product_tag","embeddable":true,"href":"https:\/\/meblekuchenne.pl\/sklep\/wp-json\/wp\/v2\/product_tag?post=49284"}],"curies":[{"name":"wp","href":"https:\/\/api.w.org\/{rel}","templated":true}]}}