{"id":49283,"date":"2025-02-21T19:41:47","date_gmt":"2025-02-21T18:41:47","guid":{"rendered":"https:\/\/meblekuchenne.pl\/sklep\/?post_type=product&#038;p=49283"},"modified":"2026-03-31T13:08:26","modified_gmt":"2026-03-31T11:08:26","slug":"szafka-wiszaca-gleboka-specjalna-bw41-59-1-90_spec-szer-co-1-cm-kammono","status":"publish","type":"product","link":"https:\/\/meblekuchenne.pl\/sklep\/product\/szafka-wiszaca-gleboka-specjalna-bw41-59-1-90_spec-szer-co-1-cm-kammono\/","title":{"rendered":"Szafka wisz\u0105ca g\u0142\u0119boka specjalna BW41-59.1\/90_SPEC &#8211; szer. co 1 cm &#8211; KamMono"},"content":{"rendered":"<h3 data-start=\"0\" data-end=\"76\">Szafka wisz\u0105ca g\u0142\u0119boka specjalna BW41-59.1\/90_SPEC \u2013 szeroko\u015b\u0107 co 1 cm<\/h3>\n<p>Szafka wisz\u0105ca specjalna \u2013 szer. co 1 cm w zakresie 41-59 cm, wys. 90 cm, g\u0142. 36 cm<\/p>\n<p data-start=\"78\" data-end=\"143\"><strong data-start=\"78\" data-end=\"141\">Maksymalne dopasowanie do Twojej kuchni \u2013 Meble KAM KAMMONO<\/strong><\/p>\n<p data-start=\"145\" data-end=\"568\">Szafka wisz\u0105ca g\u0142\u0119boka BW41-59.1\/90_SPEC to wyj\u0105tkowo funkcjonalne rozwi\u0105zanie, kt\u00f3re pozwala na optymalne zagospodarowanie przestrzeni w nowoczesnej zabudowie kuchennej. Dzi\u0119ki mo\u017cliwo\u015bci wyboru szeroko\u015bci co 1 cm (w zakresie od 41 do 59 cm) doskonale sprawdzi si\u0119 w ka\u017cdej kuchni, niezale\u017cnie od jej uk\u0142adu i rozmiaru. To element systemu <strong data-start=\"485\" data-end=\"506\">Meble KAM KAMMONO<\/strong>, kt\u00f3ry \u0142\u0105czy estetyk\u0119 z praktycznym wykorzystaniem miejsca.<\/p>\n<h3 data-start=\"570\" data-end=\"612\"><strong data-start=\"574\" data-end=\"610\">Idealne wymiary do Twojej kuchni<\/strong><\/h3>\n<p data-start=\"613\" data-end=\"730\">Szafka zosta\u0142a zaprojektowana z my\u015bl\u0105 o maksymalnym komforcie u\u017cytkowania i dostosowaniu do indywidualnych potrzeb.<\/p>\n<ul data-start=\"732\" data-end=\"878\">\n<li data-start=\"732\" data-end=\"795\"><strong data-start=\"734\" data-end=\"748\">Szeroko\u015b\u0107:<\/strong> mo\u017cliwo\u015b\u0107 wyboru co 1 cm w zakresie 41-59 cm<\/li>\n<li data-start=\"796\" data-end=\"819\"><strong data-start=\"798\" data-end=\"811\">Wysoko\u015b\u0107:<\/strong> 90 cm<\/li>\n<li data-start=\"820\" data-end=\"844\"><strong data-start=\"822\" data-end=\"836\">G\u0142\u0119boko\u015b\u0107:<\/strong> 36 cm<\/li>\n<li data-start=\"845\" data-end=\"878\"><strong data-start=\"847\" data-end=\"857\">Front:<\/strong> pe\u0142ny, jeden front<\/li>\n<\/ul>\n<p data-start=\"880\" data-end=\"1029\">Dzi\u0119ki swojej g\u0142\u0119boko\u015bci szafka zapewnia du\u017c\u0105 pojemno\u015b\u0107, umo\u017cliwiaj\u0105c wygodne przechowywanie naczy\u0144, akcesori\u00f3w kuchennych i produkt\u00f3w spo\u017cywczych.<\/p>\n<h3 data-start=\"1031\" data-end=\"1079\"><strong data-start=\"1035\" data-end=\"1077\">Solidna konstrukcja i elegancki design <\/strong>BW41-59.1\/90_SPEC<\/h3>\n<p data-start=\"1080\" data-end=\"1225\">Szafka wisz\u0105ca g\u0142\u0119boka specjalna BW41-59.1\/90_SPEC zosta\u0142a wykonana z wysokiej jako\u015bci materia\u0142\u00f3w, co zapewnia jej trwa\u0142o\u015b\u0107 i odporno\u015b\u0107 na codzienne u\u017cytkowanie.<\/p>\n<ul data-start=\"1227\" data-end=\"1503\">\n<li data-start=\"1227\" data-end=\"1276\"><strong data-start=\"1229\" data-end=\"1240\">Korpus:<\/strong> p\u0142yta laminowana o grubo\u015bci 16 mm<\/li>\n<li data-start=\"1277\" data-end=\"1388\"><strong data-start=\"1279\" data-end=\"1289\">Front:<\/strong> dopasowany do stylistyki systemu KAMMONO, mo\u017cliwo\u015b\u0107 wyboru spo\u015br\u00f3d r\u00f3\u017cnych wariant\u00f3w wyko\u0144czenia<\/li>\n<li data-start=\"1389\" data-end=\"1503\"><strong data-start=\"1391\" data-end=\"1402\">Monta\u017c:<\/strong> szafka dostarczana w paczkach do samodzielnego monta\u017cu, instrukcja i elementy monta\u017cowe w zestawie<\/li>\n<\/ul>\n<h3 data-start=\"1505\" data-end=\"1561\"><strong data-start=\"1509\" data-end=\"1559\">Funkcjonalno\u015b\u0107 i estetyka w nowoczesnej kuchni<\/strong><\/h3>\n<p data-start=\"1562\" data-end=\"1791\">Szafka wisz\u0105ca g\u0142\u0119boka BW41-59.1\/90_SPEC to doskona\u0142e rozwi\u0105zanie dla os\u00f3b, kt\u00f3re ceni\u0105 sobie ergonomiczne wykorzystanie przestrzeni. Dzi\u0119ki szerokiemu wyborowi szeroko\u015bci pozwala stworzy\u0107 idealnie dopasowan\u0105 zabudow\u0119 kuchenn\u0105.<\/p>\n<p data-start=\"1793\" data-end=\"1976\" data-is-last-node=\"\" data-is-only-node=\"\">Je\u015bli szukasz funkcjonalnych i estetycznych mebli, kt\u00f3re zapewni\u0105 wygod\u0119 u\u017cytkowania i elegancki wygl\u0105d kuchni, wybierz <strong data-start=\"1913\" data-end=\"1934\">Meble KAM KAMMONO<\/strong> \u2013 system, kt\u00f3ry spe\u0142ni Twoje oczekiwania.<\/p>\n","protected":false},"excerpt":{"rendered":"<p>Szafka wisz\u0105ca g\u0142\u0119boka BW41-59.1\/90_SPEC to wyj\u0105tkowo funkcjonalne rozwi\u0105zanie, kt\u00f3re pozwala na optymalne zagospodarowanie przestrzeni w nowoczesnej zabudowie kuchennej. Dzi\u0119ki mo\u017cliwo\u015bci wyboru szeroko\u015bci co 1 cm (w zakresie od 41 do 59 cm) doskonale sprawdzi si\u0119 w ka\u017cdej kuchni, niezale\u017cnie od jej uk\u0142adu i rozmiaru. To element systemu <strong data-start=\"485\" data-end=\"506\">Meble KAM KAMMONO<\/strong>, kt\u00f3ry \u0142\u0105czy estetyk\u0119 z praktycznym wykorzystaniem miejsca.<\/p>\n","protected":false},"featured_media":60086,"template":"","meta":[],"product_brand":[710],"product_cat":[778,775,454,474,497,545],"product_tag":[],"class_list":{"0":"post-49283","1":"product","2":"type-product","3":"status-publish","4":"has-post-thumbnail","6":"product_brand-meble-kam","7":"product_cat-szafki-kuchenne-wiszace-sklep","8":"product_cat-wszystko","9":"product_cat-meble-kam-mono","10":"product_cat-szafki-wiszace","11":"product_cat-szafki-wiszace-90","12":"product_cat-szafki-wiszace-bw-glebokosc-36-cm-szafki-wiszace-90","13":"product_shipping_class-szafka-wiszaca-kam","14":"pa_front-f10","15":"pa_front-f11","16":"pa_front-f4","17":"pa_front-f6","18":"pa_front-f7","19":"pa_front-f8","20":"pa_front-fg2","21":"pa_front-k2","22":"pa_front-kc2","23":"pa_front-kc4","24":"pa_front-l4-mat","25":"pa_front-l4-polysk","26":"pa_front-m4","27":"pa_front-os_2","28":"pa_front-os_2black","29":"pa_front-p00","30":"pa_front-p2","31":"pa_front-p4","33":"first","34":"instock","35":"shipping-taxable","36":"purchasable","37":"product-type-variable"},"yoast_head":"<!-- This site is optimized with the Yoast SEO Premium plugin v25.0 (Yoast SEO v25.0) - https:\/\/yoast.com\/wordpress\/plugins\/seo\/ -->\n<title>Szafka wisz\u0105ca g\u0142\u0119boka specjalna BW41-59.1\/90_SPEC<\/title>\n<meta name=\"description\" content=\"Szafka wisz\u0105ca g\u0142\u0119boka specjalna BW41-59.1\/90_SPEC to rozwi\u0105zanie, kt\u00f3re pozwala na optymalne zagospodarowanie przestrzeni nowoczesnej zabudowy kuchennej.\" \/>\n<meta name=\"robots\" content=\"index, follow, max-snippet:-1, max-image-preview:large, max-video-preview:-1\" \/>\n<link rel=\"canonical\" href=\"https:\/\/meblekuchenne.pl\/sklep\/product\/szafka-wiszaca-gleboka-specjalna-bw41-59-1-90_spec-szer-co-1-cm-kammono\/\" \/>\n<meta property=\"og:locale\" content=\"pl_PL\" \/>\n<meta property=\"og:type\" content=\"article\" \/>\n<meta property=\"og:title\" content=\"Szafka wisz\u0105ca g\u0142\u0119boka specjalna BW41-59.1\/90_SPEC - szer. co 1 cm - KamMono\" \/>\n<meta property=\"og:description\" content=\"Szafka wisz\u0105ca g\u0142\u0119boka specjalna BW41-59.1\/90_SPEC to rozwi\u0105zanie, kt\u00f3re pozwala na optymalne zagospodarowanie przestrzeni nowoczesnej zabudowy kuchennej.\" \/>\n<meta property=\"og:url\" content=\"https:\/\/meblekuchenne.pl\/sklep\/product\/szafka-wiszaca-gleboka-specjalna-bw41-59-1-90_spec-szer-co-1-cm-kammono\/\" \/>\n<meta property=\"og:site_name\" content=\"MebleKuchenne.PL - SKLEP\" \/>\n<meta property=\"article:modified_time\" content=\"2026-03-31T11:08:26+00:00\" \/>\n<meta property=\"og:image\" content=\"https:\/\/meblekuchenne.pl\/sklep\/wp-content\/uploads\/2025\/02\/w-.1-90-spec.webp\" \/>\n\t<meta property=\"og:image:width\" content=\"1600\" \/>\n\t<meta property=\"og:image:height\" content=\"1080\" \/>\n\t<meta property=\"og:image:type\" content=\"image\/webp\" \/>\n<meta name=\"twitter:card\" content=\"summary_large_image\" \/>\n<meta name=\"twitter:label1\" content=\"Dost\u0119pno\u015b\u0107\" \/>\n\t<meta name=\"twitter:data1\" content=\"Dost\u0119pny\" \/>\n<script type=\"application\/ld+json\" class=\"yoast-schema-graph\">{\"@context\":\"https:\/\/schema.org\",\"@graph\":[{\"@type\":\"WebPage\",\"@id\":\"https:\/\/meblekuchenne.pl\/sklep\/product\/szafka-wiszaca-gleboka-specjalna-bw41-59-1-90_spec-szer-co-1-cm-kammono\/\",\"url\":\"https:\/\/meblekuchenne.pl\/sklep\/product\/szafka-wiszaca-gleboka-specjalna-bw41-59-1-90_spec-szer-co-1-cm-kammono\/\",\"name\":\"Szafka wisz\u0105ca g\u0142\u0119boka specjalna BW41-59.1\/90_SPEC\",\"isPartOf\":{\"@id\":\"https:\/\/meblekuchenne.pl\/sklep\/#website\"},\"primaryImageOfPage\":{\"@id\":\"https:\/\/meblekuchenne.pl\/sklep\/product\/szafka-wiszaca-gleboka-specjalna-bw41-59-1-90_spec-szer-co-1-cm-kammono\/#primaryimage\"},\"image\":{\"@id\":\"https:\/\/meblekuchenne.pl\/sklep\/product\/szafka-wiszaca-gleboka-specjalna-bw41-59-1-90_spec-szer-co-1-cm-kammono\/#primaryimage\"},\"thumbnailUrl\":\"https:\/\/meblekuchenne.pl\/sklep\/wp-content\/uploads\/2025\/02\/w-.1-90-spec.webp\",\"datePublished\":\"2025-02-21T18:41:47+00:00\",\"dateModified\":\"2026-03-31T11:08:26+00:00\",\"description\":\"Szafka wisz\u0105ca g\u0142\u0119boka specjalna BW41-59.1\/90_SPEC to rozwi\u0105zanie, kt\u00f3re pozwala na optymalne zagospodarowanie przestrzeni nowoczesnej zabudowy kuchennej.\",\"breadcrumb\":{\"@id\":\"https:\/\/meblekuchenne.pl\/sklep\/product\/szafka-wiszaca-gleboka-specjalna-bw41-59-1-90_spec-szer-co-1-cm-kammono\/#breadcrumb\"},\"inLanguage\":\"pl-PL\",\"potentialAction\":[{\"@type\":\"ReadAction\",\"target\":[\"https:\/\/meblekuchenne.pl\/sklep\/product\/szafka-wiszaca-gleboka-specjalna-bw41-59-1-90_spec-szer-co-1-cm-kammono\/\"]}]},{\"@type\":\"ImageObject\",\"inLanguage\":\"pl-PL\",\"@id\":\"https:\/\/meblekuchenne.pl\/sklep\/product\/szafka-wiszaca-gleboka-specjalna-bw41-59-1-90_spec-szer-co-1-cm-kammono\/#primaryimage\",\"url\":\"https:\/\/meblekuchenne.pl\/sklep\/wp-content\/uploads\/2025\/02\/w-.1-90-spec.webp\",\"contentUrl\":\"https:\/\/meblekuchenne.pl\/sklep\/wp-content\/uploads\/2025\/02\/w-.1-90-spec.webp\",\"width\":1600,\"height\":1080},{\"@type\":\"BreadcrumbList\",\"@id\":\"https:\/\/meblekuchenne.pl\/sklep\/product\/szafka-wiszaca-gleboka-specjalna-bw41-59-1-90_spec-szer-co-1-cm-kammono\/#breadcrumb\",\"itemListElement\":[{\"@type\":\"ListItem\",\"position\":1,\"name\":\"Strona g\u0142\u00f3wna\",\"item\":\"https:\/\/meblekuchenne.pl\/sklep\/\"},{\"@type\":\"ListItem\",\"position\":2,\"name\":\"Sklep\",\"item\":\"https:\/\/meblekuchenne.pl\/sklep\/sklep\/\"},{\"@type\":\"ListItem\",\"position\":3,\"name\":\"Szafka wisz\u0105ca g\u0142\u0119boka specjalna BW41-59.1\/90_SPEC &#8211; szer. co 1 cm &#8211; KamMono\"}]},{\"@type\":\"WebSite\",\"@id\":\"https:\/\/meblekuchenne.pl\/sklep\/#website\",\"url\":\"https:\/\/meblekuchenne.pl\/sklep\/\",\"name\":\"MebleKuchenne.PL - SKLEP\",\"description\":\"\",\"publisher\":{\"@id\":\"https:\/\/meblekuchenne.pl\/sklep\/#organization\"},\"potentialAction\":[{\"@type\":\"SearchAction\",\"target\":{\"@type\":\"EntryPoint\",\"urlTemplate\":\"https:\/\/meblekuchenne.pl\/sklep\/?s={search_term_string}\"},\"query-input\":{\"@type\":\"PropertyValueSpecification\",\"valueRequired\":true,\"valueName\":\"search_term_string\"}}],\"inLanguage\":\"pl-PL\"},{\"@type\":\"Organization\",\"@id\":\"https:\/\/meblekuchenne.pl\/sklep\/#organization\",\"name\":\"MebleKuchenne.PL - SKLEP\",\"url\":\"https:\/\/meblekuchenne.pl\/sklep\/\",\"logo\":{\"@type\":\"ImageObject\",\"inLanguage\":\"pl-PL\",\"@id\":\"https:\/\/meblekuchenne.pl\/sklep\/#\/schema\/logo\/image\/\",\"url\":\"https:\/\/meblekuchenne.pl\/sklep\/wp-content\/uploads\/2025\/06\/cropped-cropped-logo.webp\",\"contentUrl\":\"https:\/\/meblekuchenne.pl\/sklep\/wp-content\/uploads\/2025\/06\/cropped-cropped-logo.webp\",\"width\":735,\"height\":715,\"caption\":\"MebleKuchenne.PL - SKLEP\"},\"image\":{\"@id\":\"https:\/\/meblekuchenne.pl\/sklep\/#\/schema\/logo\/image\/\"}}]}<\/script>\n<meta property=\"og:availability\" content=\"instock\" \/>\n<meta property=\"product:availability\" content=\"instock\" \/>\n<meta property=\"product:retailer_item_id\" content=\"BW41-59.1\/90_SPEC\" \/>\n<meta property=\"product:condition\" content=\"new\" \/>\n<!-- \/ Yoast SEO Premium plugin. -->","yoast_head_json":{"title":"Szafka wisz\u0105ca g\u0142\u0119boka specjalna BW41-59.1\/90_SPEC","description":"Szafka wisz\u0105ca g\u0142\u0119boka specjalna BW41-59.1\/90_SPEC to rozwi\u0105zanie, kt\u00f3re pozwala na optymalne zagospodarowanie przestrzeni nowoczesnej zabudowy kuchennej.","robots":{"index":"index","follow":"follow","max-snippet":"max-snippet:-1","max-image-preview":"max-image-preview:large","max-video-preview":"max-video-preview:-1"},"canonical":"https:\/\/meblekuchenne.pl\/sklep\/product\/szafka-wiszaca-gleboka-specjalna-bw41-59-1-90_spec-szer-co-1-cm-kammono\/","og_locale":"pl_PL","og_type":"article","og_title":"Szafka wisz\u0105ca g\u0142\u0119boka specjalna BW41-59.1\/90_SPEC - szer. co 1 cm - KamMono","og_description":"Szafka wisz\u0105ca g\u0142\u0119boka specjalna BW41-59.1\/90_SPEC to rozwi\u0105zanie, kt\u00f3re pozwala na optymalne zagospodarowanie przestrzeni nowoczesnej zabudowy kuchennej.","og_url":"https:\/\/meblekuchenne.pl\/sklep\/product\/szafka-wiszaca-gleboka-specjalna-bw41-59-1-90_spec-szer-co-1-cm-kammono\/","og_site_name":"MebleKuchenne.PL - SKLEP","article_modified_time":"2026-03-31T11:08:26+00:00","og_image":[{"width":1600,"height":1080,"url":"https:\/\/meblekuchenne.pl\/sklep\/wp-content\/uploads\/2025\/02\/w-.1-90-spec.webp","type":"image\/webp"}],"twitter_card":"summary_large_image","twitter_misc":{"Dost\u0119pno\u015b\u0107":"Dost\u0119pny"},"schema":{"@context":"https:\/\/schema.org","@graph":[{"@type":"WebPage","@id":"https:\/\/meblekuchenne.pl\/sklep\/product\/szafka-wiszaca-gleboka-specjalna-bw41-59-1-90_spec-szer-co-1-cm-kammono\/","url":"https:\/\/meblekuchenne.pl\/sklep\/product\/szafka-wiszaca-gleboka-specjalna-bw41-59-1-90_spec-szer-co-1-cm-kammono\/","name":"Szafka wisz\u0105ca g\u0142\u0119boka specjalna BW41-59.1\/90_SPEC","isPartOf":{"@id":"https:\/\/meblekuchenne.pl\/sklep\/#website"},"primaryImageOfPage":{"@id":"https:\/\/meblekuchenne.pl\/sklep\/product\/szafka-wiszaca-gleboka-specjalna-bw41-59-1-90_spec-szer-co-1-cm-kammono\/#primaryimage"},"image":{"@id":"https:\/\/meblekuchenne.pl\/sklep\/product\/szafka-wiszaca-gleboka-specjalna-bw41-59-1-90_spec-szer-co-1-cm-kammono\/#primaryimage"},"thumbnailUrl":"https:\/\/meblekuchenne.pl\/sklep\/wp-content\/uploads\/2025\/02\/w-.1-90-spec.webp","datePublished":"2025-02-21T18:41:47+00:00","dateModified":"2026-03-31T11:08:26+00:00","description":"Szafka wisz\u0105ca g\u0142\u0119boka specjalna BW41-59.1\/90_SPEC to rozwi\u0105zanie, kt\u00f3re pozwala na optymalne zagospodarowanie przestrzeni nowoczesnej zabudowy kuchennej.","breadcrumb":{"@id":"https:\/\/meblekuchenne.pl\/sklep\/product\/szafka-wiszaca-gleboka-specjalna-bw41-59-1-90_spec-szer-co-1-cm-kammono\/#breadcrumb"},"inLanguage":"pl-PL","potentialAction":[{"@type":"ReadAction","target":["https:\/\/meblekuchenne.pl\/sklep\/product\/szafka-wiszaca-gleboka-specjalna-bw41-59-1-90_spec-szer-co-1-cm-kammono\/"]}]},{"@type":"ImageObject","inLanguage":"pl-PL","@id":"https:\/\/meblekuchenne.pl\/sklep\/product\/szafka-wiszaca-gleboka-specjalna-bw41-59-1-90_spec-szer-co-1-cm-kammono\/#primaryimage","url":"https:\/\/meblekuchenne.pl\/sklep\/wp-content\/uploads\/2025\/02\/w-.1-90-spec.webp","contentUrl":"https:\/\/meblekuchenne.pl\/sklep\/wp-content\/uploads\/2025\/02\/w-.1-90-spec.webp","width":1600,"height":1080},{"@type":"BreadcrumbList","@id":"https:\/\/meblekuchenne.pl\/sklep\/product\/szafka-wiszaca-gleboka-specjalna-bw41-59-1-90_spec-szer-co-1-cm-kammono\/#breadcrumb","itemListElement":[{"@type":"ListItem","position":1,"name":"Strona g\u0142\u00f3wna","item":"https:\/\/meblekuchenne.pl\/sklep\/"},{"@type":"ListItem","position":2,"name":"Sklep","item":"https:\/\/meblekuchenne.pl\/sklep\/sklep\/"},{"@type":"ListItem","position":3,"name":"Szafka wisz\u0105ca g\u0142\u0119boka specjalna BW41-59.1\/90_SPEC &#8211; szer. co 1 cm &#8211; KamMono"}]},{"@type":"WebSite","@id":"https:\/\/meblekuchenne.pl\/sklep\/#website","url":"https:\/\/meblekuchenne.pl\/sklep\/","name":"MebleKuchenne.PL - SKLEP","description":"","publisher":{"@id":"https:\/\/meblekuchenne.pl\/sklep\/#organization"},"potentialAction":[{"@type":"SearchAction","target":{"@type":"EntryPoint","urlTemplate":"https:\/\/meblekuchenne.pl\/sklep\/?s={search_term_string}"},"query-input":{"@type":"PropertyValueSpecification","valueRequired":true,"valueName":"search_term_string"}}],"inLanguage":"pl-PL"},{"@type":"Organization","@id":"https:\/\/meblekuchenne.pl\/sklep\/#organization","name":"MebleKuchenne.PL - SKLEP","url":"https:\/\/meblekuchenne.pl\/sklep\/","logo":{"@type":"ImageObject","inLanguage":"pl-PL","@id":"https:\/\/meblekuchenne.pl\/sklep\/#\/schema\/logo\/image\/","url":"https:\/\/meblekuchenne.pl\/sklep\/wp-content\/uploads\/2025\/06\/cropped-cropped-logo.webp","contentUrl":"https:\/\/meblekuchenne.pl\/sklep\/wp-content\/uploads\/2025\/06\/cropped-cropped-logo.webp","width":735,"height":715,"caption":"MebleKuchenne.PL - SKLEP"},"image":{"@id":"https:\/\/meblekuchenne.pl\/sklep\/#\/schema\/logo\/image\/"}}]},"og_availability":"instock","product_availability":"instock","product_retailer_item_id":"BW41-59.1\/90_SPEC","product_condition":"new"},"_links":{"self":[{"href":"https:\/\/meblekuchenne.pl\/sklep\/wp-json\/wp\/v2\/product\/49283","targetHints":{"allow":["GET"]}}],"collection":[{"href":"https:\/\/meblekuchenne.pl\/sklep\/wp-json\/wp\/v2\/product"}],"about":[{"href":"https:\/\/meblekuchenne.pl\/sklep\/wp-json\/wp\/v2\/types\/product"}],"wp:featuredmedia":[{"embeddable":true,"href":"https:\/\/meblekuchenne.pl\/sklep\/wp-json\/wp\/v2\/media\/60086"}],"wp:attachment":[{"href":"https:\/\/meblekuchenne.pl\/sklep\/wp-json\/wp\/v2\/media?parent=49283"}],"wp:term":[{"taxonomy":"product_brand","embeddable":true,"href":"https:\/\/meblekuchenne.pl\/sklep\/wp-json\/wp\/v2\/product_brand?post=49283"},{"taxonomy":"product_cat","embeddable":true,"href":"https:\/\/meblekuchenne.pl\/sklep\/wp-json\/wp\/v2\/product_cat?post=49283"},{"taxonomy":"product_tag","embeddable":true,"href":"https:\/\/meblekuchenne.pl\/sklep\/wp-json\/wp\/v2\/product_tag?post=49283"}],"curies":[{"name":"wp","href":"https:\/\/api.w.org\/{rel}","templated":true}]}}