{"id":47483,"date":"2025-02-21T19:21:00","date_gmt":"2025-02-21T18:21:00","guid":{"rendered":"https:\/\/meblekuchenne.pl\/sklep\/?post_type=product&#038;p=47483"},"modified":"2026-04-01T13:22:46","modified_gmt":"2026-04-01T11:22:46","slug":"szafka-wiszaca-gleboka-bww-1-61-szer-40-60-cm-witryna-kammono","status":"publish","type":"product","link":"https:\/\/meblekuchenne.pl\/sklep\/product\/szafka-wiszaca-gleboka-bww-1-61-szer-40-60-cm-witryna-kammono\/","title":{"rendered":"Szafka wisz\u0105ca g\u0142\u0119boka BWW&#8230; .1\/61 &#8211; szer. 40-60 cm &#8211; witryna &#8211; KamMono"},"content":{"rendered":"<h2 data-start=\"0\" data-end=\"55\"><strong data-start=\"4\" data-end=\"53\">Szafka wisz\u0105ca g\u0142\u0119boka BWW&#8230; .1\/61 \u2013 witryna<\/strong><\/h2>\n<p>Szafka z witryn\u0105 &#8211; szer. 40, 45, 50, 60 cm, wys. 61 cm, g\u0142. 36 cm<\/p>\n<p data-start=\"57\" data-end=\"444\">Szafka wisz\u0105ca <strong data-start=\"72\" data-end=\"98\">BWW&#8230; .1\/61 \u2013 witryna<\/strong> to po\u0142\u0105czenie nowoczesnej funkcjonalno\u015bci z eleganckim wygl\u0105dem. Dzi\u0119ki przeszkleniu w drzwiach wnosi do kuchni lekko\u015b\u0107 i styl, a jednocze\u015bnie pozwala na wyeksponowanie zastawy sto\u0142owej czy dekoracyjnych akcesori\u00f3w. Produkt jest cz\u0119\u015bci\u0105 systemu <strong data-start=\"344\" data-end=\"355\">KAMMONO<\/strong> od <strong data-start=\"359\" data-end=\"372\">Meble KAM<\/strong>, co gwarantuje idealne dopasowanie do pozosta\u0142ych element\u00f3w zabudowy.<\/p>\n<h3 data-start=\"451\" data-end=\"481\"><strong data-start=\"455\" data-end=\"479\">Najwa\u017cniejsze cechy <\/strong><strong data-start=\"1503\" data-end=\"1559\">BWW&#8230; .1\/61<\/strong><strong data-start=\"455\" data-end=\"479\">:<\/strong><\/h3>\n<ul data-start=\"483\" data-end=\"987\">\n<li data-start=\"483\" data-end=\"553\"><strong data-start=\"485\" data-end=\"507\">Nowoczesna witryna<\/strong> \u2013 przeszklenie dodaje lekko\u015bci i elegancji.<\/li>\n<li data-start=\"554\" data-end=\"666\"><strong data-start=\"556\" data-end=\"587\">G\u0142\u0119bsza konstrukcja (36 cm)<\/strong> \u2013 zapewnia wi\u0119ksz\u0105 pojemno\u015b\u0107 w por\u00f3wnaniu do standardowych szafek wisz\u0105cych.<\/li>\n<li data-start=\"667\" data-end=\"773\"><strong data-start=\"669\" data-end=\"720\">Dost\u0119pne szeroko\u015bci: 40 cm, 45 cm, 50 cm, 60 cm<\/strong> \u2013 mo\u017cliwo\u015b\u0107 dopasowania do r\u00f3\u017cnych uk\u0142ad\u00f3w kuchni.<\/li>\n<li data-start=\"774\" data-end=\"854\"><strong data-start=\"776\" data-end=\"795\">Wysoko\u015b\u0107: 61 cm<\/strong> \u2013 standardowy wymiar pozwalaj\u0105cy na wygodne u\u017cytkowanie.<\/li>\n<li data-start=\"855\" data-end=\"933\"><strong data-start=\"857\" data-end=\"878\">Solidne wykonanie<\/strong> \u2013 trwa\u0142e materia\u0142y odporne na codzienne u\u017cytkowanie.<\/li>\n<li data-start=\"934\" data-end=\"987\"><strong data-start=\"936\" data-end=\"952\">\u0141atwy monta\u017c<\/strong> \u2013 intuicyjny system zawieszania.<\/li>\n<\/ul>\n<h3 data-start=\"994\" data-end=\"1057\"><strong data-start=\"998\" data-end=\"1055\">Rodzaj przeszklenia w zale\u017cno\u015bci od wybranego frontu:<\/strong><\/h3>\n<p data-start=\"1059\" data-end=\"1088\"><strong data-start=\"1061\" data-end=\"1086\">Fronty P2, K2, P4, M4<\/strong><\/p>\n<ul data-start=\"1089\" data-end=\"1222\">\n<li data-start=\"1089\" data-end=\"1163\">Przeszklenie w formie poziomego, w\u0105skiego pasa w dolnej cz\u0119\u015bci frontu.<\/li>\n<li data-start=\"1164\" data-end=\"1222\">Szk\u0142o mleczne zapewniaj\u0105ce subtelny efekt dekoracyjny.<\/li>\n<\/ul>\n<p><strong data-start=\"1226\" data-end=\"1247\">Fronty F4, F7, F8<\/strong><\/p>\n<ul data-start=\"1250\" data-end=\"1362\">\n<li data-start=\"1250\" data-end=\"1308\">Du\u017ca cz\u0119\u015b\u0107 frontu przeszklona, poprzecinana szprosami.<\/li>\n<li data-start=\"1309\" data-end=\"1362\">Mo\u017cliwo\u015b\u0107 wyboru szk\u0142a mlecznego lub bezbarwnego.<\/li>\n<\/ul>\n<p data-start=\"1364\" data-end=\"1390\"><strong data-start=\"1366\" data-end=\"1388\">Fronty F6, F11, L4<\/strong><\/p>\n<ul data-start=\"1391\" data-end=\"1492\">\n<li data-start=\"1391\" data-end=\"1448\">Du\u017ce przeszklenie na niemal ca\u0142ej powierzchni frontu.<\/li>\n<li data-start=\"1449\" data-end=\"1492\">Szk\u0142o do wyboru: mleczne lub bezbarwne.<\/li>\n<\/ul>\n<h3 data-start=\"1499\" data-end=\"1561\"><strong data-start=\"1503\" data-end=\"1559\">Dlaczego warto wybra\u0107 szafk\u0119 BWW&#8230; .1\/61 \u2013 witryna?<\/strong><\/h3>\n<ol data-start=\"1563\" data-end=\"1876\">\n<li data-start=\"1563\" data-end=\"1635\"><strong data-start=\"1566\" data-end=\"1586\">Elegancki design<\/strong> \u2013 przeszklenie dodaje nowoczesnego charakteru.<\/li>\n<li data-start=\"1636\" data-end=\"1720\"><strong data-start=\"1639\" data-end=\"1665\">Wi\u0119ksza funkcjonalno\u015b\u0107<\/strong> \u2013 g\u0142\u0119boko\u015b\u0107 36 cm pozwala na wygodne przechowywanie.<\/li>\n<li data-start=\"1721\" data-end=\"1792\"><strong data-start=\"1724\" data-end=\"1757\">Dopasowanie do r\u00f3\u017cnych styl\u00f3w<\/strong> \u2013 szeroki wyb\u00f3r front\u00f3w i szk\u0142a.<\/li>\n<li data-start=\"1793\" data-end=\"1876\"><strong data-start=\"1796\" data-end=\"1827\">Sp\u00f3jno\u015b\u0107 z systemem KAMMONO<\/strong> \u2013 gwarancja harmonijnego wygl\u0105du ca\u0142ej kuchni.<\/li>\n<\/ol>\n<h3 data-start=\"1883\" data-end=\"1940\"><strong data-start=\"1887\" data-end=\"1938\">Stylowa i funkcjonalna witryna do Twojej kuchni<\/strong><\/h3>\n<p data-start=\"1942\" data-end=\"2195\" data-is-last-node=\"\" data-is-only-node=\"\">Szafka wisz\u0105ca g\u0142\u0119boka <strong data-start=\"1965\" data-end=\"1991\">BWW&#8230; .1\/61 \u2013 witryna<\/strong> to doskona\u0142e rozwi\u0105zanie dla os\u00f3b, kt\u00f3re ceni\u0105 zar\u00f3wno estetyk\u0119, jak i funkcjonalno\u015b\u0107. Dzi\u0119ki r\u00f3\u017cnym wariantom przeszklenia oraz dopasowaniu do systemu <strong data-start=\"2144\" data-end=\"2155\">KAMMONO<\/strong>, \u015bwietnie sprawdzi si\u0119 w ka\u017cdej kuchni.<\/p>\n","protected":false},"excerpt":{"rendered":"<p>Szafka wisz\u0105ca <strong data-start=\"72\" data-end=\"98\">BWW&#8230; .1\/61 \u2013 witryna<\/strong> to po\u0142\u0105czenie nowoczesnej funkcjonalno\u015bci z eleganckim wygl\u0105dem. Dzi\u0119ki przeszkleniu w drzwiach wnosi do kuchni lekko\u015b\u0107 i styl, a jednocze\u015bnie pozwala na wyeksponowanie zastawy sto\u0142owej czy dekoracyjnych akcesori\u00f3w. Produkt jest cz\u0119\u015bci\u0105 systemu <strong data-start=\"344\" data-end=\"355\">KAMMONO<\/strong> od <strong data-start=\"359\" data-end=\"372\">Meble KAM<\/strong>, co gwarantuje idealne dopasowanie do pozosta\u0142ych element\u00f3w zabudowy.<\/p>\n","protected":false},"featured_media":63545,"template":"","meta":[],"product_brand":[710],"product_cat":[778,784,775,454,474,495,537],"product_tag":[],"class_list":{"0":"post-47483","1":"product","2":"type-product","3":"status-publish","4":"has-post-thumbnail","6":"product_brand-meble-kam","7":"product_cat-szafki-kuchenne-wiszace-sklep","8":"product_cat-witryny-kuchenne-sklep","9":"product_cat-wszystko","10":"product_cat-meble-kam-mono","11":"product_cat-szafki-wiszace","12":"product_cat-szafki-wiszace-61","13":"product_cat-szafki-wiszace-bw-glebokosc-36-cm","14":"product_shipping_class-szafka-wiszaca-kam","15":"pa_front-f10","16":"pa_front-f11","17":"pa_front-f4","18":"pa_front-f6","19":"pa_front-f7","20":"pa_front-f8","21":"pa_front-fg2","22":"pa_front-k2","23":"pa_front-kc2","24":"pa_front-kc4","25":"pa_front-l4-mat","26":"pa_front-l4-polysk","27":"pa_front-m4","28":"pa_front-os_2","29":"pa_front-os_2black","30":"pa_front-p00","31":"pa_front-p2","32":"pa_front-p4","33":"pa_rozmiar-40-cm","34":"pa_rozmiar-45-cm","35":"pa_rozmiar-50-cm","36":"pa_rozmiar-60-cm","38":"first","39":"instock","40":"shipping-taxable","41":"purchasable","42":"product-type-variable"},"yoast_head":"<!-- This site is optimized with the Yoast SEO Premium plugin v25.0 (Yoast SEO v25.0) - https:\/\/yoast.com\/wordpress\/plugins\/seo\/ -->\n<title>Szafka wisz\u0105ca g\u0142\u0119boka BWW... .1\/61 \u2013 witryna<\/title>\n<meta name=\"description\" content=\"Szafka wisz\u0105ca g\u0142\u0119boka BWW... .1\/61 \u2013 witryna dzi\u0119ki przeszkleniu wnosi do kuchni lekko\u015b\u0107 i styl, pozwalaj\u0105c na wyeksponowanie zastawy czy dekoracji\" \/>\n<meta name=\"robots\" content=\"index, follow, max-snippet:-1, max-image-preview:large, max-video-preview:-1\" \/>\n<link rel=\"canonical\" href=\"https:\/\/meblekuchenne.pl\/sklep\/product\/szafka-wiszaca-gleboka-bww-1-61-szer-40-60-cm-witryna-kammono\/\" \/>\n<meta property=\"og:locale\" content=\"pl_PL\" \/>\n<meta property=\"og:type\" content=\"article\" \/>\n<meta property=\"og:title\" content=\"Szafka wisz\u0105ca g\u0142\u0119boka BWW... .1\/61 - szer. 40-60 cm - witryna - KamMono\" \/>\n<meta property=\"og:description\" content=\"Szafka wisz\u0105ca g\u0142\u0119boka BWW... .1\/61 \u2013 witryna dzi\u0119ki przeszkleniu wnosi do kuchni lekko\u015b\u0107 i styl, pozwalaj\u0105c na wyeksponowanie zastawy czy dekoracji\" \/>\n<meta property=\"og:url\" content=\"https:\/\/meblekuchenne.pl\/sklep\/product\/szafka-wiszaca-gleboka-bww-1-61-szer-40-60-cm-witryna-kammono\/\" \/>\n<meta property=\"og:site_name\" content=\"MebleKuchenne.PL - SKLEP\" \/>\n<meta property=\"article:modified_time\" content=\"2026-04-01T11:22:46+00:00\" \/>\n<meta property=\"og:image\" content=\"https:\/\/meblekuchenne.pl\/sklep\/wp-content\/uploads\/2025\/09\/002.webp\" \/>\n\t<meta property=\"og:image:width\" content=\"1600\" \/>\n\t<meta property=\"og:image:height\" content=\"1080\" \/>\n\t<meta property=\"og:image:type\" content=\"image\/webp\" \/>\n<meta name=\"twitter:card\" content=\"summary_large_image\" \/>\n<meta name=\"twitter:label1\" content=\"Dost\u0119pno\u015b\u0107\" \/>\n\t<meta name=\"twitter:data1\" content=\"Dost\u0119pny\" \/>\n<script type=\"application\/ld+json\" class=\"yoast-schema-graph\">{\"@context\":\"https:\/\/schema.org\",\"@graph\":[{\"@type\":\"WebPage\",\"@id\":\"https:\/\/meblekuchenne.pl\/sklep\/product\/szafka-wiszaca-gleboka-bww-1-61-szer-40-60-cm-witryna-kammono\/\",\"url\":\"https:\/\/meblekuchenne.pl\/sklep\/product\/szafka-wiszaca-gleboka-bww-1-61-szer-40-60-cm-witryna-kammono\/\",\"name\":\"Szafka wisz\u0105ca g\u0142\u0119boka BWW... .1\/61 \u2013 witryna\",\"isPartOf\":{\"@id\":\"https:\/\/meblekuchenne.pl\/sklep\/#website\"},\"primaryImageOfPage\":{\"@id\":\"https:\/\/meblekuchenne.pl\/sklep\/product\/szafka-wiszaca-gleboka-bww-1-61-szer-40-60-cm-witryna-kammono\/#primaryimage\"},\"image\":{\"@id\":\"https:\/\/meblekuchenne.pl\/sklep\/product\/szafka-wiszaca-gleboka-bww-1-61-szer-40-60-cm-witryna-kammono\/#primaryimage\"},\"thumbnailUrl\":\"https:\/\/meblekuchenne.pl\/sklep\/wp-content\/uploads\/2025\/09\/002.webp\",\"datePublished\":\"2025-02-21T18:21:00+00:00\",\"dateModified\":\"2026-04-01T11:22:46+00:00\",\"description\":\"Szafka wisz\u0105ca g\u0142\u0119boka BWW... .1\/61 \u2013 witryna dzi\u0119ki przeszkleniu wnosi do kuchni lekko\u015b\u0107 i styl, pozwalaj\u0105c na wyeksponowanie zastawy czy dekoracji\",\"breadcrumb\":{\"@id\":\"https:\/\/meblekuchenne.pl\/sklep\/product\/szafka-wiszaca-gleboka-bww-1-61-szer-40-60-cm-witryna-kammono\/#breadcrumb\"},\"inLanguage\":\"pl-PL\",\"potentialAction\":[{\"@type\":\"ReadAction\",\"target\":[\"https:\/\/meblekuchenne.pl\/sklep\/product\/szafka-wiszaca-gleboka-bww-1-61-szer-40-60-cm-witryna-kammono\/\"]}]},{\"@type\":\"ImageObject\",\"inLanguage\":\"pl-PL\",\"@id\":\"https:\/\/meblekuchenne.pl\/sklep\/product\/szafka-wiszaca-gleboka-bww-1-61-szer-40-60-cm-witryna-kammono\/#primaryimage\",\"url\":\"https:\/\/meblekuchenne.pl\/sklep\/wp-content\/uploads\/2025\/09\/002.webp\",\"contentUrl\":\"https:\/\/meblekuchenne.pl\/sklep\/wp-content\/uploads\/2025\/09\/002.webp\",\"width\":1600,\"height\":1080},{\"@type\":\"BreadcrumbList\",\"@id\":\"https:\/\/meblekuchenne.pl\/sklep\/product\/szafka-wiszaca-gleboka-bww-1-61-szer-40-60-cm-witryna-kammono\/#breadcrumb\",\"itemListElement\":[{\"@type\":\"ListItem\",\"position\":1,\"name\":\"Strona g\u0142\u00f3wna\",\"item\":\"https:\/\/meblekuchenne.pl\/sklep\/\"},{\"@type\":\"ListItem\",\"position\":2,\"name\":\"Sklep\",\"item\":\"https:\/\/meblekuchenne.pl\/sklep\/sklep\/\"},{\"@type\":\"ListItem\",\"position\":3,\"name\":\"Szafka wisz\u0105ca g\u0142\u0119boka BWW&#8230; .1\/61 &#8211; szer. 40-60 cm &#8211; witryna &#8211; KamMono\"}]},{\"@type\":\"WebSite\",\"@id\":\"https:\/\/meblekuchenne.pl\/sklep\/#website\",\"url\":\"https:\/\/meblekuchenne.pl\/sklep\/\",\"name\":\"MebleKuchenne.PL - SKLEP\",\"description\":\"\",\"publisher\":{\"@id\":\"https:\/\/meblekuchenne.pl\/sklep\/#organization\"},\"potentialAction\":[{\"@type\":\"SearchAction\",\"target\":{\"@type\":\"EntryPoint\",\"urlTemplate\":\"https:\/\/meblekuchenne.pl\/sklep\/?s={search_term_string}\"},\"query-input\":{\"@type\":\"PropertyValueSpecification\",\"valueRequired\":true,\"valueName\":\"search_term_string\"}}],\"inLanguage\":\"pl-PL\"},{\"@type\":\"Organization\",\"@id\":\"https:\/\/meblekuchenne.pl\/sklep\/#organization\",\"name\":\"MebleKuchenne.PL - SKLEP\",\"url\":\"https:\/\/meblekuchenne.pl\/sklep\/\",\"logo\":{\"@type\":\"ImageObject\",\"inLanguage\":\"pl-PL\",\"@id\":\"https:\/\/meblekuchenne.pl\/sklep\/#\/schema\/logo\/image\/\",\"url\":\"https:\/\/meblekuchenne.pl\/sklep\/wp-content\/uploads\/2025\/06\/cropped-cropped-logo.webp\",\"contentUrl\":\"https:\/\/meblekuchenne.pl\/sklep\/wp-content\/uploads\/2025\/06\/cropped-cropped-logo.webp\",\"width\":735,\"height\":715,\"caption\":\"MebleKuchenne.PL - SKLEP\"},\"image\":{\"@id\":\"https:\/\/meblekuchenne.pl\/sklep\/#\/schema\/logo\/image\/\"}}]}<\/script>\n<meta property=\"og:availability\" content=\"instock\" \/>\n<meta property=\"product:availability\" content=\"instock\" \/>\n<meta property=\"product:retailer_item_id\" content=\"BWW.1\/61\" \/>\n<meta property=\"product:condition\" content=\"new\" \/>\n<!-- \/ Yoast SEO Premium plugin. -->","yoast_head_json":{"title":"Szafka wisz\u0105ca g\u0142\u0119boka BWW... .1\/61 \u2013 witryna","description":"Szafka wisz\u0105ca g\u0142\u0119boka BWW... .1\/61 \u2013 witryna dzi\u0119ki przeszkleniu wnosi do kuchni lekko\u015b\u0107 i styl, pozwalaj\u0105c na wyeksponowanie zastawy czy dekoracji","robots":{"index":"index","follow":"follow","max-snippet":"max-snippet:-1","max-image-preview":"max-image-preview:large","max-video-preview":"max-video-preview:-1"},"canonical":"https:\/\/meblekuchenne.pl\/sklep\/product\/szafka-wiszaca-gleboka-bww-1-61-szer-40-60-cm-witryna-kammono\/","og_locale":"pl_PL","og_type":"article","og_title":"Szafka wisz\u0105ca g\u0142\u0119boka BWW... .1\/61 - szer. 40-60 cm - witryna - KamMono","og_description":"Szafka wisz\u0105ca g\u0142\u0119boka BWW... .1\/61 \u2013 witryna dzi\u0119ki przeszkleniu wnosi do kuchni lekko\u015b\u0107 i styl, pozwalaj\u0105c na wyeksponowanie zastawy czy dekoracji","og_url":"https:\/\/meblekuchenne.pl\/sklep\/product\/szafka-wiszaca-gleboka-bww-1-61-szer-40-60-cm-witryna-kammono\/","og_site_name":"MebleKuchenne.PL - SKLEP","article_modified_time":"2026-04-01T11:22:46+00:00","og_image":[{"width":1600,"height":1080,"url":"https:\/\/meblekuchenne.pl\/sklep\/wp-content\/uploads\/2025\/09\/002.webp","type":"image\/webp"}],"twitter_card":"summary_large_image","twitter_misc":{"Dost\u0119pno\u015b\u0107":"Dost\u0119pny"},"schema":{"@context":"https:\/\/schema.org","@graph":[{"@type":"WebPage","@id":"https:\/\/meblekuchenne.pl\/sklep\/product\/szafka-wiszaca-gleboka-bww-1-61-szer-40-60-cm-witryna-kammono\/","url":"https:\/\/meblekuchenne.pl\/sklep\/product\/szafka-wiszaca-gleboka-bww-1-61-szer-40-60-cm-witryna-kammono\/","name":"Szafka wisz\u0105ca g\u0142\u0119boka BWW... .1\/61 \u2013 witryna","isPartOf":{"@id":"https:\/\/meblekuchenne.pl\/sklep\/#website"},"primaryImageOfPage":{"@id":"https:\/\/meblekuchenne.pl\/sklep\/product\/szafka-wiszaca-gleboka-bww-1-61-szer-40-60-cm-witryna-kammono\/#primaryimage"},"image":{"@id":"https:\/\/meblekuchenne.pl\/sklep\/product\/szafka-wiszaca-gleboka-bww-1-61-szer-40-60-cm-witryna-kammono\/#primaryimage"},"thumbnailUrl":"https:\/\/meblekuchenne.pl\/sklep\/wp-content\/uploads\/2025\/09\/002.webp","datePublished":"2025-02-21T18:21:00+00:00","dateModified":"2026-04-01T11:22:46+00:00","description":"Szafka wisz\u0105ca g\u0142\u0119boka BWW... .1\/61 \u2013 witryna dzi\u0119ki przeszkleniu wnosi do kuchni lekko\u015b\u0107 i styl, pozwalaj\u0105c na wyeksponowanie zastawy czy dekoracji","breadcrumb":{"@id":"https:\/\/meblekuchenne.pl\/sklep\/product\/szafka-wiszaca-gleboka-bww-1-61-szer-40-60-cm-witryna-kammono\/#breadcrumb"},"inLanguage":"pl-PL","potentialAction":[{"@type":"ReadAction","target":["https:\/\/meblekuchenne.pl\/sklep\/product\/szafka-wiszaca-gleboka-bww-1-61-szer-40-60-cm-witryna-kammono\/"]}]},{"@type":"ImageObject","inLanguage":"pl-PL","@id":"https:\/\/meblekuchenne.pl\/sklep\/product\/szafka-wiszaca-gleboka-bww-1-61-szer-40-60-cm-witryna-kammono\/#primaryimage","url":"https:\/\/meblekuchenne.pl\/sklep\/wp-content\/uploads\/2025\/09\/002.webp","contentUrl":"https:\/\/meblekuchenne.pl\/sklep\/wp-content\/uploads\/2025\/09\/002.webp","width":1600,"height":1080},{"@type":"BreadcrumbList","@id":"https:\/\/meblekuchenne.pl\/sklep\/product\/szafka-wiszaca-gleboka-bww-1-61-szer-40-60-cm-witryna-kammono\/#breadcrumb","itemListElement":[{"@type":"ListItem","position":1,"name":"Strona g\u0142\u00f3wna","item":"https:\/\/meblekuchenne.pl\/sklep\/"},{"@type":"ListItem","position":2,"name":"Sklep","item":"https:\/\/meblekuchenne.pl\/sklep\/sklep\/"},{"@type":"ListItem","position":3,"name":"Szafka wisz\u0105ca g\u0142\u0119boka BWW&#8230; .1\/61 &#8211; szer. 40-60 cm &#8211; witryna &#8211; KamMono"}]},{"@type":"WebSite","@id":"https:\/\/meblekuchenne.pl\/sklep\/#website","url":"https:\/\/meblekuchenne.pl\/sklep\/","name":"MebleKuchenne.PL - SKLEP","description":"","publisher":{"@id":"https:\/\/meblekuchenne.pl\/sklep\/#organization"},"potentialAction":[{"@type":"SearchAction","target":{"@type":"EntryPoint","urlTemplate":"https:\/\/meblekuchenne.pl\/sklep\/?s={search_term_string}"},"query-input":{"@type":"PropertyValueSpecification","valueRequired":true,"valueName":"search_term_string"}}],"inLanguage":"pl-PL"},{"@type":"Organization","@id":"https:\/\/meblekuchenne.pl\/sklep\/#organization","name":"MebleKuchenne.PL - SKLEP","url":"https:\/\/meblekuchenne.pl\/sklep\/","logo":{"@type":"ImageObject","inLanguage":"pl-PL","@id":"https:\/\/meblekuchenne.pl\/sklep\/#\/schema\/logo\/image\/","url":"https:\/\/meblekuchenne.pl\/sklep\/wp-content\/uploads\/2025\/06\/cropped-cropped-logo.webp","contentUrl":"https:\/\/meblekuchenne.pl\/sklep\/wp-content\/uploads\/2025\/06\/cropped-cropped-logo.webp","width":735,"height":715,"caption":"MebleKuchenne.PL - SKLEP"},"image":{"@id":"https:\/\/meblekuchenne.pl\/sklep\/#\/schema\/logo\/image\/"}}]},"og_availability":"instock","product_availability":"instock","product_retailer_item_id":"BWW.1\/61","product_condition":"new"},"_links":{"self":[{"href":"https:\/\/meblekuchenne.pl\/sklep\/wp-json\/wp\/v2\/product\/47483","targetHints":{"allow":["GET"]}}],"collection":[{"href":"https:\/\/meblekuchenne.pl\/sklep\/wp-json\/wp\/v2\/product"}],"about":[{"href":"https:\/\/meblekuchenne.pl\/sklep\/wp-json\/wp\/v2\/types\/product"}],"wp:featuredmedia":[{"embeddable":true,"href":"https:\/\/meblekuchenne.pl\/sklep\/wp-json\/wp\/v2\/media\/63545"}],"wp:attachment":[{"href":"https:\/\/meblekuchenne.pl\/sklep\/wp-json\/wp\/v2\/media?parent=47483"}],"wp:term":[{"taxonomy":"product_brand","embeddable":true,"href":"https:\/\/meblekuchenne.pl\/sklep\/wp-json\/wp\/v2\/product_brand?post=47483"},{"taxonomy":"product_cat","embeddable":true,"href":"https:\/\/meblekuchenne.pl\/sklep\/wp-json\/wp\/v2\/product_cat?post=47483"},{"taxonomy":"product_tag","embeddable":true,"href":"https:\/\/meblekuchenne.pl\/sklep\/wp-json\/wp\/v2\/product_tag?post=47483"}],"curies":[{"name":"wp","href":"https:\/\/api.w.org\/{rel}","templated":true}]}}