{"id":47454,"date":"2025-02-21T19:20:38","date_gmt":"2025-02-21T18:20:38","guid":{"rendered":"https:\/\/meblekuchenne.pl\/sklep\/?post_type=product&#038;p=47454"},"modified":"2026-03-31T13:08:53","modified_gmt":"2026-03-31T11:08:53","slug":"szafka-wiszaca-gleboka-specjalna-bw41-59-1-61_spec-szer-co-1-cm-kammono","status":"publish","type":"product","link":"https:\/\/meblekuchenne.pl\/sklep\/product\/szafka-wiszaca-gleboka-specjalna-bw41-59-1-61_spec-szer-co-1-cm-kammono\/","title":{"rendered":"Szafka wisz\u0105ca g\u0142\u0119boka specjalna BW41-59.1\/61_SPEC &#8211; szer. co 1 cm &#8211; KamMono"},"content":{"rendered":"<h3 data-start=\"0\" data-end=\"60\"><strong data-start=\"4\" data-end=\"58\">Szafka wisz\u0105ca g\u0142\u0119boka specjalna BW41-59.1\/61_SPEC<\/strong><\/h3>\n<p>Szafka wisz\u0105ca specjalna \u2013 szer. co 1 cm w zakresie 41-61 cm, wys. 61 cm, g\u0142. 36 cm<\/p>\n<p data-start=\"62\" data-end=\"383\">Szafka wisz\u0105ca g\u0142\u0119boka <strong data-start=\"85\" data-end=\"106\">BW41-59.1\/61_SPEC<\/strong> to model dostosowany do indywidualnych potrzeb u\u017cytkownika. Dzi\u0119ki mo\u017cliwo\u015bci wyboru szeroko\u015bci <strong data-start=\"203\" data-end=\"214\">co 1 cm<\/strong> zapewnia perfekcyjne dopasowanie do zabudowy kuchennej. Produkt jest cz\u0119\u015bci\u0105 <strong data-start=\"292\" data-end=\"311\">systemu KAMMONO<\/strong> od <strong data-start=\"315\" data-end=\"328\">Meble KAM<\/strong>, co gwarantuje sp\u00f3jno\u015b\u0107 stylistyczn\u0105 i funkcjonaln\u0105.<\/p>\n<h3 data-start=\"390\" data-end=\"420\"><strong data-start=\"394\" data-end=\"418\">Najwa\u017cniejsze cechy:<\/strong><\/h3>\n<ul data-start=\"422\" data-end=\"887\">\n<li data-start=\"422\" data-end=\"509\"><strong data-start=\"424\" data-end=\"451\">Dostosowanie szeroko\u015bci<\/strong> \u2013 dost\u0119pna w wymiarach od <strong data-start=\"478\" data-end=\"496\">41 cm do 59 cm<\/strong> (co 1 cm).<\/li>\n<li data-start=\"510\" data-end=\"581\"><strong data-start=\"512\" data-end=\"543\">G\u0142\u0119bsza konstrukcja (36 cm)<\/strong> \u2013 wi\u0119cej miejsca na przechowywanie.<\/li>\n<li data-start=\"582\" data-end=\"646\"><strong data-start=\"584\" data-end=\"603\">Wysoko\u015b\u0107: 61 cm<\/strong> \u2013 standardowy wymiar w systemie KAMMONO.<\/li>\n<li data-start=\"647\" data-end=\"741\"><strong data-start=\"649\" data-end=\"670\">Nowoczesny design<\/strong> \u2013 estetyczne wyko\u0144czenie dopasowane do r\u00f3\u017cnych aran\u017cacji kuchennych.<\/li>\n<li data-start=\"742\" data-end=\"817\"><strong data-start=\"744\" data-end=\"765\">Solidne materia\u0142y<\/strong> \u2013 trwa\u0142o\u015b\u0107 i odporno\u015b\u0107 na intensywne u\u017cytkowanie.<\/li>\n<li data-start=\"818\" data-end=\"887\"><strong data-start=\"820\" data-end=\"836\">\u0141atwy monta\u017c<\/strong> \u2013 intuicyjne rozwi\u0105zania u\u0142atwiaj\u0105ce instalacj\u0119.<\/li>\n<\/ul>\n<h3 data-start=\"894\" data-end=\"951\"><strong data-start=\"898\" data-end=\"949\">Dlaczego warto wybra\u0107 szafk\u0119 BW41-59.1\/61_SPEC?<\/strong><\/h3>\n<ul>\n<li data-start=\"953\" data-end=\"1262\"><strong data-start=\"955\" data-end=\"983\">Indywidualne dopasowanie<\/strong> \u2013 szeroko\u015b\u0107 co 1 cm pozwala na idealne wype\u0142nienie dost\u0119pnej przestrzeni.<\/li>\n<li data-start=\"953\" data-end=\"1262\"><strong data-start=\"1062\" data-end=\"1083\">Wi\u0119ksza pojemno\u015b\u0107<\/strong> \u2013 g\u0142\u0119boko\u015b\u0107 36 cm zapewnia lepsz\u0105 organizacj\u0119 wn\u0119trza.<\/li>\n<li data-start=\"953\" data-end=\"1262\"><strong data-start=\"1143\" data-end=\"1180\">Kompatybilno\u015b\u0107 z systemem KAMMONO<\/strong> \u2013 harmonijny wygl\u0105d kuchni.<\/li>\n<li data-start=\"953\" data-end=\"1262\"><strong data-start=\"1213\" data-end=\"1240\">Wysoka jako\u015b\u0107 wykonania<\/strong> \u2013 trwa\u0142o\u015b\u0107 na lata.<\/li>\n<\/ul>\n<h3 data-start=\"1269\" data-end=\"1328\"><strong data-start=\"1273\" data-end=\"1326\">Idealne rozwi\u0105zanie dla wymagaj\u0105cych u\u017cytkownik\u00f3w<\/strong><\/h3>\n<p data-start=\"1330\" data-end=\"1616\" data-is-last-node=\"\" data-is-only-node=\"\">Szafka wisz\u0105ca g\u0142\u0119boka specjalna BW41-59.1\/61_SPEC to doskona\u0142y wyb\u00f3r dla os\u00f3b, kt\u00f3re szukaj\u0105 <strong data-start=\"1418\" data-end=\"1449\">maksymalnej funkcjonalno\u015bci<\/strong> i <strong data-start=\"1452\" data-end=\"1475\">pe\u0142nego dopasowania<\/strong> do swojej kuchni. Dzi\u0119ki regulowanej szeroko\u015bci i nowoczesnej konstrukcji sprawdzi si\u0119 zar\u00f3wno w wi\u0119kszych, jak i mniejszych przestrzeniach.<\/p>\n","protected":false},"excerpt":{"rendered":"<p>Szafka wisz\u0105ca g\u0142\u0119boka <strong data-start=\"85\" data-end=\"106\">BW41-59.1\/61_SPEC<\/strong> to model dostosowany do indywidualnych potrzeb u\u017cytkownika. Dzi\u0119ki mo\u017cliwo\u015bci wyboru szeroko\u015bci <strong data-start=\"203\" data-end=\"214\">co 1 cm<\/strong> zapewnia perfekcyjne dopasowanie do zabudowy kuchennej. Produkt jest cz\u0119\u015bci\u0105 <strong data-start=\"292\" data-end=\"311\">systemu KAMMONO<\/strong> od <strong data-start=\"315\" data-end=\"328\">Meble KAM<\/strong>, co gwarantuje sp\u00f3jno\u015b\u0107 stylistyczn\u0105 i funkcjonaln\u0105.<\/p>\n","protected":false},"featured_media":60045,"template":"","meta":[],"product_brand":[710],"product_cat":[778,775,454,474,495,537],"product_tag":[],"class_list":{"0":"post-47454","1":"product","2":"type-product","3":"status-publish","4":"has-post-thumbnail","6":"product_brand-meble-kam","7":"product_cat-szafki-kuchenne-wiszace-sklep","8":"product_cat-wszystko","9":"product_cat-meble-kam-mono","10":"product_cat-szafki-wiszace","11":"product_cat-szafki-wiszace-61","12":"product_cat-szafki-wiszace-bw-glebokosc-36-cm","13":"product_shipping_class-szafka-wiszaca-kam","14":"pa_front-f10","15":"pa_front-f11","16":"pa_front-f4","17":"pa_front-f6","18":"pa_front-f7","19":"pa_front-f8","20":"pa_front-fg2","21":"pa_front-k2","22":"pa_front-kc2","23":"pa_front-kc4","24":"pa_front-l4-mat","25":"pa_front-l4-polysk","26":"pa_front-m4","27":"pa_front-os_2","28":"pa_front-os_2black","29":"pa_front-p00","30":"pa_front-p2","31":"pa_front-p4","33":"first","34":"instock","35":"shipping-taxable","36":"purchasable","37":"product-type-variable"},"yoast_head":"<!-- This site is optimized with the Yoast SEO Premium plugin v25.0 (Yoast SEO v25.0) - https:\/\/yoast.com\/wordpress\/plugins\/seo\/ -->\n<title>Szafka wisz\u0105ca g\u0142\u0119boka specjalna BW41-59.1\/61_SPEC<\/title>\n<meta name=\"description\" content=\"Szafka wisz\u0105ca g\u0142\u0119boka specjalna BW41-59.1\/61_SPEC to model dostosowany do indywidualnych potrzeb u\u017cytkownika, dzi\u0119ki mo\u017cliwo\u015bci wyboru szeroko\u015bci co 1 cm\" \/>\n<meta name=\"robots\" content=\"index, follow, max-snippet:-1, max-image-preview:large, max-video-preview:-1\" \/>\n<link rel=\"canonical\" href=\"https:\/\/meblekuchenne.pl\/sklep\/product\/szafka-wiszaca-gleboka-specjalna-bw41-59-1-61_spec-szer-co-1-cm-kammono\/\" \/>\n<meta property=\"og:locale\" content=\"pl_PL\" \/>\n<meta property=\"og:type\" content=\"article\" \/>\n<meta property=\"og:title\" content=\"Szafka wisz\u0105ca g\u0142\u0119boka specjalna BW41-59.1\/61_SPEC - szer. co 1 cm - KamMono\" \/>\n<meta property=\"og:description\" content=\"Szafka wisz\u0105ca g\u0142\u0119boka specjalna BW41-59.1\/61_SPEC to model dostosowany do indywidualnych potrzeb u\u017cytkownika, dzi\u0119ki mo\u017cliwo\u015bci wyboru szeroko\u015bci co 1 cm\" \/>\n<meta property=\"og:url\" content=\"https:\/\/meblekuchenne.pl\/sklep\/product\/szafka-wiszaca-gleboka-specjalna-bw41-59-1-61_spec-szer-co-1-cm-kammono\/\" \/>\n<meta property=\"og:site_name\" content=\"MebleKuchenne.PL - SKLEP\" \/>\n<meta property=\"article:modified_time\" content=\"2026-03-31T11:08:53+00:00\" \/>\n<meta property=\"og:image\" content=\"https:\/\/meblekuchenne.pl\/sklep\/wp-content\/uploads\/2025\/02\/w.1-spec.webp\" \/>\n\t<meta property=\"og:image:width\" content=\"1600\" \/>\n\t<meta property=\"og:image:height\" content=\"1080\" \/>\n\t<meta property=\"og:image:type\" content=\"image\/webp\" \/>\n<meta name=\"twitter:card\" content=\"summary_large_image\" \/>\n<meta name=\"twitter:label1\" content=\"Dost\u0119pno\u015b\u0107\" \/>\n\t<meta name=\"twitter:data1\" content=\"Dost\u0119pny\" \/>\n<script type=\"application\/ld+json\" class=\"yoast-schema-graph\">{\"@context\":\"https:\/\/schema.org\",\"@graph\":[{\"@type\":\"WebPage\",\"@id\":\"https:\/\/meblekuchenne.pl\/sklep\/product\/szafka-wiszaca-gleboka-specjalna-bw41-59-1-61_spec-szer-co-1-cm-kammono\/\",\"url\":\"https:\/\/meblekuchenne.pl\/sklep\/product\/szafka-wiszaca-gleboka-specjalna-bw41-59-1-61_spec-szer-co-1-cm-kammono\/\",\"name\":\"Szafka wisz\u0105ca g\u0142\u0119boka specjalna BW41-59.1\/61_SPEC\",\"isPartOf\":{\"@id\":\"https:\/\/meblekuchenne.pl\/sklep\/#website\"},\"primaryImageOfPage\":{\"@id\":\"https:\/\/meblekuchenne.pl\/sklep\/product\/szafka-wiszaca-gleboka-specjalna-bw41-59-1-61_spec-szer-co-1-cm-kammono\/#primaryimage\"},\"image\":{\"@id\":\"https:\/\/meblekuchenne.pl\/sklep\/product\/szafka-wiszaca-gleboka-specjalna-bw41-59-1-61_spec-szer-co-1-cm-kammono\/#primaryimage\"},\"thumbnailUrl\":\"https:\/\/meblekuchenne.pl\/sklep\/wp-content\/uploads\/2025\/02\/w.1-spec.webp\",\"datePublished\":\"2025-02-21T18:20:38+00:00\",\"dateModified\":\"2026-03-31T11:08:53+00:00\",\"description\":\"Szafka wisz\u0105ca g\u0142\u0119boka specjalna BW41-59.1\/61_SPEC to model dostosowany do indywidualnych potrzeb u\u017cytkownika, dzi\u0119ki mo\u017cliwo\u015bci wyboru szeroko\u015bci co 1 cm\",\"breadcrumb\":{\"@id\":\"https:\/\/meblekuchenne.pl\/sklep\/product\/szafka-wiszaca-gleboka-specjalna-bw41-59-1-61_spec-szer-co-1-cm-kammono\/#breadcrumb\"},\"inLanguage\":\"pl-PL\",\"potentialAction\":[{\"@type\":\"ReadAction\",\"target\":[\"https:\/\/meblekuchenne.pl\/sklep\/product\/szafka-wiszaca-gleboka-specjalna-bw41-59-1-61_spec-szer-co-1-cm-kammono\/\"]}]},{\"@type\":\"ImageObject\",\"inLanguage\":\"pl-PL\",\"@id\":\"https:\/\/meblekuchenne.pl\/sklep\/product\/szafka-wiszaca-gleboka-specjalna-bw41-59-1-61_spec-szer-co-1-cm-kammono\/#primaryimage\",\"url\":\"https:\/\/meblekuchenne.pl\/sklep\/wp-content\/uploads\/2025\/02\/w.1-spec.webp\",\"contentUrl\":\"https:\/\/meblekuchenne.pl\/sklep\/wp-content\/uploads\/2025\/02\/w.1-spec.webp\",\"width\":1600,\"height\":1080},{\"@type\":\"BreadcrumbList\",\"@id\":\"https:\/\/meblekuchenne.pl\/sklep\/product\/szafka-wiszaca-gleboka-specjalna-bw41-59-1-61_spec-szer-co-1-cm-kammono\/#breadcrumb\",\"itemListElement\":[{\"@type\":\"ListItem\",\"position\":1,\"name\":\"Strona g\u0142\u00f3wna\",\"item\":\"https:\/\/meblekuchenne.pl\/sklep\/\"},{\"@type\":\"ListItem\",\"position\":2,\"name\":\"Sklep\",\"item\":\"https:\/\/meblekuchenne.pl\/sklep\/sklep\/\"},{\"@type\":\"ListItem\",\"position\":3,\"name\":\"Szafka wisz\u0105ca g\u0142\u0119boka specjalna BW41-59.1\/61_SPEC &#8211; szer. co 1 cm &#8211; KamMono\"}]},{\"@type\":\"WebSite\",\"@id\":\"https:\/\/meblekuchenne.pl\/sklep\/#website\",\"url\":\"https:\/\/meblekuchenne.pl\/sklep\/\",\"name\":\"MebleKuchenne.PL - SKLEP\",\"description\":\"\",\"publisher\":{\"@id\":\"https:\/\/meblekuchenne.pl\/sklep\/#organization\"},\"potentialAction\":[{\"@type\":\"SearchAction\",\"target\":{\"@type\":\"EntryPoint\",\"urlTemplate\":\"https:\/\/meblekuchenne.pl\/sklep\/?s={search_term_string}\"},\"query-input\":{\"@type\":\"PropertyValueSpecification\",\"valueRequired\":true,\"valueName\":\"search_term_string\"}}],\"inLanguage\":\"pl-PL\"},{\"@type\":\"Organization\",\"@id\":\"https:\/\/meblekuchenne.pl\/sklep\/#organization\",\"name\":\"MebleKuchenne.PL - SKLEP\",\"url\":\"https:\/\/meblekuchenne.pl\/sklep\/\",\"logo\":{\"@type\":\"ImageObject\",\"inLanguage\":\"pl-PL\",\"@id\":\"https:\/\/meblekuchenne.pl\/sklep\/#\/schema\/logo\/image\/\",\"url\":\"https:\/\/meblekuchenne.pl\/sklep\/wp-content\/uploads\/2025\/06\/cropped-cropped-logo.webp\",\"contentUrl\":\"https:\/\/meblekuchenne.pl\/sklep\/wp-content\/uploads\/2025\/06\/cropped-cropped-logo.webp\",\"width\":735,\"height\":715,\"caption\":\"MebleKuchenne.PL - SKLEP\"},\"image\":{\"@id\":\"https:\/\/meblekuchenne.pl\/sklep\/#\/schema\/logo\/image\/\"}}]}<\/script>\n<meta property=\"og:availability\" content=\"instock\" \/>\n<meta property=\"product:availability\" content=\"instock\" \/>\n<meta property=\"product:retailer_item_id\" content=\"BW41-59.1\/61_SPEC\" \/>\n<meta property=\"product:condition\" content=\"new\" \/>\n<!-- \/ Yoast SEO Premium plugin. -->","yoast_head_json":{"title":"Szafka wisz\u0105ca g\u0142\u0119boka specjalna BW41-59.1\/61_SPEC","description":"Szafka wisz\u0105ca g\u0142\u0119boka specjalna BW41-59.1\/61_SPEC to model dostosowany do indywidualnych potrzeb u\u017cytkownika, dzi\u0119ki mo\u017cliwo\u015bci wyboru szeroko\u015bci co 1 cm","robots":{"index":"index","follow":"follow","max-snippet":"max-snippet:-1","max-image-preview":"max-image-preview:large","max-video-preview":"max-video-preview:-1"},"canonical":"https:\/\/meblekuchenne.pl\/sklep\/product\/szafka-wiszaca-gleboka-specjalna-bw41-59-1-61_spec-szer-co-1-cm-kammono\/","og_locale":"pl_PL","og_type":"article","og_title":"Szafka wisz\u0105ca g\u0142\u0119boka specjalna BW41-59.1\/61_SPEC - szer. co 1 cm - KamMono","og_description":"Szafka wisz\u0105ca g\u0142\u0119boka specjalna BW41-59.1\/61_SPEC to model dostosowany do indywidualnych potrzeb u\u017cytkownika, dzi\u0119ki mo\u017cliwo\u015bci wyboru szeroko\u015bci co 1 cm","og_url":"https:\/\/meblekuchenne.pl\/sklep\/product\/szafka-wiszaca-gleboka-specjalna-bw41-59-1-61_spec-szer-co-1-cm-kammono\/","og_site_name":"MebleKuchenne.PL - SKLEP","article_modified_time":"2026-03-31T11:08:53+00:00","og_image":[{"width":1600,"height":1080,"url":"https:\/\/meblekuchenne.pl\/sklep\/wp-content\/uploads\/2025\/02\/w.1-spec.webp","type":"image\/webp"}],"twitter_card":"summary_large_image","twitter_misc":{"Dost\u0119pno\u015b\u0107":"Dost\u0119pny"},"schema":{"@context":"https:\/\/schema.org","@graph":[{"@type":"WebPage","@id":"https:\/\/meblekuchenne.pl\/sklep\/product\/szafka-wiszaca-gleboka-specjalna-bw41-59-1-61_spec-szer-co-1-cm-kammono\/","url":"https:\/\/meblekuchenne.pl\/sklep\/product\/szafka-wiszaca-gleboka-specjalna-bw41-59-1-61_spec-szer-co-1-cm-kammono\/","name":"Szafka wisz\u0105ca g\u0142\u0119boka specjalna BW41-59.1\/61_SPEC","isPartOf":{"@id":"https:\/\/meblekuchenne.pl\/sklep\/#website"},"primaryImageOfPage":{"@id":"https:\/\/meblekuchenne.pl\/sklep\/product\/szafka-wiszaca-gleboka-specjalna-bw41-59-1-61_spec-szer-co-1-cm-kammono\/#primaryimage"},"image":{"@id":"https:\/\/meblekuchenne.pl\/sklep\/product\/szafka-wiszaca-gleboka-specjalna-bw41-59-1-61_spec-szer-co-1-cm-kammono\/#primaryimage"},"thumbnailUrl":"https:\/\/meblekuchenne.pl\/sklep\/wp-content\/uploads\/2025\/02\/w.1-spec.webp","datePublished":"2025-02-21T18:20:38+00:00","dateModified":"2026-03-31T11:08:53+00:00","description":"Szafka wisz\u0105ca g\u0142\u0119boka specjalna BW41-59.1\/61_SPEC to model dostosowany do indywidualnych potrzeb u\u017cytkownika, dzi\u0119ki mo\u017cliwo\u015bci wyboru szeroko\u015bci co 1 cm","breadcrumb":{"@id":"https:\/\/meblekuchenne.pl\/sklep\/product\/szafka-wiszaca-gleboka-specjalna-bw41-59-1-61_spec-szer-co-1-cm-kammono\/#breadcrumb"},"inLanguage":"pl-PL","potentialAction":[{"@type":"ReadAction","target":["https:\/\/meblekuchenne.pl\/sklep\/product\/szafka-wiszaca-gleboka-specjalna-bw41-59-1-61_spec-szer-co-1-cm-kammono\/"]}]},{"@type":"ImageObject","inLanguage":"pl-PL","@id":"https:\/\/meblekuchenne.pl\/sklep\/product\/szafka-wiszaca-gleboka-specjalna-bw41-59-1-61_spec-szer-co-1-cm-kammono\/#primaryimage","url":"https:\/\/meblekuchenne.pl\/sklep\/wp-content\/uploads\/2025\/02\/w.1-spec.webp","contentUrl":"https:\/\/meblekuchenne.pl\/sklep\/wp-content\/uploads\/2025\/02\/w.1-spec.webp","width":1600,"height":1080},{"@type":"BreadcrumbList","@id":"https:\/\/meblekuchenne.pl\/sklep\/product\/szafka-wiszaca-gleboka-specjalna-bw41-59-1-61_spec-szer-co-1-cm-kammono\/#breadcrumb","itemListElement":[{"@type":"ListItem","position":1,"name":"Strona g\u0142\u00f3wna","item":"https:\/\/meblekuchenne.pl\/sklep\/"},{"@type":"ListItem","position":2,"name":"Sklep","item":"https:\/\/meblekuchenne.pl\/sklep\/sklep\/"},{"@type":"ListItem","position":3,"name":"Szafka wisz\u0105ca g\u0142\u0119boka specjalna BW41-59.1\/61_SPEC &#8211; szer. co 1 cm &#8211; KamMono"}]},{"@type":"WebSite","@id":"https:\/\/meblekuchenne.pl\/sklep\/#website","url":"https:\/\/meblekuchenne.pl\/sklep\/","name":"MebleKuchenne.PL - SKLEP","description":"","publisher":{"@id":"https:\/\/meblekuchenne.pl\/sklep\/#organization"},"potentialAction":[{"@type":"SearchAction","target":{"@type":"EntryPoint","urlTemplate":"https:\/\/meblekuchenne.pl\/sklep\/?s={search_term_string}"},"query-input":{"@type":"PropertyValueSpecification","valueRequired":true,"valueName":"search_term_string"}}],"inLanguage":"pl-PL"},{"@type":"Organization","@id":"https:\/\/meblekuchenne.pl\/sklep\/#organization","name":"MebleKuchenne.PL - SKLEP","url":"https:\/\/meblekuchenne.pl\/sklep\/","logo":{"@type":"ImageObject","inLanguage":"pl-PL","@id":"https:\/\/meblekuchenne.pl\/sklep\/#\/schema\/logo\/image\/","url":"https:\/\/meblekuchenne.pl\/sklep\/wp-content\/uploads\/2025\/06\/cropped-cropped-logo.webp","contentUrl":"https:\/\/meblekuchenne.pl\/sklep\/wp-content\/uploads\/2025\/06\/cropped-cropped-logo.webp","width":735,"height":715,"caption":"MebleKuchenne.PL - SKLEP"},"image":{"@id":"https:\/\/meblekuchenne.pl\/sklep\/#\/schema\/logo\/image\/"}}]},"og_availability":"instock","product_availability":"instock","product_retailer_item_id":"BW41-59.1\/61_SPEC","product_condition":"new"},"_links":{"self":[{"href":"https:\/\/meblekuchenne.pl\/sklep\/wp-json\/wp\/v2\/product\/47454","targetHints":{"allow":["GET"]}}],"collection":[{"href":"https:\/\/meblekuchenne.pl\/sklep\/wp-json\/wp\/v2\/product"}],"about":[{"href":"https:\/\/meblekuchenne.pl\/sklep\/wp-json\/wp\/v2\/types\/product"}],"wp:featuredmedia":[{"embeddable":true,"href":"https:\/\/meblekuchenne.pl\/sklep\/wp-json\/wp\/v2\/media\/60045"}],"wp:attachment":[{"href":"https:\/\/meblekuchenne.pl\/sklep\/wp-json\/wp\/v2\/media?parent=47454"}],"wp:term":[{"taxonomy":"product_brand","embeddable":true,"href":"https:\/\/meblekuchenne.pl\/sklep\/wp-json\/wp\/v2\/product_brand?post=47454"},{"taxonomy":"product_cat","embeddable":true,"href":"https:\/\/meblekuchenne.pl\/sklep\/wp-json\/wp\/v2\/product_cat?post=47454"},{"taxonomy":"product_tag","embeddable":true,"href":"https:\/\/meblekuchenne.pl\/sklep\/wp-json\/wp\/v2\/product_tag?post=47454"}],"curies":[{"name":"wp","href":"https:\/\/api.w.org\/{rel}","templated":true}]}}