{"id":46944,"date":"2025-02-21T19:14:45","date_gmt":"2025-02-21T18:14:45","guid":{"rendered":"https:\/\/meblekuchenne.pl\/sklep\/?post_type=product&#038;p=46944"},"modified":"2026-03-31T13:09:00","modified_gmt":"2026-03-31T11:09:00","slug":"szafka-wiszaca-narozna-wrp60x60-61-wrp65x65-61-kammono","status":"publish","type":"product","link":"https:\/\/meblekuchenne.pl\/sklep\/product\/szafka-wiszaca-narozna-wrp60x60-61-wrp65x65-61-kammono\/","title":{"rendered":"Szafka wisz\u0105ca naro\u017cna WRP&#8230;\/61 &#8211;  KamMono"},"content":{"rendered":"<h2 data-start=\"0\" data-end=\"56\"><strong data-start=\"4\" data-end=\"56\">Szafka wisz\u0105ca naro\u017cna WRP&#8230;\/61\u00a0<\/strong><\/h2>\n<p data-start=\"0\" data-end=\"56\">Szafka wisz\u0105ca naro\u017cna\u00a0 WRP60x60\/61 \u2013 szer. 60 cm, wys. 61 cm, g\u0142. 32 cm, WRP65x65\/61 \u2013 szer. 65 cm, wys. 61 cm, g\u0142. 32 cm<\/p>\n<h3 data-start=\"0\" data-end=\"56\"><strong data-start=\"4\" data-end=\"56\">WRP60x60\/61 &#8211; WRP65x65\/61<\/strong><\/h3>\n<p data-start=\"58\" data-end=\"521\">Szafka wisz\u0105ca naro\u017cna WRP&#8230;\/61 to funkcjonalne rozwi\u0105zanie dla kuchni, kt\u00f3re pozwala na optymalne zagospodarowanie przestrzeni naro\u017cnej. Te szafki, dedykowane do wykorzystania w trudnych, mniej dost\u0119pnych miejscach, umo\u017cliwiaj\u0105 pe\u0142ne wykorzystanie k\u0105t\u00f3w kuchni, co daje dodatkow\u0105 przestrze\u0144 do przechowywania. Cz\u0119\u015b\u0107 systemu <strong data-start=\"408\" data-end=\"419\">KAMMONO<\/strong>, doskonale komponuj\u0105ca si\u0119 z innymi elementami meblowymi tej serii, oferuje wysok\u0105 jako\u015b\u0107 i trwa\u0142o\u015b\u0107.<\/p>\n<h3 data-start=\"528\" data-end=\"556\"><strong data-start=\"532\" data-end=\"556\">Najwa\u017cniejsze cechy:<\/strong><\/h3>\n<ul data-start=\"558\" data-end=\"1229\">\n<li data-start=\"558\" data-end=\"753\"><strong data-start=\"560\" data-end=\"583\">Naro\u017cna konstrukcja<\/strong> \u2013 zaprojektowana z my\u015bl\u0105 o naro\u017cnych przestrzeniach kuchennych, szafka pozwala na efektywne wykorzystanie miejsca, kt\u00f3re cz\u0119sto jest pomijane w tradycyjnych aran\u017cacjach.<\/li>\n<li data-start=\"754\" data-end=\"932\"><strong data-start=\"756\" data-end=\"786\">Wysokiej jako\u015bci materia\u0142y<\/strong> \u2013 szafka zosta\u0142a wykonana z solidnych materia\u0142\u00f3w, zapewniaj\u0105cych jej d\u0142ugowieczno\u015b\u0107 oraz odporno\u015b\u0107 na wilgo\u0107, co jest szczeg\u00f3lnie wa\u017cne w kuchni.<\/li>\n<li data-start=\"933\" data-end=\"1063\"><strong data-start=\"935\" data-end=\"969\">Dopasowanie do systemu KAMMONO<\/strong> \u2013 cz\u0119\u015b\u0107 systemu <strong data-start=\"986\" data-end=\"997\">KAMMONO<\/strong>, co u\u0142atwia dopasowanie jej do innych mebli w tej samej kolekcji.<\/li>\n<li data-start=\"1064\" data-end=\"1229\"><strong data-start=\"1066\" data-end=\"1090\">Zwi\u0119kszona pojemno\u015b\u0107<\/strong> \u2013 mimo swoich niewielkich rozmiar\u00f3w, szafka naro\u017cna zapewnia du\u017c\u0105 pojemno\u015b\u0107, idealn\u0105 do przechowywania r\u00f3\u017cnorodnych akcesori\u00f3w kuchennych.<\/li>\n<\/ul>\n<h3 data-start=\"1236\" data-end=\"1299\"><strong data-start=\"1240\" data-end=\"1299\">Dlaczego warto wybra\u0107 szafk\u0119 WRP60x60\/61 i WRP65x65\/61?<\/strong><\/h3>\n<ul data-start=\"1301\" data-end=\"2102\">\n<li data-start=\"1301\" data-end=\"1559\"><strong data-start=\"1303\" data-end=\"1342\">Efektywne wykorzystanie przestrzeni<\/strong> \u2013 szafka naro\u017cna pozwala na zagospodarowanie przestrzeni w kuchni, kt\u00f3rej tradycyjnie nie mo\u017cna wykorzysta\u0107 w pe\u0142ni. Dzi\u0119ki temu idealnie sprawdza si\u0119 w mniejszych kuchniach, gdzie ka\u017cdy centymetr jest na wag\u0119 z\u0142ota.<\/li>\n<li data-start=\"1560\" data-end=\"1726\"><strong data-start=\"1562\" data-end=\"1583\">Estetyczny design<\/strong> \u2013 prosta, ale elegancka konstrukcja szafki naro\u017cnej wpasowuje si\u0119 w ka\u017cdy styl kuchni, od klasycznego po nowoczesny, dodaj\u0105c wn\u0119trzu harmonii.<\/li>\n<li data-start=\"1727\" data-end=\"1922\"><strong data-start=\"1729\" data-end=\"1757\">Idealna do ma\u0142ych kuchni<\/strong> \u2013 w przypadku ograniczonego miejsca, naro\u017cna szafka jest nieocenionym rozwi\u0105zaniem, pozwalaj\u0105cym na przechowywanie akcesori\u00f3w bez zajmowania dodatkowej przestrzeni.<\/li>\n<li data-start=\"1923\" data-end=\"2102\"><strong data-start=\"1925\" data-end=\"1948\">Solidno\u015b\u0107 wykonania<\/strong> \u2013 wysoka jako\u015b\u0107 materia\u0142\u00f3w i dba\u0142o\u015b\u0107 o detale sprawiaj\u0105, \u017ce szafka b\u0119dzie niezawodna przez wiele lat, zachowuj\u0105c sw\u00f3j estetyczny wygl\u0105d i funkcjonalno\u015b\u0107.<\/li>\n<\/ul>\n<h3 data-start=\"2109\" data-end=\"2161\"><strong data-start=\"2113\" data-end=\"2161\">Kuchnia w pe\u0142nej harmonii z systemem KAMMONO<\/strong><\/h3>\n<p data-start=\"2163\" data-end=\"2424\">Szafka <strong data-start=\"2170\" data-end=\"2185\">WRP60x60\/61<\/strong> oraz <strong data-start=\"2191\" data-end=\"2206\">WRP65x65\/61<\/strong> to idealny element do stworzenia funkcjonalnej kuchni. Dzi\u0119ki kompatybilno\u015bci z systemem <strong data-start=\"2296\" data-end=\"2307\">KAMMONO<\/strong>, szafka ta mo\u017ce by\u0107 doskonale po\u0142\u0105czona z innymi produktami tej kolekcji, tworz\u0105c sp\u00f3jn\u0105 aran\u017cacj\u0119 w Twojej kuchni.<\/p>\n<p data-start=\"2426\" data-end=\"2636\" data-is-last-node=\"\" data-is-only-node=\"\">Dzi\u0119ki swojej naro\u017cnej konstrukcji, te szafki zapewniaj\u0105 dodatkow\u0105 przestrze\u0144 do przechowywania, jednocze\u015bnie zachowuj\u0105c elegancki wygl\u0105d i trwa\u0142o\u015b\u0107, kt\u00f3re s\u0105 niezb\u0119dne w ka\u017cdym funkcjonalnym wn\u0119trzu kuchennym.<\/p>\n","protected":false},"excerpt":{"rendered":"<p>Szafka wisz\u0105ca naro\u017cna <strong data-start=\"81\" data-end=\"96\">WRP60x60\/61<\/strong> i <strong data-start=\"99\" data-end=\"114\">WRP65x65\/61<\/strong> to funkcjonalne rozwi\u0105zanie dla kuchni, kt\u00f3re pozwala na optymalne zagospodarowanie przestrzeni naro\u017cnej. Te szafki, dedykowane do wykorzystania w trudnych, mniej dost\u0119pnych miejscach, umo\u017cliwiaj\u0105 pe\u0142ne wykorzystanie k\u0105t\u00f3w kuchni, co daje dodatkow\u0105 przestrze\u0144 do przechowywania. Cz\u0119\u015b\u0107 systemu <strong data-start=\"408\" data-end=\"419\">KAMMONO<\/strong>, doskonale komponuj\u0105ca si\u0119 z innymi elementami meblowymi tej serii, oferuje wysok\u0105 jako\u015b\u0107 i trwa\u0142o\u015b\u0107.<\/p>\n","protected":false},"featured_media":60056,"template":"","meta":[],"product_brand":[710],"product_cat":[778,775,454,474,495,536],"product_tag":[],"class_list":{"0":"post-46944","1":"product","2":"type-product","3":"status-publish","4":"has-post-thumbnail","6":"product_brand-meble-kam","7":"product_cat-szafki-kuchenne-wiszace-sklep","8":"product_cat-wszystko","9":"product_cat-meble-kam-mono","10":"product_cat-szafki-wiszace","11":"product_cat-szafki-wiszace-61","12":"product_cat-szafki-wiszace-w-glebokosc-32-cm","13":"product_shipping_class-szafka-wiszaca-kam","14":"pa_front-f10","15":"pa_front-f11","16":"pa_front-f4","17":"pa_front-f6","18":"pa_front-f7","19":"pa_front-f8","20":"pa_front-fg2","21":"pa_front-k2","22":"pa_front-kc2","23":"pa_front-kc4","24":"pa_front-l4-mat","25":"pa_front-l4-polysk","26":"pa_front-m4","27":"pa_front-os_2","28":"pa_front-os_2black","29":"pa_front-p00","30":"pa_front-p2","31":"pa_front-p4","32":"pa_rozmiar-60-cm","33":"pa_rozmiar-65-cm","35":"first","36":"instock","37":"shipping-taxable","38":"purchasable","39":"product-type-variable"},"yoast_head":"<!-- This site is optimized with the Yoast SEO Premium plugin v25.0 (Yoast SEO v25.0) - https:\/\/yoast.com\/wordpress\/plugins\/seo\/ -->\n<title>Szafka wisz\u0105ca naro\u017cna WRP...\/61\u00a0<\/title>\n<meta name=\"description\" content=\"Szafka wisz\u0105ca naro\u017cna WRP...\/61\u00a0 to funkcjonalne rozwi\u0105zanie dla kuchni, kt\u00f3re pozwala na optymalne zagospodarowanie przestrzeni naro\u017cnej.\" \/>\n<meta name=\"robots\" content=\"index, follow, max-snippet:-1, max-image-preview:large, max-video-preview:-1\" \/>\n<link rel=\"canonical\" href=\"https:\/\/meblekuchenne.pl\/sklep\/product\/szafka-wiszaca-narozna-wrp60x60-61-wrp65x65-61-kammono\/\" \/>\n<meta property=\"og:locale\" content=\"pl_PL\" \/>\n<meta property=\"og:type\" content=\"article\" \/>\n<meta property=\"og:title\" content=\"Szafka wisz\u0105ca naro\u017cna WRP...\/61 - KamMono\" \/>\n<meta property=\"og:description\" content=\"Szafka wisz\u0105ca naro\u017cna WRP...\/61\u00a0 to funkcjonalne rozwi\u0105zanie dla kuchni, kt\u00f3re pozwala na optymalne zagospodarowanie przestrzeni naro\u017cnej.\" \/>\n<meta property=\"og:url\" content=\"https:\/\/meblekuchenne.pl\/sklep\/product\/szafka-wiszaca-narozna-wrp60x60-61-wrp65x65-61-kammono\/\" \/>\n<meta property=\"og:site_name\" content=\"MebleKuchenne.PL - SKLEP\" \/>\n<meta property=\"article:modified_time\" content=\"2026-03-31T11:09:00+00:00\" \/>\n<meta property=\"og:image\" content=\"https:\/\/meblekuchenne.pl\/sklep\/wp-content\/uploads\/2025\/02\/wrp-65-61.webp\" \/>\n\t<meta property=\"og:image:width\" content=\"1600\" \/>\n\t<meta property=\"og:image:height\" content=\"1080\" \/>\n\t<meta property=\"og:image:type\" content=\"image\/webp\" \/>\n<meta name=\"twitter:card\" content=\"summary_large_image\" \/>\n<meta name=\"twitter:label1\" content=\"Dost\u0119pno\u015b\u0107\" \/>\n\t<meta name=\"twitter:data1\" content=\"Dost\u0119pny\" \/>\n<script type=\"application\/ld+json\" class=\"yoast-schema-graph\">{\"@context\":\"https:\/\/schema.org\",\"@graph\":[{\"@type\":\"WebPage\",\"@id\":\"https:\/\/meblekuchenne.pl\/sklep\/product\/szafka-wiszaca-narozna-wrp60x60-61-wrp65x65-61-kammono\/\",\"url\":\"https:\/\/meblekuchenne.pl\/sklep\/product\/szafka-wiszaca-narozna-wrp60x60-61-wrp65x65-61-kammono\/\",\"name\":\"Szafka wisz\u0105ca naro\u017cna WRP...\/61\u00a0\",\"isPartOf\":{\"@id\":\"https:\/\/meblekuchenne.pl\/sklep\/#website\"},\"primaryImageOfPage\":{\"@id\":\"https:\/\/meblekuchenne.pl\/sklep\/product\/szafka-wiszaca-narozna-wrp60x60-61-wrp65x65-61-kammono\/#primaryimage\"},\"image\":{\"@id\":\"https:\/\/meblekuchenne.pl\/sklep\/product\/szafka-wiszaca-narozna-wrp60x60-61-wrp65x65-61-kammono\/#primaryimage\"},\"thumbnailUrl\":\"https:\/\/meblekuchenne.pl\/sklep\/wp-content\/uploads\/2025\/02\/wrp-65-61.webp\",\"datePublished\":\"2025-02-21T18:14:45+00:00\",\"dateModified\":\"2026-03-31T11:09:00+00:00\",\"description\":\"Szafka wisz\u0105ca naro\u017cna WRP...\/61\u00a0 to funkcjonalne rozwi\u0105zanie dla kuchni, kt\u00f3re pozwala na optymalne zagospodarowanie przestrzeni naro\u017cnej.\",\"breadcrumb\":{\"@id\":\"https:\/\/meblekuchenne.pl\/sklep\/product\/szafka-wiszaca-narozna-wrp60x60-61-wrp65x65-61-kammono\/#breadcrumb\"},\"inLanguage\":\"pl-PL\",\"potentialAction\":[{\"@type\":\"ReadAction\",\"target\":[\"https:\/\/meblekuchenne.pl\/sklep\/product\/szafka-wiszaca-narozna-wrp60x60-61-wrp65x65-61-kammono\/\"]}]},{\"@type\":\"ImageObject\",\"inLanguage\":\"pl-PL\",\"@id\":\"https:\/\/meblekuchenne.pl\/sklep\/product\/szafka-wiszaca-narozna-wrp60x60-61-wrp65x65-61-kammono\/#primaryimage\",\"url\":\"https:\/\/meblekuchenne.pl\/sklep\/wp-content\/uploads\/2025\/02\/wrp-65-61.webp\",\"contentUrl\":\"https:\/\/meblekuchenne.pl\/sklep\/wp-content\/uploads\/2025\/02\/wrp-65-61.webp\",\"width\":1600,\"height\":1080},{\"@type\":\"BreadcrumbList\",\"@id\":\"https:\/\/meblekuchenne.pl\/sklep\/product\/szafka-wiszaca-narozna-wrp60x60-61-wrp65x65-61-kammono\/#breadcrumb\",\"itemListElement\":[{\"@type\":\"ListItem\",\"position\":1,\"name\":\"Strona g\u0142\u00f3wna\",\"item\":\"https:\/\/meblekuchenne.pl\/sklep\/\"},{\"@type\":\"ListItem\",\"position\":2,\"name\":\"Sklep\",\"item\":\"https:\/\/meblekuchenne.pl\/sklep\/sklep\/\"},{\"@type\":\"ListItem\",\"position\":3,\"name\":\"Szafka wisz\u0105ca naro\u017cna WRP&#8230;\/61 &#8211; KamMono\"}]},{\"@type\":\"WebSite\",\"@id\":\"https:\/\/meblekuchenne.pl\/sklep\/#website\",\"url\":\"https:\/\/meblekuchenne.pl\/sklep\/\",\"name\":\"MebleKuchenne.PL - SKLEP\",\"description\":\"\",\"publisher\":{\"@id\":\"https:\/\/meblekuchenne.pl\/sklep\/#organization\"},\"potentialAction\":[{\"@type\":\"SearchAction\",\"target\":{\"@type\":\"EntryPoint\",\"urlTemplate\":\"https:\/\/meblekuchenne.pl\/sklep\/?s={search_term_string}\"},\"query-input\":{\"@type\":\"PropertyValueSpecification\",\"valueRequired\":true,\"valueName\":\"search_term_string\"}}],\"inLanguage\":\"pl-PL\"},{\"@type\":\"Organization\",\"@id\":\"https:\/\/meblekuchenne.pl\/sklep\/#organization\",\"name\":\"MebleKuchenne.PL - SKLEP\",\"url\":\"https:\/\/meblekuchenne.pl\/sklep\/\",\"logo\":{\"@type\":\"ImageObject\",\"inLanguage\":\"pl-PL\",\"@id\":\"https:\/\/meblekuchenne.pl\/sklep\/#\/schema\/logo\/image\/\",\"url\":\"https:\/\/meblekuchenne.pl\/sklep\/wp-content\/uploads\/2025\/06\/cropped-cropped-logo.webp\",\"contentUrl\":\"https:\/\/meblekuchenne.pl\/sklep\/wp-content\/uploads\/2025\/06\/cropped-cropped-logo.webp\",\"width\":735,\"height\":715,\"caption\":\"MebleKuchenne.PL - SKLEP\"},\"image\":{\"@id\":\"https:\/\/meblekuchenne.pl\/sklep\/#\/schema\/logo\/image\/\"}}]}<\/script>\n<meta property=\"og:availability\" content=\"instock\" \/>\n<meta property=\"product:availability\" content=\"instock\" \/>\n<meta property=\"product:retailer_item_id\" content=\"WRP\/61\" \/>\n<meta property=\"product:condition\" content=\"new\" \/>\n<!-- \/ Yoast SEO Premium plugin. -->","yoast_head_json":{"title":"Szafka wisz\u0105ca naro\u017cna WRP...\/61\u00a0","description":"Szafka wisz\u0105ca naro\u017cna WRP...\/61\u00a0 to funkcjonalne rozwi\u0105zanie dla kuchni, kt\u00f3re pozwala na optymalne zagospodarowanie przestrzeni naro\u017cnej.","robots":{"index":"index","follow":"follow","max-snippet":"max-snippet:-1","max-image-preview":"max-image-preview:large","max-video-preview":"max-video-preview:-1"},"canonical":"https:\/\/meblekuchenne.pl\/sklep\/product\/szafka-wiszaca-narozna-wrp60x60-61-wrp65x65-61-kammono\/","og_locale":"pl_PL","og_type":"article","og_title":"Szafka wisz\u0105ca naro\u017cna WRP...\/61 - KamMono","og_description":"Szafka wisz\u0105ca naro\u017cna WRP...\/61\u00a0 to funkcjonalne rozwi\u0105zanie dla kuchni, kt\u00f3re pozwala na optymalne zagospodarowanie przestrzeni naro\u017cnej.","og_url":"https:\/\/meblekuchenne.pl\/sklep\/product\/szafka-wiszaca-narozna-wrp60x60-61-wrp65x65-61-kammono\/","og_site_name":"MebleKuchenne.PL - SKLEP","article_modified_time":"2026-03-31T11:09:00+00:00","og_image":[{"width":1600,"height":1080,"url":"https:\/\/meblekuchenne.pl\/sklep\/wp-content\/uploads\/2025\/02\/wrp-65-61.webp","type":"image\/webp"}],"twitter_card":"summary_large_image","twitter_misc":{"Dost\u0119pno\u015b\u0107":"Dost\u0119pny"},"schema":{"@context":"https:\/\/schema.org","@graph":[{"@type":"WebPage","@id":"https:\/\/meblekuchenne.pl\/sklep\/product\/szafka-wiszaca-narozna-wrp60x60-61-wrp65x65-61-kammono\/","url":"https:\/\/meblekuchenne.pl\/sklep\/product\/szafka-wiszaca-narozna-wrp60x60-61-wrp65x65-61-kammono\/","name":"Szafka wisz\u0105ca naro\u017cna WRP...\/61\u00a0","isPartOf":{"@id":"https:\/\/meblekuchenne.pl\/sklep\/#website"},"primaryImageOfPage":{"@id":"https:\/\/meblekuchenne.pl\/sklep\/product\/szafka-wiszaca-narozna-wrp60x60-61-wrp65x65-61-kammono\/#primaryimage"},"image":{"@id":"https:\/\/meblekuchenne.pl\/sklep\/product\/szafka-wiszaca-narozna-wrp60x60-61-wrp65x65-61-kammono\/#primaryimage"},"thumbnailUrl":"https:\/\/meblekuchenne.pl\/sklep\/wp-content\/uploads\/2025\/02\/wrp-65-61.webp","datePublished":"2025-02-21T18:14:45+00:00","dateModified":"2026-03-31T11:09:00+00:00","description":"Szafka wisz\u0105ca naro\u017cna WRP...\/61\u00a0 to funkcjonalne rozwi\u0105zanie dla kuchni, kt\u00f3re pozwala na optymalne zagospodarowanie przestrzeni naro\u017cnej.","breadcrumb":{"@id":"https:\/\/meblekuchenne.pl\/sklep\/product\/szafka-wiszaca-narozna-wrp60x60-61-wrp65x65-61-kammono\/#breadcrumb"},"inLanguage":"pl-PL","potentialAction":[{"@type":"ReadAction","target":["https:\/\/meblekuchenne.pl\/sklep\/product\/szafka-wiszaca-narozna-wrp60x60-61-wrp65x65-61-kammono\/"]}]},{"@type":"ImageObject","inLanguage":"pl-PL","@id":"https:\/\/meblekuchenne.pl\/sklep\/product\/szafka-wiszaca-narozna-wrp60x60-61-wrp65x65-61-kammono\/#primaryimage","url":"https:\/\/meblekuchenne.pl\/sklep\/wp-content\/uploads\/2025\/02\/wrp-65-61.webp","contentUrl":"https:\/\/meblekuchenne.pl\/sklep\/wp-content\/uploads\/2025\/02\/wrp-65-61.webp","width":1600,"height":1080},{"@type":"BreadcrumbList","@id":"https:\/\/meblekuchenne.pl\/sklep\/product\/szafka-wiszaca-narozna-wrp60x60-61-wrp65x65-61-kammono\/#breadcrumb","itemListElement":[{"@type":"ListItem","position":1,"name":"Strona g\u0142\u00f3wna","item":"https:\/\/meblekuchenne.pl\/sklep\/"},{"@type":"ListItem","position":2,"name":"Sklep","item":"https:\/\/meblekuchenne.pl\/sklep\/sklep\/"},{"@type":"ListItem","position":3,"name":"Szafka wisz\u0105ca naro\u017cna WRP&#8230;\/61 &#8211; KamMono"}]},{"@type":"WebSite","@id":"https:\/\/meblekuchenne.pl\/sklep\/#website","url":"https:\/\/meblekuchenne.pl\/sklep\/","name":"MebleKuchenne.PL - SKLEP","description":"","publisher":{"@id":"https:\/\/meblekuchenne.pl\/sklep\/#organization"},"potentialAction":[{"@type":"SearchAction","target":{"@type":"EntryPoint","urlTemplate":"https:\/\/meblekuchenne.pl\/sklep\/?s={search_term_string}"},"query-input":{"@type":"PropertyValueSpecification","valueRequired":true,"valueName":"search_term_string"}}],"inLanguage":"pl-PL"},{"@type":"Organization","@id":"https:\/\/meblekuchenne.pl\/sklep\/#organization","name":"MebleKuchenne.PL - SKLEP","url":"https:\/\/meblekuchenne.pl\/sklep\/","logo":{"@type":"ImageObject","inLanguage":"pl-PL","@id":"https:\/\/meblekuchenne.pl\/sklep\/#\/schema\/logo\/image\/","url":"https:\/\/meblekuchenne.pl\/sklep\/wp-content\/uploads\/2025\/06\/cropped-cropped-logo.webp","contentUrl":"https:\/\/meblekuchenne.pl\/sklep\/wp-content\/uploads\/2025\/06\/cropped-cropped-logo.webp","width":735,"height":715,"caption":"MebleKuchenne.PL - SKLEP"},"image":{"@id":"https:\/\/meblekuchenne.pl\/sklep\/#\/schema\/logo\/image\/"}}]},"og_availability":"instock","product_availability":"instock","product_retailer_item_id":"WRP\/61","product_condition":"new"},"_links":{"self":[{"href":"https:\/\/meblekuchenne.pl\/sklep\/wp-json\/wp\/v2\/product\/46944","targetHints":{"allow":["GET"]}}],"collection":[{"href":"https:\/\/meblekuchenne.pl\/sklep\/wp-json\/wp\/v2\/product"}],"about":[{"href":"https:\/\/meblekuchenne.pl\/sklep\/wp-json\/wp\/v2\/types\/product"}],"wp:featuredmedia":[{"embeddable":true,"href":"https:\/\/meblekuchenne.pl\/sklep\/wp-json\/wp\/v2\/media\/60056"}],"wp:attachment":[{"href":"https:\/\/meblekuchenne.pl\/sklep\/wp-json\/wp\/v2\/media?parent=46944"}],"wp:term":[{"taxonomy":"product_brand","embeddable":true,"href":"https:\/\/meblekuchenne.pl\/sklep\/wp-json\/wp\/v2\/product_brand?post=46944"},{"taxonomy":"product_cat","embeddable":true,"href":"https:\/\/meblekuchenne.pl\/sklep\/wp-json\/wp\/v2\/product_cat?post=46944"},{"taxonomy":"product_tag","embeddable":true,"href":"https:\/\/meblekuchenne.pl\/sklep\/wp-json\/wp\/v2\/product_tag?post=46944"}],"curies":[{"name":"wp","href":"https:\/\/api.w.org\/{rel}","templated":true}]}}