{"id":46882,"date":"2025-02-21T19:13:54","date_gmt":"2025-02-21T18:13:54","guid":{"rendered":"https:\/\/meblekuchenne.pl\/sklep\/?post_type=product&#038;p=46882"},"modified":"2026-03-31T13:09:02","modified_gmt":"2026-03-31T11:09:02","slug":"szafka-wiszaca-z-suszarka-ws-1-61-szer-4560-cm-kammono","status":"publish","type":"product","link":"https:\/\/meblekuchenne.pl\/sklep\/product\/szafka-wiszaca-z-suszarka-ws-1-61-szer-4560-cm-kammono\/","title":{"rendered":"Szafka wisz\u0105ca z suszark\u0105 WS&#8230; .1\/61 &#8211; szer. 45,60 cm &#8211; KamMono"},"content":{"rendered":"<h3 data-start=\"0\" data-end=\"62\"><strong data-start=\"4\" data-end=\"62\">Szafka wisz\u0105ca z suszark\u0105 WS&#8230; .1\/61 &#8211; szer. 45,60 cm<\/strong><\/h3>\n<p>Szafka z suszark\u0105 &#8211; szer. 45, 60 cm, wys. 61 cm, g\u0142. 32 cm<\/p>\n<p data-start=\"64\" data-end=\"462\">Szafka wisz\u0105ca z suszark\u0105 <strong data-start=\"79\" data-end=\"94\">WS&#8230; .1\/61<\/strong> to funkcjonalne rozwi\u0105zanie dla kuchni, kt\u00f3re \u0142\u0105czy funkcj\u0119 przechowywania z miejscem na suszenie naczy\u0144. Dzi\u0119ki optymalnym wymiarom, szafka jest idealna do kuchni o \u015bredniej wielko\u015bci, gdzie liczy si\u0119 zar\u00f3wno przestronno\u015b\u0107, jak i porz\u0105dek. To propozycja dla os\u00f3b, kt\u00f3re ceni\u0105 porz\u0105dek i wygod\u0119 w codziennym u\u017cytkowaniu, a jednocze\u015bnie nie chc\u0105 rezygnowa\u0107 z estetyki.<\/p>\n<h3 data-start=\"469\" data-end=\"497\"><strong data-start=\"473\" data-end=\"497\">Najwa\u017cniejsze cechy:<\/strong><\/h3>\n<ul data-start=\"499\" data-end=\"1300\">\n<li data-start=\"499\" data-end=\"642\"><strong data-start=\"501\" data-end=\"523\">Wbudowana suszarka<\/strong> \u2013 specjalna sekcja na naczynia umo\u017cliwia ich szybkie i wygodne osuszanie, co oszcz\u0119dza czas oraz przestrze\u0144 na blacie.<\/li>\n<li data-start=\"643\" data-end=\"769\"><strong data-start=\"645\" data-end=\"668\">Dost\u0119pne szeroko\u015bci<\/strong> \u2013 dost\u0119pna w szeroko\u015bciach 45 cm i 60 cm, co pozwala na dopasowanie jej do r\u00f3\u017cnych rozmiar\u00f3w kuchni.<\/li>\n<li data-start=\"770\" data-end=\"919\"><strong data-start=\"772\" data-end=\"790\">System KAMMONO<\/strong> \u2013 cz\u0119\u015b\u0107 systemu <strong data-start=\"807\" data-end=\"818\">KAMMONO<\/strong>, co u\u0142atwia dopasowanie szafki do innych mebli w tej samej serii, tworz\u0105c sp\u00f3jn\u0105 aran\u017cacj\u0119 kuchenn\u0105.<\/li>\n<li data-start=\"920\" data-end=\"1063\"><strong data-start=\"922\" data-end=\"945\">Solidna konstrukcja<\/strong> \u2013 wykonana z materia\u0142\u00f3w odpornych na wilgo\u0107, co zapewnia d\u0142ugowieczno\u015b\u0107 szafki nawet w trudnych warunkach kuchennych.<\/li>\n<li data-start=\"1064\" data-end=\"1194\"><strong data-start=\"1066\" data-end=\"1087\">Estetyczny wygl\u0105d<\/strong> \u2013 elegancka i nowoczesna, pasuje do r\u00f3\u017cnych styl\u00f3w kuchennych, zachowuj\u0105c funkcjonalno\u015b\u0107 i stylowy wygl\u0105d.<\/li>\n<li data-start=\"1195\" data-end=\"1300\"><strong data-start=\"1197\" data-end=\"1213\">\u0141atwy monta\u017c<\/strong> \u2013 prosta do zainstalowania w ka\u017cdej kuchni, dzi\u0119ki dobrze zaprojektowanej konstrukcji.<\/li>\n<\/ul>\n<h3 data-start=\"1307\" data-end=\"1356\"><strong data-start=\"1311\" data-end=\"1356\">Dlaczego warto wybra\u0107 szafk\u0119 WS&#8230; .1\/61?<\/strong><\/h3>\n<ul data-start=\"1358\" data-end=\"1913\">\n<li data-start=\"1358\" data-end=\"1510\"><strong data-start=\"1360\" data-end=\"1378\">Funkcjonalno\u015b\u0107<\/strong> \u2013 szafka z suszark\u0105 pomaga zaoszcz\u0119dzi\u0107 miejsce, jednocze\u015bnie oferuj\u0105c wygodne miejsce do przechowywania naczy\u0144 oraz ich osuszania.<\/li>\n<li data-start=\"1511\" data-end=\"1632\"><strong data-start=\"1513\" data-end=\"1532\">Estetyka i styl<\/strong> \u2013 nowoczesny design pasuje do wielu aran\u017cacji kuchennych, zapewniaj\u0105c elegancki wygl\u0105d przestrzeni.<\/li>\n<li data-start=\"1633\" data-end=\"1785\"><strong data-start=\"1635\" data-end=\"1662\">Wysoka jako\u015b\u0107 wykonania<\/strong> \u2013 solidne materia\u0142y zapewniaj\u0105 odporno\u015b\u0107 na wilgo\u0107 oraz uszkodzenia mechaniczne, co gwarantuje trwa\u0142o\u015b\u0107 przez d\u0142ugie lata.<\/li>\n<li data-start=\"1786\" data-end=\"1913\"><strong data-start=\"1788\" data-end=\"1808\">Prostota monta\u017cu<\/strong> \u2013 \u0142atwy spos\u00f3b monta\u017cu sprawia, \u017ce szafka idealnie wpasowuje si\u0119 w Twoj\u0105 kuchni\u0119 bez zb\u0119dnych trudno\u015bci.<\/li>\n<\/ul>\n<h3 data-start=\"1920\" data-end=\"1961\"><strong data-start=\"1924\" data-end=\"1961\">Kompatybilno\u015b\u0107 z systemem KAMMONO<\/strong><\/h3>\n<p data-start=\"1963\" data-end=\"2179\" data-is-last-node=\"\" data-is-only-node=\"\">Szafka <strong data-start=\"1970\" data-end=\"1985\">WS&#8230; .1\/61<\/strong> to cz\u0119\u015b\u0107 <strong data-start=\"1995\" data-end=\"2014\">systemu KAMMONO<\/strong>, co umo\u017cliwia \u0142atwe dopasowanie do innych element\u00f3w mebli kuchennych z tej samej linii. Dzi\u0119ki temu stworzysz funkcjonaln\u0105, sp\u00f3jn\u0105 i estetyczn\u0105 przestrze\u0144 kuchenn\u0105.<\/p>\n","protected":false},"excerpt":{"rendered":"<p>Szafka wisz\u0105ca <strong data-start=\"79\" data-end=\"94\">WS&#8230; .1\/61<\/strong> to funkcjonalne rozwi\u0105zanie dla kuchni, kt\u00f3re \u0142\u0105czy funkcj\u0119 przechowywania z miejscem na suszenie naczy\u0144. Dzi\u0119ki optymalnym wymiarom, szafka jest idealna do kuchni o \u015bredniej wielko\u015bci, gdzie liczy si\u0119 zar\u00f3wno przestronno\u015b\u0107, jak i porz\u0105dek. To propozycja dla os\u00f3b, kt\u00f3re ceni\u0105 porz\u0105dek i wygod\u0119 w codziennym u\u017cytkowaniu, a jednocze\u015bnie nie chc\u0105 rezygnowa\u0107 z estetyki.<\/p>\n","protected":false},"featured_media":60059,"template":"","meta":[],"product_brand":[710],"product_cat":[778,775,454,474,495,536],"product_tag":[],"class_list":{"0":"post-46882","1":"product","2":"type-product","3":"status-publish","4":"has-post-thumbnail","6":"product_brand-meble-kam","7":"product_cat-szafki-kuchenne-wiszace-sklep","8":"product_cat-wszystko","9":"product_cat-meble-kam-mono","10":"product_cat-szafki-wiszace","11":"product_cat-szafki-wiszace-61","12":"product_cat-szafki-wiszace-w-glebokosc-32-cm","13":"product_shipping_class-szafka-wiszaca-kam","14":"pa_front-f10","15":"pa_front-f11","16":"pa_front-f4","17":"pa_front-f6","18":"pa_front-f7","19":"pa_front-f8","20":"pa_front-fg2","21":"pa_front-k2","22":"pa_front-kc2","23":"pa_front-kc4","24":"pa_front-l4-mat","25":"pa_front-l4-polysk","26":"pa_front-m4","27":"pa_front-os_2","28":"pa_front-os_2black","29":"pa_front-p00","30":"pa_front-p2","31":"pa_front-p4","32":"pa_rozmiar-45-cm","33":"pa_rozmiar-60-cm","35":"first","36":"instock","37":"shipping-taxable","38":"purchasable","39":"product-type-variable"},"yoast_head":"<!-- This site is optimized with the Yoast SEO Premium plugin v25.0 (Yoast SEO v25.0) - https:\/\/yoast.com\/wordpress\/plugins\/seo\/ -->\n<title>Szafka wisz\u0105ca z suszark\u0105 WS... .1\/61<\/title>\n<meta name=\"description\" content=\"Szafka wisz\u0105ca z suszark\u0105 WS... .1\/61 to funkcjonalne rozwi\u0105zanie dla kuchni, kt\u00f3re \u0142\u0105czy funkcj\u0119 przechowywania z miejscem na suszenie naczy\u0144.\" \/>\n<meta name=\"robots\" content=\"index, follow, max-snippet:-1, max-image-preview:large, max-video-preview:-1\" \/>\n<link rel=\"canonical\" href=\"https:\/\/meblekuchenne.pl\/sklep\/product\/szafka-wiszaca-z-suszarka-ws-1-61-szer-4560-cm-kammono\/\" \/>\n<meta property=\"og:locale\" content=\"pl_PL\" \/>\n<meta property=\"og:type\" content=\"article\" \/>\n<meta property=\"og:title\" content=\"Szafka wisz\u0105ca z suszark\u0105 WS... .1\/61 - szer. 45,60 cm - KamMono\" \/>\n<meta property=\"og:description\" content=\"Szafka wisz\u0105ca z suszark\u0105 WS... .1\/61 to funkcjonalne rozwi\u0105zanie dla kuchni, kt\u00f3re \u0142\u0105czy funkcj\u0119 przechowywania z miejscem na suszenie naczy\u0144.\" \/>\n<meta property=\"og:url\" content=\"https:\/\/meblekuchenne.pl\/sklep\/product\/szafka-wiszaca-z-suszarka-ws-1-61-szer-4560-cm-kammono\/\" \/>\n<meta property=\"og:site_name\" content=\"MebleKuchenne.PL - SKLEP\" \/>\n<meta property=\"article:modified_time\" content=\"2026-03-31T11:09:02+00:00\" \/>\n<meta property=\"og:image\" content=\"https:\/\/meblekuchenne.pl\/sklep\/wp-content\/uploads\/2025\/02\/ws60.1-61-1.webp\" \/>\n\t<meta property=\"og:image:width\" content=\"1600\" \/>\n\t<meta property=\"og:image:height\" content=\"1080\" \/>\n\t<meta property=\"og:image:type\" content=\"image\/webp\" \/>\n<meta name=\"twitter:card\" content=\"summary_large_image\" \/>\n<meta name=\"twitter:label1\" content=\"Dost\u0119pno\u015b\u0107\" \/>\n\t<meta name=\"twitter:data1\" content=\"Dost\u0119pny\" \/>\n<script type=\"application\/ld+json\" class=\"yoast-schema-graph\">{\"@context\":\"https:\/\/schema.org\",\"@graph\":[{\"@type\":\"WebPage\",\"@id\":\"https:\/\/meblekuchenne.pl\/sklep\/product\/szafka-wiszaca-z-suszarka-ws-1-61-szer-4560-cm-kammono\/\",\"url\":\"https:\/\/meblekuchenne.pl\/sklep\/product\/szafka-wiszaca-z-suszarka-ws-1-61-szer-4560-cm-kammono\/\",\"name\":\"Szafka wisz\u0105ca z suszark\u0105 WS... .1\/61\",\"isPartOf\":{\"@id\":\"https:\/\/meblekuchenne.pl\/sklep\/#website\"},\"primaryImageOfPage\":{\"@id\":\"https:\/\/meblekuchenne.pl\/sklep\/product\/szafka-wiszaca-z-suszarka-ws-1-61-szer-4560-cm-kammono\/#primaryimage\"},\"image\":{\"@id\":\"https:\/\/meblekuchenne.pl\/sklep\/product\/szafka-wiszaca-z-suszarka-ws-1-61-szer-4560-cm-kammono\/#primaryimage\"},\"thumbnailUrl\":\"https:\/\/meblekuchenne.pl\/sklep\/wp-content\/uploads\/2025\/02\/ws60.1-61-1.webp\",\"datePublished\":\"2025-02-21T18:13:54+00:00\",\"dateModified\":\"2026-03-31T11:09:02+00:00\",\"description\":\"Szafka wisz\u0105ca z suszark\u0105 WS... .1\/61 to funkcjonalne rozwi\u0105zanie dla kuchni, kt\u00f3re \u0142\u0105czy funkcj\u0119 przechowywania z miejscem na suszenie naczy\u0144.\",\"breadcrumb\":{\"@id\":\"https:\/\/meblekuchenne.pl\/sklep\/product\/szafka-wiszaca-z-suszarka-ws-1-61-szer-4560-cm-kammono\/#breadcrumb\"},\"inLanguage\":\"pl-PL\",\"potentialAction\":[{\"@type\":\"ReadAction\",\"target\":[\"https:\/\/meblekuchenne.pl\/sklep\/product\/szafka-wiszaca-z-suszarka-ws-1-61-szer-4560-cm-kammono\/\"]}]},{\"@type\":\"ImageObject\",\"inLanguage\":\"pl-PL\",\"@id\":\"https:\/\/meblekuchenne.pl\/sklep\/product\/szafka-wiszaca-z-suszarka-ws-1-61-szer-4560-cm-kammono\/#primaryimage\",\"url\":\"https:\/\/meblekuchenne.pl\/sklep\/wp-content\/uploads\/2025\/02\/ws60.1-61-1.webp\",\"contentUrl\":\"https:\/\/meblekuchenne.pl\/sklep\/wp-content\/uploads\/2025\/02\/ws60.1-61-1.webp\",\"width\":1600,\"height\":1080},{\"@type\":\"BreadcrumbList\",\"@id\":\"https:\/\/meblekuchenne.pl\/sklep\/product\/szafka-wiszaca-z-suszarka-ws-1-61-szer-4560-cm-kammono\/#breadcrumb\",\"itemListElement\":[{\"@type\":\"ListItem\",\"position\":1,\"name\":\"Strona g\u0142\u00f3wna\",\"item\":\"https:\/\/meblekuchenne.pl\/sklep\/\"},{\"@type\":\"ListItem\",\"position\":2,\"name\":\"Sklep\",\"item\":\"https:\/\/meblekuchenne.pl\/sklep\/sklep\/\"},{\"@type\":\"ListItem\",\"position\":3,\"name\":\"Szafka wisz\u0105ca z suszark\u0105 WS&#8230; .1\/61 &#8211; szer. 45,60 cm &#8211; KamMono\"}]},{\"@type\":\"WebSite\",\"@id\":\"https:\/\/meblekuchenne.pl\/sklep\/#website\",\"url\":\"https:\/\/meblekuchenne.pl\/sklep\/\",\"name\":\"MebleKuchenne.PL - SKLEP\",\"description\":\"\",\"publisher\":{\"@id\":\"https:\/\/meblekuchenne.pl\/sklep\/#organization\"},\"potentialAction\":[{\"@type\":\"SearchAction\",\"target\":{\"@type\":\"EntryPoint\",\"urlTemplate\":\"https:\/\/meblekuchenne.pl\/sklep\/?s={search_term_string}\"},\"query-input\":{\"@type\":\"PropertyValueSpecification\",\"valueRequired\":true,\"valueName\":\"search_term_string\"}}],\"inLanguage\":\"pl-PL\"},{\"@type\":\"Organization\",\"@id\":\"https:\/\/meblekuchenne.pl\/sklep\/#organization\",\"name\":\"MebleKuchenne.PL - SKLEP\",\"url\":\"https:\/\/meblekuchenne.pl\/sklep\/\",\"logo\":{\"@type\":\"ImageObject\",\"inLanguage\":\"pl-PL\",\"@id\":\"https:\/\/meblekuchenne.pl\/sklep\/#\/schema\/logo\/image\/\",\"url\":\"https:\/\/meblekuchenne.pl\/sklep\/wp-content\/uploads\/2025\/06\/cropped-cropped-logo.webp\",\"contentUrl\":\"https:\/\/meblekuchenne.pl\/sklep\/wp-content\/uploads\/2025\/06\/cropped-cropped-logo.webp\",\"width\":735,\"height\":715,\"caption\":\"MebleKuchenne.PL - SKLEP\"},\"image\":{\"@id\":\"https:\/\/meblekuchenne.pl\/sklep\/#\/schema\/logo\/image\/\"}}]}<\/script>\n<meta property=\"og:availability\" content=\"instock\" \/>\n<meta property=\"product:availability\" content=\"instock\" \/>\n<meta property=\"product:retailer_item_id\" content=\"WS.1\/61\" \/>\n<meta property=\"product:condition\" content=\"new\" \/>\n<!-- \/ Yoast SEO Premium plugin. -->","yoast_head_json":{"title":"Szafka wisz\u0105ca z suszark\u0105 WS... .1\/61","description":"Szafka wisz\u0105ca z suszark\u0105 WS... .1\/61 to funkcjonalne rozwi\u0105zanie dla kuchni, kt\u00f3re \u0142\u0105czy funkcj\u0119 przechowywania z miejscem na suszenie naczy\u0144.","robots":{"index":"index","follow":"follow","max-snippet":"max-snippet:-1","max-image-preview":"max-image-preview:large","max-video-preview":"max-video-preview:-1"},"canonical":"https:\/\/meblekuchenne.pl\/sklep\/product\/szafka-wiszaca-z-suszarka-ws-1-61-szer-4560-cm-kammono\/","og_locale":"pl_PL","og_type":"article","og_title":"Szafka wisz\u0105ca z suszark\u0105 WS... .1\/61 - szer. 45,60 cm - KamMono","og_description":"Szafka wisz\u0105ca z suszark\u0105 WS... .1\/61 to funkcjonalne rozwi\u0105zanie dla kuchni, kt\u00f3re \u0142\u0105czy funkcj\u0119 przechowywania z miejscem na suszenie naczy\u0144.","og_url":"https:\/\/meblekuchenne.pl\/sklep\/product\/szafka-wiszaca-z-suszarka-ws-1-61-szer-4560-cm-kammono\/","og_site_name":"MebleKuchenne.PL - SKLEP","article_modified_time":"2026-03-31T11:09:02+00:00","og_image":[{"width":1600,"height":1080,"url":"https:\/\/meblekuchenne.pl\/sklep\/wp-content\/uploads\/2025\/02\/ws60.1-61-1.webp","type":"image\/webp"}],"twitter_card":"summary_large_image","twitter_misc":{"Dost\u0119pno\u015b\u0107":"Dost\u0119pny"},"schema":{"@context":"https:\/\/schema.org","@graph":[{"@type":"WebPage","@id":"https:\/\/meblekuchenne.pl\/sklep\/product\/szafka-wiszaca-z-suszarka-ws-1-61-szer-4560-cm-kammono\/","url":"https:\/\/meblekuchenne.pl\/sklep\/product\/szafka-wiszaca-z-suszarka-ws-1-61-szer-4560-cm-kammono\/","name":"Szafka wisz\u0105ca z suszark\u0105 WS... .1\/61","isPartOf":{"@id":"https:\/\/meblekuchenne.pl\/sklep\/#website"},"primaryImageOfPage":{"@id":"https:\/\/meblekuchenne.pl\/sklep\/product\/szafka-wiszaca-z-suszarka-ws-1-61-szer-4560-cm-kammono\/#primaryimage"},"image":{"@id":"https:\/\/meblekuchenne.pl\/sklep\/product\/szafka-wiszaca-z-suszarka-ws-1-61-szer-4560-cm-kammono\/#primaryimage"},"thumbnailUrl":"https:\/\/meblekuchenne.pl\/sklep\/wp-content\/uploads\/2025\/02\/ws60.1-61-1.webp","datePublished":"2025-02-21T18:13:54+00:00","dateModified":"2026-03-31T11:09:02+00:00","description":"Szafka wisz\u0105ca z suszark\u0105 WS... .1\/61 to funkcjonalne rozwi\u0105zanie dla kuchni, kt\u00f3re \u0142\u0105czy funkcj\u0119 przechowywania z miejscem na suszenie naczy\u0144.","breadcrumb":{"@id":"https:\/\/meblekuchenne.pl\/sklep\/product\/szafka-wiszaca-z-suszarka-ws-1-61-szer-4560-cm-kammono\/#breadcrumb"},"inLanguage":"pl-PL","potentialAction":[{"@type":"ReadAction","target":["https:\/\/meblekuchenne.pl\/sklep\/product\/szafka-wiszaca-z-suszarka-ws-1-61-szer-4560-cm-kammono\/"]}]},{"@type":"ImageObject","inLanguage":"pl-PL","@id":"https:\/\/meblekuchenne.pl\/sklep\/product\/szafka-wiszaca-z-suszarka-ws-1-61-szer-4560-cm-kammono\/#primaryimage","url":"https:\/\/meblekuchenne.pl\/sklep\/wp-content\/uploads\/2025\/02\/ws60.1-61-1.webp","contentUrl":"https:\/\/meblekuchenne.pl\/sklep\/wp-content\/uploads\/2025\/02\/ws60.1-61-1.webp","width":1600,"height":1080},{"@type":"BreadcrumbList","@id":"https:\/\/meblekuchenne.pl\/sklep\/product\/szafka-wiszaca-z-suszarka-ws-1-61-szer-4560-cm-kammono\/#breadcrumb","itemListElement":[{"@type":"ListItem","position":1,"name":"Strona g\u0142\u00f3wna","item":"https:\/\/meblekuchenne.pl\/sklep\/"},{"@type":"ListItem","position":2,"name":"Sklep","item":"https:\/\/meblekuchenne.pl\/sklep\/sklep\/"},{"@type":"ListItem","position":3,"name":"Szafka wisz\u0105ca z suszark\u0105 WS&#8230; .1\/61 &#8211; szer. 45,60 cm &#8211; KamMono"}]},{"@type":"WebSite","@id":"https:\/\/meblekuchenne.pl\/sklep\/#website","url":"https:\/\/meblekuchenne.pl\/sklep\/","name":"MebleKuchenne.PL - SKLEP","description":"","publisher":{"@id":"https:\/\/meblekuchenne.pl\/sklep\/#organization"},"potentialAction":[{"@type":"SearchAction","target":{"@type":"EntryPoint","urlTemplate":"https:\/\/meblekuchenne.pl\/sklep\/?s={search_term_string}"},"query-input":{"@type":"PropertyValueSpecification","valueRequired":true,"valueName":"search_term_string"}}],"inLanguage":"pl-PL"},{"@type":"Organization","@id":"https:\/\/meblekuchenne.pl\/sklep\/#organization","name":"MebleKuchenne.PL - SKLEP","url":"https:\/\/meblekuchenne.pl\/sklep\/","logo":{"@type":"ImageObject","inLanguage":"pl-PL","@id":"https:\/\/meblekuchenne.pl\/sklep\/#\/schema\/logo\/image\/","url":"https:\/\/meblekuchenne.pl\/sklep\/wp-content\/uploads\/2025\/06\/cropped-cropped-logo.webp","contentUrl":"https:\/\/meblekuchenne.pl\/sklep\/wp-content\/uploads\/2025\/06\/cropped-cropped-logo.webp","width":735,"height":715,"caption":"MebleKuchenne.PL - SKLEP"},"image":{"@id":"https:\/\/meblekuchenne.pl\/sklep\/#\/schema\/logo\/image\/"}}]},"og_availability":"instock","product_availability":"instock","product_retailer_item_id":"WS.1\/61","product_condition":"new"},"_links":{"self":[{"href":"https:\/\/meblekuchenne.pl\/sklep\/wp-json\/wp\/v2\/product\/46882","targetHints":{"allow":["GET"]}}],"collection":[{"href":"https:\/\/meblekuchenne.pl\/sklep\/wp-json\/wp\/v2\/product"}],"about":[{"href":"https:\/\/meblekuchenne.pl\/sklep\/wp-json\/wp\/v2\/types\/product"}],"wp:featuredmedia":[{"embeddable":true,"href":"https:\/\/meblekuchenne.pl\/sklep\/wp-json\/wp\/v2\/media\/60059"}],"wp:attachment":[{"href":"https:\/\/meblekuchenne.pl\/sklep\/wp-json\/wp\/v2\/media?parent=46882"}],"wp:term":[{"taxonomy":"product_brand","embeddable":true,"href":"https:\/\/meblekuchenne.pl\/sklep\/wp-json\/wp\/v2\/product_brand?post=46882"},{"taxonomy":"product_cat","embeddable":true,"href":"https:\/\/meblekuchenne.pl\/sklep\/wp-json\/wp\/v2\/product_cat?post=46882"},{"taxonomy":"product_tag","embeddable":true,"href":"https:\/\/meblekuchenne.pl\/sklep\/wp-json\/wp\/v2\/product_tag?post=46882"}],"curies":[{"name":"wp","href":"https:\/\/api.w.org\/{rel}","templated":true}]}}