{"id":46523,"date":"2025-02-21T19:09:49","date_gmt":"2025-02-21T18:09:49","guid":{"rendered":"https:\/\/meblekuchenne.pl\/sklep\/?post_type=product&#038;p=46523"},"modified":"2026-04-01T13:34:32","modified_gmt":"2026-04-01T11:34:32","slug":"slupek-sd-st3-71-szer-40-60-cm-3-szuflady-blum-kammono","status":"publish","type":"product","link":"https:\/\/meblekuchenne.pl\/sklep\/product\/slupek-sd-st3-71-szer-40-60-cm-3-szuflady-blum-kammono\/","title":{"rendered":"S\u0142upek SD&#8230;ST3\/71 &#8211; szer. 40-60 cm &#8211; 3 szuflady Blum &#8211; KamMono"},"content":{"rendered":"<h3 data-start=\"59\" data-end=\"145\">S\u0142upek SD&#8230;ST3\/71 \u2013 S\u0142upek z 3 szufladami Blum (szer. 40-60 cm)<\/h3>\n<p>S\u0142upek z 3 szufladami &#8211; szer. 40, 50, 60 cm, wys. 199 cm, g\u0142. 58 cm<\/p>\n<p data-start=\"147\" data-end=\"553\"><strong data-start=\"147\" data-end=\"169\">S\u0142upek SD&#8230;ST3\/71<\/strong> to funkcjonalny mebel przeznaczony do przechowywania, idealny do nowoczesnych kuchni. Wyposa\u017cony w <strong data-start=\"269\" data-end=\"288\">3 szuflady Blum<\/strong>, oferuje doskona\u0142\u0105 organizacj\u0119 przestrzeni, a dodatkowo posiada przestronn\u0105 szafk\u0119 nad nimi. Jest to rozwi\u0105zanie, kt\u00f3re sprawdza si\u0119 w codziennym u\u017cytkowaniu, zapewniaj\u0105c \u0142atwy dost\u0119p do przechowywanych przedmiot\u00f3w oraz wygod\u0119 dzi\u0119ki doskona\u0142emu systemowi szuflad.<\/p>\n<h3 data-start=\"555\" data-end=\"591\">G\u0142\u00f3wne cechy:<\/h3>\n<ol data-start=\"593\" data-end=\"1541\">\n<li data-start=\"593\" data-end=\"804\">\n<p data-start=\"596\" data-end=\"804\"><strong data-start=\"596\" data-end=\"615\">3 szuflady Blum<\/strong> \u2013 S\u0142upek wyposa\u017cony w <strong data-start=\"638\" data-end=\"657\">3 szuflady Blum<\/strong>, kt\u00f3re zapewniaj\u0105 wyj\u0105tkow\u0105 p\u0142ynno\u015b\u0107 otwierania i ciche zamykanie. Dzi\u0119ki wysokiej jako\u015bci prowadnicom, szuflady s\u0105 niezwykle trwa\u0142e i niezawodne.<\/p>\n<\/li>\n<li data-start=\"809\" data-end=\"1035\">\n<p data-start=\"812\" data-end=\"1035\"><strong data-start=\"812\" data-end=\"834\">Przestronna szafka<\/strong> \u2013 Nad szufladami znajduje si\u0119 przestronna szafka, kt\u00f3ra idealnie nadaje si\u0119 do przechowywania wi\u0119kszych przedmiot\u00f3w. Dzi\u0119ki regulowanej p\u00f3\u0142ce, mo\u017cna \u0142atwo dopasowa\u0107 wn\u0119trze szafki do w\u0142asnych potrzeb.<\/p>\n<\/li>\n<li data-start=\"1037\" data-end=\"1211\">\n<p data-start=\"1040\" data-end=\"1211\"><strong data-start=\"1040\" data-end=\"1060\">Wyb\u00f3r szeroko\u015bci<\/strong> \u2013 S\u0142upek SD&#8230;ST3\/71 dost\u0119pny jest w trzech szeroko\u015bciach: <strong data-start=\"1120\" data-end=\"1143\">40 cm, 50 cm, 60 cm<\/strong>, co pozwala na \u0142atwe dopasowanie do dost\u0119pnej przestrzeni w kuchni.<\/p>\n<\/li>\n<li data-start=\"1213\" data-end=\"1353\">\n<p data-start=\"1216\" data-end=\"1353\"><strong data-start=\"1216\" data-end=\"1243\">Wysoka jako\u015b\u0107 wykonania<\/strong> \u2013 Mebel wykonany z trwa\u0142ych materia\u0142\u00f3w, kt\u00f3re zapewniaj\u0105 d\u0142ugowieczno\u015b\u0107 i odporno\u015b\u0107 na codzienne u\u017cytkowanie.<\/p>\n<\/li>\n<li data-start=\"1355\" data-end=\"1541\">\n<p data-start=\"1358\" data-end=\"1541\"><strong data-start=\"1358\" data-end=\"1379\">Nowoczesny design<\/strong> \u2013 S\u0142upek charakteryzuje si\u0119 prostym, nowoczesnym wygl\u0105dem, kt\u00f3ry wpisuje si\u0119 w aktualne trendy aran\u017cacji wn\u0119trz, oferuj\u0105c zar\u00f3wno estetyk\u0119, jak i funkcjonalno\u015b\u0107.<\/p>\n<\/li>\n<\/ol>\n<h3 data-start=\"1543\" data-end=\"1588\">Dlaczego warto wybra\u0107 s\u0142upek SD&#8230;ST3\/71?<\/h3>\n<ul data-start=\"1590\" data-end=\"2112\">\n<li data-start=\"1590\" data-end=\"1730\"><strong data-start=\"1592\" data-end=\"1627\">Elastyczno\u015b\u0107 w doborze wymiar\u00f3w<\/strong> \u2013 Dost\u0119pno\u015b\u0107 szeroko\u015bci 40, 50 i 60 cm umo\u017cliwia dopasowanie mebla do r\u00f3\u017cnorodnych uk\u0142ad\u00f3w kuchennych.<\/li>\n<li data-start=\"1731\" data-end=\"1872\"><strong data-start=\"1733\" data-end=\"1759\">Wygodne przechowywanie<\/strong> \u2013 3 szuflady Blum i przestronna szafka daj\u0105 du\u017c\u0105 ilo\u015b\u0107 miejsca do przechowywania, zapewniaj\u0105c porz\u0105dek w kuchni.<\/li>\n<li data-start=\"1873\" data-end=\"1986\"><strong data-start=\"1875\" data-end=\"1902\">Trwa\u0142o\u015b\u0107 i niezawodno\u015b\u0107<\/strong> \u2013 Solidna konstrukcja i wysokiej jako\u015bci materia\u0142y gwarantuj\u0105 d\u0142ugowieczno\u015b\u0107 mebla.<\/li>\n<li data-start=\"1987\" data-end=\"2112\"><strong data-start=\"1989\" data-end=\"2012\">Wygodne u\u017cytkowanie<\/strong> \u2013 P\u0142ynne dzia\u0142anie szuflad oraz \u0142atwy dost\u0119p do schowk\u00f3w zapewniaj\u0105 wygod\u0119 codziennego u\u017cytkowania.<\/li>\n<\/ul>\n<p data-start=\"2114\" data-end=\"2356\" data-is-last-node=\"\" data-is-only-node=\"\"><strong>S\u0142upek SD&#8230;ST3\/71 \u2013 S\u0142upek z 3 szufladami Blum<\/strong> to idealne rozwi\u0105zanie do przechowywania w kuchni, kt\u00f3re \u0142\u0105czy funkcjonalno\u015b\u0107, nowoczesny design oraz trwa\u0142o\u015b\u0107. Dzi\u0119ki szerokiemu wyborowi szeroko\u015bci oraz przestronnej szafce, zapewnia wygod\u0119 i porz\u0105dek w ka\u017cdej kuchni.<\/p>\n","protected":false},"excerpt":{"rendered":"<p><strong data-start=\"147\" data-end=\"169\">S\u0142upek SD&#8230;ST3\/71<\/strong> to funkcjonalny mebel przeznaczony do przechowywania, idealny do nowoczesnych kuchni. Wyposa\u017cony w <strong data-start=\"269\" data-end=\"288\">3 szuflady Blum<\/strong>, oferuje doskona\u0142\u0105 organizacj\u0119 przestrzeni, a dodatkowo posiada przestronn\u0105 szafk\u0119 nad nimi. Jest to rozwi\u0105zanie, kt\u00f3re sprawdza si\u0119 w codziennym u\u017cytkowaniu, zapewniaj\u0105c \u0142atwy dost\u0119p do przechowywanych przedmiot\u00f3w oraz wygod\u0119 dzi\u0119ki doskona\u0142emu systemowi szuflad.<\/p>\n","protected":false},"featured_media":59960,"template":"","meta":[],"product_brand":[710],"product_cat":[779,775,781,454,472,490],"product_tag":[],"class_list":{"0":"post-46523","1":"product","2":"type-product","3":"status-publish","4":"has-post-thumbnail","6":"product_brand-meble-kam","7":"product_cat-slupki-kuchenne-sklep","8":"product_cat-wszystko","9":"product_cat-z-szufladami-sklep","10":"product_cat-meble-kam-mono","11":"product_cat-slupki-spizarnie","12":"product_cat-slupki-pasujace-do-szafek-wiszacych-71","13":"product_shipping_class-slupki-kam","14":"pa_front-f10","15":"pa_front-f11","16":"pa_front-f4","17":"pa_front-f6","18":"pa_front-f7","19":"pa_front-f8","20":"pa_front-fg2","21":"pa_front-k2","22":"pa_front-kc2","23":"pa_front-kc4","24":"pa_front-l4-mat","25":"pa_front-l4-polysk","26":"pa_front-m4","27":"pa_front-os_2","28":"pa_front-os_2black","29":"pa_front-p00","30":"pa_front-p2","31":"pa_front-p4","32":"pa_rozmiar-40-cm","33":"pa_rozmiar-50-cm","34":"pa_rozmiar-60-cm","36":"first","37":"instock","38":"shipping-taxable","39":"purchasable","40":"product-type-variable"},"yoast_head":"<!-- This site is optimized with the Yoast SEO Premium plugin v25.0 (Yoast SEO v25.0) - https:\/\/yoast.com\/wordpress\/plugins\/seo\/ -->\n<title>S\u0142upek SD...ST3\/71 \u2013 S\u0142upek z 3 szufladami Blum<\/title>\n<meta name=\"description\" content=\"S\u0142upek SD...ST3\/71 \u2013 S\u0142upek z 3 szufladami Blum to funkcjonalny mebel przeznaczony do przechowywania, idealny do nowoczesnych kuchni.\" \/>\n<meta name=\"robots\" content=\"index, follow, max-snippet:-1, max-image-preview:large, max-video-preview:-1\" \/>\n<link rel=\"canonical\" href=\"https:\/\/meblekuchenne.pl\/sklep\/product\/slupek-sd-st3-71-szer-40-60-cm-3-szuflady-blum-kammono\/\" \/>\n<meta property=\"og:locale\" content=\"pl_PL\" \/>\n<meta property=\"og:type\" content=\"article\" \/>\n<meta property=\"og:title\" content=\"S\u0142upek SD...ST3\/71 - szer. 40-60 cm - 3 szuflady Blum - KamMono\" \/>\n<meta property=\"og:description\" content=\"S\u0142upek SD...ST3\/71 \u2013 S\u0142upek z 3 szufladami Blum to funkcjonalny mebel przeznaczony do przechowywania, idealny do nowoczesnych kuchni.\" \/>\n<meta property=\"og:url\" content=\"https:\/\/meblekuchenne.pl\/sklep\/product\/slupek-sd-st3-71-szer-40-60-cm-3-szuflady-blum-kammono\/\" \/>\n<meta property=\"og:site_name\" content=\"MebleKuchenne.PL - SKLEP\" \/>\n<meta property=\"article:modified_time\" content=\"2026-04-01T11:34:32+00:00\" \/>\n<meta property=\"og:image\" content=\"https:\/\/meblekuchenne.pl\/sklep\/wp-content\/uploads\/2025\/02\/sd50ss3-71.webp\" \/>\n\t<meta property=\"og:image:width\" content=\"1600\" \/>\n\t<meta property=\"og:image:height\" content=\"1080\" \/>\n\t<meta property=\"og:image:type\" content=\"image\/webp\" \/>\n<meta name=\"twitter:card\" content=\"summary_large_image\" \/>\n<meta name=\"twitter:label1\" content=\"Dost\u0119pno\u015b\u0107\" \/>\n\t<meta name=\"twitter:data1\" content=\"Dost\u0119pny\" \/>\n<script type=\"application\/ld+json\" class=\"yoast-schema-graph\">{\"@context\":\"https:\/\/schema.org\",\"@graph\":[{\"@type\":\"WebPage\",\"@id\":\"https:\/\/meblekuchenne.pl\/sklep\/product\/slupek-sd-st3-71-szer-40-60-cm-3-szuflady-blum-kammono\/\",\"url\":\"https:\/\/meblekuchenne.pl\/sklep\/product\/slupek-sd-st3-71-szer-40-60-cm-3-szuflady-blum-kammono\/\",\"name\":\"S\u0142upek SD...ST3\/71 \u2013 S\u0142upek z 3 szufladami Blum\",\"isPartOf\":{\"@id\":\"https:\/\/meblekuchenne.pl\/sklep\/#website\"},\"primaryImageOfPage\":{\"@id\":\"https:\/\/meblekuchenne.pl\/sklep\/product\/slupek-sd-st3-71-szer-40-60-cm-3-szuflady-blum-kammono\/#primaryimage\"},\"image\":{\"@id\":\"https:\/\/meblekuchenne.pl\/sklep\/product\/slupek-sd-st3-71-szer-40-60-cm-3-szuflady-blum-kammono\/#primaryimage\"},\"thumbnailUrl\":\"https:\/\/meblekuchenne.pl\/sklep\/wp-content\/uploads\/2025\/02\/sd50ss3-71.webp\",\"datePublished\":\"2025-02-21T18:09:49+00:00\",\"dateModified\":\"2026-04-01T11:34:32+00:00\",\"description\":\"S\u0142upek SD...ST3\/71 \u2013 S\u0142upek z 3 szufladami Blum to funkcjonalny mebel przeznaczony do przechowywania, idealny do nowoczesnych kuchni.\",\"breadcrumb\":{\"@id\":\"https:\/\/meblekuchenne.pl\/sklep\/product\/slupek-sd-st3-71-szer-40-60-cm-3-szuflady-blum-kammono\/#breadcrumb\"},\"inLanguage\":\"pl-PL\",\"potentialAction\":[{\"@type\":\"ReadAction\",\"target\":[\"https:\/\/meblekuchenne.pl\/sklep\/product\/slupek-sd-st3-71-szer-40-60-cm-3-szuflady-blum-kammono\/\"]}]},{\"@type\":\"ImageObject\",\"inLanguage\":\"pl-PL\",\"@id\":\"https:\/\/meblekuchenne.pl\/sklep\/product\/slupek-sd-st3-71-szer-40-60-cm-3-szuflady-blum-kammono\/#primaryimage\",\"url\":\"https:\/\/meblekuchenne.pl\/sklep\/wp-content\/uploads\/2025\/02\/sd50ss3-71.webp\",\"contentUrl\":\"https:\/\/meblekuchenne.pl\/sklep\/wp-content\/uploads\/2025\/02\/sd50ss3-71.webp\",\"width\":1600,\"height\":1080},{\"@type\":\"BreadcrumbList\",\"@id\":\"https:\/\/meblekuchenne.pl\/sklep\/product\/slupek-sd-st3-71-szer-40-60-cm-3-szuflady-blum-kammono\/#breadcrumb\",\"itemListElement\":[{\"@type\":\"ListItem\",\"position\":1,\"name\":\"Strona g\u0142\u00f3wna\",\"item\":\"https:\/\/meblekuchenne.pl\/sklep\/\"},{\"@type\":\"ListItem\",\"position\":2,\"name\":\"Sklep\",\"item\":\"https:\/\/meblekuchenne.pl\/sklep\/sklep\/\"},{\"@type\":\"ListItem\",\"position\":3,\"name\":\"S\u0142upek SD&#8230;ST3\/71 &#8211; szer. 40-60 cm &#8211; 3 szuflady Blum &#8211; KamMono\"}]},{\"@type\":\"WebSite\",\"@id\":\"https:\/\/meblekuchenne.pl\/sklep\/#website\",\"url\":\"https:\/\/meblekuchenne.pl\/sklep\/\",\"name\":\"MebleKuchenne.PL - SKLEP\",\"description\":\"\",\"publisher\":{\"@id\":\"https:\/\/meblekuchenne.pl\/sklep\/#organization\"},\"potentialAction\":[{\"@type\":\"SearchAction\",\"target\":{\"@type\":\"EntryPoint\",\"urlTemplate\":\"https:\/\/meblekuchenne.pl\/sklep\/?s={search_term_string}\"},\"query-input\":{\"@type\":\"PropertyValueSpecification\",\"valueRequired\":true,\"valueName\":\"search_term_string\"}}],\"inLanguage\":\"pl-PL\"},{\"@type\":\"Organization\",\"@id\":\"https:\/\/meblekuchenne.pl\/sklep\/#organization\",\"name\":\"MebleKuchenne.PL - SKLEP\",\"url\":\"https:\/\/meblekuchenne.pl\/sklep\/\",\"logo\":{\"@type\":\"ImageObject\",\"inLanguage\":\"pl-PL\",\"@id\":\"https:\/\/meblekuchenne.pl\/sklep\/#\/schema\/logo\/image\/\",\"url\":\"https:\/\/meblekuchenne.pl\/sklep\/wp-content\/uploads\/2025\/06\/cropped-cropped-logo.webp\",\"contentUrl\":\"https:\/\/meblekuchenne.pl\/sklep\/wp-content\/uploads\/2025\/06\/cropped-cropped-logo.webp\",\"width\":735,\"height\":715,\"caption\":\"MebleKuchenne.PL - SKLEP\"},\"image\":{\"@id\":\"https:\/\/meblekuchenne.pl\/sklep\/#\/schema\/logo\/image\/\"}}]}<\/script>\n<meta property=\"og:availability\" content=\"instock\" \/>\n<meta property=\"product:availability\" content=\"instock\" \/>\n<meta property=\"product:retailer_item_id\" content=\"SDST3\/71\" \/>\n<meta property=\"product:condition\" content=\"new\" \/>\n<!-- \/ Yoast SEO Premium plugin. -->","yoast_head_json":{"title":"S\u0142upek SD...ST3\/71 \u2013 S\u0142upek z 3 szufladami Blum","description":"S\u0142upek SD...ST3\/71 \u2013 S\u0142upek z 3 szufladami Blum to funkcjonalny mebel przeznaczony do przechowywania, idealny do nowoczesnych kuchni.","robots":{"index":"index","follow":"follow","max-snippet":"max-snippet:-1","max-image-preview":"max-image-preview:large","max-video-preview":"max-video-preview:-1"},"canonical":"https:\/\/meblekuchenne.pl\/sklep\/product\/slupek-sd-st3-71-szer-40-60-cm-3-szuflady-blum-kammono\/","og_locale":"pl_PL","og_type":"article","og_title":"S\u0142upek SD...ST3\/71 - szer. 40-60 cm - 3 szuflady Blum - KamMono","og_description":"S\u0142upek SD...ST3\/71 \u2013 S\u0142upek z 3 szufladami Blum to funkcjonalny mebel przeznaczony do przechowywania, idealny do nowoczesnych kuchni.","og_url":"https:\/\/meblekuchenne.pl\/sklep\/product\/slupek-sd-st3-71-szer-40-60-cm-3-szuflady-blum-kammono\/","og_site_name":"MebleKuchenne.PL - SKLEP","article_modified_time":"2026-04-01T11:34:32+00:00","og_image":[{"width":1600,"height":1080,"url":"https:\/\/meblekuchenne.pl\/sklep\/wp-content\/uploads\/2025\/02\/sd50ss3-71.webp","type":"image\/webp"}],"twitter_card":"summary_large_image","twitter_misc":{"Dost\u0119pno\u015b\u0107":"Dost\u0119pny"},"schema":{"@context":"https:\/\/schema.org","@graph":[{"@type":"WebPage","@id":"https:\/\/meblekuchenne.pl\/sklep\/product\/slupek-sd-st3-71-szer-40-60-cm-3-szuflady-blum-kammono\/","url":"https:\/\/meblekuchenne.pl\/sklep\/product\/slupek-sd-st3-71-szer-40-60-cm-3-szuflady-blum-kammono\/","name":"S\u0142upek SD...ST3\/71 \u2013 S\u0142upek z 3 szufladami Blum","isPartOf":{"@id":"https:\/\/meblekuchenne.pl\/sklep\/#website"},"primaryImageOfPage":{"@id":"https:\/\/meblekuchenne.pl\/sklep\/product\/slupek-sd-st3-71-szer-40-60-cm-3-szuflady-blum-kammono\/#primaryimage"},"image":{"@id":"https:\/\/meblekuchenne.pl\/sklep\/product\/slupek-sd-st3-71-szer-40-60-cm-3-szuflady-blum-kammono\/#primaryimage"},"thumbnailUrl":"https:\/\/meblekuchenne.pl\/sklep\/wp-content\/uploads\/2025\/02\/sd50ss3-71.webp","datePublished":"2025-02-21T18:09:49+00:00","dateModified":"2026-04-01T11:34:32+00:00","description":"S\u0142upek SD...ST3\/71 \u2013 S\u0142upek z 3 szufladami Blum to funkcjonalny mebel przeznaczony do przechowywania, idealny do nowoczesnych kuchni.","breadcrumb":{"@id":"https:\/\/meblekuchenne.pl\/sklep\/product\/slupek-sd-st3-71-szer-40-60-cm-3-szuflady-blum-kammono\/#breadcrumb"},"inLanguage":"pl-PL","potentialAction":[{"@type":"ReadAction","target":["https:\/\/meblekuchenne.pl\/sklep\/product\/slupek-sd-st3-71-szer-40-60-cm-3-szuflady-blum-kammono\/"]}]},{"@type":"ImageObject","inLanguage":"pl-PL","@id":"https:\/\/meblekuchenne.pl\/sklep\/product\/slupek-sd-st3-71-szer-40-60-cm-3-szuflady-blum-kammono\/#primaryimage","url":"https:\/\/meblekuchenne.pl\/sklep\/wp-content\/uploads\/2025\/02\/sd50ss3-71.webp","contentUrl":"https:\/\/meblekuchenne.pl\/sklep\/wp-content\/uploads\/2025\/02\/sd50ss3-71.webp","width":1600,"height":1080},{"@type":"BreadcrumbList","@id":"https:\/\/meblekuchenne.pl\/sklep\/product\/slupek-sd-st3-71-szer-40-60-cm-3-szuflady-blum-kammono\/#breadcrumb","itemListElement":[{"@type":"ListItem","position":1,"name":"Strona g\u0142\u00f3wna","item":"https:\/\/meblekuchenne.pl\/sklep\/"},{"@type":"ListItem","position":2,"name":"Sklep","item":"https:\/\/meblekuchenne.pl\/sklep\/sklep\/"},{"@type":"ListItem","position":3,"name":"S\u0142upek SD&#8230;ST3\/71 &#8211; szer. 40-60 cm &#8211; 3 szuflady Blum &#8211; KamMono"}]},{"@type":"WebSite","@id":"https:\/\/meblekuchenne.pl\/sklep\/#website","url":"https:\/\/meblekuchenne.pl\/sklep\/","name":"MebleKuchenne.PL - SKLEP","description":"","publisher":{"@id":"https:\/\/meblekuchenne.pl\/sklep\/#organization"},"potentialAction":[{"@type":"SearchAction","target":{"@type":"EntryPoint","urlTemplate":"https:\/\/meblekuchenne.pl\/sklep\/?s={search_term_string}"},"query-input":{"@type":"PropertyValueSpecification","valueRequired":true,"valueName":"search_term_string"}}],"inLanguage":"pl-PL"},{"@type":"Organization","@id":"https:\/\/meblekuchenne.pl\/sklep\/#organization","name":"MebleKuchenne.PL - SKLEP","url":"https:\/\/meblekuchenne.pl\/sklep\/","logo":{"@type":"ImageObject","inLanguage":"pl-PL","@id":"https:\/\/meblekuchenne.pl\/sklep\/#\/schema\/logo\/image\/","url":"https:\/\/meblekuchenne.pl\/sklep\/wp-content\/uploads\/2025\/06\/cropped-cropped-logo.webp","contentUrl":"https:\/\/meblekuchenne.pl\/sklep\/wp-content\/uploads\/2025\/06\/cropped-cropped-logo.webp","width":735,"height":715,"caption":"MebleKuchenne.PL - SKLEP"},"image":{"@id":"https:\/\/meblekuchenne.pl\/sklep\/#\/schema\/logo\/image\/"}}]},"og_availability":"instock","product_availability":"instock","product_retailer_item_id":"SDST3\/71","product_condition":"new"},"_links":{"self":[{"href":"https:\/\/meblekuchenne.pl\/sklep\/wp-json\/wp\/v2\/product\/46523","targetHints":{"allow":["GET"]}}],"collection":[{"href":"https:\/\/meblekuchenne.pl\/sklep\/wp-json\/wp\/v2\/product"}],"about":[{"href":"https:\/\/meblekuchenne.pl\/sklep\/wp-json\/wp\/v2\/types\/product"}],"wp:featuredmedia":[{"embeddable":true,"href":"https:\/\/meblekuchenne.pl\/sklep\/wp-json\/wp\/v2\/media\/59960"}],"wp:attachment":[{"href":"https:\/\/meblekuchenne.pl\/sklep\/wp-json\/wp\/v2\/media?parent=46523"}],"wp:term":[{"taxonomy":"product_brand","embeddable":true,"href":"https:\/\/meblekuchenne.pl\/sklep\/wp-json\/wp\/v2\/product_brand?post=46523"},{"taxonomy":"product_cat","embeddable":true,"href":"https:\/\/meblekuchenne.pl\/sklep\/wp-json\/wp\/v2\/product_cat?post=46523"},{"taxonomy":"product_tag","embeddable":true,"href":"https:\/\/meblekuchenne.pl\/sklep\/wp-json\/wp\/v2\/product_tag?post=46523"}],"curies":[{"name":"wp","href":"https:\/\/api.w.org\/{rel}","templated":true}]}}