{"id":46403,"date":"2025-02-21T19:08:29","date_gmt":"2025-02-21T18:08:29","guid":{"rendered":"https:\/\/meblekuchenne.pl\/sklep\/?post_type=product&#038;p=46403"},"modified":"2026-04-01T11:26:07","modified_gmt":"2026-04-01T09:26:07","slug":"slupek-spm60st2-71-zabudowa-piekarnika-i-mikrofali-2-szuflady-blum-kammono","status":"publish","type":"product","link":"https:\/\/meblekuchenne.pl\/sklep\/product\/slupek-spm60st2-71-zabudowa-piekarnika-i-mikrofali-2-szuflady-blum-kammono\/","title":{"rendered":"S\u0142upek SPM60ST2\/71 &#8211; zabudowa piekarnika i mikrofali &#8211; 2 szuflady Blum &#8211; KamMono"},"content":{"rendered":"<h2 data-start=\"135\" data-end=\"211\">S\u0142upek SPM60ST2\/71 \u2013 Zabudowa piekarnika i mikrofali z 2 szufladami Blum<\/h2>\n<p>S\u0142upek do zabudowy AGD &#8211; szer. 60 cm, wys. 199 cm, g\u0142. 58 cm<\/p>\n<p data-start=\"213\" data-end=\"604\"><strong data-start=\"213\" data-end=\"235\">S\u0142upek SPM60ST2\/71<\/strong> to elegancka i funkcjonalna zabudowa przeznaczona do <strong data-start=\"289\" data-end=\"324\">zabudowy piekarnika i mikrofali<\/strong> w nowoczesnych kuchniach. Jego konstrukcja gwarantuje wygodny dost\u0119p do urz\u0105dze\u0144, umieszczaj\u0105c je na idealnej wysoko\u015bci, co u\u0142atwia codzienne u\u017cytkowanie. Dzi\u0119ki wysokiej jako\u015bci materia\u0142om oraz <strong data-start=\"520\" data-end=\"538\">szufladom Blum<\/strong>, ten s\u0142upek zapewnia du\u017c\u0105 przestronno\u015b\u0107 i komfort przechowywania.<\/p>\n<h3 data-start=\"606\" data-end=\"669\">Cechy s\u0142upka SPM60ST2\/71 \u2013 Zabudowa piekarnika i mikrofali<\/h3>\n<ul data-start=\"671\" data-end=\"1689\">\n<li data-start=\"671\" data-end=\"861\">\n<p data-start=\"673\" data-end=\"861\"><strong data-start=\"673\" data-end=\"708\">Zabudowa piekarnika i mikrofali<\/strong> \u2013 Zapewnia wygodne ustawienie urz\u0105dze\u0144 w kuchni na odpowiedniej wysoko\u015bci. U\u0142atwia codzienne u\u017cytkowanie urz\u0105dze\u0144, eliminuj\u0105c konieczno\u015b\u0107 schylania si\u0119.<\/p>\n<\/li>\n<li data-start=\"865\" data-end=\"1061\">\n<p data-start=\"867\" data-end=\"1061\"><strong data-start=\"867\" data-end=\"886\">2 szuflady Blum<\/strong> \u2013 Wysokiej jako\u015bci szuflady z systemem <strong data-start=\"926\" data-end=\"949\">cichego domyku Blum<\/strong> zapewniaj\u0105ce wygodny dost\u0119p do przechowywanych przedmiot\u00f3w. Cichobie\u017cny mechanizm zapewnia komfort u\u017cytkowania.<\/p>\n<\/li>\n<li data-start=\"1065\" data-end=\"1285\">\n<p data-start=\"1067\" data-end=\"1285\"><strong data-start=\"1067\" data-end=\"1112\">Pasuje do szafek wisz\u0105cych 71 cm i 100 cm<\/strong> \u2013 <strong data-start=\"1115\" data-end=\"1137\">S\u0142upek SPM60ST2\/71<\/strong> jest idealnym rozwi\u0105zaniem do zabudowy w kuchniach, w kt\u00f3rych wysoko\u015b\u0107 szafek wisz\u0105cych wynosi 71 cm lub 100 cm, tworz\u0105c sp\u00f3jn\u0105, estetyczn\u0105 ca\u0142o\u015b\u0107.<\/p>\n<\/li>\n<li data-start=\"1289\" data-end=\"1461\">\n<p data-start=\"1291\" data-end=\"1461\"><strong data-start=\"1291\" data-end=\"1331\">Ergonomiczne ustawienie urz\u0105dze\u0144 AGD<\/strong> \u2013 Piekarnik i mikrofal\u00f3wka znajduj\u0105 si\u0119 na idealnej wysoko\u015bci, co zwi\u0119ksza komfort u\u017cytkowania w kuchni i redukuje ryzyko uraz\u00f3w.<\/p>\n<\/li>\n<li data-start=\"1465\" data-end=\"1689\">\n<p data-start=\"1467\" data-end=\"1689\"><strong data-start=\"1467\" data-end=\"1513\">Przestronno\u015b\u0107 i organizacja przechowywania<\/strong> \u2013 Szerokie szuflady oraz przestronna szafka w dolnej cz\u0119\u015bci s\u0142upka umo\u017cliwiaj\u0105 przechowywanie r\u00f3\u017cnych kuchennych akcesori\u00f3w, garnk\u00f3w, talerzy i innych niezb\u0119dnych przedmiot\u00f3w.<\/p>\n<\/li>\n<\/ul>\n<h3 data-start=\"1691\" data-end=\"1761\">Zastosowanie<\/h3>\n<p data-start=\"1763\" data-end=\"2076\"><strong data-start=\"1763\" data-end=\"1785\">S\u0142upek SPM60ST2\/71<\/strong> to funkcjonalne rozwi\u0105zanie dla os\u00f3b szukaj\u0105cych <strong data-start=\"1835\" data-end=\"1870\">zabudowy piekarnika i mikrofali<\/strong>, kt\u00f3re umo\u017cliwia \u0142atwy dost\u0119p do urz\u0105dze\u0144 oraz dodatkow\u0105 przestrze\u0144 do przechowywania. Doskonale komponuje si\u0119 w nowoczesnych kuchniach, pozwalaj\u0105c na estetyczn\u0105 i wygodn\u0105 organizacj\u0119 przestrzeni roboczej.<\/p>\n","protected":false},"excerpt":{"rendered":"<p><strong data-start=\"213\" data-end=\"235\">S\u0142upek SPM60ST2\/71<\/strong> to elegancka i funkcjonalna zabudowa przeznaczona do <strong data-start=\"289\" data-end=\"324\">zabudowy piekarnika i mikrofali<\/strong> w nowoczesnych kuchniach. Jego konstrukcja gwarantuje wygodny dost\u0119p do urz\u0105dze\u0144, umieszczaj\u0105c je na idealnej wysoko\u015bci, co u\u0142atwia codzienne u\u017cytkowanie. Dzi\u0119ki wysokiej jako\u015bci materia\u0142om oraz <strong data-start=\"520\" data-end=\"538\">szufladom Blum<\/strong>, ten s\u0142upek zapewnia du\u017c\u0105 przestronno\u015b\u0107 i komfort przechowywania.<\/p>\n","protected":false},"featured_media":59925,"template":"","meta":[],"product_brand":[710],"product_cat":[789,775,777,454,471,483,522],"product_tag":[],"class_list":{"0":"post-46403","1":"product","2":"type-product","3":"status-publish","4":"has-post-thumbnail","6":"product_brand-meble-kam","7":"product_cat-piekarnik-i-mikrofala-sklep","8":"product_cat-wszystko","9":"product_cat-zabudowa-agd-sklep","10":"product_cat-meble-kam-mono","11":"product_cat-szafki-agd","12":"product_cat-slupki-agd","13":"product_cat-slupki-pasujace-do-szafek-wiszacych-71-slupki-agd","14":"product_shipping_class-slupki-kam","15":"pa_front-f10","16":"pa_front-f11","17":"pa_front-f4","18":"pa_front-f6","19":"pa_front-f7","20":"pa_front-f8","21":"pa_front-fg2","22":"pa_front-k2","23":"pa_front-kc2","24":"pa_front-kc4","25":"pa_front-l4-mat","26":"pa_front-l4-polysk","27":"pa_front-m4","28":"pa_front-os_2","29":"pa_front-os_2black","30":"pa_front-p00","31":"pa_front-p2","32":"pa_front-p4","34":"first","35":"instock","36":"shipping-taxable","37":"purchasable","38":"product-type-variable"},"yoast_head":"<!-- This site is optimized with the Yoast SEO Premium plugin v25.0 (Yoast SEO v25.0) - https:\/\/yoast.com\/wordpress\/plugins\/seo\/ -->\n<title>S\u0142upek SPM60ST2\/71 \u2013 Zabudowa piekarnika i mikrofali<\/title>\n<meta name=\"description\" content=\"S\u0142upek SPM60ST2\/71 \u2013 Zabudowa piekarnika i mikrofali gwarantuje wygodny dost\u0119p do urz\u0105dze\u0144, umieszczaj\u0105c je na idealnej wysoko\u015bci, co u\u0142atwia u\u017cytkowanie\" \/>\n<meta name=\"robots\" content=\"index, follow, max-snippet:-1, max-image-preview:large, max-video-preview:-1\" \/>\n<link rel=\"canonical\" href=\"https:\/\/meblekuchenne.pl\/sklep\/product\/slupek-spm60st2-71-zabudowa-piekarnika-i-mikrofali-2-szuflady-blum-kammono\/\" \/>\n<meta property=\"og:locale\" content=\"pl_PL\" \/>\n<meta property=\"og:type\" content=\"article\" \/>\n<meta property=\"og:title\" content=\"S\u0142upek SPM60ST2\/71 - zabudowa piekarnika i mikrofali - 2 szuflady Blum - KamMono\" \/>\n<meta property=\"og:description\" content=\"S\u0142upek SPM60ST2\/71 \u2013 Zabudowa piekarnika i mikrofali gwarantuje wygodny dost\u0119p do urz\u0105dze\u0144, umieszczaj\u0105c je na idealnej wysoko\u015bci, co u\u0142atwia u\u017cytkowanie\" \/>\n<meta property=\"og:url\" content=\"https:\/\/meblekuchenne.pl\/sklep\/product\/slupek-spm60st2-71-zabudowa-piekarnika-i-mikrofali-2-szuflady-blum-kammono\/\" \/>\n<meta property=\"og:site_name\" content=\"MebleKuchenne.PL - SKLEP\" \/>\n<meta property=\"article:modified_time\" content=\"2026-04-01T09:26:07+00:00\" \/>\n<meta property=\"og:image\" content=\"https:\/\/meblekuchenne.pl\/sklep\/wp-content\/uploads\/2025\/02\/SPM60SS2-71.webp\" \/>\n\t<meta property=\"og:image:width\" content=\"1600\" \/>\n\t<meta property=\"og:image:height\" content=\"1080\" \/>\n\t<meta property=\"og:image:type\" content=\"image\/webp\" \/>\n<meta name=\"twitter:card\" content=\"summary_large_image\" \/>\n<meta name=\"twitter:label1\" content=\"Dost\u0119pno\u015b\u0107\" \/>\n\t<meta name=\"twitter:data1\" content=\"Dost\u0119pny\" \/>\n<script type=\"application\/ld+json\" class=\"yoast-schema-graph\">{\"@context\":\"https:\/\/schema.org\",\"@graph\":[{\"@type\":\"WebPage\",\"@id\":\"https:\/\/meblekuchenne.pl\/sklep\/product\/slupek-spm60st2-71-zabudowa-piekarnika-i-mikrofali-2-szuflady-blum-kammono\/\",\"url\":\"https:\/\/meblekuchenne.pl\/sklep\/product\/slupek-spm60st2-71-zabudowa-piekarnika-i-mikrofali-2-szuflady-blum-kammono\/\",\"name\":\"S\u0142upek SPM60ST2\/71 \u2013 Zabudowa piekarnika i mikrofali\",\"isPartOf\":{\"@id\":\"https:\/\/meblekuchenne.pl\/sklep\/#website\"},\"primaryImageOfPage\":{\"@id\":\"https:\/\/meblekuchenne.pl\/sklep\/product\/slupek-spm60st2-71-zabudowa-piekarnika-i-mikrofali-2-szuflady-blum-kammono\/#primaryimage\"},\"image\":{\"@id\":\"https:\/\/meblekuchenne.pl\/sklep\/product\/slupek-spm60st2-71-zabudowa-piekarnika-i-mikrofali-2-szuflady-blum-kammono\/#primaryimage\"},\"thumbnailUrl\":\"https:\/\/meblekuchenne.pl\/sklep\/wp-content\/uploads\/2025\/02\/SPM60SS2-71.webp\",\"datePublished\":\"2025-02-21T18:08:29+00:00\",\"dateModified\":\"2026-04-01T09:26:07+00:00\",\"description\":\"S\u0142upek SPM60ST2\/71 \u2013 Zabudowa piekarnika i mikrofali gwarantuje wygodny dost\u0119p do urz\u0105dze\u0144, umieszczaj\u0105c je na idealnej wysoko\u015bci, co u\u0142atwia u\u017cytkowanie\",\"breadcrumb\":{\"@id\":\"https:\/\/meblekuchenne.pl\/sklep\/product\/slupek-spm60st2-71-zabudowa-piekarnika-i-mikrofali-2-szuflady-blum-kammono\/#breadcrumb\"},\"inLanguage\":\"pl-PL\",\"potentialAction\":[{\"@type\":\"ReadAction\",\"target\":[\"https:\/\/meblekuchenne.pl\/sklep\/product\/slupek-spm60st2-71-zabudowa-piekarnika-i-mikrofali-2-szuflady-blum-kammono\/\"]}]},{\"@type\":\"ImageObject\",\"inLanguage\":\"pl-PL\",\"@id\":\"https:\/\/meblekuchenne.pl\/sklep\/product\/slupek-spm60st2-71-zabudowa-piekarnika-i-mikrofali-2-szuflady-blum-kammono\/#primaryimage\",\"url\":\"https:\/\/meblekuchenne.pl\/sklep\/wp-content\/uploads\/2025\/02\/SPM60SS2-71.webp\",\"contentUrl\":\"https:\/\/meblekuchenne.pl\/sklep\/wp-content\/uploads\/2025\/02\/SPM60SS2-71.webp\",\"width\":1600,\"height\":1080},{\"@type\":\"BreadcrumbList\",\"@id\":\"https:\/\/meblekuchenne.pl\/sklep\/product\/slupek-spm60st2-71-zabudowa-piekarnika-i-mikrofali-2-szuflady-blum-kammono\/#breadcrumb\",\"itemListElement\":[{\"@type\":\"ListItem\",\"position\":1,\"name\":\"Strona g\u0142\u00f3wna\",\"item\":\"https:\/\/meblekuchenne.pl\/sklep\/\"},{\"@type\":\"ListItem\",\"position\":2,\"name\":\"Sklep\",\"item\":\"https:\/\/meblekuchenne.pl\/sklep\/sklep\/\"},{\"@type\":\"ListItem\",\"position\":3,\"name\":\"S\u0142upek SPM60ST2\/71 &#8211; zabudowa piekarnika i mikrofali &#8211; 2 szuflady Blum &#8211; KamMono\"}]},{\"@type\":\"WebSite\",\"@id\":\"https:\/\/meblekuchenne.pl\/sklep\/#website\",\"url\":\"https:\/\/meblekuchenne.pl\/sklep\/\",\"name\":\"MebleKuchenne.PL - SKLEP\",\"description\":\"\",\"publisher\":{\"@id\":\"https:\/\/meblekuchenne.pl\/sklep\/#organization\"},\"potentialAction\":[{\"@type\":\"SearchAction\",\"target\":{\"@type\":\"EntryPoint\",\"urlTemplate\":\"https:\/\/meblekuchenne.pl\/sklep\/?s={search_term_string}\"},\"query-input\":{\"@type\":\"PropertyValueSpecification\",\"valueRequired\":true,\"valueName\":\"search_term_string\"}}],\"inLanguage\":\"pl-PL\"},{\"@type\":\"Organization\",\"@id\":\"https:\/\/meblekuchenne.pl\/sklep\/#organization\",\"name\":\"MebleKuchenne.PL - SKLEP\",\"url\":\"https:\/\/meblekuchenne.pl\/sklep\/\",\"logo\":{\"@type\":\"ImageObject\",\"inLanguage\":\"pl-PL\",\"@id\":\"https:\/\/meblekuchenne.pl\/sklep\/#\/schema\/logo\/image\/\",\"url\":\"https:\/\/meblekuchenne.pl\/sklep\/wp-content\/uploads\/2025\/06\/cropped-cropped-logo.webp\",\"contentUrl\":\"https:\/\/meblekuchenne.pl\/sklep\/wp-content\/uploads\/2025\/06\/cropped-cropped-logo.webp\",\"width\":735,\"height\":715,\"caption\":\"MebleKuchenne.PL - SKLEP\"},\"image\":{\"@id\":\"https:\/\/meblekuchenne.pl\/sklep\/#\/schema\/logo\/image\/\"}}]}<\/script>\n<meta property=\"og:availability\" content=\"instock\" \/>\n<meta property=\"product:availability\" content=\"instock\" \/>\n<meta property=\"product:retailer_item_id\" content=\"SPM60ST2\/71\" \/>\n<meta property=\"product:condition\" content=\"new\" \/>\n<!-- \/ Yoast SEO Premium plugin. -->","yoast_head_json":{"title":"S\u0142upek SPM60ST2\/71 \u2013 Zabudowa piekarnika i mikrofali","description":"S\u0142upek SPM60ST2\/71 \u2013 Zabudowa piekarnika i mikrofali gwarantuje wygodny dost\u0119p do urz\u0105dze\u0144, umieszczaj\u0105c je na idealnej wysoko\u015bci, co u\u0142atwia u\u017cytkowanie","robots":{"index":"index","follow":"follow","max-snippet":"max-snippet:-1","max-image-preview":"max-image-preview:large","max-video-preview":"max-video-preview:-1"},"canonical":"https:\/\/meblekuchenne.pl\/sklep\/product\/slupek-spm60st2-71-zabudowa-piekarnika-i-mikrofali-2-szuflady-blum-kammono\/","og_locale":"pl_PL","og_type":"article","og_title":"S\u0142upek SPM60ST2\/71 - zabudowa piekarnika i mikrofali - 2 szuflady Blum - KamMono","og_description":"S\u0142upek SPM60ST2\/71 \u2013 Zabudowa piekarnika i mikrofali gwarantuje wygodny dost\u0119p do urz\u0105dze\u0144, umieszczaj\u0105c je na idealnej wysoko\u015bci, co u\u0142atwia u\u017cytkowanie","og_url":"https:\/\/meblekuchenne.pl\/sklep\/product\/slupek-spm60st2-71-zabudowa-piekarnika-i-mikrofali-2-szuflady-blum-kammono\/","og_site_name":"MebleKuchenne.PL - SKLEP","article_modified_time":"2026-04-01T09:26:07+00:00","og_image":[{"width":1600,"height":1080,"url":"https:\/\/meblekuchenne.pl\/sklep\/wp-content\/uploads\/2025\/02\/SPM60SS2-71.webp","type":"image\/webp"}],"twitter_card":"summary_large_image","twitter_misc":{"Dost\u0119pno\u015b\u0107":"Dost\u0119pny"},"schema":{"@context":"https:\/\/schema.org","@graph":[{"@type":"WebPage","@id":"https:\/\/meblekuchenne.pl\/sklep\/product\/slupek-spm60st2-71-zabudowa-piekarnika-i-mikrofali-2-szuflady-blum-kammono\/","url":"https:\/\/meblekuchenne.pl\/sklep\/product\/slupek-spm60st2-71-zabudowa-piekarnika-i-mikrofali-2-szuflady-blum-kammono\/","name":"S\u0142upek SPM60ST2\/71 \u2013 Zabudowa piekarnika i mikrofali","isPartOf":{"@id":"https:\/\/meblekuchenne.pl\/sklep\/#website"},"primaryImageOfPage":{"@id":"https:\/\/meblekuchenne.pl\/sklep\/product\/slupek-spm60st2-71-zabudowa-piekarnika-i-mikrofali-2-szuflady-blum-kammono\/#primaryimage"},"image":{"@id":"https:\/\/meblekuchenne.pl\/sklep\/product\/slupek-spm60st2-71-zabudowa-piekarnika-i-mikrofali-2-szuflady-blum-kammono\/#primaryimage"},"thumbnailUrl":"https:\/\/meblekuchenne.pl\/sklep\/wp-content\/uploads\/2025\/02\/SPM60SS2-71.webp","datePublished":"2025-02-21T18:08:29+00:00","dateModified":"2026-04-01T09:26:07+00:00","description":"S\u0142upek SPM60ST2\/71 \u2013 Zabudowa piekarnika i mikrofali gwarantuje wygodny dost\u0119p do urz\u0105dze\u0144, umieszczaj\u0105c je na idealnej wysoko\u015bci, co u\u0142atwia u\u017cytkowanie","breadcrumb":{"@id":"https:\/\/meblekuchenne.pl\/sklep\/product\/slupek-spm60st2-71-zabudowa-piekarnika-i-mikrofali-2-szuflady-blum-kammono\/#breadcrumb"},"inLanguage":"pl-PL","potentialAction":[{"@type":"ReadAction","target":["https:\/\/meblekuchenne.pl\/sklep\/product\/slupek-spm60st2-71-zabudowa-piekarnika-i-mikrofali-2-szuflady-blum-kammono\/"]}]},{"@type":"ImageObject","inLanguage":"pl-PL","@id":"https:\/\/meblekuchenne.pl\/sklep\/product\/slupek-spm60st2-71-zabudowa-piekarnika-i-mikrofali-2-szuflady-blum-kammono\/#primaryimage","url":"https:\/\/meblekuchenne.pl\/sklep\/wp-content\/uploads\/2025\/02\/SPM60SS2-71.webp","contentUrl":"https:\/\/meblekuchenne.pl\/sklep\/wp-content\/uploads\/2025\/02\/SPM60SS2-71.webp","width":1600,"height":1080},{"@type":"BreadcrumbList","@id":"https:\/\/meblekuchenne.pl\/sklep\/product\/slupek-spm60st2-71-zabudowa-piekarnika-i-mikrofali-2-szuflady-blum-kammono\/#breadcrumb","itemListElement":[{"@type":"ListItem","position":1,"name":"Strona g\u0142\u00f3wna","item":"https:\/\/meblekuchenne.pl\/sklep\/"},{"@type":"ListItem","position":2,"name":"Sklep","item":"https:\/\/meblekuchenne.pl\/sklep\/sklep\/"},{"@type":"ListItem","position":3,"name":"S\u0142upek SPM60ST2\/71 &#8211; zabudowa piekarnika i mikrofali &#8211; 2 szuflady Blum &#8211; KamMono"}]},{"@type":"WebSite","@id":"https:\/\/meblekuchenne.pl\/sklep\/#website","url":"https:\/\/meblekuchenne.pl\/sklep\/","name":"MebleKuchenne.PL - SKLEP","description":"","publisher":{"@id":"https:\/\/meblekuchenne.pl\/sklep\/#organization"},"potentialAction":[{"@type":"SearchAction","target":{"@type":"EntryPoint","urlTemplate":"https:\/\/meblekuchenne.pl\/sklep\/?s={search_term_string}"},"query-input":{"@type":"PropertyValueSpecification","valueRequired":true,"valueName":"search_term_string"}}],"inLanguage":"pl-PL"},{"@type":"Organization","@id":"https:\/\/meblekuchenne.pl\/sklep\/#organization","name":"MebleKuchenne.PL - SKLEP","url":"https:\/\/meblekuchenne.pl\/sklep\/","logo":{"@type":"ImageObject","inLanguage":"pl-PL","@id":"https:\/\/meblekuchenne.pl\/sklep\/#\/schema\/logo\/image\/","url":"https:\/\/meblekuchenne.pl\/sklep\/wp-content\/uploads\/2025\/06\/cropped-cropped-logo.webp","contentUrl":"https:\/\/meblekuchenne.pl\/sklep\/wp-content\/uploads\/2025\/06\/cropped-cropped-logo.webp","width":735,"height":715,"caption":"MebleKuchenne.PL - SKLEP"},"image":{"@id":"https:\/\/meblekuchenne.pl\/sklep\/#\/schema\/logo\/image\/"}}]},"og_availability":"instock","product_availability":"instock","product_retailer_item_id":"SPM60ST2\/71","product_condition":"new"},"_links":{"self":[{"href":"https:\/\/meblekuchenne.pl\/sklep\/wp-json\/wp\/v2\/product\/46403","targetHints":{"allow":["GET"]}}],"collection":[{"href":"https:\/\/meblekuchenne.pl\/sklep\/wp-json\/wp\/v2\/product"}],"about":[{"href":"https:\/\/meblekuchenne.pl\/sklep\/wp-json\/wp\/v2\/types\/product"}],"wp:featuredmedia":[{"embeddable":true,"href":"https:\/\/meblekuchenne.pl\/sklep\/wp-json\/wp\/v2\/media\/59925"}],"wp:attachment":[{"href":"https:\/\/meblekuchenne.pl\/sklep\/wp-json\/wp\/v2\/media?parent=46403"}],"wp:term":[{"taxonomy":"product_brand","embeddable":true,"href":"https:\/\/meblekuchenne.pl\/sklep\/wp-json\/wp\/v2\/product_brand?post=46403"},{"taxonomy":"product_cat","embeddable":true,"href":"https:\/\/meblekuchenne.pl\/sklep\/wp-json\/wp\/v2\/product_cat?post=46403"},{"taxonomy":"product_tag","embeddable":true,"href":"https:\/\/meblekuchenne.pl\/sklep\/wp-json\/wp\/v2\/product_tag?post=46403"}],"curies":[{"name":"wp","href":"https:\/\/api.w.org\/{rel}","templated":true}]}}