{"id":46374,"date":"2025-02-21T19:08:08","date_gmt":"2025-02-21T18:08:08","guid":{"rendered":"https:\/\/meblekuchenne.pl\/sklep\/?post_type=product&#038;p=46374"},"modified":"2026-04-01T11:26:08","modified_gmt":"2026-04-01T09:26:08","slug":"slupek-spm60ss2-71-zabudowa-piekarnika-i-mikrofali-2-szuflady-slim-kammono","status":"publish","type":"product","link":"https:\/\/meblekuchenne.pl\/sklep\/product\/slupek-spm60ss2-71-zabudowa-piekarnika-i-mikrofali-2-szuflady-slim-kammono\/","title":{"rendered":"S\u0142upek SPM60SS2\/71 &#8211; zabudowa piekarnika i mikrofali &#8211; 2 szuflady Slim &#8211; KamMono"},"content":{"rendered":"<h2 data-start=\"186\" data-end=\"262\">S\u0142upek SPM60SS2\/71 \u2013 Zabudowa piekarnika i mikrofali z 2 szufladami Slim<\/h2>\n<p>S\u0142upek do zabudowy AGD &#8211; szer. 60 cm, wys. 199 cm, g\u0142. 58 cm<\/p>\n<p data-start=\"264\" data-end=\"608\"><strong data-start=\"264\" data-end=\"286\">S\u0142upek SPM60SS2\/71<\/strong> to nowoczesna zabudowa przeznaczona do <strong data-start=\"326\" data-end=\"361\">zabudowy piekarnika i mikrofali<\/strong>, kt\u00f3ra wyr\u00f3\u017cnia si\u0119 eleganckim wygl\u0105dem oraz funkcjonalno\u015bci\u0105. Dzi\u0119ki zastosowaniu <strong data-start=\"445\" data-end=\"463\">2 szuflad Slim<\/strong>, zapewnia dodatkow\u0105 przestrze\u0144 do przechowywania, a jego kompaktowa budowa doskonale sprawdza si\u0119 w kuchniach, gdzie liczy si\u0119 ka\u017cda przestrze\u0144.<\/p>\n<h3 data-start=\"610\" data-end=\"673\">Cechy s\u0142upka SPM60SS2\/71<\/h3>\n<ul data-start=\"675\" data-end=\"1867\">\n<li data-start=\"675\" data-end=\"940\">\n<p data-start=\"677\" data-end=\"940\"><strong data-start=\"677\" data-end=\"712\">Zabudowa piekarnika i mikrofali<\/strong> \u2013 S\u0142upek idealnie nadaje si\u0119 do <strong data-start=\"745\" data-end=\"780\">zabudowy piekarnika i mikrofali<\/strong>, umo\u017cliwiaj\u0105c ich umiejscowienie na odpowiedniej wysoko\u015bci, co poprawia ergonomi\u0119 pracy w kuchni. To idealne rozwi\u0105zanie do <strong data-start=\"905\" data-end=\"939\">nowoczesnej zabudowy kuchennej<\/strong>.<\/p>\n<\/li>\n<li data-start=\"942\" data-end=\"1147\">\n<p data-start=\"944\" data-end=\"1147\"><strong data-start=\"944\" data-end=\"963\">2 szuflady Slim<\/strong> \u2013 Wyposa\u017cony w dwie <strong data-start=\"984\" data-end=\"1001\">szuflady Slim<\/strong>, kt\u00f3re zapewniaj\u0105 maksymaln\u0105 organizacj\u0119 przestrzeni. System Blum gwarantuje cich\u0105 i p\u0142ynnie dzia\u0142aj\u0105c\u0105 mechanik\u0119 otwierania i zamykania szuflad.<\/p>\n<\/li>\n<li data-start=\"1149\" data-end=\"1514\">\n<p data-start=\"1151\" data-end=\"1514\"><strong data-start=\"1151\" data-end=\"1174\">Meble KAM i KAMMONO<\/strong> \u2013 S\u0142upek <strong data-start=\"1184\" data-end=\"1199\">SPM60SS2\/71<\/strong> jest cz\u0119\u015bci\u0105 oferty <strong data-start=\"1220\" data-end=\"1233\">Meble KAM<\/strong> i <strong data-start=\"1236\" data-end=\"1247\">KAMMONO<\/strong>, kt\u00f3re oferuj\u0105 <strong data-start=\"1263\" data-end=\"1296\">solidn\u0105 i estetyczn\u0105 zabudow\u0119<\/strong>. Szeroki wyb\u00f3r <strong data-start=\"1312\" data-end=\"1323\">kolor\u00f3w<\/strong> oraz <strong data-start=\"1329\" data-end=\"1341\">uchwyt\u00f3w<\/strong> do wyboru pozwala na idealne dopasowanie s\u0142upka do pozosta\u0142ych element\u00f3w kuchni. Dzi\u0119ki tym opcjom mo\u017cesz stworzy\u0107 sp\u00f3jn\u0105 aran\u017cacj\u0119, kt\u00f3ra wpasuje si\u0119 w styl Twojej kuchni.<\/p>\n<\/li>\n<li data-start=\"1516\" data-end=\"1867\">\n<p data-start=\"1518\" data-end=\"1867\"><strong data-start=\"1518\" data-end=\"1547\">Optymalizacja przestrzeni<\/strong> \u2013 Dzi\u0119ki przestronnej konstrukcji, <strong data-start=\"1583\" data-end=\"1605\">S\u0142upek SPM60SS2\/71<\/strong> zapewnia dodatkow\u0105 przestrze\u0144 do przechowywania, co czyni go bardzo funkcjonalnym rozwi\u0105zaniem. Na dole znajduj\u0105 si\u0119 <strong data-start=\"1723\" data-end=\"1742\">2 szuflady Slim<\/strong>, a nad nimi przestronna szafka, kt\u00f3ra doskonale sprawdzi si\u0119 do przechowywania akcesori\u00f3w kuchennych czy innych przedmiot\u00f3w.<\/p>\n<\/li>\n<\/ul>\n<h3 data-start=\"1869\" data-end=\"1939\">Zastosowanie<\/h3>\n<p data-start=\"1941\" data-end=\"2361\"><strong data-start=\"1941\" data-end=\"1963\">S\u0142upek SPM60SS2\/71<\/strong> to doskona\u0142e rozwi\u0105zanie do <strong data-start=\"1992\" data-end=\"2027\">zabudowy piekarnika i mikrofali<\/strong> w nowoczesnych kuchniach. <strong data-start=\"2054\" data-end=\"2077\">Meble KAM i KAMMONO<\/strong> oferuj\u0105 wyj\u0105tkow\u0105 jako\u015b\u0107 oraz szeroki wyb\u00f3r kolor\u00f3w i uchwyt\u00f3w, co pozwala na pe\u0142ne dopasowanie s\u0142upka do reszty zabudowy kuchennej. Dodatkowo, przestronno\u015b\u0107 szuflad Slim i szafki zapewniaj\u0105 wygod\u0119 przechowywania, co sprawia, \u017ce staje si\u0119 to niezwykle funkcjonalnym elementem kuchni.<\/p>\n","protected":false},"excerpt":{"rendered":"<p><strong data-start=\"264\" data-end=\"286\">S\u0142upek SPM60SS2\/71<\/strong> to nowoczesna zabudowa przeznaczona do <strong data-start=\"326\" data-end=\"361\">zabudowy piekarnika i mikrofali<\/strong>, kt\u00f3ra wyr\u00f3\u017cnia si\u0119 eleganckim wygl\u0105dem oraz funkcjonalno\u015bci\u0105. Dzi\u0119ki zastosowaniu <strong data-start=\"445\" data-end=\"463\">2 szuflad Slim<\/strong>, zapewnia dodatkow\u0105 przestrze\u0144 do przechowywania, a jego kompaktowa budowa doskonale sprawdza si\u0119 w kuchniach, gdzie liczy si\u0119 ka\u017cda przestrze\u0144.<\/p>\n","protected":false},"featured_media":59926,"template":"","meta":[],"product_brand":[710],"product_cat":[789,775,777,454,471,483,522],"product_tag":[],"class_list":{"0":"post-46374","1":"product","2":"type-product","3":"status-publish","4":"has-post-thumbnail","6":"product_brand-meble-kam","7":"product_cat-piekarnik-i-mikrofala-sklep","8":"product_cat-wszystko","9":"product_cat-zabudowa-agd-sklep","10":"product_cat-meble-kam-mono","11":"product_cat-szafki-agd","12":"product_cat-slupki-agd","13":"product_cat-slupki-pasujace-do-szafek-wiszacych-71-slupki-agd","14":"product_shipping_class-slupki-kam","15":"pa_front-f10","16":"pa_front-f11","17":"pa_front-f4","18":"pa_front-f6","19":"pa_front-f7","20":"pa_front-f8","21":"pa_front-fg2","22":"pa_front-k2","23":"pa_front-kc2","24":"pa_front-kc4","25":"pa_front-l4-mat","26":"pa_front-l4-polysk","27":"pa_front-m4","28":"pa_front-os_2","29":"pa_front-os_2black","30":"pa_front-p00","31":"pa_front-p2","32":"pa_front-p4","34":"first","35":"instock","36":"shipping-taxable","37":"purchasable","38":"product-type-variable"},"yoast_head":"<!-- This site is optimized with the Yoast SEO Premium plugin v25.0 (Yoast SEO v25.0) - https:\/\/yoast.com\/wordpress\/plugins\/seo\/ -->\n<title>S\u0142upek SPM60SS2\/71 \u2013 Zabudowa piekarnika i mikrofali<\/title>\n<meta name=\"description\" content=\"S\u0142upek SPM60SS2\/71 \u2013 Zabudowa piekarnika i mikrofali zapewnia dodatkow\u0105 przestrze\u0144 do przechowywania, doskonale sprawdza si\u0119 tam, gdzie liczy si\u0119 przestrze\u0144\" \/>\n<meta name=\"robots\" content=\"index, follow, max-snippet:-1, max-image-preview:large, max-video-preview:-1\" \/>\n<link rel=\"canonical\" href=\"https:\/\/meblekuchenne.pl\/sklep\/product\/slupek-spm60ss2-71-zabudowa-piekarnika-i-mikrofali-2-szuflady-slim-kammono\/\" \/>\n<meta property=\"og:locale\" content=\"pl_PL\" \/>\n<meta property=\"og:type\" content=\"article\" \/>\n<meta property=\"og:title\" content=\"S\u0142upek SPM60SS2\/71 - zabudowa piekarnika i mikrofali - 2 szuflady Slim - KamMono\" \/>\n<meta property=\"og:description\" content=\"S\u0142upek SPM60SS2\/71 \u2013 Zabudowa piekarnika i mikrofali zapewnia dodatkow\u0105 przestrze\u0144 do przechowywania, doskonale sprawdza si\u0119 tam, gdzie liczy si\u0119 przestrze\u0144\" \/>\n<meta property=\"og:url\" content=\"https:\/\/meblekuchenne.pl\/sklep\/product\/slupek-spm60ss2-71-zabudowa-piekarnika-i-mikrofali-2-szuflady-slim-kammono\/\" \/>\n<meta property=\"og:site_name\" content=\"MebleKuchenne.PL - SKLEP\" \/>\n<meta property=\"article:modified_time\" content=\"2026-04-01T09:26:08+00:00\" \/>\n<meta property=\"og:image\" content=\"https:\/\/meblekuchenne.pl\/sklep\/wp-content\/uploads\/2025\/02\/SPM60SS2-71-1.webp\" \/>\n\t<meta property=\"og:image:width\" content=\"1600\" \/>\n\t<meta property=\"og:image:height\" content=\"1080\" \/>\n\t<meta property=\"og:image:type\" content=\"image\/webp\" \/>\n<meta name=\"twitter:card\" content=\"summary_large_image\" \/>\n<meta name=\"twitter:label1\" content=\"Dost\u0119pno\u015b\u0107\" \/>\n\t<meta name=\"twitter:data1\" content=\"Dost\u0119pny\" \/>\n<script type=\"application\/ld+json\" class=\"yoast-schema-graph\">{\"@context\":\"https:\/\/schema.org\",\"@graph\":[{\"@type\":\"WebPage\",\"@id\":\"https:\/\/meblekuchenne.pl\/sklep\/product\/slupek-spm60ss2-71-zabudowa-piekarnika-i-mikrofali-2-szuflady-slim-kammono\/\",\"url\":\"https:\/\/meblekuchenne.pl\/sklep\/product\/slupek-spm60ss2-71-zabudowa-piekarnika-i-mikrofali-2-szuflady-slim-kammono\/\",\"name\":\"S\u0142upek SPM60SS2\/71 \u2013 Zabudowa piekarnika i mikrofali\",\"isPartOf\":{\"@id\":\"https:\/\/meblekuchenne.pl\/sklep\/#website\"},\"primaryImageOfPage\":{\"@id\":\"https:\/\/meblekuchenne.pl\/sklep\/product\/slupek-spm60ss2-71-zabudowa-piekarnika-i-mikrofali-2-szuflady-slim-kammono\/#primaryimage\"},\"image\":{\"@id\":\"https:\/\/meblekuchenne.pl\/sklep\/product\/slupek-spm60ss2-71-zabudowa-piekarnika-i-mikrofali-2-szuflady-slim-kammono\/#primaryimage\"},\"thumbnailUrl\":\"https:\/\/meblekuchenne.pl\/sklep\/wp-content\/uploads\/2025\/02\/SPM60SS2-71-1.webp\",\"datePublished\":\"2025-02-21T18:08:08+00:00\",\"dateModified\":\"2026-04-01T09:26:08+00:00\",\"description\":\"S\u0142upek SPM60SS2\/71 \u2013 Zabudowa piekarnika i mikrofali zapewnia dodatkow\u0105 przestrze\u0144 do przechowywania, doskonale sprawdza si\u0119 tam, gdzie liczy si\u0119 przestrze\u0144\",\"breadcrumb\":{\"@id\":\"https:\/\/meblekuchenne.pl\/sklep\/product\/slupek-spm60ss2-71-zabudowa-piekarnika-i-mikrofali-2-szuflady-slim-kammono\/#breadcrumb\"},\"inLanguage\":\"pl-PL\",\"potentialAction\":[{\"@type\":\"ReadAction\",\"target\":[\"https:\/\/meblekuchenne.pl\/sklep\/product\/slupek-spm60ss2-71-zabudowa-piekarnika-i-mikrofali-2-szuflady-slim-kammono\/\"]}]},{\"@type\":\"ImageObject\",\"inLanguage\":\"pl-PL\",\"@id\":\"https:\/\/meblekuchenne.pl\/sklep\/product\/slupek-spm60ss2-71-zabudowa-piekarnika-i-mikrofali-2-szuflady-slim-kammono\/#primaryimage\",\"url\":\"https:\/\/meblekuchenne.pl\/sklep\/wp-content\/uploads\/2025\/02\/SPM60SS2-71-1.webp\",\"contentUrl\":\"https:\/\/meblekuchenne.pl\/sklep\/wp-content\/uploads\/2025\/02\/SPM60SS2-71-1.webp\",\"width\":1600,\"height\":1080},{\"@type\":\"BreadcrumbList\",\"@id\":\"https:\/\/meblekuchenne.pl\/sklep\/product\/slupek-spm60ss2-71-zabudowa-piekarnika-i-mikrofali-2-szuflady-slim-kammono\/#breadcrumb\",\"itemListElement\":[{\"@type\":\"ListItem\",\"position\":1,\"name\":\"Strona g\u0142\u00f3wna\",\"item\":\"https:\/\/meblekuchenne.pl\/sklep\/\"},{\"@type\":\"ListItem\",\"position\":2,\"name\":\"Sklep\",\"item\":\"https:\/\/meblekuchenne.pl\/sklep\/sklep\/\"},{\"@type\":\"ListItem\",\"position\":3,\"name\":\"S\u0142upek SPM60SS2\/71 &#8211; zabudowa piekarnika i mikrofali &#8211; 2 szuflady Slim &#8211; KamMono\"}]},{\"@type\":\"WebSite\",\"@id\":\"https:\/\/meblekuchenne.pl\/sklep\/#website\",\"url\":\"https:\/\/meblekuchenne.pl\/sklep\/\",\"name\":\"MebleKuchenne.PL - SKLEP\",\"description\":\"\",\"publisher\":{\"@id\":\"https:\/\/meblekuchenne.pl\/sklep\/#organization\"},\"potentialAction\":[{\"@type\":\"SearchAction\",\"target\":{\"@type\":\"EntryPoint\",\"urlTemplate\":\"https:\/\/meblekuchenne.pl\/sklep\/?s={search_term_string}\"},\"query-input\":{\"@type\":\"PropertyValueSpecification\",\"valueRequired\":true,\"valueName\":\"search_term_string\"}}],\"inLanguage\":\"pl-PL\"},{\"@type\":\"Organization\",\"@id\":\"https:\/\/meblekuchenne.pl\/sklep\/#organization\",\"name\":\"MebleKuchenne.PL - SKLEP\",\"url\":\"https:\/\/meblekuchenne.pl\/sklep\/\",\"logo\":{\"@type\":\"ImageObject\",\"inLanguage\":\"pl-PL\",\"@id\":\"https:\/\/meblekuchenne.pl\/sklep\/#\/schema\/logo\/image\/\",\"url\":\"https:\/\/meblekuchenne.pl\/sklep\/wp-content\/uploads\/2025\/06\/cropped-cropped-logo.webp\",\"contentUrl\":\"https:\/\/meblekuchenne.pl\/sklep\/wp-content\/uploads\/2025\/06\/cropped-cropped-logo.webp\",\"width\":735,\"height\":715,\"caption\":\"MebleKuchenne.PL - SKLEP\"},\"image\":{\"@id\":\"https:\/\/meblekuchenne.pl\/sklep\/#\/schema\/logo\/image\/\"}}]}<\/script>\n<meta property=\"og:availability\" content=\"instock\" \/>\n<meta property=\"product:availability\" content=\"instock\" \/>\n<meta property=\"product:retailer_item_id\" content=\"SPM60SS2\/71\" \/>\n<meta property=\"product:condition\" content=\"new\" \/>\n<!-- \/ Yoast SEO Premium plugin. -->","yoast_head_json":{"title":"S\u0142upek SPM60SS2\/71 \u2013 Zabudowa piekarnika i mikrofali","description":"S\u0142upek SPM60SS2\/71 \u2013 Zabudowa piekarnika i mikrofali zapewnia dodatkow\u0105 przestrze\u0144 do przechowywania, doskonale sprawdza si\u0119 tam, gdzie liczy si\u0119 przestrze\u0144","robots":{"index":"index","follow":"follow","max-snippet":"max-snippet:-1","max-image-preview":"max-image-preview:large","max-video-preview":"max-video-preview:-1"},"canonical":"https:\/\/meblekuchenne.pl\/sklep\/product\/slupek-spm60ss2-71-zabudowa-piekarnika-i-mikrofali-2-szuflady-slim-kammono\/","og_locale":"pl_PL","og_type":"article","og_title":"S\u0142upek SPM60SS2\/71 - zabudowa piekarnika i mikrofali - 2 szuflady Slim - KamMono","og_description":"S\u0142upek SPM60SS2\/71 \u2013 Zabudowa piekarnika i mikrofali zapewnia dodatkow\u0105 przestrze\u0144 do przechowywania, doskonale sprawdza si\u0119 tam, gdzie liczy si\u0119 przestrze\u0144","og_url":"https:\/\/meblekuchenne.pl\/sklep\/product\/slupek-spm60ss2-71-zabudowa-piekarnika-i-mikrofali-2-szuflady-slim-kammono\/","og_site_name":"MebleKuchenne.PL - SKLEP","article_modified_time":"2026-04-01T09:26:08+00:00","og_image":[{"width":1600,"height":1080,"url":"https:\/\/meblekuchenne.pl\/sklep\/wp-content\/uploads\/2025\/02\/SPM60SS2-71-1.webp","type":"image\/webp"}],"twitter_card":"summary_large_image","twitter_misc":{"Dost\u0119pno\u015b\u0107":"Dost\u0119pny"},"schema":{"@context":"https:\/\/schema.org","@graph":[{"@type":"WebPage","@id":"https:\/\/meblekuchenne.pl\/sklep\/product\/slupek-spm60ss2-71-zabudowa-piekarnika-i-mikrofali-2-szuflady-slim-kammono\/","url":"https:\/\/meblekuchenne.pl\/sklep\/product\/slupek-spm60ss2-71-zabudowa-piekarnika-i-mikrofali-2-szuflady-slim-kammono\/","name":"S\u0142upek SPM60SS2\/71 \u2013 Zabudowa piekarnika i mikrofali","isPartOf":{"@id":"https:\/\/meblekuchenne.pl\/sklep\/#website"},"primaryImageOfPage":{"@id":"https:\/\/meblekuchenne.pl\/sklep\/product\/slupek-spm60ss2-71-zabudowa-piekarnika-i-mikrofali-2-szuflady-slim-kammono\/#primaryimage"},"image":{"@id":"https:\/\/meblekuchenne.pl\/sklep\/product\/slupek-spm60ss2-71-zabudowa-piekarnika-i-mikrofali-2-szuflady-slim-kammono\/#primaryimage"},"thumbnailUrl":"https:\/\/meblekuchenne.pl\/sklep\/wp-content\/uploads\/2025\/02\/SPM60SS2-71-1.webp","datePublished":"2025-02-21T18:08:08+00:00","dateModified":"2026-04-01T09:26:08+00:00","description":"S\u0142upek SPM60SS2\/71 \u2013 Zabudowa piekarnika i mikrofali zapewnia dodatkow\u0105 przestrze\u0144 do przechowywania, doskonale sprawdza si\u0119 tam, gdzie liczy si\u0119 przestrze\u0144","breadcrumb":{"@id":"https:\/\/meblekuchenne.pl\/sklep\/product\/slupek-spm60ss2-71-zabudowa-piekarnika-i-mikrofali-2-szuflady-slim-kammono\/#breadcrumb"},"inLanguage":"pl-PL","potentialAction":[{"@type":"ReadAction","target":["https:\/\/meblekuchenne.pl\/sklep\/product\/slupek-spm60ss2-71-zabudowa-piekarnika-i-mikrofali-2-szuflady-slim-kammono\/"]}]},{"@type":"ImageObject","inLanguage":"pl-PL","@id":"https:\/\/meblekuchenne.pl\/sklep\/product\/slupek-spm60ss2-71-zabudowa-piekarnika-i-mikrofali-2-szuflady-slim-kammono\/#primaryimage","url":"https:\/\/meblekuchenne.pl\/sklep\/wp-content\/uploads\/2025\/02\/SPM60SS2-71-1.webp","contentUrl":"https:\/\/meblekuchenne.pl\/sklep\/wp-content\/uploads\/2025\/02\/SPM60SS2-71-1.webp","width":1600,"height":1080},{"@type":"BreadcrumbList","@id":"https:\/\/meblekuchenne.pl\/sklep\/product\/slupek-spm60ss2-71-zabudowa-piekarnika-i-mikrofali-2-szuflady-slim-kammono\/#breadcrumb","itemListElement":[{"@type":"ListItem","position":1,"name":"Strona g\u0142\u00f3wna","item":"https:\/\/meblekuchenne.pl\/sklep\/"},{"@type":"ListItem","position":2,"name":"Sklep","item":"https:\/\/meblekuchenne.pl\/sklep\/sklep\/"},{"@type":"ListItem","position":3,"name":"S\u0142upek SPM60SS2\/71 &#8211; zabudowa piekarnika i mikrofali &#8211; 2 szuflady Slim &#8211; KamMono"}]},{"@type":"WebSite","@id":"https:\/\/meblekuchenne.pl\/sklep\/#website","url":"https:\/\/meblekuchenne.pl\/sklep\/","name":"MebleKuchenne.PL - SKLEP","description":"","publisher":{"@id":"https:\/\/meblekuchenne.pl\/sklep\/#organization"},"potentialAction":[{"@type":"SearchAction","target":{"@type":"EntryPoint","urlTemplate":"https:\/\/meblekuchenne.pl\/sklep\/?s={search_term_string}"},"query-input":{"@type":"PropertyValueSpecification","valueRequired":true,"valueName":"search_term_string"}}],"inLanguage":"pl-PL"},{"@type":"Organization","@id":"https:\/\/meblekuchenne.pl\/sklep\/#organization","name":"MebleKuchenne.PL - SKLEP","url":"https:\/\/meblekuchenne.pl\/sklep\/","logo":{"@type":"ImageObject","inLanguage":"pl-PL","@id":"https:\/\/meblekuchenne.pl\/sklep\/#\/schema\/logo\/image\/","url":"https:\/\/meblekuchenne.pl\/sklep\/wp-content\/uploads\/2025\/06\/cropped-cropped-logo.webp","contentUrl":"https:\/\/meblekuchenne.pl\/sklep\/wp-content\/uploads\/2025\/06\/cropped-cropped-logo.webp","width":735,"height":715,"caption":"MebleKuchenne.PL - SKLEP"},"image":{"@id":"https:\/\/meblekuchenne.pl\/sklep\/#\/schema\/logo\/image\/"}}]},"og_availability":"instock","product_availability":"instock","product_retailer_item_id":"SPM60SS2\/71","product_condition":"new"},"_links":{"self":[{"href":"https:\/\/meblekuchenne.pl\/sklep\/wp-json\/wp\/v2\/product\/46374","targetHints":{"allow":["GET"]}}],"collection":[{"href":"https:\/\/meblekuchenne.pl\/sklep\/wp-json\/wp\/v2\/product"}],"about":[{"href":"https:\/\/meblekuchenne.pl\/sklep\/wp-json\/wp\/v2\/types\/product"}],"wp:featuredmedia":[{"embeddable":true,"href":"https:\/\/meblekuchenne.pl\/sklep\/wp-json\/wp\/v2\/media\/59926"}],"wp:attachment":[{"href":"https:\/\/meblekuchenne.pl\/sklep\/wp-json\/wp\/v2\/media?parent=46374"}],"wp:term":[{"taxonomy":"product_brand","embeddable":true,"href":"https:\/\/meblekuchenne.pl\/sklep\/wp-json\/wp\/v2\/product_brand?post=46374"},{"taxonomy":"product_cat","embeddable":true,"href":"https:\/\/meblekuchenne.pl\/sklep\/wp-json\/wp\/v2\/product_cat?post=46374"},{"taxonomy":"product_tag","embeddable":true,"href":"https:\/\/meblekuchenne.pl\/sklep\/wp-json\/wp\/v2\/product_tag?post=46374"}],"curies":[{"name":"wp","href":"https:\/\/api.w.org\/{rel}","templated":true}]}}