{"id":46103,"date":"2025-02-21T19:05:02","date_gmt":"2025-02-21T18:05:02","guid":{"rendered":"https:\/\/meblekuchenne.pl\/sklep\/?post_type=product&#038;p=46103"},"modified":"2026-04-01T11:37:53","modified_gmt":"2026-04-01T09:37:53","slug":"slupek-nwpd-1st-71-4560-nad-zmywarke-pralke-zabudowa-piekarnika-szuflada-blum-kammono","status":"publish","type":"product","link":"https:\/\/meblekuchenne.pl\/sklep\/product\/slupek-nwpd-1st-71-4560-nad-zmywarke-pralke-zabudowa-piekarnika-szuflada-blum-kammono\/","title":{"rendered":"S\u0142upek NWPD&#8230; .1ST\/71- 45,60- nad zmywark\u0119\/pralk\u0119 &#8211; zabudowa piekarnika &#8211; szuflada Blum &#8211; Kammono"},"content":{"rendered":"<h2 data-start=\"142\" data-end=\"241\">S\u0142upek NWPD&#8230;1ST\/71 \u2013 Wisz\u0105ca szafka nad zmywark\u0119\/pralk\u0119 z zabudow\u0105 piekarnika i szuflad\u0105 Blum<\/h2>\n<p>Szafka nad zmywark\u0119 do zabudowy AGD \u2013 szer. 45, 50 cm, wys. 128 cm, g\u0142. 58 cm<\/p>\n<p data-start=\"243\" data-end=\"595\">S\u0142upek <strong data-start=\"250\" data-end=\"267\">NWPD&#8230;1ST\/71<\/strong> to funkcjonalna, wisz\u0105ca szafka przeznaczona do monta\u017cu nad zmywark\u0105 lub pralk\u0105, idealna do zabudowy piekarnika. To rozwi\u0105zanie, kt\u00f3re zapewnia estetyk\u0119, wygod\u0119 u\u017cytkowania oraz optymalne wykorzystanie przestrzeni w kuchni. Wbudowana szuflada <strong data-start=\"511\" data-end=\"519\">Blum<\/strong> oraz solidna konstrukcja czyni\u0105 j\u0105 idealnym wyborem do nowoczesnych kuchni.<\/p>\n<h3 data-start=\"597\" data-end=\"617\">Cechy produktu:<\/h3>\n<ul data-start=\"619\" data-end=\"2060\">\n<li data-start=\"619\" data-end=\"998\">\n<p data-start=\"621\" data-end=\"998\"><strong data-start=\"621\" data-end=\"670\">Zastosowanie \u2013 monta\u017c nad zmywark\u0105 lub pralk\u0105<\/strong>: S\u0142upek <strong data-start=\"679\" data-end=\"696\">NWPD&#8230;1ST\/71<\/strong> zaprojektowano z my\u015bl\u0105 o monta\u017cu nad urz\u0105dzeniami AGD, takimi jak zmywarka lub pralka. Dzi\u0119ki solidnej konstrukcji i g\u0142\u0119boko\u015bci 58 cm, jest to optymalne rozwi\u0105zanie, kt\u00f3re zapewnia funkcjonalno\u015b\u0107 i elegancki wygl\u0105d zabudowy. Mo\u017cna go \u0142atwo ustawi\u0107 na szafce, tworz\u0105c stabiln\u0105 i bezpieczn\u0105 konstrukcj\u0119.<\/p>\n<\/li>\n<li data-start=\"1000\" data-end=\"1248\">\n<p data-start=\"1002\" data-end=\"1248\"><strong data-start=\"1002\" data-end=\"1025\">Zabudowa piekarnika<\/strong>: S\u0142upek ten przeznaczony jest do zabudowy piekarnika kompaktowego, co pozwala na estetyczne ukrycie urz\u0105dzenia w kuchni. Jest to doskona\u0142e rozwi\u0105zanie do przestrzeni, gdzie liczy si\u0119 zar\u00f3wno estetyka, jak i funkcjonalno\u015b\u0107.<\/p>\n<\/li>\n<li data-start=\"1250\" data-end=\"1521\">\n<p data-start=\"1252\" data-end=\"1521\"><strong data-start=\"1252\" data-end=\"1279\">Wysoka jako\u015b\u0107 wykonania<\/strong>: Wykonany z trwa\u0142ych materia\u0142\u00f3w, s\u0142upek charakteryzuje si\u0119 solidno\u015bci\u0105 i dba\u0142o\u015bci\u0105 o detale. System <strong data-start=\"1380\" data-end=\"1394\">soft-close<\/strong> oraz szuflada <strong data-start=\"1409\" data-end=\"1417\">Blum<\/strong> zapewniaj\u0105 wygodne, ciche i p\u0142ynne otwieranie oraz zamykanie, co znacz\u0105co poprawia komfort u\u017cytkowania.<\/p>\n<\/li>\n<li data-start=\"1523\" data-end=\"1776\">\n<p data-start=\"1525\" data-end=\"1776\"><strong data-start=\"1525\" data-end=\"1556\">Dopasowanie do innych mebli<\/strong>: S\u0142upek <strong data-start=\"1565\" data-end=\"1582\">NWPD&#8230;1ST\/71<\/strong> stanowi cz\u0119\u015b\u0107 systemu <strong data-start=\"1605\" data-end=\"1622\">KAM i KAMMONO<\/strong>, dzi\u0119ki czemu mo\u017cna go \u0142atwo dopasowa\u0107 do innych mebli w kuchni. Mo\u017cliwo\u015b\u0107 wyboru kolorystyki oraz uchwyt\u00f3w pozwala stworzy\u0107 sp\u00f3jn\u0105, nowoczesn\u0105 zabudow\u0119.<\/p>\n<\/li>\n<li data-start=\"1778\" data-end=\"2060\">\n<p data-start=\"1780\" data-end=\"2060\"><strong data-start=\"1780\" data-end=\"1797\">Przestronno\u015b\u0107<\/strong>: Dzi\u0119ki g\u0142\u0119boko\u015bci 58 cm, s\u0142upek oferuje odpowiedni\u0105 przestrze\u0144 na zabudow\u0119 piekarnika i przechowywanie innych akcesori\u00f3w kuchennych, nie zajmuj\u0105c przy tym zbyt wiele miejsca w kuchni. Dzi\u0119ki temu jest to idealne rozwi\u0105zanie do kuchni o ograniczonej przestrzeni.<\/p>\n<\/li>\n<\/ul>\n<h3 data-start=\"2062\" data-end=\"2074\">Zalety:<\/h3>\n<ul data-start=\"2076\" data-end=\"2801\">\n<li data-start=\"2076\" data-end=\"2401\">\n<p data-start=\"2078\" data-end=\"2401\"><strong data-start=\"2078\" data-end=\"2117\">Optymalne wykorzystanie przestrzeni<\/strong>: S\u0142upek <strong data-start=\"2126\" data-end=\"2143\">NWPD&#8230;1ST\/71<\/strong> pozwala na efektywne wykorzystanie przestrzeni w kuchni, tworz\u0105c dodatkowe miejsce do przechowywania i zabudowy piekarnika. Dzi\u0119ki monta\u017cowi nad zmywark\u0105 lub pralk\u0105 zyskujesz wi\u0119cej powierzchni roboczej, a ca\u0142a przestrze\u0144 wygl\u0105da schludnie i uporz\u0105dkowanie.<\/p>\n<\/li>\n<li data-start=\"2403\" data-end=\"2607\">\n<p data-start=\"2405\" data-end=\"2607\"><strong data-start=\"2405\" data-end=\"2445\">Wysokiej jako\u015bci system szuflad Blum<\/strong>: Szuflada <strong data-start=\"2456\" data-end=\"2464\">Blum<\/strong> to gwarancja niezawodno\u015bci, cichego i p\u0142ynnego dzia\u0142ania przez wiele lat. Jest to rozwi\u0105zanie, kt\u00f3re zapewnia komfort codziennego u\u017cytkowania.<\/p>\n<\/li>\n<li data-start=\"2609\" data-end=\"2801\">\n<p data-start=\"2611\" data-end=\"2801\"><strong data-start=\"2611\" data-end=\"2641\">Uniwersalno\u015b\u0107 w szeroko\u015bci<\/strong>: Dost\u0119pny w szeroko\u015bciach 45 cm lub 60 cm, s\u0142upek <strong data-start=\"2692\" data-end=\"2709\">NWPD&#8230;1ST\/71<\/strong> mo\u017cna \u0142atwo dopasowa\u0107 do rozmiaru przestrzeni w kuchni, tworz\u0105c eleganck\u0105, sp\u00f3jn\u0105 zabudow\u0119.<\/p>\n<\/li>\n<\/ul>\n<p data-start=\"2821\" data-end=\"3303\">S\u0142upek NWPD&#8230;1ST\/71 \u2013 Wisz\u0105ca szafka nad zmywark\u0119 to funkcjonalna i elegancka szafka, idealna do monta\u017cu nad zmywark\u0105 lub pralk\u0105, z przestrzeni\u0105 na zabudow\u0119 piekarnika. Dzi\u0119ki solidnej konstrukcji, szufladzie <strong data-start=\"3005\" data-end=\"3013\">Blum<\/strong> oraz dopasowanej kolorystyce, jest to doskona\u0142e rozwi\u0105zanie do nowoczesnych kuchni. Pasuje do systemu mebli <strong data-start=\"3122\" data-end=\"3139\">KAM i KAMMONO<\/strong>, umo\u017cliwiaj\u0105c stworzenie sp\u00f3jnej i funkcjonalnej zabudowy kuchennej. Jest to rozwi\u0105zanie, kt\u00f3re zapewnia oszcz\u0119dno\u015b\u0107 przestrzeni i komfort codziennego u\u017cytkowania.<\/p>\n","protected":false},"excerpt":{"rendered":"<p>S\u0142upek <strong data-start=\"250\" data-end=\"267\">NWPD&#8230;1ST\/71<\/strong> to funkcjonalna, wisz\u0105ca szafka przeznaczona do monta\u017cu nad zmywark\u0105 lub pralk\u0105, idealna do zabudowy piekarnika. To rozwi\u0105zanie, kt\u00f3re zapewnia estetyk\u0119, wygod\u0119 u\u017cytkowania oraz optymalne wykorzystanie przestrzeni w kuchni. Wbudowana szuflada <strong data-start=\"511\" data-end=\"519\">Blum<\/strong> oraz solidna konstrukcja czyni\u0105 j\u0105 idealnym wyborem do nowoczesnych kuchni.<\/p>\n","protected":false},"featured_media":59931,"template":"","meta":[],"product_brand":[710],"product_cat":[787,775,777,454,471,484,524],"product_tag":[],"class_list":{"0":"post-46103","1":"product","2":"type-product","3":"status-publish","4":"has-post-thumbnail","6":"product_brand-meble-kam","7":"product_cat-pod-zmywarke-sklep","8":"product_cat-wszystko","9":"product_cat-zabudowa-agd-sklep","10":"product_cat-meble-kam-mono","11":"product_cat-szafki-agd","12":"product_cat-szafki-wiszace-nad-zmywarke","13":"product_cat-szafki-wiszace-nad-zmywarke-71","14":"product_shipping_class-slupki-kam","15":"pa_front-f10","16":"pa_front-f11","17":"pa_front-f4","18":"pa_front-f6","19":"pa_front-f7","20":"pa_front-f8","21":"pa_front-fg2","22":"pa_front-k2","23":"pa_front-kc2","24":"pa_front-kc4","25":"pa_front-l4-mat","26":"pa_front-l4-polysk","27":"pa_front-m4","28":"pa_front-os_2","29":"pa_front-os_2black","30":"pa_front-p00","31":"pa_front-p2","32":"pa_front-p4","33":"pa_rozmiar-45-cm","34":"pa_rozmiar-60-cm","36":"first","37":"instock","38":"shipping-taxable","39":"purchasable","40":"product-type-variable"},"yoast_head":"<!-- This site is optimized with the Yoast SEO Premium plugin v25.0 (Yoast SEO v25.0) - https:\/\/yoast.com\/wordpress\/plugins\/seo\/ -->\n<title>S\u0142upek NWPD...1ST\/71 \u2013 Wisz\u0105ca szafka nad zmywark\u0119<\/title>\n<meta name=\"description\" content=\"S\u0142upek NWPD...1ST\/71 \u2013 Wisz\u0105ca szafka nad zmywark\u0119 zapewnia estetyk\u0119, wygod\u0119 u\u017cytkowania oraz optymalne wykorzystanie przestrzeni w kuchni.\" \/>\n<meta name=\"robots\" content=\"index, follow, max-snippet:-1, max-image-preview:large, max-video-preview:-1\" \/>\n<link rel=\"canonical\" href=\"https:\/\/meblekuchenne.pl\/sklep\/product\/slupek-nwpd-1st-71-4560-nad-zmywarke-pralke-zabudowa-piekarnika-szuflada-blum-kammono\/\" \/>\n<meta property=\"og:locale\" content=\"pl_PL\" \/>\n<meta property=\"og:type\" content=\"article\" \/>\n<meta property=\"og:title\" content=\"S\u0142upek NWPD... .1ST\/71- 45,60- nad zmywark\u0119\/pralk\u0119 - zabudowa piekarnika - szuflada Blum - Kammono\" \/>\n<meta property=\"og:description\" content=\"S\u0142upek NWPD...1ST\/71 \u2013 Wisz\u0105ca szafka nad zmywark\u0119 zapewnia estetyk\u0119, wygod\u0119 u\u017cytkowania oraz optymalne wykorzystanie przestrzeni w kuchni.\" \/>\n<meta property=\"og:url\" content=\"https:\/\/meblekuchenne.pl\/sklep\/product\/slupek-nwpd-1st-71-4560-nad-zmywarke-pralke-zabudowa-piekarnika-szuflada-blum-kammono\/\" \/>\n<meta property=\"og:site_name\" content=\"MebleKuchenne.PL - SKLEP\" \/>\n<meta property=\"article:modified_time\" content=\"2026-04-01T09:37:53+00:00\" \/>\n<meta property=\"og:image\" content=\"https:\/\/meblekuchenne.pl\/sklep\/wp-content\/uploads\/2025\/02\/NWPKD60.1SS-71-2.webp\" \/>\n\t<meta property=\"og:image:width\" content=\"1600\" \/>\n\t<meta property=\"og:image:height\" content=\"1080\" \/>\n\t<meta property=\"og:image:type\" content=\"image\/webp\" \/>\n<meta name=\"twitter:card\" content=\"summary_large_image\" \/>\n<meta name=\"twitter:label1\" content=\"Dost\u0119pno\u015b\u0107\" \/>\n\t<meta name=\"twitter:data1\" content=\"Dost\u0119pny\" \/>\n<script type=\"application\/ld+json\" class=\"yoast-schema-graph\">{\"@context\":\"https:\/\/schema.org\",\"@graph\":[{\"@type\":\"WebPage\",\"@id\":\"https:\/\/meblekuchenne.pl\/sklep\/product\/slupek-nwpd-1st-71-4560-nad-zmywarke-pralke-zabudowa-piekarnika-szuflada-blum-kammono\/\",\"url\":\"https:\/\/meblekuchenne.pl\/sklep\/product\/slupek-nwpd-1st-71-4560-nad-zmywarke-pralke-zabudowa-piekarnika-szuflada-blum-kammono\/\",\"name\":\"S\u0142upek NWPD...1ST\/71 \u2013 Wisz\u0105ca szafka nad zmywark\u0119\",\"isPartOf\":{\"@id\":\"https:\/\/meblekuchenne.pl\/sklep\/#website\"},\"primaryImageOfPage\":{\"@id\":\"https:\/\/meblekuchenne.pl\/sklep\/product\/slupek-nwpd-1st-71-4560-nad-zmywarke-pralke-zabudowa-piekarnika-szuflada-blum-kammono\/#primaryimage\"},\"image\":{\"@id\":\"https:\/\/meblekuchenne.pl\/sklep\/product\/slupek-nwpd-1st-71-4560-nad-zmywarke-pralke-zabudowa-piekarnika-szuflada-blum-kammono\/#primaryimage\"},\"thumbnailUrl\":\"https:\/\/meblekuchenne.pl\/sklep\/wp-content\/uploads\/2025\/02\/NWPKD60.1SS-71-2.webp\",\"datePublished\":\"2025-02-21T18:05:02+00:00\",\"dateModified\":\"2026-04-01T09:37:53+00:00\",\"description\":\"S\u0142upek NWPD...1ST\/71 \u2013 Wisz\u0105ca szafka nad zmywark\u0119 zapewnia estetyk\u0119, wygod\u0119 u\u017cytkowania oraz optymalne wykorzystanie przestrzeni w kuchni.\",\"breadcrumb\":{\"@id\":\"https:\/\/meblekuchenne.pl\/sklep\/product\/slupek-nwpd-1st-71-4560-nad-zmywarke-pralke-zabudowa-piekarnika-szuflada-blum-kammono\/#breadcrumb\"},\"inLanguage\":\"pl-PL\",\"potentialAction\":[{\"@type\":\"ReadAction\",\"target\":[\"https:\/\/meblekuchenne.pl\/sklep\/product\/slupek-nwpd-1st-71-4560-nad-zmywarke-pralke-zabudowa-piekarnika-szuflada-blum-kammono\/\"]}]},{\"@type\":\"ImageObject\",\"inLanguage\":\"pl-PL\",\"@id\":\"https:\/\/meblekuchenne.pl\/sklep\/product\/slupek-nwpd-1st-71-4560-nad-zmywarke-pralke-zabudowa-piekarnika-szuflada-blum-kammono\/#primaryimage\",\"url\":\"https:\/\/meblekuchenne.pl\/sklep\/wp-content\/uploads\/2025\/02\/NWPKD60.1SS-71-2.webp\",\"contentUrl\":\"https:\/\/meblekuchenne.pl\/sklep\/wp-content\/uploads\/2025\/02\/NWPKD60.1SS-71-2.webp\",\"width\":1600,\"height\":1080},{\"@type\":\"BreadcrumbList\",\"@id\":\"https:\/\/meblekuchenne.pl\/sklep\/product\/slupek-nwpd-1st-71-4560-nad-zmywarke-pralke-zabudowa-piekarnika-szuflada-blum-kammono\/#breadcrumb\",\"itemListElement\":[{\"@type\":\"ListItem\",\"position\":1,\"name\":\"Strona g\u0142\u00f3wna\",\"item\":\"https:\/\/meblekuchenne.pl\/sklep\/\"},{\"@type\":\"ListItem\",\"position\":2,\"name\":\"Sklep\",\"item\":\"https:\/\/meblekuchenne.pl\/sklep\/sklep\/\"},{\"@type\":\"ListItem\",\"position\":3,\"name\":\"S\u0142upek NWPD&#8230; .1ST\/71- 45,60- nad zmywark\u0119\/pralk\u0119 &#8211; zabudowa piekarnika &#8211; szuflada Blum &#8211; Kammono\"}]},{\"@type\":\"WebSite\",\"@id\":\"https:\/\/meblekuchenne.pl\/sklep\/#website\",\"url\":\"https:\/\/meblekuchenne.pl\/sklep\/\",\"name\":\"MebleKuchenne.PL - SKLEP\",\"description\":\"\",\"publisher\":{\"@id\":\"https:\/\/meblekuchenne.pl\/sklep\/#organization\"},\"potentialAction\":[{\"@type\":\"SearchAction\",\"target\":{\"@type\":\"EntryPoint\",\"urlTemplate\":\"https:\/\/meblekuchenne.pl\/sklep\/?s={search_term_string}\"},\"query-input\":{\"@type\":\"PropertyValueSpecification\",\"valueRequired\":true,\"valueName\":\"search_term_string\"}}],\"inLanguage\":\"pl-PL\"},{\"@type\":\"Organization\",\"@id\":\"https:\/\/meblekuchenne.pl\/sklep\/#organization\",\"name\":\"MebleKuchenne.PL - SKLEP\",\"url\":\"https:\/\/meblekuchenne.pl\/sklep\/\",\"logo\":{\"@type\":\"ImageObject\",\"inLanguage\":\"pl-PL\",\"@id\":\"https:\/\/meblekuchenne.pl\/sklep\/#\/schema\/logo\/image\/\",\"url\":\"https:\/\/meblekuchenne.pl\/sklep\/wp-content\/uploads\/2025\/06\/cropped-cropped-logo.webp\",\"contentUrl\":\"https:\/\/meblekuchenne.pl\/sklep\/wp-content\/uploads\/2025\/06\/cropped-cropped-logo.webp\",\"width\":735,\"height\":715,\"caption\":\"MebleKuchenne.PL - SKLEP\"},\"image\":{\"@id\":\"https:\/\/meblekuchenne.pl\/sklep\/#\/schema\/logo\/image\/\"}}]}<\/script>\n<meta property=\"og:availability\" content=\"instock\" \/>\n<meta property=\"product:availability\" content=\"instock\" \/>\n<meta property=\"product:retailer_item_id\" content=\"NWPD.1ST\/71\" \/>\n<meta property=\"product:condition\" content=\"new\" \/>\n<!-- \/ Yoast SEO Premium plugin. -->","yoast_head_json":{"title":"S\u0142upek NWPD...1ST\/71 \u2013 Wisz\u0105ca szafka nad zmywark\u0119","description":"S\u0142upek NWPD...1ST\/71 \u2013 Wisz\u0105ca szafka nad zmywark\u0119 zapewnia estetyk\u0119, wygod\u0119 u\u017cytkowania oraz optymalne wykorzystanie przestrzeni w kuchni.","robots":{"index":"index","follow":"follow","max-snippet":"max-snippet:-1","max-image-preview":"max-image-preview:large","max-video-preview":"max-video-preview:-1"},"canonical":"https:\/\/meblekuchenne.pl\/sklep\/product\/slupek-nwpd-1st-71-4560-nad-zmywarke-pralke-zabudowa-piekarnika-szuflada-blum-kammono\/","og_locale":"pl_PL","og_type":"article","og_title":"S\u0142upek NWPD... .1ST\/71- 45,60- nad zmywark\u0119\/pralk\u0119 - zabudowa piekarnika - szuflada Blum - Kammono","og_description":"S\u0142upek NWPD...1ST\/71 \u2013 Wisz\u0105ca szafka nad zmywark\u0119 zapewnia estetyk\u0119, wygod\u0119 u\u017cytkowania oraz optymalne wykorzystanie przestrzeni w kuchni.","og_url":"https:\/\/meblekuchenne.pl\/sklep\/product\/slupek-nwpd-1st-71-4560-nad-zmywarke-pralke-zabudowa-piekarnika-szuflada-blum-kammono\/","og_site_name":"MebleKuchenne.PL - SKLEP","article_modified_time":"2026-04-01T09:37:53+00:00","og_image":[{"width":1600,"height":1080,"url":"https:\/\/meblekuchenne.pl\/sklep\/wp-content\/uploads\/2025\/02\/NWPKD60.1SS-71-2.webp","type":"image\/webp"}],"twitter_card":"summary_large_image","twitter_misc":{"Dost\u0119pno\u015b\u0107":"Dost\u0119pny"},"schema":{"@context":"https:\/\/schema.org","@graph":[{"@type":"WebPage","@id":"https:\/\/meblekuchenne.pl\/sklep\/product\/slupek-nwpd-1st-71-4560-nad-zmywarke-pralke-zabudowa-piekarnika-szuflada-blum-kammono\/","url":"https:\/\/meblekuchenne.pl\/sklep\/product\/slupek-nwpd-1st-71-4560-nad-zmywarke-pralke-zabudowa-piekarnika-szuflada-blum-kammono\/","name":"S\u0142upek NWPD...1ST\/71 \u2013 Wisz\u0105ca szafka nad zmywark\u0119","isPartOf":{"@id":"https:\/\/meblekuchenne.pl\/sklep\/#website"},"primaryImageOfPage":{"@id":"https:\/\/meblekuchenne.pl\/sklep\/product\/slupek-nwpd-1st-71-4560-nad-zmywarke-pralke-zabudowa-piekarnika-szuflada-blum-kammono\/#primaryimage"},"image":{"@id":"https:\/\/meblekuchenne.pl\/sklep\/product\/slupek-nwpd-1st-71-4560-nad-zmywarke-pralke-zabudowa-piekarnika-szuflada-blum-kammono\/#primaryimage"},"thumbnailUrl":"https:\/\/meblekuchenne.pl\/sklep\/wp-content\/uploads\/2025\/02\/NWPKD60.1SS-71-2.webp","datePublished":"2025-02-21T18:05:02+00:00","dateModified":"2026-04-01T09:37:53+00:00","description":"S\u0142upek NWPD...1ST\/71 \u2013 Wisz\u0105ca szafka nad zmywark\u0119 zapewnia estetyk\u0119, wygod\u0119 u\u017cytkowania oraz optymalne wykorzystanie przestrzeni w kuchni.","breadcrumb":{"@id":"https:\/\/meblekuchenne.pl\/sklep\/product\/slupek-nwpd-1st-71-4560-nad-zmywarke-pralke-zabudowa-piekarnika-szuflada-blum-kammono\/#breadcrumb"},"inLanguage":"pl-PL","potentialAction":[{"@type":"ReadAction","target":["https:\/\/meblekuchenne.pl\/sklep\/product\/slupek-nwpd-1st-71-4560-nad-zmywarke-pralke-zabudowa-piekarnika-szuflada-blum-kammono\/"]}]},{"@type":"ImageObject","inLanguage":"pl-PL","@id":"https:\/\/meblekuchenne.pl\/sklep\/product\/slupek-nwpd-1st-71-4560-nad-zmywarke-pralke-zabudowa-piekarnika-szuflada-blum-kammono\/#primaryimage","url":"https:\/\/meblekuchenne.pl\/sklep\/wp-content\/uploads\/2025\/02\/NWPKD60.1SS-71-2.webp","contentUrl":"https:\/\/meblekuchenne.pl\/sklep\/wp-content\/uploads\/2025\/02\/NWPKD60.1SS-71-2.webp","width":1600,"height":1080},{"@type":"BreadcrumbList","@id":"https:\/\/meblekuchenne.pl\/sklep\/product\/slupek-nwpd-1st-71-4560-nad-zmywarke-pralke-zabudowa-piekarnika-szuflada-blum-kammono\/#breadcrumb","itemListElement":[{"@type":"ListItem","position":1,"name":"Strona g\u0142\u00f3wna","item":"https:\/\/meblekuchenne.pl\/sklep\/"},{"@type":"ListItem","position":2,"name":"Sklep","item":"https:\/\/meblekuchenne.pl\/sklep\/sklep\/"},{"@type":"ListItem","position":3,"name":"S\u0142upek NWPD&#8230; .1ST\/71- 45,60- nad zmywark\u0119\/pralk\u0119 &#8211; zabudowa piekarnika &#8211; szuflada Blum &#8211; Kammono"}]},{"@type":"WebSite","@id":"https:\/\/meblekuchenne.pl\/sklep\/#website","url":"https:\/\/meblekuchenne.pl\/sklep\/","name":"MebleKuchenne.PL - SKLEP","description":"","publisher":{"@id":"https:\/\/meblekuchenne.pl\/sklep\/#organization"},"potentialAction":[{"@type":"SearchAction","target":{"@type":"EntryPoint","urlTemplate":"https:\/\/meblekuchenne.pl\/sklep\/?s={search_term_string}"},"query-input":{"@type":"PropertyValueSpecification","valueRequired":true,"valueName":"search_term_string"}}],"inLanguage":"pl-PL"},{"@type":"Organization","@id":"https:\/\/meblekuchenne.pl\/sklep\/#organization","name":"MebleKuchenne.PL - SKLEP","url":"https:\/\/meblekuchenne.pl\/sklep\/","logo":{"@type":"ImageObject","inLanguage":"pl-PL","@id":"https:\/\/meblekuchenne.pl\/sklep\/#\/schema\/logo\/image\/","url":"https:\/\/meblekuchenne.pl\/sklep\/wp-content\/uploads\/2025\/06\/cropped-cropped-logo.webp","contentUrl":"https:\/\/meblekuchenne.pl\/sklep\/wp-content\/uploads\/2025\/06\/cropped-cropped-logo.webp","width":735,"height":715,"caption":"MebleKuchenne.PL - SKLEP"},"image":{"@id":"https:\/\/meblekuchenne.pl\/sklep\/#\/schema\/logo\/image\/"}}]},"og_availability":"instock","product_availability":"instock","product_retailer_item_id":"NWPD.1ST\/71","product_condition":"new"},"_links":{"self":[{"href":"https:\/\/meblekuchenne.pl\/sklep\/wp-json\/wp\/v2\/product\/46103","targetHints":{"allow":["GET"]}}],"collection":[{"href":"https:\/\/meblekuchenne.pl\/sklep\/wp-json\/wp\/v2\/product"}],"about":[{"href":"https:\/\/meblekuchenne.pl\/sklep\/wp-json\/wp\/v2\/types\/product"}],"wp:featuredmedia":[{"embeddable":true,"href":"https:\/\/meblekuchenne.pl\/sklep\/wp-json\/wp\/v2\/media\/59931"}],"wp:attachment":[{"href":"https:\/\/meblekuchenne.pl\/sklep\/wp-json\/wp\/v2\/media?parent=46103"}],"wp:term":[{"taxonomy":"product_brand","embeddable":true,"href":"https:\/\/meblekuchenne.pl\/sklep\/wp-json\/wp\/v2\/product_brand?post=46103"},{"taxonomy":"product_cat","embeddable":true,"href":"https:\/\/meblekuchenne.pl\/sklep\/wp-json\/wp\/v2\/product_cat?post=46103"},{"taxonomy":"product_tag","embeddable":true,"href":"https:\/\/meblekuchenne.pl\/sklep\/wp-json\/wp\/v2\/product_tag?post=46103"}],"curies":[{"name":"wp","href":"https:\/\/api.w.org\/{rel}","templated":true}]}}