{"id":45653,"date":"2025-02-21T18:59:46","date_gmt":"2025-02-21T17:59:46","guid":{"rendered":"https:\/\/meblekuchenne.pl\/sklep\/?post_type=product&#038;p=45653"},"modified":"2026-03-31T13:09:27","modified_gmt":"2026-03-31T11:09:27","slug":"slupek-sdpk60-zabudowa-piekarnika-kompaktowego-kammono","status":"publish","type":"product","link":"https:\/\/meblekuchenne.pl\/sklep\/product\/slupek-sdpk60-zabudowa-piekarnika-kompaktowego-kammono\/","title":{"rendered":"S\u0142upek SDPK60 &#8211; zabudowa piekarnika kompaktowego- KamMono"},"content":{"rendered":"<h2 data-start=\"0\" data-end=\"61\"><strong data-start=\"4\" data-end=\"59\">S\u0142upek SDPK60\/61 \u2013 zabudowa piekarnika kompaktowego<\/strong><\/h2>\n<p>S\u0142upek do zabudowy piekarnika &#8211; szer. 60 cm, wys. 189 cm, g\u0142. 58 cm<\/p>\n<h3 data-start=\"63\" data-end=\"121\"><strong data-start=\"68\" data-end=\"119\">Nowoczesna kuchnia z funkcjonalnym rozwi\u0105zaniem<\/strong><\/h3>\n<p data-start=\"122\" data-end=\"409\">S\u0142upek SDPK60\/61 to idealne rozwi\u0105zanie dla os\u00f3b, kt\u00f3re chc\u0105 elegancko i ergonomicznie wkomponowa\u0107 <strong data-start=\"221\" data-end=\"245\">piekarnik kompaktowy<\/strong> w zabudow\u0119 kuchenn\u0105. Dzi\u0119ki przemy\u015blanej konstrukcji zapewnia wygodny dost\u0119p do urz\u0105dzenia, a jednocze\u015bnie pozwala na <strong data-start=\"364\" data-end=\"406\">optymalne zagospodarowanie przestrzeni<\/strong>.<\/p>\n<p data-start=\"411\" data-end=\"597\">Jego nowoczesny design oraz mo\u017cliwo\u015b\u0107 wyboru r\u00f3\u017cnych <strong data-start=\"464\" data-end=\"483\">kolor\u00f3w front\u00f3w<\/strong> sprawiaj\u0105, \u017ce pasuje do ka\u017cdego stylu \u2013 zar\u00f3wno minimalistycznych, industrialnych, jak i klasycznych aran\u017cacji.<\/p>\n<h3 data-start=\"606\" data-end=\"653\"><strong data-start=\"611\" data-end=\"651\">Najwa\u017cniejsze cechy s\u0142upka SDPK60\/61<\/strong><\/h3>\n<ul data-start=\"655\" data-end=\"1211\">\n<li data-start=\"655\" data-end=\"760\"><strong data-start=\"657\" data-end=\"698\">Dedykowany do piekarnika kompaktowego<\/strong> \u2013 idealne dopasowanie do sprz\u0119tu AGD o mniejszej wysoko\u015bci.<\/li>\n<li data-start=\"761\" data-end=\"879\"><strong data-start=\"763\" data-end=\"803\">Optymalne rozmieszczenie przestrzeni<\/strong> \u2013 poza miejscem na piekarnik oferuje dodatkowe miejsce do przechowywania.<\/li>\n<li data-start=\"880\" data-end=\"992\"><strong data-start=\"882\" data-end=\"905\">Solidna konstrukcja<\/strong> \u2013 wykonana z wysokiej jako\u015bci materia\u0142\u00f3w, odpornych na wilgo\u0107 i wysokie temperatury.<\/li>\n<li data-start=\"993\" data-end=\"1083\"><strong data-start=\"995\" data-end=\"1016\">Nowoczesny wygl\u0105d<\/strong> \u2013 mo\u017cliwo\u015b\u0107 dopasowania do system\u00f3w meblowych <strong data-start=\"1063\" data-end=\"1080\">KAM i KAMMONO<\/strong>.<\/li>\n<li data-start=\"1084\" data-end=\"1211\"><strong data-start=\"1086\" data-end=\"1120\">Ergonomia i wygoda u\u017cytkowania<\/strong> \u2013 odpowiednia wysoko\u015b\u0107 instalacji piekarnika u\u0142atwia codzienne korzystanie z urz\u0105dzenia.<\/li>\n<\/ul>\n<h3 data-start=\"1220\" data-end=\"1277\"><strong data-start=\"1225\" data-end=\"1275\">Pe\u0142na kompatybilno\u015b\u0107 z systemami KAM i KAMMONO<\/strong><\/h3>\n<p data-start=\"1278\" data-end=\"1519\">S\u0142upek SDPK60\/61 zosta\u0142 zaprojektowany z my\u015bl\u0105 o kuchniach modu\u0142owych, dlatego idealnie komponuje si\u0119 z meblami <strong data-start=\"1390\" data-end=\"1416\">Meble KAM oraz KAMMONO<\/strong>. Dzi\u0119ki temu mo\u017cna \u0142atwo dopasowa\u0107 go do reszty zabudowy, tworz\u0105c <strong data-start=\"1483\" data-end=\"1516\">sp\u00f3jn\u0105 i estetyczn\u0105 aran\u017cacj\u0119<\/strong>.<\/p>\n<p data-start=\"1521\" data-end=\"1666\">Mo\u017cliwo\u015b\u0107 wyboru r\u00f3\u017cnych kolor\u00f3w front\u00f3w i uchwyt\u00f3w pozwala na <strong data-start=\"1584\" data-end=\"1623\">pe\u0142n\u0105 personalizacj\u0119 wygl\u0105du kuchni<\/strong> i dostosowanie jej do w\u0142asnych upodoba\u0144.<\/p>\n<h3 data-start=\"1675\" data-end=\"1713\"><strong data-start=\"1680\" data-end=\"1711\">Trwa\u0142o\u015b\u0107 i estetyka na lata<\/strong><\/h3>\n<p data-start=\"1714\" data-end=\"1801\">S\u0142upek SDPK60\/61 zosta\u0142 wykonany z <strong data-start=\"1749\" data-end=\"1780\">wysokiej jako\u015bci materia\u0142\u00f3w<\/strong>, kt\u00f3re zapewniaj\u0105:<\/p>\n<ul data-start=\"1803\" data-end=\"2098\">\n<li data-start=\"1803\" data-end=\"1868\"><strong data-start=\"1805\" data-end=\"1828\">Odporno\u015b\u0107 na wilgo\u0107<\/strong> \u2013 co jest szczeg\u00f3lnie wa\u017cne w kuchni.<\/li>\n<li data-start=\"1869\" data-end=\"2006\"><strong data-start=\"1871\" data-end=\"1906\">Odporno\u015b\u0107 na wysok\u0105 temperatur\u0119<\/strong> \u2013 dzi\u0119ki czemu mo\u017ce by\u0107 bezpiecznie u\u017cytkowany w pobli\u017cu piekarnika i innych urz\u0105dze\u0144 grzewczych.<\/li>\n<li data-start=\"2007\" data-end=\"2098\"><strong data-start=\"2009\" data-end=\"2033\">Trwa\u0142o\u015b\u0107 i solidno\u015b\u0107<\/strong> \u2013 stabilna konstrukcja gwarantuje niezawodno\u015b\u0107 na d\u0142ugie lata.<\/li>\n<\/ul>\n<h3 data-start=\"2107\" data-end=\"2152\"><strong data-start=\"2111\" data-end=\"2150\">Elegancja i funkcjonalno\u015b\u0107 w jednym<\/strong><\/h3>\n<p data-start=\"2153\" data-end=\"2382\">S\u0142upek SDPK60\/61 \u2013 zabudowa piekarnika kompaktowego to <strong data-start=\"2173\" data-end=\"2212\">praktyczne i estetyczne rozwi\u0105zanie<\/strong> do nowoczesnych kuchni. Dzi\u0119ki <strong data-start=\"2244\" data-end=\"2292\">dedykowanemu miejscu na piekarnik kompaktowy<\/strong> oraz wysokiej jako\u015bci wykonaniu, u\u0142atwia codzienne gotowanie i organizacj\u0119 przestrzeni.<\/p>\n<ul>\n<li data-start=\"2384\" data-end=\"2637\"><strong data-start=\"2386\" data-end=\"2447\">Doskona\u0142e dopasowanie do system\u00f3w meblowych KAM i KAMMONO<\/strong><\/li>\n<li data-start=\"2384\" data-end=\"2637\"><strong data-start=\"2452\" data-end=\"2474\">Funkcjonalny uk\u0142ad<\/strong> \u2013 wygodna wysoko\u015b\u0107 monta\u017cu piekarnika<\/li>\n<li data-start=\"2384\" data-end=\"2637\"><strong data-start=\"2517\" data-end=\"2538\">Nowoczesny design<\/strong> \u2013 mo\u017cliwo\u015b\u0107 wyboru kolor\u00f3w i uchwyt\u00f3w<\/li>\n<li data-start=\"2384\" data-end=\"2637\"><strong data-start=\"2581\" data-end=\"2605\">Trwa\u0142o\u015b\u0107 i odporno\u015b\u0107<\/strong> \u2013 solidna konstrukcja na lata<\/li>\n<\/ul>\n<p data-start=\"2639\" data-end=\"2720\">Postaw na <strong data-start=\"2649\" data-end=\"2669\">s\u0142upek SDPK60\/61<\/strong> i ciesz si\u0119 eleganck\u0105 oraz ergonomiczn\u0105 kuchni\u0105!<\/p>\n","protected":false},"excerpt":{"rendered":"<p>S\u0142upek SDPK60\/61 to idealne rozwi\u0105zanie dla os\u00f3b, kt\u00f3re chc\u0105 elegancko i ergonomicznie wkomponowa\u0107 <strong data-start=\"221\" data-end=\"245\">piekarnik kompaktowy<\/strong> w zabudow\u0119 kuchenn\u0105. Dzi\u0119ki przemy\u015blanej konstrukcji zapewnia wygodny dost\u0119p do urz\u0105dzenia, a jednocze\u015bnie pozwala na <strong data-start=\"364\" data-end=\"406\">optymalne zagospodarowanie przestrzeni<\/strong>.<\/p>\n","protected":false},"featured_media":59941,"template":"","meta":[],"product_brand":[710],"product_cat":[775,777,454,471,483,521],"product_tag":[],"class_list":{"0":"post-45653","1":"product","2":"type-product","3":"status-publish","4":"has-post-thumbnail","6":"product_brand-meble-kam","7":"product_cat-wszystko","8":"product_cat-zabudowa-agd-sklep","9":"product_cat-meble-kam-mono","10":"product_cat-szafki-agd","11":"product_cat-slupki-agd","12":"product_cat-slupki-pasujace-do-szafek-wiszacych-61-slupki-agd","13":"product_shipping_class-slupki-kam","14":"pa_front-f10","15":"pa_front-f11","16":"pa_front-f4","17":"pa_front-f6","18":"pa_front-f7","19":"pa_front-f8","20":"pa_front-fg2","21":"pa_front-k2","22":"pa_front-kc2","23":"pa_front-kc4","24":"pa_front-l4-mat","25":"pa_front-l4-polysk","26":"pa_front-m4","27":"pa_front-os_2","28":"pa_front-os_2black","29":"pa_front-p00","30":"pa_front-p2","31":"pa_front-p4","33":"first","34":"instock","35":"shipping-taxable","36":"purchasable","37":"product-type-variable"},"yoast_head":"<!-- This site is optimized with the Yoast SEO Premium plugin v25.0 (Yoast SEO v25.0) - https:\/\/yoast.com\/wordpress\/plugins\/seo\/ -->\n<title>S\u0142upek SDPK60\/61 \u2013 zabudowa piekarnika kompaktowego<\/title>\n<meta name=\"description\" content=\"S\u0142upek SDPK60\/61 \u2013 zabudowa piekarnika kompaktowego dzi\u0119ki przemy\u015blanej konstrukcji zapewnia wygodny dost\u0119p do urz\u0105dzenia\" \/>\n<meta name=\"robots\" content=\"index, follow, max-snippet:-1, max-image-preview:large, max-video-preview:-1\" \/>\n<link rel=\"canonical\" href=\"https:\/\/meblekuchenne.pl\/sklep\/product\/slupek-sdpk60-zabudowa-piekarnika-kompaktowego-kammono\/\" \/>\n<meta property=\"og:locale\" content=\"pl_PL\" \/>\n<meta property=\"og:type\" content=\"article\" \/>\n<meta property=\"og:title\" content=\"S\u0142upek SDPK60 - zabudowa piekarnika kompaktowego- KamMono\" \/>\n<meta property=\"og:description\" content=\"S\u0142upek SDPK60\/61 \u2013 zabudowa piekarnika kompaktowego dzi\u0119ki przemy\u015blanej konstrukcji zapewnia wygodny dost\u0119p do urz\u0105dzenia\" \/>\n<meta property=\"og:url\" content=\"https:\/\/meblekuchenne.pl\/sklep\/product\/slupek-sdpk60-zabudowa-piekarnika-kompaktowego-kammono\/\" \/>\n<meta property=\"og:site_name\" content=\"MebleKuchenne.PL - SKLEP\" \/>\n<meta property=\"article:modified_time\" content=\"2026-03-31T11:09:27+00:00\" \/>\n<meta property=\"og:image\" content=\"https:\/\/meblekuchenne.pl\/sklep\/wp-content\/uploads\/2025\/02\/SDPK60.webp\" \/>\n\t<meta property=\"og:image:width\" content=\"1600\" \/>\n\t<meta property=\"og:image:height\" content=\"1080\" \/>\n\t<meta property=\"og:image:type\" content=\"image\/webp\" \/>\n<meta name=\"twitter:card\" content=\"summary_large_image\" \/>\n<meta name=\"twitter:label1\" content=\"Dost\u0119pno\u015b\u0107\" \/>\n\t<meta name=\"twitter:data1\" content=\"Dost\u0119pny\" \/>\n<script type=\"application\/ld+json\" class=\"yoast-schema-graph\">{\"@context\":\"https:\/\/schema.org\",\"@graph\":[{\"@type\":\"WebPage\",\"@id\":\"https:\/\/meblekuchenne.pl\/sklep\/product\/slupek-sdpk60-zabudowa-piekarnika-kompaktowego-kammono\/\",\"url\":\"https:\/\/meblekuchenne.pl\/sklep\/product\/slupek-sdpk60-zabudowa-piekarnika-kompaktowego-kammono\/\",\"name\":\"S\u0142upek SDPK60\/61 \u2013 zabudowa piekarnika kompaktowego\",\"isPartOf\":{\"@id\":\"https:\/\/meblekuchenne.pl\/sklep\/#website\"},\"primaryImageOfPage\":{\"@id\":\"https:\/\/meblekuchenne.pl\/sklep\/product\/slupek-sdpk60-zabudowa-piekarnika-kompaktowego-kammono\/#primaryimage\"},\"image\":{\"@id\":\"https:\/\/meblekuchenne.pl\/sklep\/product\/slupek-sdpk60-zabudowa-piekarnika-kompaktowego-kammono\/#primaryimage\"},\"thumbnailUrl\":\"https:\/\/meblekuchenne.pl\/sklep\/wp-content\/uploads\/2025\/02\/SDPK60.webp\",\"datePublished\":\"2025-02-21T17:59:46+00:00\",\"dateModified\":\"2026-03-31T11:09:27+00:00\",\"description\":\"S\u0142upek SDPK60\/61 \u2013 zabudowa piekarnika kompaktowego dzi\u0119ki przemy\u015blanej konstrukcji zapewnia wygodny dost\u0119p do urz\u0105dzenia\",\"breadcrumb\":{\"@id\":\"https:\/\/meblekuchenne.pl\/sklep\/product\/slupek-sdpk60-zabudowa-piekarnika-kompaktowego-kammono\/#breadcrumb\"},\"inLanguage\":\"pl-PL\",\"potentialAction\":[{\"@type\":\"ReadAction\",\"target\":[\"https:\/\/meblekuchenne.pl\/sklep\/product\/slupek-sdpk60-zabudowa-piekarnika-kompaktowego-kammono\/\"]}]},{\"@type\":\"ImageObject\",\"inLanguage\":\"pl-PL\",\"@id\":\"https:\/\/meblekuchenne.pl\/sklep\/product\/slupek-sdpk60-zabudowa-piekarnika-kompaktowego-kammono\/#primaryimage\",\"url\":\"https:\/\/meblekuchenne.pl\/sklep\/wp-content\/uploads\/2025\/02\/SDPK60.webp\",\"contentUrl\":\"https:\/\/meblekuchenne.pl\/sklep\/wp-content\/uploads\/2025\/02\/SDPK60.webp\",\"width\":1600,\"height\":1080},{\"@type\":\"BreadcrumbList\",\"@id\":\"https:\/\/meblekuchenne.pl\/sklep\/product\/slupek-sdpk60-zabudowa-piekarnika-kompaktowego-kammono\/#breadcrumb\",\"itemListElement\":[{\"@type\":\"ListItem\",\"position\":1,\"name\":\"Strona g\u0142\u00f3wna\",\"item\":\"https:\/\/meblekuchenne.pl\/sklep\/\"},{\"@type\":\"ListItem\",\"position\":2,\"name\":\"Sklep\",\"item\":\"https:\/\/meblekuchenne.pl\/sklep\/sklep\/\"},{\"@type\":\"ListItem\",\"position\":3,\"name\":\"S\u0142upek SDPK60 &#8211; zabudowa piekarnika kompaktowego- KamMono\"}]},{\"@type\":\"WebSite\",\"@id\":\"https:\/\/meblekuchenne.pl\/sklep\/#website\",\"url\":\"https:\/\/meblekuchenne.pl\/sklep\/\",\"name\":\"MebleKuchenne.PL - SKLEP\",\"description\":\"\",\"publisher\":{\"@id\":\"https:\/\/meblekuchenne.pl\/sklep\/#organization\"},\"potentialAction\":[{\"@type\":\"SearchAction\",\"target\":{\"@type\":\"EntryPoint\",\"urlTemplate\":\"https:\/\/meblekuchenne.pl\/sklep\/?s={search_term_string}\"},\"query-input\":{\"@type\":\"PropertyValueSpecification\",\"valueRequired\":true,\"valueName\":\"search_term_string\"}}],\"inLanguage\":\"pl-PL\"},{\"@type\":\"Organization\",\"@id\":\"https:\/\/meblekuchenne.pl\/sklep\/#organization\",\"name\":\"MebleKuchenne.PL - SKLEP\",\"url\":\"https:\/\/meblekuchenne.pl\/sklep\/\",\"logo\":{\"@type\":\"ImageObject\",\"inLanguage\":\"pl-PL\",\"@id\":\"https:\/\/meblekuchenne.pl\/sklep\/#\/schema\/logo\/image\/\",\"url\":\"https:\/\/meblekuchenne.pl\/sklep\/wp-content\/uploads\/2025\/06\/cropped-cropped-logo.webp\",\"contentUrl\":\"https:\/\/meblekuchenne.pl\/sklep\/wp-content\/uploads\/2025\/06\/cropped-cropped-logo.webp\",\"width\":735,\"height\":715,\"caption\":\"MebleKuchenne.PL - SKLEP\"},\"image\":{\"@id\":\"https:\/\/meblekuchenne.pl\/sklep\/#\/schema\/logo\/image\/\"}}]}<\/script>\n<meta property=\"og:availability\" content=\"instock\" \/>\n<meta property=\"product:availability\" content=\"instock\" \/>\n<meta property=\"product:retailer_item_id\" content=\"SDPK60\" \/>\n<meta property=\"product:condition\" content=\"new\" \/>\n<!-- \/ Yoast SEO Premium plugin. -->","yoast_head_json":{"title":"S\u0142upek SDPK60\/61 \u2013 zabudowa piekarnika kompaktowego","description":"S\u0142upek SDPK60\/61 \u2013 zabudowa piekarnika kompaktowego dzi\u0119ki przemy\u015blanej konstrukcji zapewnia wygodny dost\u0119p do urz\u0105dzenia","robots":{"index":"index","follow":"follow","max-snippet":"max-snippet:-1","max-image-preview":"max-image-preview:large","max-video-preview":"max-video-preview:-1"},"canonical":"https:\/\/meblekuchenne.pl\/sklep\/product\/slupek-sdpk60-zabudowa-piekarnika-kompaktowego-kammono\/","og_locale":"pl_PL","og_type":"article","og_title":"S\u0142upek SDPK60 - zabudowa piekarnika kompaktowego- KamMono","og_description":"S\u0142upek SDPK60\/61 \u2013 zabudowa piekarnika kompaktowego dzi\u0119ki przemy\u015blanej konstrukcji zapewnia wygodny dost\u0119p do urz\u0105dzenia","og_url":"https:\/\/meblekuchenne.pl\/sklep\/product\/slupek-sdpk60-zabudowa-piekarnika-kompaktowego-kammono\/","og_site_name":"MebleKuchenne.PL - SKLEP","article_modified_time":"2026-03-31T11:09:27+00:00","og_image":[{"width":1600,"height":1080,"url":"https:\/\/meblekuchenne.pl\/sklep\/wp-content\/uploads\/2025\/02\/SDPK60.webp","type":"image\/webp"}],"twitter_card":"summary_large_image","twitter_misc":{"Dost\u0119pno\u015b\u0107":"Dost\u0119pny"},"schema":{"@context":"https:\/\/schema.org","@graph":[{"@type":"WebPage","@id":"https:\/\/meblekuchenne.pl\/sklep\/product\/slupek-sdpk60-zabudowa-piekarnika-kompaktowego-kammono\/","url":"https:\/\/meblekuchenne.pl\/sklep\/product\/slupek-sdpk60-zabudowa-piekarnika-kompaktowego-kammono\/","name":"S\u0142upek SDPK60\/61 \u2013 zabudowa piekarnika kompaktowego","isPartOf":{"@id":"https:\/\/meblekuchenne.pl\/sklep\/#website"},"primaryImageOfPage":{"@id":"https:\/\/meblekuchenne.pl\/sklep\/product\/slupek-sdpk60-zabudowa-piekarnika-kompaktowego-kammono\/#primaryimage"},"image":{"@id":"https:\/\/meblekuchenne.pl\/sklep\/product\/slupek-sdpk60-zabudowa-piekarnika-kompaktowego-kammono\/#primaryimage"},"thumbnailUrl":"https:\/\/meblekuchenne.pl\/sklep\/wp-content\/uploads\/2025\/02\/SDPK60.webp","datePublished":"2025-02-21T17:59:46+00:00","dateModified":"2026-03-31T11:09:27+00:00","description":"S\u0142upek SDPK60\/61 \u2013 zabudowa piekarnika kompaktowego dzi\u0119ki przemy\u015blanej konstrukcji zapewnia wygodny dost\u0119p do urz\u0105dzenia","breadcrumb":{"@id":"https:\/\/meblekuchenne.pl\/sklep\/product\/slupek-sdpk60-zabudowa-piekarnika-kompaktowego-kammono\/#breadcrumb"},"inLanguage":"pl-PL","potentialAction":[{"@type":"ReadAction","target":["https:\/\/meblekuchenne.pl\/sklep\/product\/slupek-sdpk60-zabudowa-piekarnika-kompaktowego-kammono\/"]}]},{"@type":"ImageObject","inLanguage":"pl-PL","@id":"https:\/\/meblekuchenne.pl\/sklep\/product\/slupek-sdpk60-zabudowa-piekarnika-kompaktowego-kammono\/#primaryimage","url":"https:\/\/meblekuchenne.pl\/sklep\/wp-content\/uploads\/2025\/02\/SDPK60.webp","contentUrl":"https:\/\/meblekuchenne.pl\/sklep\/wp-content\/uploads\/2025\/02\/SDPK60.webp","width":1600,"height":1080},{"@type":"BreadcrumbList","@id":"https:\/\/meblekuchenne.pl\/sklep\/product\/slupek-sdpk60-zabudowa-piekarnika-kompaktowego-kammono\/#breadcrumb","itemListElement":[{"@type":"ListItem","position":1,"name":"Strona g\u0142\u00f3wna","item":"https:\/\/meblekuchenne.pl\/sklep\/"},{"@type":"ListItem","position":2,"name":"Sklep","item":"https:\/\/meblekuchenne.pl\/sklep\/sklep\/"},{"@type":"ListItem","position":3,"name":"S\u0142upek SDPK60 &#8211; zabudowa piekarnika kompaktowego- KamMono"}]},{"@type":"WebSite","@id":"https:\/\/meblekuchenne.pl\/sklep\/#website","url":"https:\/\/meblekuchenne.pl\/sklep\/","name":"MebleKuchenne.PL - SKLEP","description":"","publisher":{"@id":"https:\/\/meblekuchenne.pl\/sklep\/#organization"},"potentialAction":[{"@type":"SearchAction","target":{"@type":"EntryPoint","urlTemplate":"https:\/\/meblekuchenne.pl\/sklep\/?s={search_term_string}"},"query-input":{"@type":"PropertyValueSpecification","valueRequired":true,"valueName":"search_term_string"}}],"inLanguage":"pl-PL"},{"@type":"Organization","@id":"https:\/\/meblekuchenne.pl\/sklep\/#organization","name":"MebleKuchenne.PL - SKLEP","url":"https:\/\/meblekuchenne.pl\/sklep\/","logo":{"@type":"ImageObject","inLanguage":"pl-PL","@id":"https:\/\/meblekuchenne.pl\/sklep\/#\/schema\/logo\/image\/","url":"https:\/\/meblekuchenne.pl\/sklep\/wp-content\/uploads\/2025\/06\/cropped-cropped-logo.webp","contentUrl":"https:\/\/meblekuchenne.pl\/sklep\/wp-content\/uploads\/2025\/06\/cropped-cropped-logo.webp","width":735,"height":715,"caption":"MebleKuchenne.PL - SKLEP"},"image":{"@id":"https:\/\/meblekuchenne.pl\/sklep\/#\/schema\/logo\/image\/"}}]},"og_availability":"instock","product_availability":"instock","product_retailer_item_id":"SDPK60","product_condition":"new"},"_links":{"self":[{"href":"https:\/\/meblekuchenne.pl\/sklep\/wp-json\/wp\/v2\/product\/45653","targetHints":{"allow":["GET"]}}],"collection":[{"href":"https:\/\/meblekuchenne.pl\/sklep\/wp-json\/wp\/v2\/product"}],"about":[{"href":"https:\/\/meblekuchenne.pl\/sklep\/wp-json\/wp\/v2\/types\/product"}],"wp:featuredmedia":[{"embeddable":true,"href":"https:\/\/meblekuchenne.pl\/sklep\/wp-json\/wp\/v2\/media\/59941"}],"wp:attachment":[{"href":"https:\/\/meblekuchenne.pl\/sklep\/wp-json\/wp\/v2\/media?parent=45653"}],"wp:term":[{"taxonomy":"product_brand","embeddable":true,"href":"https:\/\/meblekuchenne.pl\/sklep\/wp-json\/wp\/v2\/product_brand?post=45653"},{"taxonomy":"product_cat","embeddable":true,"href":"https:\/\/meblekuchenne.pl\/sklep\/wp-json\/wp\/v2\/product_cat?post=45653"},{"taxonomy":"product_tag","embeddable":true,"href":"https:\/\/meblekuchenne.pl\/sklep\/wp-json\/wp\/v2\/product_tag?post=45653"}],"curies":[{"name":"wp","href":"https:\/\/api.w.org\/{rel}","templated":true}]}}