{"id":45623,"date":"2025-02-21T18:59:26","date_gmt":"2025-02-21T17:59:26","guid":{"rendered":"https:\/\/meblekuchenne.pl\/sklep\/?post_type=product&#038;p=45623"},"modified":"2026-04-01T11:26:10","modified_gmt":"2026-04-01T09:26:10","slug":"slupek-spm60st2-zabudowa-piekarnika-i-mikrofali-2-szuflady-blum-kammono","status":"publish","type":"product","link":"https:\/\/meblekuchenne.pl\/sklep\/product\/slupek-spm60st2-zabudowa-piekarnika-i-mikrofali-2-szuflady-blum-kammono\/","title":{"rendered":"S\u0142upek SPM60ST2\/61 &#8211; zabudowa piekarnika i mikrofali &#8211; 2 szuflady Blum &#8211; KamMono"},"content":{"rendered":"<h3 data-start=\"0\" data-end=\"78\"><strong data-start=\"4\" data-end=\"78\">S\u0142upek SPM60ST2\/61 &#8211; Zabudowa piekarnika i mikrofali &#8211; 2 szuflady Blum<\/strong><\/h3>\n<p>S\u0142upek do zabudowy piekarnika i mikrofali z szufladami &#8211; szer. 60 cm, wys. 189 cm (bez n\u00f3\u017cek), g\u0142. 58 cm<\/p>\n<p data-start=\"80\" data-end=\"457\"><strong data-start=\"80\" data-end=\"102\">S\u0142upek SPM60ST2\/61<\/strong> to idealne rozwi\u0105zanie do zabudowy piekarnika i mikrofali w nowoczesnych kuchniach. Dzi\u0119ki dw\u00f3m przestronnym szufladom <strong data-start=\"222\" data-end=\"230\">Blum<\/strong>, zapewnia wygodny dost\u0119p do urz\u0105dze\u0144, jednocze\u015bnie oszcz\u0119dzaj\u0105c miejsce i dbaj\u0105c o estetyk\u0119 wn\u0119trza. Pasuje do zabudowy z szafkami wisz\u0105cymi o wysoko\u015bci 61 cm, co pozwala na stworzenie sp\u00f3jnej i harmonijnej aran\u017cacji w kuchni.<\/p>\n<h3 data-start=\"464\" data-end=\"492\"><strong data-start=\"468\" data-end=\"492\">Najwa\u017cniejsze cechy:<\/strong><\/h3>\n<ul data-start=\"494\" data-end=\"1198\">\n<li data-start=\"494\" data-end=\"605\"><strong data-start=\"496\" data-end=\"513\">Przeznaczenie<\/strong> \u2013 s\u0142upek zaprojektowany do zabudowy piekarnika i mikrofali, idealny do nowoczesnych kuchni.<\/li>\n<li data-start=\"606\" data-end=\"787\"><strong data-start=\"608\" data-end=\"627\">2 szuflady Blum<\/strong> \u2013 wyposa\u017cony w dwa wysokiej jako\u015bci mechanizmy szufladowe <strong data-start=\"686\" data-end=\"694\">Blum<\/strong>, kt\u00f3re zapewniaj\u0105 p\u0142ynne i ciche otwieranie oraz zamykanie, gwarantuj\u0105c komfort u\u017cytkowania.<\/li>\n<li data-start=\"788\" data-end=\"939\"><strong data-start=\"790\" data-end=\"825\">Dopasowanie do szafek wisz\u0105cych<\/strong> \u2013 pasuje do zabudowy z szafkami wisz\u0105cymi o wysoko\u015bci 61 cm, umo\u017cliwiaj\u0105c sp\u00f3jne i eleganckie wyko\u0144czenie kuchni.<\/li>\n<li data-start=\"940\" data-end=\"1069\"><strong data-start=\"942\" data-end=\"969\">Przemy\u015blana konstrukcja<\/strong> \u2013 zapewnia odpowiedni\u0105 przestronno\u015b\u0107 i \u0142atwy dost\u0119p do urz\u0105dze\u0144, przy zachowaniu porz\u0105dku w kuchni.<\/li>\n<li data-start=\"1070\" data-end=\"1198\"><strong data-start=\"1072\" data-end=\"1093\">Estetyczny wygl\u0105d<\/strong> \u2013 nowoczesny i funkcjonalny design, kt\u00f3ry idealnie komponuje si\u0119 z innymi elementami zabudowy kuchennej.<\/li>\n<li data-start=\"1070\" data-end=\"1198\"><strong>Monta\u017c na n\u00f3\u017ckach<\/strong> &#8211; 10 lub 15 cm<\/li>\n<\/ul>\n<h3 data-start=\"1205\" data-end=\"1254\"><strong data-start=\"1209\" data-end=\"1254\">Dlaczego warto wybra\u0107 s\u0142upek SPM60ST2\/61?<\/strong><\/h3>\n<ul data-start=\"1256\" data-end=\"1832\">\n<li data-start=\"1256\" data-end=\"1466\"><strong data-start=\"1258\" data-end=\"1285\">Funkcjonalno\u015b\u0107 i wygoda<\/strong> \u2013 dzi\u0119ki zastosowaniu szuflad Blum, dost\u0119p do piekarnika i mikrofali jest wygodny i komfortowy. Szuflady oferuj\u0105 tak\u017ce dodatkow\u0105 przestrze\u0144 do przechowywania akcesori\u00f3w kuchennych.<\/li>\n<li data-start=\"1467\" data-end=\"1613\"><strong data-start=\"1469\" data-end=\"1490\">Nowoczesny design<\/strong> \u2013 prosta, ale elegancka konstrukcja, kt\u00f3ra pasuje do wielu styl\u00f3w kuchennych, od klasycznych po minimalistyczne aran\u017cacje.<\/li>\n<li data-start=\"1614\" data-end=\"1708\"><strong data-start=\"1616\" data-end=\"1633\">Wysoka jako\u015b\u0107<\/strong> \u2013 solidne wykonanie i trwa\u0142e materia\u0142y zapewniaj\u0105 d\u0142ugowieczno\u015b\u0107 produktu.<\/li>\n<li data-start=\"1709\" data-end=\"1832\"><strong data-start=\"1711\" data-end=\"1727\">\u0141atwy monta\u017c<\/strong> \u2013 zaprojektowany z my\u015bl\u0105 o \u0142atwym monta\u017cu, dzi\u0119ki czemu szybko stworzysz funkcjonaln\u0105 zabudow\u0119 kuchenn\u0105.<\/li>\n<\/ul>\n<h3 data-start=\"1839\" data-end=\"1880\"><strong data-start=\"1843\" data-end=\"1880\">Kompatybilno\u015b\u0107 z systemem KAMMONO<\/strong><\/h3>\n<p data-start=\"1882\" data-end=\"2063\" data-is-last-node=\"\" data-is-only-node=\"\">S\u0142upek <strong data-start=\"1889\" data-end=\"1904\">SPM60ST2\/61\u00a0&#8211; Zabudowa piekarnika i mikrofali<\/strong> jest cz\u0119\u015bci\u0105 systemu <strong data-start=\"1926\" data-end=\"1937\">KAMMONO<\/strong>, co umo\u017cliwia \u0142atwe dopasowanie do innych element\u00f3w mebli kuchennych w tej samej linii, tworz\u0105c sp\u00f3jn\u0105 i estetyczn\u0105 zabudow\u0119.<\/p>\n","protected":false},"excerpt":{"rendered":"<p><strong data-start=\"80\" data-end=\"102\">S\u0142upek SPM60ST2\/61<\/strong> to idealne rozwi\u0105zanie do zabudowy piekarnika i mikrofali w nowoczesnych kuchniach. Dzi\u0119ki dw\u00f3m przestronnym szufladom <strong data-start=\"222\" data-end=\"230\">Blum<\/strong>, zapewnia wygodny dost\u0119p do urz\u0105dze\u0144, jednocze\u015bnie oszcz\u0119dzaj\u0105c miejsce i dbaj\u0105c o estetyk\u0119 wn\u0119trza. Pasuje do zabudowy z szafkami wisz\u0105cymi o wysoko\u015bci 61 cm, co pozwala na stworzenie sp\u00f3jnej i harmonijnej aran\u017cacji w kuchni.<\/p>\n","protected":false},"featured_media":59942,"template":"","meta":[],"product_brand":[710],"product_cat":[789,775,777,454,471,483,521],"product_tag":[],"class_list":{"0":"post-45623","1":"product","2":"type-product","3":"status-publish","4":"has-post-thumbnail","6":"product_brand-meble-kam","7":"product_cat-piekarnik-i-mikrofala-sklep","8":"product_cat-wszystko","9":"product_cat-zabudowa-agd-sklep","10":"product_cat-meble-kam-mono","11":"product_cat-szafki-agd","12":"product_cat-slupki-agd","13":"product_cat-slupki-pasujace-do-szafek-wiszacych-61-slupki-agd","14":"product_shipping_class-slupki-kam","15":"pa_front-f10","16":"pa_front-f11","17":"pa_front-f4","18":"pa_front-f6","19":"pa_front-f7","20":"pa_front-f8","21":"pa_front-fg2","22":"pa_front-k2","23":"pa_front-kc2","24":"pa_front-kc4","25":"pa_front-l4-mat","26":"pa_front-l4-polysk","27":"pa_front-m4","28":"pa_front-os_2","29":"pa_front-os_2black","30":"pa_front-p00","31":"pa_front-p2","32":"pa_front-p4","34":"first","35":"instock","36":"shipping-taxable","37":"purchasable","38":"product-type-variable"},"yoast_head":"<!-- This site is optimized with the Yoast SEO Premium plugin v25.0 (Yoast SEO v25.0) - https:\/\/yoast.com\/wordpress\/plugins\/seo\/ -->\n<title>S\u0142upek SPM60ST2\/61 - Zabudowa piekarnika i mikrofali<\/title>\n<meta name=\"description\" content=\"S\u0142upek SPM60ST2\/61 - Zabudowa piekarnika i mikrofali to idealne rozwi\u0105zanie do zabudowy piekarnika i mikrofali w nowoczesnych kuchniach.\" \/>\n<meta name=\"robots\" content=\"index, follow, max-snippet:-1, max-image-preview:large, max-video-preview:-1\" \/>\n<link rel=\"canonical\" href=\"https:\/\/meblekuchenne.pl\/sklep\/product\/slupek-spm60st2-zabudowa-piekarnika-i-mikrofali-2-szuflady-blum-kammono\/\" \/>\n<meta property=\"og:locale\" content=\"pl_PL\" \/>\n<meta property=\"og:type\" content=\"article\" \/>\n<meta property=\"og:title\" content=\"S\u0142upek SPM60ST2\/61 - zabudowa piekarnika i mikrofali - 2 szuflady Blum - KamMono\" \/>\n<meta property=\"og:description\" content=\"S\u0142upek SPM60ST2\/61 - Zabudowa piekarnika i mikrofali to idealne rozwi\u0105zanie do zabudowy piekarnika i mikrofali w nowoczesnych kuchniach.\" \/>\n<meta property=\"og:url\" content=\"https:\/\/meblekuchenne.pl\/sklep\/product\/slupek-spm60st2-zabudowa-piekarnika-i-mikrofali-2-szuflady-blum-kammono\/\" \/>\n<meta property=\"og:site_name\" content=\"MebleKuchenne.PL - SKLEP\" \/>\n<meta property=\"article:modified_time\" content=\"2026-04-01T09:26:10+00:00\" \/>\n<meta property=\"og:image\" content=\"https:\/\/meblekuchenne.pl\/sklep\/wp-content\/uploads\/2025\/02\/SPM60SS2.webp\" \/>\n\t<meta property=\"og:image:width\" content=\"1600\" \/>\n\t<meta property=\"og:image:height\" content=\"1080\" \/>\n\t<meta property=\"og:image:type\" content=\"image\/webp\" \/>\n<meta name=\"twitter:card\" content=\"summary_large_image\" \/>\n<meta name=\"twitter:label1\" content=\"Dost\u0119pno\u015b\u0107\" \/>\n\t<meta name=\"twitter:data1\" content=\"Dost\u0119pny\" \/>\n<script type=\"application\/ld+json\" class=\"yoast-schema-graph\">{\"@context\":\"https:\/\/schema.org\",\"@graph\":[{\"@type\":\"WebPage\",\"@id\":\"https:\/\/meblekuchenne.pl\/sklep\/product\/slupek-spm60st2-zabudowa-piekarnika-i-mikrofali-2-szuflady-blum-kammono\/\",\"url\":\"https:\/\/meblekuchenne.pl\/sklep\/product\/slupek-spm60st2-zabudowa-piekarnika-i-mikrofali-2-szuflady-blum-kammono\/\",\"name\":\"S\u0142upek SPM60ST2\/61 - Zabudowa piekarnika i mikrofali\",\"isPartOf\":{\"@id\":\"https:\/\/meblekuchenne.pl\/sklep\/#website\"},\"primaryImageOfPage\":{\"@id\":\"https:\/\/meblekuchenne.pl\/sklep\/product\/slupek-spm60st2-zabudowa-piekarnika-i-mikrofali-2-szuflady-blum-kammono\/#primaryimage\"},\"image\":{\"@id\":\"https:\/\/meblekuchenne.pl\/sklep\/product\/slupek-spm60st2-zabudowa-piekarnika-i-mikrofali-2-szuflady-blum-kammono\/#primaryimage\"},\"thumbnailUrl\":\"https:\/\/meblekuchenne.pl\/sklep\/wp-content\/uploads\/2025\/02\/SPM60SS2.webp\",\"datePublished\":\"2025-02-21T17:59:26+00:00\",\"dateModified\":\"2026-04-01T09:26:10+00:00\",\"description\":\"S\u0142upek SPM60ST2\/61 - Zabudowa piekarnika i mikrofali to idealne rozwi\u0105zanie do zabudowy piekarnika i mikrofali w nowoczesnych kuchniach.\",\"breadcrumb\":{\"@id\":\"https:\/\/meblekuchenne.pl\/sklep\/product\/slupek-spm60st2-zabudowa-piekarnika-i-mikrofali-2-szuflady-blum-kammono\/#breadcrumb\"},\"inLanguage\":\"pl-PL\",\"potentialAction\":[{\"@type\":\"ReadAction\",\"target\":[\"https:\/\/meblekuchenne.pl\/sklep\/product\/slupek-spm60st2-zabudowa-piekarnika-i-mikrofali-2-szuflady-blum-kammono\/\"]}]},{\"@type\":\"ImageObject\",\"inLanguage\":\"pl-PL\",\"@id\":\"https:\/\/meblekuchenne.pl\/sklep\/product\/slupek-spm60st2-zabudowa-piekarnika-i-mikrofali-2-szuflady-blum-kammono\/#primaryimage\",\"url\":\"https:\/\/meblekuchenne.pl\/sklep\/wp-content\/uploads\/2025\/02\/SPM60SS2.webp\",\"contentUrl\":\"https:\/\/meblekuchenne.pl\/sklep\/wp-content\/uploads\/2025\/02\/SPM60SS2.webp\",\"width\":1600,\"height\":1080},{\"@type\":\"BreadcrumbList\",\"@id\":\"https:\/\/meblekuchenne.pl\/sklep\/product\/slupek-spm60st2-zabudowa-piekarnika-i-mikrofali-2-szuflady-blum-kammono\/#breadcrumb\",\"itemListElement\":[{\"@type\":\"ListItem\",\"position\":1,\"name\":\"Strona g\u0142\u00f3wna\",\"item\":\"https:\/\/meblekuchenne.pl\/sklep\/\"},{\"@type\":\"ListItem\",\"position\":2,\"name\":\"Sklep\",\"item\":\"https:\/\/meblekuchenne.pl\/sklep\/sklep\/\"},{\"@type\":\"ListItem\",\"position\":3,\"name\":\"S\u0142upek SPM60ST2\/61 &#8211; zabudowa piekarnika i mikrofali &#8211; 2 szuflady Blum &#8211; KamMono\"}]},{\"@type\":\"WebSite\",\"@id\":\"https:\/\/meblekuchenne.pl\/sklep\/#website\",\"url\":\"https:\/\/meblekuchenne.pl\/sklep\/\",\"name\":\"MebleKuchenne.PL - SKLEP\",\"description\":\"\",\"publisher\":{\"@id\":\"https:\/\/meblekuchenne.pl\/sklep\/#organization\"},\"potentialAction\":[{\"@type\":\"SearchAction\",\"target\":{\"@type\":\"EntryPoint\",\"urlTemplate\":\"https:\/\/meblekuchenne.pl\/sklep\/?s={search_term_string}\"},\"query-input\":{\"@type\":\"PropertyValueSpecification\",\"valueRequired\":true,\"valueName\":\"search_term_string\"}}],\"inLanguage\":\"pl-PL\"},{\"@type\":\"Organization\",\"@id\":\"https:\/\/meblekuchenne.pl\/sklep\/#organization\",\"name\":\"MebleKuchenne.PL - SKLEP\",\"url\":\"https:\/\/meblekuchenne.pl\/sklep\/\",\"logo\":{\"@type\":\"ImageObject\",\"inLanguage\":\"pl-PL\",\"@id\":\"https:\/\/meblekuchenne.pl\/sklep\/#\/schema\/logo\/image\/\",\"url\":\"https:\/\/meblekuchenne.pl\/sklep\/wp-content\/uploads\/2025\/06\/cropped-cropped-logo.webp\",\"contentUrl\":\"https:\/\/meblekuchenne.pl\/sklep\/wp-content\/uploads\/2025\/06\/cropped-cropped-logo.webp\",\"width\":735,\"height\":715,\"caption\":\"MebleKuchenne.PL - SKLEP\"},\"image\":{\"@id\":\"https:\/\/meblekuchenne.pl\/sklep\/#\/schema\/logo\/image\/\"}}]}<\/script>\n<meta property=\"og:availability\" content=\"instock\" \/>\n<meta property=\"product:availability\" content=\"instock\" \/>\n<meta property=\"product:retailer_item_id\" content=\"SPM60ST2\" \/>\n<meta property=\"product:condition\" content=\"new\" \/>\n<!-- \/ Yoast SEO Premium plugin. -->","yoast_head_json":{"title":"S\u0142upek SPM60ST2\/61 - Zabudowa piekarnika i mikrofali","description":"S\u0142upek SPM60ST2\/61 - Zabudowa piekarnika i mikrofali to idealne rozwi\u0105zanie do zabudowy piekarnika i mikrofali w nowoczesnych kuchniach.","robots":{"index":"index","follow":"follow","max-snippet":"max-snippet:-1","max-image-preview":"max-image-preview:large","max-video-preview":"max-video-preview:-1"},"canonical":"https:\/\/meblekuchenne.pl\/sklep\/product\/slupek-spm60st2-zabudowa-piekarnika-i-mikrofali-2-szuflady-blum-kammono\/","og_locale":"pl_PL","og_type":"article","og_title":"S\u0142upek SPM60ST2\/61 - zabudowa piekarnika i mikrofali - 2 szuflady Blum - KamMono","og_description":"S\u0142upek SPM60ST2\/61 - Zabudowa piekarnika i mikrofali to idealne rozwi\u0105zanie do zabudowy piekarnika i mikrofali w nowoczesnych kuchniach.","og_url":"https:\/\/meblekuchenne.pl\/sklep\/product\/slupek-spm60st2-zabudowa-piekarnika-i-mikrofali-2-szuflady-blum-kammono\/","og_site_name":"MebleKuchenne.PL - SKLEP","article_modified_time":"2026-04-01T09:26:10+00:00","og_image":[{"width":1600,"height":1080,"url":"https:\/\/meblekuchenne.pl\/sklep\/wp-content\/uploads\/2025\/02\/SPM60SS2.webp","type":"image\/webp"}],"twitter_card":"summary_large_image","twitter_misc":{"Dost\u0119pno\u015b\u0107":"Dost\u0119pny"},"schema":{"@context":"https:\/\/schema.org","@graph":[{"@type":"WebPage","@id":"https:\/\/meblekuchenne.pl\/sklep\/product\/slupek-spm60st2-zabudowa-piekarnika-i-mikrofali-2-szuflady-blum-kammono\/","url":"https:\/\/meblekuchenne.pl\/sklep\/product\/slupek-spm60st2-zabudowa-piekarnika-i-mikrofali-2-szuflady-blum-kammono\/","name":"S\u0142upek SPM60ST2\/61 - Zabudowa piekarnika i mikrofali","isPartOf":{"@id":"https:\/\/meblekuchenne.pl\/sklep\/#website"},"primaryImageOfPage":{"@id":"https:\/\/meblekuchenne.pl\/sklep\/product\/slupek-spm60st2-zabudowa-piekarnika-i-mikrofali-2-szuflady-blum-kammono\/#primaryimage"},"image":{"@id":"https:\/\/meblekuchenne.pl\/sklep\/product\/slupek-spm60st2-zabudowa-piekarnika-i-mikrofali-2-szuflady-blum-kammono\/#primaryimage"},"thumbnailUrl":"https:\/\/meblekuchenne.pl\/sklep\/wp-content\/uploads\/2025\/02\/SPM60SS2.webp","datePublished":"2025-02-21T17:59:26+00:00","dateModified":"2026-04-01T09:26:10+00:00","description":"S\u0142upek SPM60ST2\/61 - Zabudowa piekarnika i mikrofali to idealne rozwi\u0105zanie do zabudowy piekarnika i mikrofali w nowoczesnych kuchniach.","breadcrumb":{"@id":"https:\/\/meblekuchenne.pl\/sklep\/product\/slupek-spm60st2-zabudowa-piekarnika-i-mikrofali-2-szuflady-blum-kammono\/#breadcrumb"},"inLanguage":"pl-PL","potentialAction":[{"@type":"ReadAction","target":["https:\/\/meblekuchenne.pl\/sklep\/product\/slupek-spm60st2-zabudowa-piekarnika-i-mikrofali-2-szuflady-blum-kammono\/"]}]},{"@type":"ImageObject","inLanguage":"pl-PL","@id":"https:\/\/meblekuchenne.pl\/sklep\/product\/slupek-spm60st2-zabudowa-piekarnika-i-mikrofali-2-szuflady-blum-kammono\/#primaryimage","url":"https:\/\/meblekuchenne.pl\/sklep\/wp-content\/uploads\/2025\/02\/SPM60SS2.webp","contentUrl":"https:\/\/meblekuchenne.pl\/sklep\/wp-content\/uploads\/2025\/02\/SPM60SS2.webp","width":1600,"height":1080},{"@type":"BreadcrumbList","@id":"https:\/\/meblekuchenne.pl\/sklep\/product\/slupek-spm60st2-zabudowa-piekarnika-i-mikrofali-2-szuflady-blum-kammono\/#breadcrumb","itemListElement":[{"@type":"ListItem","position":1,"name":"Strona g\u0142\u00f3wna","item":"https:\/\/meblekuchenne.pl\/sklep\/"},{"@type":"ListItem","position":2,"name":"Sklep","item":"https:\/\/meblekuchenne.pl\/sklep\/sklep\/"},{"@type":"ListItem","position":3,"name":"S\u0142upek SPM60ST2\/61 &#8211; zabudowa piekarnika i mikrofali &#8211; 2 szuflady Blum &#8211; KamMono"}]},{"@type":"WebSite","@id":"https:\/\/meblekuchenne.pl\/sklep\/#website","url":"https:\/\/meblekuchenne.pl\/sklep\/","name":"MebleKuchenne.PL - SKLEP","description":"","publisher":{"@id":"https:\/\/meblekuchenne.pl\/sklep\/#organization"},"potentialAction":[{"@type":"SearchAction","target":{"@type":"EntryPoint","urlTemplate":"https:\/\/meblekuchenne.pl\/sklep\/?s={search_term_string}"},"query-input":{"@type":"PropertyValueSpecification","valueRequired":true,"valueName":"search_term_string"}}],"inLanguage":"pl-PL"},{"@type":"Organization","@id":"https:\/\/meblekuchenne.pl\/sklep\/#organization","name":"MebleKuchenne.PL - SKLEP","url":"https:\/\/meblekuchenne.pl\/sklep\/","logo":{"@type":"ImageObject","inLanguage":"pl-PL","@id":"https:\/\/meblekuchenne.pl\/sklep\/#\/schema\/logo\/image\/","url":"https:\/\/meblekuchenne.pl\/sklep\/wp-content\/uploads\/2025\/06\/cropped-cropped-logo.webp","contentUrl":"https:\/\/meblekuchenne.pl\/sklep\/wp-content\/uploads\/2025\/06\/cropped-cropped-logo.webp","width":735,"height":715,"caption":"MebleKuchenne.PL - SKLEP"},"image":{"@id":"https:\/\/meblekuchenne.pl\/sklep\/#\/schema\/logo\/image\/"}}]},"og_availability":"instock","product_availability":"instock","product_retailer_item_id":"SPM60ST2","product_condition":"new"},"_links":{"self":[{"href":"https:\/\/meblekuchenne.pl\/sklep\/wp-json\/wp\/v2\/product\/45623","targetHints":{"allow":["GET"]}}],"collection":[{"href":"https:\/\/meblekuchenne.pl\/sklep\/wp-json\/wp\/v2\/product"}],"about":[{"href":"https:\/\/meblekuchenne.pl\/sklep\/wp-json\/wp\/v2\/types\/product"}],"wp:featuredmedia":[{"embeddable":true,"href":"https:\/\/meblekuchenne.pl\/sklep\/wp-json\/wp\/v2\/media\/59942"}],"wp:attachment":[{"href":"https:\/\/meblekuchenne.pl\/sklep\/wp-json\/wp\/v2\/media?parent=45623"}],"wp:term":[{"taxonomy":"product_brand","embeddable":true,"href":"https:\/\/meblekuchenne.pl\/sklep\/wp-json\/wp\/v2\/product_brand?post=45623"},{"taxonomy":"product_cat","embeddable":true,"href":"https:\/\/meblekuchenne.pl\/sklep\/wp-json\/wp\/v2\/product_cat?post=45623"},{"taxonomy":"product_tag","embeddable":true,"href":"https:\/\/meblekuchenne.pl\/sklep\/wp-json\/wp\/v2\/product_tag?post=45623"}],"curies":[{"name":"wp","href":"https:\/\/api.w.org\/{rel}","templated":true}]}}