{"id":45594,"date":"2025-02-21T18:59:05","date_gmt":"2025-02-21T17:59:05","guid":{"rendered":"https:\/\/meblekuchenne.pl\/sklep\/?post_type=product&#038;p=45594"},"modified":"2026-04-01T11:26:10","modified_gmt":"2026-04-01T09:26:10","slug":"slupek-spm60ss2-zabudowa-piekarnika-i-mikrofali-2-szuflady-slim-kammono","status":"publish","type":"product","link":"https:\/\/meblekuchenne.pl\/sklep\/product\/slupek-spm60ss2-zabudowa-piekarnika-i-mikrofali-2-szuflady-slim-kammono\/","title":{"rendered":"S\u0142upek SPM60SS2 &#8211; zabudowa piekarnika i mikrofali &#8211; 2 szuflady Slim &#8211; KamMono"},"content":{"rendered":"<h3 data-start=\"0\" data-end=\"80\"><strong data-start=\"4\" data-end=\"78\">S\u0142upek SPM60SS2\/61 \u2013 zabudowa piekarnika i mikrofali \u2013 2 szuflady Slim<\/strong><\/h3>\n<p>S\u0142upek do zabudowy piekarnika i mikrofali &#8211; szer. 60 cm, wys. 189 cm, g\u0142. 58 cm<\/p>\n<h4 data-start=\"82\" data-end=\"147\"><strong data-start=\"87\" data-end=\"145\">Nowoczesne i funkcjonalne rozwi\u0105zanie do Twojej kuchni<\/strong><\/h4>\n<p data-start=\"148\" data-end=\"411\">S\u0142upek SPM60SS2\/61 to idealne rozwi\u0105zanie dla os\u00f3b, kt\u00f3re chc\u0105 w <strong data-start=\"213\" data-end=\"292\">ergonomiczny i stylowy spos\u00f3b zabudowa\u0107 piekarnik oraz kuchenk\u0119 mikrofalow\u0105<\/strong>. Dzi\u0119ki temu meblowi sprz\u0119ty AGD zyskuj\u0105 estetyczn\u0105 opraw\u0119, a kuchnia staje si\u0119 bardziej uporz\u0105dkowana i harmonijna.<\/p>\n<p data-start=\"413\" data-end=\"583\">Dodatkowym atutem s\u0105 <strong data-start=\"434\" data-end=\"464\">dwie pojemne szuflady Slim<\/strong>, kt\u00f3re umo\u017cliwiaj\u0105 wygodne przechowywanie akcesori\u00f3w kuchennych, takich jak formy do pieczenia, blachy czy r\u0119kawice.<\/p>\n<h3 data-start=\"592\" data-end=\"640\"><strong data-start=\"596\" data-end=\"638\">Najwa\u017cniejsze cechy s\u0142upka SPM60SS2\/61<\/strong><\/h3>\n<ul data-start=\"642\" data-end=\"1151\">\n<li data-start=\"642\" data-end=\"736\"><strong data-start=\"644\" data-end=\"691\">Miejsce na piekarnik i kuchenk\u0119 mikrofalow\u0105<\/strong> \u2013 ergonomiczne rozmieszczenie sprz\u0119tu AGD.<\/li>\n<li data-start=\"737\" data-end=\"847\"><strong data-start=\"739\" data-end=\"761\">Dwie szuflady Slim<\/strong> \u2013 lekkie i p\u0142ynnie dzia\u0142aj\u0105ce, zapewniaj\u0105ce dodatkow\u0105 przestrze\u0144 na przechowywanie.<\/li>\n<li data-start=\"848\" data-end=\"918\"><strong data-start=\"850\" data-end=\"875\">System cichego domyku<\/strong> \u2013 komfort u\u017cytkowania i brak trzaskania.<\/li>\n<li data-start=\"919\" data-end=\"980\"><strong data-start=\"921\" data-end=\"943\">Trwa\u0142a konstrukcja<\/strong> \u2013 odporna na wilgo\u0107 i temperatur\u0119.<\/li>\n<li data-start=\"981\" data-end=\"1054\"><strong data-start=\"983\" data-end=\"1005\">Uniwersalny design<\/strong> \u2013 mo\u017cliwo\u015b\u0107 wyboru r\u00f3\u017cnych kolor\u00f3w i uchwyt\u00f3w.<\/li>\n<li data-start=\"1055\" data-end=\"1151\"><strong data-start=\"1057\" data-end=\"1101\">Kompatybilno\u015b\u0107 z systemami KAM i KAMMONO<\/strong> \u2013 \u0142atwe dopasowanie do innych mebli kuchennych.<\/li>\n<\/ul>\n<h3 data-start=\"1160\" data-end=\"1213\"><strong data-start=\"1164\" data-end=\"1211\">Ergonomia i wygoda w codziennym u\u017cytkowaniu<\/strong><\/h3>\n<p data-start=\"1214\" data-end=\"1444\">S\u0142upek SPM60SS2\/61 \u2013 zabudowa piekarnika i mikrofali na odpowiedniej wysoko\u015bci <strong data-start=\"1275\" data-end=\"1307\">zwi\u0119ksza komfort u\u017cytkowania<\/strong>, u\u0142atwiaj\u0105c korzystanie z urz\u0105dze\u0144 bez konieczno\u015bci schylania si\u0119. Dzi\u0119ki temu gotowanie i pieczenie staje si\u0119 jeszcze przyjemniejsze.<\/p>\n<h3 data-start=\"1453\" data-end=\"1492\"><strong data-start=\"1457\" data-end=\"1490\">Solidno\u015b\u0107 i estetyka w jednym<\/strong><\/h3>\n<p data-start=\"1493\" data-end=\"1527\">S\u0142upek SPM60SS2\/61 wyr\u00f3\u017cnia si\u0119:<\/p>\n<ul data-start=\"1529\" data-end=\"1781\">\n<li data-start=\"1529\" data-end=\"1614\"><strong data-start=\"1531\" data-end=\"1578\">Odporno\u015bci\u0105 na wilgo\u0107 i wysokie temperatury<\/strong> \u2013 idealny do kuchennych warunk\u00f3w.<\/li>\n<li data-start=\"1615\" data-end=\"1719\"><strong data-start=\"1617\" data-end=\"1646\">Nowoczesnym systemem Slim<\/strong> \u2013 szuflady o lekkiej konstrukcji, zapewniaj\u0105ce wygodne przechowywanie.<\/li>\n<li data-start=\"1720\" data-end=\"1781\"><strong data-start=\"1722\" data-end=\"1746\">Stabiln\u0105 konstrukcj\u0105<\/strong> \u2013 zapewniaj\u0105c\u0105 trwa\u0142o\u015b\u0107 na lata.<\/li>\n<\/ul>\n<h3 data-start=\"1790\" data-end=\"1836\"><strong data-start=\"1794\" data-end=\"1834\">Idealne dopasowanie do ka\u017cdej kuchni<\/strong><\/h3>\n<p data-start=\"1837\" data-end=\"2007\">Dzi\u0119ki szerokiej gamie kolor\u00f3w i opcji wyko\u0144czenia s\u0142upek <strong data-start=\"1895\" data-end=\"1940\">mo\u017cna idealnie dopasowa\u0107 do stylu wn\u0119trza<\/strong> \u2013 od nowoczesnej minimalistycznej kuchni po klasyczne aran\u017cacje.<\/p>\n<ul>\n<li data-start=\"2009\" data-end=\"2213\"><strong data-start=\"2011\" data-end=\"2060\">Nowoczesna i praktyczna zabudowa sprz\u0119t\u00f3w AGD<\/strong><\/li>\n<li data-start=\"2009\" data-end=\"2213\"><strong data-start=\"2065\" data-end=\"2104\">Funkcjonalno\u015b\u0107 i wygoda u\u017cytkowania<\/strong><\/li>\n<li data-start=\"2009\" data-end=\"2213\"><strong data-start=\"2109\" data-end=\"2161\">Dwie pojemne szuflady Slim na akcesoria kuchenne<\/strong><\/li>\n<li data-start=\"2009\" data-end=\"2213\"><strong data-start=\"2166\" data-end=\"2211\">Trwa\u0142e materia\u0142y i estetyczne wyko\u0144czenie<\/strong><\/li>\n<\/ul>\n<p data-start=\"2215\" data-end=\"2341\">Postaw na <strong data-start=\"2225\" data-end=\"2252\">design i funkcjonalno\u015b\u0107<\/strong> \u2013 wybierz s\u0142upek SPM60SS2\/61 i ciesz si\u0119 idealnie zorganizowan\u0105 przestrzeni\u0105 w kuchni!<\/p>\n","protected":false},"excerpt":{"rendered":"<p>S\u0142upek SPM60SS2\/61 to idealne rozwi\u0105zanie dla os\u00f3b, kt\u00f3re chc\u0105 w <strong data-start=\"213\" data-end=\"292\">ergonomiczny i stylowy spos\u00f3b zabudowa\u0107 piekarnik oraz kuchenk\u0119 mikrofalow\u0105<\/strong>. Dzi\u0119ki temu meblowi sprz\u0119ty AGD zyskuj\u0105 estetyczn\u0105 opraw\u0119, a kuchnia staje si\u0119 bardziej uporz\u0105dkowana i harmonijna.<\/p>\n","protected":false},"featured_media":59943,"template":"","meta":[],"product_brand":[710],"product_cat":[789,775,777,454,471,483,521],"product_tag":[],"class_list":{"0":"post-45594","1":"product","2":"type-product","3":"status-publish","4":"has-post-thumbnail","6":"product_brand-meble-kam","7":"product_cat-piekarnik-i-mikrofala-sklep","8":"product_cat-wszystko","9":"product_cat-zabudowa-agd-sklep","10":"product_cat-meble-kam-mono","11":"product_cat-szafki-agd","12":"product_cat-slupki-agd","13":"product_cat-slupki-pasujace-do-szafek-wiszacych-61-slupki-agd","14":"product_shipping_class-slupki-kam","15":"pa_front-f10","16":"pa_front-f11","17":"pa_front-f4","18":"pa_front-f6","19":"pa_front-f7","20":"pa_front-f8","21":"pa_front-fg2","22":"pa_front-k2","23":"pa_front-kc2","24":"pa_front-kc4","25":"pa_front-l4-mat","26":"pa_front-l4-polysk","27":"pa_front-m4","28":"pa_front-os_2","29":"pa_front-os_2black","30":"pa_front-p00","31":"pa_front-p2","32":"pa_front-p4","34":"first","35":"instock","36":"shipping-taxable","37":"purchasable","38":"product-type-variable"},"yoast_head":"<!-- This site is optimized with the Yoast SEO Premium plugin v25.0 (Yoast SEO v25.0) - https:\/\/yoast.com\/wordpress\/plugins\/seo\/ -->\n<title>S\u0142upek SPM60SS2\/61 \u2013 zabudowa piekarnika i mikrofali<\/title>\n<meta name=\"description\" content=\"S\u0142upek SPM60SS2\/61 \u2013 zabudowa piekarnika i mikrofali pozwala w ergonomiczny i stylowy spos\u00f3b zabudowa\u0107 piekarnik oraz kuchenk\u0119 mikrofalow\u0105.\" \/>\n<meta name=\"robots\" content=\"index, follow, max-snippet:-1, max-image-preview:large, max-video-preview:-1\" \/>\n<link rel=\"canonical\" href=\"https:\/\/meblekuchenne.pl\/sklep\/product\/slupek-spm60ss2-zabudowa-piekarnika-i-mikrofali-2-szuflady-slim-kammono\/\" \/>\n<meta property=\"og:locale\" content=\"pl_PL\" \/>\n<meta property=\"og:type\" content=\"article\" \/>\n<meta property=\"og:title\" content=\"S\u0142upek SPM60SS2 - zabudowa piekarnika i mikrofali - 2 szuflady Slim - KamMono\" \/>\n<meta property=\"og:description\" content=\"S\u0142upek SPM60SS2\/61 \u2013 zabudowa piekarnika i mikrofali pozwala w ergonomiczny i stylowy spos\u00f3b zabudowa\u0107 piekarnik oraz kuchenk\u0119 mikrofalow\u0105.\" \/>\n<meta property=\"og:url\" content=\"https:\/\/meblekuchenne.pl\/sklep\/product\/slupek-spm60ss2-zabudowa-piekarnika-i-mikrofali-2-szuflady-slim-kammono\/\" \/>\n<meta property=\"og:site_name\" content=\"MebleKuchenne.PL - SKLEP\" \/>\n<meta property=\"article:modified_time\" content=\"2026-04-01T09:26:10+00:00\" \/>\n<meta property=\"og:image\" content=\"https:\/\/meblekuchenne.pl\/sklep\/wp-content\/uploads\/2025\/02\/SPM60SS2-1.webp\" \/>\n\t<meta property=\"og:image:width\" content=\"1600\" \/>\n\t<meta property=\"og:image:height\" content=\"1080\" \/>\n\t<meta property=\"og:image:type\" content=\"image\/webp\" \/>\n<meta name=\"twitter:card\" content=\"summary_large_image\" \/>\n<meta name=\"twitter:label1\" content=\"Dost\u0119pno\u015b\u0107\" \/>\n\t<meta name=\"twitter:data1\" content=\"Dost\u0119pny\" \/>\n<script type=\"application\/ld+json\" class=\"yoast-schema-graph\">{\"@context\":\"https:\/\/schema.org\",\"@graph\":[{\"@type\":\"WebPage\",\"@id\":\"https:\/\/meblekuchenne.pl\/sklep\/product\/slupek-spm60ss2-zabudowa-piekarnika-i-mikrofali-2-szuflady-slim-kammono\/\",\"url\":\"https:\/\/meblekuchenne.pl\/sklep\/product\/slupek-spm60ss2-zabudowa-piekarnika-i-mikrofali-2-szuflady-slim-kammono\/\",\"name\":\"S\u0142upek SPM60SS2\/61 \u2013 zabudowa piekarnika i mikrofali\",\"isPartOf\":{\"@id\":\"https:\/\/meblekuchenne.pl\/sklep\/#website\"},\"primaryImageOfPage\":{\"@id\":\"https:\/\/meblekuchenne.pl\/sklep\/product\/slupek-spm60ss2-zabudowa-piekarnika-i-mikrofali-2-szuflady-slim-kammono\/#primaryimage\"},\"image\":{\"@id\":\"https:\/\/meblekuchenne.pl\/sklep\/product\/slupek-spm60ss2-zabudowa-piekarnika-i-mikrofali-2-szuflady-slim-kammono\/#primaryimage\"},\"thumbnailUrl\":\"https:\/\/meblekuchenne.pl\/sklep\/wp-content\/uploads\/2025\/02\/SPM60SS2-1.webp\",\"datePublished\":\"2025-02-21T17:59:05+00:00\",\"dateModified\":\"2026-04-01T09:26:10+00:00\",\"description\":\"S\u0142upek SPM60SS2\/61 \u2013 zabudowa piekarnika i mikrofali pozwala w ergonomiczny i stylowy spos\u00f3b zabudowa\u0107 piekarnik oraz kuchenk\u0119 mikrofalow\u0105.\",\"breadcrumb\":{\"@id\":\"https:\/\/meblekuchenne.pl\/sklep\/product\/slupek-spm60ss2-zabudowa-piekarnika-i-mikrofali-2-szuflady-slim-kammono\/#breadcrumb\"},\"inLanguage\":\"pl-PL\",\"potentialAction\":[{\"@type\":\"ReadAction\",\"target\":[\"https:\/\/meblekuchenne.pl\/sklep\/product\/slupek-spm60ss2-zabudowa-piekarnika-i-mikrofali-2-szuflady-slim-kammono\/\"]}]},{\"@type\":\"ImageObject\",\"inLanguage\":\"pl-PL\",\"@id\":\"https:\/\/meblekuchenne.pl\/sklep\/product\/slupek-spm60ss2-zabudowa-piekarnika-i-mikrofali-2-szuflady-slim-kammono\/#primaryimage\",\"url\":\"https:\/\/meblekuchenne.pl\/sklep\/wp-content\/uploads\/2025\/02\/SPM60SS2-1.webp\",\"contentUrl\":\"https:\/\/meblekuchenne.pl\/sklep\/wp-content\/uploads\/2025\/02\/SPM60SS2-1.webp\",\"width\":1600,\"height\":1080},{\"@type\":\"BreadcrumbList\",\"@id\":\"https:\/\/meblekuchenne.pl\/sklep\/product\/slupek-spm60ss2-zabudowa-piekarnika-i-mikrofali-2-szuflady-slim-kammono\/#breadcrumb\",\"itemListElement\":[{\"@type\":\"ListItem\",\"position\":1,\"name\":\"Strona g\u0142\u00f3wna\",\"item\":\"https:\/\/meblekuchenne.pl\/sklep\/\"},{\"@type\":\"ListItem\",\"position\":2,\"name\":\"Sklep\",\"item\":\"https:\/\/meblekuchenne.pl\/sklep\/sklep\/\"},{\"@type\":\"ListItem\",\"position\":3,\"name\":\"S\u0142upek SPM60SS2 &#8211; zabudowa piekarnika i mikrofali &#8211; 2 szuflady Slim &#8211; KamMono\"}]},{\"@type\":\"WebSite\",\"@id\":\"https:\/\/meblekuchenne.pl\/sklep\/#website\",\"url\":\"https:\/\/meblekuchenne.pl\/sklep\/\",\"name\":\"MebleKuchenne.PL - SKLEP\",\"description\":\"\",\"publisher\":{\"@id\":\"https:\/\/meblekuchenne.pl\/sklep\/#organization\"},\"potentialAction\":[{\"@type\":\"SearchAction\",\"target\":{\"@type\":\"EntryPoint\",\"urlTemplate\":\"https:\/\/meblekuchenne.pl\/sklep\/?s={search_term_string}\"},\"query-input\":{\"@type\":\"PropertyValueSpecification\",\"valueRequired\":true,\"valueName\":\"search_term_string\"}}],\"inLanguage\":\"pl-PL\"},{\"@type\":\"Organization\",\"@id\":\"https:\/\/meblekuchenne.pl\/sklep\/#organization\",\"name\":\"MebleKuchenne.PL - SKLEP\",\"url\":\"https:\/\/meblekuchenne.pl\/sklep\/\",\"logo\":{\"@type\":\"ImageObject\",\"inLanguage\":\"pl-PL\",\"@id\":\"https:\/\/meblekuchenne.pl\/sklep\/#\/schema\/logo\/image\/\",\"url\":\"https:\/\/meblekuchenne.pl\/sklep\/wp-content\/uploads\/2025\/06\/cropped-cropped-logo.webp\",\"contentUrl\":\"https:\/\/meblekuchenne.pl\/sklep\/wp-content\/uploads\/2025\/06\/cropped-cropped-logo.webp\",\"width\":735,\"height\":715,\"caption\":\"MebleKuchenne.PL - SKLEP\"},\"image\":{\"@id\":\"https:\/\/meblekuchenne.pl\/sklep\/#\/schema\/logo\/image\/\"}}]}<\/script>\n<meta property=\"og:availability\" content=\"instock\" \/>\n<meta property=\"product:availability\" content=\"instock\" \/>\n<meta property=\"product:retailer_item_id\" content=\"SPM60SS2\" \/>\n<meta property=\"product:condition\" content=\"new\" \/>\n<!-- \/ Yoast SEO Premium plugin. -->","yoast_head_json":{"title":"S\u0142upek SPM60SS2\/61 \u2013 zabudowa piekarnika i mikrofali","description":"S\u0142upek SPM60SS2\/61 \u2013 zabudowa piekarnika i mikrofali pozwala w ergonomiczny i stylowy spos\u00f3b zabudowa\u0107 piekarnik oraz kuchenk\u0119 mikrofalow\u0105.","robots":{"index":"index","follow":"follow","max-snippet":"max-snippet:-1","max-image-preview":"max-image-preview:large","max-video-preview":"max-video-preview:-1"},"canonical":"https:\/\/meblekuchenne.pl\/sklep\/product\/slupek-spm60ss2-zabudowa-piekarnika-i-mikrofali-2-szuflady-slim-kammono\/","og_locale":"pl_PL","og_type":"article","og_title":"S\u0142upek SPM60SS2 - zabudowa piekarnika i mikrofali - 2 szuflady Slim - KamMono","og_description":"S\u0142upek SPM60SS2\/61 \u2013 zabudowa piekarnika i mikrofali pozwala w ergonomiczny i stylowy spos\u00f3b zabudowa\u0107 piekarnik oraz kuchenk\u0119 mikrofalow\u0105.","og_url":"https:\/\/meblekuchenne.pl\/sklep\/product\/slupek-spm60ss2-zabudowa-piekarnika-i-mikrofali-2-szuflady-slim-kammono\/","og_site_name":"MebleKuchenne.PL - SKLEP","article_modified_time":"2026-04-01T09:26:10+00:00","og_image":[{"width":1600,"height":1080,"url":"https:\/\/meblekuchenne.pl\/sklep\/wp-content\/uploads\/2025\/02\/SPM60SS2-1.webp","type":"image\/webp"}],"twitter_card":"summary_large_image","twitter_misc":{"Dost\u0119pno\u015b\u0107":"Dost\u0119pny"},"schema":{"@context":"https:\/\/schema.org","@graph":[{"@type":"WebPage","@id":"https:\/\/meblekuchenne.pl\/sklep\/product\/slupek-spm60ss2-zabudowa-piekarnika-i-mikrofali-2-szuflady-slim-kammono\/","url":"https:\/\/meblekuchenne.pl\/sklep\/product\/slupek-spm60ss2-zabudowa-piekarnika-i-mikrofali-2-szuflady-slim-kammono\/","name":"S\u0142upek SPM60SS2\/61 \u2013 zabudowa piekarnika i mikrofali","isPartOf":{"@id":"https:\/\/meblekuchenne.pl\/sklep\/#website"},"primaryImageOfPage":{"@id":"https:\/\/meblekuchenne.pl\/sklep\/product\/slupek-spm60ss2-zabudowa-piekarnika-i-mikrofali-2-szuflady-slim-kammono\/#primaryimage"},"image":{"@id":"https:\/\/meblekuchenne.pl\/sklep\/product\/slupek-spm60ss2-zabudowa-piekarnika-i-mikrofali-2-szuflady-slim-kammono\/#primaryimage"},"thumbnailUrl":"https:\/\/meblekuchenne.pl\/sklep\/wp-content\/uploads\/2025\/02\/SPM60SS2-1.webp","datePublished":"2025-02-21T17:59:05+00:00","dateModified":"2026-04-01T09:26:10+00:00","description":"S\u0142upek SPM60SS2\/61 \u2013 zabudowa piekarnika i mikrofali pozwala w ergonomiczny i stylowy spos\u00f3b zabudowa\u0107 piekarnik oraz kuchenk\u0119 mikrofalow\u0105.","breadcrumb":{"@id":"https:\/\/meblekuchenne.pl\/sklep\/product\/slupek-spm60ss2-zabudowa-piekarnika-i-mikrofali-2-szuflady-slim-kammono\/#breadcrumb"},"inLanguage":"pl-PL","potentialAction":[{"@type":"ReadAction","target":["https:\/\/meblekuchenne.pl\/sklep\/product\/slupek-spm60ss2-zabudowa-piekarnika-i-mikrofali-2-szuflady-slim-kammono\/"]}]},{"@type":"ImageObject","inLanguage":"pl-PL","@id":"https:\/\/meblekuchenne.pl\/sklep\/product\/slupek-spm60ss2-zabudowa-piekarnika-i-mikrofali-2-szuflady-slim-kammono\/#primaryimage","url":"https:\/\/meblekuchenne.pl\/sklep\/wp-content\/uploads\/2025\/02\/SPM60SS2-1.webp","contentUrl":"https:\/\/meblekuchenne.pl\/sklep\/wp-content\/uploads\/2025\/02\/SPM60SS2-1.webp","width":1600,"height":1080},{"@type":"BreadcrumbList","@id":"https:\/\/meblekuchenne.pl\/sklep\/product\/slupek-spm60ss2-zabudowa-piekarnika-i-mikrofali-2-szuflady-slim-kammono\/#breadcrumb","itemListElement":[{"@type":"ListItem","position":1,"name":"Strona g\u0142\u00f3wna","item":"https:\/\/meblekuchenne.pl\/sklep\/"},{"@type":"ListItem","position":2,"name":"Sklep","item":"https:\/\/meblekuchenne.pl\/sklep\/sklep\/"},{"@type":"ListItem","position":3,"name":"S\u0142upek SPM60SS2 &#8211; zabudowa piekarnika i mikrofali &#8211; 2 szuflady Slim &#8211; KamMono"}]},{"@type":"WebSite","@id":"https:\/\/meblekuchenne.pl\/sklep\/#website","url":"https:\/\/meblekuchenne.pl\/sklep\/","name":"MebleKuchenne.PL - SKLEP","description":"","publisher":{"@id":"https:\/\/meblekuchenne.pl\/sklep\/#organization"},"potentialAction":[{"@type":"SearchAction","target":{"@type":"EntryPoint","urlTemplate":"https:\/\/meblekuchenne.pl\/sklep\/?s={search_term_string}"},"query-input":{"@type":"PropertyValueSpecification","valueRequired":true,"valueName":"search_term_string"}}],"inLanguage":"pl-PL"},{"@type":"Organization","@id":"https:\/\/meblekuchenne.pl\/sklep\/#organization","name":"MebleKuchenne.PL - SKLEP","url":"https:\/\/meblekuchenne.pl\/sklep\/","logo":{"@type":"ImageObject","inLanguage":"pl-PL","@id":"https:\/\/meblekuchenne.pl\/sklep\/#\/schema\/logo\/image\/","url":"https:\/\/meblekuchenne.pl\/sklep\/wp-content\/uploads\/2025\/06\/cropped-cropped-logo.webp","contentUrl":"https:\/\/meblekuchenne.pl\/sklep\/wp-content\/uploads\/2025\/06\/cropped-cropped-logo.webp","width":735,"height":715,"caption":"MebleKuchenne.PL - SKLEP"},"image":{"@id":"https:\/\/meblekuchenne.pl\/sklep\/#\/schema\/logo\/image\/"}}]},"og_availability":"instock","product_availability":"instock","product_retailer_item_id":"SPM60SS2","product_condition":"new"},"_links":{"self":[{"href":"https:\/\/meblekuchenne.pl\/sklep\/wp-json\/wp\/v2\/product\/45594","targetHints":{"allow":["GET"]}}],"collection":[{"href":"https:\/\/meblekuchenne.pl\/sklep\/wp-json\/wp\/v2\/product"}],"about":[{"href":"https:\/\/meblekuchenne.pl\/sklep\/wp-json\/wp\/v2\/types\/product"}],"wp:featuredmedia":[{"embeddable":true,"href":"https:\/\/meblekuchenne.pl\/sklep\/wp-json\/wp\/v2\/media\/59943"}],"wp:attachment":[{"href":"https:\/\/meblekuchenne.pl\/sklep\/wp-json\/wp\/v2\/media?parent=45594"}],"wp:term":[{"taxonomy":"product_brand","embeddable":true,"href":"https:\/\/meblekuchenne.pl\/sklep\/wp-json\/wp\/v2\/product_brand?post=45594"},{"taxonomy":"product_cat","embeddable":true,"href":"https:\/\/meblekuchenne.pl\/sklep\/wp-json\/wp\/v2\/product_cat?post=45594"},{"taxonomy":"product_tag","embeddable":true,"href":"https:\/\/meblekuchenne.pl\/sklep\/wp-json\/wp\/v2\/product_tag?post=45594"}],"curies":[{"name":"wp","href":"https:\/\/api.w.org\/{rel}","templated":true}]}}