{"id":45563,"date":"2025-02-21T18:58:44","date_gmt":"2025-02-21T17:58:44","guid":{"rendered":"https:\/\/meblekuchenne.pl\/sklep\/?post_type=product&#038;p=45563"},"modified":"2026-03-31T13:09:31","modified_gmt":"2026-03-31T11:09:31","slug":"slupek-sdp60ss2-zabudowa-piekarnika-2-szuflady-slim-kammono","status":"publish","type":"product","link":"https:\/\/meblekuchenne.pl\/sklep\/product\/slupek-sdp60ss2-zabudowa-piekarnika-2-szuflady-slim-kammono\/","title":{"rendered":"S\u0142upek SDP60SS2 &#8211; zabudowa piekarnika &#8211; 2 szuflady Slim &#8211; KamMono"},"content":{"rendered":"<h2 data-start=\"96\" data-end=\"161\"><strong data-start=\"100\" data-end=\"159\">S\u0142upek SDP60SS2\/61 \u2013 zabudowa piekarnika \u2013 2 szuflady Slim<\/strong><\/h2>\n<p>S\u0142upek do zabudowy piekarnika &#8211; szer. 60 cm, wys. 189 cm, g\u0142. 58 cm<\/p>\n<h3 data-start=\"163\" data-end=\"225\"><strong data-start=\"168\" data-end=\"223\">Nowoczesna zabudowa piekarnika w eleganckiej formie<\/strong><\/h3>\n<p data-start=\"226\" data-end=\"432\">S\u0142upek SDP60SS2\/61 \u2013 zabudowa piekarnika to funkcjonalne rozwi\u0105zanie, kt\u00f3re pozwala na <strong data-start=\"288\" data-end=\"337\">estetyczn\u0105 i ergonomiczn\u0105 zabudow\u0119 piekarnika<\/strong>. Dzi\u0119ki niemu kuchnia zyskuje sp\u00f3jny wygl\u0105d, a u\u017cytkowanie sprz\u0119tu AGD staje si\u0119 wygodniejsze.<\/p>\n<p data-start=\"434\" data-end=\"573\">Mebel wyposa\u017cony jest w <strong data-start=\"458\" data-end=\"491\">dwie praktyczne szuflady Slim<\/strong>, kt\u00f3re zapewniaj\u0105 dodatkow\u0105 przestrze\u0144 na przechowywanie akcesori\u00f3w kuchennych.<\/p>\n<h3 data-start=\"580\" data-end=\"625\"><strong data-start=\"584\" data-end=\"623\">Najwa\u017cniejsze cechy s\u0142upka SDP60SS2\/61<\/strong><\/h3>\n<ul data-start=\"627\" data-end=\"1165\">\n<li data-start=\"627\" data-end=\"721\">Miejsce na piekarnik na <strong data-start=\"653\" data-end=\"678\">ergonomiczn\u0105 wysoko\u015b\u0107<\/strong> \u2013 wygodne u\u017cytkowanie bez schylania si\u0119.<\/li>\n<li data-start=\"722\" data-end=\"826\"><strong data-start=\"724\" data-end=\"746\">Dwie szuflady Slim<\/strong> \u2013 idealne do przechowywania blach, form do pieczenia i akcesori\u00f3w kuchennych.<\/li>\n<li data-start=\"827\" data-end=\"900\"><strong data-start=\"829\" data-end=\"854\">System cichego domyku<\/strong> \u2013 komfortowe i bezg\u0142o\u015bne zamykanie szuflad.<\/li>\n<li data-start=\"901\" data-end=\"999\"><strong data-start=\"903\" data-end=\"940\">Odporno\u015b\u0107 na wilgo\u0107 i temperatur\u0119<\/strong> \u2013 trwa\u0142a konstrukcja dostosowana do warunk\u00f3w kuchennych.<\/li>\n<li data-start=\"1000\" data-end=\"1068\"><strong data-start=\"1002\" data-end=\"1030\">Mo\u017cliwo\u015b\u0107 personalizacji<\/strong> \u2013 szeroki wyb\u00f3r kolor\u00f3w i uchwyt\u00f3w.<\/li>\n<li data-start=\"1069\" data-end=\"1165\"><strong data-start=\"1071\" data-end=\"1115\">Kompatybilno\u015b\u0107 z systemami KAM i KAMMONO<\/strong> \u2013 \u0142atwe dopasowanie do innych mebli kuchennych.<\/li>\n<\/ul>\n<h3 data-start=\"1172\" data-end=\"1200\"><strong data-start=\"1176\" data-end=\"1198\">Ergonomia i wygoda<\/strong><\/h3>\n<ul data-start=\"1201\" data-end=\"1401\">\n<li data-start=\"1201\" data-end=\"1311\">Zabudowany piekarnik znajduje si\u0119 na <strong data-start=\"1240\" data-end=\"1266\">odpowiedniej wysoko\u015bci<\/strong>, co <strong data-start=\"1271\" data-end=\"1308\">zwi\u0119ksza komfort jego u\u017cytkowania<\/strong>.<\/li>\n<li data-start=\"1312\" data-end=\"1401\"><strong data-start=\"1314\" data-end=\"1342\">Praktyczne szuflady Slim<\/strong> pozwalaj\u0105 na \u0142atwy dost\u0119p do przechowywanych akcesori\u00f3w.<\/li>\n<\/ul>\n<h3 data-start=\"1408\" data-end=\"1438\"><strong data-start=\"1412\" data-end=\"1436\">Solidno\u015b\u0107 i estetyka<\/strong><\/h3>\n<ul data-start=\"1440\" data-end=\"1709\">\n<li data-start=\"1440\" data-end=\"1514\"><strong data-start=\"1442\" data-end=\"1462\">Trwa\u0142e materia\u0142y<\/strong> zapewniaj\u0105 <strong data-start=\"1474\" data-end=\"1488\">stabilno\u015b\u0107<\/strong> i d\u0142ugowieczno\u015b\u0107 mebla.<\/li>\n<li data-start=\"1515\" data-end=\"1604\"><strong data-start=\"1517\" data-end=\"1551\">Nowoczesny system szuflad Slim<\/strong> gwarantuje lekk\u0105 konstrukcj\u0119 i wygod\u0119 u\u017cytkowania.<\/li>\n<li data-start=\"1605\" data-end=\"1709\"><strong data-start=\"1607\" data-end=\"1635\">Mo\u017cliwo\u015b\u0107 personalizacji<\/strong> sprawia, \u017ce s\u0142upek idealnie komponuje si\u0119 z r\u00f3\u017cnymi aran\u017cacjami kuchni.<\/li>\n<\/ul>\n<h3 data-start=\"1716\" data-end=\"1762\"><strong data-start=\"1720\" data-end=\"1760\">Idealne dopasowanie do Twojej kuchni<\/strong><\/h3>\n<ul data-start=\"1763\" data-end=\"1908\">\n<li data-start=\"1763\" data-end=\"1908\">Dzi\u0119ki <strong data-start=\"1772\" data-end=\"1798\">nowoczesnemu designowi<\/strong> i funkcjonalnym rozwi\u0105zaniom, s\u0142upek SDP60SS2\/61 doskonale sprawdzi si\u0119 w ka\u017cdej kuchni, niezale\u017cnie od stylu.<\/li>\n<li data-start=\"1763\" data-end=\"1908\"><strong data-start=\"1912\" data-end=\"1957\">Nowoczesny wygl\u0105d i wysoka funkcjonalno\u015b\u0107<\/strong><\/li>\n<li data-start=\"1763\" data-end=\"1908\"><strong data-start=\"1962\" data-end=\"2014\">Dwie pojemne szuflady Slim na akcesoria kuchenne<\/strong><\/li>\n<li data-start=\"1763\" data-end=\"1908\"><strong data-start=\"2019\" data-end=\"2066\">Trwa\u0142a i odporna na uszkodzenia konstrukcja<\/strong><\/li>\n<li data-start=\"1763\" data-end=\"1908\"><strong data-start=\"2071\" data-end=\"2113\">Ergonomiczne rozmieszczenie piekarnika<\/strong><\/li>\n<\/ul>\n<p data-start=\"2117\" data-end=\"2209\">Zadbaj o <strong data-start=\"2126\" data-end=\"2180\">estetyczn\u0105 i praktyczn\u0105 przestrze\u0144 w swojej kuchni<\/strong> \u2013 wybierz s\u0142upek SDP60SS2\/61!<\/p>\n","protected":false},"excerpt":{"rendered":"<p data-start=\"226\" data-end=\"432\">S\u0142upek SDP60SS2\/61 \u2013 zabudowa piekarnika to funkcjonalne rozwi\u0105zanie, kt\u00f3re pozwala na <strong data-start=\"288\" data-end=\"337\">estetyczn\u0105 i ergonomiczn\u0105 zabudow\u0119 piekarnika<\/strong>. Dzi\u0119ki niemu kuchnia zyskuje sp\u00f3jny wygl\u0105d, a u\u017cytkowanie sprz\u0119tu AGD staje si\u0119 wygodniejsze.<\/p>\n<p data-start=\"434\" data-end=\"573\">Mebel wyposa\u017cony jest w <strong data-start=\"458\" data-end=\"491\">dwie praktyczne szuflady Slim<\/strong>, kt\u00f3re zapewniaj\u0105 dodatkow\u0105 przestrze\u0144 na przechowywanie akcesori\u00f3w kuchennych.<\/p>\n","protected":false},"featured_media":59945,"template":"","meta":[],"product_brand":[710],"product_cat":[775,777,454,471,483,521],"product_tag":[],"class_list":{"0":"post-45563","1":"product","2":"type-product","3":"status-publish","4":"has-post-thumbnail","6":"product_brand-meble-kam","7":"product_cat-wszystko","8":"product_cat-zabudowa-agd-sklep","9":"product_cat-meble-kam-mono","10":"product_cat-szafki-agd","11":"product_cat-slupki-agd","12":"product_cat-slupki-pasujace-do-szafek-wiszacych-61-slupki-agd","13":"product_shipping_class-slupki-kam","14":"pa_front-f10","15":"pa_front-f11","16":"pa_front-f4","17":"pa_front-f6","18":"pa_front-f7","19":"pa_front-f8","20":"pa_front-fg2","21":"pa_front-k2","22":"pa_front-kc2","23":"pa_front-kc4","24":"pa_front-l4-mat","25":"pa_front-l4-polysk","26":"pa_front-m4","27":"pa_front-os_2","28":"pa_front-os_2black","29":"pa_front-p00","30":"pa_front-p2","31":"pa_front-p4","33":"first","34":"instock","35":"shipping-taxable","36":"purchasable","37":"product-type-variable"},"yoast_head":"<!-- This site is optimized with the Yoast SEO Premium plugin v25.0 (Yoast SEO v25.0) - https:\/\/yoast.com\/wordpress\/plugins\/seo\/ -->\n<title>S\u0142upek SDP60SS2\/61 \u2013 zabudowa piekarnika<\/title>\n<meta name=\"description\" content=\"S\u0142upek SDP60SS2\/61 \u2013 zabudowa piekarnika to funkcjonalne rozwi\u0105zanie, kt\u00f3re pozwala na estetyczn\u0105 i ergonomiczn\u0105 zabudow\u0119 piekarnika.\" \/>\n<meta name=\"robots\" content=\"index, follow, max-snippet:-1, max-image-preview:large, max-video-preview:-1\" \/>\n<link rel=\"canonical\" href=\"https:\/\/meblekuchenne.pl\/sklep\/product\/slupek-sdp60ss2-zabudowa-piekarnika-2-szuflady-slim-kammono\/\" \/>\n<meta property=\"og:locale\" content=\"pl_PL\" \/>\n<meta property=\"og:type\" content=\"article\" \/>\n<meta property=\"og:title\" content=\"S\u0142upek SDP60SS2 - zabudowa piekarnika - 2 szuflady Slim - KamMono\" \/>\n<meta property=\"og:description\" content=\"S\u0142upek SDP60SS2\/61 \u2013 zabudowa piekarnika to funkcjonalne rozwi\u0105zanie, kt\u00f3re pozwala na estetyczn\u0105 i ergonomiczn\u0105 zabudow\u0119 piekarnika.\" \/>\n<meta property=\"og:url\" content=\"https:\/\/meblekuchenne.pl\/sklep\/product\/slupek-sdp60ss2-zabudowa-piekarnika-2-szuflady-slim-kammono\/\" \/>\n<meta property=\"og:site_name\" content=\"MebleKuchenne.PL - SKLEP\" \/>\n<meta property=\"article:modified_time\" content=\"2026-03-31T11:09:31+00:00\" \/>\n<meta property=\"og:image\" content=\"https:\/\/meblekuchenne.pl\/sklep\/wp-content\/uploads\/2025\/02\/SDP60SS2-3.webp\" \/>\n\t<meta property=\"og:image:width\" content=\"1600\" \/>\n\t<meta property=\"og:image:height\" content=\"1080\" \/>\n\t<meta property=\"og:image:type\" content=\"image\/webp\" \/>\n<meta name=\"twitter:card\" content=\"summary_large_image\" \/>\n<meta name=\"twitter:label1\" content=\"Dost\u0119pno\u015b\u0107\" \/>\n\t<meta name=\"twitter:data1\" content=\"Dost\u0119pny\" \/>\n<script type=\"application\/ld+json\" class=\"yoast-schema-graph\">{\"@context\":\"https:\/\/schema.org\",\"@graph\":[{\"@type\":\"WebPage\",\"@id\":\"https:\/\/meblekuchenne.pl\/sklep\/product\/slupek-sdp60ss2-zabudowa-piekarnika-2-szuflady-slim-kammono\/\",\"url\":\"https:\/\/meblekuchenne.pl\/sklep\/product\/slupek-sdp60ss2-zabudowa-piekarnika-2-szuflady-slim-kammono\/\",\"name\":\"S\u0142upek SDP60SS2\/61 \u2013 zabudowa piekarnika\",\"isPartOf\":{\"@id\":\"https:\/\/meblekuchenne.pl\/sklep\/#website\"},\"primaryImageOfPage\":{\"@id\":\"https:\/\/meblekuchenne.pl\/sklep\/product\/slupek-sdp60ss2-zabudowa-piekarnika-2-szuflady-slim-kammono\/#primaryimage\"},\"image\":{\"@id\":\"https:\/\/meblekuchenne.pl\/sklep\/product\/slupek-sdp60ss2-zabudowa-piekarnika-2-szuflady-slim-kammono\/#primaryimage\"},\"thumbnailUrl\":\"https:\/\/meblekuchenne.pl\/sklep\/wp-content\/uploads\/2025\/02\/SDP60SS2-3.webp\",\"datePublished\":\"2025-02-21T17:58:44+00:00\",\"dateModified\":\"2026-03-31T11:09:31+00:00\",\"description\":\"S\u0142upek SDP60SS2\/61 \u2013 zabudowa piekarnika to funkcjonalne rozwi\u0105zanie, kt\u00f3re pozwala na estetyczn\u0105 i ergonomiczn\u0105 zabudow\u0119 piekarnika.\",\"breadcrumb\":{\"@id\":\"https:\/\/meblekuchenne.pl\/sklep\/product\/slupek-sdp60ss2-zabudowa-piekarnika-2-szuflady-slim-kammono\/#breadcrumb\"},\"inLanguage\":\"pl-PL\",\"potentialAction\":[{\"@type\":\"ReadAction\",\"target\":[\"https:\/\/meblekuchenne.pl\/sklep\/product\/slupek-sdp60ss2-zabudowa-piekarnika-2-szuflady-slim-kammono\/\"]}]},{\"@type\":\"ImageObject\",\"inLanguage\":\"pl-PL\",\"@id\":\"https:\/\/meblekuchenne.pl\/sklep\/product\/slupek-sdp60ss2-zabudowa-piekarnika-2-szuflady-slim-kammono\/#primaryimage\",\"url\":\"https:\/\/meblekuchenne.pl\/sklep\/wp-content\/uploads\/2025\/02\/SDP60SS2-3.webp\",\"contentUrl\":\"https:\/\/meblekuchenne.pl\/sklep\/wp-content\/uploads\/2025\/02\/SDP60SS2-3.webp\",\"width\":1600,\"height\":1080},{\"@type\":\"BreadcrumbList\",\"@id\":\"https:\/\/meblekuchenne.pl\/sklep\/product\/slupek-sdp60ss2-zabudowa-piekarnika-2-szuflady-slim-kammono\/#breadcrumb\",\"itemListElement\":[{\"@type\":\"ListItem\",\"position\":1,\"name\":\"Strona g\u0142\u00f3wna\",\"item\":\"https:\/\/meblekuchenne.pl\/sklep\/\"},{\"@type\":\"ListItem\",\"position\":2,\"name\":\"Sklep\",\"item\":\"https:\/\/meblekuchenne.pl\/sklep\/sklep\/\"},{\"@type\":\"ListItem\",\"position\":3,\"name\":\"S\u0142upek SDP60SS2 &#8211; zabudowa piekarnika &#8211; 2 szuflady Slim &#8211; KamMono\"}]},{\"@type\":\"WebSite\",\"@id\":\"https:\/\/meblekuchenne.pl\/sklep\/#website\",\"url\":\"https:\/\/meblekuchenne.pl\/sklep\/\",\"name\":\"MebleKuchenne.PL - SKLEP\",\"description\":\"\",\"publisher\":{\"@id\":\"https:\/\/meblekuchenne.pl\/sklep\/#organization\"},\"potentialAction\":[{\"@type\":\"SearchAction\",\"target\":{\"@type\":\"EntryPoint\",\"urlTemplate\":\"https:\/\/meblekuchenne.pl\/sklep\/?s={search_term_string}\"},\"query-input\":{\"@type\":\"PropertyValueSpecification\",\"valueRequired\":true,\"valueName\":\"search_term_string\"}}],\"inLanguage\":\"pl-PL\"},{\"@type\":\"Organization\",\"@id\":\"https:\/\/meblekuchenne.pl\/sklep\/#organization\",\"name\":\"MebleKuchenne.PL - SKLEP\",\"url\":\"https:\/\/meblekuchenne.pl\/sklep\/\",\"logo\":{\"@type\":\"ImageObject\",\"inLanguage\":\"pl-PL\",\"@id\":\"https:\/\/meblekuchenne.pl\/sklep\/#\/schema\/logo\/image\/\",\"url\":\"https:\/\/meblekuchenne.pl\/sklep\/wp-content\/uploads\/2025\/06\/cropped-cropped-logo.webp\",\"contentUrl\":\"https:\/\/meblekuchenne.pl\/sklep\/wp-content\/uploads\/2025\/06\/cropped-cropped-logo.webp\",\"width\":735,\"height\":715,\"caption\":\"MebleKuchenne.PL - SKLEP\"},\"image\":{\"@id\":\"https:\/\/meblekuchenne.pl\/sklep\/#\/schema\/logo\/image\/\"}}]}<\/script>\n<meta property=\"og:availability\" content=\"instock\" \/>\n<meta property=\"product:availability\" content=\"instock\" \/>\n<meta property=\"product:retailer_item_id\" content=\"SDP60SS2\" \/>\n<meta property=\"product:condition\" content=\"new\" \/>\n<!-- \/ Yoast SEO Premium plugin. -->","yoast_head_json":{"title":"S\u0142upek SDP60SS2\/61 \u2013 zabudowa piekarnika","description":"S\u0142upek SDP60SS2\/61 \u2013 zabudowa piekarnika to funkcjonalne rozwi\u0105zanie, kt\u00f3re pozwala na estetyczn\u0105 i ergonomiczn\u0105 zabudow\u0119 piekarnika.","robots":{"index":"index","follow":"follow","max-snippet":"max-snippet:-1","max-image-preview":"max-image-preview:large","max-video-preview":"max-video-preview:-1"},"canonical":"https:\/\/meblekuchenne.pl\/sklep\/product\/slupek-sdp60ss2-zabudowa-piekarnika-2-szuflady-slim-kammono\/","og_locale":"pl_PL","og_type":"article","og_title":"S\u0142upek SDP60SS2 - zabudowa piekarnika - 2 szuflady Slim - KamMono","og_description":"S\u0142upek SDP60SS2\/61 \u2013 zabudowa piekarnika to funkcjonalne rozwi\u0105zanie, kt\u00f3re pozwala na estetyczn\u0105 i ergonomiczn\u0105 zabudow\u0119 piekarnika.","og_url":"https:\/\/meblekuchenne.pl\/sklep\/product\/slupek-sdp60ss2-zabudowa-piekarnika-2-szuflady-slim-kammono\/","og_site_name":"MebleKuchenne.PL - SKLEP","article_modified_time":"2026-03-31T11:09:31+00:00","og_image":[{"width":1600,"height":1080,"url":"https:\/\/meblekuchenne.pl\/sklep\/wp-content\/uploads\/2025\/02\/SDP60SS2-3.webp","type":"image\/webp"}],"twitter_card":"summary_large_image","twitter_misc":{"Dost\u0119pno\u015b\u0107":"Dost\u0119pny"},"schema":{"@context":"https:\/\/schema.org","@graph":[{"@type":"WebPage","@id":"https:\/\/meblekuchenne.pl\/sklep\/product\/slupek-sdp60ss2-zabudowa-piekarnika-2-szuflady-slim-kammono\/","url":"https:\/\/meblekuchenne.pl\/sklep\/product\/slupek-sdp60ss2-zabudowa-piekarnika-2-szuflady-slim-kammono\/","name":"S\u0142upek SDP60SS2\/61 \u2013 zabudowa piekarnika","isPartOf":{"@id":"https:\/\/meblekuchenne.pl\/sklep\/#website"},"primaryImageOfPage":{"@id":"https:\/\/meblekuchenne.pl\/sklep\/product\/slupek-sdp60ss2-zabudowa-piekarnika-2-szuflady-slim-kammono\/#primaryimage"},"image":{"@id":"https:\/\/meblekuchenne.pl\/sklep\/product\/slupek-sdp60ss2-zabudowa-piekarnika-2-szuflady-slim-kammono\/#primaryimage"},"thumbnailUrl":"https:\/\/meblekuchenne.pl\/sklep\/wp-content\/uploads\/2025\/02\/SDP60SS2-3.webp","datePublished":"2025-02-21T17:58:44+00:00","dateModified":"2026-03-31T11:09:31+00:00","description":"S\u0142upek SDP60SS2\/61 \u2013 zabudowa piekarnika to funkcjonalne rozwi\u0105zanie, kt\u00f3re pozwala na estetyczn\u0105 i ergonomiczn\u0105 zabudow\u0119 piekarnika.","breadcrumb":{"@id":"https:\/\/meblekuchenne.pl\/sklep\/product\/slupek-sdp60ss2-zabudowa-piekarnika-2-szuflady-slim-kammono\/#breadcrumb"},"inLanguage":"pl-PL","potentialAction":[{"@type":"ReadAction","target":["https:\/\/meblekuchenne.pl\/sklep\/product\/slupek-sdp60ss2-zabudowa-piekarnika-2-szuflady-slim-kammono\/"]}]},{"@type":"ImageObject","inLanguage":"pl-PL","@id":"https:\/\/meblekuchenne.pl\/sklep\/product\/slupek-sdp60ss2-zabudowa-piekarnika-2-szuflady-slim-kammono\/#primaryimage","url":"https:\/\/meblekuchenne.pl\/sklep\/wp-content\/uploads\/2025\/02\/SDP60SS2-3.webp","contentUrl":"https:\/\/meblekuchenne.pl\/sklep\/wp-content\/uploads\/2025\/02\/SDP60SS2-3.webp","width":1600,"height":1080},{"@type":"BreadcrumbList","@id":"https:\/\/meblekuchenne.pl\/sklep\/product\/slupek-sdp60ss2-zabudowa-piekarnika-2-szuflady-slim-kammono\/#breadcrumb","itemListElement":[{"@type":"ListItem","position":1,"name":"Strona g\u0142\u00f3wna","item":"https:\/\/meblekuchenne.pl\/sklep\/"},{"@type":"ListItem","position":2,"name":"Sklep","item":"https:\/\/meblekuchenne.pl\/sklep\/sklep\/"},{"@type":"ListItem","position":3,"name":"S\u0142upek SDP60SS2 &#8211; zabudowa piekarnika &#8211; 2 szuflady Slim &#8211; KamMono"}]},{"@type":"WebSite","@id":"https:\/\/meblekuchenne.pl\/sklep\/#website","url":"https:\/\/meblekuchenne.pl\/sklep\/","name":"MebleKuchenne.PL - SKLEP","description":"","publisher":{"@id":"https:\/\/meblekuchenne.pl\/sklep\/#organization"},"potentialAction":[{"@type":"SearchAction","target":{"@type":"EntryPoint","urlTemplate":"https:\/\/meblekuchenne.pl\/sklep\/?s={search_term_string}"},"query-input":{"@type":"PropertyValueSpecification","valueRequired":true,"valueName":"search_term_string"}}],"inLanguage":"pl-PL"},{"@type":"Organization","@id":"https:\/\/meblekuchenne.pl\/sklep\/#organization","name":"MebleKuchenne.PL - SKLEP","url":"https:\/\/meblekuchenne.pl\/sklep\/","logo":{"@type":"ImageObject","inLanguage":"pl-PL","@id":"https:\/\/meblekuchenne.pl\/sklep\/#\/schema\/logo\/image\/","url":"https:\/\/meblekuchenne.pl\/sklep\/wp-content\/uploads\/2025\/06\/cropped-cropped-logo.webp","contentUrl":"https:\/\/meblekuchenne.pl\/sklep\/wp-content\/uploads\/2025\/06\/cropped-cropped-logo.webp","width":735,"height":715,"caption":"MebleKuchenne.PL - SKLEP"},"image":{"@id":"https:\/\/meblekuchenne.pl\/sklep\/#\/schema\/logo\/image\/"}}]},"og_availability":"instock","product_availability":"instock","product_retailer_item_id":"SDP60SS2","product_condition":"new"},"_links":{"self":[{"href":"https:\/\/meblekuchenne.pl\/sklep\/wp-json\/wp\/v2\/product\/45563","targetHints":{"allow":["GET"]}}],"collection":[{"href":"https:\/\/meblekuchenne.pl\/sklep\/wp-json\/wp\/v2\/product"}],"about":[{"href":"https:\/\/meblekuchenne.pl\/sklep\/wp-json\/wp\/v2\/types\/product"}],"wp:featuredmedia":[{"embeddable":true,"href":"https:\/\/meblekuchenne.pl\/sklep\/wp-json\/wp\/v2\/media\/59945"}],"wp:attachment":[{"href":"https:\/\/meblekuchenne.pl\/sklep\/wp-json\/wp\/v2\/media?parent=45563"}],"wp:term":[{"taxonomy":"product_brand","embeddable":true,"href":"https:\/\/meblekuchenne.pl\/sklep\/wp-json\/wp\/v2\/product_brand?post=45563"},{"taxonomy":"product_cat","embeddable":true,"href":"https:\/\/meblekuchenne.pl\/sklep\/wp-json\/wp\/v2\/product_cat?post=45563"},{"taxonomy":"product_tag","embeddable":true,"href":"https:\/\/meblekuchenne.pl\/sklep\/wp-json\/wp\/v2\/product_tag?post=45563"}],"curies":[{"name":"wp","href":"https:\/\/api.w.org\/{rel}","templated":true}]}}