{"id":44903,"date":"2025-02-21T18:51:16","date_gmt":"2025-02-21T17:51:16","guid":{"rendered":"https:\/\/meblekuchenne.pl\/sklep\/?post_type=product&#038;p=44903"},"modified":"2026-03-31T13:09:47","modified_gmt":"2026-03-31T11:09:47","slug":"szafka-pod-zlewozmywak-bdzcstp45-gleboka-kuchnie-kammono","status":"publish","type":"product","link":"https:\/\/meblekuchenne.pl\/sklep\/product\/szafka-pod-zlewozmywak-bdzcstp45-gleboka-kuchnie-kammono\/","title":{"rendered":"Szafka pod zlewozmywak BDZCSTP45 \u2013 szer. 45-80 cm \u2013 z szuflad\u0105 Blum \u2013 g\u0142\u0119boka Kuchnie KamMono"},"content":{"rendered":"<h2><strong>Szafka pod zlewozmywak BDZCSTP45 &#8211; Kuchnie KamMono<\/strong><\/h2>\n<p><strong>Szafka pod zlewozmywak BDZCSTP45 Blum<\/strong> to <strong>nowoczesne meble kuchenne<\/strong>, kt\u00f3re \u0142\u0105cz\u0105 w sobie funkcjonalno\u015b\u0107, trwa\u0142o\u015b\u0107 i ponadczasowy design. Dost\u0119pna w szeroko\u015bciach od 50 do 80 cm. Doskonale dopasowuje si\u0119 do r\u00f3\u017cnych przestrzeni, zapewniaj\u0105c jednocze\u015bnie praktyczne rozwi\u0105zanie dla zabudowy zlewozmywaka. To propozycja dla tych, kt\u00f3rzy ceni\u0105 <strong>meble KamMono<\/strong>\u00a0\u2013 synonim wysokiej jako\u015bci i nowoczesnego stylu.<\/p>\n<h3><strong>Kluczowe cechy szafki pod zlewozmywak KamMono:<\/strong><\/h3>\n<ol start=\"1\">\n<li><strong>Funkcja zlewozmywakowa<\/strong> \u2013 Szafka zosta\u0142a specjalnie zaprojektowana do zabudowy zlewozmywaka, <strong data-start=\"96\" data-end=\"130\">dlatego doskonale sprawdza si\u0119<\/strong> jako praktyczne i estetyczne uzupe\u0142nienie <strong data-start=\"173\" data-end=\"193\">strefy kuchennej<\/strong> w nowoczesnych <strong data-start=\"209\" data-end=\"231\">meblach kuchennych<\/strong>.<\/li>\n<li><strong>Wysuwana szuflada Blum<\/strong> \u2013 Zastosowanie systemu <strong data-start=\"285\" data-end=\"335\">Blum sprawia, \u017ce wysuwanie jest p\u0142ynne i ciche<\/strong>, <strong data-start=\"337\" data-end=\"368\">co znacz\u0105co podnosi komfort<\/strong> codziennego korzystania z <strong data-start=\"395\" data-end=\"423\">mebli kuchennych KamMono<\/strong>.<\/li>\n<li><strong>G\u0142\u0119boko\u015b\u0107 z frontem 58 cm<\/strong> \u2013 <strong data-start=\"459\" data-end=\"489\">Dzi\u0119ki optymalnym wymiarom<\/strong> szafka zapewnia wygod\u0119 podczas korzystania ze zlewu.<strong> Jednocze\u015bnie umo\u017cliwia<\/strong> efektywne zagospodarowanie przestrzeni w <strong data-start=\"613\" data-end=\"623\">kuchni<\/strong>.<\/li>\n<li><strong>Design KamMono<\/strong> \u2013 Fronty w stylu <strong data-start=\"663\" data-end=\"690\">KamMono doskonale \u0142\u0105cz\u0105<\/strong> minimalistyczn\u0105 form\u0119 z wytrzyma\u0142ymi materia\u0142ami, <strong data-start=\"741\" data-end=\"771\">dzi\u0119ki czemu nadaj\u0105 kuchni<\/strong> nowoczesny i sp\u00f3jny charakter.<\/li>\n<li><strong>Trwa\u0142o\u015b\u0107 i \u0142atwo\u015b\u0107 konserwacji<\/strong> \u2013 Szafka wykonana jest z materia\u0142\u00f3w odpornych na wilgo\u0107 i uszkodzenia, <strong data-start=\"911\" data-end=\"928\">co gwarantuje<\/strong>, \u017ce <strong data-start=\"933\" data-end=\"959\">meble kuchenne KamMono<\/strong> zachowaj\u0105 sw\u00f3j elegancki wygl\u0105d <strong data-start=\"992\" data-end=\"1023\">przez wiele lat u\u017cytkowania<\/strong>.<\/li>\n<\/ol>\n<div class=\"text-base my-auto mx-auto pb-10 [--thread-content-margin:--spacing(4)] thread-sm:[--thread-content-margin:--spacing(6)] thread-lg:[--thread-content-margin:--spacing(16)] px-(--thread-content-margin)\">\n<div class=\"[--thread-content-max-width:40rem] thread-lg:[--thread-content-max-width:48rem] mx-auto max-w-(--thread-content-max-width) flex-1 group\/turn-messages focus-visible:outline-hidden relative flex w-full min-w-0 flex-col agent-turn\">\n<div class=\"flex max-w-full flex-col grow\">\n<div class=\"min-h-8 text-message relative flex w-full flex-col items-end gap-2 text-start break-words whitespace-normal [.text-message+&amp;]:mt-1\" dir=\"auto\" data-message-author-role=\"assistant\" data-message-id=\"c5569870-71b4-4e37-851c-60787acaa08d\" data-message-model-slug=\"gpt-5\">\n<div class=\"flex w-full flex-col gap-1 empty:hidden first:pt-[1px]\">\n<div class=\"markdown prose dark:prose-invert w-full break-words light markdown-new-styling\">\n<h3 data-start=\"0\" data-end=\"66\">Dlaczego warto wybra\u0107 szafk\u0119 pod zlewozmywak BDZCSS KamMono?<\/h3>\n<p data-start=\"68\" data-end=\"306\">Wybieraj\u0105c <strong data-start=\"79\" data-end=\"104\">szafk\u0119 BDZCSS KamMono<\/strong>, inwestujesz w <strong data-start=\"120\" data-end=\"159\">funkcjonalno\u015b\u0107, trwa\u0142o\u015b\u0107 i estetyk\u0119<\/strong>, kt\u00f3re maj\u0105 znaczenie ka\u017cdego dnia. To mebel zaprojektowany z my\u015bl\u0105 o <strong data-start=\"230\" data-end=\"260\">praktycznych rozwi\u0105zaniach<\/strong>, a jednocze\u015bnie o <strong data-start=\"279\" data-end=\"303\">sp\u00f3jnym stylu kuchni<\/strong>.<\/p>\n<p data-start=\"308\" data-end=\"604\"><strong data-start=\"308\" data-end=\"325\">Szafka BDZCSS<\/strong> doskonale sprawdza si\u0119 jako <strong data-start=\"354\" data-end=\"380\">strefa pod zlewozmywak<\/strong>, poniewa\u017c oferuje <strong data-start=\"399\" data-end=\"424\">ergonomiczn\u0105 wysoko\u015b\u0107<\/strong> i <strong data-start=\"427\" data-end=\"450\">optymaln\u0105 g\u0142\u0119boko\u015b\u0107<\/strong>, co u\u0142atwia codzienne prace w kuchni. <strong data-start=\"489\" data-end=\"522\" data-is-only-node=\"\">Dzi\u0119ki systemowi szuflad Blum<\/strong> zapewnia <strong data-start=\"532\" data-end=\"560\">ciche i p\u0142ynne dzia\u0142anie<\/strong>, a tym samym wi\u0119kszy komfort u\u017cytkowania.<\/p>\n<p data-start=\"606\" data-end=\"848\"><strong data-start=\"606\" data-end=\"624\">Fronty KamMono<\/strong> nadaj\u0105 meblowi <strong data-start=\"640\" data-end=\"673\">nowoczesny i elegancki wygl\u0105d<\/strong>, dlatego harmonijnie wsp\u00f3\u0142graj\u0105 z innymi elementami zabudowy. <strong data-start=\"736\" data-end=\"747\">Ponadto<\/strong>, trwa\u0142e materia\u0142y s\u0105 odporne na <strong data-start=\"780\" data-end=\"804\">wilgo\u0107 i zarysowania<\/strong>, co gwarantuje <strong data-start=\"820\" data-end=\"845\" data-is-only-node=\"\">d\u0142ug\u0105 \u017cywotno\u015b\u0107 mebla<\/strong>.<\/p>\n<p data-start=\"850\" data-end=\"1073\" data-is-last-node=\"\" data-is-only-node=\"\">Szafka jest dost\u0119pna w <strong data-start=\"873\" data-end=\"905\">szeroko\u015bciach od 45 do 80 cm<\/strong>, dlatego <strong data-start=\"915\" data-end=\"955\">\u0142atwo dopasujesz j\u0105 do ka\u017cdej kuchni<\/strong>. To <strong data-start=\"960\" data-end=\"1007\">po\u0142\u0105czenie funkcjonalno\u015bci, jako\u015bci i stylu<\/strong>, kt\u00f3re <strong data-start=\"1015\" data-end=\"1072\">sprawdzi si\u0119 w codziennym u\u017cytkowaniu przez wiele lat<\/strong>.<\/p>\n<\/div>\n<\/div>\n<\/div>\n<\/div>\n<\/div>\n<\/div>\n","protected":false},"excerpt":{"rendered":"<p><strong data-start=\"0\" data-end=\"44\" data-is-only-node=\"\">Szafka pod zlewozmywak BDZCSTP45 KamMono<\/strong> to po\u0142\u0105czenie <strong data-start=\"59\" data-end=\"112\">funkcjonalno\u015bci, trwa\u0142o\u015bci i nowoczesnego designu<\/strong>. Dzi\u0119ki <strong data-start=\"121\" data-end=\"147\">systemowi szuflad Blum<\/strong> zapewnia ciche i p\u0142ynne dzia\u0142anie, zwi\u0119kszaj\u0105c wygod\u0119 u\u017cytkowania. <strong data-start=\"215\" data-end=\"244\">Optymalna g\u0142\u0119boko\u015b\u0107 58 cm<\/strong> pozwala efektywnie wykorzysta\u0107 przestrze\u0144 pod zlewozmywakiem. Wykonana z <strong data-start=\"318\" data-end=\"352\">odpornych na wilgo\u0107 materia\u0142\u00f3w<\/strong>, doskonale uzupe\u0142nia nowoczesne meble kuchenne KamMono.<\/p>\n","protected":false},"featured_media":59906,"template":"","meta":[],"product_brand":[710],"product_cat":[774,454,470,518],"product_tag":[],"class_list":{"0":"post-44903","1":"product","2":"type-product","3":"status-publish","4":"has-post-thumbnail","6":"product_brand-meble-kam","7":"product_cat-szafki-pod-zlewozmywak-sklep","8":"product_cat-meble-kam-mono","9":"product_cat-szafki-pod-zlewozmywak","10":"product_cat-szafki-zlewozmywakowe-bd-glebokosc-58-cm","11":"product_shipping_class-szafka-dolna-kam","12":"pa_front-f10","13":"pa_front-f11","14":"pa_front-f4","15":"pa_front-f6","16":"pa_front-f7","17":"pa_front-f8","18":"pa_front-fg2","19":"pa_front-k2","20":"pa_front-kc2","21":"pa_front-kc4","22":"pa_front-l4-mat","23":"pa_front-l4-polysk","24":"pa_front-m4","25":"pa_front-os_2","26":"pa_front-os_2black","27":"pa_front-p00","28":"pa_front-p2","29":"pa_front-p4","30":"pa_rozmiar-45-cm","31":"pa_rozmiar-50-cm","32":"pa_rozmiar-60-cm","33":"pa_rozmiar-80-cm","35":"first","36":"instock","37":"shipping-taxable","38":"purchasable","39":"product-type-variable"},"yoast_head":"<!-- This site is optimized with the Yoast SEO Premium plugin v25.0 (Yoast SEO v25.0) - https:\/\/yoast.com\/wordpress\/plugins\/seo\/ -->\n<title>Szafka pod zlewozmywak BDZCSTP45 g\u0142\u0119boka<\/title>\n<meta name=\"description\" content=\"Szafka pod zlewozmywak BDZCSTP45 g\u0142\u0119boka to mebel, wyposa\u017cony w szuflad\u0119 Blum z cichym i p\u0142ynnym domykiem. Poprawi Tw\u00f3j komfort codziennego korzystania.\" \/>\n<meta name=\"robots\" content=\"index, follow, max-snippet:-1, max-image-preview:large, max-video-preview:-1\" \/>\n<link rel=\"canonical\" href=\"https:\/\/meblekuchenne.pl\/sklep\/product\/szafka-pod-zlewozmywak-bdzcstp45-gleboka-kuchnie-kammono\/\" \/>\n<meta property=\"og:locale\" content=\"pl_PL\" \/>\n<meta property=\"og:type\" content=\"article\" \/>\n<meta property=\"og:title\" content=\"Szafka pod zlewozmywak BDZCSTP45 \u2013 szer. 45-80 cm \u2013 z szuflad\u0105 Blum \u2013 g\u0142\u0119boka Kuchnie KamMono\" \/>\n<meta property=\"og:description\" content=\"Szafka pod zlewozmywak BDZCSTP45 g\u0142\u0119boka to mebel, wyposa\u017cony w szuflad\u0119 Blum z cichym i p\u0142ynnym domykiem. Poprawi Tw\u00f3j komfort codziennego korzystania.\" \/>\n<meta property=\"og:url\" content=\"https:\/\/meblekuchenne.pl\/sklep\/product\/szafka-pod-zlewozmywak-bdzcstp45-gleboka-kuchnie-kammono\/\" \/>\n<meta property=\"og:site_name\" content=\"MebleKuchenne.PL - SKLEP\" \/>\n<meta property=\"article:modified_time\" content=\"2026-03-31T11:09:47+00:00\" \/>\n<meta property=\"og:image\" content=\"https:\/\/meblekuchenne.pl\/sklep\/wp-content\/uploads\/2025\/02\/dzcss60-2.webp\" \/>\n\t<meta property=\"og:image:width\" content=\"1600\" \/>\n\t<meta property=\"og:image:height\" content=\"1080\" \/>\n\t<meta property=\"og:image:type\" content=\"image\/webp\" \/>\n<meta name=\"twitter:card\" content=\"summary_large_image\" \/>\n<meta name=\"twitter:label1\" content=\"Dost\u0119pno\u015b\u0107\" \/>\n\t<meta name=\"twitter:data1\" content=\"Dost\u0119pny\" \/>\n<script type=\"application\/ld+json\" class=\"yoast-schema-graph\">{\"@context\":\"https:\/\/schema.org\",\"@graph\":[{\"@type\":\"WebPage\",\"@id\":\"https:\/\/meblekuchenne.pl\/sklep\/product\/szafka-pod-zlewozmywak-bdzcstp45-gleboka-kuchnie-kammono\/\",\"url\":\"https:\/\/meblekuchenne.pl\/sklep\/product\/szafka-pod-zlewozmywak-bdzcstp45-gleboka-kuchnie-kammono\/\",\"name\":\"Szafka pod zlewozmywak BDZCSTP45 g\u0142\u0119boka\",\"isPartOf\":{\"@id\":\"https:\/\/meblekuchenne.pl\/sklep\/#website\"},\"primaryImageOfPage\":{\"@id\":\"https:\/\/meblekuchenne.pl\/sklep\/product\/szafka-pod-zlewozmywak-bdzcstp45-gleboka-kuchnie-kammono\/#primaryimage\"},\"image\":{\"@id\":\"https:\/\/meblekuchenne.pl\/sklep\/product\/szafka-pod-zlewozmywak-bdzcstp45-gleboka-kuchnie-kammono\/#primaryimage\"},\"thumbnailUrl\":\"https:\/\/meblekuchenne.pl\/sklep\/wp-content\/uploads\/2025\/02\/dzcss60-2.webp\",\"datePublished\":\"2025-02-21T17:51:16+00:00\",\"dateModified\":\"2026-03-31T11:09:47+00:00\",\"description\":\"Szafka pod zlewozmywak BDZCSTP45 g\u0142\u0119boka to mebel, wyposa\u017cony w szuflad\u0119 Blum z cichym i p\u0142ynnym domykiem. Poprawi Tw\u00f3j komfort codziennego korzystania.\",\"breadcrumb\":{\"@id\":\"https:\/\/meblekuchenne.pl\/sklep\/product\/szafka-pod-zlewozmywak-bdzcstp45-gleboka-kuchnie-kammono\/#breadcrumb\"},\"inLanguage\":\"pl-PL\",\"potentialAction\":[{\"@type\":\"ReadAction\",\"target\":[\"https:\/\/meblekuchenne.pl\/sklep\/product\/szafka-pod-zlewozmywak-bdzcstp45-gleboka-kuchnie-kammono\/\"]}]},{\"@type\":\"ImageObject\",\"inLanguage\":\"pl-PL\",\"@id\":\"https:\/\/meblekuchenne.pl\/sklep\/product\/szafka-pod-zlewozmywak-bdzcstp45-gleboka-kuchnie-kammono\/#primaryimage\",\"url\":\"https:\/\/meblekuchenne.pl\/sklep\/wp-content\/uploads\/2025\/02\/dzcss60-2.webp\",\"contentUrl\":\"https:\/\/meblekuchenne.pl\/sklep\/wp-content\/uploads\/2025\/02\/dzcss60-2.webp\",\"width\":1600,\"height\":1080,\"caption\":\"Szafka pod zlewozmywak - meble kuchenne Kam.\"},{\"@type\":\"BreadcrumbList\",\"@id\":\"https:\/\/meblekuchenne.pl\/sklep\/product\/szafka-pod-zlewozmywak-bdzcstp45-gleboka-kuchnie-kammono\/#breadcrumb\",\"itemListElement\":[{\"@type\":\"ListItem\",\"position\":1,\"name\":\"Strona g\u0142\u00f3wna\",\"item\":\"https:\/\/meblekuchenne.pl\/sklep\/\"},{\"@type\":\"ListItem\",\"position\":2,\"name\":\"Sklep\",\"item\":\"https:\/\/meblekuchenne.pl\/sklep\/sklep\/\"},{\"@type\":\"ListItem\",\"position\":3,\"name\":\"Szafka pod zlewozmywak BDZCSTP45 \u2013 szer. 45-80 cm \u2013 z szuflad\u0105 Blum \u2013 g\u0142\u0119boka Kuchnie KamMono\"}]},{\"@type\":\"WebSite\",\"@id\":\"https:\/\/meblekuchenne.pl\/sklep\/#website\",\"url\":\"https:\/\/meblekuchenne.pl\/sklep\/\",\"name\":\"MebleKuchenne.PL - SKLEP\",\"description\":\"\",\"publisher\":{\"@id\":\"https:\/\/meblekuchenne.pl\/sklep\/#organization\"},\"potentialAction\":[{\"@type\":\"SearchAction\",\"target\":{\"@type\":\"EntryPoint\",\"urlTemplate\":\"https:\/\/meblekuchenne.pl\/sklep\/?s={search_term_string}\"},\"query-input\":{\"@type\":\"PropertyValueSpecification\",\"valueRequired\":true,\"valueName\":\"search_term_string\"}}],\"inLanguage\":\"pl-PL\"},{\"@type\":\"Organization\",\"@id\":\"https:\/\/meblekuchenne.pl\/sklep\/#organization\",\"name\":\"MebleKuchenne.PL - SKLEP\",\"url\":\"https:\/\/meblekuchenne.pl\/sklep\/\",\"logo\":{\"@type\":\"ImageObject\",\"inLanguage\":\"pl-PL\",\"@id\":\"https:\/\/meblekuchenne.pl\/sklep\/#\/schema\/logo\/image\/\",\"url\":\"https:\/\/meblekuchenne.pl\/sklep\/wp-content\/uploads\/2025\/06\/cropped-cropped-logo.webp\",\"contentUrl\":\"https:\/\/meblekuchenne.pl\/sklep\/wp-content\/uploads\/2025\/06\/cropped-cropped-logo.webp\",\"width\":735,\"height\":715,\"caption\":\"MebleKuchenne.PL - SKLEP\"},\"image\":{\"@id\":\"https:\/\/meblekuchenne.pl\/sklep\/#\/schema\/logo\/image\/\"}}]}<\/script>\n<meta property=\"og:availability\" content=\"instock\" \/>\n<meta property=\"product:availability\" content=\"instock\" \/>\n<meta property=\"product:retailer_item_id\" content=\"BDZCSTp45\" \/>\n<meta property=\"product:condition\" content=\"new\" \/>\n<!-- \/ Yoast SEO Premium plugin. -->","yoast_head_json":{"title":"Szafka pod zlewozmywak BDZCSTP45 g\u0142\u0119boka","description":"Szafka pod zlewozmywak BDZCSTP45 g\u0142\u0119boka to mebel, wyposa\u017cony w szuflad\u0119 Blum z cichym i p\u0142ynnym domykiem. Poprawi Tw\u00f3j komfort codziennego korzystania.","robots":{"index":"index","follow":"follow","max-snippet":"max-snippet:-1","max-image-preview":"max-image-preview:large","max-video-preview":"max-video-preview:-1"},"canonical":"https:\/\/meblekuchenne.pl\/sklep\/product\/szafka-pod-zlewozmywak-bdzcstp45-gleboka-kuchnie-kammono\/","og_locale":"pl_PL","og_type":"article","og_title":"Szafka pod zlewozmywak BDZCSTP45 \u2013 szer. 45-80 cm \u2013 z szuflad\u0105 Blum \u2013 g\u0142\u0119boka Kuchnie KamMono","og_description":"Szafka pod zlewozmywak BDZCSTP45 g\u0142\u0119boka to mebel, wyposa\u017cony w szuflad\u0119 Blum z cichym i p\u0142ynnym domykiem. Poprawi Tw\u00f3j komfort codziennego korzystania.","og_url":"https:\/\/meblekuchenne.pl\/sklep\/product\/szafka-pod-zlewozmywak-bdzcstp45-gleboka-kuchnie-kammono\/","og_site_name":"MebleKuchenne.PL - SKLEP","article_modified_time":"2026-03-31T11:09:47+00:00","og_image":[{"width":1600,"height":1080,"url":"https:\/\/meblekuchenne.pl\/sklep\/wp-content\/uploads\/2025\/02\/dzcss60-2.webp","type":"image\/webp"}],"twitter_card":"summary_large_image","twitter_misc":{"Dost\u0119pno\u015b\u0107":"Dost\u0119pny"},"schema":{"@context":"https:\/\/schema.org","@graph":[{"@type":"WebPage","@id":"https:\/\/meblekuchenne.pl\/sklep\/product\/szafka-pod-zlewozmywak-bdzcstp45-gleboka-kuchnie-kammono\/","url":"https:\/\/meblekuchenne.pl\/sklep\/product\/szafka-pod-zlewozmywak-bdzcstp45-gleboka-kuchnie-kammono\/","name":"Szafka pod zlewozmywak BDZCSTP45 g\u0142\u0119boka","isPartOf":{"@id":"https:\/\/meblekuchenne.pl\/sklep\/#website"},"primaryImageOfPage":{"@id":"https:\/\/meblekuchenne.pl\/sklep\/product\/szafka-pod-zlewozmywak-bdzcstp45-gleboka-kuchnie-kammono\/#primaryimage"},"image":{"@id":"https:\/\/meblekuchenne.pl\/sklep\/product\/szafka-pod-zlewozmywak-bdzcstp45-gleboka-kuchnie-kammono\/#primaryimage"},"thumbnailUrl":"https:\/\/meblekuchenne.pl\/sklep\/wp-content\/uploads\/2025\/02\/dzcss60-2.webp","datePublished":"2025-02-21T17:51:16+00:00","dateModified":"2026-03-31T11:09:47+00:00","description":"Szafka pod zlewozmywak BDZCSTP45 g\u0142\u0119boka to mebel, wyposa\u017cony w szuflad\u0119 Blum z cichym i p\u0142ynnym domykiem. Poprawi Tw\u00f3j komfort codziennego korzystania.","breadcrumb":{"@id":"https:\/\/meblekuchenne.pl\/sklep\/product\/szafka-pod-zlewozmywak-bdzcstp45-gleboka-kuchnie-kammono\/#breadcrumb"},"inLanguage":"pl-PL","potentialAction":[{"@type":"ReadAction","target":["https:\/\/meblekuchenne.pl\/sklep\/product\/szafka-pod-zlewozmywak-bdzcstp45-gleboka-kuchnie-kammono\/"]}]},{"@type":"ImageObject","inLanguage":"pl-PL","@id":"https:\/\/meblekuchenne.pl\/sklep\/product\/szafka-pod-zlewozmywak-bdzcstp45-gleboka-kuchnie-kammono\/#primaryimage","url":"https:\/\/meblekuchenne.pl\/sklep\/wp-content\/uploads\/2025\/02\/dzcss60-2.webp","contentUrl":"https:\/\/meblekuchenne.pl\/sklep\/wp-content\/uploads\/2025\/02\/dzcss60-2.webp","width":1600,"height":1080,"caption":"Szafka pod zlewozmywak - meble kuchenne Kam."},{"@type":"BreadcrumbList","@id":"https:\/\/meblekuchenne.pl\/sklep\/product\/szafka-pod-zlewozmywak-bdzcstp45-gleboka-kuchnie-kammono\/#breadcrumb","itemListElement":[{"@type":"ListItem","position":1,"name":"Strona g\u0142\u00f3wna","item":"https:\/\/meblekuchenne.pl\/sklep\/"},{"@type":"ListItem","position":2,"name":"Sklep","item":"https:\/\/meblekuchenne.pl\/sklep\/sklep\/"},{"@type":"ListItem","position":3,"name":"Szafka pod zlewozmywak BDZCSTP45 \u2013 szer. 45-80 cm \u2013 z szuflad\u0105 Blum \u2013 g\u0142\u0119boka Kuchnie KamMono"}]},{"@type":"WebSite","@id":"https:\/\/meblekuchenne.pl\/sklep\/#website","url":"https:\/\/meblekuchenne.pl\/sklep\/","name":"MebleKuchenne.PL - SKLEP","description":"","publisher":{"@id":"https:\/\/meblekuchenne.pl\/sklep\/#organization"},"potentialAction":[{"@type":"SearchAction","target":{"@type":"EntryPoint","urlTemplate":"https:\/\/meblekuchenne.pl\/sklep\/?s={search_term_string}"},"query-input":{"@type":"PropertyValueSpecification","valueRequired":true,"valueName":"search_term_string"}}],"inLanguage":"pl-PL"},{"@type":"Organization","@id":"https:\/\/meblekuchenne.pl\/sklep\/#organization","name":"MebleKuchenne.PL - SKLEP","url":"https:\/\/meblekuchenne.pl\/sklep\/","logo":{"@type":"ImageObject","inLanguage":"pl-PL","@id":"https:\/\/meblekuchenne.pl\/sklep\/#\/schema\/logo\/image\/","url":"https:\/\/meblekuchenne.pl\/sklep\/wp-content\/uploads\/2025\/06\/cropped-cropped-logo.webp","contentUrl":"https:\/\/meblekuchenne.pl\/sklep\/wp-content\/uploads\/2025\/06\/cropped-cropped-logo.webp","width":735,"height":715,"caption":"MebleKuchenne.PL - SKLEP"},"image":{"@id":"https:\/\/meblekuchenne.pl\/sklep\/#\/schema\/logo\/image\/"}}]},"og_availability":"instock","product_availability":"instock","product_retailer_item_id":"BDZCSTp45","product_condition":"new"},"_links":{"self":[{"href":"https:\/\/meblekuchenne.pl\/sklep\/wp-json\/wp\/v2\/product\/44903","targetHints":{"allow":["GET"]}}],"collection":[{"href":"https:\/\/meblekuchenne.pl\/sklep\/wp-json\/wp\/v2\/product"}],"about":[{"href":"https:\/\/meblekuchenne.pl\/sklep\/wp-json\/wp\/v2\/types\/product"}],"wp:featuredmedia":[{"embeddable":true,"href":"https:\/\/meblekuchenne.pl\/sklep\/wp-json\/wp\/v2\/media\/59906"}],"wp:attachment":[{"href":"https:\/\/meblekuchenne.pl\/sklep\/wp-json\/wp\/v2\/media?parent=44903"}],"wp:term":[{"taxonomy":"product_brand","embeddable":true,"href":"https:\/\/meblekuchenne.pl\/sklep\/wp-json\/wp\/v2\/product_brand?post=44903"},{"taxonomy":"product_cat","embeddable":true,"href":"https:\/\/meblekuchenne.pl\/sklep\/wp-json\/wp\/v2\/product_cat?post=44903"},{"taxonomy":"product_tag","embeddable":true,"href":"https:\/\/meblekuchenne.pl\/sklep\/wp-json\/wp\/v2\/product_tag?post=44903"}],"curies":[{"name":"wp","href":"https:\/\/api.w.org\/{rel}","templated":true}]}}