{"id":44483,"date":"2025-02-21T18:46:31","date_gmt":"2025-02-21T17:46:31","guid":{"rendered":"https:\/\/meblekuchenne.pl\/sklep\/?post_type=product&#038;p=44483"},"modified":"2026-04-01T13:25:54","modified_gmt":"2026-04-01T11:25:54","slug":"szafka-dolna-bdst-2pl-szer-60-90-cm-2-szuflady-blum-gleboka-kammono","status":"publish","type":"product","link":"https:\/\/meblekuchenne.pl\/sklep\/product\/szafka-dolna-bdst-2pl-szer-60-90-cm-2-szuflady-blum-gleboka-kammono\/","title":{"rendered":"Szafka dolna BDST..\/2P\u0141 \u2013 szer. 60-90 cm \u2013 2 szuflady Blum \u2013 g\u0142\u0119boka KamMono"},"content":{"rendered":"<h2 data-pm-slice=\"0 0 []\">Szafka dolna g\u0142\u0119boka BDST..\/2P\u0141 &#8211; 2 szuflady Blum &#8211; KamMono<\/h2>\n<p>Szafka dolna &#8211; szer. 60, 70, 80, 90 cm, wys. 71 cm, g\u0142. 58 cm<\/p>\n<p>Szafka dolna BDST..\/2P\u0141 z kolekcji kuchni KamMono to doskona\u0142e rozwi\u0105zanie dla os\u00f3b poszukuj\u0105cych funkcjonalno\u015bci, trwa\u0142o\u015bci oraz nowoczesnego designu. Dost\u0119pna jest w szeroko\u015bciach od 60 do 90 cm, dlatego te\u017c \u015bwietnie sprawdzi si\u0119 zar\u00f3wno w mniejszych, jak i wi\u0119kszych kuchniach. Zapewni wygodne przechowywanie i elegancki wygl\u0105d. To jedna z najlepszych propozycji w kategorii <strong>szafki kuchenne KamMono<\/strong>, kt\u00f3ra \u0142\u0105czy innowacyjne rozwi\u0105zania z estetyk\u0105 dopasowan\u0105 do r\u00f3\u017cnych aran\u017cacji wn\u0119trz.<\/p>\n<h3>Dost\u0119pne szeroko\u015bci:<\/h3>\n<ul data-spread=\"false\">\n<li>60 cm<\/li>\n<li>70 cm<\/li>\n<li>80 cm<\/li>\n<li>90 cm<\/li>\n<\/ul>\n<h3>Kluczowe cechy szafki dolnej BDST..\/2P\u0141 KamMono 2 szuflady Blum:<\/h3>\n<ul data-spread=\"false\">\n<li><strong>2 pojemne szuflady Blum<\/strong> \u2013 Dwie przestronne szuflady z systemem Blum to idealne rozwi\u0105zanie do przechowywania zar\u00f3wno drobnych akcesori\u00f3w kuchennych, jak i wi\u0119kszych przedmiot\u00f3w. Tak wi\u0119c, dzi\u0119ki nowoczesnej konstrukcji ka\u017cda rzecz ma swoje miejsce, a co za tym idzie kuchnia pozostaje uporz\u0105dkowana.<\/li>\n<li><strong>System cichego domykania<\/strong> \u2013 Zastosowanie prowadnic Blum z cichym domykiem sprawia, \u017ce zamykanie szuflad jest p\u0142ynne i bezg\u0142o\u015bne, co zwi\u0119ksza komfort u\u017cytkowania.<\/li>\n<li><strong>Fronty kuchenne matowe i w po\u0142ysku<\/strong> \u2013 Szafka dost\u0119pna jest w r\u00f3\u017cnych wariantach front\u00f3w, co pozwala dopasowa\u0107 j\u0105 do indywidualnych preferencji \u2013 zar\u00f3wno nowoczesnych, minimalistycznych wn\u0119trz, jak i bardziej klasycznych aran\u017cacji.<\/li>\n<li><strong>Solidna i trwa\u0142a konstrukcja<\/strong> \u2013 Korpus wykonany z wysokiej jako\u015bci materia\u0142\u00f3w odpornych na wilgo\u0107 i uszkodzenia, co gwarantuje d\u0142ug\u0105 \u017cywotno\u015b\u0107 mebla.<\/li>\n<li><strong>Regulowane n\u00f3\u017cki<\/strong> \u2013 Mo\u017cliwo\u015b\u0107 regulacji wysoko\u015bci n\u00f3\u017cek (10 cm lub 15 cm) pozwala dopasowa\u0107 szafk\u0119 do r\u00f3\u017cnych poziom\u00f3w blat\u00f3w kuchennych.<\/li>\n<\/ul>\n<h3>Informacje techniczne<\/h3>\n<ul data-spread=\"false\">\n<li><strong>G\u0142\u0119boko\u015b\u0107 z frontem:<\/strong> 58 cm<\/li>\n<li><strong>Wysoko\u015b\u0107 z n\u00f3\u017ckami 10 cm:<\/strong> 81 cm<\/li>\n<li><strong>Korpus:<\/strong> P\u0142yta laminowana 16 mm (r\u00f3\u017cne warianty kolorystyczne)<\/li>\n<li><strong>Grubo\u015b\u0107 frontu:<\/strong>\n<ul data-spread=\"false\">\n<li>Fronty F4, F6, F8, F10, F11 \u2013 16 mm<\/li>\n<li>Fronty z grupy P2, P4, K2, KC2, KC4 \u2013 18 mm<\/li>\n<li>Fronty M \u2013 18 mm<\/li>\n<li>Fronty lakierowane L \u2013 19 mm<\/li>\n<\/ul>\n<\/li>\n<li><strong>Uchwyty:<\/strong> Mo\u017cliwo\u015b\u0107 wyboru uchwyt\u00f3w w cenie szafki<\/li>\n<li><strong>Monta\u017c:<\/strong> Szafka przeznaczona do samodzielnego monta\u017cu, zestaw zawiera instrukcj\u0119 oraz wszystkie niezb\u0119dne elementy<\/li>\n<\/ul>\n<h3>Dlaczego warto wybra\u0107 szafk\u0119 BDST..\/2P\u0141?<\/h3>\n<ul data-spread=\"false\">\n<li><strong>Funkcjonalno\u015b\u0107<\/strong> \u2013 Dwie pojemne szuflady Blum umo\u017cliwiaj\u0105 \u0142atw\u0105 organizacj\u0119 przestrzeni kuchennej.<\/li>\n<li><strong>Estetyka<\/strong> \u2013 Nowoczesne <strong>fronty kuchenne matowe<\/strong> lub <strong>fronty w po\u0142ysku<\/strong> zapewniaj\u0105 stylowy wygl\u0105d dopasowany do r\u00f3\u017cnych aran\u017cacji.<\/li>\n<li><strong>Komfort u\u017cytkowania<\/strong> \u2013 Cichy domyk w szufladach Blum podnosi komfort codziennego korzystania z mebli.<\/li>\n<\/ul>\n<h3>Idealne zastosowanie i styl:<\/h3>\n<p>Szafka dolna g\u0142\u0119boka BDST..\/2P\u0141 &#8211; 2 szuflady Blum to propozycja dla os\u00f3b ceni\u0105cych jako\u015b\u0107 i design. Doskonale komponuje si\u0119 z blatami drewnianymi, kamiennymi i laminowanymi, wprowadzaj\u0105c harmoni\u0119 do ka\u017cdej kuchni KamMono. Dzi\u0119ki trwa\u0142ym materia\u0142om oraz eleganckim wyko\u0144czeniom, mebel ten spe\u0142ni oczekiwania nawet najbardziej wymagaj\u0105cych u\u017cytkownik\u00f3w. Postaw na <strong>szafki kuchenne KamMono<\/strong> i ciesz si\u0119 nowoczesn\u0105, funkcjonaln\u0105 kuchni\u0105!<\/p>\n<p>&nbsp;<\/p>\n","protected":false},"excerpt":{"rendered":"<p>Szafka dolna BDST..\/2P\u0141 KamMono z dwiema szufladami Blum to nowoczesne i funkcjonalne rozwi\u0105zanie do ka\u017cdej kuchni. Dost\u0119pna w szeroko\u015bciach 60-90 cm, z frontami matowymi i w po\u0142ysku, oferuje cichy domyk i trwa\u0142o\u015b\u0107 na lata.<\/p>\n","protected":false},"featured_media":59882,"template":"","meta":[],"product_brand":[710],"product_cat":[773,794,454,468,481],"product_tag":[],"class_list":{"0":"post-44483","1":"product","2":"type-product","3":"status-publish","4":"has-post-thumbnail","6":"product_brand-meble-kam","7":"product_cat-szafki-kuchenne-stojace-ogolne","8":"product_cat-z-szufladami-sklep-szafki-kuchenne-stojace-ogolne","9":"product_cat-meble-kam-mono","10":"product_cat-szafka-kuchenna-stojaca","11":"product_cat-szafki-dolne-bd-glebokosc-58-cm","12":"product_shipping_class-szafka-dolna-kam","13":"pa_front-f10","14":"pa_front-f11","15":"pa_front-f4","16":"pa_front-f6","17":"pa_front-f7","18":"pa_front-f8","19":"pa_front-fg2","20":"pa_front-k2","21":"pa_front-kc2","22":"pa_front-kc4","23":"pa_front-l4-mat","24":"pa_front-l4-polysk","25":"pa_front-m4","26":"pa_front-os_2","27":"pa_front-os_2black","28":"pa_front-p00","29":"pa_front-p2","30":"pa_front-p4","31":"pa_rozmiar-60-cm","32":"pa_rozmiar-70-cm","33":"pa_rozmiar-80-cm","34":"pa_rozmiar-90-cm","36":"first","37":"instock","38":"shipping-taxable","39":"purchasable","40":"product-type-variable"},"yoast_head":"<!-- This site is optimized with the Yoast SEO Premium plugin v25.0 (Yoast SEO v25.0) - https:\/\/yoast.com\/wordpress\/plugins\/seo\/ -->\n<title>Szafka dolna g\u0142\u0119boka BDST..\/2P\u0141 - 2 szuflady Blum<\/title>\n<meta name=\"description\" content=\"Szafka dolna g\u0142\u0119boka BDST..\/2P\u0141 - 2 szuflady Blum o nowoczesne, estetyczne i funkcjonalne rozwi\u0105zanie do ka\u017cdej kuchni, oferuj\u0105ce dwie g\u0142\u0119bokie szuflady.\" \/>\n<meta name=\"robots\" content=\"index, follow, max-snippet:-1, max-image-preview:large, max-video-preview:-1\" \/>\n<link rel=\"canonical\" href=\"https:\/\/meblekuchenne.pl\/sklep\/product\/szafka-dolna-bdst-2pl-szer-60-90-cm-2-szuflady-blum-gleboka-kammono\/\" \/>\n<meta property=\"og:locale\" content=\"pl_PL\" \/>\n<meta property=\"og:type\" content=\"article\" \/>\n<meta property=\"og:title\" content=\"Szafka dolna BDST..\/2P\u0141 \u2013 szer. 60-90 cm \u2013 2 szuflady Blum \u2013 g\u0142\u0119boka KamMono\" \/>\n<meta property=\"og:description\" content=\"Szafka dolna g\u0142\u0119boka BDST..\/2P\u0141 - 2 szuflady Blum o nowoczesne, estetyczne i funkcjonalne rozwi\u0105zanie do ka\u017cdej kuchni, oferuj\u0105ce dwie g\u0142\u0119bokie szuflady.\" \/>\n<meta property=\"og:url\" content=\"https:\/\/meblekuchenne.pl\/sklep\/product\/szafka-dolna-bdst-2pl-szer-60-90-cm-2-szuflady-blum-gleboka-kammono\/\" \/>\n<meta property=\"og:site_name\" content=\"MebleKuchenne.PL - SKLEP\" \/>\n<meta property=\"article:modified_time\" content=\"2026-04-01T11:25:54+00:00\" \/>\n<meta property=\"og:image\" content=\"https:\/\/meblekuchenne.pl\/sklep\/wp-content\/uploads\/2025\/02\/dss70-2pl-1.webp\" \/>\n\t<meta property=\"og:image:width\" content=\"1600\" \/>\n\t<meta property=\"og:image:height\" content=\"1080\" \/>\n\t<meta property=\"og:image:type\" content=\"image\/webp\" \/>\n<meta name=\"twitter:card\" content=\"summary_large_image\" \/>\n<meta name=\"twitter:label1\" content=\"Dost\u0119pno\u015b\u0107\" \/>\n\t<meta name=\"twitter:data1\" content=\"Dost\u0119pny\" \/>\n<script type=\"application\/ld+json\" class=\"yoast-schema-graph\">{\"@context\":\"https:\/\/schema.org\",\"@graph\":[{\"@type\":\"WebPage\",\"@id\":\"https:\/\/meblekuchenne.pl\/sklep\/product\/szafka-dolna-bdst-2pl-szer-60-90-cm-2-szuflady-blum-gleboka-kammono\/\",\"url\":\"https:\/\/meblekuchenne.pl\/sklep\/product\/szafka-dolna-bdst-2pl-szer-60-90-cm-2-szuflady-blum-gleboka-kammono\/\",\"name\":\"Szafka dolna g\u0142\u0119boka BDST..\/2P\u0141 - 2 szuflady Blum\",\"isPartOf\":{\"@id\":\"https:\/\/meblekuchenne.pl\/sklep\/#website\"},\"primaryImageOfPage\":{\"@id\":\"https:\/\/meblekuchenne.pl\/sklep\/product\/szafka-dolna-bdst-2pl-szer-60-90-cm-2-szuflady-blum-gleboka-kammono\/#primaryimage\"},\"image\":{\"@id\":\"https:\/\/meblekuchenne.pl\/sklep\/product\/szafka-dolna-bdst-2pl-szer-60-90-cm-2-szuflady-blum-gleboka-kammono\/#primaryimage\"},\"thumbnailUrl\":\"https:\/\/meblekuchenne.pl\/sklep\/wp-content\/uploads\/2025\/02\/dss70-2pl-1.webp\",\"datePublished\":\"2025-02-21T17:46:31+00:00\",\"dateModified\":\"2026-04-01T11:25:54+00:00\",\"description\":\"Szafka dolna g\u0142\u0119boka BDST..\/2P\u0141 - 2 szuflady Blum o nowoczesne, estetyczne i funkcjonalne rozwi\u0105zanie do ka\u017cdej kuchni, oferuj\u0105ce dwie g\u0142\u0119bokie szuflady.\",\"breadcrumb\":{\"@id\":\"https:\/\/meblekuchenne.pl\/sklep\/product\/szafka-dolna-bdst-2pl-szer-60-90-cm-2-szuflady-blum-gleboka-kammono\/#breadcrumb\"},\"inLanguage\":\"pl-PL\",\"potentialAction\":[{\"@type\":\"ReadAction\",\"target\":[\"https:\/\/meblekuchenne.pl\/sklep\/product\/szafka-dolna-bdst-2pl-szer-60-90-cm-2-szuflady-blum-gleboka-kammono\/\"]}]},{\"@type\":\"ImageObject\",\"inLanguage\":\"pl-PL\",\"@id\":\"https:\/\/meblekuchenne.pl\/sklep\/product\/szafka-dolna-bdst-2pl-szer-60-90-cm-2-szuflady-blum-gleboka-kammono\/#primaryimage\",\"url\":\"https:\/\/meblekuchenne.pl\/sklep\/wp-content\/uploads\/2025\/02\/dss70-2pl-1.webp\",\"contentUrl\":\"https:\/\/meblekuchenne.pl\/sklep\/wp-content\/uploads\/2025\/02\/dss70-2pl-1.webp\",\"width\":1600,\"height\":1080},{\"@type\":\"BreadcrumbList\",\"@id\":\"https:\/\/meblekuchenne.pl\/sklep\/product\/szafka-dolna-bdst-2pl-szer-60-90-cm-2-szuflady-blum-gleboka-kammono\/#breadcrumb\",\"itemListElement\":[{\"@type\":\"ListItem\",\"position\":1,\"name\":\"Strona g\u0142\u00f3wna\",\"item\":\"https:\/\/meblekuchenne.pl\/sklep\/\"},{\"@type\":\"ListItem\",\"position\":2,\"name\":\"Sklep\",\"item\":\"https:\/\/meblekuchenne.pl\/sklep\/sklep\/\"},{\"@type\":\"ListItem\",\"position\":3,\"name\":\"Szafka dolna BDST..\/2P\u0141 \u2013 szer. 60-90 cm \u2013 2 szuflady Blum \u2013 g\u0142\u0119boka KamMono\"}]},{\"@type\":\"WebSite\",\"@id\":\"https:\/\/meblekuchenne.pl\/sklep\/#website\",\"url\":\"https:\/\/meblekuchenne.pl\/sklep\/\",\"name\":\"MebleKuchenne.PL - SKLEP\",\"description\":\"\",\"publisher\":{\"@id\":\"https:\/\/meblekuchenne.pl\/sklep\/#organization\"},\"potentialAction\":[{\"@type\":\"SearchAction\",\"target\":{\"@type\":\"EntryPoint\",\"urlTemplate\":\"https:\/\/meblekuchenne.pl\/sklep\/?s={search_term_string}\"},\"query-input\":{\"@type\":\"PropertyValueSpecification\",\"valueRequired\":true,\"valueName\":\"search_term_string\"}}],\"inLanguage\":\"pl-PL\"},{\"@type\":\"Organization\",\"@id\":\"https:\/\/meblekuchenne.pl\/sklep\/#organization\",\"name\":\"MebleKuchenne.PL - SKLEP\",\"url\":\"https:\/\/meblekuchenne.pl\/sklep\/\",\"logo\":{\"@type\":\"ImageObject\",\"inLanguage\":\"pl-PL\",\"@id\":\"https:\/\/meblekuchenne.pl\/sklep\/#\/schema\/logo\/image\/\",\"url\":\"https:\/\/meblekuchenne.pl\/sklep\/wp-content\/uploads\/2025\/06\/cropped-cropped-logo.webp\",\"contentUrl\":\"https:\/\/meblekuchenne.pl\/sklep\/wp-content\/uploads\/2025\/06\/cropped-cropped-logo.webp\",\"width\":735,\"height\":715,\"caption\":\"MebleKuchenne.PL - SKLEP\"},\"image\":{\"@id\":\"https:\/\/meblekuchenne.pl\/sklep\/#\/schema\/logo\/image\/\"}}]}<\/script>\n<meta property=\"og:availability\" content=\"instock\" \/>\n<meta property=\"product:availability\" content=\"instock\" \/>\n<meta property=\"product:retailer_item_id\" content=\"BDST\/2P\u0141\" \/>\n<meta property=\"product:condition\" content=\"new\" \/>\n<!-- \/ Yoast SEO Premium plugin. -->","yoast_head_json":{"title":"Szafka dolna g\u0142\u0119boka BDST..\/2P\u0141 - 2 szuflady Blum","description":"Szafka dolna g\u0142\u0119boka BDST..\/2P\u0141 - 2 szuflady Blum o nowoczesne, estetyczne i funkcjonalne rozwi\u0105zanie do ka\u017cdej kuchni, oferuj\u0105ce dwie g\u0142\u0119bokie szuflady.","robots":{"index":"index","follow":"follow","max-snippet":"max-snippet:-1","max-image-preview":"max-image-preview:large","max-video-preview":"max-video-preview:-1"},"canonical":"https:\/\/meblekuchenne.pl\/sklep\/product\/szafka-dolna-bdst-2pl-szer-60-90-cm-2-szuflady-blum-gleboka-kammono\/","og_locale":"pl_PL","og_type":"article","og_title":"Szafka dolna BDST..\/2P\u0141 \u2013 szer. 60-90 cm \u2013 2 szuflady Blum \u2013 g\u0142\u0119boka KamMono","og_description":"Szafka dolna g\u0142\u0119boka BDST..\/2P\u0141 - 2 szuflady Blum o nowoczesne, estetyczne i funkcjonalne rozwi\u0105zanie do ka\u017cdej kuchni, oferuj\u0105ce dwie g\u0142\u0119bokie szuflady.","og_url":"https:\/\/meblekuchenne.pl\/sklep\/product\/szafka-dolna-bdst-2pl-szer-60-90-cm-2-szuflady-blum-gleboka-kammono\/","og_site_name":"MebleKuchenne.PL - SKLEP","article_modified_time":"2026-04-01T11:25:54+00:00","og_image":[{"width":1600,"height":1080,"url":"https:\/\/meblekuchenne.pl\/sklep\/wp-content\/uploads\/2025\/02\/dss70-2pl-1.webp","type":"image\/webp"}],"twitter_card":"summary_large_image","twitter_misc":{"Dost\u0119pno\u015b\u0107":"Dost\u0119pny"},"schema":{"@context":"https:\/\/schema.org","@graph":[{"@type":"WebPage","@id":"https:\/\/meblekuchenne.pl\/sklep\/product\/szafka-dolna-bdst-2pl-szer-60-90-cm-2-szuflady-blum-gleboka-kammono\/","url":"https:\/\/meblekuchenne.pl\/sklep\/product\/szafka-dolna-bdst-2pl-szer-60-90-cm-2-szuflady-blum-gleboka-kammono\/","name":"Szafka dolna g\u0142\u0119boka BDST..\/2P\u0141 - 2 szuflady Blum","isPartOf":{"@id":"https:\/\/meblekuchenne.pl\/sklep\/#website"},"primaryImageOfPage":{"@id":"https:\/\/meblekuchenne.pl\/sklep\/product\/szafka-dolna-bdst-2pl-szer-60-90-cm-2-szuflady-blum-gleboka-kammono\/#primaryimage"},"image":{"@id":"https:\/\/meblekuchenne.pl\/sklep\/product\/szafka-dolna-bdst-2pl-szer-60-90-cm-2-szuflady-blum-gleboka-kammono\/#primaryimage"},"thumbnailUrl":"https:\/\/meblekuchenne.pl\/sklep\/wp-content\/uploads\/2025\/02\/dss70-2pl-1.webp","datePublished":"2025-02-21T17:46:31+00:00","dateModified":"2026-04-01T11:25:54+00:00","description":"Szafka dolna g\u0142\u0119boka BDST..\/2P\u0141 - 2 szuflady Blum o nowoczesne, estetyczne i funkcjonalne rozwi\u0105zanie do ka\u017cdej kuchni, oferuj\u0105ce dwie g\u0142\u0119bokie szuflady.","breadcrumb":{"@id":"https:\/\/meblekuchenne.pl\/sklep\/product\/szafka-dolna-bdst-2pl-szer-60-90-cm-2-szuflady-blum-gleboka-kammono\/#breadcrumb"},"inLanguage":"pl-PL","potentialAction":[{"@type":"ReadAction","target":["https:\/\/meblekuchenne.pl\/sklep\/product\/szafka-dolna-bdst-2pl-szer-60-90-cm-2-szuflady-blum-gleboka-kammono\/"]}]},{"@type":"ImageObject","inLanguage":"pl-PL","@id":"https:\/\/meblekuchenne.pl\/sklep\/product\/szafka-dolna-bdst-2pl-szer-60-90-cm-2-szuflady-blum-gleboka-kammono\/#primaryimage","url":"https:\/\/meblekuchenne.pl\/sklep\/wp-content\/uploads\/2025\/02\/dss70-2pl-1.webp","contentUrl":"https:\/\/meblekuchenne.pl\/sklep\/wp-content\/uploads\/2025\/02\/dss70-2pl-1.webp","width":1600,"height":1080},{"@type":"BreadcrumbList","@id":"https:\/\/meblekuchenne.pl\/sklep\/product\/szafka-dolna-bdst-2pl-szer-60-90-cm-2-szuflady-blum-gleboka-kammono\/#breadcrumb","itemListElement":[{"@type":"ListItem","position":1,"name":"Strona g\u0142\u00f3wna","item":"https:\/\/meblekuchenne.pl\/sklep\/"},{"@type":"ListItem","position":2,"name":"Sklep","item":"https:\/\/meblekuchenne.pl\/sklep\/sklep\/"},{"@type":"ListItem","position":3,"name":"Szafka dolna BDST..\/2P\u0141 \u2013 szer. 60-90 cm \u2013 2 szuflady Blum \u2013 g\u0142\u0119boka KamMono"}]},{"@type":"WebSite","@id":"https:\/\/meblekuchenne.pl\/sklep\/#website","url":"https:\/\/meblekuchenne.pl\/sklep\/","name":"MebleKuchenne.PL - SKLEP","description":"","publisher":{"@id":"https:\/\/meblekuchenne.pl\/sklep\/#organization"},"potentialAction":[{"@type":"SearchAction","target":{"@type":"EntryPoint","urlTemplate":"https:\/\/meblekuchenne.pl\/sklep\/?s={search_term_string}"},"query-input":{"@type":"PropertyValueSpecification","valueRequired":true,"valueName":"search_term_string"}}],"inLanguage":"pl-PL"},{"@type":"Organization","@id":"https:\/\/meblekuchenne.pl\/sklep\/#organization","name":"MebleKuchenne.PL - SKLEP","url":"https:\/\/meblekuchenne.pl\/sklep\/","logo":{"@type":"ImageObject","inLanguage":"pl-PL","@id":"https:\/\/meblekuchenne.pl\/sklep\/#\/schema\/logo\/image\/","url":"https:\/\/meblekuchenne.pl\/sklep\/wp-content\/uploads\/2025\/06\/cropped-cropped-logo.webp","contentUrl":"https:\/\/meblekuchenne.pl\/sklep\/wp-content\/uploads\/2025\/06\/cropped-cropped-logo.webp","width":735,"height":715,"caption":"MebleKuchenne.PL - SKLEP"},"image":{"@id":"https:\/\/meblekuchenne.pl\/sklep\/#\/schema\/logo\/image\/"}}]},"og_availability":"instock","product_availability":"instock","product_retailer_item_id":"BDST\/2P\u0141","product_condition":"new"},"_links":{"self":[{"href":"https:\/\/meblekuchenne.pl\/sklep\/wp-json\/wp\/v2\/product\/44483","targetHints":{"allow":["GET"]}}],"collection":[{"href":"https:\/\/meblekuchenne.pl\/sklep\/wp-json\/wp\/v2\/product"}],"about":[{"href":"https:\/\/meblekuchenne.pl\/sklep\/wp-json\/wp\/v2\/types\/product"}],"wp:featuredmedia":[{"embeddable":true,"href":"https:\/\/meblekuchenne.pl\/sklep\/wp-json\/wp\/v2\/media\/59882"}],"wp:attachment":[{"href":"https:\/\/meblekuchenne.pl\/sklep\/wp-json\/wp\/v2\/media?parent=44483"}],"wp:term":[{"taxonomy":"product_brand","embeddable":true,"href":"https:\/\/meblekuchenne.pl\/sklep\/wp-json\/wp\/v2\/product_brand?post=44483"},{"taxonomy":"product_cat","embeddable":true,"href":"https:\/\/meblekuchenne.pl\/sklep\/wp-json\/wp\/v2\/product_cat?post=44483"},{"taxonomy":"product_tag","embeddable":true,"href":"https:\/\/meblekuchenne.pl\/sklep\/wp-json\/wp\/v2\/product_tag?post=44483"}],"curies":[{"name":"wp","href":"https:\/\/api.w.org\/{rel}","templated":true}]}}