{"id":44213,"date":"2025-02-21T18:43:34","date_gmt":"2025-02-21T17:43:34","guid":{"rendered":"https:\/\/meblekuchenne.pl\/sklep\/?post_type=product&#038;p=44213"},"modified":"2026-04-01T13:25:55","modified_gmt":"2026-04-01T11:25:55","slug":"szafka-dolna-bdst-3-szer-40-90-cm-3-szuflady-blum-gleboka-kammono","status":"publish","type":"product","link":"https:\/\/meblekuchenne.pl\/sklep\/product\/szafka-dolna-bdst-3-szer-40-90-cm-3-szuflady-blum-gleboka-kammono\/","title":{"rendered":"Szafka dolna BDST..\/3 \u2013 szer.40-90 cm \u2013 3 szuflady Blum \u2013 g\u0142\u0119boka KamMono"},"content":{"rendered":"<h2 data-pm-slice=\"1 1 []\">Szafka dolna g\u0142\u0119boka BDST..\/3 szer. 40 &#8211; 90 cm &#8211; 3 szuflady Blum &#8211; kuchnia KamMono<\/h2>\n<p>Szafka dolna &#8211; szer. 40, 45, 50, 55, 60, 65, 70, 75, 80, 85, 90 cm, wys. 71 cm, g\u0142. 58 cm<\/p>\n<p>Szafka dolna BDST..\/3 z kolekcji kuchni KamMono to idealne rozwi\u0105zanie dla os\u00f3b ceni\u0105cych nowoczesny design, funkcjonalno\u015b\u0107 oraz wysok\u0105 jako\u015b\u0107 wykonania. Wyposa\u017cona w trzy pojemne szuflady Blum z systemem cichego domykania, zapewnia maksymaln\u0105 wygod\u0119 u\u017cytkowania oraz komfort codziennego korzystania z kuchni. Dzi\u0119ki szerokiemu wyborowi rozmiar\u00f3w \u2013 od 40 do 90 cm \u2013 szafka \u015bwietnie dopasowuje si\u0119 do r\u00f3\u017cnorodnych aran\u017cacji wn\u0119trz, oferuj\u0105c praktyczne rozwi\u0105zania do ka\u017cdej kuchni Kam.<\/p>\n<h3>Dost\u0119pne szeroko\u015bci szafki dolnej\u00a0BDST..\/3 KamMono<\/h3>\n<ul data-spread=\"false\">\n<li>40 cm<\/li>\n<li>45 cm<\/li>\n<li>50 cm<\/li>\n<li>55 cm<\/li>\n<li>60 cm<\/li>\n<li>65 cm<\/li>\n<li>70 cm<\/li>\n<li>75 cm<\/li>\n<li>80 cm<\/li>\n<li>85 cm<\/li>\n<li>90 cm<\/li>\n<\/ul>\n<h2>Najwa\u017cniejsze cechy:<\/h2>\n<ul data-spread=\"false\">\n<li><strong>Pojemno\u015b\u0107 i funkcjonalno\u015b\u0107<\/strong> \u2013 trzy przestronne szuflady Blum pozwalaj\u0105 na wygodne przechowywanie r\u00f3\u017cnorodnych akcesori\u00f3w kuchennych, od sztu\u0107c\u00f3w po wi\u0119ksze naczynia.<\/li>\n<li><strong>System cichego domykania<\/strong> \u2013 nowoczesne prowadnice Blum gwarantuj\u0105 p\u0142ynne i bezg\u0142o\u015bne zamykanie szuflad, co zwi\u0119ksza komfort u\u017cytkowania.<\/li>\n<li><strong>Trwa\u0142a i solidna konstrukcja<\/strong> \u2013 odporno\u015b\u0107 na wilgo\u0107 oraz wysokiej jako\u015bci materia\u0142y zapewniaj\u0105 d\u0142ugowieczno\u015b\u0107, nawet w intensywnie eksploatowanych kuchniach KamMono.<\/li>\n<li><strong>Regulowane n\u00f3\u017cki<\/strong> \u2013 mo\u017cliwo\u015b\u0107 wyboru wysoko\u015bci 10 lub 15 cm pozwala dopasowa\u0107 szafk\u0119 do r\u00f3\u017cnych wysoko\u015bci blat\u00f3w.<\/li>\n<li><strong>R\u00f3\u017cnorodno\u015b\u0107 kolor\u00f3w i wyko\u0144cze\u0144<\/strong> \u2013 szeroka gama dost\u0119pnych wariant\u00f3w umo\u017cliwia idealne dopasowanie do stylu kuchni KamMono.<\/li>\n<\/ul>\n<h3>Specyfikacja szafki dolnej BDST..\/3:<\/h3>\n<ul data-spread=\"false\">\n<li><strong>G\u0142\u0119boko\u015b\u0107 z frontem:<\/strong> 58 cm<\/li>\n<li><strong>Wysoko\u015b\u0107 z n\u00f3\u017ckami 10 cm:<\/strong> 82 cm<\/li>\n<li><strong>Korpus:<\/strong> p\u0142yta laminowana 16 mm (dost\u0119pne r\u00f3\u017cne kolory)<\/li>\n<li><strong>Grubo\u015b\u0107 frontu:<\/strong> od 16 do 19 mm (w zale\u017cno\u015bci od wybranej kolekcji)<\/li>\n<li><strong>Uchwyty:<\/strong> mo\u017cliwo\u015b\u0107 wyboru spo\u015br\u00f3d r\u00f3\u017cnych wariant\u00f3w<\/li>\n<li><strong>Monta\u017c:<\/strong> szafka przeznaczona do samodzielnego monta\u017cu, komplet zawiera instrukcj\u0119 oraz wszystkie niezb\u0119dne elementy<\/li>\n<\/ul>\n<h3>Dlaczego warto wybra\u0107 szafk\u0119 doln\u0105 BDST..\/3 do kuchni KamMono?<\/h3>\n<p>Szafka dolna BDST..\/3 to doskona\u0142e po\u0142\u0105czenie estetyki i praktyczno\u015bci, kt\u00f3re sprawdzi si\u0119 zar\u00f3wno w nowoczesnych, jak i klasycznych aran\u017cacjach kuchni Kam. Dzi\u0119ki trzem pojemnym szufladom Blum mo\u017cna w \u0142atwy spos\u00f3b utrzyma\u0107 porz\u0105dek, a cichy domyk zapewnia wygod\u0119 i trwa\u0142o\u015b\u0107 na lata. Regulowane n\u00f3\u017cki oraz szeroki wyb\u00f3r rozmiar\u00f3w sprawiaj\u0105, \u017ce szafka \u015bwietnie dopasuje si\u0119 do ka\u017cdego wn\u0119trza, oferuj\u0105c optymalne zagospodarowanie przestrzeni kuchennej.<\/p>\n<h3>Zastosowanie i styl<\/h3>\n<p>Szafka dolna g\u0142\u0119boka BDST..\/3 szer. 40 &#8211; 90 cm to uniwersalne rozwi\u0105zanie, kt\u00f3re doskonale komponuje si\u0119 z r\u00f3\u017cnymi blatami \u2013 drewnianymi, kamiennymi czy laminowanymi. Jej nowoczesny design i funkcjonalno\u015b\u0107 sprawiaj\u0105, \u017ce stanowi nieodzowny element ka\u017cdej kuchni KamMono, podnosz\u0105c komfort u\u017cytkowania i nadaj\u0105c wn\u0119trzu elegancki wygl\u0105d. Wybieraj\u0105c t\u0119 szafk\u0119, zyskujesz nie tylko estetyk\u0119, ale tak\u017ce wygod\u0119 i trwa\u0142o\u015b\u0107, kt\u00f3re s\u0105 kluczowe w ka\u017cdej nowoczesnej kuchni Kam.<\/p>\n","protected":false},"excerpt":{"rendered":"<p>Szafka dolna BDST..\/3 z kolekcji KamMono to po\u0142\u0105czenie nowoczesnego designu i funkcjonalno\u015bci. Wyposa\u017cona w 3 szuflady Blum z cichym domykiem, zapewnia komfort u\u017cytkowania i idealne dopasowanie do r\u00f3\u017cnych kuchni.<\/p>\n","protected":false},"featured_media":59884,"template":"","meta":[],"product_brand":[710],"product_cat":[773,794,454,468,481],"product_tag":[],"class_list":{"0":"post-44213","1":"product","2":"type-product","3":"status-publish","4":"has-post-thumbnail","6":"product_brand-meble-kam","7":"product_cat-szafki-kuchenne-stojace-ogolne","8":"product_cat-z-szufladami-sklep-szafki-kuchenne-stojace-ogolne","9":"product_cat-meble-kam-mono","10":"product_cat-szafka-kuchenna-stojaca","11":"product_cat-szafki-dolne-bd-glebokosc-58-cm","12":"product_shipping_class-szafka-dolna-kam","13":"pa_front-f10","14":"pa_front-f11","15":"pa_front-f4","16":"pa_front-f6","17":"pa_front-f7","18":"pa_front-f8","19":"pa_front-fg2","20":"pa_front-k2","21":"pa_front-kc2","22":"pa_front-kc4","23":"pa_front-l4-mat","24":"pa_front-l4-polysk","25":"pa_front-m4","26":"pa_front-os_2","27":"pa_front-os_2black","28":"pa_front-p00","29":"pa_front-p2","30":"pa_front-p4","31":"pa_rozmiar-40-cm","32":"pa_rozmiar-45-cm","33":"pa_rozmiar-50-cm","34":"pa_rozmiar-55-cm","35":"pa_rozmiar-60-cm","36":"pa_rozmiar-65-cm","37":"pa_rozmiar-70-cm","38":"pa_rozmiar-75-cm","39":"pa_rozmiar-80-cm","40":"pa_rozmiar-85-cm","41":"pa_rozmiar-90-cm","43":"first","44":"instock","45":"shipping-taxable","46":"purchasable","47":"product-type-variable"},"yoast_head":"<!-- This site is optimized with the Yoast SEO Premium plugin v25.0 (Yoast SEO v25.0) - https:\/\/yoast.com\/wordpress\/plugins\/seo\/ -->\n<title>Szafka dolna g\u0142\u0119boka BDST..\/3 szer. 40 - 90 cm<\/title>\n<meta name=\"description\" content=\"Szafka dolna g\u0142\u0119boka BDST..\/3 szer. 40 - 90 cm - 3 szuflady Blum - po\u0142\u0105czenie nowoczesnego designu i funkcjonalno\u015bci, zapewnia komfort u\u017cytkowania.\" \/>\n<meta name=\"robots\" content=\"index, follow, max-snippet:-1, max-image-preview:large, max-video-preview:-1\" \/>\n<link rel=\"canonical\" href=\"https:\/\/meblekuchenne.pl\/sklep\/product\/szafka-dolna-bdst-3-szer-40-90-cm-3-szuflady-blum-gleboka-kammono\/\" \/>\n<meta property=\"og:locale\" content=\"pl_PL\" \/>\n<meta property=\"og:type\" content=\"article\" \/>\n<meta property=\"og:title\" content=\"Szafka dolna BDST..\/3 \u2013 szer.40-90 cm \u2013 3 szuflady Blum \u2013 g\u0142\u0119boka KamMono\" \/>\n<meta property=\"og:description\" content=\"Szafka dolna g\u0142\u0119boka BDST..\/3 szer. 40 - 90 cm - 3 szuflady Blum - po\u0142\u0105czenie nowoczesnego designu i funkcjonalno\u015bci, zapewnia komfort u\u017cytkowania.\" \/>\n<meta property=\"og:url\" content=\"https:\/\/meblekuchenne.pl\/sklep\/product\/szafka-dolna-bdst-3-szer-40-90-cm-3-szuflady-blum-gleboka-kammono\/\" \/>\n<meta property=\"og:site_name\" content=\"MebleKuchenne.PL - SKLEP\" \/>\n<meta property=\"article:modified_time\" content=\"2026-04-01T11:25:55+00:00\" \/>\n<meta property=\"og:image\" content=\"https:\/\/meblekuchenne.pl\/sklep\/wp-content\/uploads\/2025\/02\/ds45-3.webp\" \/>\n\t<meta property=\"og:image:width\" content=\"1600\" \/>\n\t<meta property=\"og:image:height\" content=\"1080\" \/>\n\t<meta property=\"og:image:type\" content=\"image\/webp\" \/>\n<meta name=\"twitter:card\" content=\"summary_large_image\" \/>\n<meta name=\"twitter:label1\" content=\"Dost\u0119pno\u015b\u0107\" \/>\n\t<meta name=\"twitter:data1\" content=\"Dost\u0119pny\" \/>\n<script type=\"application\/ld+json\" class=\"yoast-schema-graph\">{\"@context\":\"https:\/\/schema.org\",\"@graph\":[{\"@type\":\"WebPage\",\"@id\":\"https:\/\/meblekuchenne.pl\/sklep\/product\/szafka-dolna-bdst-3-szer-40-90-cm-3-szuflady-blum-gleboka-kammono\/\",\"url\":\"https:\/\/meblekuchenne.pl\/sklep\/product\/szafka-dolna-bdst-3-szer-40-90-cm-3-szuflady-blum-gleboka-kammono\/\",\"name\":\"Szafka dolna g\u0142\u0119boka BDST..\/3 szer. 40 - 90 cm\",\"isPartOf\":{\"@id\":\"https:\/\/meblekuchenne.pl\/sklep\/#website\"},\"primaryImageOfPage\":{\"@id\":\"https:\/\/meblekuchenne.pl\/sklep\/product\/szafka-dolna-bdst-3-szer-40-90-cm-3-szuflady-blum-gleboka-kammono\/#primaryimage\"},\"image\":{\"@id\":\"https:\/\/meblekuchenne.pl\/sklep\/product\/szafka-dolna-bdst-3-szer-40-90-cm-3-szuflady-blum-gleboka-kammono\/#primaryimage\"},\"thumbnailUrl\":\"https:\/\/meblekuchenne.pl\/sklep\/wp-content\/uploads\/2025\/02\/ds45-3.webp\",\"datePublished\":\"2025-02-21T17:43:34+00:00\",\"dateModified\":\"2026-04-01T11:25:55+00:00\",\"description\":\"Szafka dolna g\u0142\u0119boka BDST..\/3 szer. 40 - 90 cm - 3 szuflady Blum - po\u0142\u0105czenie nowoczesnego designu i funkcjonalno\u015bci, zapewnia komfort u\u017cytkowania.\",\"breadcrumb\":{\"@id\":\"https:\/\/meblekuchenne.pl\/sklep\/product\/szafka-dolna-bdst-3-szer-40-90-cm-3-szuflady-blum-gleboka-kammono\/#breadcrumb\"},\"inLanguage\":\"pl-PL\",\"potentialAction\":[{\"@type\":\"ReadAction\",\"target\":[\"https:\/\/meblekuchenne.pl\/sklep\/product\/szafka-dolna-bdst-3-szer-40-90-cm-3-szuflady-blum-gleboka-kammono\/\"]}]},{\"@type\":\"ImageObject\",\"inLanguage\":\"pl-PL\",\"@id\":\"https:\/\/meblekuchenne.pl\/sklep\/product\/szafka-dolna-bdst-3-szer-40-90-cm-3-szuflady-blum-gleboka-kammono\/#primaryimage\",\"url\":\"https:\/\/meblekuchenne.pl\/sklep\/wp-content\/uploads\/2025\/02\/ds45-3.webp\",\"contentUrl\":\"https:\/\/meblekuchenne.pl\/sklep\/wp-content\/uploads\/2025\/02\/ds45-3.webp\",\"width\":1600,\"height\":1080},{\"@type\":\"BreadcrumbList\",\"@id\":\"https:\/\/meblekuchenne.pl\/sklep\/product\/szafka-dolna-bdst-3-szer-40-90-cm-3-szuflady-blum-gleboka-kammono\/#breadcrumb\",\"itemListElement\":[{\"@type\":\"ListItem\",\"position\":1,\"name\":\"Strona g\u0142\u00f3wna\",\"item\":\"https:\/\/meblekuchenne.pl\/sklep\/\"},{\"@type\":\"ListItem\",\"position\":2,\"name\":\"Sklep\",\"item\":\"https:\/\/meblekuchenne.pl\/sklep\/sklep\/\"},{\"@type\":\"ListItem\",\"position\":3,\"name\":\"Szafka dolna BDST..\/3 \u2013 szer.40-90 cm \u2013 3 szuflady Blum \u2013 g\u0142\u0119boka KamMono\"}]},{\"@type\":\"WebSite\",\"@id\":\"https:\/\/meblekuchenne.pl\/sklep\/#website\",\"url\":\"https:\/\/meblekuchenne.pl\/sklep\/\",\"name\":\"MebleKuchenne.PL - SKLEP\",\"description\":\"\",\"publisher\":{\"@id\":\"https:\/\/meblekuchenne.pl\/sklep\/#organization\"},\"potentialAction\":[{\"@type\":\"SearchAction\",\"target\":{\"@type\":\"EntryPoint\",\"urlTemplate\":\"https:\/\/meblekuchenne.pl\/sklep\/?s={search_term_string}\"},\"query-input\":{\"@type\":\"PropertyValueSpecification\",\"valueRequired\":true,\"valueName\":\"search_term_string\"}}],\"inLanguage\":\"pl-PL\"},{\"@type\":\"Organization\",\"@id\":\"https:\/\/meblekuchenne.pl\/sklep\/#organization\",\"name\":\"MebleKuchenne.PL - SKLEP\",\"url\":\"https:\/\/meblekuchenne.pl\/sklep\/\",\"logo\":{\"@type\":\"ImageObject\",\"inLanguage\":\"pl-PL\",\"@id\":\"https:\/\/meblekuchenne.pl\/sklep\/#\/schema\/logo\/image\/\",\"url\":\"https:\/\/meblekuchenne.pl\/sklep\/wp-content\/uploads\/2025\/06\/cropped-cropped-logo.webp\",\"contentUrl\":\"https:\/\/meblekuchenne.pl\/sklep\/wp-content\/uploads\/2025\/06\/cropped-cropped-logo.webp\",\"width\":735,\"height\":715,\"caption\":\"MebleKuchenne.PL - SKLEP\"},\"image\":{\"@id\":\"https:\/\/meblekuchenne.pl\/sklep\/#\/schema\/logo\/image\/\"}}]}<\/script>\n<meta property=\"og:availability\" content=\"instock\" \/>\n<meta property=\"product:availability\" content=\"instock\" \/>\n<meta property=\"product:retailer_item_id\" content=\"BDST\/3\" \/>\n<meta property=\"product:condition\" content=\"new\" \/>\n<!-- \/ Yoast SEO Premium plugin. -->","yoast_head_json":{"title":"Szafka dolna g\u0142\u0119boka BDST..\/3 szer. 40 - 90 cm","description":"Szafka dolna g\u0142\u0119boka BDST..\/3 szer. 40 - 90 cm - 3 szuflady Blum - po\u0142\u0105czenie nowoczesnego designu i funkcjonalno\u015bci, zapewnia komfort u\u017cytkowania.","robots":{"index":"index","follow":"follow","max-snippet":"max-snippet:-1","max-image-preview":"max-image-preview:large","max-video-preview":"max-video-preview:-1"},"canonical":"https:\/\/meblekuchenne.pl\/sklep\/product\/szafka-dolna-bdst-3-szer-40-90-cm-3-szuflady-blum-gleboka-kammono\/","og_locale":"pl_PL","og_type":"article","og_title":"Szafka dolna BDST..\/3 \u2013 szer.40-90 cm \u2013 3 szuflady Blum \u2013 g\u0142\u0119boka KamMono","og_description":"Szafka dolna g\u0142\u0119boka BDST..\/3 szer. 40 - 90 cm - 3 szuflady Blum - po\u0142\u0105czenie nowoczesnego designu i funkcjonalno\u015bci, zapewnia komfort u\u017cytkowania.","og_url":"https:\/\/meblekuchenne.pl\/sklep\/product\/szafka-dolna-bdst-3-szer-40-90-cm-3-szuflady-blum-gleboka-kammono\/","og_site_name":"MebleKuchenne.PL - SKLEP","article_modified_time":"2026-04-01T11:25:55+00:00","og_image":[{"width":1600,"height":1080,"url":"https:\/\/meblekuchenne.pl\/sklep\/wp-content\/uploads\/2025\/02\/ds45-3.webp","type":"image\/webp"}],"twitter_card":"summary_large_image","twitter_misc":{"Dost\u0119pno\u015b\u0107":"Dost\u0119pny"},"schema":{"@context":"https:\/\/schema.org","@graph":[{"@type":"WebPage","@id":"https:\/\/meblekuchenne.pl\/sklep\/product\/szafka-dolna-bdst-3-szer-40-90-cm-3-szuflady-blum-gleboka-kammono\/","url":"https:\/\/meblekuchenne.pl\/sklep\/product\/szafka-dolna-bdst-3-szer-40-90-cm-3-szuflady-blum-gleboka-kammono\/","name":"Szafka dolna g\u0142\u0119boka BDST..\/3 szer. 40 - 90 cm","isPartOf":{"@id":"https:\/\/meblekuchenne.pl\/sklep\/#website"},"primaryImageOfPage":{"@id":"https:\/\/meblekuchenne.pl\/sklep\/product\/szafka-dolna-bdst-3-szer-40-90-cm-3-szuflady-blum-gleboka-kammono\/#primaryimage"},"image":{"@id":"https:\/\/meblekuchenne.pl\/sklep\/product\/szafka-dolna-bdst-3-szer-40-90-cm-3-szuflady-blum-gleboka-kammono\/#primaryimage"},"thumbnailUrl":"https:\/\/meblekuchenne.pl\/sklep\/wp-content\/uploads\/2025\/02\/ds45-3.webp","datePublished":"2025-02-21T17:43:34+00:00","dateModified":"2026-04-01T11:25:55+00:00","description":"Szafka dolna g\u0142\u0119boka BDST..\/3 szer. 40 - 90 cm - 3 szuflady Blum - po\u0142\u0105czenie nowoczesnego designu i funkcjonalno\u015bci, zapewnia komfort u\u017cytkowania.","breadcrumb":{"@id":"https:\/\/meblekuchenne.pl\/sklep\/product\/szafka-dolna-bdst-3-szer-40-90-cm-3-szuflady-blum-gleboka-kammono\/#breadcrumb"},"inLanguage":"pl-PL","potentialAction":[{"@type":"ReadAction","target":["https:\/\/meblekuchenne.pl\/sklep\/product\/szafka-dolna-bdst-3-szer-40-90-cm-3-szuflady-blum-gleboka-kammono\/"]}]},{"@type":"ImageObject","inLanguage":"pl-PL","@id":"https:\/\/meblekuchenne.pl\/sklep\/product\/szafka-dolna-bdst-3-szer-40-90-cm-3-szuflady-blum-gleboka-kammono\/#primaryimage","url":"https:\/\/meblekuchenne.pl\/sklep\/wp-content\/uploads\/2025\/02\/ds45-3.webp","contentUrl":"https:\/\/meblekuchenne.pl\/sklep\/wp-content\/uploads\/2025\/02\/ds45-3.webp","width":1600,"height":1080},{"@type":"BreadcrumbList","@id":"https:\/\/meblekuchenne.pl\/sklep\/product\/szafka-dolna-bdst-3-szer-40-90-cm-3-szuflady-blum-gleboka-kammono\/#breadcrumb","itemListElement":[{"@type":"ListItem","position":1,"name":"Strona g\u0142\u00f3wna","item":"https:\/\/meblekuchenne.pl\/sklep\/"},{"@type":"ListItem","position":2,"name":"Sklep","item":"https:\/\/meblekuchenne.pl\/sklep\/sklep\/"},{"@type":"ListItem","position":3,"name":"Szafka dolna BDST..\/3 \u2013 szer.40-90 cm \u2013 3 szuflady Blum \u2013 g\u0142\u0119boka KamMono"}]},{"@type":"WebSite","@id":"https:\/\/meblekuchenne.pl\/sklep\/#website","url":"https:\/\/meblekuchenne.pl\/sklep\/","name":"MebleKuchenne.PL - SKLEP","description":"","publisher":{"@id":"https:\/\/meblekuchenne.pl\/sklep\/#organization"},"potentialAction":[{"@type":"SearchAction","target":{"@type":"EntryPoint","urlTemplate":"https:\/\/meblekuchenne.pl\/sklep\/?s={search_term_string}"},"query-input":{"@type":"PropertyValueSpecification","valueRequired":true,"valueName":"search_term_string"}}],"inLanguage":"pl-PL"},{"@type":"Organization","@id":"https:\/\/meblekuchenne.pl\/sklep\/#organization","name":"MebleKuchenne.PL - SKLEP","url":"https:\/\/meblekuchenne.pl\/sklep\/","logo":{"@type":"ImageObject","inLanguage":"pl-PL","@id":"https:\/\/meblekuchenne.pl\/sklep\/#\/schema\/logo\/image\/","url":"https:\/\/meblekuchenne.pl\/sklep\/wp-content\/uploads\/2025\/06\/cropped-cropped-logo.webp","contentUrl":"https:\/\/meblekuchenne.pl\/sklep\/wp-content\/uploads\/2025\/06\/cropped-cropped-logo.webp","width":735,"height":715,"caption":"MebleKuchenne.PL - SKLEP"},"image":{"@id":"https:\/\/meblekuchenne.pl\/sklep\/#\/schema\/logo\/image\/"}}]},"og_availability":"instock","product_availability":"instock","product_retailer_item_id":"BDST\/3","product_condition":"new"},"_links":{"self":[{"href":"https:\/\/meblekuchenne.pl\/sklep\/wp-json\/wp\/v2\/product\/44213","targetHints":{"allow":["GET"]}}],"collection":[{"href":"https:\/\/meblekuchenne.pl\/sklep\/wp-json\/wp\/v2\/product"}],"about":[{"href":"https:\/\/meblekuchenne.pl\/sklep\/wp-json\/wp\/v2\/types\/product"}],"wp:featuredmedia":[{"embeddable":true,"href":"https:\/\/meblekuchenne.pl\/sklep\/wp-json\/wp\/v2\/media\/59884"}],"wp:attachment":[{"href":"https:\/\/meblekuchenne.pl\/sklep\/wp-json\/wp\/v2\/media?parent=44213"}],"wp:term":[{"taxonomy":"product_brand","embeddable":true,"href":"https:\/\/meblekuchenne.pl\/sklep\/wp-json\/wp\/v2\/product_brand?post=44213"},{"taxonomy":"product_cat","embeddable":true,"href":"https:\/\/meblekuchenne.pl\/sklep\/wp-json\/wp\/v2\/product_cat?post=44213"},{"taxonomy":"product_tag","embeddable":true,"href":"https:\/\/meblekuchenne.pl\/sklep\/wp-json\/wp\/v2\/product_tag?post=44213"}],"curies":[{"name":"wp","href":"https:\/\/api.w.org\/{rel}","templated":true}]}}