{"id":43704,"date":"2025-02-21T18:37:49","date_gmt":"2025-02-21T17:37:49","guid":{"rendered":"https:\/\/meblekuchenne.pl\/sklep\/?post_type=product&#038;p=43704"},"modified":"2026-04-01T13:30:38","modified_gmt":"2026-04-01T11:30:38","slug":"szafka-dolna-bdc-z-koszem-cargo-szer-15-30-cm-gleboka-kammono","status":"publish","type":"product","link":"https:\/\/meblekuchenne.pl\/sklep\/product\/szafka-dolna-bdc-z-koszem-cargo-szer-15-30-cm-gleboka-kammono\/","title":{"rendered":"Szafka dolna BDC\u2026 \u2013 z koszem cargo szer. 15-30 cm \u2013 g\u0142\u0119boka KamMono"},"content":{"rendered":"<h2 data-start=\"0\" data-end=\"63\"><strong data-start=\"4\" data-end=\"61\">Szafka dolna BDC\u2026 \u2013 z koszem cargo | KAMMONO<\/strong><\/h2>\n<p>Szafka cargo &#8211; szer. 15, 20, 30 cm, wys. 71 cm, g\u0142. 58 cm<\/p>\n<h3 data-start=\"65\" data-end=\"119\"><strong data-start=\"70\" data-end=\"117\">Funkcjonalno\u015b\u0107 i wygoda w Twojej kuchni KAM<\/strong><\/h3>\n<p class=\"\" data-start=\"121\" data-end=\"479\">Szafka dolna <strong data-start=\"134\" data-end=\"142\">BDC\u2026<\/strong> z <strong data-start=\"145\" data-end=\"161\">koszem cargo<\/strong> to idealne rozwi\u0105zanie do optymalnego zagospodarowania przestrzeni w kuchni KAM. Dost\u0119pna w szeroko\u015bciach od <strong data-start=\"271\" data-end=\"289\">15 cm do 30 cm<\/strong>, pozwala na przechowywanie przypraw, butelek czy akcesori\u00f3w kuchennych w \u0142atwo dost\u0119pny spos\u00f3b. <strong data-start=\"386\" data-end=\"404\">System KAMMONO<\/strong> zapewnia szybki monta\u017c i pe\u0142n\u0105 kompatybilno\u015b\u0107 z pozosta\u0142ymi meblami KAM.<\/p>\n<h3><strong data-start=\"490\" data-end=\"525\">Najwa\u017cniejsze cechy szafki BDC\u2026<\/strong><\/h3>\n<ul>\n<li data-start=\"529\" data-end=\"1115\"><strong data-start=\"531\" data-end=\"555\">Dost\u0119pne szeroko\u015bci:<\/strong> 15 cm, 20 cm, , 30 cm \u2013 idealne do w\u0105skich przestrzeni.<\/li>\n<li data-start=\"529\" data-end=\"1115\"><strong data-start=\"621\" data-end=\"635\">G\u0142\u0119boko\u015b\u0107:<\/strong> 58 cm \u2013 funkcjonalne zagospodarowanie miejsca.<\/li>\n<li data-start=\"529\" data-end=\"1115\"><strong data-start=\"691\" data-end=\"712\">Wysoko\u015b\u0107 korpusu:<\/strong> 71 cm \u2013 standard dla systemu KAMMONO.<\/li>\n<li data-start=\"529\" data-end=\"1115\"><strong data-start=\"755\" data-end=\"775\">N\u00f3\u017cki do wyboru:<\/strong> 10 cm lub 15 cm \u2013 mo\u017cliwo\u015b\u0107 dopasowania wysoko\u015bci szafki do blatu kuchennego.<\/li>\n<li data-start=\"529\" data-end=\"1115\"><strong data-start=\"858\" data-end=\"872\">Kosz cargo<\/strong> \u2013 wysuwany mechanizm pozwala na \u0142atwy dost\u0119p do przechowywanych produkt\u00f3w.<\/li>\n<li data-start=\"529\" data-end=\"1115\"><strong data-start=\"952\" data-end=\"977\">System cichego domyku<\/strong> \u2013 komfortowe u\u017cytkowanie i brak trzaskania.<\/li>\n<li data-start=\"529\" data-end=\"1115\"><strong data-start=\"1026\" data-end=\"1052\">R\u00f3\u017cne fronty do wyboru<\/strong> \u2013 mo\u017cliwo\u015b\u0107 dostosowania wygl\u0105du szafki do stylu kuchni KAM.<\/li>\n<\/ul>\n<h3 class=\"\" data-start=\"1122\" data-end=\"1172\"><strong data-start=\"1126\" data-end=\"1170\">Dlaczego warto wybra\u0107 szafk\u0119 doln\u0105 BDC\u2026?<\/strong><\/h3>\n<ul>\n<li data-start=\"1174\" data-end=\"1792\"><strong data-start=\"1176\" data-end=\"1216\">Maksymalne wykorzystanie przestrzeni<\/strong> \u2013 idealna do przechowywania przypraw, olej\u00f3w, detergent\u00f3w czy butelek.<\/li>\n<li data-start=\"1174\" data-end=\"1792\"><strong data-start=\"1292\" data-end=\"1339\">Nowoczesne rozwi\u0105zanie do ka\u017cdej kuchni KAM<\/strong> \u2013 szafka cargo zapewnia lepsz\u0105 organizacj\u0119 i wygod\u0119 u\u017cytkowania.<\/li>\n<li data-start=\"1174\" data-end=\"1792\"><strong data-start=\"1407\" data-end=\"1446\">Kompatybilno\u015b\u0107 z innymi meblami KAM<\/strong> \u2013 system KAMMONO gwarantuje sp\u00f3jno\u015b\u0107 stylistyczn\u0105 i \u0142atwy monta\u017c.<\/li>\n<li data-start=\"1174\" data-end=\"1792\"><strong data-start=\"1517\" data-end=\"1553\">Solidna i wytrzyma\u0142a konstrukcja<\/strong> \u2013 wykonana z wysokiej jako\u015bci materia\u0142\u00f3w odpornych na wilgo\u0107 i codzienne u\u017cytkowanie.<\/li>\n<li data-start=\"1174\" data-end=\"1792\"><strong data-start=\"1644\" data-end=\"1671\">Opcja wyboru szeroko\u015bci<\/strong> \u2013 dostosowanie do indywidualnych potrzeb u\u017cytkownika.<\/li>\n<li data-start=\"1174\" data-end=\"1792\"><strong data-start=\"1730\" data-end=\"1745\">Cichy domyk<\/strong> \u2013 komfort i wygoda w codziennym u\u017cytkowaniu.<\/li>\n<\/ul>\n<h3 class=\"\" data-start=\"1799\" data-end=\"1877\"><strong data-start=\"1803\" data-end=\"1875\">Szafka cargo BDC\u2026 \u2013 idealne rozwi\u0105zanie do ma\u0142ych przestrzeni w kuchni KAM<\/strong><\/h3>\n<p class=\"\" data-start=\"1879\" data-end=\"2258\">Je\u015bli chcesz maksymalnie wykorzysta\u0107 ka\u017cdy centymetr swojej kuchni, <strong data-start=\"1947\" data-end=\"1977\">szafka BDC\u2026 z koszem cargo<\/strong> to \u015bwietne rozwi\u0105zanie. Dzi\u0119ki r\u00f3\u017cnym szeroko\u015bciom do wyboru oraz systemowi <strong data-start=\"2054\" data-end=\"2065\">KAMMONO<\/strong>, z \u0142atwo\u015bci\u0105 dopasujesz j\u0105 do swojej zabudowy. Wysokiej jako\u015bci kosz cargo zapewnia wygodne przechowywanie najpotrzebniejszych rzeczy, a mechanizm cichego domyku podnosi komfort u\u017cytkowania.<\/p>\n","protected":false},"excerpt":{"rendered":"<p>Szafka dolna <strong data-start=\"134\" data-end=\"142\">BDC\u2026<\/strong> z <strong data-start=\"145\" data-end=\"161\">koszem cargo<\/strong> to idealne rozwi\u0105zanie do optymalnego zagospodarowania przestrzeni w kuchni KAM. Dost\u0119pna w szeroko\u015bciach od <strong data-start=\"271\" data-end=\"289\">15 cm do 30 cm<\/strong>, pozwala na przechowywanie przypraw, butelek czy akcesori\u00f3w kuchennych w \u0142atwo dost\u0119pny spos\u00f3b. <strong data-start=\"386\" data-end=\"404\">System KAMMONO<\/strong> zapewnia szybki monta\u017c i pe\u0142n\u0105 kompatybilno\u015b\u0107 z pozosta\u0142ymi meblami KAM.<\/p>\n","protected":false},"featured_media":59889,"template":"","meta":[],"product_brand":[710],"product_cat":[792,773,454,468,481],"product_tag":[],"class_list":{"0":"post-43704","1":"product","2":"type-product","3":"status-publish","4":"has-post-thumbnail","6":"product_brand-meble-kam","7":"product_cat-sklep","8":"product_cat-szafki-kuchenne-stojace-ogolne","9":"product_cat-meble-kam-mono","10":"product_cat-szafka-kuchenna-stojaca","11":"product_cat-szafki-dolne-bd-glebokosc-58-cm","12":"product_shipping_class-szafka-dolna-kam","13":"pa_front-f10","14":"pa_front-f11","15":"pa_front-f4","16":"pa_front-f6","17":"pa_front-f7","18":"pa_front-f8","19":"pa_front-fg2","20":"pa_front-k2","21":"pa_front-kc2","22":"pa_front-kc4","23":"pa_front-l4-mat","24":"pa_front-l4-polysk","25":"pa_front-m4","26":"pa_front-os_2","27":"pa_front-os_2black","28":"pa_front-p00","29":"pa_front-p2","30":"pa_front-p4","31":"pa_rozmiar-15-cm","32":"pa_rozmiar-20-cm","33":"pa_rozmiar-30-cm","35":"first","36":"instock","37":"shipping-taxable","38":"purchasable","39":"product-type-variable"},"yoast_head":"<!-- This site is optimized with the Yoast SEO Premium plugin v25.0 (Yoast SEO v25.0) - https:\/\/yoast.com\/wordpress\/plugins\/seo\/ -->\n<title>Szafka dolna BDC\u2026 \u2013 z koszem cargo<\/title>\n<meta name=\"description\" content=\"Szafka dolna BDC\u2026 \u2013 z koszem cargo to idealne rozwi\u0105zanie do optymalnego zagospodarowania przestrzeni w kuchni KAM.\" \/>\n<meta name=\"robots\" content=\"index, follow, max-snippet:-1, max-image-preview:large, max-video-preview:-1\" \/>\n<link rel=\"canonical\" href=\"https:\/\/meblekuchenne.pl\/sklep\/product\/szafka-dolna-bdc-z-koszem-cargo-szer-15-30-cm-gleboka-kammono\/\" \/>\n<meta property=\"og:locale\" content=\"pl_PL\" \/>\n<meta property=\"og:type\" content=\"article\" \/>\n<meta property=\"og:title\" content=\"Szafka dolna BDC\u2026 \u2013 z koszem cargo szer. 15-30 cm \u2013 g\u0142\u0119boka KamMono\" \/>\n<meta property=\"og:description\" content=\"Szafka dolna BDC\u2026 \u2013 z koszem cargo to idealne rozwi\u0105zanie do optymalnego zagospodarowania przestrzeni w kuchni KAM.\" \/>\n<meta property=\"og:url\" content=\"https:\/\/meblekuchenne.pl\/sklep\/product\/szafka-dolna-bdc-z-koszem-cargo-szer-15-30-cm-gleboka-kammono\/\" \/>\n<meta property=\"og:site_name\" content=\"MebleKuchenne.PL - SKLEP\" \/>\n<meta property=\"article:modified_time\" content=\"2026-04-01T11:30:38+00:00\" \/>\n<meta property=\"og:image\" content=\"https:\/\/meblekuchenne.pl\/sklep\/wp-content\/uploads\/2025\/02\/dc15-2.webp\" \/>\n\t<meta property=\"og:image:width\" content=\"1600\" \/>\n\t<meta property=\"og:image:height\" content=\"1080\" \/>\n\t<meta property=\"og:image:type\" content=\"image\/webp\" \/>\n<meta name=\"twitter:card\" content=\"summary_large_image\" \/>\n<meta name=\"twitter:label1\" content=\"Dost\u0119pno\u015b\u0107\" \/>\n\t<meta name=\"twitter:data1\" content=\"Dost\u0119pny\" \/>\n<script type=\"application\/ld+json\" class=\"yoast-schema-graph\">{\"@context\":\"https:\/\/schema.org\",\"@graph\":[{\"@type\":\"WebPage\",\"@id\":\"https:\/\/meblekuchenne.pl\/sklep\/product\/szafka-dolna-bdc-z-koszem-cargo-szer-15-30-cm-gleboka-kammono\/\",\"url\":\"https:\/\/meblekuchenne.pl\/sklep\/product\/szafka-dolna-bdc-z-koszem-cargo-szer-15-30-cm-gleboka-kammono\/\",\"name\":\"Szafka dolna BDC\u2026 \u2013 z koszem cargo\",\"isPartOf\":{\"@id\":\"https:\/\/meblekuchenne.pl\/sklep\/#website\"},\"primaryImageOfPage\":{\"@id\":\"https:\/\/meblekuchenne.pl\/sklep\/product\/szafka-dolna-bdc-z-koszem-cargo-szer-15-30-cm-gleboka-kammono\/#primaryimage\"},\"image\":{\"@id\":\"https:\/\/meblekuchenne.pl\/sklep\/product\/szafka-dolna-bdc-z-koszem-cargo-szer-15-30-cm-gleboka-kammono\/#primaryimage\"},\"thumbnailUrl\":\"https:\/\/meblekuchenne.pl\/sklep\/wp-content\/uploads\/2025\/02\/dc15-2.webp\",\"datePublished\":\"2025-02-21T17:37:49+00:00\",\"dateModified\":\"2026-04-01T11:30:38+00:00\",\"description\":\"Szafka dolna BDC\u2026 \u2013 z koszem cargo to idealne rozwi\u0105zanie do optymalnego zagospodarowania przestrzeni w kuchni KAM.\",\"breadcrumb\":{\"@id\":\"https:\/\/meblekuchenne.pl\/sklep\/product\/szafka-dolna-bdc-z-koszem-cargo-szer-15-30-cm-gleboka-kammono\/#breadcrumb\"},\"inLanguage\":\"pl-PL\",\"potentialAction\":[{\"@type\":\"ReadAction\",\"target\":[\"https:\/\/meblekuchenne.pl\/sklep\/product\/szafka-dolna-bdc-z-koszem-cargo-szer-15-30-cm-gleboka-kammono\/\"]}]},{\"@type\":\"ImageObject\",\"inLanguage\":\"pl-PL\",\"@id\":\"https:\/\/meblekuchenne.pl\/sklep\/product\/szafka-dolna-bdc-z-koszem-cargo-szer-15-30-cm-gleboka-kammono\/#primaryimage\",\"url\":\"https:\/\/meblekuchenne.pl\/sklep\/wp-content\/uploads\/2025\/02\/dc15-2.webp\",\"contentUrl\":\"https:\/\/meblekuchenne.pl\/sklep\/wp-content\/uploads\/2025\/02\/dc15-2.webp\",\"width\":1600,\"height\":1080},{\"@type\":\"BreadcrumbList\",\"@id\":\"https:\/\/meblekuchenne.pl\/sklep\/product\/szafka-dolna-bdc-z-koszem-cargo-szer-15-30-cm-gleboka-kammono\/#breadcrumb\",\"itemListElement\":[{\"@type\":\"ListItem\",\"position\":1,\"name\":\"Strona g\u0142\u00f3wna\",\"item\":\"https:\/\/meblekuchenne.pl\/sklep\/\"},{\"@type\":\"ListItem\",\"position\":2,\"name\":\"Sklep\",\"item\":\"https:\/\/meblekuchenne.pl\/sklep\/sklep\/\"},{\"@type\":\"ListItem\",\"position\":3,\"name\":\"Szafka dolna BDC\u2026 \u2013 z koszem cargo szer. 15-30 cm \u2013 g\u0142\u0119boka KamMono\"}]},{\"@type\":\"WebSite\",\"@id\":\"https:\/\/meblekuchenne.pl\/sklep\/#website\",\"url\":\"https:\/\/meblekuchenne.pl\/sklep\/\",\"name\":\"MebleKuchenne.PL - SKLEP\",\"description\":\"\",\"publisher\":{\"@id\":\"https:\/\/meblekuchenne.pl\/sklep\/#organization\"},\"potentialAction\":[{\"@type\":\"SearchAction\",\"target\":{\"@type\":\"EntryPoint\",\"urlTemplate\":\"https:\/\/meblekuchenne.pl\/sklep\/?s={search_term_string}\"},\"query-input\":{\"@type\":\"PropertyValueSpecification\",\"valueRequired\":true,\"valueName\":\"search_term_string\"}}],\"inLanguage\":\"pl-PL\"},{\"@type\":\"Organization\",\"@id\":\"https:\/\/meblekuchenne.pl\/sklep\/#organization\",\"name\":\"MebleKuchenne.PL - SKLEP\",\"url\":\"https:\/\/meblekuchenne.pl\/sklep\/\",\"logo\":{\"@type\":\"ImageObject\",\"inLanguage\":\"pl-PL\",\"@id\":\"https:\/\/meblekuchenne.pl\/sklep\/#\/schema\/logo\/image\/\",\"url\":\"https:\/\/meblekuchenne.pl\/sklep\/wp-content\/uploads\/2025\/06\/cropped-cropped-logo.webp\",\"contentUrl\":\"https:\/\/meblekuchenne.pl\/sklep\/wp-content\/uploads\/2025\/06\/cropped-cropped-logo.webp\",\"width\":735,\"height\":715,\"caption\":\"MebleKuchenne.PL - SKLEP\"},\"image\":{\"@id\":\"https:\/\/meblekuchenne.pl\/sklep\/#\/schema\/logo\/image\/\"}}]}<\/script>\n<meta property=\"og:availability\" content=\"instock\" \/>\n<meta property=\"product:availability\" content=\"instock\" \/>\n<meta property=\"product:retailer_item_id\" content=\"BDC\" \/>\n<meta property=\"product:condition\" content=\"new\" \/>\n<!-- \/ Yoast SEO Premium plugin. -->","yoast_head_json":{"title":"Szafka dolna BDC\u2026 \u2013 z koszem cargo","description":"Szafka dolna BDC\u2026 \u2013 z koszem cargo to idealne rozwi\u0105zanie do optymalnego zagospodarowania przestrzeni w kuchni KAM.","robots":{"index":"index","follow":"follow","max-snippet":"max-snippet:-1","max-image-preview":"max-image-preview:large","max-video-preview":"max-video-preview:-1"},"canonical":"https:\/\/meblekuchenne.pl\/sklep\/product\/szafka-dolna-bdc-z-koszem-cargo-szer-15-30-cm-gleboka-kammono\/","og_locale":"pl_PL","og_type":"article","og_title":"Szafka dolna BDC\u2026 \u2013 z koszem cargo szer. 15-30 cm \u2013 g\u0142\u0119boka KamMono","og_description":"Szafka dolna BDC\u2026 \u2013 z koszem cargo to idealne rozwi\u0105zanie do optymalnego zagospodarowania przestrzeni w kuchni KAM.","og_url":"https:\/\/meblekuchenne.pl\/sklep\/product\/szafka-dolna-bdc-z-koszem-cargo-szer-15-30-cm-gleboka-kammono\/","og_site_name":"MebleKuchenne.PL - SKLEP","article_modified_time":"2026-04-01T11:30:38+00:00","og_image":[{"width":1600,"height":1080,"url":"https:\/\/meblekuchenne.pl\/sklep\/wp-content\/uploads\/2025\/02\/dc15-2.webp","type":"image\/webp"}],"twitter_card":"summary_large_image","twitter_misc":{"Dost\u0119pno\u015b\u0107":"Dost\u0119pny"},"schema":{"@context":"https:\/\/schema.org","@graph":[{"@type":"WebPage","@id":"https:\/\/meblekuchenne.pl\/sklep\/product\/szafka-dolna-bdc-z-koszem-cargo-szer-15-30-cm-gleboka-kammono\/","url":"https:\/\/meblekuchenne.pl\/sklep\/product\/szafka-dolna-bdc-z-koszem-cargo-szer-15-30-cm-gleboka-kammono\/","name":"Szafka dolna BDC\u2026 \u2013 z koszem cargo","isPartOf":{"@id":"https:\/\/meblekuchenne.pl\/sklep\/#website"},"primaryImageOfPage":{"@id":"https:\/\/meblekuchenne.pl\/sklep\/product\/szafka-dolna-bdc-z-koszem-cargo-szer-15-30-cm-gleboka-kammono\/#primaryimage"},"image":{"@id":"https:\/\/meblekuchenne.pl\/sklep\/product\/szafka-dolna-bdc-z-koszem-cargo-szer-15-30-cm-gleboka-kammono\/#primaryimage"},"thumbnailUrl":"https:\/\/meblekuchenne.pl\/sklep\/wp-content\/uploads\/2025\/02\/dc15-2.webp","datePublished":"2025-02-21T17:37:49+00:00","dateModified":"2026-04-01T11:30:38+00:00","description":"Szafka dolna BDC\u2026 \u2013 z koszem cargo to idealne rozwi\u0105zanie do optymalnego zagospodarowania przestrzeni w kuchni KAM.","breadcrumb":{"@id":"https:\/\/meblekuchenne.pl\/sklep\/product\/szafka-dolna-bdc-z-koszem-cargo-szer-15-30-cm-gleboka-kammono\/#breadcrumb"},"inLanguage":"pl-PL","potentialAction":[{"@type":"ReadAction","target":["https:\/\/meblekuchenne.pl\/sklep\/product\/szafka-dolna-bdc-z-koszem-cargo-szer-15-30-cm-gleboka-kammono\/"]}]},{"@type":"ImageObject","inLanguage":"pl-PL","@id":"https:\/\/meblekuchenne.pl\/sklep\/product\/szafka-dolna-bdc-z-koszem-cargo-szer-15-30-cm-gleboka-kammono\/#primaryimage","url":"https:\/\/meblekuchenne.pl\/sklep\/wp-content\/uploads\/2025\/02\/dc15-2.webp","contentUrl":"https:\/\/meblekuchenne.pl\/sklep\/wp-content\/uploads\/2025\/02\/dc15-2.webp","width":1600,"height":1080},{"@type":"BreadcrumbList","@id":"https:\/\/meblekuchenne.pl\/sklep\/product\/szafka-dolna-bdc-z-koszem-cargo-szer-15-30-cm-gleboka-kammono\/#breadcrumb","itemListElement":[{"@type":"ListItem","position":1,"name":"Strona g\u0142\u00f3wna","item":"https:\/\/meblekuchenne.pl\/sklep\/"},{"@type":"ListItem","position":2,"name":"Sklep","item":"https:\/\/meblekuchenne.pl\/sklep\/sklep\/"},{"@type":"ListItem","position":3,"name":"Szafka dolna BDC\u2026 \u2013 z koszem cargo szer. 15-30 cm \u2013 g\u0142\u0119boka KamMono"}]},{"@type":"WebSite","@id":"https:\/\/meblekuchenne.pl\/sklep\/#website","url":"https:\/\/meblekuchenne.pl\/sklep\/","name":"MebleKuchenne.PL - SKLEP","description":"","publisher":{"@id":"https:\/\/meblekuchenne.pl\/sklep\/#organization"},"potentialAction":[{"@type":"SearchAction","target":{"@type":"EntryPoint","urlTemplate":"https:\/\/meblekuchenne.pl\/sklep\/?s={search_term_string}"},"query-input":{"@type":"PropertyValueSpecification","valueRequired":true,"valueName":"search_term_string"}}],"inLanguage":"pl-PL"},{"@type":"Organization","@id":"https:\/\/meblekuchenne.pl\/sklep\/#organization","name":"MebleKuchenne.PL - SKLEP","url":"https:\/\/meblekuchenne.pl\/sklep\/","logo":{"@type":"ImageObject","inLanguage":"pl-PL","@id":"https:\/\/meblekuchenne.pl\/sklep\/#\/schema\/logo\/image\/","url":"https:\/\/meblekuchenne.pl\/sklep\/wp-content\/uploads\/2025\/06\/cropped-cropped-logo.webp","contentUrl":"https:\/\/meblekuchenne.pl\/sklep\/wp-content\/uploads\/2025\/06\/cropped-cropped-logo.webp","width":735,"height":715,"caption":"MebleKuchenne.PL - SKLEP"},"image":{"@id":"https:\/\/meblekuchenne.pl\/sklep\/#\/schema\/logo\/image\/"}}]},"og_availability":"instock","product_availability":"instock","product_retailer_item_id":"BDC","product_condition":"new"},"_links":{"self":[{"href":"https:\/\/meblekuchenne.pl\/sklep\/wp-json\/wp\/v2\/product\/43704","targetHints":{"allow":["GET"]}}],"collection":[{"href":"https:\/\/meblekuchenne.pl\/sklep\/wp-json\/wp\/v2\/product"}],"about":[{"href":"https:\/\/meblekuchenne.pl\/sklep\/wp-json\/wp\/v2\/types\/product"}],"wp:featuredmedia":[{"embeddable":true,"href":"https:\/\/meblekuchenne.pl\/sklep\/wp-json\/wp\/v2\/media\/59889"}],"wp:attachment":[{"href":"https:\/\/meblekuchenne.pl\/sklep\/wp-json\/wp\/v2\/media?parent=43704"}],"wp:term":[{"taxonomy":"product_brand","embeddable":true,"href":"https:\/\/meblekuchenne.pl\/sklep\/wp-json\/wp\/v2\/product_brand?post=43704"},{"taxonomy":"product_cat","embeddable":true,"href":"https:\/\/meblekuchenne.pl\/sklep\/wp-json\/wp\/v2\/product_cat?post=43704"},{"taxonomy":"product_tag","embeddable":true,"href":"https:\/\/meblekuchenne.pl\/sklep\/wp-json\/wp\/v2\/product_tag?post=43704"}],"curies":[{"name":"wp","href":"https:\/\/api.w.org\/{rel}","templated":true}]}}