{"id":43703,"date":"2025-02-21T18:37:49","date_gmt":"2025-02-21T17:37:49","guid":{"rendered":"https:\/\/meblekuchenne.pl\/sklep\/?post_type=product&#038;p=43703"},"modified":"2026-04-01T13:28:58","modified_gmt":"2026-04-01T11:28:58","slug":"szafka-dolna-bd-41-59-1-spec-na-wymiar-szer-41-59-cm-co-1-cm-gleboka-kammono","status":"publish","type":"product","link":"https:\/\/meblekuchenne.pl\/sklep\/product\/szafka-dolna-bd-41-59-1-spec-na-wymiar-szer-41-59-cm-co-1-cm-gleboka-kammono\/","title":{"rendered":"Szafka dolna BD 41-59.1\/SPEC \u2013 na wymiar szer. 41-59 cm (co 1 cm) \u2013 g\u0142\u0119boka KamMono"},"content":{"rendered":"<h3 class=\"\" data-start=\"0\" data-end=\"76\"><strong data-start=\"4\" data-end=\"74\">Szafka dolna BD 41-59.1\/SPEC na wymiar | KAMMONO<\/strong><\/h3>\n<p>Szafka dolna specjalna \u2013 szer. co 1 cm w zakresie 41-59 cm, wys. 71 cm, g\u0142. 58 cm<\/p>\n<h3 data-start=\"78\" data-end=\"129\"><strong data-start=\"83\" data-end=\"127\">Idealne dopasowanie do Twojej kuchni KAM<\/strong><\/h3>\n<p class=\"\" data-start=\"131\" data-end=\"592\">Szafka dolna <strong data-start=\"144\" data-end=\"163\">BD 41-59.1\/SPEC<\/strong> to wyj\u0105tkowe rozwi\u0105zanie dla tych, kt\u00f3rzy szukaj\u0105 <strong data-start=\"214\" data-end=\"266\">idealnego dopasowania mebli do swojej kuchni KAM<\/strong>. Dzi\u0119ki mo\u017cliwo\u015bci wyboru szeroko\u015bci <strong data-start=\"304\" data-end=\"335\">od 41 cm do 59 cm (co 1 cm)<\/strong>, zapewnia maksymaln\u0105 elastyczno\u015b\u0107 przy projektowaniu zabudowy kuchennej. To doskona\u0142y wyb\u00f3r do trudnych przestrzeni, gdzie standardowe szafki mog\u0105 nie pasowa\u0107. <strong data-start=\"496\" data-end=\"514\">System KAMMONO<\/strong> gwarantuje \u0142atwy monta\u017c i perfekcyjne dopasowanie do pozosta\u0142ych mebli KAM.<\/p>\n<h3 class=\"\" data-start=\"599\" data-end=\"651\"><strong data-start=\"603\" data-end=\"649\">Najwa\u017cniejsze cechy szafki\u00a0<\/strong><\/h3>\n<ul>\n<li data-start=\"653\" data-end=\"1329\"><strong data-start=\"655\" data-end=\"700\">Dost\u0119pno\u015b\u0107 w szeroko\u015bci od 41 cm do 59 cm<\/strong> (z mo\u017cliwo\u015bci\u0105 wyboru co 1 cm) \u2013 idealne dopasowanie do ka\u017cdej kuchni.<\/li>\n<li data-start=\"653\" data-end=\"1329\"><strong data-start=\"776\" data-end=\"790\">G\u0142\u0119boko\u015b\u0107:<\/strong> 51 cm (D) \u2013 optymalne wykorzystanie przestrzeni do przechowywania.<\/li>\n<li data-start=\"653\" data-end=\"1329\"><strong data-start=\"862\" data-end=\"883\">Wysoko\u015b\u0107 korpusu:<\/strong> 71 cm \u2013 standardowa dla systemu KAMMONO.<\/li>\n<li data-start=\"653\" data-end=\"1329\"><strong data-start=\"929\" data-end=\"966\">Mo\u017cliwo\u015b\u0107 wyboru wysoko\u015bci n\u00f3\u017cek:<\/strong> 10 cm lub 15 cm \u2013 dopasowanie do preferencji u\u017cytkownika.<\/li>\n<li data-start=\"653\" data-end=\"1329\"><strong data-start=\"1029\" data-end=\"1047\">System KAMMONO<\/strong> \u2013 szybki monta\u017c i kompatybilno\u015b\u0107 z pozosta\u0142ymi meblami KAM.<\/li>\n<li data-start=\"653\" data-end=\"1329\"><strong data-start=\"1112\" data-end=\"1143\">R\u00f3\u017cnorodne fronty do wyboru<\/strong> \u2013 mo\u017cliwo\u015b\u0107 personalizacji wygl\u0105du szafki zgodnie z aran\u017cacj\u0105 kuchni.<\/li>\n<li data-start=\"653\" data-end=\"1329\"><strong data-start=\"1218\" data-end=\"1254\">Solidna i wytrzyma\u0142a konstrukcja<\/strong> \u2013 wysoka jako\u015b\u0107 materia\u0142\u00f3w odpornych na wilgo\u0107 i intensywne u\u017cytkowanie.<\/li>\n<\/ul>\n<h3 class=\"\" data-start=\"1336\" data-end=\"1405\"><strong data-start=\"1340\" data-end=\"1403\">Dlaczego warto wybra\u0107 szafk\u0119 BD 41-59.1\/SPEC do kuchni KAM?<\/strong><\/h3>\n<ul>\n<li data-start=\"1407\" data-end=\"2160\"><strong data-start=\"1409\" data-end=\"1437\">Indywidualne dopasowanie<\/strong> \u2013 mo\u017cliwo\u015b\u0107 wyboru szeroko\u015bci co 1 cm pozwala na pe\u0142ne wykorzystanie dost\u0119pnej przestrzeni.<\/li>\n<li data-start=\"1407\" data-end=\"2160\"><strong data-start=\"1534\" data-end=\"1555\">Nowoczesny design<\/strong> \u2013 szeroka gama front\u00f3w do wyboru sprawia, \u017ce szafka pasuje zar\u00f3wno do klasycznych, jak i nowoczesnych kuchni KAM.<\/li>\n<li data-start=\"1407\" data-end=\"2160\"><strong data-start=\"1674\" data-end=\"1713\">Kompatybilno\u015b\u0107 z innymi meblami KAM<\/strong> \u2013 system KAMMONO zapewnia sp\u00f3jno\u015b\u0107 stylistyczn\u0105 i \u0142atwo\u015b\u0107 monta\u017cu.<\/li>\n<li data-start=\"1407\" data-end=\"2160\"><strong data-start=\"1785\" data-end=\"1805\">G\u0142\u0119bokie wn\u0119trze<\/strong> \u2013 optymalne wykorzystanie przestrzeni do przechowywania naczy\u0144, garnk\u00f3w czy produkt\u00f3w spo\u017cywczych.<\/li>\n<li data-start=\"1407\" data-end=\"2160\"><strong data-start=\"1909\" data-end=\"1942\">Mo\u017cliwo\u015b\u0107 regulacji wysoko\u015bci<\/strong> \u2013 dzi\u0119ki wyborowi n\u00f3\u017cek 10 cm lub 15 cm, szafka mo\u017ce by\u0107 dopasowana do r\u00f3\u017cnych wysoko\u015bci blat\u00f3w.<\/li>\n<li data-start=\"1407\" data-end=\"2160\"><strong data-start=\"2044\" data-end=\"2071\">Wysoka jako\u015b\u0107 wykonania<\/strong> \u2013 trwa\u0142e materia\u0142y odporne na codzienne u\u017cytkowanie, wilgo\u0107 i uszkodzenia mechaniczne.<\/li>\n<\/ul>\n<h3 class=\"\" data-start=\"2167\" data-end=\"2240\"><strong data-start=\"2171\" data-end=\"2238\">Mebel szyty na miar\u0119 Twojej kuchni KAM<\/strong><\/h3>\n<p class=\"\" data-start=\"2242\" data-end=\"2619\">Je\u015bli szukasz <strong data-start=\"2256\" data-end=\"2304\">idealnie dopasowanej szafki do swojej kuchni<\/strong>,\u00a0 Szafka dolna BD 41-59.1\/SPEC na wymiar\u00a0to doskona\u0142y wyb\u00f3r. Mo\u017cliwo\u015b\u0107 precyzyjnego okre\u015blenia szeroko\u015bci <strong data-start=\"2397\" data-end=\"2408\">co 1 cm<\/strong> sprawia, \u017ce ka\u017cda przestrze\u0144 w Twojej kuchni zostanie maksymalnie wykorzystana. Wyb\u00f3r systemu <strong data-start=\"2503\" data-end=\"2514\">KAMMONO<\/strong> gwarantuje \u0142atwy monta\u017c, a r\u00f3\u017cnorodno\u015b\u0107 dost\u0119pnych front\u00f3w pozwala dostosowa\u0107 mebel do w\u0142asnego stylu.<\/p>\n","protected":false},"excerpt":{"rendered":"<p>Szafka dolna <strong data-start=\"144\" data-end=\"163\">BD 41-59.1\/SPEC<\/strong> to wyj\u0105tkowe rozwi\u0105zanie dla tych, kt\u00f3rzy szukaj\u0105 <strong data-start=\"214\" data-end=\"266\">idealnego dopasowania mebli do swojej kuchni KAM<\/strong>. Dzi\u0119ki mo\u017cliwo\u015bci wyboru szeroko\u015bci <strong data-start=\"304\" data-end=\"335\">od 41 cm do 59 cm (co 1 cm)<\/strong>, zapewnia maksymaln\u0105 elastyczno\u015b\u0107 przy projektowaniu zabudowy kuchennej. To doskona\u0142y wyb\u00f3r do trudnych przestrzeni, gdzie standardowe szafki mog\u0105 nie pasowa\u0107. <strong data-start=\"496\" data-end=\"514\">System KAMMONO<\/strong> gwarantuje \u0142atwy monta\u017c i perfekcyjne dopasowanie do pozosta\u0142ych mebli KAM.<\/p>\n","protected":false},"featured_media":59890,"template":"","meta":[],"product_brand":[710],"product_cat":[773,780,454,468,480],"product_tag":[],"class_list":{"0":"post-43703","1":"product","2":"type-product","3":"status-publish","4":"has-post-thumbnail","6":"product_brand-meble-kam","7":"product_cat-szafki-kuchenne-stojace-ogolne","8":"product_cat-z-polkami-sklep","9":"product_cat-meble-kam-mono","10":"product_cat-szafka-kuchenna-stojaca","11":"product_cat-szafki-dolne-d-glebokosc-51-cm","12":"product_shipping_class-szafka-dolna-kam","13":"pa_front-f10","14":"pa_front-f11","15":"pa_front-f4","16":"pa_front-f6","17":"pa_front-f7","18":"pa_front-f8","19":"pa_front-fg2","20":"pa_front-k2","21":"pa_front-kc2","22":"pa_front-kc4","23":"pa_front-l4-mat","24":"pa_front-l4-polysk","25":"pa_front-m4","26":"pa_front-os_2","27":"pa_front-os_2black","28":"pa_front-p00","29":"pa_front-p2","30":"pa_front-p4","32":"first","33":"instock","34":"shipping-taxable","35":"purchasable","36":"product-type-variable"},"yoast_head":"<!-- This site is optimized with the Yoast SEO Premium plugin v25.0 (Yoast SEO v25.0) - https:\/\/yoast.com\/wordpress\/plugins\/seo\/ -->\n<title>Szafka dolna BD 41-59.1\/SPEC na wymiar<\/title>\n<meta name=\"description\" content=\"Szafka dolna BD 41-59.1\/SPEC na wymiar to wyj\u0105tkowe rozwi\u0105zanie dla tych, kt\u00f3rzy szukaj\u0105 idealnego dopasowania mebli do swojej kuchni KAM.\" \/>\n<meta name=\"robots\" content=\"index, follow, max-snippet:-1, max-image-preview:large, max-video-preview:-1\" \/>\n<link rel=\"canonical\" href=\"https:\/\/meblekuchenne.pl\/sklep\/product\/szafka-dolna-bd-41-59-1-spec-na-wymiar-szer-41-59-cm-co-1-cm-gleboka-kammono\/\" \/>\n<meta property=\"og:locale\" content=\"pl_PL\" \/>\n<meta property=\"og:type\" content=\"article\" \/>\n<meta property=\"og:title\" content=\"Szafka dolna BD 41-59.1\/SPEC \u2013 na wymiar szer. 41-59 cm (co 1 cm) \u2013 g\u0142\u0119boka KamMono\" \/>\n<meta property=\"og:description\" content=\"Szafka dolna BD 41-59.1\/SPEC na wymiar to wyj\u0105tkowe rozwi\u0105zanie dla tych, kt\u00f3rzy szukaj\u0105 idealnego dopasowania mebli do swojej kuchni KAM.\" \/>\n<meta property=\"og:url\" content=\"https:\/\/meblekuchenne.pl\/sklep\/product\/szafka-dolna-bd-41-59-1-spec-na-wymiar-szer-41-59-cm-co-1-cm-gleboka-kammono\/\" \/>\n<meta property=\"og:site_name\" content=\"MebleKuchenne.PL - SKLEP\" \/>\n<meta property=\"article:modified_time\" content=\"2026-04-01T11:28:58+00:00\" \/>\n<meta property=\"og:image\" content=\"https:\/\/meblekuchenne.pl\/sklep\/wp-content\/uploads\/2025\/02\/d1.1-spec-1.webp\" \/>\n\t<meta property=\"og:image:width\" content=\"1600\" \/>\n\t<meta property=\"og:image:height\" content=\"1080\" \/>\n\t<meta property=\"og:image:type\" content=\"image\/webp\" \/>\n<meta name=\"twitter:card\" content=\"summary_large_image\" \/>\n<meta name=\"twitter:label1\" content=\"Dost\u0119pno\u015b\u0107\" \/>\n\t<meta name=\"twitter:data1\" content=\"Dost\u0119pny\" \/>\n<script type=\"application\/ld+json\" class=\"yoast-schema-graph\">{\"@context\":\"https:\/\/schema.org\",\"@graph\":[{\"@type\":\"WebPage\",\"@id\":\"https:\/\/meblekuchenne.pl\/sklep\/product\/szafka-dolna-bd-41-59-1-spec-na-wymiar-szer-41-59-cm-co-1-cm-gleboka-kammono\/\",\"url\":\"https:\/\/meblekuchenne.pl\/sklep\/product\/szafka-dolna-bd-41-59-1-spec-na-wymiar-szer-41-59-cm-co-1-cm-gleboka-kammono\/\",\"name\":\"Szafka dolna BD 41-59.1\/SPEC na wymiar\",\"isPartOf\":{\"@id\":\"https:\/\/meblekuchenne.pl\/sklep\/#website\"},\"primaryImageOfPage\":{\"@id\":\"https:\/\/meblekuchenne.pl\/sklep\/product\/szafka-dolna-bd-41-59-1-spec-na-wymiar-szer-41-59-cm-co-1-cm-gleboka-kammono\/#primaryimage\"},\"image\":{\"@id\":\"https:\/\/meblekuchenne.pl\/sklep\/product\/szafka-dolna-bd-41-59-1-spec-na-wymiar-szer-41-59-cm-co-1-cm-gleboka-kammono\/#primaryimage\"},\"thumbnailUrl\":\"https:\/\/meblekuchenne.pl\/sklep\/wp-content\/uploads\/2025\/02\/d1.1-spec-1.webp\",\"datePublished\":\"2025-02-21T17:37:49+00:00\",\"dateModified\":\"2026-04-01T11:28:58+00:00\",\"description\":\"Szafka dolna BD 41-59.1\/SPEC na wymiar to wyj\u0105tkowe rozwi\u0105zanie dla tych, kt\u00f3rzy szukaj\u0105 idealnego dopasowania mebli do swojej kuchni KAM.\",\"breadcrumb\":{\"@id\":\"https:\/\/meblekuchenne.pl\/sklep\/product\/szafka-dolna-bd-41-59-1-spec-na-wymiar-szer-41-59-cm-co-1-cm-gleboka-kammono\/#breadcrumb\"},\"inLanguage\":\"pl-PL\",\"potentialAction\":[{\"@type\":\"ReadAction\",\"target\":[\"https:\/\/meblekuchenne.pl\/sklep\/product\/szafka-dolna-bd-41-59-1-spec-na-wymiar-szer-41-59-cm-co-1-cm-gleboka-kammono\/\"]}]},{\"@type\":\"ImageObject\",\"inLanguage\":\"pl-PL\",\"@id\":\"https:\/\/meblekuchenne.pl\/sklep\/product\/szafka-dolna-bd-41-59-1-spec-na-wymiar-szer-41-59-cm-co-1-cm-gleboka-kammono\/#primaryimage\",\"url\":\"https:\/\/meblekuchenne.pl\/sklep\/wp-content\/uploads\/2025\/02\/d1.1-spec-1.webp\",\"contentUrl\":\"https:\/\/meblekuchenne.pl\/sklep\/wp-content\/uploads\/2025\/02\/d1.1-spec-1.webp\",\"width\":1600,\"height\":1080},{\"@type\":\"BreadcrumbList\",\"@id\":\"https:\/\/meblekuchenne.pl\/sklep\/product\/szafka-dolna-bd-41-59-1-spec-na-wymiar-szer-41-59-cm-co-1-cm-gleboka-kammono\/#breadcrumb\",\"itemListElement\":[{\"@type\":\"ListItem\",\"position\":1,\"name\":\"Strona g\u0142\u00f3wna\",\"item\":\"https:\/\/meblekuchenne.pl\/sklep\/\"},{\"@type\":\"ListItem\",\"position\":2,\"name\":\"Sklep\",\"item\":\"https:\/\/meblekuchenne.pl\/sklep\/sklep\/\"},{\"@type\":\"ListItem\",\"position\":3,\"name\":\"Szafka dolna BD 41-59.1\/SPEC \u2013 na wymiar szer. 41-59 cm (co 1 cm) \u2013 g\u0142\u0119boka KamMono\"}]},{\"@type\":\"WebSite\",\"@id\":\"https:\/\/meblekuchenne.pl\/sklep\/#website\",\"url\":\"https:\/\/meblekuchenne.pl\/sklep\/\",\"name\":\"MebleKuchenne.PL - SKLEP\",\"description\":\"\",\"publisher\":{\"@id\":\"https:\/\/meblekuchenne.pl\/sklep\/#organization\"},\"potentialAction\":[{\"@type\":\"SearchAction\",\"target\":{\"@type\":\"EntryPoint\",\"urlTemplate\":\"https:\/\/meblekuchenne.pl\/sklep\/?s={search_term_string}\"},\"query-input\":{\"@type\":\"PropertyValueSpecification\",\"valueRequired\":true,\"valueName\":\"search_term_string\"}}],\"inLanguage\":\"pl-PL\"},{\"@type\":\"Organization\",\"@id\":\"https:\/\/meblekuchenne.pl\/sklep\/#organization\",\"name\":\"MebleKuchenne.PL - SKLEP\",\"url\":\"https:\/\/meblekuchenne.pl\/sklep\/\",\"logo\":{\"@type\":\"ImageObject\",\"inLanguage\":\"pl-PL\",\"@id\":\"https:\/\/meblekuchenne.pl\/sklep\/#\/schema\/logo\/image\/\",\"url\":\"https:\/\/meblekuchenne.pl\/sklep\/wp-content\/uploads\/2025\/06\/cropped-cropped-logo.webp\",\"contentUrl\":\"https:\/\/meblekuchenne.pl\/sklep\/wp-content\/uploads\/2025\/06\/cropped-cropped-logo.webp\",\"width\":735,\"height\":715,\"caption\":\"MebleKuchenne.PL - SKLEP\"},\"image\":{\"@id\":\"https:\/\/meblekuchenne.pl\/sklep\/#\/schema\/logo\/image\/\"}}]}<\/script>\n<meta property=\"og:availability\" content=\"instock\" \/>\n<meta property=\"product:availability\" content=\"instock\" \/>\n<meta property=\"product:retailer_item_id\" content=\"D41-59.1\/SPEC\" \/>\n<meta property=\"product:condition\" content=\"new\" \/>\n<!-- \/ Yoast SEO Premium plugin. -->","yoast_head_json":{"title":"Szafka dolna BD 41-59.1\/SPEC na wymiar","description":"Szafka dolna BD 41-59.1\/SPEC na wymiar to wyj\u0105tkowe rozwi\u0105zanie dla tych, kt\u00f3rzy szukaj\u0105 idealnego dopasowania mebli do swojej kuchni KAM.","robots":{"index":"index","follow":"follow","max-snippet":"max-snippet:-1","max-image-preview":"max-image-preview:large","max-video-preview":"max-video-preview:-1"},"canonical":"https:\/\/meblekuchenne.pl\/sklep\/product\/szafka-dolna-bd-41-59-1-spec-na-wymiar-szer-41-59-cm-co-1-cm-gleboka-kammono\/","og_locale":"pl_PL","og_type":"article","og_title":"Szafka dolna BD 41-59.1\/SPEC \u2013 na wymiar szer. 41-59 cm (co 1 cm) \u2013 g\u0142\u0119boka KamMono","og_description":"Szafka dolna BD 41-59.1\/SPEC na wymiar to wyj\u0105tkowe rozwi\u0105zanie dla tych, kt\u00f3rzy szukaj\u0105 idealnego dopasowania mebli do swojej kuchni KAM.","og_url":"https:\/\/meblekuchenne.pl\/sklep\/product\/szafka-dolna-bd-41-59-1-spec-na-wymiar-szer-41-59-cm-co-1-cm-gleboka-kammono\/","og_site_name":"MebleKuchenne.PL - SKLEP","article_modified_time":"2026-04-01T11:28:58+00:00","og_image":[{"width":1600,"height":1080,"url":"https:\/\/meblekuchenne.pl\/sklep\/wp-content\/uploads\/2025\/02\/d1.1-spec-1.webp","type":"image\/webp"}],"twitter_card":"summary_large_image","twitter_misc":{"Dost\u0119pno\u015b\u0107":"Dost\u0119pny"},"schema":{"@context":"https:\/\/schema.org","@graph":[{"@type":"WebPage","@id":"https:\/\/meblekuchenne.pl\/sklep\/product\/szafka-dolna-bd-41-59-1-spec-na-wymiar-szer-41-59-cm-co-1-cm-gleboka-kammono\/","url":"https:\/\/meblekuchenne.pl\/sklep\/product\/szafka-dolna-bd-41-59-1-spec-na-wymiar-szer-41-59-cm-co-1-cm-gleboka-kammono\/","name":"Szafka dolna BD 41-59.1\/SPEC na wymiar","isPartOf":{"@id":"https:\/\/meblekuchenne.pl\/sklep\/#website"},"primaryImageOfPage":{"@id":"https:\/\/meblekuchenne.pl\/sklep\/product\/szafka-dolna-bd-41-59-1-spec-na-wymiar-szer-41-59-cm-co-1-cm-gleboka-kammono\/#primaryimage"},"image":{"@id":"https:\/\/meblekuchenne.pl\/sklep\/product\/szafka-dolna-bd-41-59-1-spec-na-wymiar-szer-41-59-cm-co-1-cm-gleboka-kammono\/#primaryimage"},"thumbnailUrl":"https:\/\/meblekuchenne.pl\/sklep\/wp-content\/uploads\/2025\/02\/d1.1-spec-1.webp","datePublished":"2025-02-21T17:37:49+00:00","dateModified":"2026-04-01T11:28:58+00:00","description":"Szafka dolna BD 41-59.1\/SPEC na wymiar to wyj\u0105tkowe rozwi\u0105zanie dla tych, kt\u00f3rzy szukaj\u0105 idealnego dopasowania mebli do swojej kuchni KAM.","breadcrumb":{"@id":"https:\/\/meblekuchenne.pl\/sklep\/product\/szafka-dolna-bd-41-59-1-spec-na-wymiar-szer-41-59-cm-co-1-cm-gleboka-kammono\/#breadcrumb"},"inLanguage":"pl-PL","potentialAction":[{"@type":"ReadAction","target":["https:\/\/meblekuchenne.pl\/sklep\/product\/szafka-dolna-bd-41-59-1-spec-na-wymiar-szer-41-59-cm-co-1-cm-gleboka-kammono\/"]}]},{"@type":"ImageObject","inLanguage":"pl-PL","@id":"https:\/\/meblekuchenne.pl\/sklep\/product\/szafka-dolna-bd-41-59-1-spec-na-wymiar-szer-41-59-cm-co-1-cm-gleboka-kammono\/#primaryimage","url":"https:\/\/meblekuchenne.pl\/sklep\/wp-content\/uploads\/2025\/02\/d1.1-spec-1.webp","contentUrl":"https:\/\/meblekuchenne.pl\/sklep\/wp-content\/uploads\/2025\/02\/d1.1-spec-1.webp","width":1600,"height":1080},{"@type":"BreadcrumbList","@id":"https:\/\/meblekuchenne.pl\/sklep\/product\/szafka-dolna-bd-41-59-1-spec-na-wymiar-szer-41-59-cm-co-1-cm-gleboka-kammono\/#breadcrumb","itemListElement":[{"@type":"ListItem","position":1,"name":"Strona g\u0142\u00f3wna","item":"https:\/\/meblekuchenne.pl\/sklep\/"},{"@type":"ListItem","position":2,"name":"Sklep","item":"https:\/\/meblekuchenne.pl\/sklep\/sklep\/"},{"@type":"ListItem","position":3,"name":"Szafka dolna BD 41-59.1\/SPEC \u2013 na wymiar szer. 41-59 cm (co 1 cm) \u2013 g\u0142\u0119boka KamMono"}]},{"@type":"WebSite","@id":"https:\/\/meblekuchenne.pl\/sklep\/#website","url":"https:\/\/meblekuchenne.pl\/sklep\/","name":"MebleKuchenne.PL - SKLEP","description":"","publisher":{"@id":"https:\/\/meblekuchenne.pl\/sklep\/#organization"},"potentialAction":[{"@type":"SearchAction","target":{"@type":"EntryPoint","urlTemplate":"https:\/\/meblekuchenne.pl\/sklep\/?s={search_term_string}"},"query-input":{"@type":"PropertyValueSpecification","valueRequired":true,"valueName":"search_term_string"}}],"inLanguage":"pl-PL"},{"@type":"Organization","@id":"https:\/\/meblekuchenne.pl\/sklep\/#organization","name":"MebleKuchenne.PL - SKLEP","url":"https:\/\/meblekuchenne.pl\/sklep\/","logo":{"@type":"ImageObject","inLanguage":"pl-PL","@id":"https:\/\/meblekuchenne.pl\/sklep\/#\/schema\/logo\/image\/","url":"https:\/\/meblekuchenne.pl\/sklep\/wp-content\/uploads\/2025\/06\/cropped-cropped-logo.webp","contentUrl":"https:\/\/meblekuchenne.pl\/sklep\/wp-content\/uploads\/2025\/06\/cropped-cropped-logo.webp","width":735,"height":715,"caption":"MebleKuchenne.PL - SKLEP"},"image":{"@id":"https:\/\/meblekuchenne.pl\/sklep\/#\/schema\/logo\/image\/"}}]},"og_availability":"instock","product_availability":"instock","product_retailer_item_id":"D41-59.1\/SPEC","product_condition":"new"},"_links":{"self":[{"href":"https:\/\/meblekuchenne.pl\/sklep\/wp-json\/wp\/v2\/product\/43703","targetHints":{"allow":["GET"]}}],"collection":[{"href":"https:\/\/meblekuchenne.pl\/sklep\/wp-json\/wp\/v2\/product"}],"about":[{"href":"https:\/\/meblekuchenne.pl\/sklep\/wp-json\/wp\/v2\/types\/product"}],"wp:featuredmedia":[{"embeddable":true,"href":"https:\/\/meblekuchenne.pl\/sklep\/wp-json\/wp\/v2\/media\/59890"}],"wp:attachment":[{"href":"https:\/\/meblekuchenne.pl\/sklep\/wp-json\/wp\/v2\/media?parent=43703"}],"wp:term":[{"taxonomy":"product_brand","embeddable":true,"href":"https:\/\/meblekuchenne.pl\/sklep\/wp-json\/wp\/v2\/product_brand?post=43703"},{"taxonomy":"product_cat","embeddable":true,"href":"https:\/\/meblekuchenne.pl\/sklep\/wp-json\/wp\/v2\/product_cat?post=43703"},{"taxonomy":"product_tag","embeddable":true,"href":"https:\/\/meblekuchenne.pl\/sklep\/wp-json\/wp\/v2\/product_tag?post=43703"}],"curies":[{"name":"wp","href":"https:\/\/api.w.org\/{rel}","templated":true}]}}